{"id":56524,"date":"2024-10-17T17:06:15","date_gmt":"2024-10-17T14:06:15","guid":{"rendered":"https:\/\/www.waterskis.lv\/product\/piepusams-veikserfs-jobe-raddix\/"},"modified":"2026-02-01T15:21:44","modified_gmt":"2026-02-01T13:21:44","slug":"jobe-raddix-inflatable-wakesurfer","status":"publish","type":"product","link":"https:\/\/www.waterskis.lv\/en\/product\/jobe-raddix-inflatable-wakesurfer\/","title":{"rendered":"Jobe Raddix Inflatable Wakesurfer"},"content":{"rendered":"<h1 class=\"productTitle s-hide\">Jobe Raddix Inflatable Wakesurfer<\/h1>\n<p class=\"productTitle s-hide\">Jobe Raddix Inflatable Wakesurfer<\/p>\n<div id=\"productinfo\" class=\"col-12 relative\">\n<h2 class=\"title-3 fs25 mt20 mb20 boldTitleFont grey uppercase np\">Specifications<\/h2>\n<h2 class=\"title-3 fs24 mt20 boldTitleFont grey normal np\">Jobe Raddix Wakesurfer<\/h2>\n<div class=\"col-12 paragraph\">The Raddix Inflatable Wakesurfer is our latest innovation! Instead of making a hardshell wake surfer, we chose to make one that is inflatable. This makes it a user-friendly waksurfer which can be used in multiple ways and has a lot of buoyancy, perfect for a fun day out with the family. So if you want to stand up and surf or have the kids sit on there like a kneeboard, this board is perfect for you and it doesn&#8217;t even take up much room once deflated! Best thing of all: you can have this board, ready to go within a minute!<\/div>\n<div class=\"col-12 paragraph mt20\">\n<ul class=\"autoColumn checkListSmall blackCheck\">\n<li>3-year warranty<\/li>\n<li>Lightweight X-drop stitching construction<\/li>\n<li>Halkey Roberts Valve<\/li>\n<li>Heat bonded technology: better layer quality and lightest construction in the market<\/li>\n<li>Inflatable Wakesurfer: Easy to store on board, inflate and ride<\/li>\n<li>Non-slip diamond grooved full board deck pad<\/li>\n<li>Package contains: Board and pump<\/li>\n<\/ul>\n<\/div>\n<div id=\"js-flowbox-flow\" class=\"flbx-webp\" lang=\"en-GB\">\n<div class=\"bzfy-o-context\" role=\"article\" aria-label=\"Below is a carousel with posts from accounts on various social media platforms\">\n<div class=\"bzfy-t-feed-carousel\" data-testid=\"carousel\">\n<div class=\"bzfy-feed bzfy-feed--has-banner-top\">\n<div class=\"bzfy-feed-banner\">\n<div>\n<p id=\"banner-h1\" class=\"bzfy-feed-banner__tagline\">SHARE YOUR AWESOME WATERSPORTS MOMENTS WITH #JOBEMOMENTS<\/p>\n<\/div>\n<\/div>\n<div class=\"bzfy-o-container\">\n<div class=\"bzfy-c-carousel-slider-wrapper\" aria-live=\"off\">\n<div class=\"bzfy-c-carousel-slider-wrapper__inner\">\n<div class=\"slick-slider slick-initialized\">\n<div class=\"slick-list\">\n<div class=\"slick-track\">\n<div class=\"slick-slide slick-active\" tabindex=\"-1\" data-index=\"0\" aria-hidden=\"false\">\n<div>\n<div id=\"post-0\" class=\"bzfy-c-carousel-slide-wrap bzfy-c-carousel-slide-wrap--clickable\" tabindex=\"-1\" aria-label=\"1\/3\">\n<div>\n<div class=\"bzfy-c-carousel-post bzfy-c-carousel-post--minimalistic\" tabindex=\"0\" title=\"Open the dialog\" role=\"link\" data-post-key=\"9c99df9a-649c-48dd-8d37-f9543243653b\">\n<div class=\"bzfy-o-image-container\">\n<div class=\"bzfy-o-image-container__clip\"><img decoding=\"async\" class=\"bzfy-o-image\" src=\"https:\/\/d2rfa446ja7yzb.cloudfront.net\/eyJidWNrZXQiOiJtaXJyb3IuZ2V0Zmxvd2JveC5jb20uZXUtd2VzdC0xLmxpdmUiLCJrZXkiOiJhSFIwY0hNNkx5OTNkM2N1YVc1emRHRm5jbUZ0TG1OdmJTOXdMME5mVm1GRk1ubExOVVZoTHc9PS8wIiwiZWRpdHMiOnsidG9Gb3JtYXQiOiJ3ZWJwIiwicmVzaXplIjp7IndpZHRoIjo2NDB9fX0=\" sizes=\"668.3333333333333px\" srcset=\"https:\/\/d2rfa446ja7yzb.cloudfront.net\/eyJidWNrZXQiOiJtaXJyb3IuZ2V0Zmxvd2JveC5jb20uZXUtd2VzdC0xLmxpdmUiLCJrZXkiOiJhSFIwY0hNNkx5OTNkM2N1YVc1emRHRm5jbUZ0TG1OdmJTOXdMME5mVm1GRk1ubExOVVZoTHc9PS8wIiwiZWRpdHMiOnsidG9Gb3JtYXQiOiJ3ZWJwIiwicmVzaXplIjp7IndpZHRoIjoyNDB9fX0= 240w,https:\/\/d2rfa446ja7yzb.cloudfront.net\/eyJidWNrZXQiOiJtaXJyb3IuZ2V0Zmxvd2JveC5jb20uZXUtd2VzdC0xLmxpdmUiLCJrZXkiOiJhSFIwY0hNNkx5OTNkM2N1YVc1emRHRm5jbUZ0TG1OdmJTOXdMME5mVm1GRk1ubExOVVZoTHc9PS8wIiwiZWRpdHMiOnsidG9Gb3JtYXQiOiJ3ZWJwIiwicmVzaXplIjp7IndpZHRoIjozMjB9fX0= 320w,https:\/\/d2rfa446ja7yzb.cloudfront.net\/eyJidWNrZXQiOiJtaXJyb3IuZ2V0Zmxvd2JveC5jb20uZXUtd2VzdC0xLmxpdmUiLCJrZXkiOiJhSFIwY0hNNkx5OTNkM2N1YVc1emRHRm5jbUZ0TG1OdmJTOXdMME5mVm1GRk1ubExOVVZoTHc9PS8wIiwiZWRpdHMiOnsidG9Gb3JtYXQiOiJ3ZWJwIiwicmVzaXplIjp7IndpZHRoIjo0ODB9fX0= 480w,https:\/\/d2rfa446ja7yzb.cloudfront.net\/eyJidWNrZXQiOiJtaXJyb3IuZ2V0Zmxvd2JveC5jb20uZXUtd2VzdC0xLmxpdmUiLCJrZXkiOiJhSFIwY0hNNkx5OTNkM2N1YVc1emRHRm5jbUZ0TG1OdmJTOXdMME5mVm1GRk1ubExOVVZoTHc9PS8wIiwiZWRpdHMiOnsidG9Gb3JtYXQiOiJ3ZWJwIiwicmVzaXplIjp7IndpZHRoIjo2NDB9fX0= 640w\" alt=\"Photo by jobewatersports published at 31 August 2024. When the wake is calling, we ride \ud83c\udf0a #JOBEMOMENTS #Jobe\" \/><\/div>\n<\/div>\n<\/div>\n<\/div>\n<\/div>\n<\/div>\n<\/div>\n<div class=\"slick-slide slick-active slick-current\" tabindex=\"-1\" data-index=\"1\" aria-hidden=\"false\">\n<div>\n<div id=\"post-1\" class=\"bzfy-c-carousel-slide-wrap bzfy-c-carousel-slide-wrap--clickable\" tabindex=\"-1\" aria-label=\"2\/3\">\n<div>\n<div class=\"bzfy-c-carousel-post bzfy-c-carousel-post--minimalistic\" tabindex=\"0\" title=\"Open the dialog\" role=\"link\" data-post-key=\"9e5oD9klTROywYujDsl15A\">\n<div class=\"bzfy-o-image-container\">\n<div class=\"bzfy-o-image-container__clip\"><img decoding=\"async\" class=\"bzfy-o-image\" src=\"https:\/\/d2rfa446ja7yzb.cloudfront.net\/eyJidWNrZXQiOiJtaXJyb3IuZ2V0Zmxvd2JveC5jb20uZXUtd2VzdC0xLmxpdmUiLCJrZXkiOiJhSFIwY0hNNkx5OTNkM2N1YVc1emRHRm5jbUZ0TG1OdmJTOXdMME40TWpZdGFqUkphQzB0THc9PS8wIiwiZWRpdHMiOnsidG9Gb3JtYXQiOiJ3ZWJwIiwicmVzaXplIjp7IndpZHRoIjo2NDB9fX0=\" sizes=\"668.3333333333333px\" srcset=\"https:\/\/d2rfa446ja7yzb.cloudfront.net\/eyJidWNrZXQiOiJtaXJyb3IuZ2V0Zmxvd2JveC5jb20uZXUtd2VzdC0xLmxpdmUiLCJrZXkiOiJhSFIwY0hNNkx5OTNkM2N1YVc1emRHRm5jbUZ0TG1OdmJTOXdMME40TWpZdGFqUkphQzB0THc9PS8wIiwiZWRpdHMiOnsidG9Gb3JtYXQiOiJ3ZWJwIiwicmVzaXplIjp7IndpZHRoIjoyNDB9fX0= 240w,https:\/\/d2rfa446ja7yzb.cloudfront.net\/eyJidWNrZXQiOiJtaXJyb3IuZ2V0Zmxvd2JveC5jb20uZXUtd2VzdC0xLmxpdmUiLCJrZXkiOiJhSFIwY0hNNkx5OTNkM2N1YVc1emRHRm5jbUZ0TG1OdmJTOXdMME40TWpZdGFqUkphQzB0THc9PS8wIiwiZWRpdHMiOnsidG9Gb3JtYXQiOiJ3ZWJwIiwicmVzaXplIjp7IndpZHRoIjozMjB9fX0= 320w,https:\/\/d2rfa446ja7yzb.cloudfront.net\/eyJidWNrZXQiOiJtaXJyb3IuZ2V0Zmxvd2JveC5jb20uZXUtd2VzdC0xLmxpdmUiLCJrZXkiOiJhSFIwY0hNNkx5OTNkM2N1YVc1emRHRm5jbUZ0TG1OdmJTOXdMME40TWpZdGFqUkphQzB0THc9PS8wIiwiZWRpdHMiOnsidG9Gb3JtYXQiOiJ3ZWJwIiwicmVzaXplIjp7IndpZHRoIjo0ODB9fX0= 480w,https:\/\/d2rfa446ja7yzb.cloudfront.net\/eyJidWNrZXQiOiJtaXJyb3IuZ2V0Zmxvd2JveC5jb20uZXUtd2VzdC0xLmxpdmUiLCJrZXkiOiJhSFIwY0hNNkx5OTNkM2N1YVc1emRHRm5jbUZ0TG1OdmJTOXdMME40TWpZdGFqUkphQzB0THc9PS8wIiwiZWRpdHMiOnsidG9Gb3JtYXQiOiJ3ZWJwIiwicmVzaXplIjp7IndpZHRoIjo2NDB9fX0= 640w\" alt=\"Photo by mattevansfilm published at 1 October 2023\" \/><\/div>\n<div class=\"post-type-indicator\"><\/div>\n<\/div>\n<\/div>\n<\/div>\n<\/div>\n<\/div>\n<\/div>\n<div class=\"slick-slide slick-active\" tabindex=\"-1\" data-index=\"2\" aria-hidden=\"false\">\n<div>\n<div id=\"post-2\" class=\"bzfy-c-carousel-slide-wrap bzfy-c-carousel-slide-wrap--clickable\" tabindex=\"-1\" aria-label=\"3\/3\">\n<div>\n<div class=\"bzfy-c-carousel-post bzfy-c-carousel-post--minimalistic\" tabindex=\"0\" title=\"Open the dialog\" role=\"link\" data-post-key=\"f9df08a3-9139-4c8d-a2ff-3b13fee667d8\">\n<div class=\"bzfy-o-image-container\">\n<div class=\"bzfy-o-image-container__clip\"><img decoding=\"async\" class=\"bzfy-o-image\" src=\"https:\/\/d2rfa446ja7yzb.cloudfront.net\/eyJidWNrZXQiOiJtaXJyb3IuZ2V0Zmxvd2JveC5jb20uZXUtd2VzdC0xLmxpdmUiLCJrZXkiOiJhSFIwY0hNNkx5OTNkM2N1YVc1emRHRm5jbUZ0TG1OdmJTOXdMME10VVZOQk5YaExabVI1THc9PS8wIiwiZWRpdHMiOnsidG9Gb3JtYXQiOiJ3ZWJwIiwicmVzaXplIjp7IndpZHRoIjo2NDB9fX0=\" sizes=\"668.3333333333333px\" srcset=\"https:\/\/d2rfa446ja7yzb.cloudfront.net\/eyJidWNrZXQiOiJtaXJyb3IuZ2V0Zmxvd2JveC5jb20uZXUtd2VzdC0xLmxpdmUiLCJrZXkiOiJhSFIwY0hNNkx5OTNkM2N1YVc1emRHRm5jbUZ0TG1OdmJTOXdMME10VVZOQk5YaExabVI1THc9PS8wIiwiZWRpdHMiOnsidG9Gb3JtYXQiOiJ3ZWJwIiwicmVzaXplIjp7IndpZHRoIjoyNDB9fX0= 240w,https:\/\/d2rfa446ja7yzb.cloudfront.net\/eyJidWNrZXQiOiJtaXJyb3IuZ2V0Zmxvd2JveC5jb20uZXUtd2VzdC0xLmxpdmUiLCJrZXkiOiJhSFIwY0hNNkx5OTNkM2N1YVc1emRHRm5jbUZ0TG1OdmJTOXdMME10VVZOQk5YaExabVI1THc9PS8wIiwiZWRpdHMiOnsidG9Gb3JtYXQiOiJ3ZWJwIiwicmVzaXplIjp7IndpZHRoIjozMjB9fX0= 320w,https:\/\/d2rfa446ja7yzb.cloudfront.net\/eyJidWNrZXQiOiJtaXJyb3IuZ2V0Zmxvd2JveC5jb20uZXUtd2VzdC0xLmxpdmUiLCJrZXkiOiJhSFIwY0hNNkx5OTNkM2N1YVc1emRHRm5jbUZ0TG1OdmJTOXdMME10VVZOQk5YaExabVI1THc9PS8wIiwiZWRpdHMiOnsidG9Gb3JtYXQiOiJ3ZWJwIiwicmVzaXplIjp7IndpZHRoIjo0ODB9fX0= 480w,https:\/\/d2rfa446ja7yzb.cloudfront.net\/eyJidWNrZXQiOiJtaXJyb3IuZ2V0Zmxvd2JveC5jb20uZXUtd2VzdC0xLmxpdmUiLCJrZXkiOiJhSFIwY0hNNkx5OTNkM2N1YVc1emRHRm5jbUZ0TG1OdmJTOXdMME10VVZOQk5YaExabVI1THc9PS8wIiwiZWRpdHMiOnsidG9Gb3JtYXQiOiJ3ZWJwIiwicmVzaXplIjp7IndpZHRoIjo2NDB9fX0= 640w\" alt=\"Photo by jobewatersports published at 4 August 2024. Having some fun on the waves! \ud83c\udfc4\" \/><\/div>\n<\/div>\n<\/div>\n<\/div>\n<\/div>\n<\/div>\n<\/div>\n<\/div>\n<\/div>\n<\/div>\n<\/div>\n<\/div>\n<\/div>\n<\/div>\n<\/div>\n<\/div>\n<\/div>\n<\/div>\n<div id=\"lifestyle-media\" class=\"col-12 p100-0 relative\"><\/div>\n","protected":false},"excerpt":{"rendered":"<p>Jobe Raddix Inflatable Wakesurfer Jobe Raddix Inflatable Wakesurfer Specifications Jobe Raddix Wakesurfer The Raddix Inflatable Wakesurfer is our latest innovation! Instead of making a hardshell wake surfer, we chose to make one that is inflatable. This makes it a user-friendly waksurfer which can be used in multiple ways and has a lot of buoyancy, perfect [&#8230;]<\/p>\n<p><a class=\"btn btn-secondary understrap-read-more-link\" href=\"https:\/\/www.waterskis.lv\/en\/product\/jobe-raddix-inflatable-wakesurfer\/\">Read More&#8230;<\/a><\/p>\n","protected":false},"featured_media":56522,"comment_status":"closed","ping_status":"closed","template":"","meta":{"_acf_changed":false,"inline_featured_image":false},"product_brand":[1330],"product_cat":[700,1107,502,961,962],"product_tag":[3172,1333,1462,1334,3173,3174,1335,3131,3175,3140,3176,1463,3056,3141],"class_list":{"0":"post-56524","1":"product","2":"type-product","3":"status-publish","4":"has-post-thumbnail","6":"product_brand-jobe-watersports","7":"product_cat-inflatable-sup-boards","8":"product_cat-jobe-inflatable-paddle-boards","9":"product_cat-stand-up-paddle-boards","10":"product_cat-wakesurf","11":"product_cat-wakesurfers","12":"product_tag-aufblasbares-sup","13":"product_tag-jobe","14":"product_tag-jobe-veikserfs","15":"product_tag-paddle-boards","16":"product_tag-stand-up-paddleboard","17":"product_tag-stand-up-paddling","18":"product_tag-sup","19":"product_tag-sup-boards","20":"product_tag-sup-surfer","21":"product_tag-sup-","22":"product_tag-supkayak","23":"product_tag-veikserfa-delis","24":"product_tag-wakesurf","25":"product_tag-3141","27":"first","28":"instock","29":"shipping-taxable","30":"purchasable","31":"product-type-simple"},"acf":[],"yoast_head":"<!-- This site is optimized with the Yoast SEO plugin v27.5 - https:\/\/yoast.com\/product\/yoast-seo-wordpress\/ -->\n<title>Jobe Raddix Inflatable Wakesurfer - WATERSKIS.LV<\/title>\n<meta name=\"description\" content=\"Jobe Raddix Inflatable Wakesurfer is our latest innovation! Instead of making a hardshell wake surfer, we chose to make one that is inflatable\" \/>\n<meta name=\"robots\" content=\"index, follow, max-snippet:-1, max-image-preview:large, max-video-preview:-1\" \/>\n<link rel=\"canonical\" href=\"https:\/\/www.waterskis.lv\/en\/product\/jobe-raddix-inflatable-wakesurfer\/\" \/>\n<meta property=\"og:locale\" content=\"en_US\" \/>\n<meta property=\"og:type\" content=\"article\" \/>\n<meta property=\"og:title\" content=\"Jobe Raddix Inflatable Wakesurfer - WATERSKIS.LV\" \/>\n<meta property=\"og:description\" content=\"Jobe Raddix Inflatable Wakesurfer is our latest innovation! Instead of making a hardshell wake surfer, we chose to make one that is inflatable\" \/>\n<meta property=\"og:url\" content=\"https:\/\/www.waterskis.lv\/en\/product\/jobe-raddix-inflatable-wakesurfer\/\" \/>\n<meta property=\"og:site_name\" content=\"WATERSKIS.LV\" \/>\n<meta property=\"article:publisher\" content=\"https:\/\/www.facebook.com\/jurmalawaterskiwakeboardpark\/\" \/>\n<meta property=\"article:modified_time\" content=\"2026-02-01T13:21:44+00:00\" \/>\n<meta property=\"og:image\" content=\"https:\/\/www.waterskis.lv\/wp-content\/uploads\/2024\/10\/582523003-zoom.jpg\" \/>\n\t<meta property=\"og:image:width\" content=\"1500\" \/>\n\t<meta property=\"og:image:height\" content=\"1500\" \/>\n\t<meta property=\"og:image:type\" content=\"image\/jpeg\" \/>\n<meta name=\"twitter:card\" content=\"summary_large_image\" \/>\n<meta name=\"twitter:label1\" content=\"Est. reading time\" \/>\n\t<meta name=\"twitter:data1\" content=\"2 minutes\" \/>\n<script type=\"application\/ld+json\" class=\"yoast-schema-graph\">{\"@context\":\"https:\\\/\\\/schema.org\",\"@graph\":[{\"@type\":\"WebPage\",\"@id\":\"https:\\\/\\\/www.waterskis.lv\\\/en\\\/product\\\/jobe-raddix-inflatable-wakesurfer\\\/\",\"url\":\"https:\\\/\\\/www.waterskis.lv\\\/en\\\/product\\\/jobe-raddix-inflatable-wakesurfer\\\/\",\"name\":\"Jobe Raddix Inflatable Wakesurfer - WATERSKIS.LV\",\"isPartOf\":{\"@id\":\"https:\\\/\\\/www.waterskis.lv\\\/en\\\/#website\"},\"primaryImageOfPage\":{\"@id\":\"https:\\\/\\\/www.waterskis.lv\\\/en\\\/product\\\/jobe-raddix-inflatable-wakesurfer\\\/#primaryimage\"},\"image\":{\"@id\":\"https:\\\/\\\/www.waterskis.lv\\\/en\\\/product\\\/jobe-raddix-inflatable-wakesurfer\\\/#primaryimage\"},\"thumbnailUrl\":\"https:\\\/\\\/www.waterskis.lv\\\/wp-content\\\/uploads\\\/2024\\\/10\\\/582523003-zoom.jpg\",\"datePublished\":\"2024-10-17T14:06:15+00:00\",\"dateModified\":\"2026-02-01T13:21:44+00:00\",\"description\":\"Jobe Raddix Inflatable Wakesurfer is our latest innovation! Instead of making a hardshell wake surfer, we chose to make one that is inflatable\",\"breadcrumb\":{\"@id\":\"https:\\\/\\\/www.waterskis.lv\\\/en\\\/product\\\/jobe-raddix-inflatable-wakesurfer\\\/#breadcrumb\"},\"inLanguage\":\"en-US\",\"potentialAction\":[{\"@type\":\"ReadAction\",\"target\":[\"https:\\\/\\\/www.waterskis.lv\\\/en\\\/product\\\/jobe-raddix-inflatable-wakesurfer\\\/\"]}]},{\"@type\":\"ImageObject\",\"inLanguage\":\"en-US\",\"@id\":\"https:\\\/\\\/www.waterskis.lv\\\/en\\\/product\\\/jobe-raddix-inflatable-wakesurfer\\\/#primaryimage\",\"url\":\"https:\\\/\\\/www.waterskis.lv\\\/wp-content\\\/uploads\\\/2024\\\/10\\\/582523003-zoom.jpg\",\"contentUrl\":\"https:\\\/\\\/www.waterskis.lv\\\/wp-content\\\/uploads\\\/2024\\\/10\\\/582523003-zoom.jpg\",\"width\":1500,\"height\":1500,\"caption\":\"Piep\u016b\u0161ams veiks\u0113rfs Jobe Raddix\"},{\"@type\":\"BreadcrumbList\",\"@id\":\"https:\\\/\\\/www.waterskis.lv\\\/en\\\/product\\\/jobe-raddix-inflatable-wakesurfer\\\/#breadcrumb\",\"itemListElement\":[{\"@type\":\"ListItem\",\"position\":1,\"name\":\"Home\",\"item\":\"https:\\\/\\\/www.waterskis.lv\\\/en\\\/\"},{\"@type\":\"ListItem\",\"position\":2,\"name\":\"Shop\",\"item\":\"https:\\\/\\\/waterskis.lv\\\/en\\\/shop\\\/\"},{\"@type\":\"ListItem\",\"position\":3,\"name\":\"Jobe Raddix Inflatable Wakesurfer\"}]},{\"@type\":\"WebSite\",\"@id\":\"https:\\\/\\\/www.waterskis.lv\\\/en\\\/#website\",\"url\":\"https:\\\/\\\/www.waterskis.lv\\\/en\\\/\",\"name\":\"WATERSKIS.LV\",\"description\":\"SUP d\u0113\u013ci, kajaki, kanoe, airu laivas, \u016bdenssl\u0113po\u0161ana, veikbords, SUP d\u0113\u013cu noma, kajaku nomaakt\u012bv\u0101s atp\u016btas centrs, laivu noma, sup noma, kajaku noma\",\"publisher\":{\"@id\":\"https:\\\/\\\/www.waterskis.lv\\\/en\\\/#organization\"},\"potentialAction\":[{\"@type\":\"SearchAction\",\"target\":{\"@type\":\"EntryPoint\",\"urlTemplate\":\"https:\\\/\\\/www.waterskis.lv\\\/en\\\/?s={search_term_string}\"},\"query-input\":{\"@type\":\"PropertyValueSpecification\",\"valueRequired\":true,\"valueName\":\"search_term_string\"}}],\"inLanguage\":\"en-US\"},{\"@type\":\"Organization\",\"@id\":\"https:\\\/\\\/www.waterskis.lv\\\/en\\\/#organization\",\"name\":\"WATERSKIS.LV\",\"url\":\"https:\\\/\\\/www.waterskis.lv\\\/en\\\/\",\"logo\":{\"@type\":\"ImageObject\",\"inLanguage\":\"en-US\",\"@id\":\"https:\\\/\\\/www.waterskis.lv\\\/en\\\/#\\\/schema\\\/logo\\\/image\\\/\",\"url\":\"https:\\\/\\\/www.waterskis.lv\\\/wp-content\\\/uploads\\\/2025\\\/01\\\/JUVP-logo.png\",\"contentUrl\":\"https:\\\/\\\/www.waterskis.lv\\\/wp-content\\\/uploads\\\/2025\\\/01\\\/JUVP-logo.png\",\"width\":421,\"height\":202,\"caption\":\"WATERSKIS.LV\"},\"image\":{\"@id\":\"https:\\\/\\\/www.waterskis.lv\\\/en\\\/#\\\/schema\\\/logo\\\/image\\\/\"},\"sameAs\":[\"https:\\\/\\\/www.facebook.com\\\/jurmalawaterskiwakeboardpark\\\/\"]}]}<\/script>\n<!-- \/ Yoast SEO plugin. -->","yoast_head_json":{"title":"Jobe Raddix Inflatable Wakesurfer - WATERSKIS.LV","description":"Jobe Raddix Inflatable Wakesurfer is our latest innovation! Instead of making a hardshell wake surfer, we chose to make one that is inflatable","robots":{"index":"index","follow":"follow","max-snippet":"max-snippet:-1","max-image-preview":"max-image-preview:large","max-video-preview":"max-video-preview:-1"},"canonical":"https:\/\/www.waterskis.lv\/en\/product\/jobe-raddix-inflatable-wakesurfer\/","og_locale":"en_US","og_type":"article","og_title":"Jobe Raddix Inflatable Wakesurfer - WATERSKIS.LV","og_description":"Jobe Raddix Inflatable Wakesurfer is our latest innovation! Instead of making a hardshell wake surfer, we chose to make one that is inflatable","og_url":"https:\/\/www.waterskis.lv\/en\/product\/jobe-raddix-inflatable-wakesurfer\/","og_site_name":"WATERSKIS.LV","article_publisher":"https:\/\/www.facebook.com\/jurmalawaterskiwakeboardpark\/","article_modified_time":"2026-02-01T13:21:44+00:00","og_image":[{"width":1500,"height":1500,"url":"https:\/\/www.waterskis.lv\/wp-content\/uploads\/2024\/10\/582523003-zoom.jpg","type":"image\/jpeg"}],"twitter_card":"summary_large_image","twitter_misc":{"Est. reading time":"2 minutes"},"schema":{"@context":"https:\/\/schema.org","@graph":[{"@type":"WebPage","@id":"https:\/\/www.waterskis.lv\/en\/product\/jobe-raddix-inflatable-wakesurfer\/","url":"https:\/\/www.waterskis.lv\/en\/product\/jobe-raddix-inflatable-wakesurfer\/","name":"Jobe Raddix Inflatable Wakesurfer - WATERSKIS.LV","isPartOf":{"@id":"https:\/\/www.waterskis.lv\/en\/#website"},"primaryImageOfPage":{"@id":"https:\/\/www.waterskis.lv\/en\/product\/jobe-raddix-inflatable-wakesurfer\/#primaryimage"},"image":{"@id":"https:\/\/www.waterskis.lv\/en\/product\/jobe-raddix-inflatable-wakesurfer\/#primaryimage"},"thumbnailUrl":"https:\/\/www.waterskis.lv\/wp-content\/uploads\/2024\/10\/582523003-zoom.jpg","datePublished":"2024-10-17T14:06:15+00:00","dateModified":"2026-02-01T13:21:44+00:00","description":"Jobe Raddix Inflatable Wakesurfer is our latest innovation! Instead of making a hardshell wake surfer, we chose to make one that is inflatable","breadcrumb":{"@id":"https:\/\/www.waterskis.lv\/en\/product\/jobe-raddix-inflatable-wakesurfer\/#breadcrumb"},"inLanguage":"en-US","potentialAction":[{"@type":"ReadAction","target":["https:\/\/www.waterskis.lv\/en\/product\/jobe-raddix-inflatable-wakesurfer\/"]}]},{"@type":"ImageObject","inLanguage":"en-US","@id":"https:\/\/www.waterskis.lv\/en\/product\/jobe-raddix-inflatable-wakesurfer\/#primaryimage","url":"https:\/\/www.waterskis.lv\/wp-content\/uploads\/2024\/10\/582523003-zoom.jpg","contentUrl":"https:\/\/www.waterskis.lv\/wp-content\/uploads\/2024\/10\/582523003-zoom.jpg","width":1500,"height":1500,"caption":"Piep\u016b\u0161ams veiks\u0113rfs Jobe Raddix"},{"@type":"BreadcrumbList","@id":"https:\/\/www.waterskis.lv\/en\/product\/jobe-raddix-inflatable-wakesurfer\/#breadcrumb","itemListElement":[{"@type":"ListItem","position":1,"name":"Home","item":"https:\/\/www.waterskis.lv\/en\/"},{"@type":"ListItem","position":2,"name":"Shop","item":"https:\/\/waterskis.lv\/en\/shop\/"},{"@type":"ListItem","position":3,"name":"Jobe Raddix Inflatable Wakesurfer"}]},{"@type":"WebSite","@id":"https:\/\/www.waterskis.lv\/en\/#website","url":"https:\/\/www.waterskis.lv\/en\/","name":"WATERSKIS.LV","description":"SUP d\u0113\u013ci, kajaki, kanoe, airu laivas, \u016bdenssl\u0113po\u0161ana, veikbords, SUP d\u0113\u013cu noma, kajaku nomaakt\u012bv\u0101s atp\u016btas centrs, laivu noma, sup noma, kajaku noma","publisher":{"@id":"https:\/\/www.waterskis.lv\/en\/#organization"},"potentialAction":[{"@type":"SearchAction","target":{"@type":"EntryPoint","urlTemplate":"https:\/\/www.waterskis.lv\/en\/?s={search_term_string}"},"query-input":{"@type":"PropertyValueSpecification","valueRequired":true,"valueName":"search_term_string"}}],"inLanguage":"en-US"},{"@type":"Organization","@id":"https:\/\/www.waterskis.lv\/en\/#organization","name":"WATERSKIS.LV","url":"https:\/\/www.waterskis.lv\/en\/","logo":{"@type":"ImageObject","inLanguage":"en-US","@id":"https:\/\/www.waterskis.lv\/en\/#\/schema\/logo\/image\/","url":"https:\/\/www.waterskis.lv\/wp-content\/uploads\/2025\/01\/JUVP-logo.png","contentUrl":"https:\/\/www.waterskis.lv\/wp-content\/uploads\/2025\/01\/JUVP-logo.png","width":421,"height":202,"caption":"WATERSKIS.LV"},"image":{"@id":"https:\/\/www.waterskis.lv\/en\/#\/schema\/logo\/image\/"},"sameAs":["https:\/\/www.facebook.com\/jurmalawaterskiwakeboardpark\/"]}]}},"_links":{"self":[{"href":"https:\/\/www.waterskis.lv\/en\/wp-json\/wp\/v2\/product\/56524","targetHints":{"allow":["GET"]}}],"collection":[{"href":"https:\/\/www.waterskis.lv\/en\/wp-json\/wp\/v2\/product"}],"about":[{"href":"https:\/\/www.waterskis.lv\/en\/wp-json\/wp\/v2\/types\/product"}],"replies":[{"embeddable":true,"href":"https:\/\/www.waterskis.lv\/en\/wp-json\/wp\/v2\/comments?post=56524"}],"wp:featuredmedia":[{"embeddable":true,"href":"https:\/\/www.waterskis.lv\/en\/wp-json\/wp\/v2\/media\/56522"}],"wp:attachment":[{"href":"https:\/\/www.waterskis.lv\/en\/wp-json\/wp\/v2\/media?parent=56524"}],"wp:term":[{"taxonomy":"product_brand","embeddable":true,"href":"https:\/\/www.waterskis.lv\/en\/wp-json\/wp\/v2\/product_brand?post=56524"},{"taxonomy":"product_cat","embeddable":true,"href":"https:\/\/www.waterskis.lv\/en\/wp-json\/wp\/v2\/product_cat?post=56524"},{"taxonomy":"product_tag","embeddable":true,"href":"https:\/\/www.waterskis.lv\/en\/wp-json\/wp\/v2\/product_tag?post=56524"}],"curies":[{"name":"wp","href":"https:\/\/api.w.org\/{rel}","templated":true}]}}