{"id":56601,"date":"2024-10-18T18:45:41","date_gmt":"2024-10-18T15:45:41","guid":{"rendered":"https:\/\/www.waterskis.lv\/product\/glabsanas-veste-jobe-universal-vest-red\/"},"modified":"2026-02-07T10:25:03","modified_gmt":"2026-02-07T08:25:03","slug":"jobe-universal-vest","status":"publish","type":"product","link":"https:\/\/www.waterskis.lv\/en\/product\/jobe-universal-vest\/","title":{"rendered":"Jobe Universal Vest"},"content":{"rendered":"<h1 class=\"title-3 fs24 mt20 boldTitleFont grey normal np\">Jobe Universal Vest<\/h1>\n<p class=\"title-3 fs24 mt20 boldTitleFont grey normal np\">Jobe Universal Vest Red<\/p>\n<div class=\"col-12 paragraph\">Strong nylon and EPE foam blended in one lightweight Universal Vest. A lightweight, certified 50N buoyancy aid manufactured with the knowledge of a Jobe\u2019s signature lay-up. Its open sides make this vest adjust to different sizes and body shapes. The strong YKK buckles and 3 adjustable webbing straps ensure good fit for more comfort and safety. Have a safe ride!<\/div>\n<div><\/div>\n<div>Color red, Blue, Teal<\/div>\n<div><\/div>\n<div>\n<p><span class=\"boldTitleFont uppercase blackColor fs30 mt10 col-12\">Universal Vest<\/span><\/p>\n<div class=\"col-12 mb10\">\n<div class=\"col-6\">\n<div class=\"image\"><img decoding=\"async\" src=\"https:\/\/www.jobesports.com\/uploads\/base\/size_guide\/4-buckle-vest-1570611621.jpg\" alt=\"Size table\" \/><\/div>\n<\/div>\n<div class=\"col-6 col-padding-left\"><span class=\"boldTitleFont uppercase blackColor fs18 col-12\">How to measure<\/span>1. Place the tape under your arms. Measure the chest at the widest part.<br \/>\n2. Measure around the narrowest part of your waist.<\/div>\n<\/div>\n<p>&nbsp;<\/p>\n<p><span class=\"boldTitleFont uppercase blackColor fs20\">Size table<\/span><\/p>\n<div class=\"switch\"><label class=\"switch-label switch-label-off\" tabindex=\"0\" for=\"view_cm\">CM<\/label><label class=\"switch-label switch-label-on\" tabindex=\"0\" for=\"view_inch\">Inch<\/label><\/div>\n<table class=\"size_guide\">\n<thead>\n<tr>\n<th>Size\u00a0<span class=\"sg_cm\">(CM)<\/span><\/th>\n<th>Chest\u00a0<span class=\"sg_cm\">(CM)<\/span><\/th>\n<th>Waist\u00a0<span class=\"sg_cm\">(CM)<\/span><\/th>\n<th>Weight<\/th>\n<\/tr>\n<\/thead>\n<tbody>\n<tr>\n<td><span class=\"sg_cm\">PCS.<\/span><\/td>\n<td><span class=\"sg_cm\">85-125<\/span><\/td>\n<td><span class=\"sg_cm\">75-115<\/span><\/td>\n<td>50-95 kg<\/td>\n<\/tr>\n<\/tbody>\n<\/table>\n<\/div>\n","protected":false},"excerpt":{"rendered":"<p>Jobe Universal Vest Jobe Universal Vest Red Strong nylon and EPE foam blended in one lightweight Universal Vest. A lightweight, certified 50N buoyancy aid manufactured with the knowledge of a Jobe\u2019s signature lay-up. Its open sides make this vest adjust to different sizes and body shapes. The strong YKK buckles and 3 adjustable webbing straps [&#8230;]<\/p>\n<p><a class=\"btn btn-secondary understrap-read-more-link\" href=\"https:\/\/www.waterskis.lv\/en\/product\/jobe-universal-vest\/\">Read More&#8230;<\/a><\/p>\n","protected":false},"featured_media":56599,"comment_status":"closed","ping_status":"closed","template":"","meta":{"_acf_changed":false,"inline_featured_image":false},"product_brand":[],"product_cat":[702],"product_tag":[1632,3616,1604,1584,3551,1613,1442,3617,3618,3619],"class_list":{"0":"post-56601","1":"product","2":"type-product","3":"status-publish","4":"has-post-thumbnail","6":"product_cat-life-jackets","7":"product_tag-buoyancy-aid","8":"product_tag-certified-life-jacket","9":"product_tag-glabsanas-veste","10":"product_tag-jobe-glabsanas-veste","11":"product_tag-jobe-watersports","12":"product_tag-life-jacket","13":"product_tag-peldveste","14":"product_tag-sertificeta-glabsanas-veste","15":"product_tag-3618","16":"product_tag-3619","18":"first","19":"instock","20":"shipping-taxable","21":"purchasable","22":"product-type-simple"},"acf":[],"yoast_head":"<!-- This site is optimized with the Yoast SEO plugin v27.3 - https:\/\/yoast.com\/product\/yoast-seo-wordpress\/ -->\n<title>Jobe Universal Vest - WATERSKIS.LV<\/title>\n<meta name=\"description\" content=\"Jobe Universal Vest. A lightweight, certified 50N buoyancy aid manufactured with the knowledge of a Jobe\u2019s signature lay-up.\" \/>\n<meta name=\"robots\" content=\"index, follow, max-snippet:-1, max-image-preview:large, max-video-preview:-1\" \/>\n<link rel=\"canonical\" href=\"https:\/\/www.waterskis.lv\/en\/product\/jobe-universal-vest\/\" \/>\n<meta property=\"og:locale\" content=\"en_US\" \/>\n<meta property=\"og:type\" content=\"article\" \/>\n<meta property=\"og:title\" content=\"Jobe Universal Vest - WATERSKIS.LV\" \/>\n<meta property=\"og:description\" content=\"Jobe Universal Vest. A lightweight, certified 50N buoyancy aid manufactured with the knowledge of a Jobe\u2019s signature lay-up.\" \/>\n<meta property=\"og:url\" content=\"https:\/\/www.waterskis.lv\/en\/product\/jobe-universal-vest\/\" \/>\n<meta property=\"og:site_name\" content=\"WATERSKIS.LV\" \/>\n<meta property=\"article:publisher\" content=\"https:\/\/www.facebook.com\/jurmalawaterskiwakeboardpark\/\" \/>\n<meta property=\"article:modified_time\" content=\"2026-02-07T08:25:03+00:00\" \/>\n<meta property=\"og:image\" content=\"https:\/\/www.waterskis.lv\/wp-content\/uploads\/2024\/10\/244823028-zoom.jpg\" \/>\n\t<meta property=\"og:image:width\" content=\"1500\" \/>\n\t<meta property=\"og:image:height\" content=\"1500\" \/>\n\t<meta property=\"og:image:type\" content=\"image\/jpeg\" \/>\n<meta name=\"twitter:card\" content=\"summary_large_image\" \/>\n<meta name=\"twitter:label1\" content=\"Est. reading time\" \/>\n\t<meta name=\"twitter:data1\" content=\"2 minutes\" \/>\n<script type=\"application\/ld+json\" class=\"yoast-schema-graph\">{\"@context\":\"https:\\\/\\\/schema.org\",\"@graph\":[{\"@type\":\"WebPage\",\"@id\":\"https:\\\/\\\/www.waterskis.lv\\\/en\\\/product\\\/jobe-universal-vest\\\/\",\"url\":\"https:\\\/\\\/www.waterskis.lv\\\/en\\\/product\\\/jobe-universal-vest\\\/\",\"name\":\"Jobe Universal Vest - WATERSKIS.LV\",\"isPartOf\":{\"@id\":\"https:\\\/\\\/www.waterskis.lv\\\/en\\\/#website\"},\"primaryImageOfPage\":{\"@id\":\"https:\\\/\\\/www.waterskis.lv\\\/en\\\/product\\\/jobe-universal-vest\\\/#primaryimage\"},\"image\":{\"@id\":\"https:\\\/\\\/www.waterskis.lv\\\/en\\\/product\\\/jobe-universal-vest\\\/#primaryimage\"},\"thumbnailUrl\":\"https:\\\/\\\/www.waterskis.lv\\\/wp-content\\\/uploads\\\/2024\\\/10\\\/244823028-zoom.jpg\",\"datePublished\":\"2024-10-18T15:45:41+00:00\",\"dateModified\":\"2026-02-07T08:25:03+00:00\",\"description\":\"Jobe Universal Vest. A lightweight, certified 50N buoyancy aid manufactured with the knowledge of a Jobe\u2019s signature lay-up.\",\"breadcrumb\":{\"@id\":\"https:\\\/\\\/www.waterskis.lv\\\/en\\\/product\\\/jobe-universal-vest\\\/#breadcrumb\"},\"inLanguage\":\"en-US\",\"potentialAction\":[{\"@type\":\"ReadAction\",\"target\":[\"https:\\\/\\\/www.waterskis.lv\\\/en\\\/product\\\/jobe-universal-vest\\\/\"]}]},{\"@type\":\"ImageObject\",\"inLanguage\":\"en-US\",\"@id\":\"https:\\\/\\\/www.waterskis.lv\\\/en\\\/product\\\/jobe-universal-vest\\\/#primaryimage\",\"url\":\"https:\\\/\\\/www.waterskis.lv\\\/wp-content\\\/uploads\\\/2024\\\/10\\\/244823028-zoom.jpg\",\"contentUrl\":\"https:\\\/\\\/www.waterskis.lv\\\/wp-content\\\/uploads\\\/2024\\\/10\\\/244823028-zoom.jpg\",\"width\":1500,\"height\":1500,\"caption\":\"Gl\u0101b\u0161anas veste Jobe Universal Vest Red\"},{\"@type\":\"BreadcrumbList\",\"@id\":\"https:\\\/\\\/www.waterskis.lv\\\/en\\\/product\\\/jobe-universal-vest\\\/#breadcrumb\",\"itemListElement\":[{\"@type\":\"ListItem\",\"position\":1,\"name\":\"Home\",\"item\":\"https:\\\/\\\/www.waterskis.lv\\\/en\\\/\"},{\"@type\":\"ListItem\",\"position\":2,\"name\":\"Shop\",\"item\":\"https:\\\/\\\/waterskis.lv\\\/en\\\/shop\\\/\"},{\"@type\":\"ListItem\",\"position\":3,\"name\":\"Jobe Universal Vest\"}]},{\"@type\":\"WebSite\",\"@id\":\"https:\\\/\\\/www.waterskis.lv\\\/en\\\/#website\",\"url\":\"https:\\\/\\\/www.waterskis.lv\\\/en\\\/\",\"name\":\"WATERSKIS.LV\",\"description\":\"SUP d\u0113\u013ci, kajaki, kanoe, airu laivas, \u016bdenssl\u0113po\u0161ana, veikbords, SUP d\u0113\u013cu noma, kajaku nomaakt\u012bv\u0101s atp\u016btas centrs, laivu noma, sup noma, kajaku noma\",\"publisher\":{\"@id\":\"https:\\\/\\\/www.waterskis.lv\\\/en\\\/#organization\"},\"potentialAction\":[{\"@type\":\"SearchAction\",\"target\":{\"@type\":\"EntryPoint\",\"urlTemplate\":\"https:\\\/\\\/www.waterskis.lv\\\/en\\\/?s={search_term_string}\"},\"query-input\":{\"@type\":\"PropertyValueSpecification\",\"valueRequired\":true,\"valueName\":\"search_term_string\"}}],\"inLanguage\":\"en-US\"},{\"@type\":\"Organization\",\"@id\":\"https:\\\/\\\/www.waterskis.lv\\\/en\\\/#organization\",\"name\":\"WATERSKIS.LV\",\"url\":\"https:\\\/\\\/www.waterskis.lv\\\/en\\\/\",\"logo\":{\"@type\":\"ImageObject\",\"inLanguage\":\"en-US\",\"@id\":\"https:\\\/\\\/www.waterskis.lv\\\/en\\\/#\\\/schema\\\/logo\\\/image\\\/\",\"url\":\"https:\\\/\\\/www.waterskis.lv\\\/wp-content\\\/uploads\\\/2025\\\/01\\\/JUVP-logo.png\",\"contentUrl\":\"https:\\\/\\\/www.waterskis.lv\\\/wp-content\\\/uploads\\\/2025\\\/01\\\/JUVP-logo.png\",\"width\":421,\"height\":202,\"caption\":\"WATERSKIS.LV\"},\"image\":{\"@id\":\"https:\\\/\\\/www.waterskis.lv\\\/en\\\/#\\\/schema\\\/logo\\\/image\\\/\"},\"sameAs\":[\"https:\\\/\\\/www.facebook.com\\\/jurmalawaterskiwakeboardpark\\\/\"]}]}<\/script>\n<!-- \/ Yoast SEO plugin. -->","yoast_head_json":{"title":"Jobe Universal Vest - WATERSKIS.LV","description":"Jobe Universal Vest. A lightweight, certified 50N buoyancy aid manufactured with the knowledge of a Jobe\u2019s signature lay-up.","robots":{"index":"index","follow":"follow","max-snippet":"max-snippet:-1","max-image-preview":"max-image-preview:large","max-video-preview":"max-video-preview:-1"},"canonical":"https:\/\/www.waterskis.lv\/en\/product\/jobe-universal-vest\/","og_locale":"en_US","og_type":"article","og_title":"Jobe Universal Vest - WATERSKIS.LV","og_description":"Jobe Universal Vest. A lightweight, certified 50N buoyancy aid manufactured with the knowledge of a Jobe\u2019s signature lay-up.","og_url":"https:\/\/www.waterskis.lv\/en\/product\/jobe-universal-vest\/","og_site_name":"WATERSKIS.LV","article_publisher":"https:\/\/www.facebook.com\/jurmalawaterskiwakeboardpark\/","article_modified_time":"2026-02-07T08:25:03+00:00","og_image":[{"width":1500,"height":1500,"url":"https:\/\/www.waterskis.lv\/wp-content\/uploads\/2024\/10\/244823028-zoom.jpg","type":"image\/jpeg"}],"twitter_card":"summary_large_image","twitter_misc":{"Est. reading time":"2 minutes"},"schema":{"@context":"https:\/\/schema.org","@graph":[{"@type":"WebPage","@id":"https:\/\/www.waterskis.lv\/en\/product\/jobe-universal-vest\/","url":"https:\/\/www.waterskis.lv\/en\/product\/jobe-universal-vest\/","name":"Jobe Universal Vest - WATERSKIS.LV","isPartOf":{"@id":"https:\/\/www.waterskis.lv\/en\/#website"},"primaryImageOfPage":{"@id":"https:\/\/www.waterskis.lv\/en\/product\/jobe-universal-vest\/#primaryimage"},"image":{"@id":"https:\/\/www.waterskis.lv\/en\/product\/jobe-universal-vest\/#primaryimage"},"thumbnailUrl":"https:\/\/www.waterskis.lv\/wp-content\/uploads\/2024\/10\/244823028-zoom.jpg","datePublished":"2024-10-18T15:45:41+00:00","dateModified":"2026-02-07T08:25:03+00:00","description":"Jobe Universal Vest. A lightweight, certified 50N buoyancy aid manufactured with the knowledge of a Jobe\u2019s signature lay-up.","breadcrumb":{"@id":"https:\/\/www.waterskis.lv\/en\/product\/jobe-universal-vest\/#breadcrumb"},"inLanguage":"en-US","potentialAction":[{"@type":"ReadAction","target":["https:\/\/www.waterskis.lv\/en\/product\/jobe-universal-vest\/"]}]},{"@type":"ImageObject","inLanguage":"en-US","@id":"https:\/\/www.waterskis.lv\/en\/product\/jobe-universal-vest\/#primaryimage","url":"https:\/\/www.waterskis.lv\/wp-content\/uploads\/2024\/10\/244823028-zoom.jpg","contentUrl":"https:\/\/www.waterskis.lv\/wp-content\/uploads\/2024\/10\/244823028-zoom.jpg","width":1500,"height":1500,"caption":"Gl\u0101b\u0161anas veste Jobe Universal Vest Red"},{"@type":"BreadcrumbList","@id":"https:\/\/www.waterskis.lv\/en\/product\/jobe-universal-vest\/#breadcrumb","itemListElement":[{"@type":"ListItem","position":1,"name":"Home","item":"https:\/\/www.waterskis.lv\/en\/"},{"@type":"ListItem","position":2,"name":"Shop","item":"https:\/\/waterskis.lv\/en\/shop\/"},{"@type":"ListItem","position":3,"name":"Jobe Universal Vest"}]},{"@type":"WebSite","@id":"https:\/\/www.waterskis.lv\/en\/#website","url":"https:\/\/www.waterskis.lv\/en\/","name":"WATERSKIS.LV","description":"SUP d\u0113\u013ci, kajaki, kanoe, airu laivas, \u016bdenssl\u0113po\u0161ana, veikbords, SUP d\u0113\u013cu noma, kajaku nomaakt\u012bv\u0101s atp\u016btas centrs, laivu noma, sup noma, kajaku noma","publisher":{"@id":"https:\/\/www.waterskis.lv\/en\/#organization"},"potentialAction":[{"@type":"SearchAction","target":{"@type":"EntryPoint","urlTemplate":"https:\/\/www.waterskis.lv\/en\/?s={search_term_string}"},"query-input":{"@type":"PropertyValueSpecification","valueRequired":true,"valueName":"search_term_string"}}],"inLanguage":"en-US"},{"@type":"Organization","@id":"https:\/\/www.waterskis.lv\/en\/#organization","name":"WATERSKIS.LV","url":"https:\/\/www.waterskis.lv\/en\/","logo":{"@type":"ImageObject","inLanguage":"en-US","@id":"https:\/\/www.waterskis.lv\/en\/#\/schema\/logo\/image\/","url":"https:\/\/www.waterskis.lv\/wp-content\/uploads\/2025\/01\/JUVP-logo.png","contentUrl":"https:\/\/www.waterskis.lv\/wp-content\/uploads\/2025\/01\/JUVP-logo.png","width":421,"height":202,"caption":"WATERSKIS.LV"},"image":{"@id":"https:\/\/www.waterskis.lv\/en\/#\/schema\/logo\/image\/"},"sameAs":["https:\/\/www.facebook.com\/jurmalawaterskiwakeboardpark\/"]}]}},"_links":{"self":[{"href":"https:\/\/www.waterskis.lv\/en\/wp-json\/wp\/v2\/product\/56601","targetHints":{"allow":["GET"]}}],"collection":[{"href":"https:\/\/www.waterskis.lv\/en\/wp-json\/wp\/v2\/product"}],"about":[{"href":"https:\/\/www.waterskis.lv\/en\/wp-json\/wp\/v2\/types\/product"}],"replies":[{"embeddable":true,"href":"https:\/\/www.waterskis.lv\/en\/wp-json\/wp\/v2\/comments?post=56601"}],"wp:featuredmedia":[{"embeddable":true,"href":"https:\/\/www.waterskis.lv\/en\/wp-json\/wp\/v2\/media\/56599"}],"wp:attachment":[{"href":"https:\/\/www.waterskis.lv\/en\/wp-json\/wp\/v2\/media?parent=56601"}],"wp:term":[{"taxonomy":"product_brand","embeddable":true,"href":"https:\/\/www.waterskis.lv\/en\/wp-json\/wp\/v2\/product_brand?post=56601"},{"taxonomy":"product_cat","embeddable":true,"href":"https:\/\/www.waterskis.lv\/en\/wp-json\/wp\/v2\/product_cat?post=56601"},{"taxonomy":"product_tag","embeddable":true,"href":"https:\/\/www.waterskis.lv\/en\/wp-json\/wp\/v2\/product_tag?post=56601"}],"curies":[{"name":"wp","href":"https:\/\/api.w.org\/{rel}","templated":true}]}}