{"id":56679,"date":"2024-10-18T21:03:16","date_gmt":"2024-10-18T18:03:16","guid":{"rendered":"https:\/\/www.waterskis.lv\/product\/veikborda-virve-ar-rokturi-jobe-prime-wake-combo\/"},"modified":"2026-01-29T12:02:13","modified_gmt":"2026-01-29T10:02:13","slug":"jobe-prime-wake-combo-red-blue","status":"publish","type":"product","link":"https:\/\/www.waterskis.lv\/en\/product\/jobe-prime-wake-combo-red-blue\/","title":{"rendered":"Jobe Prime Wake Combo red\/blue"},"content":{"rendered":"<h1 class=\"productTitle s-hide\">Jobe Prime Wake Combo red\/blue<\/h1>\n<p class=\"productTitle s-hide\">Jobe Prime Wake Combo red\/blue<\/p>\n<p>Color red blue<\/p>\n<div id=\"productinfo\" class=\"col-12 relative\">\n<h2 class=\"title-3 fs25 mt20 mb20 boldTitleFont grey uppercase np\">Specifications<\/h2>\n<h2 class=\"title-3 fs24 mt20 boldTitleFont grey normal np\">Jobe Prime Wake Combo Blue<\/h2>\n<div class=\"col-12 paragraph\">This entry level wakeboard Handle features EVA profiled-grip, which provides a lively feeling. Its pencil EVA-floats keep the rope away from propellers and make it easy to retrieve.<\/div>\n<div><\/div>\n<div class=\"col-12 paragraph mt20\">\n<ul class=\"autoColumn checkListSmall blackCheck\">\n<li>15 inch\/38.1 cm wide handle<\/li>\n<li>16 strand main line<\/li>\n<li>27,5cm diameter grip<\/li>\n<li>65 ft. | 19,8m mainline<\/li>\n<li>EVA profiled handle grip<\/li>\n<li>Pencil floats to support floatation<\/li>\n<\/ul>\n<\/div>\n<div id=\"js-flowbox-flow\" class=\"flbx-webp\" lang=\"en-GB\">\n<div class=\"bzfy-o-context\" role=\"article\" aria-label=\"Below is a carousel with posts from accounts on various social media platforms\">\n<div class=\"bzfy-t-feed-carousel\" data-testid=\"carousel\">\n<div class=\"bzfy-feed bzfy-feed--has-banner-top\">\n<div class=\"bzfy-feed-banner\">\n<div>\n<p id=\"banner-h1\" class=\"bzfy-feed-banner__tagline\">SHARE YOUR AWESOME WATERSPORTS MOMENTS WITH #JOBEMOMENTS<\/p>\n<\/div>\n<\/div>\n<div class=\"bzfy-o-container\">\n<div class=\"bzfy-c-carousel-slider-wrapper\" aria-live=\"off\">\n<div class=\"bzfy-c-carousel-slider-wrapper__inner\">\n<div class=\"slick-slider slick-initialized\">\n<div class=\"slick-list\">\n<div class=\"slick-track\">\n<div class=\"slick-slide slick-active slick-current\" tabindex=\"-1\" data-index=\"0\" aria-hidden=\"false\">\n<div>\n<div id=\"post-0\" class=\"bzfy-c-carousel-slide-wrap bzfy-c-carousel-slide-wrap--clickable\" tabindex=\"-1\" aria-label=\"1\/1\">\n<div>\n<div class=\"bzfy-c-carousel-post bzfy-c-carousel-post--minimalistic\" tabindex=\"0\" title=\"Open the dialog\" role=\"link\" data-post-key=\"55290b64-26e2-4814-aa19-fdfb517809a2\">\n<div class=\"bzfy-o-image-container\">\n<div class=\"bzfy-o-image-container__clip\"><img decoding=\"async\" class=\"bzfy-o-image\" src=\"https:\/\/d2rfa446ja7yzb.cloudfront.net\/eyJidWNrZXQiOiJtaXJyb3IuZ2V0Zmxvd2JveC5jb20uZXUtd2VzdC0xLmxpdmUiLCJrZXkiOiJhSFIwY0hNNkx5OTNkM2N1YVc1emRHRm5jbUZ0TG1OdmJTOXdMME10WVd4TlduTndOM2xUTHc9PS8wIiwiZWRpdHMiOnsidG9Gb3JtYXQiOiJ3ZWJwIiwicmVzaXplIjp7IndpZHRoIjo2NDB9fX0=\" sizes=\"785px\" srcset=\"https:\/\/d2rfa446ja7yzb.cloudfront.net\/eyJidWNrZXQiOiJtaXJyb3IuZ2V0Zmxvd2JveC5jb20uZXUtd2VzdC0xLmxpdmUiLCJrZXkiOiJhSFIwY0hNNkx5OTNkM2N1YVc1emRHRm5jbUZ0TG1OdmJTOXdMME10WVd4TlduTndOM2xUTHc9PS8wIiwiZWRpdHMiOnsidG9Gb3JtYXQiOiJ3ZWJwIiwicmVzaXplIjp7IndpZHRoIjoyNDB9fX0= 240w,https:\/\/d2rfa446ja7yzb.cloudfront.net\/eyJidWNrZXQiOiJtaXJyb3IuZ2V0Zmxvd2JveC5jb20uZXUtd2VzdC0xLmxpdmUiLCJrZXkiOiJhSFIwY0hNNkx5OTNkM2N1YVc1emRHRm5jbUZ0TG1OdmJTOXdMME10WVd4TlduTndOM2xUTHc9PS8wIiwiZWRpdHMiOnsidG9Gb3JtYXQiOiJ3ZWJwIiwicmVzaXplIjp7IndpZHRoIjozMjB9fX0= 320w,https:\/\/d2rfa446ja7yzb.cloudfront.net\/eyJidWNrZXQiOiJtaXJyb3IuZ2V0Zmxvd2JveC5jb20uZXUtd2VzdC0xLmxpdmUiLCJrZXkiOiJhSFIwY0hNNkx5OTNkM2N1YVc1emRHRm5jbUZ0TG1OdmJTOXdMME10WVd4TlduTndOM2xUTHc9PS8wIiwiZWRpdHMiOnsidG9Gb3JtYXQiOiJ3ZWJwIiwicmVzaXplIjp7IndpZHRoIjo0ODB9fX0= 480w,https:\/\/d2rfa446ja7yzb.cloudfront.net\/eyJidWNrZXQiOiJtaXJyb3IuZ2V0Zmxvd2JveC5jb20uZXUtd2VzdC0xLmxpdmUiLCJrZXkiOiJhSFIwY0hNNkx5OTNkM2N1YVc1emRHRm5jbUZ0TG1OdmJTOXdMME10WVd4TlduTndOM2xUTHc9PS8wIiwiZWRpdHMiOnsidG9Gb3JtYXQiOiJ3ZWJwIiwicmVzaXplIjp7IndpZHRoIjo2NDB9fX0= 640w\" alt=\"Photo by jobewatersports published at 8 August 2024. Learning some new wakeboard tricks! \ud83c\udfc4\u200d\u2642\ufe0f\" \/><\/div>\n<\/div>\n<\/div>\n<\/div>\n<\/div>\n<\/div>\n<\/div>\n<\/div>\n<\/div>\n<\/div>\n<\/div>\n<\/div>\n<\/div>\n<\/div>\n<\/div>\n<\/div>\n<\/div>\n<\/div>\n<div id=\"reviews\" class=\"col-12 reviews\"><\/div>\n","protected":false},"excerpt":{"rendered":"<p>Jobe Prime Wake Combo red\/blue Jobe Prime Wake Combo red\/blue Color red blue Specifications Jobe Prime Wake Combo Blue This entry level wakeboard Handle features EVA profiled-grip, which provides a lively feeling. Its pencil EVA-floats keep the rope away from propellers and make it easy to retrieve. 15 inch\/38.1 cm wide handle 16 strand main [&#8230;]<\/p>\n<p><a class=\"btn btn-secondary understrap-read-more-link\" href=\"https:\/\/www.waterskis.lv\/en\/product\/jobe-prime-wake-combo-red-blue\/\">Read More&#8230;<\/a><\/p>\n","protected":false},"featured_media":56674,"comment_status":"closed","ping_status":"closed","template":"","meta":{"_acf_changed":false,"inline_featured_image":false},"product_brand":[1330],"product_cat":[960,565],"product_tag":[1453,3045],"class_list":{"0":"post-56679","1":"product","2":"type-product","3":"status-publish","4":"has-post-thumbnail","6":"product_brand-jobe-watersports","7":"product_cat-handles-lines","8":"product_cat-wakeboards","9":"product_tag-jobe-veikbords","10":"product_tag-wakeboard-ropes-and-handles","12":"first","13":"instock","14":"shipping-taxable","15":"purchasable","16":"product-type-simple"},"acf":[],"yoast_head":"<!-- This site is optimized with the Yoast SEO plugin v27.3 - https:\/\/yoast.com\/product\/yoast-seo-wordpress\/ -->\n<title>Jobe Prime Wake Combo red\/blue - WATERSKIS.LV<\/title>\n<meta name=\"description\" content=\"Jobe Prime Wake Combo red\/blue. This entry level wakeboard Handle features EVA profiled-grip, which provides a lively feeling. Its pencil EVA-floats keep\" \/>\n<meta name=\"robots\" content=\"index, follow, max-snippet:-1, max-image-preview:large, max-video-preview:-1\" \/>\n<link rel=\"canonical\" href=\"https:\/\/www.waterskis.lv\/en\/product\/jobe-prime-wake-combo-red-blue\/\" \/>\n<meta property=\"og:locale\" content=\"en_US\" \/>\n<meta property=\"og:type\" content=\"article\" \/>\n<meta property=\"og:title\" content=\"Jobe Prime Wake Combo red\/blue - WATERSKIS.LV\" \/>\n<meta property=\"og:description\" content=\"Jobe Prime Wake Combo red\/blue. This entry level wakeboard Handle features EVA profiled-grip, which provides a lively feeling. Its pencil EVA-floats keep\" \/>\n<meta property=\"og:url\" content=\"https:\/\/www.waterskis.lv\/en\/product\/jobe-prime-wake-combo-red-blue\/\" \/>\n<meta property=\"og:site_name\" content=\"WATERSKIS.LV\" \/>\n<meta property=\"article:publisher\" content=\"https:\/\/www.facebook.com\/jurmalawaterskiwakeboardpark\/\" \/>\n<meta property=\"article:modified_time\" content=\"2026-01-29T10:02:13+00:00\" \/>\n<meta property=\"og:image\" content=\"https:\/\/www.waterskis.lv\/wp-content\/uploads\/2024\/10\/211322001-zoom.jpg\" \/>\n\t<meta property=\"og:image:width\" content=\"1500\" \/>\n\t<meta property=\"og:image:height\" content=\"1500\" \/>\n\t<meta property=\"og:image:type\" content=\"image\/jpeg\" \/>\n<meta name=\"twitter:card\" content=\"summary_large_image\" \/>\n<meta name=\"twitter:label1\" content=\"Est. reading time\" \/>\n\t<meta name=\"twitter:data1\" content=\"1 minute\" \/>\n<script type=\"application\/ld+json\" class=\"yoast-schema-graph\">{\"@context\":\"https:\\\/\\\/schema.org\",\"@graph\":[{\"@type\":\"WebPage\",\"@id\":\"https:\\\/\\\/www.waterskis.lv\\\/en\\\/product\\\/jobe-prime-wake-combo-red-blue\\\/\",\"url\":\"https:\\\/\\\/www.waterskis.lv\\\/en\\\/product\\\/jobe-prime-wake-combo-red-blue\\\/\",\"name\":\"Jobe Prime Wake Combo red\\\/blue - WATERSKIS.LV\",\"isPartOf\":{\"@id\":\"https:\\\/\\\/www.waterskis.lv\\\/en\\\/#website\"},\"primaryImageOfPage\":{\"@id\":\"https:\\\/\\\/www.waterskis.lv\\\/en\\\/product\\\/jobe-prime-wake-combo-red-blue\\\/#primaryimage\"},\"image\":{\"@id\":\"https:\\\/\\\/www.waterskis.lv\\\/en\\\/product\\\/jobe-prime-wake-combo-red-blue\\\/#primaryimage\"},\"thumbnailUrl\":\"https:\\\/\\\/www.waterskis.lv\\\/wp-content\\\/uploads\\\/2024\\\/10\\\/211322001-zoom.jpg\",\"datePublished\":\"2024-10-18T18:03:16+00:00\",\"dateModified\":\"2026-01-29T10:02:13+00:00\",\"description\":\"Jobe Prime Wake Combo red\\\/blue. This entry level wakeboard Handle features EVA profiled-grip, which provides a lively feeling. Its pencil EVA-floats keep\",\"breadcrumb\":{\"@id\":\"https:\\\/\\\/www.waterskis.lv\\\/en\\\/product\\\/jobe-prime-wake-combo-red-blue\\\/#breadcrumb\"},\"inLanguage\":\"en-US\",\"potentialAction\":[{\"@type\":\"ReadAction\",\"target\":[\"https:\\\/\\\/www.waterskis.lv\\\/en\\\/product\\\/jobe-prime-wake-combo-red-blue\\\/\"]}]},{\"@type\":\"ImageObject\",\"inLanguage\":\"en-US\",\"@id\":\"https:\\\/\\\/www.waterskis.lv\\\/en\\\/product\\\/jobe-prime-wake-combo-red-blue\\\/#primaryimage\",\"url\":\"https:\\\/\\\/www.waterskis.lv\\\/wp-content\\\/uploads\\\/2024\\\/10\\\/211322001-zoom.jpg\",\"contentUrl\":\"https:\\\/\\\/www.waterskis.lv\\\/wp-content\\\/uploads\\\/2024\\\/10\\\/211322001-zoom.jpg\",\"width\":1500,\"height\":1500,\"caption\":\"Veikborda virve ar rokturi Jobe Prime Wake Combo\"},{\"@type\":\"BreadcrumbList\",\"@id\":\"https:\\\/\\\/www.waterskis.lv\\\/en\\\/product\\\/jobe-prime-wake-combo-red-blue\\\/#breadcrumb\",\"itemListElement\":[{\"@type\":\"ListItem\",\"position\":1,\"name\":\"Home\",\"item\":\"https:\\\/\\\/www.waterskis.lv\\\/en\\\/\"},{\"@type\":\"ListItem\",\"position\":2,\"name\":\"Shop\",\"item\":\"https:\\\/\\\/waterskis.lv\\\/en\\\/shop\\\/\"},{\"@type\":\"ListItem\",\"position\":3,\"name\":\"Jobe Prime Wake Combo red\\\/blue\"}]},{\"@type\":\"WebSite\",\"@id\":\"https:\\\/\\\/www.waterskis.lv\\\/en\\\/#website\",\"url\":\"https:\\\/\\\/www.waterskis.lv\\\/en\\\/\",\"name\":\"WATERSKIS.LV\",\"description\":\"SUP d\u0113\u013ci, kajaki, kanoe, airu laivas, \u016bdenssl\u0113po\u0161ana, veikbords, SUP d\u0113\u013cu noma, kajaku nomaakt\u012bv\u0101s atp\u016btas centrs, laivu noma, sup noma, kajaku noma\",\"publisher\":{\"@id\":\"https:\\\/\\\/www.waterskis.lv\\\/en\\\/#organization\"},\"potentialAction\":[{\"@type\":\"SearchAction\",\"target\":{\"@type\":\"EntryPoint\",\"urlTemplate\":\"https:\\\/\\\/www.waterskis.lv\\\/en\\\/?s={search_term_string}\"},\"query-input\":{\"@type\":\"PropertyValueSpecification\",\"valueRequired\":true,\"valueName\":\"search_term_string\"}}],\"inLanguage\":\"en-US\"},{\"@type\":\"Organization\",\"@id\":\"https:\\\/\\\/www.waterskis.lv\\\/en\\\/#organization\",\"name\":\"WATERSKIS.LV\",\"url\":\"https:\\\/\\\/www.waterskis.lv\\\/en\\\/\",\"logo\":{\"@type\":\"ImageObject\",\"inLanguage\":\"en-US\",\"@id\":\"https:\\\/\\\/www.waterskis.lv\\\/en\\\/#\\\/schema\\\/logo\\\/image\\\/\",\"url\":\"https:\\\/\\\/www.waterskis.lv\\\/wp-content\\\/uploads\\\/2025\\\/01\\\/JUVP-logo.png\",\"contentUrl\":\"https:\\\/\\\/www.waterskis.lv\\\/wp-content\\\/uploads\\\/2025\\\/01\\\/JUVP-logo.png\",\"width\":421,\"height\":202,\"caption\":\"WATERSKIS.LV\"},\"image\":{\"@id\":\"https:\\\/\\\/www.waterskis.lv\\\/en\\\/#\\\/schema\\\/logo\\\/image\\\/\"},\"sameAs\":[\"https:\\\/\\\/www.facebook.com\\\/jurmalawaterskiwakeboardpark\\\/\"]}]}<\/script>\n<!-- \/ Yoast SEO plugin. -->","yoast_head_json":{"title":"Jobe Prime Wake Combo red\/blue - WATERSKIS.LV","description":"Jobe Prime Wake Combo red\/blue. This entry level wakeboard Handle features EVA profiled-grip, which provides a lively feeling. Its pencil EVA-floats keep","robots":{"index":"index","follow":"follow","max-snippet":"max-snippet:-1","max-image-preview":"max-image-preview:large","max-video-preview":"max-video-preview:-1"},"canonical":"https:\/\/www.waterskis.lv\/en\/product\/jobe-prime-wake-combo-red-blue\/","og_locale":"en_US","og_type":"article","og_title":"Jobe Prime Wake Combo red\/blue - WATERSKIS.LV","og_description":"Jobe Prime Wake Combo red\/blue. This entry level wakeboard Handle features EVA profiled-grip, which provides a lively feeling. Its pencil EVA-floats keep","og_url":"https:\/\/www.waterskis.lv\/en\/product\/jobe-prime-wake-combo-red-blue\/","og_site_name":"WATERSKIS.LV","article_publisher":"https:\/\/www.facebook.com\/jurmalawaterskiwakeboardpark\/","article_modified_time":"2026-01-29T10:02:13+00:00","og_image":[{"width":1500,"height":1500,"url":"https:\/\/www.waterskis.lv\/wp-content\/uploads\/2024\/10\/211322001-zoom.jpg","type":"image\/jpeg"}],"twitter_card":"summary_large_image","twitter_misc":{"Est. reading time":"1 minute"},"schema":{"@context":"https:\/\/schema.org","@graph":[{"@type":"WebPage","@id":"https:\/\/www.waterskis.lv\/en\/product\/jobe-prime-wake-combo-red-blue\/","url":"https:\/\/www.waterskis.lv\/en\/product\/jobe-prime-wake-combo-red-blue\/","name":"Jobe Prime Wake Combo red\/blue - WATERSKIS.LV","isPartOf":{"@id":"https:\/\/www.waterskis.lv\/en\/#website"},"primaryImageOfPage":{"@id":"https:\/\/www.waterskis.lv\/en\/product\/jobe-prime-wake-combo-red-blue\/#primaryimage"},"image":{"@id":"https:\/\/www.waterskis.lv\/en\/product\/jobe-prime-wake-combo-red-blue\/#primaryimage"},"thumbnailUrl":"https:\/\/www.waterskis.lv\/wp-content\/uploads\/2024\/10\/211322001-zoom.jpg","datePublished":"2024-10-18T18:03:16+00:00","dateModified":"2026-01-29T10:02:13+00:00","description":"Jobe Prime Wake Combo red\/blue. This entry level wakeboard Handle features EVA profiled-grip, which provides a lively feeling. Its pencil EVA-floats keep","breadcrumb":{"@id":"https:\/\/www.waterskis.lv\/en\/product\/jobe-prime-wake-combo-red-blue\/#breadcrumb"},"inLanguage":"en-US","potentialAction":[{"@type":"ReadAction","target":["https:\/\/www.waterskis.lv\/en\/product\/jobe-prime-wake-combo-red-blue\/"]}]},{"@type":"ImageObject","inLanguage":"en-US","@id":"https:\/\/www.waterskis.lv\/en\/product\/jobe-prime-wake-combo-red-blue\/#primaryimage","url":"https:\/\/www.waterskis.lv\/wp-content\/uploads\/2024\/10\/211322001-zoom.jpg","contentUrl":"https:\/\/www.waterskis.lv\/wp-content\/uploads\/2024\/10\/211322001-zoom.jpg","width":1500,"height":1500,"caption":"Veikborda virve ar rokturi Jobe Prime Wake Combo"},{"@type":"BreadcrumbList","@id":"https:\/\/www.waterskis.lv\/en\/product\/jobe-prime-wake-combo-red-blue\/#breadcrumb","itemListElement":[{"@type":"ListItem","position":1,"name":"Home","item":"https:\/\/www.waterskis.lv\/en\/"},{"@type":"ListItem","position":2,"name":"Shop","item":"https:\/\/waterskis.lv\/en\/shop\/"},{"@type":"ListItem","position":3,"name":"Jobe Prime Wake Combo red\/blue"}]},{"@type":"WebSite","@id":"https:\/\/www.waterskis.lv\/en\/#website","url":"https:\/\/www.waterskis.lv\/en\/","name":"WATERSKIS.LV","description":"SUP d\u0113\u013ci, kajaki, kanoe, airu laivas, \u016bdenssl\u0113po\u0161ana, veikbords, SUP d\u0113\u013cu noma, kajaku nomaakt\u012bv\u0101s atp\u016btas centrs, laivu noma, sup noma, kajaku noma","publisher":{"@id":"https:\/\/www.waterskis.lv\/en\/#organization"},"potentialAction":[{"@type":"SearchAction","target":{"@type":"EntryPoint","urlTemplate":"https:\/\/www.waterskis.lv\/en\/?s={search_term_string}"},"query-input":{"@type":"PropertyValueSpecification","valueRequired":true,"valueName":"search_term_string"}}],"inLanguage":"en-US"},{"@type":"Organization","@id":"https:\/\/www.waterskis.lv\/en\/#organization","name":"WATERSKIS.LV","url":"https:\/\/www.waterskis.lv\/en\/","logo":{"@type":"ImageObject","inLanguage":"en-US","@id":"https:\/\/www.waterskis.lv\/en\/#\/schema\/logo\/image\/","url":"https:\/\/www.waterskis.lv\/wp-content\/uploads\/2025\/01\/JUVP-logo.png","contentUrl":"https:\/\/www.waterskis.lv\/wp-content\/uploads\/2025\/01\/JUVP-logo.png","width":421,"height":202,"caption":"WATERSKIS.LV"},"image":{"@id":"https:\/\/www.waterskis.lv\/en\/#\/schema\/logo\/image\/"},"sameAs":["https:\/\/www.facebook.com\/jurmalawaterskiwakeboardpark\/"]}]}},"_links":{"self":[{"href":"https:\/\/www.waterskis.lv\/en\/wp-json\/wp\/v2\/product\/56679","targetHints":{"allow":["GET"]}}],"collection":[{"href":"https:\/\/www.waterskis.lv\/en\/wp-json\/wp\/v2\/product"}],"about":[{"href":"https:\/\/www.waterskis.lv\/en\/wp-json\/wp\/v2\/types\/product"}],"replies":[{"embeddable":true,"href":"https:\/\/www.waterskis.lv\/en\/wp-json\/wp\/v2\/comments?post=56679"}],"wp:featuredmedia":[{"embeddable":true,"href":"https:\/\/www.waterskis.lv\/en\/wp-json\/wp\/v2\/media\/56674"}],"wp:attachment":[{"href":"https:\/\/www.waterskis.lv\/en\/wp-json\/wp\/v2\/media?parent=56679"}],"wp:term":[{"taxonomy":"product_brand","embeddable":true,"href":"https:\/\/www.waterskis.lv\/en\/wp-json\/wp\/v2\/product_brand?post=56679"},{"taxonomy":"product_cat","embeddable":true,"href":"https:\/\/www.waterskis.lv\/en\/wp-json\/wp\/v2\/product_cat?post=56679"},{"taxonomy":"product_tag","embeddable":true,"href":"https:\/\/www.waterskis.lv\/en\/wp-json\/wp\/v2\/product_tag?post=56679"}],"curies":[{"name":"wp","href":"https:\/\/api.w.org\/{rel}","templated":true}]}}