{"id":56704,"date":"2024-10-19T07:43:12","date_gmt":"2024-10-19T04:43:12","guid":{"rendered":"https:\/\/www.waterskis.lv\/product\/veikborda-kivere-jobe-victor-wakeboard-helmet-black\/"},"modified":"2026-02-07T17:22:01","modified_gmt":"2026-02-07T15:22:01","slug":"jobe-victor-wakeboard-helmet-black","status":"publish","type":"product","link":"https:\/\/www.waterskis.lv\/en\/product\/jobe-victor-wakeboard-helmet-black\/","title":{"rendered":"Jobe Victor Wakeboard Helmet Black"},"content":{"rendered":"<h1 class=\"productTitle s-hide\">Jobe Victor Wakeboard Helmet Black<\/h1>\n<p class=\"productTitle s-hide\">Jobe Victor Wakeboard Helmet Black<\/p>\n<p>Size: S M L XL<\/p>\n<p><span class=\"boldTitleFont uppercase blackColor fs20\">Size table<\/span><\/p>\n<div class=\"switch\"><label class=\"switch-label switch-label-off\" tabindex=\"0\" for=\"view_cm\">CM<\/label><\/div>\n<table class=\"size_guide\">\n<thead>\n<tr>\n<th>Size\u00a0<span class=\"sg_cm\">(CM)<\/span><\/th>\n<th>Head circumference\u00a0<span class=\"sg_cm\">(CM)<\/span><\/th>\n<\/tr>\n<\/thead>\n<tbody>\n<tr>\n<td><span class=\"sg_cm\">S<\/span><\/td>\n<td><span class=\"sg_cm\">53-54<\/span><\/td>\n<\/tr>\n<tr>\n<td><span class=\"sg_cm\">M<\/span><\/td>\n<td><span class=\"sg_cm\">55-56<\/span><\/td>\n<\/tr>\n<tr>\n<td><span class=\"sg_cm\">L<\/span><\/td>\n<td><span class=\"sg_cm\">57-58<\/span><\/td>\n<\/tr>\n<tr>\n<td><span class=\"sg_cm\">XL<\/span><\/td>\n<td><span class=\"sg_cm\">59-60<\/span><\/td>\n<\/tr>\n<\/tbody>\n<\/table>\n<div><\/div>\n<div id=\"productinfo\" class=\"col-12 relative\">\n<h2 class=\"title-3 fs25 mt20 mb20 boldTitleFont grey uppercase np\">Specifications<\/h2>\n<div class=\"col-12 paragraph\">Our Victor Helmet is looking and offers complete protection. Its protective ear pads and adjustable chin straps will make sure this helmet will fit like a glove and keep you safe at all times. Are you ready for this season&#8217;s serious work?<\/div>\n<div>\n<ul class=\"autoColumn checkListSmall blackCheck\">\n<li>Adjustable chin strap<\/li>\n<li>Protective ear pads<\/li>\n<li>Removable fit pad<\/li>\n<\/ul>\n<\/div>\n<div class=\"col-12 mt30 mb20\">\n<div class=\"kioskLeft \"><\/div>\n<\/div>\n<div id=\"js-flowbox-flow\" class=\"flbx-webp\" lang=\"en-GB\">\n<div class=\"bzfy-o-context\" role=\"article\" aria-label=\"Below is a carousel with posts from accounts on various social media platforms\">\n<div class=\"bzfy-t-feed-carousel\" data-testid=\"carousel\">\n<div class=\"bzfy-feed bzfy-feed--has-banner-top\">\n<div class=\"bzfy-feed-banner\">\n<div>\n<p id=\"banner-h1\" class=\"bzfy-feed-banner__tagline\">SHARE YOUR AWESOME WATERSPORTS MOMENTS WITH #JOBEMOMENTS<\/p>\n<\/div>\n<\/div>\n<div class=\"bzfy-o-container\">\n<div class=\"bzfy-c-carousel-slider-wrapper\" aria-live=\"off\">\n<div class=\"bzfy-c-carousel-slider-wrapper__inner\">\n<div class=\"slick-slider slick-initialized\">\n<div class=\"slick-list\">\n<div class=\"slick-track\">\n<div class=\"slick-slide slick-active slick-current\" tabindex=\"-1\" data-index=\"0\" aria-hidden=\"false\">\n<div>\n<div id=\"post-0\" class=\"bzfy-c-carousel-slide-wrap bzfy-c-carousel-slide-wrap--clickable\" tabindex=\"-1\" aria-label=\"1\/2\">\n<div>\n<div class=\"bzfy-c-carousel-post bzfy-c-carousel-post--minimalistic\" tabindex=\"0\" title=\"Open the dialog\" role=\"link\" data-post-key=\"55290b64-26e2-4814-aa19-fdfb517809a2\">\n<div class=\"bzfy-o-image-container\">\n<div class=\"bzfy-o-image-container__clip\"><img decoding=\"async\" class=\"bzfy-o-image\" src=\"https:\/\/d2rfa446ja7yzb.cloudfront.net\/eyJidWNrZXQiOiJtaXJyb3IuZ2V0Zmxvd2JveC5jb20uZXUtd2VzdC0xLmxpdmUiLCJrZXkiOiJhSFIwY0hNNkx5OTNkM2N1YVc1emRHRm5jbUZ0TG1OdmJTOXdMME10WVd4TlduTndOM2xUTHc9PS8wIiwiZWRpdHMiOnsidG9Gb3JtYXQiOiJ3ZWJwIiwicmVzaXplIjp7IndpZHRoIjo2NDB9fX0=\" sizes=\"697.5px\" srcset=\"https:\/\/d2rfa446ja7yzb.cloudfront.net\/eyJidWNrZXQiOiJtaXJyb3IuZ2V0Zmxvd2JveC5jb20uZXUtd2VzdC0xLmxpdmUiLCJrZXkiOiJhSFIwY0hNNkx5OTNkM2N1YVc1emRHRm5jbUZ0TG1OdmJTOXdMME10WVd4TlduTndOM2xUTHc9PS8wIiwiZWRpdHMiOnsidG9Gb3JtYXQiOiJ3ZWJwIiwicmVzaXplIjp7IndpZHRoIjoyNDB9fX0= 240w,https:\/\/d2rfa446ja7yzb.cloudfront.net\/eyJidWNrZXQiOiJtaXJyb3IuZ2V0Zmxvd2JveC5jb20uZXUtd2VzdC0xLmxpdmUiLCJrZXkiOiJhSFIwY0hNNkx5OTNkM2N1YVc1emRHRm5jbUZ0TG1OdmJTOXdMME10WVd4TlduTndOM2xUTHc9PS8wIiwiZWRpdHMiOnsidG9Gb3JtYXQiOiJ3ZWJwIiwicmVzaXplIjp7IndpZHRoIjozMjB9fX0= 320w,https:\/\/d2rfa446ja7yzb.cloudfront.net\/eyJidWNrZXQiOiJtaXJyb3IuZ2V0Zmxvd2JveC5jb20uZXUtd2VzdC0xLmxpdmUiLCJrZXkiOiJhSFIwY0hNNkx5OTNkM2N1YVc1emRHRm5jbUZ0TG1OdmJTOXdMME10WVd4TlduTndOM2xUTHc9PS8wIiwiZWRpdHMiOnsidG9Gb3JtYXQiOiJ3ZWJwIiwicmVzaXplIjp7IndpZHRoIjo0ODB9fX0= 480w,https:\/\/d2rfa446ja7yzb.cloudfront.net\/eyJidWNrZXQiOiJtaXJyb3IuZ2V0Zmxvd2JveC5jb20uZXUtd2VzdC0xLmxpdmUiLCJrZXkiOiJhSFIwY0hNNkx5OTNkM2N1YVc1emRHRm5jbUZ0TG1OdmJTOXdMME10WVd4TlduTndOM2xUTHc9PS8wIiwiZWRpdHMiOnsidG9Gb3JtYXQiOiJ3ZWJwIiwicmVzaXplIjp7IndpZHRoIjo2NDB9fX0= 640w\" alt=\"Photo by jobewatersports published at 8 August 2024. Learning some new wakeboard tricks! \ud83c\udfc4\u200d\u2642\ufe0f\" \/><\/div>\n<\/div>\n<\/div>\n<\/div>\n<\/div>\n<\/div>\n<\/div>\n<div class=\"slick-slide slick-active\" tabindex=\"-1\" data-index=\"1\" aria-hidden=\"false\">\n<div>\n<div id=\"post-1\" class=\"bzfy-c-carousel-slide-wrap bzfy-c-carousel-slide-wrap--clickable\" tabindex=\"-1\" aria-label=\"2\/2\">\n<div>\n<div class=\"bzfy-c-carousel-post bzfy-c-carousel-post--minimalistic\" tabindex=\"0\" title=\"Open the dialog\" role=\"link\" data-post-key=\"UNhmQ195Qz2GVKA8WuBoiA\">\n<div class=\"bzfy-o-image-container\">\n<div class=\"bzfy-o-image-container__clip\"><img decoding=\"async\" class=\"bzfy-o-image\" src=\"https:\/\/d2rfa446ja7yzb.cloudfront.net\/eyJidWNrZXQiOiJtaXJyb3IuZ2V0Zmxvd2JveC5jb20uZXUtd2VzdC0xLmxpdmUiLCJrZXkiOiJhSFIwY0hNNkx5OTNkM2N1YVc1emRHRm5jbUZ0TG1OdmJTOXdMME4yVjE5UFEyNUxjbXRHTHc9PS8wIiwiZWRpdHMiOnsidG9Gb3JtYXQiOiJ3ZWJwIiwicmVzaXplIjp7IndpZHRoIjo2NDB9fX0=\" sizes=\"697.5px\" srcset=\"https:\/\/d2rfa446ja7yzb.cloudfront.net\/eyJidWNrZXQiOiJtaXJyb3IuZ2V0Zmxvd2JveC5jb20uZXUtd2VzdC0xLmxpdmUiLCJrZXkiOiJhSFIwY0hNNkx5OTNkM2N1YVc1emRHRm5jbUZ0TG1OdmJTOXdMME4yVjE5UFEyNUxjbXRHTHc9PS8wIiwiZWRpdHMiOnsidG9Gb3JtYXQiOiJ3ZWJwIiwicmVzaXplIjp7IndpZHRoIjoyNDB9fX0= 240w,https:\/\/d2rfa446ja7yzb.cloudfront.net\/eyJidWNrZXQiOiJtaXJyb3IuZ2V0Zmxvd2JveC5jb20uZXUtd2VzdC0xLmxpdmUiLCJrZXkiOiJhSFIwY0hNNkx5OTNkM2N1YVc1emRHRm5jbUZ0TG1OdmJTOXdMME4yVjE5UFEyNUxjbXRHTHc9PS8wIiwiZWRpdHMiOnsidG9Gb3JtYXQiOiJ3ZWJwIiwicmVzaXplIjp7IndpZHRoIjozMjB9fX0= 320w,https:\/\/d2rfa446ja7yzb.cloudfront.net\/eyJidWNrZXQiOiJtaXJyb3IuZ2V0Zmxvd2JveC5jb20uZXUtd2VzdC0xLmxpdmUiLCJrZXkiOiJhSFIwY0hNNkx5OTNkM2N1YVc1emRHRm5jbUZ0TG1OdmJTOXdMME4yVjE5UFEyNUxjbXRHTHc9PS8wIiwiZWRpdHMiOnsidG9Gb3JtYXQiOiJ3ZWJwIiwicmVzaXplIjp7IndpZHRoIjo0ODB9fX0= 480w,https:\/\/d2rfa446ja7yzb.cloudfront.net\/eyJidWNrZXQiOiJtaXJyb3IuZ2V0Zmxvd2JveC5jb20uZXUtd2VzdC0xLmxpdmUiLCJrZXkiOiJhSFIwY0hNNkx5OTNkM2N1YVc1emRHRm5jbUZ0TG1OdmJTOXdMME4yVjE5UFEyNUxjbXRHTHc9PS8wIiwiZWRpdHMiOnsidG9Gb3JtYXQiOiJ3ZWJwIiwicmVzaXplIjp7IndpZHRoIjo2NDB9fX0= 640w\" alt=\"Photo by saralvt_ published at 31 July 2023\" \/><\/div>\n<\/div>\n<\/div>\n<\/div>\n<\/div>\n<\/div>\n<\/div>\n<\/div>\n<\/div>\n<\/div>\n<\/div>\n<\/div>\n<\/div>\n<\/div>\n<\/div>\n<\/div>\n<\/div>\n<\/div>\n<div id=\"reviews\" class=\"col-12 reviews\"><\/div>\n","protected":false},"excerpt":{"rendered":"<p><span class=\"boldTitleFont uppercase blackColor fs20\">Size table<\/span><\/p>\n<div class=\"switch\"><label class=\"switch-label switch-label-off\" tabindex=\"0\" for=\"view_cm\">CM<\/label><\/div>\n<table class=\"size_guide\">\n<thead>\n<tr>\n<th>Size\u00a0<span class=\"sg_cm\">(CM)<\/span><\/th>\n<th>Head circumference\u00a0<span class=\"sg_cm\">(CM)<\/span><\/th>\n<\/tr>\n<\/thead>\n<tbody>\n<tr>\n<td><span class=\"sg_cm\">S<\/span><\/td>\n<td><span class=\"sg_cm\">53-54<\/span><\/td>\n<\/tr>\n<tr>\n<td><span class=\"sg_cm\">M<\/span><\/td>\n<td><span class=\"sg_cm\">55-56<\/span><\/td>\n<\/tr>\n<tr>\n<td><span class=\"sg_cm\">L<\/span><\/td>\n<td><span class=\"sg_cm\">57-58<\/span><\/td>\n<\/tr>\n<tr>\n<td><span class=\"sg_cm\">XL<\/span><\/td>\n<td><span class=\"sg_cm\">59-60<\/span><\/td>\n<\/tr>\n<\/tbody>\n<\/table>\n<p> [&#8230;]<\/p>\n<p><a class=\"btn btn-secondary understrap-read-more-link\" href=\"https:\/\/www.waterskis.lv\/en\/product\/jobe-victor-wakeboard-helmet-black\/\">Read More&#8230;<\/a><\/p>\n","protected":false},"featured_media":56702,"comment_status":"closed","ping_status":"closed","template":"","meta":{"_acf_changed":false,"inline_featured_image":false},"product_brand":[1330],"product_cat":[736,739],"product_tag":[3768,3108,3769,3774,3775,3770,3771,3772,3773,3778,3776,3777,3780,3781,3784,3783,3782,3779],"class_list":{"0":"post-56704","1":"product","2":"type-product","3":"status-publish","4":"has-post-thumbnail","6":"product_brand-jobe-watersports","7":"product_cat-apparel-wetsuits","8":"product_cat-helmets","9":"product_tag-airesanas-kivere","10":"product_tag-helmet","11":"product_tag-kivere","12":"product_tag-paddling-helmet","13":"product_tag-sup-board-helmet","14":"product_tag-sup-dela-kivere","15":"product_tag-udenssleposanas-kivere","16":"product_tag-udenssporta-kivere","17":"product_tag-veikborda-kivere","18":"product_tag-wakeboard-helmet","19":"product_tag-water-skiing-helmet","20":"product_tag-water-sports-helmet","21":"product_tag-3780","22":"product_tag---sup-","23":"product_tag-3784","24":"product_tag-3783","25":"product_tag-3782","26":"product_tag-3779","28":"first","29":"instock","30":"shipping-taxable","31":"purchasable","32":"product-type-simple"},"acf":[],"yoast_head":"<!-- This site is optimized with the Yoast SEO plugin v27.4 - https:\/\/yoast.com\/product\/yoast-seo-wordpress\/ -->\n<title>Jobe Victor Wakeboard Helmet Black - WATERSKIS.LV<\/title>\n<meta name=\"description\" content=\"Jobe Victor Wakeboard Helmet Black is looking and offers complete protection. Its protective ear pads and adjustable chin straps will make sure this helmet\" \/>\n<meta name=\"robots\" content=\"index, follow, max-snippet:-1, max-image-preview:large, max-video-preview:-1\" \/>\n<link rel=\"canonical\" href=\"https:\/\/www.waterskis.lv\/en\/product\/jobe-victor-wakeboard-helmet-black\/\" \/>\n<meta property=\"og:locale\" content=\"en_US\" \/>\n<meta property=\"og:type\" content=\"article\" \/>\n<meta property=\"og:title\" content=\"Jobe Victor Wakeboard Helmet Black - WATERSKIS.LV\" \/>\n<meta property=\"og:description\" content=\"Jobe Victor Wakeboard Helmet Black is looking and offers complete protection. Its protective ear pads and adjustable chin straps will make sure this helmet\" \/>\n<meta property=\"og:url\" content=\"https:\/\/www.waterskis.lv\/en\/product\/jobe-victor-wakeboard-helmet-black\/\" \/>\n<meta property=\"og:site_name\" content=\"WATERSKIS.LV\" \/>\n<meta property=\"article:publisher\" content=\"https:\/\/www.facebook.com\/jurmalawaterskiwakeboardpark\/\" \/>\n<meta property=\"article:modified_time\" content=\"2026-02-07T15:22:01+00:00\" \/>\n<meta property=\"og:image\" content=\"https:\/\/www.waterskis.lv\/wp-content\/uploads\/2024\/10\/370018001-zoom.jpg\" \/>\n\t<meta property=\"og:image:width\" content=\"1500\" \/>\n\t<meta property=\"og:image:height\" content=\"1500\" \/>\n\t<meta property=\"og:image:type\" content=\"image\/jpeg\" \/>\n<meta name=\"twitter:card\" content=\"summary_large_image\" \/>\n<meta name=\"twitter:label1\" content=\"Est. reading time\" \/>\n\t<meta name=\"twitter:data1\" content=\"2 minutes\" \/>\n<script type=\"application\/ld+json\" class=\"yoast-schema-graph\">{\"@context\":\"https:\\\/\\\/schema.org\",\"@graph\":[{\"@type\":\"WebPage\",\"@id\":\"https:\\\/\\\/www.waterskis.lv\\\/en\\\/product\\\/jobe-victor-wakeboard-helmet-black\\\/\",\"url\":\"https:\\\/\\\/www.waterskis.lv\\\/en\\\/product\\\/jobe-victor-wakeboard-helmet-black\\\/\",\"name\":\"Jobe Victor Wakeboard Helmet Black - WATERSKIS.LV\",\"isPartOf\":{\"@id\":\"https:\\\/\\\/www.waterskis.lv\\\/en\\\/#website\"},\"primaryImageOfPage\":{\"@id\":\"https:\\\/\\\/www.waterskis.lv\\\/en\\\/product\\\/jobe-victor-wakeboard-helmet-black\\\/#primaryimage\"},\"image\":{\"@id\":\"https:\\\/\\\/www.waterskis.lv\\\/en\\\/product\\\/jobe-victor-wakeboard-helmet-black\\\/#primaryimage\"},\"thumbnailUrl\":\"https:\\\/\\\/www.waterskis.lv\\\/wp-content\\\/uploads\\\/2024\\\/10\\\/370018001-zoom.jpg\",\"datePublished\":\"2024-10-19T04:43:12+00:00\",\"dateModified\":\"2026-02-07T15:22:01+00:00\",\"description\":\"Jobe Victor Wakeboard Helmet Black is looking and offers complete protection. Its protective ear pads and adjustable chin straps will make sure this helmet\",\"breadcrumb\":{\"@id\":\"https:\\\/\\\/www.waterskis.lv\\\/en\\\/product\\\/jobe-victor-wakeboard-helmet-black\\\/#breadcrumb\"},\"inLanguage\":\"en-US\",\"potentialAction\":[{\"@type\":\"ReadAction\",\"target\":[\"https:\\\/\\\/www.waterskis.lv\\\/en\\\/product\\\/jobe-victor-wakeboard-helmet-black\\\/\"]}]},{\"@type\":\"ImageObject\",\"inLanguage\":\"en-US\",\"@id\":\"https:\\\/\\\/www.waterskis.lv\\\/en\\\/product\\\/jobe-victor-wakeboard-helmet-black\\\/#primaryimage\",\"url\":\"https:\\\/\\\/www.waterskis.lv\\\/wp-content\\\/uploads\\\/2024\\\/10\\\/370018001-zoom.jpg\",\"contentUrl\":\"https:\\\/\\\/www.waterskis.lv\\\/wp-content\\\/uploads\\\/2024\\\/10\\\/370018001-zoom.jpg\",\"width\":1500,\"height\":1500,\"caption\":\"Veikborda \u0137ivere Jobe Victor Wakeboard Helmet Black\"},{\"@type\":\"BreadcrumbList\",\"@id\":\"https:\\\/\\\/www.waterskis.lv\\\/en\\\/product\\\/jobe-victor-wakeboard-helmet-black\\\/#breadcrumb\",\"itemListElement\":[{\"@type\":\"ListItem\",\"position\":1,\"name\":\"Home\",\"item\":\"https:\\\/\\\/www.waterskis.lv\\\/en\\\/\"},{\"@type\":\"ListItem\",\"position\":2,\"name\":\"Shop\",\"item\":\"https:\\\/\\\/waterskis.lv\\\/en\\\/shop\\\/\"},{\"@type\":\"ListItem\",\"position\":3,\"name\":\"Jobe Victor Wakeboard Helmet Black\"}]},{\"@type\":\"WebSite\",\"@id\":\"https:\\\/\\\/www.waterskis.lv\\\/en\\\/#website\",\"url\":\"https:\\\/\\\/www.waterskis.lv\\\/en\\\/\",\"name\":\"WATERSKIS.LV\",\"description\":\"SUP d\u0113\u013ci, kajaki, kanoe, airu laivas, \u016bdenssl\u0113po\u0161ana, veikbords, SUP d\u0113\u013cu noma, kajaku nomaakt\u012bv\u0101s atp\u016btas centrs, laivu noma, sup noma, kajaku noma\",\"publisher\":{\"@id\":\"https:\\\/\\\/www.waterskis.lv\\\/en\\\/#organization\"},\"potentialAction\":[{\"@type\":\"SearchAction\",\"target\":{\"@type\":\"EntryPoint\",\"urlTemplate\":\"https:\\\/\\\/www.waterskis.lv\\\/en\\\/?s={search_term_string}\"},\"query-input\":{\"@type\":\"PropertyValueSpecification\",\"valueRequired\":true,\"valueName\":\"search_term_string\"}}],\"inLanguage\":\"en-US\"},{\"@type\":\"Organization\",\"@id\":\"https:\\\/\\\/www.waterskis.lv\\\/en\\\/#organization\",\"name\":\"WATERSKIS.LV\",\"url\":\"https:\\\/\\\/www.waterskis.lv\\\/en\\\/\",\"logo\":{\"@type\":\"ImageObject\",\"inLanguage\":\"en-US\",\"@id\":\"https:\\\/\\\/www.waterskis.lv\\\/en\\\/#\\\/schema\\\/logo\\\/image\\\/\",\"url\":\"https:\\\/\\\/www.waterskis.lv\\\/wp-content\\\/uploads\\\/2025\\\/01\\\/JUVP-logo.png\",\"contentUrl\":\"https:\\\/\\\/www.waterskis.lv\\\/wp-content\\\/uploads\\\/2025\\\/01\\\/JUVP-logo.png\",\"width\":421,\"height\":202,\"caption\":\"WATERSKIS.LV\"},\"image\":{\"@id\":\"https:\\\/\\\/www.waterskis.lv\\\/en\\\/#\\\/schema\\\/logo\\\/image\\\/\"},\"sameAs\":[\"https:\\\/\\\/www.facebook.com\\\/jurmalawaterskiwakeboardpark\\\/\"]}]}<\/script>\n<!-- \/ Yoast SEO plugin. -->","yoast_head_json":{"title":"Jobe Victor Wakeboard Helmet Black - WATERSKIS.LV","description":"Jobe Victor Wakeboard Helmet Black is looking and offers complete protection. Its protective ear pads and adjustable chin straps will make sure this helmet","robots":{"index":"index","follow":"follow","max-snippet":"max-snippet:-1","max-image-preview":"max-image-preview:large","max-video-preview":"max-video-preview:-1"},"canonical":"https:\/\/www.waterskis.lv\/en\/product\/jobe-victor-wakeboard-helmet-black\/","og_locale":"en_US","og_type":"article","og_title":"Jobe Victor Wakeboard Helmet Black - WATERSKIS.LV","og_description":"Jobe Victor Wakeboard Helmet Black is looking and offers complete protection. Its protective ear pads and adjustable chin straps will make sure this helmet","og_url":"https:\/\/www.waterskis.lv\/en\/product\/jobe-victor-wakeboard-helmet-black\/","og_site_name":"WATERSKIS.LV","article_publisher":"https:\/\/www.facebook.com\/jurmalawaterskiwakeboardpark\/","article_modified_time":"2026-02-07T15:22:01+00:00","og_image":[{"width":1500,"height":1500,"url":"https:\/\/www.waterskis.lv\/wp-content\/uploads\/2024\/10\/370018001-zoom.jpg","type":"image\/jpeg"}],"twitter_card":"summary_large_image","twitter_misc":{"Est. reading time":"2 minutes"},"schema":{"@context":"https:\/\/schema.org","@graph":[{"@type":"WebPage","@id":"https:\/\/www.waterskis.lv\/en\/product\/jobe-victor-wakeboard-helmet-black\/","url":"https:\/\/www.waterskis.lv\/en\/product\/jobe-victor-wakeboard-helmet-black\/","name":"Jobe Victor Wakeboard Helmet Black - WATERSKIS.LV","isPartOf":{"@id":"https:\/\/www.waterskis.lv\/en\/#website"},"primaryImageOfPage":{"@id":"https:\/\/www.waterskis.lv\/en\/product\/jobe-victor-wakeboard-helmet-black\/#primaryimage"},"image":{"@id":"https:\/\/www.waterskis.lv\/en\/product\/jobe-victor-wakeboard-helmet-black\/#primaryimage"},"thumbnailUrl":"https:\/\/www.waterskis.lv\/wp-content\/uploads\/2024\/10\/370018001-zoom.jpg","datePublished":"2024-10-19T04:43:12+00:00","dateModified":"2026-02-07T15:22:01+00:00","description":"Jobe Victor Wakeboard Helmet Black is looking and offers complete protection. Its protective ear pads and adjustable chin straps will make sure this helmet","breadcrumb":{"@id":"https:\/\/www.waterskis.lv\/en\/product\/jobe-victor-wakeboard-helmet-black\/#breadcrumb"},"inLanguage":"en-US","potentialAction":[{"@type":"ReadAction","target":["https:\/\/www.waterskis.lv\/en\/product\/jobe-victor-wakeboard-helmet-black\/"]}]},{"@type":"ImageObject","inLanguage":"en-US","@id":"https:\/\/www.waterskis.lv\/en\/product\/jobe-victor-wakeboard-helmet-black\/#primaryimage","url":"https:\/\/www.waterskis.lv\/wp-content\/uploads\/2024\/10\/370018001-zoom.jpg","contentUrl":"https:\/\/www.waterskis.lv\/wp-content\/uploads\/2024\/10\/370018001-zoom.jpg","width":1500,"height":1500,"caption":"Veikborda \u0137ivere Jobe Victor Wakeboard Helmet Black"},{"@type":"BreadcrumbList","@id":"https:\/\/www.waterskis.lv\/en\/product\/jobe-victor-wakeboard-helmet-black\/#breadcrumb","itemListElement":[{"@type":"ListItem","position":1,"name":"Home","item":"https:\/\/www.waterskis.lv\/en\/"},{"@type":"ListItem","position":2,"name":"Shop","item":"https:\/\/waterskis.lv\/en\/shop\/"},{"@type":"ListItem","position":3,"name":"Jobe Victor Wakeboard Helmet Black"}]},{"@type":"WebSite","@id":"https:\/\/www.waterskis.lv\/en\/#website","url":"https:\/\/www.waterskis.lv\/en\/","name":"WATERSKIS.LV","description":"SUP d\u0113\u013ci, kajaki, kanoe, airu laivas, \u016bdenssl\u0113po\u0161ana, veikbords, SUP d\u0113\u013cu noma, kajaku nomaakt\u012bv\u0101s atp\u016btas centrs, laivu noma, sup noma, kajaku noma","publisher":{"@id":"https:\/\/www.waterskis.lv\/en\/#organization"},"potentialAction":[{"@type":"SearchAction","target":{"@type":"EntryPoint","urlTemplate":"https:\/\/www.waterskis.lv\/en\/?s={search_term_string}"},"query-input":{"@type":"PropertyValueSpecification","valueRequired":true,"valueName":"search_term_string"}}],"inLanguage":"en-US"},{"@type":"Organization","@id":"https:\/\/www.waterskis.lv\/en\/#organization","name":"WATERSKIS.LV","url":"https:\/\/www.waterskis.lv\/en\/","logo":{"@type":"ImageObject","inLanguage":"en-US","@id":"https:\/\/www.waterskis.lv\/en\/#\/schema\/logo\/image\/","url":"https:\/\/www.waterskis.lv\/wp-content\/uploads\/2025\/01\/JUVP-logo.png","contentUrl":"https:\/\/www.waterskis.lv\/wp-content\/uploads\/2025\/01\/JUVP-logo.png","width":421,"height":202,"caption":"WATERSKIS.LV"},"image":{"@id":"https:\/\/www.waterskis.lv\/en\/#\/schema\/logo\/image\/"},"sameAs":["https:\/\/www.facebook.com\/jurmalawaterskiwakeboardpark\/"]}]}},"_links":{"self":[{"href":"https:\/\/www.waterskis.lv\/en\/wp-json\/wp\/v2\/product\/56704","targetHints":{"allow":["GET"]}}],"collection":[{"href":"https:\/\/www.waterskis.lv\/en\/wp-json\/wp\/v2\/product"}],"about":[{"href":"https:\/\/www.waterskis.lv\/en\/wp-json\/wp\/v2\/types\/product"}],"replies":[{"embeddable":true,"href":"https:\/\/www.waterskis.lv\/en\/wp-json\/wp\/v2\/comments?post=56704"}],"wp:featuredmedia":[{"embeddable":true,"href":"https:\/\/www.waterskis.lv\/en\/wp-json\/wp\/v2\/media\/56702"}],"wp:attachment":[{"href":"https:\/\/www.waterskis.lv\/en\/wp-json\/wp\/v2\/media?parent=56704"}],"wp:term":[{"taxonomy":"product_brand","embeddable":true,"href":"https:\/\/www.waterskis.lv\/en\/wp-json\/wp\/v2\/product_brand?post=56704"},{"taxonomy":"product_cat","embeddable":true,"href":"https:\/\/www.waterskis.lv\/en\/wp-json\/wp\/v2\/product_cat?post=56704"},{"taxonomy":"product_tag","embeddable":true,"href":"https:\/\/www.waterskis.lv\/en\/wp-json\/wp\/v2\/product_tag?post=56704"}],"curies":[{"name":"wp","href":"https:\/\/api.w.org\/{rel}","templated":true}]}}