{"id":56788,"date":"2024-10-19T20:34:25","date_gmt":"2024-10-19T17:34:25","guid":{"rendered":"https:\/\/www.waterskis.lv\/product\/piepusams-vienvietigs-kajaks-ho-sports-beacon-drop-stitch-kayak\/"},"modified":"2026-02-02T17:48:10","modified_gmt":"2026-02-02T15:48:10","slug":"ho-sports-beacon-drop-stitch-kayak-1-person-performance-touring","status":"publish","type":"product","link":"https:\/\/www.waterskis.lv\/en\/product\/ho-sports-beacon-drop-stitch-kayak-1-person-performance-touring\/","title":{"rendered":"HO Sports Beacon Drop Stitch Kayak &#8211; 1 Person &#8211; Performance Touring"},"content":{"rendered":"<h1>HO Sports Beacon Drop Stitch Kayak &#8211; 1 Person &#8211; Performance Touring<\/h1>\n<p>HO Sports Beacon Drop Stitch Kayak &#8211; 1 Person &#8211; Performance Touring<\/p>\n<h3>Description<\/h3>\n<h4><strong>Buy your HO Sports Beacon Kayak now @ waterskis.lv, Your Online Pro Kayak Store.<\/strong><\/h4>\n<p>The HO Sports Beacon iKayak from HO Sports is the kayak of choice for adventure seekers who want a lightweight, easy-use, inflatable kayak. The HO Sports Beacon Kayak offers the performance of a rigid kayak with the convenience and portability of being inflatable. The HO Sports Beacon\u2019s three inflation chambers make inflation\/deflation a snap while the RIGID Drop-Stitch floor won\u2019t bend or fold like many inflatable kayaks.<\/p>\n<p>With two bungee storage zones on the top and plenty of storage in the cockpit area, you will have ample room for all your gear with the HO Sports Beacon\u2019s open-top design. The HO Sports Beacon Kayak comes with an adjustable 4-piece paddle, ergonomic high-back seat with storage pocket and built-in fishing rod holder, dual-action hand pump and a heavy-duty backpack big enough to fit everything inside\u2026everything you need to realize your kayak adventures!<\/p>\n<h4><strong>HO Sports Beacon Kayak &#8211; 1 Person &#8211; Performance Touring Construction Features<\/strong><\/h4>\n<ul>\n<li>Best For:\u00a01-person performance touring.<\/li>\n<li>Capacity:\u00a01-person 200kg max weight.<\/li>\n<li>Rigid Drop-Stitch Floor for superior performance<\/li>\n<li>Durable Nylon cover<\/li>\n<li>EASY to inflate and deflate with 3 easy to fill\/empty chambers<\/li>\n<li>Includes dual-action hand pump for quick inflation<\/li>\n<li>Paddle holders (2) \u2013 one on each side of the kayak<\/li>\n<li>Welded Tarpaulin base for durability and performance<\/li>\n<li>Adjustable, ergonomic high-back Seat with storage pocket and rod holders<\/li>\n<li>Tool-less Fin tracks great and is easy to use<\/li>\n<li>Bungee storage on front and back<\/li>\n<li>Reinforced bow and stern for stability and durability<\/li>\n<li>Heavy-duty backpack for storing all items &#8211; making storage and transport simple and fast<\/li>\n<\/ul>\n<h4><strong>HO Sports Beacon Kayak &#8211; 1 Person &#8211; Performance Touring Capacity<\/strong><\/h4>\n<ul>\n<li>Capacity:\u00a01-person 200kg max weight.<\/li>\n<\/ul>\n<h4><strong>HO Sports Beacon Kayak &#8211; 1 Person &#8211; Performance Touring Dimensions<\/strong><\/h4>\n<ul>\n<li>13&#8242; \/ 396cm L<\/li>\n<li>36\u201d \/ 94.44cm W<\/li>\n<li>Travel weight of only 13.6kg when packed up<\/li>\n<\/ul>\n<h4><strong>HO Sports Beacon Kayak &#8211; 1 Person &#8211; Performance Touring Includes\u00a0<\/strong><\/h4>\n<ul>\n<li>1 Beacon Kayak<\/li>\n<li>1 Kayak Paddle<\/li>\n<li>1 High Back Kayak Seat w\/ Rod Holders<\/li>\n<li>1 Dual Action Hand Pump<\/li>\n<li>1 Tool-less Fin<\/li>\n<li>1 Heavy Duty Backpack<\/li>\n<li>1 Repair Kit<\/li>\n<\/ul>\n","protected":false},"excerpt":{"rendered":"<p>HO Sports Beacon Drop Stitch Kayak &#8211; 1 Person &#8211; Performance Touring HO Sports Beacon Drop Stitch Kayak &#8211; 1 Person &#8211; Performance Touring Description Buy your HO Sports Beacon Kayak now @ waterskis.lv, Your Online Pro Kayak Store. The HO Sports Beacon iKayak from HO Sports is the kayak of choice for adventure seekers [&#8230;]<\/p>\n<p><a class=\"btn btn-secondary understrap-read-more-link\" href=\"https:\/\/www.waterskis.lv\/en\/product\/ho-sports-beacon-drop-stitch-kayak-1-person-performance-touring\/\">Read More&#8230;<\/a><\/p>\n","protected":false},"featured_media":56768,"comment_status":"closed","ping_status":"closed","template":"","meta":{"_acf_changed":false,"inline_featured_image":false},"product_brand":[2368],"product_cat":[687,686,507,1223,361],"product_tag":[3265,3268,3264,3278,3267,3277,3279,3266,3280,3176,3276,3273,3275,3274],"class_list":{"0":"post-56788","1":"product","2":"type-product","3":"status-publish","4":"has-post-thumbnail","6":"product_brand-ho-sports","7":"product_cat-all-inflatable-kayaks","8":"product_cat-inflatable-kayaks","9":"product_cat-kayaks","10":"product_cat-other-inflatable-kayaks","11":"product_cat-sale","12":"product_tag-aufblasbares-kajak","13":"product_tag-inflatable-kayak","14":"product_tag-kajak","15":"product_tag-kajaks","16":"product_tag-kayak","17":"product_tag-piepusams-kajaks","18":"product_tag-smailite","19":"product_tag-supkajak","20":"product_tag-supkajaks","21":"product_tag-supkayak","22":"product_tag-3276","23":"product_tag-3273","24":"product_tag-3275","25":"product_tag-3274","27":"first","28":"instock","29":"sale","30":"shipping-taxable","31":"purchasable","32":"product-type-simple"},"acf":[],"yoast_head":"<!-- This site is optimized with the Yoast SEO plugin v27.6 - https:\/\/yoast.com\/product\/yoast-seo-wordpress\/ -->\n<title>HO Sports Beacon Drop Stitch Kayak - 1 Person - Performance Touring - WATERSKIS.LV<\/title>\n<meta name=\"description\" content=\"HO Sports Beacon Drop Stitch Kayak - 1 Person - Performance Touring is the kayak for adventure seekers who want a lightweight, easy-use, inflatable kayak.\" \/>\n<meta name=\"robots\" content=\"index, follow, max-snippet:-1, max-image-preview:large, max-video-preview:-1\" \/>\n<link rel=\"canonical\" href=\"https:\/\/www.waterskis.lv\/en\/product\/ho-sports-beacon-drop-stitch-kayak-1-person-performance-touring\/\" \/>\n<meta property=\"og:locale\" content=\"en_US\" \/>\n<meta property=\"og:type\" content=\"article\" \/>\n<meta property=\"og:title\" content=\"HO Sports Beacon Drop Stitch Kayak - 1 Person - Performance Touring - WATERSKIS.LV\" \/>\n<meta property=\"og:description\" content=\"HO Sports Beacon Drop Stitch Kayak - 1 Person - Performance Touring is the kayak for adventure seekers who want a lightweight, easy-use, inflatable kayak.\" \/>\n<meta property=\"og:url\" content=\"https:\/\/www.waterskis.lv\/en\/product\/ho-sports-beacon-drop-stitch-kayak-1-person-performance-touring\/\" \/>\n<meta property=\"og:site_name\" content=\"WATERSKIS.LV\" \/>\n<meta property=\"article:publisher\" content=\"https:\/\/www.facebook.com\/jurmalawaterskiwakeboardpark\/\" \/>\n<meta property=\"article:modified_time\" content=\"2026-02-02T15:48:10+00:00\" \/>\n<meta property=\"og:image\" content=\"https:\/\/www.waterskis.lv\/wp-content\/uploads\/2024\/10\/81eym520aol._ac_uf1000_1000_ql80_.jpg\" \/>\n\t<meta property=\"og:image:width\" content=\"1000\" \/>\n\t<meta property=\"og:image:height\" content=\"1000\" \/>\n\t<meta property=\"og:image:type\" content=\"image\/jpeg\" \/>\n<meta name=\"twitter:card\" content=\"summary_large_image\" \/>\n<meta name=\"twitter:label1\" content=\"Est. reading time\" \/>\n\t<meta name=\"twitter:data1\" content=\"3 minutes\" \/>\n<script type=\"application\/ld+json\" class=\"yoast-schema-graph\">{\"@context\":\"https:\\\/\\\/schema.org\",\"@graph\":[{\"@type\":\"WebPage\",\"@id\":\"https:\\\/\\\/www.waterskis.lv\\\/en\\\/product\\\/ho-sports-beacon-drop-stitch-kayak-1-person-performance-touring\\\/\",\"url\":\"https:\\\/\\\/www.waterskis.lv\\\/en\\\/product\\\/ho-sports-beacon-drop-stitch-kayak-1-person-performance-touring\\\/\",\"name\":\"HO Sports Beacon Drop Stitch Kayak - 1 Person - Performance Touring - WATERSKIS.LV\",\"isPartOf\":{\"@id\":\"https:\\\/\\\/www.waterskis.lv\\\/en\\\/#website\"},\"primaryImageOfPage\":{\"@id\":\"https:\\\/\\\/www.waterskis.lv\\\/en\\\/product\\\/ho-sports-beacon-drop-stitch-kayak-1-person-performance-touring\\\/#primaryimage\"},\"image\":{\"@id\":\"https:\\\/\\\/www.waterskis.lv\\\/en\\\/product\\\/ho-sports-beacon-drop-stitch-kayak-1-person-performance-touring\\\/#primaryimage\"},\"thumbnailUrl\":\"https:\\\/\\\/www.waterskis.lv\\\/wp-content\\\/uploads\\\/2024\\\/10\\\/81eym520aol._ac_uf1000_1000_ql80_.jpg\",\"datePublished\":\"2024-10-19T17:34:25+00:00\",\"dateModified\":\"2026-02-02T15:48:10+00:00\",\"description\":\"HO Sports Beacon Drop Stitch Kayak - 1 Person - Performance Touring is the kayak for adventure seekers who want a lightweight, easy-use, inflatable kayak.\",\"breadcrumb\":{\"@id\":\"https:\\\/\\\/www.waterskis.lv\\\/en\\\/product\\\/ho-sports-beacon-drop-stitch-kayak-1-person-performance-touring\\\/#breadcrumb\"},\"inLanguage\":\"en-US\",\"potentialAction\":[{\"@type\":\"ReadAction\",\"target\":[\"https:\\\/\\\/www.waterskis.lv\\\/en\\\/product\\\/ho-sports-beacon-drop-stitch-kayak-1-person-performance-touring\\\/\"]}]},{\"@type\":\"ImageObject\",\"inLanguage\":\"en-US\",\"@id\":\"https:\\\/\\\/www.waterskis.lv\\\/en\\\/product\\\/ho-sports-beacon-drop-stitch-kayak-1-person-performance-touring\\\/#primaryimage\",\"url\":\"https:\\\/\\\/www.waterskis.lv\\\/wp-content\\\/uploads\\\/2024\\\/10\\\/81eym520aol._ac_uf1000_1000_ql80_.jpg\",\"contentUrl\":\"https:\\\/\\\/www.waterskis.lv\\\/wp-content\\\/uploads\\\/2024\\\/10\\\/81eym520aol._ac_uf1000_1000_ql80_.jpg\",\"width\":1000,\"height\":1000,\"caption\":\"Piep\u016b\u0161ams vienviet\u012bgs kajaks HO Sports Beacon Drop Stitch Kayak\"},{\"@type\":\"BreadcrumbList\",\"@id\":\"https:\\\/\\\/www.waterskis.lv\\\/en\\\/product\\\/ho-sports-beacon-drop-stitch-kayak-1-person-performance-touring\\\/#breadcrumb\",\"itemListElement\":[{\"@type\":\"ListItem\",\"position\":1,\"name\":\"Home\",\"item\":\"https:\\\/\\\/www.waterskis.lv\\\/en\\\/\"},{\"@type\":\"ListItem\",\"position\":2,\"name\":\"Shop\",\"item\":\"https:\\\/\\\/waterskis.lv\\\/en\\\/shop\\\/\"},{\"@type\":\"ListItem\",\"position\":3,\"name\":\"HO Sports Beacon Drop Stitch Kayak &#8211; 1 Person &#8211; Performance Touring\"}]},{\"@type\":\"WebSite\",\"@id\":\"https:\\\/\\\/www.waterskis.lv\\\/en\\\/#website\",\"url\":\"https:\\\/\\\/www.waterskis.lv\\\/en\\\/\",\"name\":\"WATERSKIS.LV\",\"description\":\"SUP d\u0113\u013ci, kajaki, kanoe, airu laivas, \u016bdenssl\u0113po\u0161ana, veikbords, SUP d\u0113\u013cu noma, kajaku nomaakt\u012bv\u0101s atp\u016btas centrs, laivu noma, sup noma, kajaku noma\",\"publisher\":{\"@id\":\"https:\\\/\\\/www.waterskis.lv\\\/en\\\/#organization\"},\"potentialAction\":[{\"@type\":\"SearchAction\",\"target\":{\"@type\":\"EntryPoint\",\"urlTemplate\":\"https:\\\/\\\/www.waterskis.lv\\\/en\\\/?s={search_term_string}\"},\"query-input\":{\"@type\":\"PropertyValueSpecification\",\"valueRequired\":true,\"valueName\":\"search_term_string\"}}],\"inLanguage\":\"en-US\"},{\"@type\":\"Organization\",\"@id\":\"https:\\\/\\\/www.waterskis.lv\\\/en\\\/#organization\",\"name\":\"WATERSKIS.LV\",\"url\":\"https:\\\/\\\/www.waterskis.lv\\\/en\\\/\",\"logo\":{\"@type\":\"ImageObject\",\"inLanguage\":\"en-US\",\"@id\":\"https:\\\/\\\/www.waterskis.lv\\\/en\\\/#\\\/schema\\\/logo\\\/image\\\/\",\"url\":\"https:\\\/\\\/www.waterskis.lv\\\/wp-content\\\/uploads\\\/2025\\\/01\\\/JUVP-logo.png\",\"contentUrl\":\"https:\\\/\\\/www.waterskis.lv\\\/wp-content\\\/uploads\\\/2025\\\/01\\\/JUVP-logo.png\",\"width\":421,\"height\":202,\"caption\":\"WATERSKIS.LV\"},\"image\":{\"@id\":\"https:\\\/\\\/www.waterskis.lv\\\/en\\\/#\\\/schema\\\/logo\\\/image\\\/\"},\"sameAs\":[\"https:\\\/\\\/www.facebook.com\\\/jurmalawaterskiwakeboardpark\\\/\"]}]}<\/script>\n<!-- \/ Yoast SEO plugin. -->","yoast_head_json":{"title":"HO Sports Beacon Drop Stitch Kayak - 1 Person - Performance Touring - WATERSKIS.LV","description":"HO Sports Beacon Drop Stitch Kayak - 1 Person - Performance Touring is the kayak for adventure seekers who want a lightweight, easy-use, inflatable kayak.","robots":{"index":"index","follow":"follow","max-snippet":"max-snippet:-1","max-image-preview":"max-image-preview:large","max-video-preview":"max-video-preview:-1"},"canonical":"https:\/\/www.waterskis.lv\/en\/product\/ho-sports-beacon-drop-stitch-kayak-1-person-performance-touring\/","og_locale":"en_US","og_type":"article","og_title":"HO Sports Beacon Drop Stitch Kayak - 1 Person - Performance Touring - WATERSKIS.LV","og_description":"HO Sports Beacon Drop Stitch Kayak - 1 Person - Performance Touring is the kayak for adventure seekers who want a lightweight, easy-use, inflatable kayak.","og_url":"https:\/\/www.waterskis.lv\/en\/product\/ho-sports-beacon-drop-stitch-kayak-1-person-performance-touring\/","og_site_name":"WATERSKIS.LV","article_publisher":"https:\/\/www.facebook.com\/jurmalawaterskiwakeboardpark\/","article_modified_time":"2026-02-02T15:48:10+00:00","og_image":[{"width":1000,"height":1000,"url":"https:\/\/www.waterskis.lv\/wp-content\/uploads\/2024\/10\/81eym520aol._ac_uf1000_1000_ql80_.jpg","type":"image\/jpeg"}],"twitter_card":"summary_large_image","twitter_misc":{"Est. reading time":"3 minutes"},"schema":{"@context":"https:\/\/schema.org","@graph":[{"@type":"WebPage","@id":"https:\/\/www.waterskis.lv\/en\/product\/ho-sports-beacon-drop-stitch-kayak-1-person-performance-touring\/","url":"https:\/\/www.waterskis.lv\/en\/product\/ho-sports-beacon-drop-stitch-kayak-1-person-performance-touring\/","name":"HO Sports Beacon Drop Stitch Kayak - 1 Person - Performance Touring - WATERSKIS.LV","isPartOf":{"@id":"https:\/\/www.waterskis.lv\/en\/#website"},"primaryImageOfPage":{"@id":"https:\/\/www.waterskis.lv\/en\/product\/ho-sports-beacon-drop-stitch-kayak-1-person-performance-touring\/#primaryimage"},"image":{"@id":"https:\/\/www.waterskis.lv\/en\/product\/ho-sports-beacon-drop-stitch-kayak-1-person-performance-touring\/#primaryimage"},"thumbnailUrl":"https:\/\/www.waterskis.lv\/wp-content\/uploads\/2024\/10\/81eym520aol._ac_uf1000_1000_ql80_.jpg","datePublished":"2024-10-19T17:34:25+00:00","dateModified":"2026-02-02T15:48:10+00:00","description":"HO Sports Beacon Drop Stitch Kayak - 1 Person - Performance Touring is the kayak for adventure seekers who want a lightweight, easy-use, inflatable kayak.","breadcrumb":{"@id":"https:\/\/www.waterskis.lv\/en\/product\/ho-sports-beacon-drop-stitch-kayak-1-person-performance-touring\/#breadcrumb"},"inLanguage":"en-US","potentialAction":[{"@type":"ReadAction","target":["https:\/\/www.waterskis.lv\/en\/product\/ho-sports-beacon-drop-stitch-kayak-1-person-performance-touring\/"]}]},{"@type":"ImageObject","inLanguage":"en-US","@id":"https:\/\/www.waterskis.lv\/en\/product\/ho-sports-beacon-drop-stitch-kayak-1-person-performance-touring\/#primaryimage","url":"https:\/\/www.waterskis.lv\/wp-content\/uploads\/2024\/10\/81eym520aol._ac_uf1000_1000_ql80_.jpg","contentUrl":"https:\/\/www.waterskis.lv\/wp-content\/uploads\/2024\/10\/81eym520aol._ac_uf1000_1000_ql80_.jpg","width":1000,"height":1000,"caption":"Piep\u016b\u0161ams vienviet\u012bgs kajaks HO Sports Beacon Drop Stitch Kayak"},{"@type":"BreadcrumbList","@id":"https:\/\/www.waterskis.lv\/en\/product\/ho-sports-beacon-drop-stitch-kayak-1-person-performance-touring\/#breadcrumb","itemListElement":[{"@type":"ListItem","position":1,"name":"Home","item":"https:\/\/www.waterskis.lv\/en\/"},{"@type":"ListItem","position":2,"name":"Shop","item":"https:\/\/waterskis.lv\/en\/shop\/"},{"@type":"ListItem","position":3,"name":"HO Sports Beacon Drop Stitch Kayak &#8211; 1 Person &#8211; Performance Touring"}]},{"@type":"WebSite","@id":"https:\/\/www.waterskis.lv\/en\/#website","url":"https:\/\/www.waterskis.lv\/en\/","name":"WATERSKIS.LV","description":"SUP d\u0113\u013ci, kajaki, kanoe, airu laivas, \u016bdenssl\u0113po\u0161ana, veikbords, SUP d\u0113\u013cu noma, kajaku nomaakt\u012bv\u0101s atp\u016btas centrs, laivu noma, sup noma, kajaku noma","publisher":{"@id":"https:\/\/www.waterskis.lv\/en\/#organization"},"potentialAction":[{"@type":"SearchAction","target":{"@type":"EntryPoint","urlTemplate":"https:\/\/www.waterskis.lv\/en\/?s={search_term_string}"},"query-input":{"@type":"PropertyValueSpecification","valueRequired":true,"valueName":"search_term_string"}}],"inLanguage":"en-US"},{"@type":"Organization","@id":"https:\/\/www.waterskis.lv\/en\/#organization","name":"WATERSKIS.LV","url":"https:\/\/www.waterskis.lv\/en\/","logo":{"@type":"ImageObject","inLanguage":"en-US","@id":"https:\/\/www.waterskis.lv\/en\/#\/schema\/logo\/image\/","url":"https:\/\/www.waterskis.lv\/wp-content\/uploads\/2025\/01\/JUVP-logo.png","contentUrl":"https:\/\/www.waterskis.lv\/wp-content\/uploads\/2025\/01\/JUVP-logo.png","width":421,"height":202,"caption":"WATERSKIS.LV"},"image":{"@id":"https:\/\/www.waterskis.lv\/en\/#\/schema\/logo\/image\/"},"sameAs":["https:\/\/www.facebook.com\/jurmalawaterskiwakeboardpark\/"]}]}},"_links":{"self":[{"href":"https:\/\/www.waterskis.lv\/en\/wp-json\/wp\/v2\/product\/56788","targetHints":{"allow":["GET"]}}],"collection":[{"href":"https:\/\/www.waterskis.lv\/en\/wp-json\/wp\/v2\/product"}],"about":[{"href":"https:\/\/www.waterskis.lv\/en\/wp-json\/wp\/v2\/types\/product"}],"replies":[{"embeddable":true,"href":"https:\/\/www.waterskis.lv\/en\/wp-json\/wp\/v2\/comments?post=56788"}],"wp:featuredmedia":[{"embeddable":true,"href":"https:\/\/www.waterskis.lv\/en\/wp-json\/wp\/v2\/media\/56768"}],"wp:attachment":[{"href":"https:\/\/www.waterskis.lv\/en\/wp-json\/wp\/v2\/media?parent=56788"}],"wp:term":[{"taxonomy":"product_brand","embeddable":true,"href":"https:\/\/www.waterskis.lv\/en\/wp-json\/wp\/v2\/product_brand?post=56788"},{"taxonomy":"product_cat","embeddable":true,"href":"https:\/\/www.waterskis.lv\/en\/wp-json\/wp\/v2\/product_cat?post=56788"},{"taxonomy":"product_tag","embeddable":true,"href":"https:\/\/www.waterskis.lv\/en\/wp-json\/wp\/v2\/product_tag?post=56788"}],"curies":[{"name":"wp","href":"https:\/\/api.w.org\/{rel}","templated":true}]}}