{"id":57163,"date":"2024-10-24T08:24:55","date_gmt":"2024-10-24T05:24:55","guid":{"rendered":"https:\/\/www.waterskis.lv\/product\/sieviesu-slaloma-udensslepe-2023-ho-sports-omega-max-carbon-ladies-67-ski\/"},"modified":"2024-10-24T08:42:21","modified_gmt":"2024-10-24T05:42:21","slug":"2023-ho-sports-omega-max-carbon-ladies-67-slalom-waterski","status":"publish","type":"product","link":"https:\/\/www.waterskis.lv\/en\/product\/2023-ho-sports-omega-max-carbon-ladies-67-slalom-waterski\/","title":{"rendered":"2023 HO Sports Omega MAX Carbon Ladies 67 slalom waterski"},"content":{"rendered":"<h1>2023 HO Sports Omega MAX Carbon Ladies 67 slalom waterski<\/h1>\n<p>2023 HO Sports Omega MAX Carbon Ladies 67 slalom waterski<\/p>\n<h3>Pros and cons<\/h3>\n<div class=\"pros-cons\">\n<ul>\n<li>Carbon Construction &#8211; Carbon Laminates for increased stiffness for max acceleration.<\/li>\n<li>Low Volume Concave &#8211; Maintain speed more easily for improved efficiency and less skier effort.<\/li>\n<li>35% Natural Glycerin Resin &#8211; A by-product of biodiesel production: Quicker rebounding, creating a lighter feel underfoot<\/li>\n<\/ul>\n<\/div>\n<hr \/>\n<h3>Description<\/h3>\n<h4><strong>Buy your 2023 HO Sports Omega Max Carbon Ladies Waterski now @ Waterskis.lv, Your Online Pro Waterski Store.<\/strong><\/h4>\n<p>Perfect for skiers looking for one ski to do it all, the 2022 Ho Sports Omega Max Carbon Waterski was designed to make course skiing easy while the carbon construction allows it to perform great in variable water conditions inside the course or out. High performance versatility is the 2022 HO\u00a0 Sports Omega Max Carbon&#8217;s bread and butter. Width is Lift. Omega Max is a wider variant of the Omega design, created to increase acceleration from turn to wakes allowing for the early, tight line skiing skiers\u2019 dream of.<\/p>\n<h4><strong>#2023 HO Sports Omega Max Carbon Ladies Waterski Shape<\/strong><\/h4>\n<p>It\u2019s Max Width Profile provides stability, while it\u2019s new narrow round tail rolls onto and stays on edge easier. The tails round shape helps it sit deeper at the finish of the turn for increased hold. The 2022 HO Sports Ladies Omega Max Carbon also features a rounder, larger bevel allows ski to roll on edge better with increased stability.<\/p>\n<p>It\u2019s tail is rounded which allows the ski to sit deeper at the finish of the turn for increased hold. The Low Volume Concave allows the Omega Max to maintain skier speed more easily for improved efficiency and less skier effort required. Designed with a 4- Stage Rocker, the true flat spot located under the skiers front foot allows the ski to move through the wakes and outbound better than any Syndicate ski to date. An additional flat spot in the tail provides more support and helps keep the tip down through the finish of the turn.<\/p>\n<h4><strong>#2023 HO Sports Omega Max Carbon Ladies Waterski Construction<\/strong><\/h4>\n<p>The 2022 HO Sports Ladies Omega Max Carbon Waterski is built utilizing Carbon Laminates, for increased stiffness delivering maximum acceleration. A traditional Polyurethane core creates a stable and damp feel, optimized to perform in variable water chop. More tip to tail stiffness assures greater acceleration and enhanced performance and higher speeds. Longitudinally stiffer, it is more aggressive skier who demands more horsepower and increased response in pursuit of throwing the biggest water walls. It contains 35% natural glycerin resin, a by-product of biodiesel production. This makes it quicker rebounding creating a lighter feel underfoot. The Carbon Omega Max ski base features Carbon Fiber Speedskin, an advanced laminar textured material to reduce ski drag &amp; Page | 6 increase speed, with 20% less ski weight! This ski also features our new Syndicate Adjustable Fin: A simple, minimal and functional design utilizing a single 5-32 hex key for micro-adjustment and fin blade clamping.<\/p>\n<h4><strong>#2023 HO Sports Ladies Omega Max Carbon Waterski Construction Features<\/strong><\/h4>\n<ul>\n<li>Max Width Profile with narrow round tail<\/li>\n<li>4-Stage Rocker Design:<\/li>\n<li>Low Volume Concave<\/li>\n<li>Carbon Construction<\/li>\n<li>35% Natural Glycerin Resin<\/li>\n<li>Traditional Polyurethane core<\/li>\n<li>More tip to tail stiffness<\/li>\n<li>Carbon Fiber SpeedSkin<\/li>\n<li>Syndicate Adjustable Fin<\/li>\n<\/ul>\n<h4><strong>Terrain<\/strong><\/h4>\n<ul>\n<li>CrossOver<\/li>\n<\/ul>\n<h4><strong>#2023 HO Sports Ladies Omega Max Carbon Waterski Recommended Speed<\/strong><\/h4>\n<ul>\n<li>28-36mph \/ 45-58kmh<\/li>\n<\/ul>\n<h4><strong>#2023 HO Sports Ladies Omega Max Carbon Waterski Riders Weight Indication<\/strong><\/h4>\n<ul>\n<li>65&#8243; Up to 60kg<\/li>\n<li>66&#8243; 60 &#8211; 70kg<\/li>\n<li>67&#8243; 70kg and Up<\/li>\n<\/ul>\n<p><strong>Max Width Profile with narrow round tail<\/strong><\/p>\n<p>Increased surface area for stability and width in the course, while retaining quicker turning properties. Rolls onto and stays on edge easier. Roundness helps tail sit deeper at finish of the turn for increased hold.<\/p>\n<p><strong>4-Stage Rocker Design<\/strong><\/p>\n<p>With a true flat spot located under the skiers front foot, the Omega moves through the wakes and outbound better than any Syndicate ski to date. Additional flat spot in tail for more support and to keep tip down through finish of the turn.<\/p>\n<p><strong>Low Volume Concave<\/strong><\/p>\n<p>Maintain speed more easily for improved efficiency and less skier effort.<\/p>\n<p><strong>Carbon Construction<\/strong><\/p>\n<p>Carbon Laminates for increased stiffness for max acceleration.<\/p>\n<p><strong>35% Natural Glycerin Resin<\/strong><\/p>\n<p>A by-product of biodiesel production: Quicker rebounding, creating a lighter feel underfoot<\/p>\n<p>Traditional Polyurethane composite structure for stable and damp ride.<\/p>\n<p><strong>More tip to tail stiffness<\/strong><\/p>\n<p>For greater acceleration and enhanced performance and higher speeds. Longitudinally stiffer for the more aggressive skier who demands more horsepower and increased response in pursuit of throwing the biggest water walls<\/p>\n<p><strong>Carbon Fiber SpeedSkin<\/strong><\/p>\n<p>Advanced laminar textured ski base to reduce ski drag &amp; increase speed, with 20% less ski weight!<\/p>\n<p><strong>Syndicate Adjustable Fin<\/strong><\/p>\n<p>A simple, minimal and functional design utilizing a single 5-32 hex key for micro-adjustment and fin blade clampin<\/p>\n","protected":false},"excerpt":{"rendered":"<p><a href=\"https:\/\/www.youtube.com\/watch?v=A5_3vvr8wjg\">2022 Syndicate Omega Max Mark II by HO Sports (youtube.com)<\/a> [&#8230;]<\/p>\n<p><a class=\"btn btn-secondary understrap-read-more-link\" href=\"https:\/\/www.waterskis.lv\/en\/product\/2023-ho-sports-omega-max-carbon-ladies-67-slalom-waterski\/\">Read More&#8230;<\/a><\/p>\n","protected":false},"featured_media":57161,"comment_status":"closed","ping_status":"closed","template":"","meta":{"_acf_changed":false,"inline_featured_image":false},"product_brand":[],"product_cat":[1122,361,563,561],"product_tag":[2976,3995,3986,2986,3987,3946,2945,3952,3988],"class_list":{"0":"post-57163","1":"product","2":"type-product","3":"status-publish","4":"has-post-thumbnail","6":"product_cat-ho-sports-slalom-waterskis","7":"product_cat-sale","8":"product_cat-slalom-waterskis","9":"product_cat-waterskis","10":"product_tag-ho-skis","11":"product_tag-ho-sports-udensslepe","12":"product_tag-mono-udensslepe","13":"product_tag-slalom-waterski","14":"product_tag-slaloma-udensslepe","15":"product_tag-udens-slepes","16":"product_tag-waterskis","17":"product_tag-3952","18":"product_tag-3988","20":"first","21":"instock","22":"sale","23":"shipping-taxable","24":"purchasable","25":"product-type-simple"},"acf":[],"yoast_head":"<!-- This site is optimized with the Yoast SEO plugin v27.5 - https:\/\/yoast.com\/product\/yoast-seo-wordpress\/ -->\n<title>2023 HO Sports Omega MAX Carbon Ladies 67 slalom waterski - WATERSKIS.LV<\/title>\n<meta name=\"description\" content=\"2023 HO Sports Omega MAX Carbon Ladies 67 slalom waterski moves through the wakes and outbound better than any Syndicate ski to date. Additional flat spot\" \/>\n<meta name=\"robots\" content=\"index, follow, max-snippet:-1, max-image-preview:large, max-video-preview:-1\" \/>\n<link rel=\"canonical\" href=\"https:\/\/www.waterskis.lv\/en\/product\/2023-ho-sports-omega-max-carbon-ladies-67-slalom-waterski\/\" \/>\n<meta property=\"og:locale\" content=\"en_US\" \/>\n<meta property=\"og:type\" content=\"article\" \/>\n<meta property=\"og:title\" content=\"2023 HO Sports Omega MAX Carbon Ladies 67 slalom waterski - WATERSKIS.LV\" \/>\n<meta property=\"og:description\" content=\"2023 HO Sports Omega MAX Carbon Ladies 67 slalom waterski moves through the wakes and outbound better than any Syndicate ski to date. Additional flat spot\" \/>\n<meta property=\"og:url\" content=\"https:\/\/www.waterskis.lv\/en\/product\/2023-ho-sports-omega-max-carbon-ladies-67-slalom-waterski\/\" \/>\n<meta property=\"og:site_name\" content=\"WATERSKIS.LV\" \/>\n<meta property=\"article:publisher\" content=\"https:\/\/www.facebook.com\/jurmalawaterskiwakeboardpark\/\" \/>\n<meta property=\"article:modified_time\" content=\"2024-10-24T05:42:21+00:00\" \/>\n<meta property=\"og:image\" content=\"https:\/\/www.waterskis.lv\/wp-content\/uploads\/2024\/10\/ho_omega_max_carbon_ladies.jpg\" \/>\n\t<meta property=\"og:image:width\" content=\"1600\" \/>\n\t<meta property=\"og:image:height\" content=\"1600\" \/>\n\t<meta property=\"og:image:type\" content=\"image\/jpeg\" \/>\n<meta name=\"twitter:card\" content=\"summary_large_image\" \/>\n<meta name=\"twitter:label1\" content=\"Est. reading time\" \/>\n\t<meta name=\"twitter:data1\" content=\"5 minutes\" \/>\n<script type=\"application\/ld+json\" class=\"yoast-schema-graph\">{\"@context\":\"https:\\\/\\\/schema.org\",\"@graph\":[{\"@type\":\"WebPage\",\"@id\":\"https:\\\/\\\/www.waterskis.lv\\\/en\\\/product\\\/2023-ho-sports-omega-max-carbon-ladies-67-slalom-waterski\\\/\",\"url\":\"https:\\\/\\\/www.waterskis.lv\\\/en\\\/product\\\/2023-ho-sports-omega-max-carbon-ladies-67-slalom-waterski\\\/\",\"name\":\"2023 HO Sports Omega MAX Carbon Ladies 67 slalom waterski - WATERSKIS.LV\",\"isPartOf\":{\"@id\":\"https:\\\/\\\/www.waterskis.lv\\\/en\\\/#website\"},\"primaryImageOfPage\":{\"@id\":\"https:\\\/\\\/www.waterskis.lv\\\/en\\\/product\\\/2023-ho-sports-omega-max-carbon-ladies-67-slalom-waterski\\\/#primaryimage\"},\"image\":{\"@id\":\"https:\\\/\\\/www.waterskis.lv\\\/en\\\/product\\\/2023-ho-sports-omega-max-carbon-ladies-67-slalom-waterski\\\/#primaryimage\"},\"thumbnailUrl\":\"https:\\\/\\\/www.waterskis.lv\\\/wp-content\\\/uploads\\\/2024\\\/10\\\/ho_omega_max_carbon_ladies.jpg\",\"datePublished\":\"2024-10-24T05:24:55+00:00\",\"dateModified\":\"2024-10-24T05:42:21+00:00\",\"description\":\"2023 HO Sports Omega MAX Carbon Ladies 67 slalom waterski moves through the wakes and outbound better than any Syndicate ski to date. Additional flat spot\",\"breadcrumb\":{\"@id\":\"https:\\\/\\\/www.waterskis.lv\\\/en\\\/product\\\/2023-ho-sports-omega-max-carbon-ladies-67-slalom-waterski\\\/#breadcrumb\"},\"inLanguage\":\"en-US\",\"potentialAction\":[{\"@type\":\"ReadAction\",\"target\":[\"https:\\\/\\\/www.waterskis.lv\\\/en\\\/product\\\/2023-ho-sports-omega-max-carbon-ladies-67-slalom-waterski\\\/\"]}]},{\"@type\":\"ImageObject\",\"inLanguage\":\"en-US\",\"@id\":\"https:\\\/\\\/www.waterskis.lv\\\/en\\\/product\\\/2023-ho-sports-omega-max-carbon-ladies-67-slalom-waterski\\\/#primaryimage\",\"url\":\"https:\\\/\\\/www.waterskis.lv\\\/wp-content\\\/uploads\\\/2024\\\/10\\\/ho_omega_max_carbon_ladies.jpg\",\"contentUrl\":\"https:\\\/\\\/www.waterskis.lv\\\/wp-content\\\/uploads\\\/2024\\\/10\\\/ho_omega_max_carbon_ladies.jpg\",\"width\":1600,\"height\":1600,\"caption\":\"Sievie\u0161u slaloma \u016bdenssl\u0113pe 2023 HO Sports Omega MAX Carbon Ladies 67 Ski\"},{\"@type\":\"BreadcrumbList\",\"@id\":\"https:\\\/\\\/www.waterskis.lv\\\/en\\\/product\\\/2023-ho-sports-omega-max-carbon-ladies-67-slalom-waterski\\\/#breadcrumb\",\"itemListElement\":[{\"@type\":\"ListItem\",\"position\":1,\"name\":\"Home\",\"item\":\"https:\\\/\\\/www.waterskis.lv\\\/en\\\/\"},{\"@type\":\"ListItem\",\"position\":2,\"name\":\"Shop\",\"item\":\"https:\\\/\\\/waterskis.lv\\\/en\\\/shop\\\/\"},{\"@type\":\"ListItem\",\"position\":3,\"name\":\"2023 HO Sports Omega MAX Carbon Ladies 67 slalom waterski\"}]},{\"@type\":\"WebSite\",\"@id\":\"https:\\\/\\\/www.waterskis.lv\\\/en\\\/#website\",\"url\":\"https:\\\/\\\/www.waterskis.lv\\\/en\\\/\",\"name\":\"WATERSKIS.LV\",\"description\":\"SUP d\u0113\u013ci, kajaki, kanoe, airu laivas, \u016bdenssl\u0113po\u0161ana, veikbords, SUP d\u0113\u013cu noma, kajaku nomaakt\u012bv\u0101s atp\u016btas centrs, laivu noma, sup noma, kajaku noma\",\"publisher\":{\"@id\":\"https:\\\/\\\/www.waterskis.lv\\\/en\\\/#organization\"},\"potentialAction\":[{\"@type\":\"SearchAction\",\"target\":{\"@type\":\"EntryPoint\",\"urlTemplate\":\"https:\\\/\\\/www.waterskis.lv\\\/en\\\/?s={search_term_string}\"},\"query-input\":{\"@type\":\"PropertyValueSpecification\",\"valueRequired\":true,\"valueName\":\"search_term_string\"}}],\"inLanguage\":\"en-US\"},{\"@type\":\"Organization\",\"@id\":\"https:\\\/\\\/www.waterskis.lv\\\/en\\\/#organization\",\"name\":\"WATERSKIS.LV\",\"url\":\"https:\\\/\\\/www.waterskis.lv\\\/en\\\/\",\"logo\":{\"@type\":\"ImageObject\",\"inLanguage\":\"en-US\",\"@id\":\"https:\\\/\\\/www.waterskis.lv\\\/en\\\/#\\\/schema\\\/logo\\\/image\\\/\",\"url\":\"https:\\\/\\\/www.waterskis.lv\\\/wp-content\\\/uploads\\\/2025\\\/01\\\/JUVP-logo.png\",\"contentUrl\":\"https:\\\/\\\/www.waterskis.lv\\\/wp-content\\\/uploads\\\/2025\\\/01\\\/JUVP-logo.png\",\"width\":421,\"height\":202,\"caption\":\"WATERSKIS.LV\"},\"image\":{\"@id\":\"https:\\\/\\\/www.waterskis.lv\\\/en\\\/#\\\/schema\\\/logo\\\/image\\\/\"},\"sameAs\":[\"https:\\\/\\\/www.facebook.com\\\/jurmalawaterskiwakeboardpark\\\/\"]}]}<\/script>\n<!-- \/ Yoast SEO plugin. -->","yoast_head_json":{"title":"2023 HO Sports Omega MAX Carbon Ladies 67 slalom waterski - WATERSKIS.LV","description":"2023 HO Sports Omega MAX Carbon Ladies 67 slalom waterski moves through the wakes and outbound better than any Syndicate ski to date. Additional flat spot","robots":{"index":"index","follow":"follow","max-snippet":"max-snippet:-1","max-image-preview":"max-image-preview:large","max-video-preview":"max-video-preview:-1"},"canonical":"https:\/\/www.waterskis.lv\/en\/product\/2023-ho-sports-omega-max-carbon-ladies-67-slalom-waterski\/","og_locale":"en_US","og_type":"article","og_title":"2023 HO Sports Omega MAX Carbon Ladies 67 slalom waterski - WATERSKIS.LV","og_description":"2023 HO Sports Omega MAX Carbon Ladies 67 slalom waterski moves through the wakes and outbound better than any Syndicate ski to date. Additional flat spot","og_url":"https:\/\/www.waterskis.lv\/en\/product\/2023-ho-sports-omega-max-carbon-ladies-67-slalom-waterski\/","og_site_name":"WATERSKIS.LV","article_publisher":"https:\/\/www.facebook.com\/jurmalawaterskiwakeboardpark\/","article_modified_time":"2024-10-24T05:42:21+00:00","og_image":[{"width":1600,"height":1600,"url":"https:\/\/www.waterskis.lv\/wp-content\/uploads\/2024\/10\/ho_omega_max_carbon_ladies.jpg","type":"image\/jpeg"}],"twitter_card":"summary_large_image","twitter_misc":{"Est. reading time":"5 minutes"},"schema":{"@context":"https:\/\/schema.org","@graph":[{"@type":"WebPage","@id":"https:\/\/www.waterskis.lv\/en\/product\/2023-ho-sports-omega-max-carbon-ladies-67-slalom-waterski\/","url":"https:\/\/www.waterskis.lv\/en\/product\/2023-ho-sports-omega-max-carbon-ladies-67-slalom-waterski\/","name":"2023 HO Sports Omega MAX Carbon Ladies 67 slalom waterski - WATERSKIS.LV","isPartOf":{"@id":"https:\/\/www.waterskis.lv\/en\/#website"},"primaryImageOfPage":{"@id":"https:\/\/www.waterskis.lv\/en\/product\/2023-ho-sports-omega-max-carbon-ladies-67-slalom-waterski\/#primaryimage"},"image":{"@id":"https:\/\/www.waterskis.lv\/en\/product\/2023-ho-sports-omega-max-carbon-ladies-67-slalom-waterski\/#primaryimage"},"thumbnailUrl":"https:\/\/www.waterskis.lv\/wp-content\/uploads\/2024\/10\/ho_omega_max_carbon_ladies.jpg","datePublished":"2024-10-24T05:24:55+00:00","dateModified":"2024-10-24T05:42:21+00:00","description":"2023 HO Sports Omega MAX Carbon Ladies 67 slalom waterski moves through the wakes and outbound better than any Syndicate ski to date. Additional flat spot","breadcrumb":{"@id":"https:\/\/www.waterskis.lv\/en\/product\/2023-ho-sports-omega-max-carbon-ladies-67-slalom-waterski\/#breadcrumb"},"inLanguage":"en-US","potentialAction":[{"@type":"ReadAction","target":["https:\/\/www.waterskis.lv\/en\/product\/2023-ho-sports-omega-max-carbon-ladies-67-slalom-waterski\/"]}]},{"@type":"ImageObject","inLanguage":"en-US","@id":"https:\/\/www.waterskis.lv\/en\/product\/2023-ho-sports-omega-max-carbon-ladies-67-slalom-waterski\/#primaryimage","url":"https:\/\/www.waterskis.lv\/wp-content\/uploads\/2024\/10\/ho_omega_max_carbon_ladies.jpg","contentUrl":"https:\/\/www.waterskis.lv\/wp-content\/uploads\/2024\/10\/ho_omega_max_carbon_ladies.jpg","width":1600,"height":1600,"caption":"Sievie\u0161u slaloma \u016bdenssl\u0113pe 2023 HO Sports Omega MAX Carbon Ladies 67 Ski"},{"@type":"BreadcrumbList","@id":"https:\/\/www.waterskis.lv\/en\/product\/2023-ho-sports-omega-max-carbon-ladies-67-slalom-waterski\/#breadcrumb","itemListElement":[{"@type":"ListItem","position":1,"name":"Home","item":"https:\/\/www.waterskis.lv\/en\/"},{"@type":"ListItem","position":2,"name":"Shop","item":"https:\/\/waterskis.lv\/en\/shop\/"},{"@type":"ListItem","position":3,"name":"2023 HO Sports Omega MAX Carbon Ladies 67 slalom waterski"}]},{"@type":"WebSite","@id":"https:\/\/www.waterskis.lv\/en\/#website","url":"https:\/\/www.waterskis.lv\/en\/","name":"WATERSKIS.LV","description":"SUP d\u0113\u013ci, kajaki, kanoe, airu laivas, \u016bdenssl\u0113po\u0161ana, veikbords, SUP d\u0113\u013cu noma, kajaku nomaakt\u012bv\u0101s atp\u016btas centrs, laivu noma, sup noma, kajaku noma","publisher":{"@id":"https:\/\/www.waterskis.lv\/en\/#organization"},"potentialAction":[{"@type":"SearchAction","target":{"@type":"EntryPoint","urlTemplate":"https:\/\/www.waterskis.lv\/en\/?s={search_term_string}"},"query-input":{"@type":"PropertyValueSpecification","valueRequired":true,"valueName":"search_term_string"}}],"inLanguage":"en-US"},{"@type":"Organization","@id":"https:\/\/www.waterskis.lv\/en\/#organization","name":"WATERSKIS.LV","url":"https:\/\/www.waterskis.lv\/en\/","logo":{"@type":"ImageObject","inLanguage":"en-US","@id":"https:\/\/www.waterskis.lv\/en\/#\/schema\/logo\/image\/","url":"https:\/\/www.waterskis.lv\/wp-content\/uploads\/2025\/01\/JUVP-logo.png","contentUrl":"https:\/\/www.waterskis.lv\/wp-content\/uploads\/2025\/01\/JUVP-logo.png","width":421,"height":202,"caption":"WATERSKIS.LV"},"image":{"@id":"https:\/\/www.waterskis.lv\/en\/#\/schema\/logo\/image\/"},"sameAs":["https:\/\/www.facebook.com\/jurmalawaterskiwakeboardpark\/"]}]}},"_links":{"self":[{"href":"https:\/\/www.waterskis.lv\/en\/wp-json\/wp\/v2\/product\/57163","targetHints":{"allow":["GET"]}}],"collection":[{"href":"https:\/\/www.waterskis.lv\/en\/wp-json\/wp\/v2\/product"}],"about":[{"href":"https:\/\/www.waterskis.lv\/en\/wp-json\/wp\/v2\/types\/product"}],"replies":[{"embeddable":true,"href":"https:\/\/www.waterskis.lv\/en\/wp-json\/wp\/v2\/comments?post=57163"}],"wp:featuredmedia":[{"embeddable":true,"href":"https:\/\/www.waterskis.lv\/en\/wp-json\/wp\/v2\/media\/57161"}],"wp:attachment":[{"href":"https:\/\/www.waterskis.lv\/en\/wp-json\/wp\/v2\/media?parent=57163"}],"wp:term":[{"taxonomy":"product_brand","embeddable":true,"href":"https:\/\/www.waterskis.lv\/en\/wp-json\/wp\/v2\/product_brand?post=57163"},{"taxonomy":"product_cat","embeddable":true,"href":"https:\/\/www.waterskis.lv\/en\/wp-json\/wp\/v2\/product_cat?post=57163"},{"taxonomy":"product_tag","embeddable":true,"href":"https:\/\/www.waterskis.lv\/en\/wp-json\/wp\/v2\/product_tag?post=57163"}],"curies":[{"name":"wp","href":"https:\/\/api.w.org\/{rel}","templated":true}]}}