{"id":57236,"date":"2024-10-24T12:14:34","date_gmt":"2024-10-24T09:14:34","guid":{"rendered":"https:\/\/www.waterskis.lv\/product\/slaloma-udensslepe-2024-ho-sports-syndicate-works-01-xl-68-ski\/"},"modified":"2026-01-28T14:52:20","modified_gmt":"2026-01-28T12:52:20","slug":"2024-ho-sports-syndicate-works-01-xl-68-waterski","status":"publish","type":"product","link":"https:\/\/www.waterskis.lv\/en\/product\/2024-ho-sports-syndicate-works-01-xl-68-waterski\/","title":{"rendered":"2024 HO Sports Syndicate Works 01 XL 68 waterski"},"content":{"rendered":"<h1>2024 HO Sports Syndicate Works 01 XL 68 waterski<\/h1>\n<p>2024 HO Sports Syndicate Works 01 XL 68 waterski<\/p>\n<h3>Pros and cons<\/h3>\n<div class=\"pros-cons\">\n<ul>\n<li>Medium Width Profile &#8211; Rolls onto high edge angles<\/li>\n<li>Low Tip Rocker design &#8211; More stability at speed<\/li>\n<li>Medium Volume Concave &#8211; Appropriate Downforce for a balance of stability and maneuverability<\/li>\n<\/ul>\n<\/div>\n<hr \/>\n<h3>Description<\/h3>\n<h4><strong>Buy your #2024 HO Skis Syndicate Works 01 Waterski now @ Waterskis.lv, Your Online Pro Waterski Store.<\/strong><\/h4>\n<p>Will Asher wanted a ski he could harness energy efficiently for a controlled up-swing into the buoy. To attack without hesitation and stay connected over his ski. The #2024 HO Skis Syndicate Works 01 is an evolution of his favorite Omega and A1 shapes. \u201cWhoever gets the highest on the boat runs the most buoys\u201d -Will Asher<\/p>\n<p>Syndicate Works is a factory-run, competition ski program. Works skis are 100% performance-driven, employing classic ski construction, but with modern materials. Syndicate Works begins a new era of ski customization for competitive water skiers. The Works program gives competitors access to tailored Syndicate skis previously reserved for Syndicate athletes. All Syndicate Works skis are engineered and handcrafted outside Seattle, Washington.<\/p>\n<h4><strong>#2024 HO Skis Syndicate Works 01 Waterski Construction Features<\/strong><\/h4>\n<ul>\n<li>Medium Width Profile<\/li>\n<li>Low Tip Rocker Design<\/li>\n<li>Medium Volume Concave<\/li>\n<li>Bio Resin<\/li>\n<li>Syndicate Core<\/li>\n<li>100% Carbon Fiber Laminates<\/li>\n<li>Syndicate Adjustable Fin<\/li>\n<li>Made in Seattle , WA &#8211; USA<\/li>\n<\/ul>\n<h4><strong>Terrain<\/strong><\/h4>\n<ul>\n<li>Course \/ Competition<\/li>\n<\/ul>\n<h4><strong>#2024 HO Skis Syndicate Works 01 Waterski Recommended Speed<\/strong><\/h4>\n<ul>\n<li>32-36mph \/ 51-58kmh<\/li>\n<\/ul>\n<h4><strong>#2024 HO Skis Syndicate Works 01 Waterski Riders Weight Indication<\/strong><\/h4>\n<ul>\n<li>MEDIUM (EQUIV. TO 66\u201d)\u00a0Up to 70kg<\/li>\n<li>LARGE\u00a0(EQUIV. TO 67\u201d)\u00a070 &#8211; 90kg<\/li>\n<li>XLARGE\u00a0(EQUIV. TO 68\u201d)\u00a0Over 90kg<\/li>\n<\/ul>\n<p><strong>Medium Width Profile<\/strong><\/p>\n<p>Rolls onto high edge angles<\/p>\n<p><strong>Low Tip Rocker design<\/strong><\/p>\n<p>More stability at speed<\/p>\n<p><strong>Medium Volume Concave<\/strong><\/p>\n<p>Appropriate Downforce for a balance of stability and maneuverability<\/p>\n<p><strong>Bio Resin<\/strong><\/p>\n<p>35% Natural Glycerin Resin, a by-product of biodiesel production<\/p>\n<p><strong>Syndicate Core<\/strong><\/p>\n<p>Cross-linked structural foam for high responsiveness<\/p>\n<p><strong>NO PLASTIC LAYERS!<\/strong><\/p>\n<p>We&#8217;ve removed the traditional plastic top &amp; base materials, reducing this ski&#8217;s plastic footprint to virtually zero!<\/p>\n<p><strong>100% Carbon Fiber Laminates<\/strong><\/p>\n<p>Highest stiffness to weight ratio<\/p>\n","protected":false},"excerpt":{"rendered":"<p><a href=\"https:\/\/www.youtube.com\/watch?v=AIZaAuFdvLs\">2024 Syndicate Works 01 Waterski by HO Sports (youtube.com)<\/a> [&#8230;]<\/p>\n<p><a class=\"btn btn-secondary understrap-read-more-link\" href=\"https:\/\/www.waterskis.lv\/en\/product\/2024-ho-sports-syndicate-works-01-xl-68-waterski\/\">Read More&#8230;<\/a><\/p>\n","protected":false},"featured_media":57234,"comment_status":"closed","ping_status":"closed","template":"","meta":{"_acf_changed":false,"inline_featured_image":false},"product_brand":[2368],"product_cat":[1122,361,563,561],"product_tag":[2976,3995,3986,2986,3987,3946,2945,3952,3988],"class_list":{"0":"post-57236","1":"product","2":"type-product","3":"status-publish","4":"has-post-thumbnail","6":"product_brand-ho-sports","7":"product_cat-ho-sports-slalom-waterskis","8":"product_cat-sale","9":"product_cat-slalom-waterskis","10":"product_cat-waterskis","11":"product_tag-ho-skis","12":"product_tag-ho-sports-udensslepe","13":"product_tag-mono-udensslepe","14":"product_tag-slalom-waterski","15":"product_tag-slaloma-udensslepe","16":"product_tag-udens-slepes","17":"product_tag-waterskis","18":"product_tag-3952","19":"product_tag-3988","21":"first","22":"instock","23":"sale","24":"shipping-taxable","25":"purchasable","26":"product-type-simple"},"acf":[],"yoast_head":"<!-- This site is optimized with the Yoast SEO plugin v27.3 - https:\/\/yoast.com\/product\/yoast-seo-wordpress\/ -->\n<title>2024 HO Sports Syndicate Works 01 XL 68 waterski - WATERSKIS.LV<\/title>\n<meta name=\"description\" content=\"2024 HO Sports Syndicate Works 01 XL 68 waterski. All Syndicate Works skis are engineered and handcrafted outside Seattle, Washington.\" \/>\n<meta name=\"robots\" content=\"index, follow, max-snippet:-1, max-image-preview:large, max-video-preview:-1\" \/>\n<link rel=\"canonical\" href=\"https:\/\/www.waterskis.lv\/en\/product\/2024-ho-sports-syndicate-works-01-xl-68-waterski\/\" \/>\n<meta property=\"og:locale\" content=\"en_US\" \/>\n<meta property=\"og:type\" content=\"article\" \/>\n<meta property=\"og:title\" content=\"2024 HO Sports Syndicate Works 01 XL 68 waterski - WATERSKIS.LV\" \/>\n<meta property=\"og:description\" content=\"2024 HO Sports Syndicate Works 01 XL 68 waterski. All Syndicate Works skis are engineered and handcrafted outside Seattle, Washington.\" \/>\n<meta property=\"og:url\" content=\"https:\/\/www.waterskis.lv\/en\/product\/2024-ho-sports-syndicate-works-01-xl-68-waterski\/\" \/>\n<meta property=\"og:site_name\" content=\"WATERSKIS.LV\" \/>\n<meta property=\"article:publisher\" content=\"https:\/\/www.facebook.com\/jurmalawaterskiwakeboardpark\/\" \/>\n<meta property=\"article:modified_time\" content=\"2026-01-28T12:52:20+00:00\" \/>\n<meta property=\"og:image\" content=\"https:\/\/www.waterskis.lv\/wp-content\/uploads\/2024\/10\/waterskis-syndicate-works-01-thumb.jpg\" \/>\n\t<meta property=\"og:image:width\" content=\"1500\" \/>\n\t<meta property=\"og:image:height\" content=\"1500\" \/>\n\t<meta property=\"og:image:type\" content=\"image\/jpeg\" \/>\n<meta name=\"twitter:card\" content=\"summary_large_image\" \/>\n<meta name=\"twitter:label1\" content=\"Est. reading time\" \/>\n\t<meta name=\"twitter:data1\" content=\"3 minutes\" \/>\n<script type=\"application\/ld+json\" class=\"yoast-schema-graph\">{\"@context\":\"https:\\\/\\\/schema.org\",\"@graph\":[{\"@type\":\"WebPage\",\"@id\":\"https:\\\/\\\/www.waterskis.lv\\\/en\\\/product\\\/2024-ho-sports-syndicate-works-01-xl-68-waterski\\\/\",\"url\":\"https:\\\/\\\/www.waterskis.lv\\\/en\\\/product\\\/2024-ho-sports-syndicate-works-01-xl-68-waterski\\\/\",\"name\":\"2024 HO Sports Syndicate Works 01 XL 68 waterski - WATERSKIS.LV\",\"isPartOf\":{\"@id\":\"https:\\\/\\\/www.waterskis.lv\\\/en\\\/#website\"},\"primaryImageOfPage\":{\"@id\":\"https:\\\/\\\/www.waterskis.lv\\\/en\\\/product\\\/2024-ho-sports-syndicate-works-01-xl-68-waterski\\\/#primaryimage\"},\"image\":{\"@id\":\"https:\\\/\\\/www.waterskis.lv\\\/en\\\/product\\\/2024-ho-sports-syndicate-works-01-xl-68-waterski\\\/#primaryimage\"},\"thumbnailUrl\":\"https:\\\/\\\/www.waterskis.lv\\\/wp-content\\\/uploads\\\/2024\\\/10\\\/waterskis-syndicate-works-01-thumb.jpg\",\"datePublished\":\"2024-10-24T09:14:34+00:00\",\"dateModified\":\"2026-01-28T12:52:20+00:00\",\"description\":\"2024 HO Sports Syndicate Works 01 XL 68 waterski. All Syndicate Works skis are engineered and handcrafted outside Seattle, Washington.\",\"breadcrumb\":{\"@id\":\"https:\\\/\\\/www.waterskis.lv\\\/en\\\/product\\\/2024-ho-sports-syndicate-works-01-xl-68-waterski\\\/#breadcrumb\"},\"inLanguage\":\"en-US\",\"potentialAction\":[{\"@type\":\"ReadAction\",\"target\":[\"https:\\\/\\\/www.waterskis.lv\\\/en\\\/product\\\/2024-ho-sports-syndicate-works-01-xl-68-waterski\\\/\"]}]},{\"@type\":\"ImageObject\",\"inLanguage\":\"en-US\",\"@id\":\"https:\\\/\\\/www.waterskis.lv\\\/en\\\/product\\\/2024-ho-sports-syndicate-works-01-xl-68-waterski\\\/#primaryimage\",\"url\":\"https:\\\/\\\/www.waterskis.lv\\\/wp-content\\\/uploads\\\/2024\\\/10\\\/waterskis-syndicate-works-01-thumb.jpg\",\"contentUrl\":\"https:\\\/\\\/www.waterskis.lv\\\/wp-content\\\/uploads\\\/2024\\\/10\\\/waterskis-syndicate-works-01-thumb.jpg\",\"width\":1500,\"height\":1500,\"caption\":\"Slaloma \u016bdenssl\u0113pe 2024 HO Sports Syndicate Works 01 XL 68 Ski\"},{\"@type\":\"BreadcrumbList\",\"@id\":\"https:\\\/\\\/www.waterskis.lv\\\/en\\\/product\\\/2024-ho-sports-syndicate-works-01-xl-68-waterski\\\/#breadcrumb\",\"itemListElement\":[{\"@type\":\"ListItem\",\"position\":1,\"name\":\"Home\",\"item\":\"https:\\\/\\\/www.waterskis.lv\\\/en\\\/\"},{\"@type\":\"ListItem\",\"position\":2,\"name\":\"Shop\",\"item\":\"https:\\\/\\\/waterskis.lv\\\/en\\\/shop\\\/\"},{\"@type\":\"ListItem\",\"position\":3,\"name\":\"2024 HO Sports Syndicate Works 01 XL 68 waterski\"}]},{\"@type\":\"WebSite\",\"@id\":\"https:\\\/\\\/www.waterskis.lv\\\/en\\\/#website\",\"url\":\"https:\\\/\\\/www.waterskis.lv\\\/en\\\/\",\"name\":\"WATERSKIS.LV\",\"description\":\"SUP d\u0113\u013ci, kajaki, kanoe, airu laivas, \u016bdenssl\u0113po\u0161ana, veikbords, SUP d\u0113\u013cu noma, kajaku nomaakt\u012bv\u0101s atp\u016btas centrs, laivu noma, sup noma, kajaku noma\",\"publisher\":{\"@id\":\"https:\\\/\\\/www.waterskis.lv\\\/en\\\/#organization\"},\"potentialAction\":[{\"@type\":\"SearchAction\",\"target\":{\"@type\":\"EntryPoint\",\"urlTemplate\":\"https:\\\/\\\/www.waterskis.lv\\\/en\\\/?s={search_term_string}\"},\"query-input\":{\"@type\":\"PropertyValueSpecification\",\"valueRequired\":true,\"valueName\":\"search_term_string\"}}],\"inLanguage\":\"en-US\"},{\"@type\":\"Organization\",\"@id\":\"https:\\\/\\\/www.waterskis.lv\\\/en\\\/#organization\",\"name\":\"WATERSKIS.LV\",\"url\":\"https:\\\/\\\/www.waterskis.lv\\\/en\\\/\",\"logo\":{\"@type\":\"ImageObject\",\"inLanguage\":\"en-US\",\"@id\":\"https:\\\/\\\/www.waterskis.lv\\\/en\\\/#\\\/schema\\\/logo\\\/image\\\/\",\"url\":\"https:\\\/\\\/www.waterskis.lv\\\/wp-content\\\/uploads\\\/2025\\\/01\\\/JUVP-logo.png\",\"contentUrl\":\"https:\\\/\\\/www.waterskis.lv\\\/wp-content\\\/uploads\\\/2025\\\/01\\\/JUVP-logo.png\",\"width\":421,\"height\":202,\"caption\":\"WATERSKIS.LV\"},\"image\":{\"@id\":\"https:\\\/\\\/www.waterskis.lv\\\/en\\\/#\\\/schema\\\/logo\\\/image\\\/\"},\"sameAs\":[\"https:\\\/\\\/www.facebook.com\\\/jurmalawaterskiwakeboardpark\\\/\"]}]}<\/script>\n<!-- \/ Yoast SEO plugin. -->","yoast_head_json":{"title":"2024 HO Sports Syndicate Works 01 XL 68 waterski - WATERSKIS.LV","description":"2024 HO Sports Syndicate Works 01 XL 68 waterski. All Syndicate Works skis are engineered and handcrafted outside Seattle, Washington.","robots":{"index":"index","follow":"follow","max-snippet":"max-snippet:-1","max-image-preview":"max-image-preview:large","max-video-preview":"max-video-preview:-1"},"canonical":"https:\/\/www.waterskis.lv\/en\/product\/2024-ho-sports-syndicate-works-01-xl-68-waterski\/","og_locale":"en_US","og_type":"article","og_title":"2024 HO Sports Syndicate Works 01 XL 68 waterski - WATERSKIS.LV","og_description":"2024 HO Sports Syndicate Works 01 XL 68 waterski. All Syndicate Works skis are engineered and handcrafted outside Seattle, Washington.","og_url":"https:\/\/www.waterskis.lv\/en\/product\/2024-ho-sports-syndicate-works-01-xl-68-waterski\/","og_site_name":"WATERSKIS.LV","article_publisher":"https:\/\/www.facebook.com\/jurmalawaterskiwakeboardpark\/","article_modified_time":"2026-01-28T12:52:20+00:00","og_image":[{"width":1500,"height":1500,"url":"https:\/\/www.waterskis.lv\/wp-content\/uploads\/2024\/10\/waterskis-syndicate-works-01-thumb.jpg","type":"image\/jpeg"}],"twitter_card":"summary_large_image","twitter_misc":{"Est. reading time":"3 minutes"},"schema":{"@context":"https:\/\/schema.org","@graph":[{"@type":"WebPage","@id":"https:\/\/www.waterskis.lv\/en\/product\/2024-ho-sports-syndicate-works-01-xl-68-waterski\/","url":"https:\/\/www.waterskis.lv\/en\/product\/2024-ho-sports-syndicate-works-01-xl-68-waterski\/","name":"2024 HO Sports Syndicate Works 01 XL 68 waterski - WATERSKIS.LV","isPartOf":{"@id":"https:\/\/www.waterskis.lv\/en\/#website"},"primaryImageOfPage":{"@id":"https:\/\/www.waterskis.lv\/en\/product\/2024-ho-sports-syndicate-works-01-xl-68-waterski\/#primaryimage"},"image":{"@id":"https:\/\/www.waterskis.lv\/en\/product\/2024-ho-sports-syndicate-works-01-xl-68-waterski\/#primaryimage"},"thumbnailUrl":"https:\/\/www.waterskis.lv\/wp-content\/uploads\/2024\/10\/waterskis-syndicate-works-01-thumb.jpg","datePublished":"2024-10-24T09:14:34+00:00","dateModified":"2026-01-28T12:52:20+00:00","description":"2024 HO Sports Syndicate Works 01 XL 68 waterski. All Syndicate Works skis are engineered and handcrafted outside Seattle, Washington.","breadcrumb":{"@id":"https:\/\/www.waterskis.lv\/en\/product\/2024-ho-sports-syndicate-works-01-xl-68-waterski\/#breadcrumb"},"inLanguage":"en-US","potentialAction":[{"@type":"ReadAction","target":["https:\/\/www.waterskis.lv\/en\/product\/2024-ho-sports-syndicate-works-01-xl-68-waterski\/"]}]},{"@type":"ImageObject","inLanguage":"en-US","@id":"https:\/\/www.waterskis.lv\/en\/product\/2024-ho-sports-syndicate-works-01-xl-68-waterski\/#primaryimage","url":"https:\/\/www.waterskis.lv\/wp-content\/uploads\/2024\/10\/waterskis-syndicate-works-01-thumb.jpg","contentUrl":"https:\/\/www.waterskis.lv\/wp-content\/uploads\/2024\/10\/waterskis-syndicate-works-01-thumb.jpg","width":1500,"height":1500,"caption":"Slaloma \u016bdenssl\u0113pe 2024 HO Sports Syndicate Works 01 XL 68 Ski"},{"@type":"BreadcrumbList","@id":"https:\/\/www.waterskis.lv\/en\/product\/2024-ho-sports-syndicate-works-01-xl-68-waterski\/#breadcrumb","itemListElement":[{"@type":"ListItem","position":1,"name":"Home","item":"https:\/\/www.waterskis.lv\/en\/"},{"@type":"ListItem","position":2,"name":"Shop","item":"https:\/\/waterskis.lv\/en\/shop\/"},{"@type":"ListItem","position":3,"name":"2024 HO Sports Syndicate Works 01 XL 68 waterski"}]},{"@type":"WebSite","@id":"https:\/\/www.waterskis.lv\/en\/#website","url":"https:\/\/www.waterskis.lv\/en\/","name":"WATERSKIS.LV","description":"SUP d\u0113\u013ci, kajaki, kanoe, airu laivas, \u016bdenssl\u0113po\u0161ana, veikbords, SUP d\u0113\u013cu noma, kajaku nomaakt\u012bv\u0101s atp\u016btas centrs, laivu noma, sup noma, kajaku noma","publisher":{"@id":"https:\/\/www.waterskis.lv\/en\/#organization"},"potentialAction":[{"@type":"SearchAction","target":{"@type":"EntryPoint","urlTemplate":"https:\/\/www.waterskis.lv\/en\/?s={search_term_string}"},"query-input":{"@type":"PropertyValueSpecification","valueRequired":true,"valueName":"search_term_string"}}],"inLanguage":"en-US"},{"@type":"Organization","@id":"https:\/\/www.waterskis.lv\/en\/#organization","name":"WATERSKIS.LV","url":"https:\/\/www.waterskis.lv\/en\/","logo":{"@type":"ImageObject","inLanguage":"en-US","@id":"https:\/\/www.waterskis.lv\/en\/#\/schema\/logo\/image\/","url":"https:\/\/www.waterskis.lv\/wp-content\/uploads\/2025\/01\/JUVP-logo.png","contentUrl":"https:\/\/www.waterskis.lv\/wp-content\/uploads\/2025\/01\/JUVP-logo.png","width":421,"height":202,"caption":"WATERSKIS.LV"},"image":{"@id":"https:\/\/www.waterskis.lv\/en\/#\/schema\/logo\/image\/"},"sameAs":["https:\/\/www.facebook.com\/jurmalawaterskiwakeboardpark\/"]}]}},"_links":{"self":[{"href":"https:\/\/www.waterskis.lv\/en\/wp-json\/wp\/v2\/product\/57236","targetHints":{"allow":["GET"]}}],"collection":[{"href":"https:\/\/www.waterskis.lv\/en\/wp-json\/wp\/v2\/product"}],"about":[{"href":"https:\/\/www.waterskis.lv\/en\/wp-json\/wp\/v2\/types\/product"}],"replies":[{"embeddable":true,"href":"https:\/\/www.waterskis.lv\/en\/wp-json\/wp\/v2\/comments?post=57236"}],"wp:featuredmedia":[{"embeddable":true,"href":"https:\/\/www.waterskis.lv\/en\/wp-json\/wp\/v2\/media\/57234"}],"wp:attachment":[{"href":"https:\/\/www.waterskis.lv\/en\/wp-json\/wp\/v2\/media?parent=57236"}],"wp:term":[{"taxonomy":"product_brand","embeddable":true,"href":"https:\/\/www.waterskis.lv\/en\/wp-json\/wp\/v2\/product_brand?post=57236"},{"taxonomy":"product_cat","embeddable":true,"href":"https:\/\/www.waterskis.lv\/en\/wp-json\/wp\/v2\/product_cat?post=57236"},{"taxonomy":"product_tag","embeddable":true,"href":"https:\/\/www.waterskis.lv\/en\/wp-json\/wp\/v2\/product_tag?post=57236"}],"curies":[{"name":"wp","href":"https:\/\/api.w.org\/{rel}","templated":true}]}}