{"id":57256,"date":"2024-10-24T12:59:17","date_gmt":"2024-10-24T09:59:17","guid":{"rendered":"https:\/\/www.waterskis.lv\/product\/slaloma-udensslepe-ho-skis-syndicate-works-02-bio-resin-2025-waterski-course\/"},"modified":"2026-03-05T10:20:24","modified_gmt":"2026-03-05T08:20:24","slug":"ho-skis-syndicate-works-02-2025-waterski-course","status":"publish","type":"product","link":"https:\/\/www.waterskis.lv\/en\/product\/ho-skis-syndicate-works-02-2025-waterski-course\/","title":{"rendered":"HO Skis Syndicate Works 02 #2025 Waterski &#8211; Course"},"content":{"rendered":"<h1>HO Skis Syndicate Works 02 #2025 Waterski &#8211; Course<\/h1>\n<p>HO Skis Syndicate Works 02 #2025 Waterski &#8211; Course<\/p>\n<div class=\"pros-cons\">\n<ul>\n<li>Enhanced Performance: Refined rocker, concave, and bevels offer superior speed, maneuverability, and stability.<\/li>\n<li>Pro-Level Validation: Used by top athletes like Rob Hazelwood and Jaimee Bull to win major titles, proving its competitive edge.<\/li>\n<li>Advanced Skill Level Required: Best suited for experienced or competitive skiers, potentially too challenging for beginners.<\/li>\n<li>Premium Price: High-quality materials and performance come at a higher price point, making it a significant investment.<\/li>\n<li>Limited Customization: As a high-end, performance-driven ski, customization options for specific rider preferences may be limited.<\/li>\n<\/ul>\n<\/div>\n<hr \/>\n<h3>Description<\/h3>\n<h4><strong>2025 HO Syndicate Works 02 Waterski \u2013 Refined for Ultimate Performance, Available at Waterskis.lv<\/strong><\/h4>\n<p>The\u00a0<strong>2025 HO Syndicate Works 02 Waterski<\/strong>\u00a0builds upon the championship-winning design of its predecessor with critical refinements for enhanced performance. While maintaining the same proven outline shape, HO made key upgrades to the ski\u2019s rocker, concave, and bevels for 2025. These changes deliver the perfect combination of speed, stability, and maneuverability, making the Works 02 an exceptional choice for competitive skiers.<\/p>\n<p>Rob Hazelwood showcased the capabilities of this waterski by winning his first two professional titles in 2024, and Jaimee Bull continued her reign over Europe, securing three consecutive Pro Titles with the Works 02. These impressive results prove that this ski is a game-changer for anyone looking to push their limits and excel in competition.<\/p>\n<p>The 2025 HO Syndicate Works 02 is engineered to deliver tight wrapping turns, incredible stability, and a smooth ride through any conditions. Whether you&#8217;re carving through the slalom course or chasing podium finishes, this ski has been fine-tuned for optimal performance at the highest level.<\/p>\n<p>Interested in experiencing it firsthand? Take advantage of Buyski.eu&#8217;s exclusive Demo Program and test the 2025 Works 02 for yourself before making your purchase. After just one ride, you&#8217;ll understand why it\u2019s the go-to choice for top athletes around the globe.<\/p>\n<h4><strong>2025 HO Skis Syndicate Works 02 Waterski Construction Features:<\/strong><\/h4>\n<ul>\n<li><span dir=\"ltr\">NEW: Rocker line is flatter from front foot forward, for increased stability and turn initiation<\/span><\/li>\n<li><span dir=\"ltr\">NEW: Concave is deeper and steeper under feet, but bleeds out quicker moving forward, for better tracking and\u00a0<\/span><span dir=\"ltr\">drive into wakes, without biting or stopping at finish of turn<\/span><\/li>\n<li><span dir=\"ltr\">NEW: Bevel is optimized for more speed and swing, except through the tail, where it\u2019s bigger and flatter for\u00a0<\/span><span dir=\"ltr\">confidence inspiring hold<\/span><\/li>\n<li><span dir=\"ltr\">Shape remains unchanged: wide forebody = support and stability<\/span><\/li>\n<\/ul>\n<p>&nbsp;<\/p>\n<h4><strong>Terrain<\/strong><\/h4>\n<ul>\n<li>Course \/ Competition<\/li>\n<\/ul>\n<h4><strong>2025 HO Skis Syndicate Works 02 Waterski Recommended Speed<\/strong><\/h4>\n<ul>\n<li>32-36mph \/ 51-58kmh<\/li>\n<\/ul>\n<h4><strong>2025 HO Skis Syndicate Works 02 Waterski Riders Weight Indication<\/strong><\/h4>\n<ul>\n<li><strong>MEDIUM:<\/strong>\u00a0(EQUIV. TO 66\u201d) Up to 70kg<\/li>\n<li><strong>LARGE:<\/strong>\u00a0(EQUIV. TO 67\u201d) 70 &#8211; 90kg<\/li>\n<li><strong>XLARGE:<\/strong>\u00a0(EQUIV. TO 68\u201d) Over 90kg<\/li>\n<\/ul>\n<h4><strong>2025 HO Skis Syndicate Works 02 Waterski Innovative Features:<\/strong><\/h4>\n<p><strong>Wide Forebody<\/strong><\/p>\n<ul>\n<li>Support and Stability<\/li>\n<\/ul>\n<p><strong>Bio Resin<\/strong><\/p>\n<ul>\n<li>35% Natural Glycerin Resin, a by-product of biodiesel production<\/li>\n<\/ul>\n<p><strong>100% Carbon Fiber Laminates<\/strong><\/p>\n<ul>\n<li>Highest stiffness to weight ratio<\/li>\n<\/ul>\n<p><strong>Syndicate Core<\/strong><\/p>\n<ul>\n<li>Cross-linked structural foam for high responsiveness<\/li>\n<\/ul>\n<p><strong>High Tip Rocker Design<\/strong><\/p>\n<ul>\n<li>More Aggressive Turn Initiation<\/li>\n<\/ul>\n<p><strong>High Volume Concave<\/strong><\/p>\n<ul>\n<li>Increased Downforce for Stability and Drive<\/li>\n<\/ul>\n<p><strong>NO PLASTIC LAYERS!<\/strong><\/p>\n<ul>\n<li>We&#8217;ve removed the traditional plastic top &amp; base materials, reducing this ski&#8217;s plastic footprint to virtually zero!<\/li>\n<\/ul>\n","protected":false},"excerpt":{"rendered":"<p><a href=\"https:\/\/www.youtube.com\/watch?v=ldJcSCIIqiw\">2025 Syndicate Works 02 &#8211; Explained (youtube.com)<\/a> [&#8230;]<\/p>\n<p><a class=\"btn btn-secondary understrap-read-more-link\" href=\"https:\/\/www.waterskis.lv\/en\/product\/ho-skis-syndicate-works-02-2025-waterski-course\/\">Read More&#8230;<\/a><\/p>\n","protected":false},"featured_media":57253,"comment_status":"closed","ping_status":"closed","template":"","meta":{"_acf_changed":false,"inline_featured_image":false},"product_brand":[2368],"product_cat":[1122,563,561],"product_tag":[2976,3995,3986,2986,3987,3946,2945,3952,3988],"class_list":{"0":"post-57256","1":"product","2":"type-product","3":"status-publish","4":"has-post-thumbnail","6":"product_brand-ho-sports","7":"product_cat-ho-sports-slalom-waterskis","8":"product_cat-slalom-waterskis","9":"product_cat-waterskis","10":"product_tag-ho-skis","11":"product_tag-ho-sports-udensslepe","12":"product_tag-mono-udensslepe","13":"product_tag-slalom-waterski","14":"product_tag-slaloma-udensslepe","15":"product_tag-udens-slepes","16":"product_tag-waterskis","17":"product_tag-3952","18":"product_tag-3988","20":"first","21":"instock","22":"shipping-taxable","23":"purchasable","24":"product-type-simple"},"acf":[],"yoast_head":"<!-- This site is optimized with the Yoast SEO plugin v27.4 - https:\/\/yoast.com\/product\/yoast-seo-wordpress\/ -->\n<title>HO Skis Syndicate Works 02 #2025 Waterski - Course - WATERSKIS.LV<\/title>\n<meta name=\"description\" content=\"HO Skis Syndicate Works 02 #2025 Waterski - Course Best suited for experienced or competitive skiers, potentially too challenging for beginners.\" \/>\n<meta name=\"robots\" content=\"index, follow, max-snippet:-1, max-image-preview:large, max-video-preview:-1\" \/>\n<link rel=\"canonical\" href=\"https:\/\/www.waterskis.lv\/en\/product\/ho-skis-syndicate-works-02-2025-waterski-course\/\" \/>\n<meta property=\"og:locale\" content=\"en_US\" \/>\n<meta property=\"og:type\" content=\"article\" \/>\n<meta property=\"og:title\" content=\"HO Skis Syndicate Works 02 #2025 Waterski - Course - WATERSKIS.LV\" \/>\n<meta property=\"og:description\" content=\"HO Skis Syndicate Works 02 #2025 Waterski - Course Best suited for experienced or competitive skiers, potentially too challenging for beginners.\" \/>\n<meta property=\"og:url\" content=\"https:\/\/www.waterskis.lv\/en\/product\/ho-skis-syndicate-works-02-2025-waterski-course\/\" \/>\n<meta property=\"og:site_name\" content=\"WATERSKIS.LV\" \/>\n<meta property=\"article:publisher\" content=\"https:\/\/www.facebook.com\/jurmalawaterskiwakeboardpark\/\" \/>\n<meta property=\"article:modified_time\" content=\"2026-03-05T08:20:24+00:00\" \/>\n<meta property=\"og:image\" content=\"https:\/\/www.waterskis.lv\/wp-content\/uploads\/2024\/10\/ho-25-syndicate-works-02-thumb.jpg\" \/>\n\t<meta property=\"og:image:width\" content=\"1600\" \/>\n\t<meta property=\"og:image:height\" content=\"1600\" \/>\n\t<meta property=\"og:image:type\" content=\"image\/jpeg\" \/>\n<meta name=\"twitter:card\" content=\"summary_large_image\" \/>\n<meta name=\"twitter:label1\" content=\"Est. reading time\" \/>\n\t<meta name=\"twitter:data1\" content=\"4 minutes\" \/>\n<script type=\"application\/ld+json\" class=\"yoast-schema-graph\">{\"@context\":\"https:\\\/\\\/schema.org\",\"@graph\":[{\"@type\":\"WebPage\",\"@id\":\"https:\\\/\\\/www.waterskis.lv\\\/en\\\/product\\\/ho-skis-syndicate-works-02-2025-waterski-course\\\/\",\"url\":\"https:\\\/\\\/www.waterskis.lv\\\/en\\\/product\\\/ho-skis-syndicate-works-02-2025-waterski-course\\\/\",\"name\":\"HO Skis Syndicate Works 02 #2025 Waterski - Course - WATERSKIS.LV\",\"isPartOf\":{\"@id\":\"https:\\\/\\\/www.waterskis.lv\\\/en\\\/#website\"},\"primaryImageOfPage\":{\"@id\":\"https:\\\/\\\/www.waterskis.lv\\\/en\\\/product\\\/ho-skis-syndicate-works-02-2025-waterski-course\\\/#primaryimage\"},\"image\":{\"@id\":\"https:\\\/\\\/www.waterskis.lv\\\/en\\\/product\\\/ho-skis-syndicate-works-02-2025-waterski-course\\\/#primaryimage\"},\"thumbnailUrl\":\"https:\\\/\\\/www.waterskis.lv\\\/wp-content\\\/uploads\\\/2024\\\/10\\\/ho-25-syndicate-works-02-thumb.jpg\",\"datePublished\":\"2024-10-24T09:59:17+00:00\",\"dateModified\":\"2026-03-05T08:20:24+00:00\",\"description\":\"HO Skis Syndicate Works 02 #2025 Waterski - Course Best suited for experienced or competitive skiers, potentially too challenging for beginners.\",\"breadcrumb\":{\"@id\":\"https:\\\/\\\/www.waterskis.lv\\\/en\\\/product\\\/ho-skis-syndicate-works-02-2025-waterski-course\\\/#breadcrumb\"},\"inLanguage\":\"en-US\",\"potentialAction\":[{\"@type\":\"ReadAction\",\"target\":[\"https:\\\/\\\/www.waterskis.lv\\\/en\\\/product\\\/ho-skis-syndicate-works-02-2025-waterski-course\\\/\"]}]},{\"@type\":\"ImageObject\",\"inLanguage\":\"en-US\",\"@id\":\"https:\\\/\\\/www.waterskis.lv\\\/en\\\/product\\\/ho-skis-syndicate-works-02-2025-waterski-course\\\/#primaryimage\",\"url\":\"https:\\\/\\\/www.waterskis.lv\\\/wp-content\\\/uploads\\\/2024\\\/10\\\/ho-25-syndicate-works-02-thumb.jpg\",\"contentUrl\":\"https:\\\/\\\/www.waterskis.lv\\\/wp-content\\\/uploads\\\/2024\\\/10\\\/ho-25-syndicate-works-02-thumb.jpg\",\"width\":1600,\"height\":1600,\"caption\":\"Slaloma \u016bdenssl\u0113pe HO Skis Syndicate Works 02 Bio Resin #2025 Waterski - Course\"},{\"@type\":\"BreadcrumbList\",\"@id\":\"https:\\\/\\\/www.waterskis.lv\\\/en\\\/product\\\/ho-skis-syndicate-works-02-2025-waterski-course\\\/#breadcrumb\",\"itemListElement\":[{\"@type\":\"ListItem\",\"position\":1,\"name\":\"Home\",\"item\":\"https:\\\/\\\/www.waterskis.lv\\\/en\\\/\"},{\"@type\":\"ListItem\",\"position\":2,\"name\":\"Shop\",\"item\":\"https:\\\/\\\/waterskis.lv\\\/en\\\/shop\\\/\"},{\"@type\":\"ListItem\",\"position\":3,\"name\":\"HO Skis Syndicate Works 02 #2025 Waterski &#8211; Course\"}]},{\"@type\":\"WebSite\",\"@id\":\"https:\\\/\\\/www.waterskis.lv\\\/en\\\/#website\",\"url\":\"https:\\\/\\\/www.waterskis.lv\\\/en\\\/\",\"name\":\"WATERSKIS.LV\",\"description\":\"SUP d\u0113\u013ci, kajaki, kanoe, airu laivas, \u016bdenssl\u0113po\u0161ana, veikbords, SUP d\u0113\u013cu noma, kajaku nomaakt\u012bv\u0101s atp\u016btas centrs, laivu noma, sup noma, kajaku noma\",\"publisher\":{\"@id\":\"https:\\\/\\\/www.waterskis.lv\\\/en\\\/#organization\"},\"potentialAction\":[{\"@type\":\"SearchAction\",\"target\":{\"@type\":\"EntryPoint\",\"urlTemplate\":\"https:\\\/\\\/www.waterskis.lv\\\/en\\\/?s={search_term_string}\"},\"query-input\":{\"@type\":\"PropertyValueSpecification\",\"valueRequired\":true,\"valueName\":\"search_term_string\"}}],\"inLanguage\":\"en-US\"},{\"@type\":\"Organization\",\"@id\":\"https:\\\/\\\/www.waterskis.lv\\\/en\\\/#organization\",\"name\":\"WATERSKIS.LV\",\"url\":\"https:\\\/\\\/www.waterskis.lv\\\/en\\\/\",\"logo\":{\"@type\":\"ImageObject\",\"inLanguage\":\"en-US\",\"@id\":\"https:\\\/\\\/www.waterskis.lv\\\/en\\\/#\\\/schema\\\/logo\\\/image\\\/\",\"url\":\"https:\\\/\\\/www.waterskis.lv\\\/wp-content\\\/uploads\\\/2025\\\/01\\\/JUVP-logo.png\",\"contentUrl\":\"https:\\\/\\\/www.waterskis.lv\\\/wp-content\\\/uploads\\\/2025\\\/01\\\/JUVP-logo.png\",\"width\":421,\"height\":202,\"caption\":\"WATERSKIS.LV\"},\"image\":{\"@id\":\"https:\\\/\\\/www.waterskis.lv\\\/en\\\/#\\\/schema\\\/logo\\\/image\\\/\"},\"sameAs\":[\"https:\\\/\\\/www.facebook.com\\\/jurmalawaterskiwakeboardpark\\\/\"]}]}<\/script>\n<!-- \/ Yoast SEO plugin. -->","yoast_head_json":{"title":"HO Skis Syndicate Works 02 #2025 Waterski - Course - WATERSKIS.LV","description":"HO Skis Syndicate Works 02 #2025 Waterski - Course Best suited for experienced or competitive skiers, potentially too challenging for beginners.","robots":{"index":"index","follow":"follow","max-snippet":"max-snippet:-1","max-image-preview":"max-image-preview:large","max-video-preview":"max-video-preview:-1"},"canonical":"https:\/\/www.waterskis.lv\/en\/product\/ho-skis-syndicate-works-02-2025-waterski-course\/","og_locale":"en_US","og_type":"article","og_title":"HO Skis Syndicate Works 02 #2025 Waterski - Course - WATERSKIS.LV","og_description":"HO Skis Syndicate Works 02 #2025 Waterski - Course Best suited for experienced or competitive skiers, potentially too challenging for beginners.","og_url":"https:\/\/www.waterskis.lv\/en\/product\/ho-skis-syndicate-works-02-2025-waterski-course\/","og_site_name":"WATERSKIS.LV","article_publisher":"https:\/\/www.facebook.com\/jurmalawaterskiwakeboardpark\/","article_modified_time":"2026-03-05T08:20:24+00:00","og_image":[{"width":1600,"height":1600,"url":"https:\/\/www.waterskis.lv\/wp-content\/uploads\/2024\/10\/ho-25-syndicate-works-02-thumb.jpg","type":"image\/jpeg"}],"twitter_card":"summary_large_image","twitter_misc":{"Est. reading time":"4 minutes"},"schema":{"@context":"https:\/\/schema.org","@graph":[{"@type":"WebPage","@id":"https:\/\/www.waterskis.lv\/en\/product\/ho-skis-syndicate-works-02-2025-waterski-course\/","url":"https:\/\/www.waterskis.lv\/en\/product\/ho-skis-syndicate-works-02-2025-waterski-course\/","name":"HO Skis Syndicate Works 02 #2025 Waterski - Course - WATERSKIS.LV","isPartOf":{"@id":"https:\/\/www.waterskis.lv\/en\/#website"},"primaryImageOfPage":{"@id":"https:\/\/www.waterskis.lv\/en\/product\/ho-skis-syndicate-works-02-2025-waterski-course\/#primaryimage"},"image":{"@id":"https:\/\/www.waterskis.lv\/en\/product\/ho-skis-syndicate-works-02-2025-waterski-course\/#primaryimage"},"thumbnailUrl":"https:\/\/www.waterskis.lv\/wp-content\/uploads\/2024\/10\/ho-25-syndicate-works-02-thumb.jpg","datePublished":"2024-10-24T09:59:17+00:00","dateModified":"2026-03-05T08:20:24+00:00","description":"HO Skis Syndicate Works 02 #2025 Waterski - Course Best suited for experienced or competitive skiers, potentially too challenging for beginners.","breadcrumb":{"@id":"https:\/\/www.waterskis.lv\/en\/product\/ho-skis-syndicate-works-02-2025-waterski-course\/#breadcrumb"},"inLanguage":"en-US","potentialAction":[{"@type":"ReadAction","target":["https:\/\/www.waterskis.lv\/en\/product\/ho-skis-syndicate-works-02-2025-waterski-course\/"]}]},{"@type":"ImageObject","inLanguage":"en-US","@id":"https:\/\/www.waterskis.lv\/en\/product\/ho-skis-syndicate-works-02-2025-waterski-course\/#primaryimage","url":"https:\/\/www.waterskis.lv\/wp-content\/uploads\/2024\/10\/ho-25-syndicate-works-02-thumb.jpg","contentUrl":"https:\/\/www.waterskis.lv\/wp-content\/uploads\/2024\/10\/ho-25-syndicate-works-02-thumb.jpg","width":1600,"height":1600,"caption":"Slaloma \u016bdenssl\u0113pe HO Skis Syndicate Works 02 Bio Resin #2025 Waterski - Course"},{"@type":"BreadcrumbList","@id":"https:\/\/www.waterskis.lv\/en\/product\/ho-skis-syndicate-works-02-2025-waterski-course\/#breadcrumb","itemListElement":[{"@type":"ListItem","position":1,"name":"Home","item":"https:\/\/www.waterskis.lv\/en\/"},{"@type":"ListItem","position":2,"name":"Shop","item":"https:\/\/waterskis.lv\/en\/shop\/"},{"@type":"ListItem","position":3,"name":"HO Skis Syndicate Works 02 #2025 Waterski &#8211; Course"}]},{"@type":"WebSite","@id":"https:\/\/www.waterskis.lv\/en\/#website","url":"https:\/\/www.waterskis.lv\/en\/","name":"WATERSKIS.LV","description":"SUP d\u0113\u013ci, kajaki, kanoe, airu laivas, \u016bdenssl\u0113po\u0161ana, veikbords, SUP d\u0113\u013cu noma, kajaku nomaakt\u012bv\u0101s atp\u016btas centrs, laivu noma, sup noma, kajaku noma","publisher":{"@id":"https:\/\/www.waterskis.lv\/en\/#organization"},"potentialAction":[{"@type":"SearchAction","target":{"@type":"EntryPoint","urlTemplate":"https:\/\/www.waterskis.lv\/en\/?s={search_term_string}"},"query-input":{"@type":"PropertyValueSpecification","valueRequired":true,"valueName":"search_term_string"}}],"inLanguage":"en-US"},{"@type":"Organization","@id":"https:\/\/www.waterskis.lv\/en\/#organization","name":"WATERSKIS.LV","url":"https:\/\/www.waterskis.lv\/en\/","logo":{"@type":"ImageObject","inLanguage":"en-US","@id":"https:\/\/www.waterskis.lv\/en\/#\/schema\/logo\/image\/","url":"https:\/\/www.waterskis.lv\/wp-content\/uploads\/2025\/01\/JUVP-logo.png","contentUrl":"https:\/\/www.waterskis.lv\/wp-content\/uploads\/2025\/01\/JUVP-logo.png","width":421,"height":202,"caption":"WATERSKIS.LV"},"image":{"@id":"https:\/\/www.waterskis.lv\/en\/#\/schema\/logo\/image\/"},"sameAs":["https:\/\/www.facebook.com\/jurmalawaterskiwakeboardpark\/"]}]}},"_links":{"self":[{"href":"https:\/\/www.waterskis.lv\/en\/wp-json\/wp\/v2\/product\/57256","targetHints":{"allow":["GET"]}}],"collection":[{"href":"https:\/\/www.waterskis.lv\/en\/wp-json\/wp\/v2\/product"}],"about":[{"href":"https:\/\/www.waterskis.lv\/en\/wp-json\/wp\/v2\/types\/product"}],"replies":[{"embeddable":true,"href":"https:\/\/www.waterskis.lv\/en\/wp-json\/wp\/v2\/comments?post=57256"}],"wp:featuredmedia":[{"embeddable":true,"href":"https:\/\/www.waterskis.lv\/en\/wp-json\/wp\/v2\/media\/57253"}],"wp:attachment":[{"href":"https:\/\/www.waterskis.lv\/en\/wp-json\/wp\/v2\/media?parent=57256"}],"wp:term":[{"taxonomy":"product_brand","embeddable":true,"href":"https:\/\/www.waterskis.lv\/en\/wp-json\/wp\/v2\/product_brand?post=57256"},{"taxonomy":"product_cat","embeddable":true,"href":"https:\/\/www.waterskis.lv\/en\/wp-json\/wp\/v2\/product_cat?post=57256"},{"taxonomy":"product_tag","embeddable":true,"href":"https:\/\/www.waterskis.lv\/en\/wp-json\/wp\/v2\/product_tag?post=57256"}],"curies":[{"name":"wp","href":"https:\/\/api.w.org\/{rel}","templated":true}]}}