{"id":57514,"date":"2024-11-03T10:37:46","date_gmt":"2024-11-03T07:37:46","guid":{"rendered":"https:\/\/www.waterskis.lv\/product\/laivas-veikborda-delis-hyperlite-blueprint-loaded-2025\/"},"modified":"2026-01-29T10:31:16","modified_gmt":"2026-01-29T08:31:16","slug":"hyperlite-state-2-0-biolite-3-boat-wakeboard","status":"publish","type":"product","link":"https:\/\/www.waterskis.lv\/en\/product\/hyperlite-state-2-0-biolite-3-boat-wakeboard\/","title":{"rendered":"Hyperlite State 2.0 Biolite 3 Boat Wakeboard"},"content":{"rendered":"<h1>Hyperlite State 2.0 Biolite 3 Boat Wakeboard<\/h1>\n<p>Hyperlite State 2.0 Biolite 3 Boat Wakeboard<\/p>\n<div class=\"product-info-secondary-left col col-12 col-lg-9\">\n<div class=\"product info detailed \">\n<div class=\"product data items mage-tabs-disabled\" role=\"tablist\">\n<div id=\"description\" class=\"data item content\" role=\"tabpanel\" data-role=\"content\" aria-labelledby=\"tab-label-description\" aria-hidden=\"false\">\n<h4><strong>Hyperlite State 2.0 Boat Wakeboard Riders Weight Guide:<\/strong><\/h4>\n<ul>\n<li><strong>130cm:<\/strong>\u00a0Up to 70kg<\/li>\n<li><strong>135cm<\/strong>: 65kg and Up<\/li>\n<li><strong>140cm<\/strong>: 75kg and Up<\/li>\n<li><strong>145cm:<\/strong>\u00a085kg and Up<\/li>\n<li><\/li>\n<li>\n<h3>HYPERLITE Wakeboards. Wide range of wakeboards and equipment. Please inquire about wakeboard availability by phone or email info@waterskis.lv<\/h3>\n<\/li>\n<\/ul>\n<\/div>\n<\/div>\n<\/div>\n<\/div>\n","protected":false},"excerpt":{"rendered":"<p>HYPERLITE Wakeboards. Wide range of wakeboards and equipment. Please inquire about wakeboard availability by phone or email info@waterskis.lv [&#8230;]<\/p>\n<p><a class=\"btn btn-secondary understrap-read-more-link\" href=\"https:\/\/www.waterskis.lv\/en\/product\/hyperlite-state-2-0-biolite-3-boat-wakeboard\/\">Read More&#8230;<\/a><\/p>\n","protected":false},"featured_media":68462,"comment_status":"closed","ping_status":"closed","template":"","meta":{"_acf_changed":false,"inline_featured_image":false},"product_brand":[2406],"product_cat":[1146,361,565],"product_tag":[1457],"class_list":{"0":"post-57514","1":"product","2":"type-product","3":"status-publish","4":"has-post-thumbnail","6":"product_brand-hyperlite-wake","7":"product_cat-hyperlite-wakeboards","8":"product_cat-sale","9":"product_cat-wakeboards","10":"product_tag-wakeboard","12":"first","13":"instock","14":"sale","15":"shipping-taxable","16":"purchasable","17":"product-type-simple"},"acf":[],"yoast_head":"<!-- This site is optimized with the Yoast SEO plugin v27.2 - https:\/\/yoast.com\/product\/yoast-seo-wordpress\/ -->\n<title>Hyperlite State 2.0 Biolite 3 Boat Wakeboard - WATERSKIS.LV<\/title>\n<meta name=\"description\" content=\"Hyperlite State 2.0 Biolite 3 Boat Wakeboard is designed to help riders take their skills to the next level, making it a top-selling board at Waterskis.lv\" \/>\n<meta name=\"robots\" content=\"index, follow, max-snippet:-1, max-image-preview:large, max-video-preview:-1\" \/>\n<link rel=\"canonical\" href=\"https:\/\/www.waterskis.lv\/en\/product\/hyperlite-state-2-0-biolite-3-boat-wakeboard\/\" \/>\n<meta property=\"og:locale\" content=\"en_US\" \/>\n<meta property=\"og:type\" content=\"article\" \/>\n<meta property=\"og:title\" content=\"Hyperlite State 2.0 Biolite 3 Boat Wakeboard - WATERSKIS.LV\" \/>\n<meta property=\"og:description\" content=\"Hyperlite State 2.0 Biolite 3 Boat Wakeboard is designed to help riders take their skills to the next level, making it a top-selling board at Waterskis.lv\" \/>\n<meta property=\"og:url\" content=\"https:\/\/www.waterskis.lv\/en\/product\/hyperlite-state-2-0-biolite-3-boat-wakeboard\/\" \/>\n<meta property=\"og:site_name\" content=\"WATERSKIS.LV\" \/>\n<meta property=\"article:publisher\" content=\"https:\/\/www.facebook.com\/jurmalawaterskiwakeboardpark\/\" \/>\n<meta property=\"article:modified_time\" content=\"2026-01-29T08:31:16+00:00\" \/>\n<meta property=\"og:image\" content=\"https:\/\/www.waterskis.lv\/wp-content\/uploads\/2024\/11\/20_hl_wakeboards_state_11.jpg\" \/>\n\t<meta property=\"og:image:width\" content=\"1600\" \/>\n\t<meta property=\"og:image:height\" content=\"1600\" \/>\n\t<meta property=\"og:image:type\" content=\"image\/jpeg\" \/>\n<meta name=\"twitter:card\" content=\"summary_large_image\" \/>\n<meta name=\"twitter:label1\" content=\"Est. reading time\" \/>\n\t<meta name=\"twitter:data1\" content=\"1 minute\" \/>\n<script type=\"application\/ld+json\" class=\"yoast-schema-graph\">{\"@context\":\"https:\/\/schema.org\",\"@graph\":[{\"@type\":\"WebPage\",\"@id\":\"https:\/\/www.waterskis.lv\/en\/product\/hyperlite-state-2-0-biolite-3-boat-wakeboard\/\",\"url\":\"https:\/\/www.waterskis.lv\/en\/product\/hyperlite-state-2-0-biolite-3-boat-wakeboard\/\",\"name\":\"Hyperlite State 2.0 Biolite 3 Boat Wakeboard - WATERSKIS.LV\",\"isPartOf\":{\"@id\":\"https:\/\/www.waterskis.lv\/en\/#website\"},\"primaryImageOfPage\":{\"@id\":\"https:\/\/www.waterskis.lv\/en\/product\/hyperlite-state-2-0-biolite-3-boat-wakeboard\/#primaryimage\"},\"image\":{\"@id\":\"https:\/\/www.waterskis.lv\/en\/product\/hyperlite-state-2-0-biolite-3-boat-wakeboard\/#primaryimage\"},\"thumbnailUrl\":\"https:\/\/www.waterskis.lv\/wp-content\/uploads\/2024\/11\/20_hl_wakeboards_state_11.jpg\",\"datePublished\":\"2024-11-03T07:37:46+00:00\",\"dateModified\":\"2026-01-29T08:31:16+00:00\",\"description\":\"Hyperlite State 2.0 Biolite 3 Boat Wakeboard is designed to help riders take their skills to the next level, making it a top-selling board at Waterskis.lv\",\"breadcrumb\":{\"@id\":\"https:\/\/www.waterskis.lv\/en\/product\/hyperlite-state-2-0-biolite-3-boat-wakeboard\/#breadcrumb\"},\"inLanguage\":\"en-US\",\"potentialAction\":[{\"@type\":\"ReadAction\",\"target\":[\"https:\/\/www.waterskis.lv\/en\/product\/hyperlite-state-2-0-biolite-3-boat-wakeboard\/\"]}]},{\"@type\":\"ImageObject\",\"inLanguage\":\"en-US\",\"@id\":\"https:\/\/www.waterskis.lv\/en\/product\/hyperlite-state-2-0-biolite-3-boat-wakeboard\/#primaryimage\",\"url\":\"https:\/\/www.waterskis.lv\/wp-content\/uploads\/2024\/11\/20_hl_wakeboards_state_11.jpg\",\"contentUrl\":\"https:\/\/www.waterskis.lv\/wp-content\/uploads\/2024\/11\/20_hl_wakeboards_state_11.jpg\",\"width\":1600,\"height\":1600,\"caption\":\"Hyperlite State 2.0 Biolite 3 Boat Wakeboard\"},{\"@type\":\"BreadcrumbList\",\"@id\":\"https:\/\/www.waterskis.lv\/en\/product\/hyperlite-state-2-0-biolite-3-boat-wakeboard\/#breadcrumb\",\"itemListElement\":[{\"@type\":\"ListItem\",\"position\":1,\"name\":\"Home\",\"item\":\"https:\/\/www.waterskis.lv\/en\/\"},{\"@type\":\"ListItem\",\"position\":2,\"name\":\"Shop\",\"item\":\"https:\/\/waterskis.lv\/en\/shop\/\"},{\"@type\":\"ListItem\",\"position\":3,\"name\":\"Hyperlite State 2.0 Biolite 3 Boat Wakeboard\"}]},{\"@type\":\"WebSite\",\"@id\":\"https:\/\/www.waterskis.lv\/en\/#website\",\"url\":\"https:\/\/www.waterskis.lv\/en\/\",\"name\":\"WATERSKIS.LV\",\"description\":\"SUP d\u0113\u013ci, kajaki, kanoe, airu laivas, \u016bdenssl\u0113po\u0161ana, veikbords, SUP d\u0113\u013cu noma, kajaku nomaakt\u012bv\u0101s atp\u016btas centrs, laivu noma, sup noma, kajaku noma\",\"publisher\":{\"@id\":\"https:\/\/www.waterskis.lv\/en\/#organization\"},\"potentialAction\":[{\"@type\":\"SearchAction\",\"target\":{\"@type\":\"EntryPoint\",\"urlTemplate\":\"https:\/\/www.waterskis.lv\/en\/?s={search_term_string}\"},\"query-input\":{\"@type\":\"PropertyValueSpecification\",\"valueRequired\":true,\"valueName\":\"search_term_string\"}}],\"inLanguage\":\"en-US\"},{\"@type\":\"Organization\",\"@id\":\"https:\/\/www.waterskis.lv\/en\/#organization\",\"name\":\"WATERSKIS.LV\",\"url\":\"https:\/\/www.waterskis.lv\/en\/\",\"logo\":{\"@type\":\"ImageObject\",\"inLanguage\":\"en-US\",\"@id\":\"https:\/\/www.waterskis.lv\/en\/#\/schema\/logo\/image\/\",\"url\":\"https:\/\/www.waterskis.lv\/wp-content\/uploads\/2025\/01\/JUVP-logo.png\",\"contentUrl\":\"https:\/\/www.waterskis.lv\/wp-content\/uploads\/2025\/01\/JUVP-logo.png\",\"width\":421,\"height\":202,\"caption\":\"WATERSKIS.LV\"},\"image\":{\"@id\":\"https:\/\/www.waterskis.lv\/en\/#\/schema\/logo\/image\/\"},\"sameAs\":[\"https:\/\/www.facebook.com\/jurmalawaterskiwakeboardpark\/\"]}]}<\/script>\n<!-- \/ Yoast SEO plugin. -->","yoast_head_json":{"title":"Hyperlite State 2.0 Biolite 3 Boat Wakeboard - WATERSKIS.LV","description":"Hyperlite State 2.0 Biolite 3 Boat Wakeboard is designed to help riders take their skills to the next level, making it a top-selling board at Waterskis.lv","robots":{"index":"index","follow":"follow","max-snippet":"max-snippet:-1","max-image-preview":"max-image-preview:large","max-video-preview":"max-video-preview:-1"},"canonical":"https:\/\/www.waterskis.lv\/en\/product\/hyperlite-state-2-0-biolite-3-boat-wakeboard\/","og_locale":"en_US","og_type":"article","og_title":"Hyperlite State 2.0 Biolite 3 Boat Wakeboard - WATERSKIS.LV","og_description":"Hyperlite State 2.0 Biolite 3 Boat Wakeboard is designed to help riders take their skills to the next level, making it a top-selling board at Waterskis.lv","og_url":"https:\/\/www.waterskis.lv\/en\/product\/hyperlite-state-2-0-biolite-3-boat-wakeboard\/","og_site_name":"WATERSKIS.LV","article_publisher":"https:\/\/www.facebook.com\/jurmalawaterskiwakeboardpark\/","article_modified_time":"2026-01-29T08:31:16+00:00","og_image":[{"width":1600,"height":1600,"url":"https:\/\/www.waterskis.lv\/wp-content\/uploads\/2024\/11\/20_hl_wakeboards_state_11.jpg","type":"image\/jpeg"}],"twitter_card":"summary_large_image","twitter_misc":{"Est. reading time":"1 minute"},"schema":{"@context":"https:\/\/schema.org","@graph":[{"@type":"WebPage","@id":"https:\/\/www.waterskis.lv\/en\/product\/hyperlite-state-2-0-biolite-3-boat-wakeboard\/","url":"https:\/\/www.waterskis.lv\/en\/product\/hyperlite-state-2-0-biolite-3-boat-wakeboard\/","name":"Hyperlite State 2.0 Biolite 3 Boat Wakeboard - WATERSKIS.LV","isPartOf":{"@id":"https:\/\/www.waterskis.lv\/en\/#website"},"primaryImageOfPage":{"@id":"https:\/\/www.waterskis.lv\/en\/product\/hyperlite-state-2-0-biolite-3-boat-wakeboard\/#primaryimage"},"image":{"@id":"https:\/\/www.waterskis.lv\/en\/product\/hyperlite-state-2-0-biolite-3-boat-wakeboard\/#primaryimage"},"thumbnailUrl":"https:\/\/www.waterskis.lv\/wp-content\/uploads\/2024\/11\/20_hl_wakeboards_state_11.jpg","datePublished":"2024-11-03T07:37:46+00:00","dateModified":"2026-01-29T08:31:16+00:00","description":"Hyperlite State 2.0 Biolite 3 Boat Wakeboard is designed to help riders take their skills to the next level, making it a top-selling board at Waterskis.lv","breadcrumb":{"@id":"https:\/\/www.waterskis.lv\/en\/product\/hyperlite-state-2-0-biolite-3-boat-wakeboard\/#breadcrumb"},"inLanguage":"en-US","potentialAction":[{"@type":"ReadAction","target":["https:\/\/www.waterskis.lv\/en\/product\/hyperlite-state-2-0-biolite-3-boat-wakeboard\/"]}]},{"@type":"ImageObject","inLanguage":"en-US","@id":"https:\/\/www.waterskis.lv\/en\/product\/hyperlite-state-2-0-biolite-3-boat-wakeboard\/#primaryimage","url":"https:\/\/www.waterskis.lv\/wp-content\/uploads\/2024\/11\/20_hl_wakeboards_state_11.jpg","contentUrl":"https:\/\/www.waterskis.lv\/wp-content\/uploads\/2024\/11\/20_hl_wakeboards_state_11.jpg","width":1600,"height":1600,"caption":"Hyperlite State 2.0 Biolite 3 Boat Wakeboard"},{"@type":"BreadcrumbList","@id":"https:\/\/www.waterskis.lv\/en\/product\/hyperlite-state-2-0-biolite-3-boat-wakeboard\/#breadcrumb","itemListElement":[{"@type":"ListItem","position":1,"name":"Home","item":"https:\/\/www.waterskis.lv\/en\/"},{"@type":"ListItem","position":2,"name":"Shop","item":"https:\/\/waterskis.lv\/en\/shop\/"},{"@type":"ListItem","position":3,"name":"Hyperlite State 2.0 Biolite 3 Boat Wakeboard"}]},{"@type":"WebSite","@id":"https:\/\/www.waterskis.lv\/en\/#website","url":"https:\/\/www.waterskis.lv\/en\/","name":"WATERSKIS.LV","description":"SUP d\u0113\u013ci, kajaki, kanoe, airu laivas, \u016bdenssl\u0113po\u0161ana, veikbords, SUP d\u0113\u013cu noma, kajaku nomaakt\u012bv\u0101s atp\u016btas centrs, laivu noma, sup noma, kajaku noma","publisher":{"@id":"https:\/\/www.waterskis.lv\/en\/#organization"},"potentialAction":[{"@type":"SearchAction","target":{"@type":"EntryPoint","urlTemplate":"https:\/\/www.waterskis.lv\/en\/?s={search_term_string}"},"query-input":{"@type":"PropertyValueSpecification","valueRequired":true,"valueName":"search_term_string"}}],"inLanguage":"en-US"},{"@type":"Organization","@id":"https:\/\/www.waterskis.lv\/en\/#organization","name":"WATERSKIS.LV","url":"https:\/\/www.waterskis.lv\/en\/","logo":{"@type":"ImageObject","inLanguage":"en-US","@id":"https:\/\/www.waterskis.lv\/en\/#\/schema\/logo\/image\/","url":"https:\/\/www.waterskis.lv\/wp-content\/uploads\/2025\/01\/JUVP-logo.png","contentUrl":"https:\/\/www.waterskis.lv\/wp-content\/uploads\/2025\/01\/JUVP-logo.png","width":421,"height":202,"caption":"WATERSKIS.LV"},"image":{"@id":"https:\/\/www.waterskis.lv\/en\/#\/schema\/logo\/image\/"},"sameAs":["https:\/\/www.facebook.com\/jurmalawaterskiwakeboardpark\/"]}]}},"_links":{"self":[{"href":"https:\/\/www.waterskis.lv\/en\/wp-json\/wp\/v2\/product\/57514","targetHints":{"allow":["GET"]}}],"collection":[{"href":"https:\/\/www.waterskis.lv\/en\/wp-json\/wp\/v2\/product"}],"about":[{"href":"https:\/\/www.waterskis.lv\/en\/wp-json\/wp\/v2\/types\/product"}],"replies":[{"embeddable":true,"href":"https:\/\/www.waterskis.lv\/en\/wp-json\/wp\/v2\/comments?post=57514"}],"wp:featuredmedia":[{"embeddable":true,"href":"https:\/\/www.waterskis.lv\/en\/wp-json\/wp\/v2\/media\/68462"}],"wp:attachment":[{"href":"https:\/\/www.waterskis.lv\/en\/wp-json\/wp\/v2\/media?parent=57514"}],"wp:term":[{"taxonomy":"product_brand","embeddable":true,"href":"https:\/\/www.waterskis.lv\/en\/wp-json\/wp\/v2\/product_brand?post=57514"},{"taxonomy":"product_cat","embeddable":true,"href":"https:\/\/www.waterskis.lv\/en\/wp-json\/wp\/v2\/product_cat?post=57514"},{"taxonomy":"product_tag","embeddable":true,"href":"https:\/\/www.waterskis.lv\/en\/wp-json\/wp\/v2\/product_tag?post=57514"}],"curies":[{"name":"wp","href":"https:\/\/api.w.org\/{rel}","templated":true}]}}