{"id":57529,"date":"2024-11-03T11:34:42","date_gmt":"2024-11-03T08:34:42","guid":{"rendered":"https:\/\/www.waterskis.lv\/product\/laivas-veikborda-delis-ronix-one-blackout-tech-2025\/"},"modified":"2026-01-29T10:35:07","modified_gmt":"2026-01-29T08:35:07","slug":"ronix-diplomat-all-over-flex-2026-cable-park-wakeboard","status":"publish","type":"product","link":"https:\/\/www.waterskis.lv\/en\/product\/ronix-diplomat-all-over-flex-2026-cable-park-wakeboard\/","title":{"rendered":"Ronix Diplomat -All Over Flex- #2026 Cable Park Wakeboard"},"content":{"rendered":"<h1 class=\"page-title\"><span class=\"base\" data-ui-id=\"page-title-wrapper\">Ronix Diplomat -All Over Flex- #2026 Cable Park Wakeboard<\/span><\/h1>\n<p class=\"page-title\"><span class=\"base\" data-ui-id=\"page-title-wrapper\">Ronix Diplomat -All Over Flex- #2026 Cable Park Wakeboard<\/span><\/p>\n<div data-content-type=\"row\" data-appearance=\"contained\" data-element=\"main\">\n<div data-enable-parallax=\"0\" data-parallax-speed=\"0.5\" data-background-images=\"{}\" data-background-type=\"image\" data-video-loop=\"true\" data-video-play-only-visible=\"true\" data-video-lazy-load=\"true\" data-video-fallback-src=\"\" data-element=\"inner\" data-pb-style=\"J31KRVB\">\n<div data-content-type=\"text\" data-appearance=\"default\" data-element=\"main\">\n<p><strong style=\"font-size: 1.5rem;\">Weight Range<\/strong><\/p>\n<\/div>\n<\/div>\n<\/div>\n<div data-content-type=\"row\" data-appearance=\"contained\" data-element=\"main\">\n<div data-enable-parallax=\"0\" data-parallax-speed=\"0.5\" data-background-images=\"{}\" data-background-type=\"image\" data-video-loop=\"true\" data-video-play-only-visible=\"true\" data-video-lazy-load=\"true\" data-video-fallback-src=\"\" data-element=\"inner\" data-pb-style=\"FDSP1XW\">\n<div class=\"pagebuilder-column-group\" data-background-images=\"{}\" data-content-type=\"column-group\" data-appearance=\"default\" data-grid-size=\"12\" data-element=\"main\" data-pb-style=\"CU71UYS\">\n<div class=\"pagebuilder-column-line\" data-content-type=\"column-line\" data-element=\"main\" data-pb-style=\"UE8HT5Y\">\n<div class=\"pagebuilder-column\" data-content-type=\"column\" data-appearance=\"full-height\" data-background-images=\"{}\" data-element=\"main\" data-pb-style=\"HWK3N4M\">\n<div data-content-type=\"text\" data-appearance=\"default\" data-element=\"main\">\n<ul>\n<li class=\"pf0\"><span class=\"cf0\">143cm = Up To 77kg<\/span><\/li>\n<li class=\"pf0\"><span class=\"cf0\">148cm = 63kg &#8211; 85kg<\/span><\/li>\n<li class=\"pf0\"><span class=\"cf0\">153cm = 77kg And Up<\/span><\/li>\n<\/ul>\n<h3>RONIX wakeboards. Wide range of boards and equipment. Please inquire about wakeboard availability by phone or email info@waterskis.lv<\/h3>\n<\/div>\n<\/div>\n<\/div>\n<\/div>\n<\/div>\n<\/div>\n","protected":false},"excerpt":{"rendered":"<p>https:\/\/www.youtube.com\/watch?v=2gotUgpLUQ8 [&#8230;]<\/p>\n<p><a class=\"btn btn-secondary understrap-read-more-link\" href=\"https:\/\/www.waterskis.lv\/en\/product\/ronix-diplomat-all-over-flex-2026-cable-park-wakeboard\/\">Read More&#8230;<\/a><\/p>\n","protected":false},"featured_media":68468,"comment_status":"closed","ping_status":"closed","template":"","meta":{"_acf_changed":false,"inline_featured_image":false},"product_brand":[2420],"product_cat":[1150,565],"product_tag":[3031],"class_list":{"0":"post-57529","1":"product","2":"type-product","3":"status-publish","4":"has-post-thumbnail","6":"product_brand-ronix-wake","7":"product_cat-ronix-wakeboard","8":"product_cat-wakeboards","9":"product_tag-ronix-wakeboards","11":"first","12":"instock","13":"shipping-taxable","14":"purchasable","15":"product-type-simple"},"acf":[],"yoast_head":"<!-- This site is optimized with the Yoast SEO plugin v27.3 - https:\/\/yoast.com\/product\/yoast-seo-wordpress\/ -->\n<title>Ronix Diplomat -All Over Flex- #2026 Cable Park Wakeboard - WATERSKIS.LV<\/title>\n<meta name=\"description\" content=\"Ronix Diplomat -All Over Flex- #2026 Cable Park Wakeboard. Wide range of boards and equipment. inquire availability by phone or email info@waterskis.lv\" \/>\n<meta name=\"robots\" content=\"index, follow, max-snippet:-1, max-image-preview:large, max-video-preview:-1\" \/>\n<link rel=\"canonical\" href=\"https:\/\/www.waterskis.lv\/en\/product\/ronix-diplomat-all-over-flex-2026-cable-park-wakeboard\/\" \/>\n<meta property=\"og:locale\" content=\"en_US\" \/>\n<meta property=\"og:type\" content=\"article\" \/>\n<meta property=\"og:title\" content=\"Ronix Diplomat -All Over Flex- #2026 Cable Park Wakeboard - WATERSKIS.LV\" \/>\n<meta property=\"og:description\" content=\"Ronix Diplomat -All Over Flex- #2026 Cable Park Wakeboard. Wide range of boards and equipment. inquire availability by phone or email info@waterskis.lv\" \/>\n<meta property=\"og:url\" content=\"https:\/\/www.waterskis.lv\/en\/product\/ronix-diplomat-all-over-flex-2026-cable-park-wakeboard\/\" \/>\n<meta property=\"og:site_name\" content=\"WATERSKIS.LV\" \/>\n<meta property=\"article:publisher\" content=\"https:\/\/www.facebook.com\/jurmalawaterskiwakeboardpark\/\" \/>\n<meta property=\"article:modified_time\" content=\"2026-01-29T08:35:07+00:00\" \/>\n<meta property=\"og:image\" content=\"https:\/\/www.waterskis.lv\/wp-content\/uploads\/2024\/11\/2023_RONIX_WAKEBOARD_DIPLOMAT_BOTH.jpg\" \/>\n\t<meta property=\"og:image:width\" content=\"1600\" \/>\n\t<meta property=\"og:image:height\" content=\"1600\" \/>\n\t<meta property=\"og:image:type\" content=\"image\/jpeg\" \/>\n<meta name=\"twitter:card\" content=\"summary_large_image\" \/>\n<meta name=\"twitter:label1\" content=\"Est. reading time\" \/>\n\t<meta name=\"twitter:data1\" content=\"1 minute\" \/>\n<script type=\"application\/ld+json\" class=\"yoast-schema-graph\">{\"@context\":\"https:\\\/\\\/schema.org\",\"@graph\":[{\"@type\":\"WebPage\",\"@id\":\"https:\\\/\\\/www.waterskis.lv\\\/en\\\/product\\\/ronix-diplomat-all-over-flex-2026-cable-park-wakeboard\\\/\",\"url\":\"https:\\\/\\\/www.waterskis.lv\\\/en\\\/product\\\/ronix-diplomat-all-over-flex-2026-cable-park-wakeboard\\\/\",\"name\":\"Ronix Diplomat -All Over Flex- #2026 Cable Park Wakeboard - WATERSKIS.LV\",\"isPartOf\":{\"@id\":\"https:\\\/\\\/www.waterskis.lv\\\/en\\\/#website\"},\"primaryImageOfPage\":{\"@id\":\"https:\\\/\\\/www.waterskis.lv\\\/en\\\/product\\\/ronix-diplomat-all-over-flex-2026-cable-park-wakeboard\\\/#primaryimage\"},\"image\":{\"@id\":\"https:\\\/\\\/www.waterskis.lv\\\/en\\\/product\\\/ronix-diplomat-all-over-flex-2026-cable-park-wakeboard\\\/#primaryimage\"},\"thumbnailUrl\":\"https:\\\/\\\/www.waterskis.lv\\\/wp-content\\\/uploads\\\/2024\\\/11\\\/2023_RONIX_WAKEBOARD_DIPLOMAT_BOTH.jpg\",\"datePublished\":\"2024-11-03T08:34:42+00:00\",\"dateModified\":\"2026-01-29T08:35:07+00:00\",\"description\":\"Ronix Diplomat -All Over Flex- #2026 Cable Park Wakeboard. Wide range of boards and equipment. inquire availability by phone or email info@waterskis.lv\",\"breadcrumb\":{\"@id\":\"https:\\\/\\\/www.waterskis.lv\\\/en\\\/product\\\/ronix-diplomat-all-over-flex-2026-cable-park-wakeboard\\\/#breadcrumb\"},\"inLanguage\":\"en-US\",\"potentialAction\":[{\"@type\":\"ReadAction\",\"target\":[\"https:\\\/\\\/www.waterskis.lv\\\/en\\\/product\\\/ronix-diplomat-all-over-flex-2026-cable-park-wakeboard\\\/\"]}]},{\"@type\":\"ImageObject\",\"inLanguage\":\"en-US\",\"@id\":\"https:\\\/\\\/www.waterskis.lv\\\/en\\\/product\\\/ronix-diplomat-all-over-flex-2026-cable-park-wakeboard\\\/#primaryimage\",\"url\":\"https:\\\/\\\/www.waterskis.lv\\\/wp-content\\\/uploads\\\/2024\\\/11\\\/2023_RONIX_WAKEBOARD_DIPLOMAT_BOTH.jpg\",\"contentUrl\":\"https:\\\/\\\/www.waterskis.lv\\\/wp-content\\\/uploads\\\/2024\\\/11\\\/2023_RONIX_WAKEBOARD_DIPLOMAT_BOTH.jpg\",\"width\":1600,\"height\":1600,\"caption\":\"Ronix Diplomat -All Over Flex- #2026 Cable Park Wakeboard\"},{\"@type\":\"BreadcrumbList\",\"@id\":\"https:\\\/\\\/www.waterskis.lv\\\/en\\\/product\\\/ronix-diplomat-all-over-flex-2026-cable-park-wakeboard\\\/#breadcrumb\",\"itemListElement\":[{\"@type\":\"ListItem\",\"position\":1,\"name\":\"Home\",\"item\":\"https:\\\/\\\/www.waterskis.lv\\\/en\\\/\"},{\"@type\":\"ListItem\",\"position\":2,\"name\":\"Shop\",\"item\":\"https:\\\/\\\/waterskis.lv\\\/en\\\/shop\\\/\"},{\"@type\":\"ListItem\",\"position\":3,\"name\":\"Ronix Diplomat -All Over Flex- #2026 Cable Park Wakeboard\"}]},{\"@type\":\"WebSite\",\"@id\":\"https:\\\/\\\/www.waterskis.lv\\\/en\\\/#website\",\"url\":\"https:\\\/\\\/www.waterskis.lv\\\/en\\\/\",\"name\":\"WATERSKIS.LV\",\"description\":\"SUP d\u0113\u013ci, kajaki, kanoe, airu laivas, \u016bdenssl\u0113po\u0161ana, veikbords, SUP d\u0113\u013cu noma, kajaku nomaakt\u012bv\u0101s atp\u016btas centrs, laivu noma, sup noma, kajaku noma\",\"publisher\":{\"@id\":\"https:\\\/\\\/www.waterskis.lv\\\/en\\\/#organization\"},\"potentialAction\":[{\"@type\":\"SearchAction\",\"target\":{\"@type\":\"EntryPoint\",\"urlTemplate\":\"https:\\\/\\\/www.waterskis.lv\\\/en\\\/?s={search_term_string}\"},\"query-input\":{\"@type\":\"PropertyValueSpecification\",\"valueRequired\":true,\"valueName\":\"search_term_string\"}}],\"inLanguage\":\"en-US\"},{\"@type\":\"Organization\",\"@id\":\"https:\\\/\\\/www.waterskis.lv\\\/en\\\/#organization\",\"name\":\"WATERSKIS.LV\",\"url\":\"https:\\\/\\\/www.waterskis.lv\\\/en\\\/\",\"logo\":{\"@type\":\"ImageObject\",\"inLanguage\":\"en-US\",\"@id\":\"https:\\\/\\\/www.waterskis.lv\\\/en\\\/#\\\/schema\\\/logo\\\/image\\\/\",\"url\":\"https:\\\/\\\/www.waterskis.lv\\\/wp-content\\\/uploads\\\/2025\\\/01\\\/JUVP-logo.png\",\"contentUrl\":\"https:\\\/\\\/www.waterskis.lv\\\/wp-content\\\/uploads\\\/2025\\\/01\\\/JUVP-logo.png\",\"width\":421,\"height\":202,\"caption\":\"WATERSKIS.LV\"},\"image\":{\"@id\":\"https:\\\/\\\/www.waterskis.lv\\\/en\\\/#\\\/schema\\\/logo\\\/image\\\/\"},\"sameAs\":[\"https:\\\/\\\/www.facebook.com\\\/jurmalawaterskiwakeboardpark\\\/\"]}]}<\/script>\n<!-- \/ Yoast SEO plugin. -->","yoast_head_json":{"title":"Ronix Diplomat -All Over Flex- #2026 Cable Park Wakeboard - WATERSKIS.LV","description":"Ronix Diplomat -All Over Flex- #2026 Cable Park Wakeboard. Wide range of boards and equipment. inquire availability by phone or email info@waterskis.lv","robots":{"index":"index","follow":"follow","max-snippet":"max-snippet:-1","max-image-preview":"max-image-preview:large","max-video-preview":"max-video-preview:-1"},"canonical":"https:\/\/www.waterskis.lv\/en\/product\/ronix-diplomat-all-over-flex-2026-cable-park-wakeboard\/","og_locale":"en_US","og_type":"article","og_title":"Ronix Diplomat -All Over Flex- #2026 Cable Park Wakeboard - WATERSKIS.LV","og_description":"Ronix Diplomat -All Over Flex- #2026 Cable Park Wakeboard. Wide range of boards and equipment. inquire availability by phone or email info@waterskis.lv","og_url":"https:\/\/www.waterskis.lv\/en\/product\/ronix-diplomat-all-over-flex-2026-cable-park-wakeboard\/","og_site_name":"WATERSKIS.LV","article_publisher":"https:\/\/www.facebook.com\/jurmalawaterskiwakeboardpark\/","article_modified_time":"2026-01-29T08:35:07+00:00","og_image":[{"width":1600,"height":1600,"url":"https:\/\/www.waterskis.lv\/wp-content\/uploads\/2024\/11\/2023_RONIX_WAKEBOARD_DIPLOMAT_BOTH.jpg","type":"image\/jpeg"}],"twitter_card":"summary_large_image","twitter_misc":{"Est. reading time":"1 minute"},"schema":{"@context":"https:\/\/schema.org","@graph":[{"@type":"WebPage","@id":"https:\/\/www.waterskis.lv\/en\/product\/ronix-diplomat-all-over-flex-2026-cable-park-wakeboard\/","url":"https:\/\/www.waterskis.lv\/en\/product\/ronix-diplomat-all-over-flex-2026-cable-park-wakeboard\/","name":"Ronix Diplomat -All Over Flex- #2026 Cable Park Wakeboard - WATERSKIS.LV","isPartOf":{"@id":"https:\/\/www.waterskis.lv\/en\/#website"},"primaryImageOfPage":{"@id":"https:\/\/www.waterskis.lv\/en\/product\/ronix-diplomat-all-over-flex-2026-cable-park-wakeboard\/#primaryimage"},"image":{"@id":"https:\/\/www.waterskis.lv\/en\/product\/ronix-diplomat-all-over-flex-2026-cable-park-wakeboard\/#primaryimage"},"thumbnailUrl":"https:\/\/www.waterskis.lv\/wp-content\/uploads\/2024\/11\/2023_RONIX_WAKEBOARD_DIPLOMAT_BOTH.jpg","datePublished":"2024-11-03T08:34:42+00:00","dateModified":"2026-01-29T08:35:07+00:00","description":"Ronix Diplomat -All Over Flex- #2026 Cable Park Wakeboard. Wide range of boards and equipment. inquire availability by phone or email info@waterskis.lv","breadcrumb":{"@id":"https:\/\/www.waterskis.lv\/en\/product\/ronix-diplomat-all-over-flex-2026-cable-park-wakeboard\/#breadcrumb"},"inLanguage":"en-US","potentialAction":[{"@type":"ReadAction","target":["https:\/\/www.waterskis.lv\/en\/product\/ronix-diplomat-all-over-flex-2026-cable-park-wakeboard\/"]}]},{"@type":"ImageObject","inLanguage":"en-US","@id":"https:\/\/www.waterskis.lv\/en\/product\/ronix-diplomat-all-over-flex-2026-cable-park-wakeboard\/#primaryimage","url":"https:\/\/www.waterskis.lv\/wp-content\/uploads\/2024\/11\/2023_RONIX_WAKEBOARD_DIPLOMAT_BOTH.jpg","contentUrl":"https:\/\/www.waterskis.lv\/wp-content\/uploads\/2024\/11\/2023_RONIX_WAKEBOARD_DIPLOMAT_BOTH.jpg","width":1600,"height":1600,"caption":"Ronix Diplomat -All Over Flex- #2026 Cable Park Wakeboard"},{"@type":"BreadcrumbList","@id":"https:\/\/www.waterskis.lv\/en\/product\/ronix-diplomat-all-over-flex-2026-cable-park-wakeboard\/#breadcrumb","itemListElement":[{"@type":"ListItem","position":1,"name":"Home","item":"https:\/\/www.waterskis.lv\/en\/"},{"@type":"ListItem","position":2,"name":"Shop","item":"https:\/\/waterskis.lv\/en\/shop\/"},{"@type":"ListItem","position":3,"name":"Ronix Diplomat -All Over Flex- #2026 Cable Park Wakeboard"}]},{"@type":"WebSite","@id":"https:\/\/www.waterskis.lv\/en\/#website","url":"https:\/\/www.waterskis.lv\/en\/","name":"WATERSKIS.LV","description":"SUP d\u0113\u013ci, kajaki, kanoe, airu laivas, \u016bdenssl\u0113po\u0161ana, veikbords, SUP d\u0113\u013cu noma, kajaku nomaakt\u012bv\u0101s atp\u016btas centrs, laivu noma, sup noma, kajaku noma","publisher":{"@id":"https:\/\/www.waterskis.lv\/en\/#organization"},"potentialAction":[{"@type":"SearchAction","target":{"@type":"EntryPoint","urlTemplate":"https:\/\/www.waterskis.lv\/en\/?s={search_term_string}"},"query-input":{"@type":"PropertyValueSpecification","valueRequired":true,"valueName":"search_term_string"}}],"inLanguage":"en-US"},{"@type":"Organization","@id":"https:\/\/www.waterskis.lv\/en\/#organization","name":"WATERSKIS.LV","url":"https:\/\/www.waterskis.lv\/en\/","logo":{"@type":"ImageObject","inLanguage":"en-US","@id":"https:\/\/www.waterskis.lv\/en\/#\/schema\/logo\/image\/","url":"https:\/\/www.waterskis.lv\/wp-content\/uploads\/2025\/01\/JUVP-logo.png","contentUrl":"https:\/\/www.waterskis.lv\/wp-content\/uploads\/2025\/01\/JUVP-logo.png","width":421,"height":202,"caption":"WATERSKIS.LV"},"image":{"@id":"https:\/\/www.waterskis.lv\/en\/#\/schema\/logo\/image\/"},"sameAs":["https:\/\/www.facebook.com\/jurmalawaterskiwakeboardpark\/"]}]}},"_links":{"self":[{"href":"https:\/\/www.waterskis.lv\/en\/wp-json\/wp\/v2\/product\/57529","targetHints":{"allow":["GET"]}}],"collection":[{"href":"https:\/\/www.waterskis.lv\/en\/wp-json\/wp\/v2\/product"}],"about":[{"href":"https:\/\/www.waterskis.lv\/en\/wp-json\/wp\/v2\/types\/product"}],"replies":[{"embeddable":true,"href":"https:\/\/www.waterskis.lv\/en\/wp-json\/wp\/v2\/comments?post=57529"}],"wp:featuredmedia":[{"embeddable":true,"href":"https:\/\/www.waterskis.lv\/en\/wp-json\/wp\/v2\/media\/68468"}],"wp:attachment":[{"href":"https:\/\/www.waterskis.lv\/en\/wp-json\/wp\/v2\/media?parent=57529"}],"wp:term":[{"taxonomy":"product_brand","embeddable":true,"href":"https:\/\/www.waterskis.lv\/en\/wp-json\/wp\/v2\/product_brand?post=57529"},{"taxonomy":"product_cat","embeddable":true,"href":"https:\/\/www.waterskis.lv\/en\/wp-json\/wp\/v2\/product_cat?post=57529"},{"taxonomy":"product_tag","embeddable":true,"href":"https:\/\/www.waterskis.lv\/en\/wp-json\/wp\/v2\/product_tag?post=57529"}],"curies":[{"name":"wp","href":"https:\/\/api.w.org\/{rel}","templated":true}]}}