{"id":57612,"date":"2024-11-04T17:42:59","date_gmt":"2024-11-04T14:42:59","guid":{"rendered":"https:\/\/www.waterskis.lv\/product\/veikborda-zabaki-ronix-divide-stage-1\/"},"modified":"2026-01-29T10:37:02","modified_gmt":"2026-01-29T08:37:02","slug":"ronix-divide-2-0-low-cut-tech-2026-wakeboard-boot","status":"publish","type":"product","link":"https:\/\/www.waterskis.lv\/en\/product\/ronix-divide-2-0-low-cut-tech-2026-wakeboard-boot\/","title":{"rendered":"Ronix Divide 2.0 Low Cut Tech #2026 Wakeboard Boot"},"content":{"rendered":"<h1 class=\"page-title\"><span class=\"base\" data-ui-id=\"page-title-wrapper\">Ronix Divide 2.0 Low Cut Tech #2026 Wakeboard Boot<\/span><\/h1>\n<p class=\"page-title\"><span class=\"base\" data-ui-id=\"page-title-wrapper\">Ronix Divide 2.0 Low Cut Tech #2026 Wakeboard Boot<\/span><\/p>\n<h4><strong>Size Chart<\/strong><\/h4>\n<ul>\n<li>EU 37-41.5 US 5-8.5 CM 23-26.5<\/li>\n<li>EU 40-45.5 US 7.5-11.5 CM 25.5-29.5<\/li>\n<li>EU 44-48.5 US 10.5-14.5 CM 28-32.5<\/li>\n<\/ul>\n<h3>RONIX wakeboards. Wide range of boards and equipment. Please inquire about wakeboard availability by phone or email info@waterskis.lv<\/h3>\n","protected":false},"excerpt":{"rendered":"<p>RONIX wakeboards. Wide range of boards and equipment. Please inquire about wakeboard availability by phone or email info@waterskis.lv<\/p>\n<p>https:\/\/www.youtube.com\/watch?v=JVJO4YT4M7A [&#8230;]<\/p>\n<p><a class=\"btn btn-secondary understrap-read-more-link\" href=\"https:\/\/www.waterskis.lv\/en\/product\/ronix-divide-2-0-low-cut-tech-2026-wakeboard-boot\/\">Read More&#8230;<\/a><\/p>\n","protected":false},"featured_media":57610,"comment_status":"closed","ping_status":"closed","template":"","meta":{"_acf_changed":false,"inline_featured_image":false},"product_brand":[2420],"product_cat":[1150,959,565],"product_tag":[3032,3030],"class_list":{"0":"post-57612","1":"product","2":"type-product","3":"status-publish","4":"has-post-thumbnail","6":"product_brand-ronix-wake","7":"product_cat-ronix-wakeboard","8":"product_cat-wakeboard-boots-bindings","9":"product_cat-wakeboards","10":"product_tag-ronix-wakeboard-boots","11":"product_tag-wakeboard-boots","13":"first","14":"instock","15":"shipping-taxable","16":"purchasable","17":"product-type-simple"},"acf":[],"yoast_head":"<!-- This site is optimized with the Yoast SEO plugin v27.3 - https:\/\/yoast.com\/product\/yoast-seo-wordpress\/ -->\n<title>Ronix Divide 2.0 Low Cut Tech #2026 Wakeboard Boot - WATERSKIS.LV<\/title>\n<meta name=\"description\" content=\"Ronix Divide 2.0 Low Cut Tech #2026 Wakeboard Boot. Wide range of boards and equipment. Inquire about availability by phone or email info@waterskis.lv\" \/>\n<meta name=\"robots\" content=\"index, follow, max-snippet:-1, max-image-preview:large, max-video-preview:-1\" \/>\n<link rel=\"canonical\" href=\"https:\/\/www.waterskis.lv\/en\/product\/ronix-divide-2-0-low-cut-tech-2026-wakeboard-boot\/\" \/>\n<meta property=\"og:locale\" content=\"en_US\" \/>\n<meta property=\"og:type\" content=\"article\" \/>\n<meta property=\"og:title\" content=\"Ronix Divide 2.0 Low Cut Tech #2026 Wakeboard Boot - WATERSKIS.LV\" \/>\n<meta property=\"og:description\" content=\"Ronix Divide 2.0 Low Cut Tech #2026 Wakeboard Boot. Wide range of boards and equipment. Inquire about availability by phone or email info@waterskis.lv\" \/>\n<meta property=\"og:url\" content=\"https:\/\/www.waterskis.lv\/en\/product\/ronix-divide-2-0-low-cut-tech-2026-wakeboard-boot\/\" \/>\n<meta property=\"og:site_name\" content=\"WATERSKIS.LV\" \/>\n<meta property=\"article:publisher\" content=\"https:\/\/www.facebook.com\/jurmalawaterskiwakeboardpark\/\" \/>\n<meta property=\"article:modified_time\" content=\"2026-01-29T08:37:02+00:00\" \/>\n<meta property=\"og:image\" content=\"https:\/\/www.waterskis.lv\/wp-content\/uploads\/2024\/11\/2022_ronix_boots_divide_pair.jpg\" \/>\n\t<meta property=\"og:image:width\" content=\"1600\" \/>\n\t<meta property=\"og:image:height\" content=\"1600\" \/>\n\t<meta property=\"og:image:type\" content=\"image\/jpeg\" \/>\n<meta name=\"twitter:card\" content=\"summary_large_image\" \/>\n<meta name=\"twitter:label1\" content=\"Est. reading time\" \/>\n\t<meta name=\"twitter:data1\" content=\"1 minute\" \/>\n<script type=\"application\/ld+json\" class=\"yoast-schema-graph\">{\"@context\":\"https:\\\/\\\/schema.org\",\"@graph\":[{\"@type\":\"WebPage\",\"@id\":\"https:\\\/\\\/www.waterskis.lv\\\/en\\\/product\\\/ronix-divide-2-0-low-cut-tech-2026-wakeboard-boot\\\/\",\"url\":\"https:\\\/\\\/www.waterskis.lv\\\/en\\\/product\\\/ronix-divide-2-0-low-cut-tech-2026-wakeboard-boot\\\/\",\"name\":\"Ronix Divide 2.0 Low Cut Tech #2026 Wakeboard Boot - WATERSKIS.LV\",\"isPartOf\":{\"@id\":\"https:\\\/\\\/www.waterskis.lv\\\/en\\\/#website\"},\"primaryImageOfPage\":{\"@id\":\"https:\\\/\\\/www.waterskis.lv\\\/en\\\/product\\\/ronix-divide-2-0-low-cut-tech-2026-wakeboard-boot\\\/#primaryimage\"},\"image\":{\"@id\":\"https:\\\/\\\/www.waterskis.lv\\\/en\\\/product\\\/ronix-divide-2-0-low-cut-tech-2026-wakeboard-boot\\\/#primaryimage\"},\"thumbnailUrl\":\"https:\\\/\\\/www.waterskis.lv\\\/wp-content\\\/uploads\\\/2024\\\/11\\\/2022_ronix_boots_divide_pair.jpg\",\"datePublished\":\"2024-11-04T14:42:59+00:00\",\"dateModified\":\"2026-01-29T08:37:02+00:00\",\"description\":\"Ronix Divide 2.0 Low Cut Tech #2026 Wakeboard Boot. Wide range of boards and equipment. Inquire about availability by phone or email info@waterskis.lv\",\"breadcrumb\":{\"@id\":\"https:\\\/\\\/www.waterskis.lv\\\/en\\\/product\\\/ronix-divide-2-0-low-cut-tech-2026-wakeboard-boot\\\/#breadcrumb\"},\"inLanguage\":\"en-US\",\"potentialAction\":[{\"@type\":\"ReadAction\",\"target\":[\"https:\\\/\\\/www.waterskis.lv\\\/en\\\/product\\\/ronix-divide-2-0-low-cut-tech-2026-wakeboard-boot\\\/\"]}]},{\"@type\":\"ImageObject\",\"inLanguage\":\"en-US\",\"@id\":\"https:\\\/\\\/www.waterskis.lv\\\/en\\\/product\\\/ronix-divide-2-0-low-cut-tech-2026-wakeboard-boot\\\/#primaryimage\",\"url\":\"https:\\\/\\\/www.waterskis.lv\\\/wp-content\\\/uploads\\\/2024\\\/11\\\/2022_ronix_boots_divide_pair.jpg\",\"contentUrl\":\"https:\\\/\\\/www.waterskis.lv\\\/wp-content\\\/uploads\\\/2024\\\/11\\\/2022_ronix_boots_divide_pair.jpg\",\"width\":1600,\"height\":1600,\"caption\":\"Veikborda z\u0101baki Ronix Divide Stage 1\"},{\"@type\":\"BreadcrumbList\",\"@id\":\"https:\\\/\\\/www.waterskis.lv\\\/en\\\/product\\\/ronix-divide-2-0-low-cut-tech-2026-wakeboard-boot\\\/#breadcrumb\",\"itemListElement\":[{\"@type\":\"ListItem\",\"position\":1,\"name\":\"Home\",\"item\":\"https:\\\/\\\/www.waterskis.lv\\\/en\\\/\"},{\"@type\":\"ListItem\",\"position\":2,\"name\":\"Shop\",\"item\":\"https:\\\/\\\/waterskis.lv\\\/en\\\/shop\\\/\"},{\"@type\":\"ListItem\",\"position\":3,\"name\":\"Ronix Divide 2.0 Low Cut Tech #2026 Wakeboard Boot\"}]},{\"@type\":\"WebSite\",\"@id\":\"https:\\\/\\\/www.waterskis.lv\\\/en\\\/#website\",\"url\":\"https:\\\/\\\/www.waterskis.lv\\\/en\\\/\",\"name\":\"WATERSKIS.LV\",\"description\":\"SUP d\u0113\u013ci, kajaki, kanoe, airu laivas, \u016bdenssl\u0113po\u0161ana, veikbords, SUP d\u0113\u013cu noma, kajaku nomaakt\u012bv\u0101s atp\u016btas centrs, laivu noma, sup noma, kajaku noma\",\"publisher\":{\"@id\":\"https:\\\/\\\/www.waterskis.lv\\\/en\\\/#organization\"},\"potentialAction\":[{\"@type\":\"SearchAction\",\"target\":{\"@type\":\"EntryPoint\",\"urlTemplate\":\"https:\\\/\\\/www.waterskis.lv\\\/en\\\/?s={search_term_string}\"},\"query-input\":{\"@type\":\"PropertyValueSpecification\",\"valueRequired\":true,\"valueName\":\"search_term_string\"}}],\"inLanguage\":\"en-US\"},{\"@type\":\"Organization\",\"@id\":\"https:\\\/\\\/www.waterskis.lv\\\/en\\\/#organization\",\"name\":\"WATERSKIS.LV\",\"url\":\"https:\\\/\\\/www.waterskis.lv\\\/en\\\/\",\"logo\":{\"@type\":\"ImageObject\",\"inLanguage\":\"en-US\",\"@id\":\"https:\\\/\\\/www.waterskis.lv\\\/en\\\/#\\\/schema\\\/logo\\\/image\\\/\",\"url\":\"https:\\\/\\\/www.waterskis.lv\\\/wp-content\\\/uploads\\\/2025\\\/01\\\/JUVP-logo.png\",\"contentUrl\":\"https:\\\/\\\/www.waterskis.lv\\\/wp-content\\\/uploads\\\/2025\\\/01\\\/JUVP-logo.png\",\"width\":421,\"height\":202,\"caption\":\"WATERSKIS.LV\"},\"image\":{\"@id\":\"https:\\\/\\\/www.waterskis.lv\\\/en\\\/#\\\/schema\\\/logo\\\/image\\\/\"},\"sameAs\":[\"https:\\\/\\\/www.facebook.com\\\/jurmalawaterskiwakeboardpark\\\/\"]}]}<\/script>\n<!-- \/ Yoast SEO plugin. -->","yoast_head_json":{"title":"Ronix Divide 2.0 Low Cut Tech #2026 Wakeboard Boot - WATERSKIS.LV","description":"Ronix Divide 2.0 Low Cut Tech #2026 Wakeboard Boot. Wide range of boards and equipment. Inquire about availability by phone or email info@waterskis.lv","robots":{"index":"index","follow":"follow","max-snippet":"max-snippet:-1","max-image-preview":"max-image-preview:large","max-video-preview":"max-video-preview:-1"},"canonical":"https:\/\/www.waterskis.lv\/en\/product\/ronix-divide-2-0-low-cut-tech-2026-wakeboard-boot\/","og_locale":"en_US","og_type":"article","og_title":"Ronix Divide 2.0 Low Cut Tech #2026 Wakeboard Boot - WATERSKIS.LV","og_description":"Ronix Divide 2.0 Low Cut Tech #2026 Wakeboard Boot. Wide range of boards and equipment. Inquire about availability by phone or email info@waterskis.lv","og_url":"https:\/\/www.waterskis.lv\/en\/product\/ronix-divide-2-0-low-cut-tech-2026-wakeboard-boot\/","og_site_name":"WATERSKIS.LV","article_publisher":"https:\/\/www.facebook.com\/jurmalawaterskiwakeboardpark\/","article_modified_time":"2026-01-29T08:37:02+00:00","og_image":[{"width":1600,"height":1600,"url":"https:\/\/www.waterskis.lv\/wp-content\/uploads\/2024\/11\/2022_ronix_boots_divide_pair.jpg","type":"image\/jpeg"}],"twitter_card":"summary_large_image","twitter_misc":{"Est. reading time":"1 minute"},"schema":{"@context":"https:\/\/schema.org","@graph":[{"@type":"WebPage","@id":"https:\/\/www.waterskis.lv\/en\/product\/ronix-divide-2-0-low-cut-tech-2026-wakeboard-boot\/","url":"https:\/\/www.waterskis.lv\/en\/product\/ronix-divide-2-0-low-cut-tech-2026-wakeboard-boot\/","name":"Ronix Divide 2.0 Low Cut Tech #2026 Wakeboard Boot - WATERSKIS.LV","isPartOf":{"@id":"https:\/\/www.waterskis.lv\/en\/#website"},"primaryImageOfPage":{"@id":"https:\/\/www.waterskis.lv\/en\/product\/ronix-divide-2-0-low-cut-tech-2026-wakeboard-boot\/#primaryimage"},"image":{"@id":"https:\/\/www.waterskis.lv\/en\/product\/ronix-divide-2-0-low-cut-tech-2026-wakeboard-boot\/#primaryimage"},"thumbnailUrl":"https:\/\/www.waterskis.lv\/wp-content\/uploads\/2024\/11\/2022_ronix_boots_divide_pair.jpg","datePublished":"2024-11-04T14:42:59+00:00","dateModified":"2026-01-29T08:37:02+00:00","description":"Ronix Divide 2.0 Low Cut Tech #2026 Wakeboard Boot. Wide range of boards and equipment. Inquire about availability by phone or email info@waterskis.lv","breadcrumb":{"@id":"https:\/\/www.waterskis.lv\/en\/product\/ronix-divide-2-0-low-cut-tech-2026-wakeboard-boot\/#breadcrumb"},"inLanguage":"en-US","potentialAction":[{"@type":"ReadAction","target":["https:\/\/www.waterskis.lv\/en\/product\/ronix-divide-2-0-low-cut-tech-2026-wakeboard-boot\/"]}]},{"@type":"ImageObject","inLanguage":"en-US","@id":"https:\/\/www.waterskis.lv\/en\/product\/ronix-divide-2-0-low-cut-tech-2026-wakeboard-boot\/#primaryimage","url":"https:\/\/www.waterskis.lv\/wp-content\/uploads\/2024\/11\/2022_ronix_boots_divide_pair.jpg","contentUrl":"https:\/\/www.waterskis.lv\/wp-content\/uploads\/2024\/11\/2022_ronix_boots_divide_pair.jpg","width":1600,"height":1600,"caption":"Veikborda z\u0101baki Ronix Divide Stage 1"},{"@type":"BreadcrumbList","@id":"https:\/\/www.waterskis.lv\/en\/product\/ronix-divide-2-0-low-cut-tech-2026-wakeboard-boot\/#breadcrumb","itemListElement":[{"@type":"ListItem","position":1,"name":"Home","item":"https:\/\/www.waterskis.lv\/en\/"},{"@type":"ListItem","position":2,"name":"Shop","item":"https:\/\/waterskis.lv\/en\/shop\/"},{"@type":"ListItem","position":3,"name":"Ronix Divide 2.0 Low Cut Tech #2026 Wakeboard Boot"}]},{"@type":"WebSite","@id":"https:\/\/www.waterskis.lv\/en\/#website","url":"https:\/\/www.waterskis.lv\/en\/","name":"WATERSKIS.LV","description":"SUP d\u0113\u013ci, kajaki, kanoe, airu laivas, \u016bdenssl\u0113po\u0161ana, veikbords, SUP d\u0113\u013cu noma, kajaku nomaakt\u012bv\u0101s atp\u016btas centrs, laivu noma, sup noma, kajaku noma","publisher":{"@id":"https:\/\/www.waterskis.lv\/en\/#organization"},"potentialAction":[{"@type":"SearchAction","target":{"@type":"EntryPoint","urlTemplate":"https:\/\/www.waterskis.lv\/en\/?s={search_term_string}"},"query-input":{"@type":"PropertyValueSpecification","valueRequired":true,"valueName":"search_term_string"}}],"inLanguage":"en-US"},{"@type":"Organization","@id":"https:\/\/www.waterskis.lv\/en\/#organization","name":"WATERSKIS.LV","url":"https:\/\/www.waterskis.lv\/en\/","logo":{"@type":"ImageObject","inLanguage":"en-US","@id":"https:\/\/www.waterskis.lv\/en\/#\/schema\/logo\/image\/","url":"https:\/\/www.waterskis.lv\/wp-content\/uploads\/2025\/01\/JUVP-logo.png","contentUrl":"https:\/\/www.waterskis.lv\/wp-content\/uploads\/2025\/01\/JUVP-logo.png","width":421,"height":202,"caption":"WATERSKIS.LV"},"image":{"@id":"https:\/\/www.waterskis.lv\/en\/#\/schema\/logo\/image\/"},"sameAs":["https:\/\/www.facebook.com\/jurmalawaterskiwakeboardpark\/"]}]}},"_links":{"self":[{"href":"https:\/\/www.waterskis.lv\/en\/wp-json\/wp\/v2\/product\/57612","targetHints":{"allow":["GET"]}}],"collection":[{"href":"https:\/\/www.waterskis.lv\/en\/wp-json\/wp\/v2\/product"}],"about":[{"href":"https:\/\/www.waterskis.lv\/en\/wp-json\/wp\/v2\/types\/product"}],"replies":[{"embeddable":true,"href":"https:\/\/www.waterskis.lv\/en\/wp-json\/wp\/v2\/comments?post=57612"}],"wp:featuredmedia":[{"embeddable":true,"href":"https:\/\/www.waterskis.lv\/en\/wp-json\/wp\/v2\/media\/57610"}],"wp:attachment":[{"href":"https:\/\/www.waterskis.lv\/en\/wp-json\/wp\/v2\/media?parent=57612"}],"wp:term":[{"taxonomy":"product_brand","embeddable":true,"href":"https:\/\/www.waterskis.lv\/en\/wp-json\/wp\/v2\/product_brand?post=57612"},{"taxonomy":"product_cat","embeddable":true,"href":"https:\/\/www.waterskis.lv\/en\/wp-json\/wp\/v2\/product_cat?post=57612"},{"taxonomy":"product_tag","embeddable":true,"href":"https:\/\/www.waterskis.lv\/en\/wp-json\/wp\/v2\/product_tag?post=57612"}],"curies":[{"name":"wp","href":"https:\/\/api.w.org\/{rel}","templated":true}]}}