{"id":57663,"date":"2024-11-05T07:49:14","date_gmt":"2024-11-05T04:49:14","guid":{"rendered":"https:\/\/www.waterskis.lv\/product\/veikserfa-delis-ronix-trasher-marshmellow-surf-style-wakesurfer\/"},"modified":"2026-01-30T11:34:04","modified_gmt":"2026-01-30T09:34:04","slug":"ronix-trasher-marshmellow-surf-style-wakesurfer","status":"publish","type":"product","link":"https:\/\/www.waterskis.lv\/en\/product\/ronix-trasher-marshmellow-surf-style-wakesurfer\/","title":{"rendered":"Ronix Trasher Marsh&#8221;Mellow&#8221; Surf Style Wakesurfer"},"content":{"rendered":"<h1>Ronix Trasher Marsh&#8221;Mellow&#8221; Surf Style Wakesurfer<\/h1>\n<p>Ronix Trasher Marsh&#8221;Mellow&#8221; Surf Style Wakesurfer<\/p>\n<h3>Pros and cons<\/h3>\n<div class=\"pros-cons\">\n<ul>\n<li>Great for Progression \u2013 With a stable, hard-edging thruster shape, this board is ideal for developing wakesurfers looking to improve their skills while enjoying a smooth, controlled ride.<\/li>\n<li>Budget-Friendly Performance \u2013 Incorporating design elements from Ronix&#8217;s high-end lineup, this board delivers solid performance at an affordable price, making it accessible for riders on a budget.<\/li>\n<li>Durable and Lightweight \u2013 The lightweight, soft top construction provides durability without sacrificing performance, allowing for easy handling and long-lasting use.<\/li>\n<li>Limited for Advanced Riders \u2013 While perfect for progression, the board may not offer the agility and advanced features needed by experienced riders performing technical tricks.<\/li>\n<li>Less Versatile for Tricks \u2013 Although stable and smooth, the focus on grip and control might make it less suitable for riders looking to perform fast spins and aggressive tricks.<\/li>\n<li>Not Ideal for Skim-Style Riders \u2013 As a surf-style board, it focuses on smooth carving and stability, which may not appeal to those preferring the sharper, quicker feel of a skim-style board.<\/li>\n<\/ul>\n<\/div>\n<hr \/>\n<h3>Description<\/h3>\n<p>The <strong>Trasher Marsh &#8220;Mellow&#8221; Surf Style Wakesurfer<\/strong> \u00a0soft top construction, this board delivers speed, durability, and ease of use for riders looking to progress their skills.<\/p>\n<p>Built for performance, this board shares design elements from our high-end lineup but at a price point suited for riders on a budget. The thruster outline, paired with three deep fins, provides exceptional grip and stability, making it ideal for newcomers seeking to improve their riding style. With more edge in the water than most boards, the Trasher Marsh &#8220;Mellow&#8221; ensures solid control and smooth transitions down the wave.<\/p>\n<p>Get a stable, budget-friendly, and durable wakesurfer with high-performance features today<\/p>\n<h4><strong>Ronix Trasher Marsh&#8221;Mellow&#8221; Surf Style WakeSurfer &#8211; Surf Style Explained<\/strong><\/h4>\n<ul>\n<li>Toss some buckets with some smooth, linked turns inspired by your favorite saltwater surfer. Traditional surf shapes have a thicker profile and a mellower rail\/bevel allowing a rider to pivot a turn more from their back foot and are best ridden with either a deeper fin, or multiple fins. Riders usually apply more pressure on the back half of the board and generate more force through a turn. Still very capable of doing tricks on and off the water \u2013 just with a fluid like feel.<\/li>\n<\/ul>\n<h4><strong>Ronix Trasher Marsh&#8221;Mellow&#8221; Surf Style WakeSurfer Construction Features<\/strong><\/h4>\n<ul>\n<li>Performance: All Levels<\/li>\n<li>Bottom Mount Fin Attachment \u2013 Tool Included<\/li>\n<li>2 \u2013 2.3\u201d Alfred Symmetrical Fins<\/li>\n<li>1 \u2013 2.9\u201d Alfred Symmetrical Fins<\/li>\n<li>Machined EVA Front \/ Rear Pad<\/li>\n<li>Lava Resin<\/li>\n<li>Handmade by Robots<\/li>\n<li>Core Vents<\/li>\n<\/ul>\n<h4><strong>Ronix Trasher Marsh&#8221;Mellow&#8221; WakeSurfer Sizing by Rider&#8217;s Weight<\/strong><\/h4>\n<ul>\n<li><strong>4.8 inch:<\/strong>\u00a0Up to 80kg<\/li>\n<li><strong>5.2 inch:<\/strong>\u00a070kg +<\/li>\n<\/ul>\n<h4><strong>Ronix Trasher Marsh&#8221;Mellow&#8221; WakeSurfer Volume<\/strong><\/h4>\n<ul>\n<li><strong>4.8 inch:<\/strong>\u00a018 ltrs<\/li>\n<li><strong>5.2 inch:<\/strong>\u00a020.2 ltrs<\/li>\n<\/ul>\n<h4><strong>Ronix Trasher <\/strong><strong>Innovative Features:<\/strong><\/h4>\n<p><strong>Marsh &#8220;Melow&#8221; Construction<\/strong><\/p>\n<p>The feel of a traditional surfer \u2013 the durability of a wakeboard.<\/p>\n<p><strong>Thickness &#8211; Standard<\/strong><\/p>\n<p>Added top water speed with increased buoyancy for a rider that wants a traditional surf feel in the waterline.<\/p>\n<p><strong>Rail &#8211; Full<\/strong><\/p>\n<p>Smooth predictable arcs for a floaty surf feel.<\/p>\n","protected":false},"excerpt":{"rendered":"<p>https:\/\/www.youtube.com\/watch?v=6lCKQHTdaFk [&#8230;]<\/p>\n<p><a class=\"btn btn-secondary understrap-read-more-link\" href=\"https:\/\/www.waterskis.lv\/en\/product\/ronix-trasher-marshmellow-surf-style-wakesurfer\/\">Read More&#8230;<\/a><\/p>\n","protected":false},"featured_media":57657,"comment_status":"closed","ping_status":"closed","template":"","meta":{"_acf_changed":false,"inline_featured_image":false},"product_brand":[2420],"product_cat":[361,961,962],"product_tag":[1464,3056],"class_list":{"0":"post-57663","1":"product","2":"type-product","3":"status-publish","4":"has-post-thumbnail","6":"product_brand-ronix-wake","7":"product_cat-sale","8":"product_cat-wakesurf","9":"product_cat-wakesurfers","10":"product_tag-veikserfs","11":"product_tag-wakesurf","13":"first","14":"instock","15":"sale","16":"shipping-taxable","17":"purchasable","18":"product-type-simple"},"acf":[],"yoast_head":"<!-- This site is optimized with the Yoast SEO plugin v27.5 - https:\/\/yoast.com\/product\/yoast-seo-wordpress\/ -->\n<title>Ronix Trasher Marsh&quot;Mellow&quot; Surf Style Wakesurfer - WATERSKIS.LV<\/title>\n<meta name=\"description\" content=\"Ronix Trasher Marsh&quot;Mellow&quot; Surf Style Wakesurfer Built for performance, this board shares design elements from our high-end lineup but at a price point\" \/>\n<meta name=\"robots\" content=\"index, follow, max-snippet:-1, max-image-preview:large, max-video-preview:-1\" \/>\n<link rel=\"canonical\" href=\"https:\/\/www.waterskis.lv\/en\/product\/ronix-trasher-marshmellow-surf-style-wakesurfer\/\" \/>\n<meta property=\"og:locale\" content=\"en_US\" \/>\n<meta property=\"og:type\" content=\"article\" \/>\n<meta property=\"og:title\" content=\"Ronix Trasher Marsh&quot;Mellow&quot; Surf Style Wakesurfer - WATERSKIS.LV\" \/>\n<meta property=\"og:description\" content=\"Ronix Trasher Marsh&quot;Mellow&quot; Surf Style Wakesurfer Built for performance, this board shares design elements from our high-end lineup but at a price point\" \/>\n<meta property=\"og:url\" content=\"https:\/\/www.waterskis.lv\/en\/product\/ronix-trasher-marshmellow-surf-style-wakesurfer\/\" \/>\n<meta property=\"og:site_name\" content=\"WATERSKIS.LV\" \/>\n<meta property=\"article:publisher\" content=\"https:\/\/www.facebook.com\/jurmalawaterskiwakeboardpark\/\" \/>\n<meta property=\"article:modified_time\" content=\"2026-01-30T09:34:04+00:00\" \/>\n<meta property=\"og:image\" content=\"https:\/\/www.waterskis.lv\/wp-content\/uploads\/2024\/11\/2021_ronix_wakesurfer_marsh_mello_thrasher_both_1.jpg\" \/>\n\t<meta property=\"og:image:width\" content=\"1600\" \/>\n\t<meta property=\"og:image:height\" content=\"1600\" \/>\n\t<meta property=\"og:image:type\" content=\"image\/jpeg\" \/>\n<meta name=\"twitter:card\" content=\"summary_large_image\" \/>\n<meta name=\"twitter:label1\" content=\"Est. reading time\" \/>\n\t<meta name=\"twitter:data1\" content=\"3 minutes\" \/>\n<script type=\"application\/ld+json\" class=\"yoast-schema-graph\">{\"@context\":\"https:\\\/\\\/schema.org\",\"@graph\":[{\"@type\":\"WebPage\",\"@id\":\"https:\\\/\\\/www.waterskis.lv\\\/en\\\/product\\\/ronix-trasher-marshmellow-surf-style-wakesurfer\\\/\",\"url\":\"https:\\\/\\\/www.waterskis.lv\\\/en\\\/product\\\/ronix-trasher-marshmellow-surf-style-wakesurfer\\\/\",\"name\":\"Ronix Trasher Marsh\\\"Mellow\\\" Surf Style Wakesurfer - WATERSKIS.LV\",\"isPartOf\":{\"@id\":\"https:\\\/\\\/www.waterskis.lv\\\/en\\\/#website\"},\"primaryImageOfPage\":{\"@id\":\"https:\\\/\\\/www.waterskis.lv\\\/en\\\/product\\\/ronix-trasher-marshmellow-surf-style-wakesurfer\\\/#primaryimage\"},\"image\":{\"@id\":\"https:\\\/\\\/www.waterskis.lv\\\/en\\\/product\\\/ronix-trasher-marshmellow-surf-style-wakesurfer\\\/#primaryimage\"},\"thumbnailUrl\":\"https:\\\/\\\/www.waterskis.lv\\\/wp-content\\\/uploads\\\/2024\\\/11\\\/2021_ronix_wakesurfer_marsh_mello_thrasher_both_1.jpg\",\"datePublished\":\"2024-11-05T04:49:14+00:00\",\"dateModified\":\"2026-01-30T09:34:04+00:00\",\"description\":\"Ronix Trasher Marsh\\\"Mellow\\\" Surf Style Wakesurfer Built for performance, this board shares design elements from our high-end lineup but at a price point\",\"breadcrumb\":{\"@id\":\"https:\\\/\\\/www.waterskis.lv\\\/en\\\/product\\\/ronix-trasher-marshmellow-surf-style-wakesurfer\\\/#breadcrumb\"},\"inLanguage\":\"en-US\",\"potentialAction\":[{\"@type\":\"ReadAction\",\"target\":[\"https:\\\/\\\/www.waterskis.lv\\\/en\\\/product\\\/ronix-trasher-marshmellow-surf-style-wakesurfer\\\/\"]}]},{\"@type\":\"ImageObject\",\"inLanguage\":\"en-US\",\"@id\":\"https:\\\/\\\/www.waterskis.lv\\\/en\\\/product\\\/ronix-trasher-marshmellow-surf-style-wakesurfer\\\/#primaryimage\",\"url\":\"https:\\\/\\\/www.waterskis.lv\\\/wp-content\\\/uploads\\\/2024\\\/11\\\/2021_ronix_wakesurfer_marsh_mello_thrasher_both_1.jpg\",\"contentUrl\":\"https:\\\/\\\/www.waterskis.lv\\\/wp-content\\\/uploads\\\/2024\\\/11\\\/2021_ronix_wakesurfer_marsh_mello_thrasher_both_1.jpg\",\"width\":1600,\"height\":1600,\"caption\":\"Veiks\u0113rfa d\u0113lis Ronix Trasher Marsh\\\"Mellow\\\" Surf Style Wakesurfer 2024\"},{\"@type\":\"BreadcrumbList\",\"@id\":\"https:\\\/\\\/www.waterskis.lv\\\/en\\\/product\\\/ronix-trasher-marshmellow-surf-style-wakesurfer\\\/#breadcrumb\",\"itemListElement\":[{\"@type\":\"ListItem\",\"position\":1,\"name\":\"Home\",\"item\":\"https:\\\/\\\/www.waterskis.lv\\\/en\\\/\"},{\"@type\":\"ListItem\",\"position\":2,\"name\":\"Shop\",\"item\":\"https:\\\/\\\/waterskis.lv\\\/en\\\/shop\\\/\"},{\"@type\":\"ListItem\",\"position\":3,\"name\":\"Ronix Trasher Marsh&#8221;Mellow&#8221; Surf Style Wakesurfer\"}]},{\"@type\":\"WebSite\",\"@id\":\"https:\\\/\\\/www.waterskis.lv\\\/en\\\/#website\",\"url\":\"https:\\\/\\\/www.waterskis.lv\\\/en\\\/\",\"name\":\"WATERSKIS.LV\",\"description\":\"SUP d\u0113\u013ci, kajaki, kanoe, airu laivas, \u016bdenssl\u0113po\u0161ana, veikbords, SUP d\u0113\u013cu noma, kajaku nomaakt\u012bv\u0101s atp\u016btas centrs, laivu noma, sup noma, kajaku noma\",\"publisher\":{\"@id\":\"https:\\\/\\\/www.waterskis.lv\\\/en\\\/#organization\"},\"potentialAction\":[{\"@type\":\"SearchAction\",\"target\":{\"@type\":\"EntryPoint\",\"urlTemplate\":\"https:\\\/\\\/www.waterskis.lv\\\/en\\\/?s={search_term_string}\"},\"query-input\":{\"@type\":\"PropertyValueSpecification\",\"valueRequired\":true,\"valueName\":\"search_term_string\"}}],\"inLanguage\":\"en-US\"},{\"@type\":\"Organization\",\"@id\":\"https:\\\/\\\/www.waterskis.lv\\\/en\\\/#organization\",\"name\":\"WATERSKIS.LV\",\"url\":\"https:\\\/\\\/www.waterskis.lv\\\/en\\\/\",\"logo\":{\"@type\":\"ImageObject\",\"inLanguage\":\"en-US\",\"@id\":\"https:\\\/\\\/www.waterskis.lv\\\/en\\\/#\\\/schema\\\/logo\\\/image\\\/\",\"url\":\"https:\\\/\\\/www.waterskis.lv\\\/wp-content\\\/uploads\\\/2025\\\/01\\\/JUVP-logo.png\",\"contentUrl\":\"https:\\\/\\\/www.waterskis.lv\\\/wp-content\\\/uploads\\\/2025\\\/01\\\/JUVP-logo.png\",\"width\":421,\"height\":202,\"caption\":\"WATERSKIS.LV\"},\"image\":{\"@id\":\"https:\\\/\\\/www.waterskis.lv\\\/en\\\/#\\\/schema\\\/logo\\\/image\\\/\"},\"sameAs\":[\"https:\\\/\\\/www.facebook.com\\\/jurmalawaterskiwakeboardpark\\\/\"]}]}<\/script>\n<!-- \/ Yoast SEO plugin. -->","yoast_head_json":{"title":"Ronix Trasher Marsh\"Mellow\" Surf Style Wakesurfer - WATERSKIS.LV","description":"Ronix Trasher Marsh\"Mellow\" Surf Style Wakesurfer Built for performance, this board shares design elements from our high-end lineup but at a price point","robots":{"index":"index","follow":"follow","max-snippet":"max-snippet:-1","max-image-preview":"max-image-preview:large","max-video-preview":"max-video-preview:-1"},"canonical":"https:\/\/www.waterskis.lv\/en\/product\/ronix-trasher-marshmellow-surf-style-wakesurfer\/","og_locale":"en_US","og_type":"article","og_title":"Ronix Trasher Marsh\"Mellow\" Surf Style Wakesurfer - WATERSKIS.LV","og_description":"Ronix Trasher Marsh\"Mellow\" Surf Style Wakesurfer Built for performance, this board shares design elements from our high-end lineup but at a price point","og_url":"https:\/\/www.waterskis.lv\/en\/product\/ronix-trasher-marshmellow-surf-style-wakesurfer\/","og_site_name":"WATERSKIS.LV","article_publisher":"https:\/\/www.facebook.com\/jurmalawaterskiwakeboardpark\/","article_modified_time":"2026-01-30T09:34:04+00:00","og_image":[{"width":1600,"height":1600,"url":"https:\/\/www.waterskis.lv\/wp-content\/uploads\/2024\/11\/2021_ronix_wakesurfer_marsh_mello_thrasher_both_1.jpg","type":"image\/jpeg"}],"twitter_card":"summary_large_image","twitter_misc":{"Est. reading time":"3 minutes"},"schema":{"@context":"https:\/\/schema.org","@graph":[{"@type":"WebPage","@id":"https:\/\/www.waterskis.lv\/en\/product\/ronix-trasher-marshmellow-surf-style-wakesurfer\/","url":"https:\/\/www.waterskis.lv\/en\/product\/ronix-trasher-marshmellow-surf-style-wakesurfer\/","name":"Ronix Trasher Marsh\"Mellow\" Surf Style Wakesurfer - WATERSKIS.LV","isPartOf":{"@id":"https:\/\/www.waterskis.lv\/en\/#website"},"primaryImageOfPage":{"@id":"https:\/\/www.waterskis.lv\/en\/product\/ronix-trasher-marshmellow-surf-style-wakesurfer\/#primaryimage"},"image":{"@id":"https:\/\/www.waterskis.lv\/en\/product\/ronix-trasher-marshmellow-surf-style-wakesurfer\/#primaryimage"},"thumbnailUrl":"https:\/\/www.waterskis.lv\/wp-content\/uploads\/2024\/11\/2021_ronix_wakesurfer_marsh_mello_thrasher_both_1.jpg","datePublished":"2024-11-05T04:49:14+00:00","dateModified":"2026-01-30T09:34:04+00:00","description":"Ronix Trasher Marsh\"Mellow\" Surf Style Wakesurfer Built for performance, this board shares design elements from our high-end lineup but at a price point","breadcrumb":{"@id":"https:\/\/www.waterskis.lv\/en\/product\/ronix-trasher-marshmellow-surf-style-wakesurfer\/#breadcrumb"},"inLanguage":"en-US","potentialAction":[{"@type":"ReadAction","target":["https:\/\/www.waterskis.lv\/en\/product\/ronix-trasher-marshmellow-surf-style-wakesurfer\/"]}]},{"@type":"ImageObject","inLanguage":"en-US","@id":"https:\/\/www.waterskis.lv\/en\/product\/ronix-trasher-marshmellow-surf-style-wakesurfer\/#primaryimage","url":"https:\/\/www.waterskis.lv\/wp-content\/uploads\/2024\/11\/2021_ronix_wakesurfer_marsh_mello_thrasher_both_1.jpg","contentUrl":"https:\/\/www.waterskis.lv\/wp-content\/uploads\/2024\/11\/2021_ronix_wakesurfer_marsh_mello_thrasher_both_1.jpg","width":1600,"height":1600,"caption":"Veiks\u0113rfa d\u0113lis Ronix Trasher Marsh\"Mellow\" Surf Style Wakesurfer 2024"},{"@type":"BreadcrumbList","@id":"https:\/\/www.waterskis.lv\/en\/product\/ronix-trasher-marshmellow-surf-style-wakesurfer\/#breadcrumb","itemListElement":[{"@type":"ListItem","position":1,"name":"Home","item":"https:\/\/www.waterskis.lv\/en\/"},{"@type":"ListItem","position":2,"name":"Shop","item":"https:\/\/waterskis.lv\/en\/shop\/"},{"@type":"ListItem","position":3,"name":"Ronix Trasher Marsh&#8221;Mellow&#8221; Surf Style Wakesurfer"}]},{"@type":"WebSite","@id":"https:\/\/www.waterskis.lv\/en\/#website","url":"https:\/\/www.waterskis.lv\/en\/","name":"WATERSKIS.LV","description":"SUP d\u0113\u013ci, kajaki, kanoe, airu laivas, \u016bdenssl\u0113po\u0161ana, veikbords, SUP d\u0113\u013cu noma, kajaku nomaakt\u012bv\u0101s atp\u016btas centrs, laivu noma, sup noma, kajaku noma","publisher":{"@id":"https:\/\/www.waterskis.lv\/en\/#organization"},"potentialAction":[{"@type":"SearchAction","target":{"@type":"EntryPoint","urlTemplate":"https:\/\/www.waterskis.lv\/en\/?s={search_term_string}"},"query-input":{"@type":"PropertyValueSpecification","valueRequired":true,"valueName":"search_term_string"}}],"inLanguage":"en-US"},{"@type":"Organization","@id":"https:\/\/www.waterskis.lv\/en\/#organization","name":"WATERSKIS.LV","url":"https:\/\/www.waterskis.lv\/en\/","logo":{"@type":"ImageObject","inLanguage":"en-US","@id":"https:\/\/www.waterskis.lv\/en\/#\/schema\/logo\/image\/","url":"https:\/\/www.waterskis.lv\/wp-content\/uploads\/2025\/01\/JUVP-logo.png","contentUrl":"https:\/\/www.waterskis.lv\/wp-content\/uploads\/2025\/01\/JUVP-logo.png","width":421,"height":202,"caption":"WATERSKIS.LV"},"image":{"@id":"https:\/\/www.waterskis.lv\/en\/#\/schema\/logo\/image\/"},"sameAs":["https:\/\/www.facebook.com\/jurmalawaterskiwakeboardpark\/"]}]}},"_links":{"self":[{"href":"https:\/\/www.waterskis.lv\/en\/wp-json\/wp\/v2\/product\/57663","targetHints":{"allow":["GET"]}}],"collection":[{"href":"https:\/\/www.waterskis.lv\/en\/wp-json\/wp\/v2\/product"}],"about":[{"href":"https:\/\/www.waterskis.lv\/en\/wp-json\/wp\/v2\/types\/product"}],"replies":[{"embeddable":true,"href":"https:\/\/www.waterskis.lv\/en\/wp-json\/wp\/v2\/comments?post=57663"}],"wp:featuredmedia":[{"embeddable":true,"href":"https:\/\/www.waterskis.lv\/en\/wp-json\/wp\/v2\/media\/57657"}],"wp:attachment":[{"href":"https:\/\/www.waterskis.lv\/en\/wp-json\/wp\/v2\/media?parent=57663"}],"wp:term":[{"taxonomy":"product_brand","embeddable":true,"href":"https:\/\/www.waterskis.lv\/en\/wp-json\/wp\/v2\/product_brand?post=57663"},{"taxonomy":"product_cat","embeddable":true,"href":"https:\/\/www.waterskis.lv\/en\/wp-json\/wp\/v2\/product_cat?post=57663"},{"taxonomy":"product_tag","embeddable":true,"href":"https:\/\/www.waterskis.lv\/en\/wp-json\/wp\/v2\/product_tag?post=57663"}],"curies":[{"name":"wp","href":"https:\/\/api.w.org\/{rel}","templated":true}]}}