{"id":58457,"date":"2024-11-24T18:49:55","date_gmt":"2024-11-24T15:49:55","guid":{"rendered":"https:\/\/www.waterskis.lv\/product\/piepusams-sup-dela-komplekts-aztron-lunar-9-9-lite\/"},"modified":"2024-11-24T19:01:44","modified_gmt":"2024-11-24T16:01:44","slug":"inflatable-sup-board-set-aztron-lunar-9-9-lite","status":"publish","type":"product","link":"https:\/\/www.waterskis.lv\/en\/product\/inflatable-sup-board-set-aztron-lunar-9-9-lite\/","title":{"rendered":"Inflatable SUP board set AZTRON LUNAR 9.9 LITE"},"content":{"rendered":"<h1>Inflatable SUP board set AZTRON LUNAR 9.9 LITE<\/h1>\n<p>Inflatable SUP board set AZTRON LUNAR 9.9 LITE<\/p>\n<h3 id=\"more-info\" class=\"page-product-heading active\">More info<\/h3>\n<div class=\"block_content1 rte active\">\n<div class=\"col-md-6 col-sm-12\">\n<div class=\"col-md-6 col-sm-12\">\n<p>The LUNAR 9\u20199\u2033 air paddle board inspires adventure with its beauty and eye-catching design. The classic all-around SUP shape and the extra width at 32\u2033 give it excellent stability, great tracking, and easy paddling experience for any paddler, of any skill level a great time on the water. The smoothed-out, progressive rocker provides maneuverability and all-around performance in any flat water. Constructed with Aztron\u2019s signature Double Chamber technology and premium drop stitch core material for ultra-stiffness and durability, the Lunar air board is more rigid yet remains lightweight for easy transport.<\/p>\n<\/div>\n<\/div>\n<div class=\"col-md-6 col-sm-12\">\n<ul class=\"hard_facts_list\">\n<li>Double chamber construction for safety and extra stiffness<\/li>\n<li>Durable drop-stitch core material<\/li>\n<li>Full deck printing with \u201ecube pattern\u201d graphic and rail for optimum visual impact<\/li>\n<li>4mm diamond grooving EVA footpad for ultimate grip and comfort<\/li>\n<li>Integrated front bungee system for easy gear access<\/li>\n<li>Center grab handle in nylon with rubber pad provides comfort and easy transport<\/li>\n<li>Easy removable center fin design (9\u2033 US FINBOX)<\/li>\n<li>Ready-to-go Accessory Pack: including SUP gear backpack, Aztron double action pump, safety leash and STYLE aluminum adjustable paddle<\/li>\n<\/ul>\n<\/div>\n<p><strong>TECHNOLOGY<\/strong><\/p>\n<p>SOFT EVA TRACTION DECK<\/p>\n<p>The all-round range air boards feature a 4mm thick deep diamond grooved soft EVA foam pad. This foot traction deck provides rider maximum grip and comfort while paddling.<\/p>\n<p>CENTER FIN WITH US FIN BOX<\/p>\n<p>The all-round range highlights the US fin structure with durable reinforced nylon. The installation is straightforward, no tool is needed. Push the fin downwards into the place, turn the screw until it is tight, and then off you go!<\/p>\n<p>FAN-FAVORITE MODEL WITH SIGNATURE DOUBLE CHAMBER TECH<\/p>\n<p>The All-round SUP is a fan-favorite series for full-level SUPers. The LUNAR\u00a0offers a most popular length and a pleasant ride for you with signature Double Chamber and Ultra-light Tech for an unforgettable design.<\/p>\n<\/div>\n<h3 id=\"table-data\" class=\"page-product-heading\">Data sheet<\/h3>\n<table class=\"block_content2 table-data-sheet\">\n<tbody>\n<tr class=\"odd\">\n<td>Class<\/td>\n<td>ECO class inflatable SUP board<\/td>\n<\/tr>\n<tr class=\"even\">\n<td>Type<\/td>\n<td>Leisure Stand Up Paddle board<\/td>\n<\/tr>\n<tr class=\"odd\">\n<td>Length<\/td>\n<td>297 cm<\/td>\n<\/tr>\n<tr class=\"even\">\n<td>Width<\/td>\n<td>81 cm<\/td>\n<\/tr>\n<tr class=\"odd\">\n<td>Height<\/td>\n<td>15 cm<\/td>\n<\/tr>\n<tr class=\"even\">\n<td>Weight<\/td>\n<td>10 kg<\/td>\n<\/tr>\n<tr class=\"odd\">\n<td>Material<\/td>\n<td>Dropstich PVC<\/td>\n<\/tr>\n<tr class=\"even\">\n<td>Number of persons<\/td>\n<td>1<\/td>\n<\/tr>\n<tr class=\"odd\">\n<td>Capacity<\/td>\n<td>120 kg<\/td>\n<\/tr>\n<tr class=\"even\">\n<td>Max pressure<\/td>\n<td>15 psi (1,03 bar)<\/td>\n<\/tr>\n<tr class=\"odd\">\n<td>Purpose of usage<\/td>\n<td>Universal usage<\/td>\n<\/tr>\n<\/tbody>\n<\/table>\n","protected":false},"excerpt":{"rendered":"<p>https:\/\/www.youtube.com\/watch?v=EtqromZdZTw<\/p>\n<p>&nbsp; [&#8230;]<\/p>\n<p><a class=\"btn btn-secondary understrap-read-more-link\" href=\"https:\/\/www.waterskis.lv\/en\/product\/inflatable-sup-board-set-aztron-lunar-9-9-lite\/\">Read More&#8230;<\/a><\/p>\n","protected":false},"featured_media":58455,"comment_status":"closed","ping_status":"closed","template":"","meta":{"_acf_changed":false,"inline_featured_image":false},"product_brand":[],"product_cat":[700,502],"product_tag":[],"class_list":{"0":"post-58457","1":"product","2":"type-product","3":"status-publish","4":"has-post-thumbnail","6":"product_cat-inflatable-sup-boards","7":"product_cat-stand-up-paddle-boards","9":"first","10":"instock","11":"shipping-taxable","12":"purchasable","13":"product-type-simple"},"acf":[],"yoast_head":"<!-- This site is optimized with the Yoast SEO plugin v27.3 - https:\/\/yoast.com\/product\/yoast-seo-wordpress\/ -->\n<title>Inflatable SUP board set AZTRON LUNAR 9.9 LITE - WATERSKIS.LV<\/title>\n<meta name=\"description\" content=\"Inflatable SUP board set AZTRON LUNAR 9.9 LITE. The classic all-around SUP shape and the extra width at 32\u2033 give it excellent stability, great tracking\" \/>\n<meta name=\"robots\" content=\"index, follow, max-snippet:-1, max-image-preview:large, max-video-preview:-1\" \/>\n<link rel=\"canonical\" href=\"https:\/\/www.waterskis.lv\/en\/product\/inflatable-sup-board-set-aztron-lunar-9-9-lite\/\" \/>\n<meta property=\"og:locale\" content=\"en_US\" \/>\n<meta property=\"og:type\" content=\"article\" \/>\n<meta property=\"og:title\" content=\"Inflatable SUP board set AZTRON LUNAR 9.9 LITE - WATERSKIS.LV\" \/>\n<meta property=\"og:description\" content=\"Inflatable SUP board set AZTRON LUNAR 9.9 LITE. The classic all-around SUP shape and the extra width at 32\u2033 give it excellent stability, great tracking\" \/>\n<meta property=\"og:url\" content=\"https:\/\/www.waterskis.lv\/en\/product\/inflatable-sup-board-set-aztron-lunar-9-9-lite\/\" \/>\n<meta property=\"og:site_name\" content=\"WATERSKIS.LV\" \/>\n<meta property=\"article:publisher\" content=\"https:\/\/www.facebook.com\/jurmalawaterskiwakeboardpark\/\" \/>\n<meta property=\"article:modified_time\" content=\"2024-11-24T16:01:44+00:00\" \/>\n<meta property=\"og:image\" content=\"https:\/\/www.waterskis.lv\/wp-content\/uploads\/2024\/11\/inflatable-sup-board-set-aztron-lunar-99-lite.png\" \/>\n\t<meta property=\"og:image:width\" content=\"1000\" \/>\n\t<meta property=\"og:image:height\" content=\"1000\" \/>\n\t<meta property=\"og:image:type\" content=\"image\/png\" \/>\n<meta name=\"twitter:card\" content=\"summary_large_image\" \/>\n<meta name=\"twitter:label1\" content=\"Est. reading time\" \/>\n\t<meta name=\"twitter:data1\" content=\"3 minutes\" \/>\n<script type=\"application\/ld+json\" class=\"yoast-schema-graph\">{\"@context\":\"https:\\\/\\\/schema.org\",\"@graph\":[{\"@type\":\"WebPage\",\"@id\":\"https:\\\/\\\/www.waterskis.lv\\\/en\\\/product\\\/inflatable-sup-board-set-aztron-lunar-9-9-lite\\\/\",\"url\":\"https:\\\/\\\/www.waterskis.lv\\\/en\\\/product\\\/inflatable-sup-board-set-aztron-lunar-9-9-lite\\\/\",\"name\":\"Inflatable SUP board set AZTRON LUNAR 9.9 LITE - WATERSKIS.LV\",\"isPartOf\":{\"@id\":\"https:\\\/\\\/www.waterskis.lv\\\/en\\\/#website\"},\"primaryImageOfPage\":{\"@id\":\"https:\\\/\\\/www.waterskis.lv\\\/en\\\/product\\\/inflatable-sup-board-set-aztron-lunar-9-9-lite\\\/#primaryimage\"},\"image\":{\"@id\":\"https:\\\/\\\/www.waterskis.lv\\\/en\\\/product\\\/inflatable-sup-board-set-aztron-lunar-9-9-lite\\\/#primaryimage\"},\"thumbnailUrl\":\"https:\\\/\\\/www.waterskis.lv\\\/wp-content\\\/uploads\\\/2024\\\/11\\\/inflatable-sup-board-set-aztron-lunar-99-lite.png\",\"datePublished\":\"2024-11-24T15:49:55+00:00\",\"dateModified\":\"2024-11-24T16:01:44+00:00\",\"description\":\"Inflatable SUP board set AZTRON LUNAR 9.9 LITE. The classic all-around SUP shape and the extra width at 32\u2033 give it excellent stability, great tracking\",\"breadcrumb\":{\"@id\":\"https:\\\/\\\/www.waterskis.lv\\\/en\\\/product\\\/inflatable-sup-board-set-aztron-lunar-9-9-lite\\\/#breadcrumb\"},\"inLanguage\":\"en-US\",\"potentialAction\":[{\"@type\":\"ReadAction\",\"target\":[\"https:\\\/\\\/www.waterskis.lv\\\/en\\\/product\\\/inflatable-sup-board-set-aztron-lunar-9-9-lite\\\/\"]}]},{\"@type\":\"ImageObject\",\"inLanguage\":\"en-US\",\"@id\":\"https:\\\/\\\/www.waterskis.lv\\\/en\\\/product\\\/inflatable-sup-board-set-aztron-lunar-9-9-lite\\\/#primaryimage\",\"url\":\"https:\\\/\\\/www.waterskis.lv\\\/wp-content\\\/uploads\\\/2024\\\/11\\\/inflatable-sup-board-set-aztron-lunar-99-lite.png\",\"contentUrl\":\"https:\\\/\\\/www.waterskis.lv\\\/wp-content\\\/uploads\\\/2024\\\/11\\\/inflatable-sup-board-set-aztron-lunar-99-lite.png\",\"width\":1000,\"height\":1000,\"caption\":\"Piep\u016b\u0161ams SUP d\u0113\u013ca komplekts AZTRON LUNAR 9.9 LITE\"},{\"@type\":\"BreadcrumbList\",\"@id\":\"https:\\\/\\\/www.waterskis.lv\\\/en\\\/product\\\/inflatable-sup-board-set-aztron-lunar-9-9-lite\\\/#breadcrumb\",\"itemListElement\":[{\"@type\":\"ListItem\",\"position\":1,\"name\":\"Home\",\"item\":\"https:\\\/\\\/www.waterskis.lv\\\/en\\\/\"},{\"@type\":\"ListItem\",\"position\":2,\"name\":\"Shop\",\"item\":\"https:\\\/\\\/waterskis.lv\\\/en\\\/shop\\\/\"},{\"@type\":\"ListItem\",\"position\":3,\"name\":\"Inflatable SUP board set AZTRON LUNAR 9.9 LITE\"}]},{\"@type\":\"WebSite\",\"@id\":\"https:\\\/\\\/www.waterskis.lv\\\/en\\\/#website\",\"url\":\"https:\\\/\\\/www.waterskis.lv\\\/en\\\/\",\"name\":\"WATERSKIS.LV\",\"description\":\"SUP d\u0113\u013ci, kajaki, kanoe, airu laivas, \u016bdenssl\u0113po\u0161ana, veikbords, SUP d\u0113\u013cu noma, kajaku nomaakt\u012bv\u0101s atp\u016btas centrs, laivu noma, sup noma, kajaku noma\",\"publisher\":{\"@id\":\"https:\\\/\\\/www.waterskis.lv\\\/en\\\/#organization\"},\"potentialAction\":[{\"@type\":\"SearchAction\",\"target\":{\"@type\":\"EntryPoint\",\"urlTemplate\":\"https:\\\/\\\/www.waterskis.lv\\\/en\\\/?s={search_term_string}\"},\"query-input\":{\"@type\":\"PropertyValueSpecification\",\"valueRequired\":true,\"valueName\":\"search_term_string\"}}],\"inLanguage\":\"en-US\"},{\"@type\":\"Organization\",\"@id\":\"https:\\\/\\\/www.waterskis.lv\\\/en\\\/#organization\",\"name\":\"WATERSKIS.LV\",\"url\":\"https:\\\/\\\/www.waterskis.lv\\\/en\\\/\",\"logo\":{\"@type\":\"ImageObject\",\"inLanguage\":\"en-US\",\"@id\":\"https:\\\/\\\/www.waterskis.lv\\\/en\\\/#\\\/schema\\\/logo\\\/image\\\/\",\"url\":\"https:\\\/\\\/www.waterskis.lv\\\/wp-content\\\/uploads\\\/2025\\\/01\\\/JUVP-logo.png\",\"contentUrl\":\"https:\\\/\\\/www.waterskis.lv\\\/wp-content\\\/uploads\\\/2025\\\/01\\\/JUVP-logo.png\",\"width\":421,\"height\":202,\"caption\":\"WATERSKIS.LV\"},\"image\":{\"@id\":\"https:\\\/\\\/www.waterskis.lv\\\/en\\\/#\\\/schema\\\/logo\\\/image\\\/\"},\"sameAs\":[\"https:\\\/\\\/www.facebook.com\\\/jurmalawaterskiwakeboardpark\\\/\"]}]}<\/script>\n<!-- \/ Yoast SEO plugin. -->","yoast_head_json":{"title":"Inflatable SUP board set AZTRON LUNAR 9.9 LITE - WATERSKIS.LV","description":"Inflatable SUP board set AZTRON LUNAR 9.9 LITE. The classic all-around SUP shape and the extra width at 32\u2033 give it excellent stability, great tracking","robots":{"index":"index","follow":"follow","max-snippet":"max-snippet:-1","max-image-preview":"max-image-preview:large","max-video-preview":"max-video-preview:-1"},"canonical":"https:\/\/www.waterskis.lv\/en\/product\/inflatable-sup-board-set-aztron-lunar-9-9-lite\/","og_locale":"en_US","og_type":"article","og_title":"Inflatable SUP board set AZTRON LUNAR 9.9 LITE - WATERSKIS.LV","og_description":"Inflatable SUP board set AZTRON LUNAR 9.9 LITE. The classic all-around SUP shape and the extra width at 32\u2033 give it excellent stability, great tracking","og_url":"https:\/\/www.waterskis.lv\/en\/product\/inflatable-sup-board-set-aztron-lunar-9-9-lite\/","og_site_name":"WATERSKIS.LV","article_publisher":"https:\/\/www.facebook.com\/jurmalawaterskiwakeboardpark\/","article_modified_time":"2024-11-24T16:01:44+00:00","og_image":[{"width":1000,"height":1000,"url":"https:\/\/www.waterskis.lv\/wp-content\/uploads\/2024\/11\/inflatable-sup-board-set-aztron-lunar-99-lite.png","type":"image\/png"}],"twitter_card":"summary_large_image","twitter_misc":{"Est. reading time":"3 minutes"},"schema":{"@context":"https:\/\/schema.org","@graph":[{"@type":"WebPage","@id":"https:\/\/www.waterskis.lv\/en\/product\/inflatable-sup-board-set-aztron-lunar-9-9-lite\/","url":"https:\/\/www.waterskis.lv\/en\/product\/inflatable-sup-board-set-aztron-lunar-9-9-lite\/","name":"Inflatable SUP board set AZTRON LUNAR 9.9 LITE - WATERSKIS.LV","isPartOf":{"@id":"https:\/\/www.waterskis.lv\/en\/#website"},"primaryImageOfPage":{"@id":"https:\/\/www.waterskis.lv\/en\/product\/inflatable-sup-board-set-aztron-lunar-9-9-lite\/#primaryimage"},"image":{"@id":"https:\/\/www.waterskis.lv\/en\/product\/inflatable-sup-board-set-aztron-lunar-9-9-lite\/#primaryimage"},"thumbnailUrl":"https:\/\/www.waterskis.lv\/wp-content\/uploads\/2024\/11\/inflatable-sup-board-set-aztron-lunar-99-lite.png","datePublished":"2024-11-24T15:49:55+00:00","dateModified":"2024-11-24T16:01:44+00:00","description":"Inflatable SUP board set AZTRON LUNAR 9.9 LITE. The classic all-around SUP shape and the extra width at 32\u2033 give it excellent stability, great tracking","breadcrumb":{"@id":"https:\/\/www.waterskis.lv\/en\/product\/inflatable-sup-board-set-aztron-lunar-9-9-lite\/#breadcrumb"},"inLanguage":"en-US","potentialAction":[{"@type":"ReadAction","target":["https:\/\/www.waterskis.lv\/en\/product\/inflatable-sup-board-set-aztron-lunar-9-9-lite\/"]}]},{"@type":"ImageObject","inLanguage":"en-US","@id":"https:\/\/www.waterskis.lv\/en\/product\/inflatable-sup-board-set-aztron-lunar-9-9-lite\/#primaryimage","url":"https:\/\/www.waterskis.lv\/wp-content\/uploads\/2024\/11\/inflatable-sup-board-set-aztron-lunar-99-lite.png","contentUrl":"https:\/\/www.waterskis.lv\/wp-content\/uploads\/2024\/11\/inflatable-sup-board-set-aztron-lunar-99-lite.png","width":1000,"height":1000,"caption":"Piep\u016b\u0161ams SUP d\u0113\u013ca komplekts AZTRON LUNAR 9.9 LITE"},{"@type":"BreadcrumbList","@id":"https:\/\/www.waterskis.lv\/en\/product\/inflatable-sup-board-set-aztron-lunar-9-9-lite\/#breadcrumb","itemListElement":[{"@type":"ListItem","position":1,"name":"Home","item":"https:\/\/www.waterskis.lv\/en\/"},{"@type":"ListItem","position":2,"name":"Shop","item":"https:\/\/waterskis.lv\/en\/shop\/"},{"@type":"ListItem","position":3,"name":"Inflatable SUP board set AZTRON LUNAR 9.9 LITE"}]},{"@type":"WebSite","@id":"https:\/\/www.waterskis.lv\/en\/#website","url":"https:\/\/www.waterskis.lv\/en\/","name":"WATERSKIS.LV","description":"SUP d\u0113\u013ci, kajaki, kanoe, airu laivas, \u016bdenssl\u0113po\u0161ana, veikbords, SUP d\u0113\u013cu noma, kajaku nomaakt\u012bv\u0101s atp\u016btas centrs, laivu noma, sup noma, kajaku noma","publisher":{"@id":"https:\/\/www.waterskis.lv\/en\/#organization"},"potentialAction":[{"@type":"SearchAction","target":{"@type":"EntryPoint","urlTemplate":"https:\/\/www.waterskis.lv\/en\/?s={search_term_string}"},"query-input":{"@type":"PropertyValueSpecification","valueRequired":true,"valueName":"search_term_string"}}],"inLanguage":"en-US"},{"@type":"Organization","@id":"https:\/\/www.waterskis.lv\/en\/#organization","name":"WATERSKIS.LV","url":"https:\/\/www.waterskis.lv\/en\/","logo":{"@type":"ImageObject","inLanguage":"en-US","@id":"https:\/\/www.waterskis.lv\/en\/#\/schema\/logo\/image\/","url":"https:\/\/www.waterskis.lv\/wp-content\/uploads\/2025\/01\/JUVP-logo.png","contentUrl":"https:\/\/www.waterskis.lv\/wp-content\/uploads\/2025\/01\/JUVP-logo.png","width":421,"height":202,"caption":"WATERSKIS.LV"},"image":{"@id":"https:\/\/www.waterskis.lv\/en\/#\/schema\/logo\/image\/"},"sameAs":["https:\/\/www.facebook.com\/jurmalawaterskiwakeboardpark\/"]}]}},"_links":{"self":[{"href":"https:\/\/www.waterskis.lv\/en\/wp-json\/wp\/v2\/product\/58457","targetHints":{"allow":["GET"]}}],"collection":[{"href":"https:\/\/www.waterskis.lv\/en\/wp-json\/wp\/v2\/product"}],"about":[{"href":"https:\/\/www.waterskis.lv\/en\/wp-json\/wp\/v2\/types\/product"}],"replies":[{"embeddable":true,"href":"https:\/\/www.waterskis.lv\/en\/wp-json\/wp\/v2\/comments?post=58457"}],"wp:featuredmedia":[{"embeddable":true,"href":"https:\/\/www.waterskis.lv\/en\/wp-json\/wp\/v2\/media\/58455"}],"wp:attachment":[{"href":"https:\/\/www.waterskis.lv\/en\/wp-json\/wp\/v2\/media?parent=58457"}],"wp:term":[{"taxonomy":"product_brand","embeddable":true,"href":"https:\/\/www.waterskis.lv\/en\/wp-json\/wp\/v2\/product_brand?post=58457"},{"taxonomy":"product_cat","embeddable":true,"href":"https:\/\/www.waterskis.lv\/en\/wp-json\/wp\/v2\/product_cat?post=58457"},{"taxonomy":"product_tag","embeddable":true,"href":"https:\/\/www.waterskis.lv\/en\/wp-json\/wp\/v2\/product_tag?post=58457"}],"curies":[{"name":"wp","href":"https:\/\/api.w.org\/{rel}","templated":true}]}}