{"id":58519,"date":"2024-11-25T17:51:50","date_gmt":"2024-11-25T14:51:50","guid":{"rendered":"https:\/\/www.waterskis.lv\/product\/monster-tower-rezerves-torna-pamatnes-gumijas-plaksne-mte-mt1-mt2-mtk\/"},"modified":"2024-11-25T17:54:13","modified_gmt":"2024-11-25T14:54:13","slug":"monster-tower-replacement-tower-base-rubber-plate-mte-mt1-mt2-mtk","status":"publish","type":"product","link":"https:\/\/www.waterskis.lv\/en\/product\/monster-tower-replacement-tower-base-rubber-plate-mte-mt1-mt2-mtk\/","title":{"rendered":"Monster Tower Replacement Tower Base Rubber Plate (MTE MT1 MT2 MTK)"},"content":{"rendered":"<h1>Monster Tower rezerves tor\u0146a pamatnes gumijas pl\u0101ksne (MTE MT1 MT2 MTK)<\/h1>\n<p>Monster Tower rezerves tor\u0146a pamatnes gumijas pl\u0101ksne (MTE MT1 MT2 MTK)<\/p>\n<h4><strong>Buy your Monster Tower Replacement Tower Base Rubber Plate now @ Waterskis.lv, Your Online Pro Watersports Store.<\/strong><\/h4>\n<p>Rubber base pad to be used in between mounting hardware &amp; the fiberglass on your boat.<\/p>\n<h4><strong>Monster Tower Replacement Tower Base Rubber Plate used on the following tower models<\/strong><\/h4>\n<ul>\n<li>MT1 Tower<\/li>\n<li>MT2 Tower<\/li>\n<li>MTE Tower<\/li>\n<li>MTK Tower<\/li>\n<\/ul>\n","protected":false},"excerpt":{"rendered":"<p>Monster Tower rezerves tor\u0146a pamatnes gumijas pl\u0101ksne (MTE MT1 MT2 MTK) Monster Tower rezerves tor\u0146a pamatnes gumijas pl\u0101ksne (MTE MT1 MT2 MTK) Buy your Monster Tower Replacement Tower Base Rubber Plate now @ Waterskis.lv, Your Online Pro Watersports Store. Rubber base pad to be used in between mounting hardware &amp; the fiberglass on your boat. [&#8230;]<\/p>\n<p><a class=\"btn btn-secondary understrap-read-more-link\" href=\"https:\/\/www.waterskis.lv\/en\/product\/monster-tower-replacement-tower-base-rubber-plate-mte-mt1-mt2-mtk\/\">Read More&#8230;<\/a><\/p>\n","protected":false},"featured_media":58517,"comment_status":"closed","ping_status":"closed","template":"","meta":{"_acf_changed":false,"inline_featured_image":false},"product_brand":[],"product_cat":[1171,1194],"product_tag":[],"class_list":{"0":"post-58519","1":"product","2":"type-product","3":"status-publish","4":"has-post-thumbnail","6":"product_cat-boat-parts","7":"product_cat-wakeboard-tower-spare-parts","9":"first","10":"instock","11":"shipping-taxable","12":"purchasable","13":"product-type-simple"},"acf":[],"yoast_head":"<!-- This site is optimized with the Yoast SEO plugin v27.4 - https:\/\/yoast.com\/product\/yoast-seo-wordpress\/ -->\n<title>Monster Tower Replacement Tower Base Rubber Plate (MTE MT1 MT2 MTK) - WATERSKIS.LV<\/title>\n<meta name=\"description\" content=\"Monster Tower Replacement Tower Base Rubber Plate (MTE MT1 MT2 MTK). Rubber base pad to be used in between mounting hardware &amp; the fiberglass on your boat.\" \/>\n<meta name=\"robots\" content=\"index, follow, max-snippet:-1, max-image-preview:large, max-video-preview:-1\" \/>\n<link rel=\"canonical\" href=\"https:\/\/www.waterskis.lv\/en\/product\/monster-tower-replacement-tower-base-rubber-plate-mte-mt1-mt2-mtk\/\" \/>\n<meta property=\"og:locale\" content=\"en_US\" \/>\n<meta property=\"og:type\" content=\"article\" \/>\n<meta property=\"og:title\" content=\"Monster Tower Replacement Tower Base Rubber Plate (MTE MT1 MT2 MTK) - WATERSKIS.LV\" \/>\n<meta property=\"og:description\" content=\"Monster Tower Replacement Tower Base Rubber Plate (MTE MT1 MT2 MTK). Rubber base pad to be used in between mounting hardware &amp; the fiberglass on your boat.\" \/>\n<meta property=\"og:url\" content=\"https:\/\/www.waterskis.lv\/en\/product\/monster-tower-replacement-tower-base-rubber-plate-mte-mt1-mt2-mtk\/\" \/>\n<meta property=\"og:site_name\" content=\"WATERSKIS.LV\" \/>\n<meta property=\"article:publisher\" content=\"https:\/\/www.facebook.com\/jurmalawaterskiwakeboardpark\/\" \/>\n<meta property=\"article:modified_time\" content=\"2024-11-25T14:54:13+00:00\" \/>\n<meta property=\"og:image\" content=\"https:\/\/www.waterskis.lv\/wp-content\/uploads\/2024\/11\/tower_base_rubber_plate.jpg\" \/>\n\t<meta property=\"og:image:width\" content=\"225\" \/>\n\t<meta property=\"og:image:height\" content=\"225\" \/>\n\t<meta property=\"og:image:type\" content=\"image\/jpeg\" \/>\n<meta name=\"twitter:card\" content=\"summary_large_image\" \/>\n<meta name=\"twitter:label1\" content=\"Est. reading time\" \/>\n\t<meta name=\"twitter:data1\" content=\"1 minute\" \/>\n<script type=\"application\/ld+json\" class=\"yoast-schema-graph\">{\"@context\":\"https:\\\/\\\/schema.org\",\"@graph\":[{\"@type\":\"WebPage\",\"@id\":\"https:\\\/\\\/www.waterskis.lv\\\/en\\\/product\\\/monster-tower-replacement-tower-base-rubber-plate-mte-mt1-mt2-mtk\\\/\",\"url\":\"https:\\\/\\\/www.waterskis.lv\\\/en\\\/product\\\/monster-tower-replacement-tower-base-rubber-plate-mte-mt1-mt2-mtk\\\/\",\"name\":\"Monster Tower Replacement Tower Base Rubber Plate (MTE MT1 MT2 MTK) - WATERSKIS.LV\",\"isPartOf\":{\"@id\":\"https:\\\/\\\/www.waterskis.lv\\\/en\\\/#website\"},\"primaryImageOfPage\":{\"@id\":\"https:\\\/\\\/www.waterskis.lv\\\/en\\\/product\\\/monster-tower-replacement-tower-base-rubber-plate-mte-mt1-mt2-mtk\\\/#primaryimage\"},\"image\":{\"@id\":\"https:\\\/\\\/www.waterskis.lv\\\/en\\\/product\\\/monster-tower-replacement-tower-base-rubber-plate-mte-mt1-mt2-mtk\\\/#primaryimage\"},\"thumbnailUrl\":\"https:\\\/\\\/www.waterskis.lv\\\/wp-content\\\/uploads\\\/2024\\\/11\\\/tower_base_rubber_plate.jpg\",\"datePublished\":\"2024-11-25T14:51:50+00:00\",\"dateModified\":\"2024-11-25T14:54:13+00:00\",\"description\":\"Monster Tower Replacement Tower Base Rubber Plate (MTE MT1 MT2 MTK). Rubber base pad to be used in between mounting hardware & the fiberglass on your boat.\",\"breadcrumb\":{\"@id\":\"https:\\\/\\\/www.waterskis.lv\\\/en\\\/product\\\/monster-tower-replacement-tower-base-rubber-plate-mte-mt1-mt2-mtk\\\/#breadcrumb\"},\"inLanguage\":\"en-US\",\"potentialAction\":[{\"@type\":\"ReadAction\",\"target\":[\"https:\\\/\\\/www.waterskis.lv\\\/en\\\/product\\\/monster-tower-replacement-tower-base-rubber-plate-mte-mt1-mt2-mtk\\\/\"]}]},{\"@type\":\"ImageObject\",\"inLanguage\":\"en-US\",\"@id\":\"https:\\\/\\\/www.waterskis.lv\\\/en\\\/product\\\/monster-tower-replacement-tower-base-rubber-plate-mte-mt1-mt2-mtk\\\/#primaryimage\",\"url\":\"https:\\\/\\\/www.waterskis.lv\\\/wp-content\\\/uploads\\\/2024\\\/11\\\/tower_base_rubber_plate.jpg\",\"contentUrl\":\"https:\\\/\\\/www.waterskis.lv\\\/wp-content\\\/uploads\\\/2024\\\/11\\\/tower_base_rubber_plate.jpg\",\"width\":225,\"height\":225,\"caption\":\"Monster Tower rezerves tor\u0146a pamatnes gumijas pl\u0101ksne (MTE MT1 MT2 MTK)\"},{\"@type\":\"BreadcrumbList\",\"@id\":\"https:\\\/\\\/www.waterskis.lv\\\/en\\\/product\\\/monster-tower-replacement-tower-base-rubber-plate-mte-mt1-mt2-mtk\\\/#breadcrumb\",\"itemListElement\":[{\"@type\":\"ListItem\",\"position\":1,\"name\":\"Home\",\"item\":\"https:\\\/\\\/www.waterskis.lv\\\/en\\\/\"},{\"@type\":\"ListItem\",\"position\":2,\"name\":\"Shop\",\"item\":\"https:\\\/\\\/waterskis.lv\\\/en\\\/shop\\\/\"},{\"@type\":\"ListItem\",\"position\":3,\"name\":\"Monster Tower Replacement Tower Base Rubber Plate (MTE MT1 MT2 MTK)\"}]},{\"@type\":\"WebSite\",\"@id\":\"https:\\\/\\\/www.waterskis.lv\\\/en\\\/#website\",\"url\":\"https:\\\/\\\/www.waterskis.lv\\\/en\\\/\",\"name\":\"WATERSKIS.LV\",\"description\":\"SUP d\u0113\u013ci, kajaki, kanoe, airu laivas, \u016bdenssl\u0113po\u0161ana, veikbords, SUP d\u0113\u013cu noma, kajaku nomaakt\u012bv\u0101s atp\u016btas centrs, laivu noma, sup noma, kajaku noma\",\"publisher\":{\"@id\":\"https:\\\/\\\/www.waterskis.lv\\\/en\\\/#organization\"},\"potentialAction\":[{\"@type\":\"SearchAction\",\"target\":{\"@type\":\"EntryPoint\",\"urlTemplate\":\"https:\\\/\\\/www.waterskis.lv\\\/en\\\/?s={search_term_string}\"},\"query-input\":{\"@type\":\"PropertyValueSpecification\",\"valueRequired\":true,\"valueName\":\"search_term_string\"}}],\"inLanguage\":\"en-US\"},{\"@type\":\"Organization\",\"@id\":\"https:\\\/\\\/www.waterskis.lv\\\/en\\\/#organization\",\"name\":\"WATERSKIS.LV\",\"url\":\"https:\\\/\\\/www.waterskis.lv\\\/en\\\/\",\"logo\":{\"@type\":\"ImageObject\",\"inLanguage\":\"en-US\",\"@id\":\"https:\\\/\\\/www.waterskis.lv\\\/en\\\/#\\\/schema\\\/logo\\\/image\\\/\",\"url\":\"https:\\\/\\\/www.waterskis.lv\\\/wp-content\\\/uploads\\\/2025\\\/01\\\/JUVP-logo.png\",\"contentUrl\":\"https:\\\/\\\/www.waterskis.lv\\\/wp-content\\\/uploads\\\/2025\\\/01\\\/JUVP-logo.png\",\"width\":421,\"height\":202,\"caption\":\"WATERSKIS.LV\"},\"image\":{\"@id\":\"https:\\\/\\\/www.waterskis.lv\\\/en\\\/#\\\/schema\\\/logo\\\/image\\\/\"},\"sameAs\":[\"https:\\\/\\\/www.facebook.com\\\/jurmalawaterskiwakeboardpark\\\/\"]}]}<\/script>\n<!-- \/ Yoast SEO plugin. -->","yoast_head_json":{"title":"Monster Tower Replacement Tower Base Rubber Plate (MTE MT1 MT2 MTK) - WATERSKIS.LV","description":"Monster Tower Replacement Tower Base Rubber Plate (MTE MT1 MT2 MTK). Rubber base pad to be used in between mounting hardware & the fiberglass on your boat.","robots":{"index":"index","follow":"follow","max-snippet":"max-snippet:-1","max-image-preview":"max-image-preview:large","max-video-preview":"max-video-preview:-1"},"canonical":"https:\/\/www.waterskis.lv\/en\/product\/monster-tower-replacement-tower-base-rubber-plate-mte-mt1-mt2-mtk\/","og_locale":"en_US","og_type":"article","og_title":"Monster Tower Replacement Tower Base Rubber Plate (MTE MT1 MT2 MTK) - WATERSKIS.LV","og_description":"Monster Tower Replacement Tower Base Rubber Plate (MTE MT1 MT2 MTK). Rubber base pad to be used in between mounting hardware & the fiberglass on your boat.","og_url":"https:\/\/www.waterskis.lv\/en\/product\/monster-tower-replacement-tower-base-rubber-plate-mte-mt1-mt2-mtk\/","og_site_name":"WATERSKIS.LV","article_publisher":"https:\/\/www.facebook.com\/jurmalawaterskiwakeboardpark\/","article_modified_time":"2024-11-25T14:54:13+00:00","og_image":[{"width":225,"height":225,"url":"https:\/\/www.waterskis.lv\/wp-content\/uploads\/2024\/11\/tower_base_rubber_plate.jpg","type":"image\/jpeg"}],"twitter_card":"summary_large_image","twitter_misc":{"Est. reading time":"1 minute"},"schema":{"@context":"https:\/\/schema.org","@graph":[{"@type":"WebPage","@id":"https:\/\/www.waterskis.lv\/en\/product\/monster-tower-replacement-tower-base-rubber-plate-mte-mt1-mt2-mtk\/","url":"https:\/\/www.waterskis.lv\/en\/product\/monster-tower-replacement-tower-base-rubber-plate-mte-mt1-mt2-mtk\/","name":"Monster Tower Replacement Tower Base Rubber Plate (MTE MT1 MT2 MTK) - WATERSKIS.LV","isPartOf":{"@id":"https:\/\/www.waterskis.lv\/en\/#website"},"primaryImageOfPage":{"@id":"https:\/\/www.waterskis.lv\/en\/product\/monster-tower-replacement-tower-base-rubber-plate-mte-mt1-mt2-mtk\/#primaryimage"},"image":{"@id":"https:\/\/www.waterskis.lv\/en\/product\/monster-tower-replacement-tower-base-rubber-plate-mte-mt1-mt2-mtk\/#primaryimage"},"thumbnailUrl":"https:\/\/www.waterskis.lv\/wp-content\/uploads\/2024\/11\/tower_base_rubber_plate.jpg","datePublished":"2024-11-25T14:51:50+00:00","dateModified":"2024-11-25T14:54:13+00:00","description":"Monster Tower Replacement Tower Base Rubber Plate (MTE MT1 MT2 MTK). Rubber base pad to be used in between mounting hardware & the fiberglass on your boat.","breadcrumb":{"@id":"https:\/\/www.waterskis.lv\/en\/product\/monster-tower-replacement-tower-base-rubber-plate-mte-mt1-mt2-mtk\/#breadcrumb"},"inLanguage":"en-US","potentialAction":[{"@type":"ReadAction","target":["https:\/\/www.waterskis.lv\/en\/product\/monster-tower-replacement-tower-base-rubber-plate-mte-mt1-mt2-mtk\/"]}]},{"@type":"ImageObject","inLanguage":"en-US","@id":"https:\/\/www.waterskis.lv\/en\/product\/monster-tower-replacement-tower-base-rubber-plate-mte-mt1-mt2-mtk\/#primaryimage","url":"https:\/\/www.waterskis.lv\/wp-content\/uploads\/2024\/11\/tower_base_rubber_plate.jpg","contentUrl":"https:\/\/www.waterskis.lv\/wp-content\/uploads\/2024\/11\/tower_base_rubber_plate.jpg","width":225,"height":225,"caption":"Monster Tower rezerves tor\u0146a pamatnes gumijas pl\u0101ksne (MTE MT1 MT2 MTK)"},{"@type":"BreadcrumbList","@id":"https:\/\/www.waterskis.lv\/en\/product\/monster-tower-replacement-tower-base-rubber-plate-mte-mt1-mt2-mtk\/#breadcrumb","itemListElement":[{"@type":"ListItem","position":1,"name":"Home","item":"https:\/\/www.waterskis.lv\/en\/"},{"@type":"ListItem","position":2,"name":"Shop","item":"https:\/\/waterskis.lv\/en\/shop\/"},{"@type":"ListItem","position":3,"name":"Monster Tower Replacement Tower Base Rubber Plate (MTE MT1 MT2 MTK)"}]},{"@type":"WebSite","@id":"https:\/\/www.waterskis.lv\/en\/#website","url":"https:\/\/www.waterskis.lv\/en\/","name":"WATERSKIS.LV","description":"SUP d\u0113\u013ci, kajaki, kanoe, airu laivas, \u016bdenssl\u0113po\u0161ana, veikbords, SUP d\u0113\u013cu noma, kajaku nomaakt\u012bv\u0101s atp\u016btas centrs, laivu noma, sup noma, kajaku noma","publisher":{"@id":"https:\/\/www.waterskis.lv\/en\/#organization"},"potentialAction":[{"@type":"SearchAction","target":{"@type":"EntryPoint","urlTemplate":"https:\/\/www.waterskis.lv\/en\/?s={search_term_string}"},"query-input":{"@type":"PropertyValueSpecification","valueRequired":true,"valueName":"search_term_string"}}],"inLanguage":"en-US"},{"@type":"Organization","@id":"https:\/\/www.waterskis.lv\/en\/#organization","name":"WATERSKIS.LV","url":"https:\/\/www.waterskis.lv\/en\/","logo":{"@type":"ImageObject","inLanguage":"en-US","@id":"https:\/\/www.waterskis.lv\/en\/#\/schema\/logo\/image\/","url":"https:\/\/www.waterskis.lv\/wp-content\/uploads\/2025\/01\/JUVP-logo.png","contentUrl":"https:\/\/www.waterskis.lv\/wp-content\/uploads\/2025\/01\/JUVP-logo.png","width":421,"height":202,"caption":"WATERSKIS.LV"},"image":{"@id":"https:\/\/www.waterskis.lv\/en\/#\/schema\/logo\/image\/"},"sameAs":["https:\/\/www.facebook.com\/jurmalawaterskiwakeboardpark\/"]}]}},"_links":{"self":[{"href":"https:\/\/www.waterskis.lv\/en\/wp-json\/wp\/v2\/product\/58519","targetHints":{"allow":["GET"]}}],"collection":[{"href":"https:\/\/www.waterskis.lv\/en\/wp-json\/wp\/v2\/product"}],"about":[{"href":"https:\/\/www.waterskis.lv\/en\/wp-json\/wp\/v2\/types\/product"}],"replies":[{"embeddable":true,"href":"https:\/\/www.waterskis.lv\/en\/wp-json\/wp\/v2\/comments?post=58519"}],"wp:featuredmedia":[{"embeddable":true,"href":"https:\/\/www.waterskis.lv\/en\/wp-json\/wp\/v2\/media\/58517"}],"wp:attachment":[{"href":"https:\/\/www.waterskis.lv\/en\/wp-json\/wp\/v2\/media?parent=58519"}],"wp:term":[{"taxonomy":"product_brand","embeddable":true,"href":"https:\/\/www.waterskis.lv\/en\/wp-json\/wp\/v2\/product_brand?post=58519"},{"taxonomy":"product_cat","embeddable":true,"href":"https:\/\/www.waterskis.lv\/en\/wp-json\/wp\/v2\/product_cat?post=58519"},{"taxonomy":"product_tag","embeddable":true,"href":"https:\/\/www.waterskis.lv\/en\/wp-json\/wp\/v2\/product_tag?post=58519"}],"curies":[{"name":"wp","href":"https:\/\/api.w.org\/{rel}","templated":true}]}}