{"id":58584,"date":"2024-11-26T10:38:55","date_gmt":"2024-11-26T07:38:55","guid":{"rendered":"https:\/\/www.waterskis.lv\/product\/monster-tower-atras-savienosanas-skruves-1-paris\/"},"modified":"2024-11-26T10:45:09","modified_gmt":"2024-11-26T07:45:09","slug":"monster-tower-quick-release-knobs-one-pair","status":"publish","type":"product","link":"https:\/\/www.waterskis.lv\/en\/product\/monster-tower-quick-release-knobs-one-pair\/","title":{"rendered":"Monster Tower Quick Release Knobs &#8211; One Pair"},"content":{"rendered":"<h1>Monster Tower Quick Release Knobs &#8211; One Pair<\/h1>\n<p>Monster Tower Quick Release Knobs &#8211; One Pair<\/p>\n<h4><strong>Buy your Monster Tower Quick Release Knobs now @ Waterskis.lv, Your Online Pro Watersports Store.<\/strong><\/h4>\n<p>These Monster Tower exclusive quick-release knobs are included with the purchase of all Monster Towers and will replace any current M12x35 bolt attaching the rod end bearing to the base swivel. Add them to the back if you need a &#8220;no tools&#8221; way to remove your tower from the boat. If you need to replace the front set, they will do that as well so you can easily fold your tower down. Includes the black quick-release knobs and retaining lanyards only, it does not include the aluminum base assembly or heim joint. The base assembly is not sold separately from the tower. The Quick Release only works on the Monster Tower and will not work with other brands of towers.<\/p>\n<h4><strong>Monster TowerQuick Release Knobs\u00a0<\/strong><\/h4>\n<ul>\n<li>Quick Release Knobs Only with Lanyard<\/li>\n<\/ul>\n","protected":false},"excerpt":{"rendered":"<p>https:\/\/www.youtube.com\/watch?v=Vd8TceJl1QA [&#8230;]<\/p>\n<p><a class=\"btn btn-secondary understrap-read-more-link\" href=\"https:\/\/www.waterskis.lv\/en\/product\/monster-tower-quick-release-knobs-one-pair\/\">Read More&#8230;<\/a><\/p>\n","protected":false},"featured_media":58582,"comment_status":"closed","ping_status":"closed","template":"","meta":{"_acf_changed":false,"inline_featured_image":false},"product_brand":[],"product_cat":[1171,1194],"product_tag":[],"class_list":{"0":"post-58584","1":"product","2":"type-product","3":"status-publish","4":"has-post-thumbnail","6":"product_cat-boat-parts","7":"product_cat-wakeboard-tower-spare-parts","9":"first","10":"instock","11":"shipping-taxable","12":"purchasable","13":"product-type-simple"},"acf":[],"yoast_head":"<!-- This site is optimized with the Yoast SEO plugin v27.4 - https:\/\/yoast.com\/product\/yoast-seo-wordpress\/ -->\n<title>Monster Tower Quick Release Knobs - One Pair - WATERSKIS.LV<\/title>\n<meta name=\"description\" content=\"Monster Tower Quick Release Knobs - One Pair will replace any current M12x35 bolt attaching the rod end bearing to the base swivel.\" \/>\n<meta name=\"robots\" content=\"index, follow, max-snippet:-1, max-image-preview:large, max-video-preview:-1\" \/>\n<link rel=\"canonical\" href=\"https:\/\/www.waterskis.lv\/en\/product\/monster-tower-quick-release-knobs-one-pair\/\" \/>\n<meta property=\"og:locale\" content=\"en_US\" \/>\n<meta property=\"og:type\" content=\"article\" \/>\n<meta property=\"og:title\" content=\"Monster Tower Quick Release Knobs - One Pair - WATERSKIS.LV\" \/>\n<meta property=\"og:description\" content=\"Monster Tower Quick Release Knobs - One Pair will replace any current M12x35 bolt attaching the rod end bearing to the base swivel.\" \/>\n<meta property=\"og:url\" content=\"https:\/\/www.waterskis.lv\/en\/product\/monster-tower-quick-release-knobs-one-pair\/\" \/>\n<meta property=\"og:site_name\" content=\"WATERSKIS.LV\" \/>\n<meta property=\"article:publisher\" content=\"https:\/\/www.facebook.com\/jurmalawaterskiwakeboardpark\/\" \/>\n<meta property=\"article:modified_time\" content=\"2024-11-26T07:45:09+00:00\" \/>\n<meta property=\"og:image\" content=\"https:\/\/waterskis.lv\/wp-content\/uploads\/2024\/11\/quick-release-kit-2.jpg\" \/>\n\t<meta property=\"og:image:width\" content=\"1250\" \/>\n\t<meta property=\"og:image:height\" content=\"1250\" \/>\n\t<meta property=\"og:image:type\" content=\"image\/jpeg\" \/>\n<meta name=\"twitter:card\" content=\"summary_large_image\" \/>\n<meta name=\"twitter:label1\" content=\"Est. reading time\" \/>\n\t<meta name=\"twitter:data1\" content=\"2 minutes\" \/>\n<script type=\"application\/ld+json\" class=\"yoast-schema-graph\">{\"@context\":\"https:\\\/\\\/schema.org\",\"@graph\":[{\"@type\":\"WebPage\",\"@id\":\"https:\\\/\\\/www.waterskis.lv\\\/en\\\/product\\\/monster-tower-quick-release-knobs-one-pair\\\/\",\"url\":\"https:\\\/\\\/www.waterskis.lv\\\/en\\\/product\\\/monster-tower-quick-release-knobs-one-pair\\\/\",\"name\":\"Monster Tower Quick Release Knobs - One Pair - WATERSKIS.LV\",\"isPartOf\":{\"@id\":\"https:\\\/\\\/www.waterskis.lv\\\/en\\\/#website\"},\"primaryImageOfPage\":{\"@id\":\"https:\\\/\\\/www.waterskis.lv\\\/en\\\/product\\\/monster-tower-quick-release-knobs-one-pair\\\/#primaryimage\"},\"image\":{\"@id\":\"https:\\\/\\\/www.waterskis.lv\\\/en\\\/product\\\/monster-tower-quick-release-knobs-one-pair\\\/#primaryimage\"},\"thumbnailUrl\":\"https:\\\/\\\/www.waterskis.lv\\\/wp-content\\\/uploads\\\/2024\\\/11\\\/quick-release-kit-2.jpg\",\"datePublished\":\"2024-11-26T07:38:55+00:00\",\"dateModified\":\"2024-11-26T07:45:09+00:00\",\"description\":\"Monster Tower Quick Release Knobs - One Pair will replace any current M12x35 bolt attaching the rod end bearing to the base swivel.\",\"breadcrumb\":{\"@id\":\"https:\\\/\\\/www.waterskis.lv\\\/en\\\/product\\\/monster-tower-quick-release-knobs-one-pair\\\/#breadcrumb\"},\"inLanguage\":\"en-US\",\"potentialAction\":[{\"@type\":\"ReadAction\",\"target\":[\"https:\\\/\\\/www.waterskis.lv\\\/en\\\/product\\\/monster-tower-quick-release-knobs-one-pair\\\/\"]}]},{\"@type\":\"ImageObject\",\"inLanguage\":\"en-US\",\"@id\":\"https:\\\/\\\/www.waterskis.lv\\\/en\\\/product\\\/monster-tower-quick-release-knobs-one-pair\\\/#primaryimage\",\"url\":\"https:\\\/\\\/www.waterskis.lv\\\/wp-content\\\/uploads\\\/2024\\\/11\\\/quick-release-kit-2.jpg\",\"contentUrl\":\"https:\\\/\\\/www.waterskis.lv\\\/wp-content\\\/uploads\\\/2024\\\/11\\\/quick-release-kit-2.jpg\",\"width\":1250,\"height\":1250,\"caption\":\"Monster Tower \u0101tr\u0101s savieno\u0161anas skr\u016bves \u2014 1 p\u0101ris\"},{\"@type\":\"BreadcrumbList\",\"@id\":\"https:\\\/\\\/www.waterskis.lv\\\/en\\\/product\\\/monster-tower-quick-release-knobs-one-pair\\\/#breadcrumb\",\"itemListElement\":[{\"@type\":\"ListItem\",\"position\":1,\"name\":\"Home\",\"item\":\"https:\\\/\\\/www.waterskis.lv\\\/en\\\/\"},{\"@type\":\"ListItem\",\"position\":2,\"name\":\"Shop\",\"item\":\"https:\\\/\\\/waterskis.lv\\\/en\\\/shop\\\/\"},{\"@type\":\"ListItem\",\"position\":3,\"name\":\"Monster Tower Quick Release Knobs &#8211; One Pair\"}]},{\"@type\":\"WebSite\",\"@id\":\"https:\\\/\\\/www.waterskis.lv\\\/en\\\/#website\",\"url\":\"https:\\\/\\\/www.waterskis.lv\\\/en\\\/\",\"name\":\"WATERSKIS.LV\",\"description\":\"SUP d\u0113\u013ci, kajaki, kanoe, airu laivas, \u016bdenssl\u0113po\u0161ana, veikbords, SUP d\u0113\u013cu noma, kajaku nomaakt\u012bv\u0101s atp\u016btas centrs, laivu noma, sup noma, kajaku noma\",\"publisher\":{\"@id\":\"https:\\\/\\\/www.waterskis.lv\\\/en\\\/#organization\"},\"potentialAction\":[{\"@type\":\"SearchAction\",\"target\":{\"@type\":\"EntryPoint\",\"urlTemplate\":\"https:\\\/\\\/www.waterskis.lv\\\/en\\\/?s={search_term_string}\"},\"query-input\":{\"@type\":\"PropertyValueSpecification\",\"valueRequired\":true,\"valueName\":\"search_term_string\"}}],\"inLanguage\":\"en-US\"},{\"@type\":\"Organization\",\"@id\":\"https:\\\/\\\/www.waterskis.lv\\\/en\\\/#organization\",\"name\":\"WATERSKIS.LV\",\"url\":\"https:\\\/\\\/www.waterskis.lv\\\/en\\\/\",\"logo\":{\"@type\":\"ImageObject\",\"inLanguage\":\"en-US\",\"@id\":\"https:\\\/\\\/www.waterskis.lv\\\/en\\\/#\\\/schema\\\/logo\\\/image\\\/\",\"url\":\"https:\\\/\\\/www.waterskis.lv\\\/wp-content\\\/uploads\\\/2025\\\/01\\\/JUVP-logo.png\",\"contentUrl\":\"https:\\\/\\\/www.waterskis.lv\\\/wp-content\\\/uploads\\\/2025\\\/01\\\/JUVP-logo.png\",\"width\":421,\"height\":202,\"caption\":\"WATERSKIS.LV\"},\"image\":{\"@id\":\"https:\\\/\\\/www.waterskis.lv\\\/en\\\/#\\\/schema\\\/logo\\\/image\\\/\"},\"sameAs\":[\"https:\\\/\\\/www.facebook.com\\\/jurmalawaterskiwakeboardpark\\\/\"]}]}<\/script>\n<!-- \/ Yoast SEO plugin. -->","yoast_head_json":{"title":"Monster Tower Quick Release Knobs - One Pair - WATERSKIS.LV","description":"Monster Tower Quick Release Knobs - One Pair will replace any current M12x35 bolt attaching the rod end bearing to the base swivel.","robots":{"index":"index","follow":"follow","max-snippet":"max-snippet:-1","max-image-preview":"max-image-preview:large","max-video-preview":"max-video-preview:-1"},"canonical":"https:\/\/www.waterskis.lv\/en\/product\/monster-tower-quick-release-knobs-one-pair\/","og_locale":"en_US","og_type":"article","og_title":"Monster Tower Quick Release Knobs - One Pair - WATERSKIS.LV","og_description":"Monster Tower Quick Release Knobs - One Pair will replace any current M12x35 bolt attaching the rod end bearing to the base swivel.","og_url":"https:\/\/www.waterskis.lv\/en\/product\/monster-tower-quick-release-knobs-one-pair\/","og_site_name":"WATERSKIS.LV","article_publisher":"https:\/\/www.facebook.com\/jurmalawaterskiwakeboardpark\/","article_modified_time":"2024-11-26T07:45:09+00:00","og_image":[{"width":1250,"height":1250,"url":"https:\/\/waterskis.lv\/wp-content\/uploads\/2024\/11\/quick-release-kit-2.jpg","type":"image\/jpeg"}],"twitter_card":"summary_large_image","twitter_misc":{"Est. reading time":"2 minutes"},"schema":{"@context":"https:\/\/schema.org","@graph":[{"@type":"WebPage","@id":"https:\/\/www.waterskis.lv\/en\/product\/monster-tower-quick-release-knobs-one-pair\/","url":"https:\/\/www.waterskis.lv\/en\/product\/monster-tower-quick-release-knobs-one-pair\/","name":"Monster Tower Quick Release Knobs - One Pair - WATERSKIS.LV","isPartOf":{"@id":"https:\/\/www.waterskis.lv\/en\/#website"},"primaryImageOfPage":{"@id":"https:\/\/www.waterskis.lv\/en\/product\/monster-tower-quick-release-knobs-one-pair\/#primaryimage"},"image":{"@id":"https:\/\/www.waterskis.lv\/en\/product\/monster-tower-quick-release-knobs-one-pair\/#primaryimage"},"thumbnailUrl":"https:\/\/www.waterskis.lv\/wp-content\/uploads\/2024\/11\/quick-release-kit-2.jpg","datePublished":"2024-11-26T07:38:55+00:00","dateModified":"2024-11-26T07:45:09+00:00","description":"Monster Tower Quick Release Knobs - One Pair will replace any current M12x35 bolt attaching the rod end bearing to the base swivel.","breadcrumb":{"@id":"https:\/\/www.waterskis.lv\/en\/product\/monster-tower-quick-release-knobs-one-pair\/#breadcrumb"},"inLanguage":"en-US","potentialAction":[{"@type":"ReadAction","target":["https:\/\/www.waterskis.lv\/en\/product\/monster-tower-quick-release-knobs-one-pair\/"]}]},{"@type":"ImageObject","inLanguage":"en-US","@id":"https:\/\/www.waterskis.lv\/en\/product\/monster-tower-quick-release-knobs-one-pair\/#primaryimage","url":"https:\/\/www.waterskis.lv\/wp-content\/uploads\/2024\/11\/quick-release-kit-2.jpg","contentUrl":"https:\/\/www.waterskis.lv\/wp-content\/uploads\/2024\/11\/quick-release-kit-2.jpg","width":1250,"height":1250,"caption":"Monster Tower \u0101tr\u0101s savieno\u0161anas skr\u016bves \u2014 1 p\u0101ris"},{"@type":"BreadcrumbList","@id":"https:\/\/www.waterskis.lv\/en\/product\/monster-tower-quick-release-knobs-one-pair\/#breadcrumb","itemListElement":[{"@type":"ListItem","position":1,"name":"Home","item":"https:\/\/www.waterskis.lv\/en\/"},{"@type":"ListItem","position":2,"name":"Shop","item":"https:\/\/waterskis.lv\/en\/shop\/"},{"@type":"ListItem","position":3,"name":"Monster Tower Quick Release Knobs &#8211; One Pair"}]},{"@type":"WebSite","@id":"https:\/\/www.waterskis.lv\/en\/#website","url":"https:\/\/www.waterskis.lv\/en\/","name":"WATERSKIS.LV","description":"SUP d\u0113\u013ci, kajaki, kanoe, airu laivas, \u016bdenssl\u0113po\u0161ana, veikbords, SUP d\u0113\u013cu noma, kajaku nomaakt\u012bv\u0101s atp\u016btas centrs, laivu noma, sup noma, kajaku noma","publisher":{"@id":"https:\/\/www.waterskis.lv\/en\/#organization"},"potentialAction":[{"@type":"SearchAction","target":{"@type":"EntryPoint","urlTemplate":"https:\/\/www.waterskis.lv\/en\/?s={search_term_string}"},"query-input":{"@type":"PropertyValueSpecification","valueRequired":true,"valueName":"search_term_string"}}],"inLanguage":"en-US"},{"@type":"Organization","@id":"https:\/\/www.waterskis.lv\/en\/#organization","name":"WATERSKIS.LV","url":"https:\/\/www.waterskis.lv\/en\/","logo":{"@type":"ImageObject","inLanguage":"en-US","@id":"https:\/\/www.waterskis.lv\/en\/#\/schema\/logo\/image\/","url":"https:\/\/www.waterskis.lv\/wp-content\/uploads\/2025\/01\/JUVP-logo.png","contentUrl":"https:\/\/www.waterskis.lv\/wp-content\/uploads\/2025\/01\/JUVP-logo.png","width":421,"height":202,"caption":"WATERSKIS.LV"},"image":{"@id":"https:\/\/www.waterskis.lv\/en\/#\/schema\/logo\/image\/"},"sameAs":["https:\/\/www.facebook.com\/jurmalawaterskiwakeboardpark\/"]}]}},"_links":{"self":[{"href":"https:\/\/www.waterskis.lv\/en\/wp-json\/wp\/v2\/product\/58584","targetHints":{"allow":["GET"]}}],"collection":[{"href":"https:\/\/www.waterskis.lv\/en\/wp-json\/wp\/v2\/product"}],"about":[{"href":"https:\/\/www.waterskis.lv\/en\/wp-json\/wp\/v2\/types\/product"}],"replies":[{"embeddable":true,"href":"https:\/\/www.waterskis.lv\/en\/wp-json\/wp\/v2\/comments?post=58584"}],"wp:featuredmedia":[{"embeddable":true,"href":"https:\/\/www.waterskis.lv\/en\/wp-json\/wp\/v2\/media\/58582"}],"wp:attachment":[{"href":"https:\/\/www.waterskis.lv\/en\/wp-json\/wp\/v2\/media?parent=58584"}],"wp:term":[{"taxonomy":"product_brand","embeddable":true,"href":"https:\/\/www.waterskis.lv\/en\/wp-json\/wp\/v2\/product_brand?post=58584"},{"taxonomy":"product_cat","embeddable":true,"href":"https:\/\/www.waterskis.lv\/en\/wp-json\/wp\/v2\/product_cat?post=58584"},{"taxonomy":"product_tag","embeddable":true,"href":"https:\/\/www.waterskis.lv\/en\/wp-json\/wp\/v2\/product_tag?post=58584"}],"curies":[{"name":"wp","href":"https:\/\/api.w.org\/{rel}","templated":true}]}}