{"id":58903,"date":"2024-12-09T13:19:02","date_gmt":"2024-12-09T10:19:02","guid":{"rendered":"https:\/\/www.waterskis.lv\/product\/lietots-divvietigs-sup-delis-wildsup-kangaroo-tandem-129\/"},"modified":"2026-02-26T13:57:50","modified_gmt":"2026-02-26T11:57:50","slug":"used-sup-board-wildsup-kangaroo-tandem-129%e2%80%b3","status":"publish","type":"product","link":"https:\/\/www.waterskis.lv\/en\/product\/used-sup-board-wildsup-kangaroo-tandem-129%e2%80%b3\/","title":{"rendered":"Used SUP board WILDSUP KANGAROO TANDEM 12\u20199\u2033"},"content":{"rendered":"<h1>Used SUP board WILDSUP KANGAROO TANDEM 12\u20199\u2033<\/h1>\n<p>Used SUP board WILDSUP KANGAROO TANDEM 12\u20199\u2033<\/p>\n<p>Size: 394 x 90 x 15 cm<\/p>\n<p>Number of seats: 2<\/p>\n<p>Compression: 22 psi recommended, 27 psi maximum<\/p>\n<p>Load capacity: up to 150 kg (for 1 person), up to 250 kg (for 2 people)<\/p>\n<p>Complete set: SUP board, paddle, leash<\/p>\n","protected":false},"excerpt":{"rendered":"<p>Used SUP board WILDSUP KANGAROO TANDEM 12\u20199\u2033 Used SUP board WILDSUP KANGAROO TANDEM 12\u20199\u2033 Size: 394 x 90 x 15 cm Number of seats: 2 Compression: 22 psi recommended, 27 psi maximum Load capacity: up to 150 kg (for 1 person), up to 250 kg (for 2 people) Complete set: SUP board, paddle, leash [&#8230;]<\/p>\n<p><a class=\"btn btn-secondary understrap-read-more-link\" href=\"https:\/\/www.waterskis.lv\/en\/product\/used-sup-board-wildsup-kangaroo-tandem-129%e2%80%b3\/\">Read More&#8230;<\/a><\/p>\n","protected":false},"featured_media":58901,"comment_status":"closed","ping_status":"closed","template":"","meta":{"_acf_changed":false,"inline_featured_image":false},"product_brand":[],"product_cat":[361,502,868,367],"product_tag":[3172,1355,3173,3174,1335,1316,3175,3176],"class_list":{"0":"post-58903","1":"product","2":"type-product","3":"status-publish","4":"has-post-thumbnail","6":"product_cat-sale","7":"product_cat-stand-up-paddle-boards","8":"product_cat-used-sup-boards","9":"product_cat-used-water-sports-items","10":"product_tag-aufblasbares-sup","11":"product_tag-piepusams-sup-delis","12":"product_tag-stand-up-paddleboard","13":"product_tag-stand-up-paddling","14":"product_tag-sup","15":"product_tag-sup-delis","16":"product_tag-sup-surfer","17":"product_tag-supkayak","18":"product_shipping_class-latvija-kurjers","20":"first","21":"instock","22":"sale","23":"shipping-taxable","24":"purchasable","25":"product-type-simple"},"acf":[],"yoast_head":"<!-- This site is optimized with the Yoast SEO plugin v27.5 - https:\/\/yoast.com\/product\/yoast-seo-wordpress\/ -->\n<title>Used SUP board WILDSUP KANGAROO TANDEM 12\u20199\u2033 - WATERSKIS.LV<\/title>\n<meta name=\"description\" content=\"Used SUP board WILDSUP KANGAROO TANDEM 12\u20199\u2033. Size: 394 x 90 x 15 cm. Number of seats: 2. Complete set: Package: SUP board, paddle, leashPrice excluding VAT\" \/>\n<meta name=\"robots\" content=\"index, follow, max-snippet:-1, max-image-preview:large, max-video-preview:-1\" \/>\n<link rel=\"canonical\" href=\"https:\/\/www.waterskis.lv\/en\/product\/used-sup-board-wildsup-kangaroo-tandem-129%e2%80%b3\/\" \/>\n<meta property=\"og:locale\" content=\"en_US\" \/>\n<meta property=\"og:type\" content=\"article\" \/>\n<meta property=\"og:title\" content=\"Used SUP board WILDSUP KANGAROO TANDEM 12\u20199\u2033 - WATERSKIS.LV\" \/>\n<meta property=\"og:description\" content=\"Used SUP board WILDSUP KANGAROO TANDEM 12\u20199\u2033. Size: 394 x 90 x 15 cm. Number of seats: 2. Complete set: Package: SUP board, paddle, leashPrice excluding VAT\" \/>\n<meta property=\"og:url\" content=\"https:\/\/www.waterskis.lv\/en\/product\/used-sup-board-wildsup-kangaroo-tandem-129%e2%80%b3\/\" \/>\n<meta property=\"og:site_name\" content=\"WATERSKIS.LV\" \/>\n<meta property=\"article:publisher\" content=\"https:\/\/www.facebook.com\/jurmalawaterskiwakeboardpark\/\" \/>\n<meta property=\"article:modified_time\" content=\"2026-02-26T11:57:50+00:00\" \/>\n<meta property=\"og:image\" content=\"https:\/\/www.waterskis.lv\/wp-content\/uploads\/2024\/12\/Kangaroo-2048x1152-1.jpg\" \/>\n\t<meta property=\"og:image:width\" content=\"2048\" \/>\n\t<meta property=\"og:image:height\" content=\"1152\" \/>\n\t<meta property=\"og:image:type\" content=\"image\/jpeg\" \/>\n<meta name=\"twitter:card\" content=\"summary_large_image\" \/>\n<meta name=\"twitter:label1\" content=\"Est. reading time\" \/>\n\t<meta name=\"twitter:data1\" content=\"1 minute\" \/>\n<script type=\"application\/ld+json\" class=\"yoast-schema-graph\">{\"@context\":\"https:\\\/\\\/schema.org\",\"@graph\":[{\"@type\":\"WebPage\",\"@id\":\"https:\\\/\\\/www.waterskis.lv\\\/en\\\/product\\\/used-sup-board-wildsup-kangaroo-tandem-129%e2%80%b3\\\/\",\"url\":\"https:\\\/\\\/www.waterskis.lv\\\/en\\\/product\\\/used-sup-board-wildsup-kangaroo-tandem-129%e2%80%b3\\\/\",\"name\":\"Used SUP board WILDSUP KANGAROO TANDEM 12\u20199\u2033 - WATERSKIS.LV\",\"isPartOf\":{\"@id\":\"https:\\\/\\\/www.waterskis.lv\\\/en\\\/#website\"},\"primaryImageOfPage\":{\"@id\":\"https:\\\/\\\/www.waterskis.lv\\\/en\\\/product\\\/used-sup-board-wildsup-kangaroo-tandem-129%e2%80%b3\\\/#primaryimage\"},\"image\":{\"@id\":\"https:\\\/\\\/www.waterskis.lv\\\/en\\\/product\\\/used-sup-board-wildsup-kangaroo-tandem-129%e2%80%b3\\\/#primaryimage\"},\"thumbnailUrl\":\"https:\\\/\\\/www.waterskis.lv\\\/wp-content\\\/uploads\\\/2024\\\/12\\\/Kangaroo-2048x1152-1.jpg\",\"datePublished\":\"2024-12-09T10:19:02+00:00\",\"dateModified\":\"2026-02-26T11:57:50+00:00\",\"description\":\"Used SUP board WILDSUP KANGAROO TANDEM 12\u20199\u2033. Size: 394 x 90 x 15 cm. Number of seats: 2. Complete set: Package: SUP board, paddle, leashPrice excluding VAT\",\"breadcrumb\":{\"@id\":\"https:\\\/\\\/www.waterskis.lv\\\/en\\\/product\\\/used-sup-board-wildsup-kangaroo-tandem-129%e2%80%b3\\\/#breadcrumb\"},\"inLanguage\":\"en-US\",\"potentialAction\":[{\"@type\":\"ReadAction\",\"target\":[\"https:\\\/\\\/www.waterskis.lv\\\/en\\\/product\\\/used-sup-board-wildsup-kangaroo-tandem-129%e2%80%b3\\\/\"]}]},{\"@type\":\"ImageObject\",\"inLanguage\":\"en-US\",\"@id\":\"https:\\\/\\\/www.waterskis.lv\\\/en\\\/product\\\/used-sup-board-wildsup-kangaroo-tandem-129%e2%80%b3\\\/#primaryimage\",\"url\":\"https:\\\/\\\/www.waterskis.lv\\\/wp-content\\\/uploads\\\/2024\\\/12\\\/Kangaroo-2048x1152-1.jpg\",\"contentUrl\":\"https:\\\/\\\/www.waterskis.lv\\\/wp-content\\\/uploads\\\/2024\\\/12\\\/Kangaroo-2048x1152-1.jpg\",\"width\":2048,\"height\":1152,\"caption\":\"Lietots divviet\u012bgs SUP d\u0113lis WILDSUP KANGAROO TANDEM 12\u20199\u201d\"},{\"@type\":\"BreadcrumbList\",\"@id\":\"https:\\\/\\\/www.waterskis.lv\\\/en\\\/product\\\/used-sup-board-wildsup-kangaroo-tandem-129%e2%80%b3\\\/#breadcrumb\",\"itemListElement\":[{\"@type\":\"ListItem\",\"position\":1,\"name\":\"Home\",\"item\":\"https:\\\/\\\/www.waterskis.lv\\\/en\\\/\"},{\"@type\":\"ListItem\",\"position\":2,\"name\":\"Shop\",\"item\":\"https:\\\/\\\/waterskis.lv\\\/en\\\/shop\\\/\"},{\"@type\":\"ListItem\",\"position\":3,\"name\":\"Used SUP board WILDSUP KANGAROO TANDEM 12\u20199\u2033\"}]},{\"@type\":\"WebSite\",\"@id\":\"https:\\\/\\\/www.waterskis.lv\\\/en\\\/#website\",\"url\":\"https:\\\/\\\/www.waterskis.lv\\\/en\\\/\",\"name\":\"WATERSKIS.LV\",\"description\":\"SUP d\u0113\u013ci, kajaki, kanoe, airu laivas, \u016bdenssl\u0113po\u0161ana, veikbords, SUP d\u0113\u013cu noma, kajaku nomaakt\u012bv\u0101s atp\u016btas centrs, laivu noma, sup noma, kajaku noma\",\"publisher\":{\"@id\":\"https:\\\/\\\/www.waterskis.lv\\\/en\\\/#organization\"},\"potentialAction\":[{\"@type\":\"SearchAction\",\"target\":{\"@type\":\"EntryPoint\",\"urlTemplate\":\"https:\\\/\\\/www.waterskis.lv\\\/en\\\/?s={search_term_string}\"},\"query-input\":{\"@type\":\"PropertyValueSpecification\",\"valueRequired\":true,\"valueName\":\"search_term_string\"}}],\"inLanguage\":\"en-US\"},{\"@type\":\"Organization\",\"@id\":\"https:\\\/\\\/www.waterskis.lv\\\/en\\\/#organization\",\"name\":\"WATERSKIS.LV\",\"url\":\"https:\\\/\\\/www.waterskis.lv\\\/en\\\/\",\"logo\":{\"@type\":\"ImageObject\",\"inLanguage\":\"en-US\",\"@id\":\"https:\\\/\\\/www.waterskis.lv\\\/en\\\/#\\\/schema\\\/logo\\\/image\\\/\",\"url\":\"https:\\\/\\\/www.waterskis.lv\\\/wp-content\\\/uploads\\\/2025\\\/01\\\/JUVP-logo.png\",\"contentUrl\":\"https:\\\/\\\/www.waterskis.lv\\\/wp-content\\\/uploads\\\/2025\\\/01\\\/JUVP-logo.png\",\"width\":421,\"height\":202,\"caption\":\"WATERSKIS.LV\"},\"image\":{\"@id\":\"https:\\\/\\\/www.waterskis.lv\\\/en\\\/#\\\/schema\\\/logo\\\/image\\\/\"},\"sameAs\":[\"https:\\\/\\\/www.facebook.com\\\/jurmalawaterskiwakeboardpark\\\/\"]}]}<\/script>\n<!-- \/ Yoast SEO plugin. -->","yoast_head_json":{"title":"Used SUP board WILDSUP KANGAROO TANDEM 12\u20199\u2033 - WATERSKIS.LV","description":"Used SUP board WILDSUP KANGAROO TANDEM 12\u20199\u2033. Size: 394 x 90 x 15 cm. Number of seats: 2. Complete set: Package: SUP board, paddle, leashPrice excluding VAT","robots":{"index":"index","follow":"follow","max-snippet":"max-snippet:-1","max-image-preview":"max-image-preview:large","max-video-preview":"max-video-preview:-1"},"canonical":"https:\/\/www.waterskis.lv\/en\/product\/used-sup-board-wildsup-kangaroo-tandem-129%e2%80%b3\/","og_locale":"en_US","og_type":"article","og_title":"Used SUP board WILDSUP KANGAROO TANDEM 12\u20199\u2033 - WATERSKIS.LV","og_description":"Used SUP board WILDSUP KANGAROO TANDEM 12\u20199\u2033. Size: 394 x 90 x 15 cm. Number of seats: 2. Complete set: Package: SUP board, paddle, leashPrice excluding VAT","og_url":"https:\/\/www.waterskis.lv\/en\/product\/used-sup-board-wildsup-kangaroo-tandem-129%e2%80%b3\/","og_site_name":"WATERSKIS.LV","article_publisher":"https:\/\/www.facebook.com\/jurmalawaterskiwakeboardpark\/","article_modified_time":"2026-02-26T11:57:50+00:00","og_image":[{"width":2048,"height":1152,"url":"https:\/\/www.waterskis.lv\/wp-content\/uploads\/2024\/12\/Kangaroo-2048x1152-1.jpg","type":"image\/jpeg"}],"twitter_card":"summary_large_image","twitter_misc":{"Est. reading time":"1 minute"},"schema":{"@context":"https:\/\/schema.org","@graph":[{"@type":"WebPage","@id":"https:\/\/www.waterskis.lv\/en\/product\/used-sup-board-wildsup-kangaroo-tandem-129%e2%80%b3\/","url":"https:\/\/www.waterskis.lv\/en\/product\/used-sup-board-wildsup-kangaroo-tandem-129%e2%80%b3\/","name":"Used SUP board WILDSUP KANGAROO TANDEM 12\u20199\u2033 - WATERSKIS.LV","isPartOf":{"@id":"https:\/\/www.waterskis.lv\/en\/#website"},"primaryImageOfPage":{"@id":"https:\/\/www.waterskis.lv\/en\/product\/used-sup-board-wildsup-kangaroo-tandem-129%e2%80%b3\/#primaryimage"},"image":{"@id":"https:\/\/www.waterskis.lv\/en\/product\/used-sup-board-wildsup-kangaroo-tandem-129%e2%80%b3\/#primaryimage"},"thumbnailUrl":"https:\/\/www.waterskis.lv\/wp-content\/uploads\/2024\/12\/Kangaroo-2048x1152-1.jpg","datePublished":"2024-12-09T10:19:02+00:00","dateModified":"2026-02-26T11:57:50+00:00","description":"Used SUP board WILDSUP KANGAROO TANDEM 12\u20199\u2033. Size: 394 x 90 x 15 cm. Number of seats: 2. Complete set: Package: SUP board, paddle, leashPrice excluding VAT","breadcrumb":{"@id":"https:\/\/www.waterskis.lv\/en\/product\/used-sup-board-wildsup-kangaroo-tandem-129%e2%80%b3\/#breadcrumb"},"inLanguage":"en-US","potentialAction":[{"@type":"ReadAction","target":["https:\/\/www.waterskis.lv\/en\/product\/used-sup-board-wildsup-kangaroo-tandem-129%e2%80%b3\/"]}]},{"@type":"ImageObject","inLanguage":"en-US","@id":"https:\/\/www.waterskis.lv\/en\/product\/used-sup-board-wildsup-kangaroo-tandem-129%e2%80%b3\/#primaryimage","url":"https:\/\/www.waterskis.lv\/wp-content\/uploads\/2024\/12\/Kangaroo-2048x1152-1.jpg","contentUrl":"https:\/\/www.waterskis.lv\/wp-content\/uploads\/2024\/12\/Kangaroo-2048x1152-1.jpg","width":2048,"height":1152,"caption":"Lietots divviet\u012bgs SUP d\u0113lis WILDSUP KANGAROO TANDEM 12\u20199\u201d"},{"@type":"BreadcrumbList","@id":"https:\/\/www.waterskis.lv\/en\/product\/used-sup-board-wildsup-kangaroo-tandem-129%e2%80%b3\/#breadcrumb","itemListElement":[{"@type":"ListItem","position":1,"name":"Home","item":"https:\/\/www.waterskis.lv\/en\/"},{"@type":"ListItem","position":2,"name":"Shop","item":"https:\/\/waterskis.lv\/en\/shop\/"},{"@type":"ListItem","position":3,"name":"Used SUP board WILDSUP KANGAROO TANDEM 12\u20199\u2033"}]},{"@type":"WebSite","@id":"https:\/\/www.waterskis.lv\/en\/#website","url":"https:\/\/www.waterskis.lv\/en\/","name":"WATERSKIS.LV","description":"SUP d\u0113\u013ci, kajaki, kanoe, airu laivas, \u016bdenssl\u0113po\u0161ana, veikbords, SUP d\u0113\u013cu noma, kajaku nomaakt\u012bv\u0101s atp\u016btas centrs, laivu noma, sup noma, kajaku noma","publisher":{"@id":"https:\/\/www.waterskis.lv\/en\/#organization"},"potentialAction":[{"@type":"SearchAction","target":{"@type":"EntryPoint","urlTemplate":"https:\/\/www.waterskis.lv\/en\/?s={search_term_string}"},"query-input":{"@type":"PropertyValueSpecification","valueRequired":true,"valueName":"search_term_string"}}],"inLanguage":"en-US"},{"@type":"Organization","@id":"https:\/\/www.waterskis.lv\/en\/#organization","name":"WATERSKIS.LV","url":"https:\/\/www.waterskis.lv\/en\/","logo":{"@type":"ImageObject","inLanguage":"en-US","@id":"https:\/\/www.waterskis.lv\/en\/#\/schema\/logo\/image\/","url":"https:\/\/www.waterskis.lv\/wp-content\/uploads\/2025\/01\/JUVP-logo.png","contentUrl":"https:\/\/www.waterskis.lv\/wp-content\/uploads\/2025\/01\/JUVP-logo.png","width":421,"height":202,"caption":"WATERSKIS.LV"},"image":{"@id":"https:\/\/www.waterskis.lv\/en\/#\/schema\/logo\/image\/"},"sameAs":["https:\/\/www.facebook.com\/jurmalawaterskiwakeboardpark\/"]}]}},"_links":{"self":[{"href":"https:\/\/www.waterskis.lv\/en\/wp-json\/wp\/v2\/product\/58903","targetHints":{"allow":["GET"]}}],"collection":[{"href":"https:\/\/www.waterskis.lv\/en\/wp-json\/wp\/v2\/product"}],"about":[{"href":"https:\/\/www.waterskis.lv\/en\/wp-json\/wp\/v2\/types\/product"}],"replies":[{"embeddable":true,"href":"https:\/\/www.waterskis.lv\/en\/wp-json\/wp\/v2\/comments?post=58903"}],"wp:featuredmedia":[{"embeddable":true,"href":"https:\/\/www.waterskis.lv\/en\/wp-json\/wp\/v2\/media\/58901"}],"wp:attachment":[{"href":"https:\/\/www.waterskis.lv\/en\/wp-json\/wp\/v2\/media?parent=58903"}],"wp:term":[{"taxonomy":"product_brand","embeddable":true,"href":"https:\/\/www.waterskis.lv\/en\/wp-json\/wp\/v2\/product_brand?post=58903"},{"taxonomy":"product_cat","embeddable":true,"href":"https:\/\/www.waterskis.lv\/en\/wp-json\/wp\/v2\/product_cat?post=58903"},{"taxonomy":"product_tag","embeddable":true,"href":"https:\/\/www.waterskis.lv\/en\/wp-json\/wp\/v2\/product_tag?post=58903"}],"curies":[{"name":"wp","href":"https:\/\/api.w.org\/{rel}","templated":true}]}}