{"id":58939,"date":"2024-12-12T09:33:17","date_gmt":"2024-12-12T06:33:17","guid":{"rendered":"https:\/\/www.waterskis.lv\/product\/udensslepes-connelly-big-easy\/"},"modified":"2026-01-28T11:24:27","modified_gmt":"2026-01-28T09:24:27","slug":"combo-waterskis-connelly-big-easy","status":"publish","type":"product","link":"https:\/\/www.waterskis.lv\/en\/product\/combo-waterskis-connelly-big-easy\/","title":{"rendered":"Combo Waterskis CONNELLY BIG EASY"},"content":{"rendered":"<h1>Combo Waterskis CONNELLY BIG EASY<\/h1>\n<p>Combo Waterskis CONNELLY BIG EASY<\/p>\n<p style=\"font-weight: 400;\">Our Big Easy Combo Skis are the ultimate \u201cbig guy\u201d rippers. They are easy to get up on and assured to provide hours of fun waterskiing. The big surface area on both skis makes for quick, easy starts for the big guy. Bigger is Better, and this set of combos is BIG.<\/p>\n<p style=\"font-weight: 400;\"><strong>SIZE:\u00a0<\/strong>67&#8243;<\/p>\n<p style=\"font-weight: 400;\"><strong>FIN:\u00a0<\/strong>Glass Filled Nylon<\/p>\n<p style=\"font-weight: 400;\"><strong>FEATURES:<\/strong><\/p>\n<ul>\n<li style=\"font-weight: 400;\">Reinforced composite construction<\/li>\n<li style=\"font-weight: 400;\">High gloss UV coat<\/li>\n<li style=\"font-weight: 400;\">Double Tunnel<\/li>\n<\/ul>\n<p style=\"font-weight: 400;\"><strong>BINDING OPTIONS:\u00a0<\/strong>Slide-Type Adjustable<\/p>\n","protected":false},"excerpt":{"rendered":"<p>Combo Waterskis CONNELLY BIG EASY Combo Waterskis CONNELLY BIG EASY Our Big Easy Combo Skis are the ultimate \u201cbig guy\u201d rippers. They are easy to get up on and assured to provide hours of fun waterskiing. The big surface area on both skis makes for quick, easy starts for the big guy. Bigger is Better, [&#8230;]<\/p>\n<p><a class=\"btn btn-secondary understrap-read-more-link\" href=\"https:\/\/www.waterskis.lv\/en\/product\/combo-waterskis-connelly-big-easy\/\">Read More&#8230;<\/a><\/p>\n","protected":false},"featured_media":58934,"comment_status":"closed","ping_status":"closed","template":"","meta":{"_acf_changed":false,"inline_featured_image":false},"product_brand":[1280],"product_cat":[564,561],"product_tag":[2966,2533,2945],"class_list":{"0":"post-58939","1":"product","2":"type-product","3":"status-publish","4":"has-post-thumbnail","6":"product_brand-connelly-water-sports","7":"product_cat-combo-waterskis","8":"product_cat-waterskis","9":"product_tag-connelly-skis","10":"product_tag-connelly-waterskis","11":"product_tag-waterskis","13":"first","14":"outofstock","15":"shipping-taxable","16":"purchasable","17":"product-type-simple"},"acf":[],"yoast_head":"<!-- This site is optimized with the Yoast SEO plugin v27.4 - https:\/\/yoast.com\/product\/yoast-seo-wordpress\/ -->\n<title>Combo Waterskis CONNELLY BIG EASY - WATERSKIS.LV<\/title>\n<meta name=\"description\" content=\"Combo Waterskis CONNELLY BIG EASY are the ultimate \u201cbig guy\u201d rippers. They are easy to get up on and assured to provide hours of fun waterskiing.\" \/>\n<meta name=\"robots\" content=\"index, follow, max-snippet:-1, max-image-preview:large, max-video-preview:-1\" \/>\n<link rel=\"canonical\" href=\"https:\/\/www.waterskis.lv\/en\/product\/combo-waterskis-connelly-big-easy\/\" \/>\n<meta property=\"og:locale\" content=\"en_US\" \/>\n<meta property=\"og:type\" content=\"article\" \/>\n<meta property=\"og:title\" content=\"Combo Waterskis CONNELLY BIG EASY - WATERSKIS.LV\" \/>\n<meta property=\"og:description\" content=\"Combo Waterskis CONNELLY BIG EASY are the ultimate \u201cbig guy\u201d rippers. They are easy to get up on and assured to provide hours of fun waterskiing.\" \/>\n<meta property=\"og:url\" content=\"https:\/\/www.waterskis.lv\/en\/product\/combo-waterskis-connelly-big-easy\/\" \/>\n<meta property=\"og:site_name\" content=\"WATERSKIS.LV\" \/>\n<meta property=\"article:publisher\" content=\"https:\/\/www.facebook.com\/jurmalawaterskiwakeboardpark\/\" \/>\n<meta property=\"article:modified_time\" content=\"2026-01-28T09:24:27+00:00\" \/>\n<meta property=\"og:image\" content=\"https:\/\/www.waterskis.lv\/wp-content\/uploads\/2024\/12\/CON_25_BigEasy-Combo_Thumb_0a65cb5c-b2d7-4fa8-b211-f53f5e10f35d.webp\" \/>\n\t<meta property=\"og:image:width\" content=\"1500\" \/>\n\t<meta property=\"og:image:height\" content=\"1500\" \/>\n\t<meta property=\"og:image:type\" content=\"image\/webp\" \/>\n<meta name=\"twitter:card\" content=\"summary_large_image\" \/>\n<meta name=\"twitter:label1\" content=\"Est. reading time\" \/>\n\t<meta name=\"twitter:data1\" content=\"1 minute\" \/>\n<script type=\"application\/ld+json\" class=\"yoast-schema-graph\">{\"@context\":\"https:\\\/\\\/schema.org\",\"@graph\":[{\"@type\":\"WebPage\",\"@id\":\"https:\\\/\\\/www.waterskis.lv\\\/en\\\/product\\\/combo-waterskis-connelly-big-easy\\\/\",\"url\":\"https:\\\/\\\/www.waterskis.lv\\\/en\\\/product\\\/combo-waterskis-connelly-big-easy\\\/\",\"name\":\"Combo Waterskis CONNELLY BIG EASY - WATERSKIS.LV\",\"isPartOf\":{\"@id\":\"https:\\\/\\\/www.waterskis.lv\\\/en\\\/#website\"},\"primaryImageOfPage\":{\"@id\":\"https:\\\/\\\/www.waterskis.lv\\\/en\\\/product\\\/combo-waterskis-connelly-big-easy\\\/#primaryimage\"},\"image\":{\"@id\":\"https:\\\/\\\/www.waterskis.lv\\\/en\\\/product\\\/combo-waterskis-connelly-big-easy\\\/#primaryimage\"},\"thumbnailUrl\":\"https:\\\/\\\/www.waterskis.lv\\\/wp-content\\\/uploads\\\/2024\\\/12\\\/CON_25_BigEasy-Combo_Thumb_0a65cb5c-b2d7-4fa8-b211-f53f5e10f35d.webp\",\"datePublished\":\"2024-12-12T06:33:17+00:00\",\"dateModified\":\"2026-01-28T09:24:27+00:00\",\"description\":\"Combo Waterskis CONNELLY BIG EASY are the ultimate \u201cbig guy\u201d rippers. They are easy to get up on and assured to provide hours of fun waterskiing.\",\"breadcrumb\":{\"@id\":\"https:\\\/\\\/www.waterskis.lv\\\/en\\\/product\\\/combo-waterskis-connelly-big-easy\\\/#breadcrumb\"},\"inLanguage\":\"en-US\",\"potentialAction\":[{\"@type\":\"ReadAction\",\"target\":[\"https:\\\/\\\/www.waterskis.lv\\\/en\\\/product\\\/combo-waterskis-connelly-big-easy\\\/\"]}]},{\"@type\":\"ImageObject\",\"inLanguage\":\"en-US\",\"@id\":\"https:\\\/\\\/www.waterskis.lv\\\/en\\\/product\\\/combo-waterskis-connelly-big-easy\\\/#primaryimage\",\"url\":\"https:\\\/\\\/www.waterskis.lv\\\/wp-content\\\/uploads\\\/2024\\\/12\\\/CON_25_BigEasy-Combo_Thumb_0a65cb5c-b2d7-4fa8-b211-f53f5e10f35d.webp\",\"contentUrl\":\"https:\\\/\\\/www.waterskis.lv\\\/wp-content\\\/uploads\\\/2024\\\/12\\\/CON_25_BigEasy-Combo_Thumb_0a65cb5c-b2d7-4fa8-b211-f53f5e10f35d.webp\",\"width\":1500,\"height\":1500,\"caption\":\"\u016adenssl\u0113pes Connelly Big Easy\"},{\"@type\":\"BreadcrumbList\",\"@id\":\"https:\\\/\\\/www.waterskis.lv\\\/en\\\/product\\\/combo-waterskis-connelly-big-easy\\\/#breadcrumb\",\"itemListElement\":[{\"@type\":\"ListItem\",\"position\":1,\"name\":\"Home\",\"item\":\"https:\\\/\\\/www.waterskis.lv\\\/en\\\/\"},{\"@type\":\"ListItem\",\"position\":2,\"name\":\"Shop\",\"item\":\"https:\\\/\\\/waterskis.lv\\\/en\\\/shop\\\/\"},{\"@type\":\"ListItem\",\"position\":3,\"name\":\"Combo Waterskis CONNELLY BIG EASY\"}]},{\"@type\":\"WebSite\",\"@id\":\"https:\\\/\\\/www.waterskis.lv\\\/en\\\/#website\",\"url\":\"https:\\\/\\\/www.waterskis.lv\\\/en\\\/\",\"name\":\"WATERSKIS.LV\",\"description\":\"SUP d\u0113\u013ci, kajaki, kanoe, airu laivas, \u016bdenssl\u0113po\u0161ana, veikbords, SUP d\u0113\u013cu noma, kajaku nomaakt\u012bv\u0101s atp\u016btas centrs, laivu noma, sup noma, kajaku noma\",\"publisher\":{\"@id\":\"https:\\\/\\\/www.waterskis.lv\\\/en\\\/#organization\"},\"potentialAction\":[{\"@type\":\"SearchAction\",\"target\":{\"@type\":\"EntryPoint\",\"urlTemplate\":\"https:\\\/\\\/www.waterskis.lv\\\/en\\\/?s={search_term_string}\"},\"query-input\":{\"@type\":\"PropertyValueSpecification\",\"valueRequired\":true,\"valueName\":\"search_term_string\"}}],\"inLanguage\":\"en-US\"},{\"@type\":\"Organization\",\"@id\":\"https:\\\/\\\/www.waterskis.lv\\\/en\\\/#organization\",\"name\":\"WATERSKIS.LV\",\"url\":\"https:\\\/\\\/www.waterskis.lv\\\/en\\\/\",\"logo\":{\"@type\":\"ImageObject\",\"inLanguage\":\"en-US\",\"@id\":\"https:\\\/\\\/www.waterskis.lv\\\/en\\\/#\\\/schema\\\/logo\\\/image\\\/\",\"url\":\"https:\\\/\\\/www.waterskis.lv\\\/wp-content\\\/uploads\\\/2025\\\/01\\\/JUVP-logo.png\",\"contentUrl\":\"https:\\\/\\\/www.waterskis.lv\\\/wp-content\\\/uploads\\\/2025\\\/01\\\/JUVP-logo.png\",\"width\":421,\"height\":202,\"caption\":\"WATERSKIS.LV\"},\"image\":{\"@id\":\"https:\\\/\\\/www.waterskis.lv\\\/en\\\/#\\\/schema\\\/logo\\\/image\\\/\"},\"sameAs\":[\"https:\\\/\\\/www.facebook.com\\\/jurmalawaterskiwakeboardpark\\\/\"]}]}<\/script>\n<!-- \/ Yoast SEO plugin. -->","yoast_head_json":{"title":"Combo Waterskis CONNELLY BIG EASY - WATERSKIS.LV","description":"Combo Waterskis CONNELLY BIG EASY are the ultimate \u201cbig guy\u201d rippers. They are easy to get up on and assured to provide hours of fun waterskiing.","robots":{"index":"index","follow":"follow","max-snippet":"max-snippet:-1","max-image-preview":"max-image-preview:large","max-video-preview":"max-video-preview:-1"},"canonical":"https:\/\/www.waterskis.lv\/en\/product\/combo-waterskis-connelly-big-easy\/","og_locale":"en_US","og_type":"article","og_title":"Combo Waterskis CONNELLY BIG EASY - WATERSKIS.LV","og_description":"Combo Waterskis CONNELLY BIG EASY are the ultimate \u201cbig guy\u201d rippers. They are easy to get up on and assured to provide hours of fun waterskiing.","og_url":"https:\/\/www.waterskis.lv\/en\/product\/combo-waterskis-connelly-big-easy\/","og_site_name":"WATERSKIS.LV","article_publisher":"https:\/\/www.facebook.com\/jurmalawaterskiwakeboardpark\/","article_modified_time":"2026-01-28T09:24:27+00:00","og_image":[{"width":1500,"height":1500,"url":"https:\/\/www.waterskis.lv\/wp-content\/uploads\/2024\/12\/CON_25_BigEasy-Combo_Thumb_0a65cb5c-b2d7-4fa8-b211-f53f5e10f35d.webp","type":"image\/webp"}],"twitter_card":"summary_large_image","twitter_misc":{"Est. reading time":"1 minute"},"schema":{"@context":"https:\/\/schema.org","@graph":[{"@type":"WebPage","@id":"https:\/\/www.waterskis.lv\/en\/product\/combo-waterskis-connelly-big-easy\/","url":"https:\/\/www.waterskis.lv\/en\/product\/combo-waterskis-connelly-big-easy\/","name":"Combo Waterskis CONNELLY BIG EASY - WATERSKIS.LV","isPartOf":{"@id":"https:\/\/www.waterskis.lv\/en\/#website"},"primaryImageOfPage":{"@id":"https:\/\/www.waterskis.lv\/en\/product\/combo-waterskis-connelly-big-easy\/#primaryimage"},"image":{"@id":"https:\/\/www.waterskis.lv\/en\/product\/combo-waterskis-connelly-big-easy\/#primaryimage"},"thumbnailUrl":"https:\/\/www.waterskis.lv\/wp-content\/uploads\/2024\/12\/CON_25_BigEasy-Combo_Thumb_0a65cb5c-b2d7-4fa8-b211-f53f5e10f35d.webp","datePublished":"2024-12-12T06:33:17+00:00","dateModified":"2026-01-28T09:24:27+00:00","description":"Combo Waterskis CONNELLY BIG EASY are the ultimate \u201cbig guy\u201d rippers. They are easy to get up on and assured to provide hours of fun waterskiing.","breadcrumb":{"@id":"https:\/\/www.waterskis.lv\/en\/product\/combo-waterskis-connelly-big-easy\/#breadcrumb"},"inLanguage":"en-US","potentialAction":[{"@type":"ReadAction","target":["https:\/\/www.waterskis.lv\/en\/product\/combo-waterskis-connelly-big-easy\/"]}]},{"@type":"ImageObject","inLanguage":"en-US","@id":"https:\/\/www.waterskis.lv\/en\/product\/combo-waterskis-connelly-big-easy\/#primaryimage","url":"https:\/\/www.waterskis.lv\/wp-content\/uploads\/2024\/12\/CON_25_BigEasy-Combo_Thumb_0a65cb5c-b2d7-4fa8-b211-f53f5e10f35d.webp","contentUrl":"https:\/\/www.waterskis.lv\/wp-content\/uploads\/2024\/12\/CON_25_BigEasy-Combo_Thumb_0a65cb5c-b2d7-4fa8-b211-f53f5e10f35d.webp","width":1500,"height":1500,"caption":"\u016adenssl\u0113pes Connelly Big Easy"},{"@type":"BreadcrumbList","@id":"https:\/\/www.waterskis.lv\/en\/product\/combo-waterskis-connelly-big-easy\/#breadcrumb","itemListElement":[{"@type":"ListItem","position":1,"name":"Home","item":"https:\/\/www.waterskis.lv\/en\/"},{"@type":"ListItem","position":2,"name":"Shop","item":"https:\/\/waterskis.lv\/en\/shop\/"},{"@type":"ListItem","position":3,"name":"Combo Waterskis CONNELLY BIG EASY"}]},{"@type":"WebSite","@id":"https:\/\/www.waterskis.lv\/en\/#website","url":"https:\/\/www.waterskis.lv\/en\/","name":"WATERSKIS.LV","description":"SUP d\u0113\u013ci, kajaki, kanoe, airu laivas, \u016bdenssl\u0113po\u0161ana, veikbords, SUP d\u0113\u013cu noma, kajaku nomaakt\u012bv\u0101s atp\u016btas centrs, laivu noma, sup noma, kajaku noma","publisher":{"@id":"https:\/\/www.waterskis.lv\/en\/#organization"},"potentialAction":[{"@type":"SearchAction","target":{"@type":"EntryPoint","urlTemplate":"https:\/\/www.waterskis.lv\/en\/?s={search_term_string}"},"query-input":{"@type":"PropertyValueSpecification","valueRequired":true,"valueName":"search_term_string"}}],"inLanguage":"en-US"},{"@type":"Organization","@id":"https:\/\/www.waterskis.lv\/en\/#organization","name":"WATERSKIS.LV","url":"https:\/\/www.waterskis.lv\/en\/","logo":{"@type":"ImageObject","inLanguage":"en-US","@id":"https:\/\/www.waterskis.lv\/en\/#\/schema\/logo\/image\/","url":"https:\/\/www.waterskis.lv\/wp-content\/uploads\/2025\/01\/JUVP-logo.png","contentUrl":"https:\/\/www.waterskis.lv\/wp-content\/uploads\/2025\/01\/JUVP-logo.png","width":421,"height":202,"caption":"WATERSKIS.LV"},"image":{"@id":"https:\/\/www.waterskis.lv\/en\/#\/schema\/logo\/image\/"},"sameAs":["https:\/\/www.facebook.com\/jurmalawaterskiwakeboardpark\/"]}]}},"_links":{"self":[{"href":"https:\/\/www.waterskis.lv\/en\/wp-json\/wp\/v2\/product\/58939","targetHints":{"allow":["GET"]}}],"collection":[{"href":"https:\/\/www.waterskis.lv\/en\/wp-json\/wp\/v2\/product"}],"about":[{"href":"https:\/\/www.waterskis.lv\/en\/wp-json\/wp\/v2\/types\/product"}],"replies":[{"embeddable":true,"href":"https:\/\/www.waterskis.lv\/en\/wp-json\/wp\/v2\/comments?post=58939"}],"wp:featuredmedia":[{"embeddable":true,"href":"https:\/\/www.waterskis.lv\/en\/wp-json\/wp\/v2\/media\/58934"}],"wp:attachment":[{"href":"https:\/\/www.waterskis.lv\/en\/wp-json\/wp\/v2\/media?parent=58939"}],"wp:term":[{"taxonomy":"product_brand","embeddable":true,"href":"https:\/\/www.waterskis.lv\/en\/wp-json\/wp\/v2\/product_brand?post=58939"},{"taxonomy":"product_cat","embeddable":true,"href":"https:\/\/www.waterskis.lv\/en\/wp-json\/wp\/v2\/product_cat?post=58939"},{"taxonomy":"product_tag","embeddable":true,"href":"https:\/\/www.waterskis.lv\/en\/wp-json\/wp\/v2\/product_tag?post=58939"}],"curies":[{"name":"wp","href":"https:\/\/api.w.org\/{rel}","templated":true}]}}