{"id":59026,"date":"2024-12-12T16:21:59","date_gmt":"2024-12-12T13:21:59","guid":{"rendered":"https:\/\/www.waterskis.lv\/product\/hidrauliskais-laivas-pacelajs-basta-boatlifts-5k51-boat-lift-hydraulic-galvanized-steel-2250kg-130cm\/"},"modified":"2026-03-02T13:18:14","modified_gmt":"2026-03-02T11:18:14","slug":"basta-boatlifts-5k51-boat-lift-hydraulic-galvanized-steel-2250kg-130cmm","status":"publish","type":"product","link":"https:\/\/www.waterskis.lv\/en\/product\/basta-boatlifts-5k51-boat-lift-hydraulic-galvanized-steel-2250kg-130cmm\/","title":{"rendered":"Basta Boatlifts 5K51 Boat Lift &#8211; Hydraulic &#8211; Galvanized Steel &#8211; 2250kg\/ 130cm"},"content":{"rendered":"<h1>Basta Boatlifts 5K51 Boat Lift &#8211; Hydraulic &#8211; Galvanized Steel &#8211; 2250kg\/ 130cm<\/h1>\n<p>Basta Boatlifts 5K51 Boat Lift &#8211; Hydraulic &#8211; Galvanized Steel &#8211; 2250kg\/ 130cm<\/p>\n<h3>Pros and cons<\/h3>\n<div class=\"pros-cons\">\n<ul>\n<li>Single-Cylinder Design<\/li>\n<li>Full Contact Bushings<\/li>\n<li>Chrome Plated Stainless Steel Cylinders<\/li>\n<\/ul>\n<\/div>\n<hr \/>\n<h3>Description<\/h3>\n<h4><strong>Buy your Basta Boatlift Galvanized Steel Hydraulic Boat Lift now @ Waterskis.lv, Your Online Pro Wakeboard Store.<\/strong><\/h4>\n<p>Spend less time launching and more time on the water. Basta Boatlifts\u2019 exclusive aluminum extrusions add toughness precisely where it is needed. For maximum strength to secure your boat and reduce bounce, the 5k free-standing, self-contained boat lift\u2019s sleek aero shape features our patented Over-Center\u2122 gravity locking design with Balanced Load\u2122H-frame technology. Delrin\u00ae Bushings allow pivot points to be tighter and operate more smoothly. High strength polymer construction eliminates metal-to-metal contact reducing electrolysis, extending the life of the boat lift.<\/p>\n<p>The patented load-dispersing clamp strengthens the boat lift where necessary and allows it to be lighter elsewhere. The hand-in-glove fit between the beefy clamp and its rail improves the load transfer for the pivot pins, reducing local stresses. The clamp supporting each pivot pin is bolted instead of welded in place to allow the aluminum rail to retain its maximum strength.<\/p>\n<p>Adjust the height of your lift for changing lake levels or a soft bottom in a snap. Our\u00a0 lifts come with easy-to-adjust gravity latching pins with large handles that swing down to lock securely in place. There are no nuts and bolts to remove and reinstall that can be lost in the water. Large set screws on each leg work as a sway reducer and anti-rattle bolts. Just loosen half a turn and retighten when the lift is in its new position.<\/p>\n<h4><strong>Basta Boatlift PWC Double Hydraulic Specifications<\/strong><\/h4>\n<ul>\n<li>Balanced Load H-Frame Featuring Over-Center Gravity Locking Position<\/li>\n<li>Long-Life environmentally Friendly hydraulic fluid<\/li>\n<li>Attractively-Styled Fiberglass dock box<\/li>\n<li>12-Watt Solar Panel<\/li>\n<li>Two Wireless Remote Key Fobs<\/li>\n<li>Manual Control Switched in Power Box<\/li>\n<li>Duplex-Bonded Synthetic Hydraulic Hoses<\/li>\n<li>Friction reducing bushings at EVERY pivot point<\/li>\n<li>Stainless steel cylinder fittings and hose ends<\/li>\n<li>Stainless Steel Hardware<\/li>\n<li><\/li>\n<li>Lift Capacity 2250kg<\/li>\n<li>Vertical Lift 130cm<\/li>\n<li>Minimum Water Depth 55cm<\/li>\n<li>Standard Leg Length 121cm<\/li>\n<li>Frame Weight 390kg<\/li>\n<li>Mono-Crystal Solar Charger 12 Watt<\/li>\n<li>Remote Control Fobs 2<\/li>\n<li>Aluminium Cylinder 1<\/li>\n<li><\/li>\n<\/ul>\n<h4><strong>Includes<\/strong><\/h4>\n<ul>\n<li>Two Wireless Remote Control Key Fobs<\/li>\n<li>Hydraulic Power Unit with Solar Charging Panel<\/li>\n<li>Full Length Carpeted Bunks<\/li>\n<li>Legs &amp; Feet<\/li>\n<\/ul>\n<h2>Additional Info<\/h2>\n<table id=\"product-attribute-specs-table\" class=\"data-table\">\n<colgroup>\n<col width=\"25%\" \/>\n<col \/><\/colgroup>\n<tbody>\n<tr class=\"first odd\">\n<th class=\"label\">SKU<\/th>\n<td class=\"data last\">A205-5101<\/td>\n<\/tr>\n<tr class=\"even\">\n<th class=\"label\">Child SKU&#8217;s<\/th>\n<td class=\"data last\">N\/A<\/td>\n<\/tr>\n<tr class=\"odd\">\n<th class=\"label\">EAN<\/th>\n<td class=\"data last\">7446245941983<\/td>\n<\/tr>\n<tr class=\"even\">\n<th class=\"label\">Brand<\/th>\n<td class=\"data last\">Basta Boatlifts<\/td>\n<\/tr>\n<tr class=\"odd\">\n<th class=\"label\">Color<\/th>\n<td class=\"data last\">N\/A<\/td>\n<\/tr>\n<tr class=\"even\">\n<th class=\"label\">Size<\/th>\n<td class=\"data last\">5000lbs<\/td>\n<\/tr>\n<tr class=\"odd\">\n<th class=\"label\">Gender<\/th>\n<td class=\"data last\">N\/A<\/td>\n<\/tr>\n<tr class=\"even\">\n<th class=\"label\">Season<\/th>\n<td class=\"data last\">N\/A<\/td>\n<\/tr>\n<tr class=\"odd\">\n<th class=\"label\">type<\/th>\n<td class=\"data last\">Boat Lifts &#8211; Hydraulic<\/td>\n<\/tr>\n<tr class=\"last even\">\n<th class=\"label\">stock status<\/th>\n<td class=\"data last\">Available<\/td>\n<\/tr>\n<\/tbody>\n<\/table>\n<p>&nbsp;<\/p>\n","protected":false},"excerpt":{"rendered":"<p>https:\/\/www.youtube.com\/watch?v=z2SkSzmInBs [&#8230;]<\/p>\n<p><a class=\"btn btn-secondary understrap-read-more-link\" href=\"https:\/\/www.waterskis.lv\/en\/product\/basta-boatlifts-5k51-boat-lift-hydraulic-galvanized-steel-2250kg-130cmm\/\">Read More&#8230;<\/a><\/p>\n","protected":false},"featured_media":59021,"comment_status":"closed","ping_status":"closed","template":"","meta":{"_acf_changed":false,"inline_featured_image":false},"product_brand":[1868],"product_cat":[1197],"product_tag":[3933,3934,3935],"class_list":{"0":"post-59026","1":"product","2":"type-product","3":"status-publish","4":"has-post-thumbnail","6":"product_brand-basta-boatlifts","7":"product_cat-basta-boatlifts","8":"product_tag-basta-boatlifts","9":"product_tag-basta-laivu-pacelaji","10":"product_tag----basta","12":"first","13":"instock","14":"shipping-taxable","15":"purchasable","16":"product-type-simple"},"acf":[],"yoast_head":"<!-- This site is optimized with the Yoast SEO plugin v27.5 - https:\/\/yoast.com\/product\/yoast-seo-wordpress\/ -->\n<title>Basta Boatlifts 5K51 Boat Lift - Hydraulic - Galvanized Steel - 2250kg\/ 130cm - WATERSKIS.LV<\/title>\n<meta name=\"description\" content=\"Basta Boatlifts 5K51 Boat Lift - Hydraulic - Galvanized Steel - 2250kg\/ 130cm. For maximum strength to secure your boat and reduce bounce, the 5k free\" \/>\n<meta name=\"robots\" content=\"index, follow, max-snippet:-1, max-image-preview:large, max-video-preview:-1\" \/>\n<link rel=\"canonical\" href=\"https:\/\/www.waterskis.lv\/en\/product\/basta-boatlifts-5k51-boat-lift-hydraulic-galvanized-steel-2250kg-130cmm\/\" \/>\n<meta property=\"og:locale\" content=\"en_US\" \/>\n<meta property=\"og:type\" content=\"article\" \/>\n<meta property=\"og:title\" content=\"Basta Boatlifts 5K51 Boat Lift - Hydraulic - Galvanized Steel - 2250kg\/ 130cm - WATERSKIS.LV\" \/>\n<meta property=\"og:description\" content=\"Basta Boatlifts 5K51 Boat Lift - Hydraulic - Galvanized Steel - 2250kg\/ 130cm. For maximum strength to secure your boat and reduce bounce, the 5k free\" \/>\n<meta property=\"og:url\" content=\"https:\/\/www.waterskis.lv\/en\/product\/basta-boatlifts-5k51-boat-lift-hydraulic-galvanized-steel-2250kg-130cmm\/\" \/>\n<meta property=\"og:site_name\" content=\"WATERSKIS.LV\" \/>\n<meta property=\"article:publisher\" content=\"https:\/\/www.facebook.com\/jurmalawaterskiwakeboardpark\/\" \/>\n<meta property=\"article:modified_time\" content=\"2026-03-02T11:18:14+00:00\" \/>\n<meta property=\"og:image\" content=\"https:\/\/www.waterskis.lv\/wp-content\/uploads\/2024\/12\/5000lb-capacity-boat-lift-5k36.jpg\" \/>\n\t<meta property=\"og:image:width\" content=\"565\" \/>\n\t<meta property=\"og:image:height\" content=\"565\" \/>\n\t<meta property=\"og:image:type\" content=\"image\/jpeg\" \/>\n<meta name=\"twitter:card\" content=\"summary_large_image\" \/>\n<meta name=\"twitter:label1\" content=\"Est. reading time\" \/>\n\t<meta name=\"twitter:data1\" content=\"3 minutes\" \/>\n<script type=\"application\/ld+json\" class=\"yoast-schema-graph\">{\"@context\":\"https:\\\/\\\/schema.org\",\"@graph\":[{\"@type\":\"WebPage\",\"@id\":\"https:\\\/\\\/www.waterskis.lv\\\/en\\\/product\\\/basta-boatlifts-5k51-boat-lift-hydraulic-galvanized-steel-2250kg-130cmm\\\/\",\"url\":\"https:\\\/\\\/www.waterskis.lv\\\/en\\\/product\\\/basta-boatlifts-5k51-boat-lift-hydraulic-galvanized-steel-2250kg-130cmm\\\/\",\"name\":\"Basta Boatlifts 5K51 Boat Lift - Hydraulic - Galvanized Steel - 2250kg\\\/ 130cm - WATERSKIS.LV\",\"isPartOf\":{\"@id\":\"https:\\\/\\\/www.waterskis.lv\\\/en\\\/#website\"},\"primaryImageOfPage\":{\"@id\":\"https:\\\/\\\/www.waterskis.lv\\\/en\\\/product\\\/basta-boatlifts-5k51-boat-lift-hydraulic-galvanized-steel-2250kg-130cmm\\\/#primaryimage\"},\"image\":{\"@id\":\"https:\\\/\\\/www.waterskis.lv\\\/en\\\/product\\\/basta-boatlifts-5k51-boat-lift-hydraulic-galvanized-steel-2250kg-130cmm\\\/#primaryimage\"},\"thumbnailUrl\":\"https:\\\/\\\/www.waterskis.lv\\\/wp-content\\\/uploads\\\/2024\\\/12\\\/5000lb-capacity-boat-lift-5k36.jpg\",\"datePublished\":\"2024-12-12T13:21:59+00:00\",\"dateModified\":\"2026-03-02T11:18:14+00:00\",\"description\":\"Basta Boatlifts 5K51 Boat Lift - Hydraulic - Galvanized Steel - 2250kg\\\/ 130cm. For maximum strength to secure your boat and reduce bounce, the 5k free\",\"breadcrumb\":{\"@id\":\"https:\\\/\\\/www.waterskis.lv\\\/en\\\/product\\\/basta-boatlifts-5k51-boat-lift-hydraulic-galvanized-steel-2250kg-130cmm\\\/#breadcrumb\"},\"inLanguage\":\"en-US\",\"potentialAction\":[{\"@type\":\"ReadAction\",\"target\":[\"https:\\\/\\\/www.waterskis.lv\\\/en\\\/product\\\/basta-boatlifts-5k51-boat-lift-hydraulic-galvanized-steel-2250kg-130cmm\\\/\"]}]},{\"@type\":\"ImageObject\",\"inLanguage\":\"en-US\",\"@id\":\"https:\\\/\\\/www.waterskis.lv\\\/en\\\/product\\\/basta-boatlifts-5k51-boat-lift-hydraulic-galvanized-steel-2250kg-130cmm\\\/#primaryimage\",\"url\":\"https:\\\/\\\/www.waterskis.lv\\\/wp-content\\\/uploads\\\/2024\\\/12\\\/5000lb-capacity-boat-lift-5k36.jpg\",\"contentUrl\":\"https:\\\/\\\/www.waterskis.lv\\\/wp-content\\\/uploads\\\/2024\\\/12\\\/5000lb-capacity-boat-lift-5k36.jpg\",\"width\":565,\"height\":565,\"caption\":\"Hidrauliskais laivas pac\u0113l\u0101js Basta Boatlifts 5K51 Boat Lift - Hydraulic - Galvanized Steel - 2250kg\\\/ 130cm\"},{\"@type\":\"BreadcrumbList\",\"@id\":\"https:\\\/\\\/www.waterskis.lv\\\/en\\\/product\\\/basta-boatlifts-5k51-boat-lift-hydraulic-galvanized-steel-2250kg-130cmm\\\/#breadcrumb\",\"itemListElement\":[{\"@type\":\"ListItem\",\"position\":1,\"name\":\"Home\",\"item\":\"https:\\\/\\\/www.waterskis.lv\\\/en\\\/\"},{\"@type\":\"ListItem\",\"position\":2,\"name\":\"Shop\",\"item\":\"https:\\\/\\\/waterskis.lv\\\/en\\\/shop\\\/\"},{\"@type\":\"ListItem\",\"position\":3,\"name\":\"Basta Boatlifts 5K51 Boat Lift &#8211; Hydraulic &#8211; Galvanized Steel &#8211; 2250kg\\\/ 130cm\"}]},{\"@type\":\"WebSite\",\"@id\":\"https:\\\/\\\/www.waterskis.lv\\\/en\\\/#website\",\"url\":\"https:\\\/\\\/www.waterskis.lv\\\/en\\\/\",\"name\":\"WATERSKIS.LV\",\"description\":\"SUP d\u0113\u013ci, kajaki, kanoe, airu laivas, \u016bdenssl\u0113po\u0161ana, veikbords, SUP d\u0113\u013cu noma, kajaku nomaakt\u012bv\u0101s atp\u016btas centrs, laivu noma, sup noma, kajaku noma\",\"publisher\":{\"@id\":\"https:\\\/\\\/www.waterskis.lv\\\/en\\\/#organization\"},\"potentialAction\":[{\"@type\":\"SearchAction\",\"target\":{\"@type\":\"EntryPoint\",\"urlTemplate\":\"https:\\\/\\\/www.waterskis.lv\\\/en\\\/?s={search_term_string}\"},\"query-input\":{\"@type\":\"PropertyValueSpecification\",\"valueRequired\":true,\"valueName\":\"search_term_string\"}}],\"inLanguage\":\"en-US\"},{\"@type\":\"Organization\",\"@id\":\"https:\\\/\\\/www.waterskis.lv\\\/en\\\/#organization\",\"name\":\"WATERSKIS.LV\",\"url\":\"https:\\\/\\\/www.waterskis.lv\\\/en\\\/\",\"logo\":{\"@type\":\"ImageObject\",\"inLanguage\":\"en-US\",\"@id\":\"https:\\\/\\\/www.waterskis.lv\\\/en\\\/#\\\/schema\\\/logo\\\/image\\\/\",\"url\":\"https:\\\/\\\/www.waterskis.lv\\\/wp-content\\\/uploads\\\/2025\\\/01\\\/JUVP-logo.png\",\"contentUrl\":\"https:\\\/\\\/www.waterskis.lv\\\/wp-content\\\/uploads\\\/2025\\\/01\\\/JUVP-logo.png\",\"width\":421,\"height\":202,\"caption\":\"WATERSKIS.LV\"},\"image\":{\"@id\":\"https:\\\/\\\/www.waterskis.lv\\\/en\\\/#\\\/schema\\\/logo\\\/image\\\/\"},\"sameAs\":[\"https:\\\/\\\/www.facebook.com\\\/jurmalawaterskiwakeboardpark\\\/\"]}]}<\/script>\n<!-- \/ Yoast SEO plugin. -->","yoast_head_json":{"title":"Basta Boatlifts 5K51 Boat Lift - Hydraulic - Galvanized Steel - 2250kg\/ 130cm - WATERSKIS.LV","description":"Basta Boatlifts 5K51 Boat Lift - Hydraulic - Galvanized Steel - 2250kg\/ 130cm. For maximum strength to secure your boat and reduce bounce, the 5k free","robots":{"index":"index","follow":"follow","max-snippet":"max-snippet:-1","max-image-preview":"max-image-preview:large","max-video-preview":"max-video-preview:-1"},"canonical":"https:\/\/www.waterskis.lv\/en\/product\/basta-boatlifts-5k51-boat-lift-hydraulic-galvanized-steel-2250kg-130cmm\/","og_locale":"en_US","og_type":"article","og_title":"Basta Boatlifts 5K51 Boat Lift - Hydraulic - Galvanized Steel - 2250kg\/ 130cm - WATERSKIS.LV","og_description":"Basta Boatlifts 5K51 Boat Lift - Hydraulic - Galvanized Steel - 2250kg\/ 130cm. For maximum strength to secure your boat and reduce bounce, the 5k free","og_url":"https:\/\/www.waterskis.lv\/en\/product\/basta-boatlifts-5k51-boat-lift-hydraulic-galvanized-steel-2250kg-130cmm\/","og_site_name":"WATERSKIS.LV","article_publisher":"https:\/\/www.facebook.com\/jurmalawaterskiwakeboardpark\/","article_modified_time":"2026-03-02T11:18:14+00:00","og_image":[{"width":565,"height":565,"url":"https:\/\/www.waterskis.lv\/wp-content\/uploads\/2024\/12\/5000lb-capacity-boat-lift-5k36.jpg","type":"image\/jpeg"}],"twitter_card":"summary_large_image","twitter_misc":{"Est. reading time":"3 minutes"},"schema":{"@context":"https:\/\/schema.org","@graph":[{"@type":"WebPage","@id":"https:\/\/www.waterskis.lv\/en\/product\/basta-boatlifts-5k51-boat-lift-hydraulic-galvanized-steel-2250kg-130cmm\/","url":"https:\/\/www.waterskis.lv\/en\/product\/basta-boatlifts-5k51-boat-lift-hydraulic-galvanized-steel-2250kg-130cmm\/","name":"Basta Boatlifts 5K51 Boat Lift - Hydraulic - Galvanized Steel - 2250kg\/ 130cm - WATERSKIS.LV","isPartOf":{"@id":"https:\/\/www.waterskis.lv\/en\/#website"},"primaryImageOfPage":{"@id":"https:\/\/www.waterskis.lv\/en\/product\/basta-boatlifts-5k51-boat-lift-hydraulic-galvanized-steel-2250kg-130cmm\/#primaryimage"},"image":{"@id":"https:\/\/www.waterskis.lv\/en\/product\/basta-boatlifts-5k51-boat-lift-hydraulic-galvanized-steel-2250kg-130cmm\/#primaryimage"},"thumbnailUrl":"https:\/\/www.waterskis.lv\/wp-content\/uploads\/2024\/12\/5000lb-capacity-boat-lift-5k36.jpg","datePublished":"2024-12-12T13:21:59+00:00","dateModified":"2026-03-02T11:18:14+00:00","description":"Basta Boatlifts 5K51 Boat Lift - Hydraulic - Galvanized Steel - 2250kg\/ 130cm. For maximum strength to secure your boat and reduce bounce, the 5k free","breadcrumb":{"@id":"https:\/\/www.waterskis.lv\/en\/product\/basta-boatlifts-5k51-boat-lift-hydraulic-galvanized-steel-2250kg-130cmm\/#breadcrumb"},"inLanguage":"en-US","potentialAction":[{"@type":"ReadAction","target":["https:\/\/www.waterskis.lv\/en\/product\/basta-boatlifts-5k51-boat-lift-hydraulic-galvanized-steel-2250kg-130cmm\/"]}]},{"@type":"ImageObject","inLanguage":"en-US","@id":"https:\/\/www.waterskis.lv\/en\/product\/basta-boatlifts-5k51-boat-lift-hydraulic-galvanized-steel-2250kg-130cmm\/#primaryimage","url":"https:\/\/www.waterskis.lv\/wp-content\/uploads\/2024\/12\/5000lb-capacity-boat-lift-5k36.jpg","contentUrl":"https:\/\/www.waterskis.lv\/wp-content\/uploads\/2024\/12\/5000lb-capacity-boat-lift-5k36.jpg","width":565,"height":565,"caption":"Hidrauliskais laivas pac\u0113l\u0101js Basta Boatlifts 5K51 Boat Lift - Hydraulic - Galvanized Steel - 2250kg\/ 130cm"},{"@type":"BreadcrumbList","@id":"https:\/\/www.waterskis.lv\/en\/product\/basta-boatlifts-5k51-boat-lift-hydraulic-galvanized-steel-2250kg-130cmm\/#breadcrumb","itemListElement":[{"@type":"ListItem","position":1,"name":"Home","item":"https:\/\/www.waterskis.lv\/en\/"},{"@type":"ListItem","position":2,"name":"Shop","item":"https:\/\/waterskis.lv\/en\/shop\/"},{"@type":"ListItem","position":3,"name":"Basta Boatlifts 5K51 Boat Lift &#8211; Hydraulic &#8211; Galvanized Steel &#8211; 2250kg\/ 130cm"}]},{"@type":"WebSite","@id":"https:\/\/www.waterskis.lv\/en\/#website","url":"https:\/\/www.waterskis.lv\/en\/","name":"WATERSKIS.LV","description":"SUP d\u0113\u013ci, kajaki, kanoe, airu laivas, \u016bdenssl\u0113po\u0161ana, veikbords, SUP d\u0113\u013cu noma, kajaku nomaakt\u012bv\u0101s atp\u016btas centrs, laivu noma, sup noma, kajaku noma","publisher":{"@id":"https:\/\/www.waterskis.lv\/en\/#organization"},"potentialAction":[{"@type":"SearchAction","target":{"@type":"EntryPoint","urlTemplate":"https:\/\/www.waterskis.lv\/en\/?s={search_term_string}"},"query-input":{"@type":"PropertyValueSpecification","valueRequired":true,"valueName":"search_term_string"}}],"inLanguage":"en-US"},{"@type":"Organization","@id":"https:\/\/www.waterskis.lv\/en\/#organization","name":"WATERSKIS.LV","url":"https:\/\/www.waterskis.lv\/en\/","logo":{"@type":"ImageObject","inLanguage":"en-US","@id":"https:\/\/www.waterskis.lv\/en\/#\/schema\/logo\/image\/","url":"https:\/\/www.waterskis.lv\/wp-content\/uploads\/2025\/01\/JUVP-logo.png","contentUrl":"https:\/\/www.waterskis.lv\/wp-content\/uploads\/2025\/01\/JUVP-logo.png","width":421,"height":202,"caption":"WATERSKIS.LV"},"image":{"@id":"https:\/\/www.waterskis.lv\/en\/#\/schema\/logo\/image\/"},"sameAs":["https:\/\/www.facebook.com\/jurmalawaterskiwakeboardpark\/"]}]}},"_links":{"self":[{"href":"https:\/\/www.waterskis.lv\/en\/wp-json\/wp\/v2\/product\/59026","targetHints":{"allow":["GET"]}}],"collection":[{"href":"https:\/\/www.waterskis.lv\/en\/wp-json\/wp\/v2\/product"}],"about":[{"href":"https:\/\/www.waterskis.lv\/en\/wp-json\/wp\/v2\/types\/product"}],"replies":[{"embeddable":true,"href":"https:\/\/www.waterskis.lv\/en\/wp-json\/wp\/v2\/comments?post=59026"}],"wp:featuredmedia":[{"embeddable":true,"href":"https:\/\/www.waterskis.lv\/en\/wp-json\/wp\/v2\/media\/59021"}],"wp:attachment":[{"href":"https:\/\/www.waterskis.lv\/en\/wp-json\/wp\/v2\/media?parent=59026"}],"wp:term":[{"taxonomy":"product_brand","embeddable":true,"href":"https:\/\/www.waterskis.lv\/en\/wp-json\/wp\/v2\/product_brand?post=59026"},{"taxonomy":"product_cat","embeddable":true,"href":"https:\/\/www.waterskis.lv\/en\/wp-json\/wp\/v2\/product_cat?post=59026"},{"taxonomy":"product_tag","embeddable":true,"href":"https:\/\/www.waterskis.lv\/en\/wp-json\/wp\/v2\/product_tag?post=59026"}],"curies":[{"name":"wp","href":"https:\/\/api.w.org\/{rel}","templated":true}]}}