{"id":59471,"date":"2024-12-22T14:12:02","date_gmt":"2024-12-22T11:12:02","guid":{"rendered":"https:\/\/www.waterskis.lv\/product\/slaloma-virve-x-series-x-stretch\/"},"modified":"2026-01-29T08:37:17","modified_gmt":"2026-01-29T06:37:17","slug":"waterski-slalom-rope-x-series-x-stretch","status":"publish","type":"product","link":"https:\/\/www.waterskis.lv\/en\/product\/waterski-slalom-rope-x-series-x-stretch\/","title":{"rendered":"Waterski slalom rope X Series (X Stretch)"},"content":{"rendered":"<h1>Waterski slalom rope X Series (X Stretch)<\/h1>\n<p>Waterski slalom rope X Series (X Stretch)<\/p>\n<p>Our X Series line is braided with our unique blend of yarns to create the latest innovation in slalom mainllines. This ropes has little to no stretch and is the all time favorite of many pro skiers on the water. It stiff when you want it to be stiff and has a bit more give at the completion of the turn so you come out of the turn at the best possible position.<br \/>\nThis rope is different from others and feels most comfortable from the first time it hits the water.<\/p>\n<p>Slide Loops<br \/>\nLarge opening on the end of all our mainlines for easy handle change.<br \/>\nLast section always comes removable for replacement when worn.<br \/>\nAll of our ropes come tournament ready, with measurement sheet provided.<br \/>\nMeets IWWF Standards<\/p>\n<p>Competition rope<\/p>\n","protected":false},"excerpt":{"rendered":"<p>Stiff competition rope [&#8230;]<\/p>\n<p><a class=\"btn btn-secondary understrap-read-more-link\" href=\"https:\/\/www.waterskis.lv\/en\/product\/waterski-slalom-rope-x-series-x-stretch\/\">Read More&#8230;<\/a><\/p>\n","protected":false},"featured_media":59456,"comment_status":"closed","ping_status":"closed","template":"","meta":{"_acf_changed":false,"inline_featured_image":false},"product_brand":[2556],"product_cat":[1200,561],"product_tag":[3020],"class_list":{"0":"post-59471","1":"product","2":"type-product","3":"status-publish","4":"has-post-thumbnail","6":"product_brand-s-lines","7":"product_cat-s-lines-ropes-handles","8":"product_cat-waterskis","9":"product_tag-waterski-rope","11":"first","12":"instock","13":"shipping-taxable","14":"purchasable","15":"product-type-simple"},"acf":[],"yoast_head":"<!-- This site is optimized with the Yoast SEO plugin v27.5 - https:\/\/yoast.com\/product\/yoast-seo-wordpress\/ -->\n<title>Waterski slalom rope X Series (X Stretch) - WATERSKIS.LV<\/title>\n<meta name=\"description\" content=\"Waterski slalom rope X Series (X Stretch) has little to no stretch and is the all time favorite of many pro skiers on the water. Competition rope\" \/>\n<meta name=\"robots\" content=\"index, follow, max-snippet:-1, max-image-preview:large, max-video-preview:-1\" \/>\n<link rel=\"canonical\" href=\"https:\/\/www.waterskis.lv\/en\/product\/waterski-slalom-rope-x-series-x-stretch\/\" \/>\n<meta property=\"og:locale\" content=\"en_US\" \/>\n<meta property=\"og:type\" content=\"article\" \/>\n<meta property=\"og:title\" content=\"Waterski slalom rope X Series (X Stretch) - WATERSKIS.LV\" \/>\n<meta property=\"og:description\" content=\"Waterski slalom rope X Series (X Stretch) has little to no stretch and is the all time favorite of many pro skiers on the water. Competition rope\" \/>\n<meta property=\"og:url\" content=\"https:\/\/www.waterskis.lv\/en\/product\/waterski-slalom-rope-x-series-x-stretch\/\" \/>\n<meta property=\"og:site_name\" content=\"WATERSKIS.LV\" \/>\n<meta property=\"article:publisher\" content=\"https:\/\/www.facebook.com\/jurmalawaterskiwakeboardpark\/\" \/>\n<meta property=\"article:modified_time\" content=\"2026-01-29T06:37:17+00:00\" \/>\n<meta property=\"og:image\" content=\"https:\/\/www.waterskis.lv\/wp-content\/uploads\/2024\/12\/X_Series_NoLabel_1024x1024.webp\" \/>\n\t<meta property=\"og:image:width\" content=\"1024\" \/>\n\t<meta property=\"og:image:height\" content=\"1024\" \/>\n\t<meta property=\"og:image:type\" content=\"image\/webp\" \/>\n<meta name=\"twitter:card\" content=\"summary_large_image\" \/>\n<meta name=\"twitter:label1\" content=\"Est. reading time\" \/>\n\t<meta name=\"twitter:data1\" content=\"1 minute\" \/>\n<script type=\"application\/ld+json\" class=\"yoast-schema-graph\">{\"@context\":\"https:\\\/\\\/schema.org\",\"@graph\":[{\"@type\":\"WebPage\",\"@id\":\"https:\\\/\\\/www.waterskis.lv\\\/en\\\/product\\\/waterski-slalom-rope-x-series-x-stretch\\\/\",\"url\":\"https:\\\/\\\/www.waterskis.lv\\\/en\\\/product\\\/waterski-slalom-rope-x-series-x-stretch\\\/\",\"name\":\"Waterski slalom rope X Series (X Stretch) - WATERSKIS.LV\",\"isPartOf\":{\"@id\":\"https:\\\/\\\/www.waterskis.lv\\\/en\\\/#website\"},\"primaryImageOfPage\":{\"@id\":\"https:\\\/\\\/www.waterskis.lv\\\/en\\\/product\\\/waterski-slalom-rope-x-series-x-stretch\\\/#primaryimage\"},\"image\":{\"@id\":\"https:\\\/\\\/www.waterskis.lv\\\/en\\\/product\\\/waterski-slalom-rope-x-series-x-stretch\\\/#primaryimage\"},\"thumbnailUrl\":\"https:\\\/\\\/www.waterskis.lv\\\/wp-content\\\/uploads\\\/2024\\\/12\\\/X_Series_NoLabel_1024x1024.webp\",\"datePublished\":\"2024-12-22T11:12:02+00:00\",\"dateModified\":\"2026-01-29T06:37:17+00:00\",\"description\":\"Waterski slalom rope X Series (X Stretch) has little to no stretch and is the all time favorite of many pro skiers on the water. Competition rope\",\"breadcrumb\":{\"@id\":\"https:\\\/\\\/www.waterskis.lv\\\/en\\\/product\\\/waterski-slalom-rope-x-series-x-stretch\\\/#breadcrumb\"},\"inLanguage\":\"en-US\",\"potentialAction\":[{\"@type\":\"ReadAction\",\"target\":[\"https:\\\/\\\/www.waterskis.lv\\\/en\\\/product\\\/waterski-slalom-rope-x-series-x-stretch\\\/\"]}]},{\"@type\":\"ImageObject\",\"inLanguage\":\"en-US\",\"@id\":\"https:\\\/\\\/www.waterskis.lv\\\/en\\\/product\\\/waterski-slalom-rope-x-series-x-stretch\\\/#primaryimage\",\"url\":\"https:\\\/\\\/www.waterskis.lv\\\/wp-content\\\/uploads\\\/2024\\\/12\\\/X_Series_NoLabel_1024x1024.webp\",\"contentUrl\":\"https:\\\/\\\/www.waterskis.lv\\\/wp-content\\\/uploads\\\/2024\\\/12\\\/X_Series_NoLabel_1024x1024.webp\",\"width\":1024,\"height\":1024,\"caption\":\"Slaloma virve X Series (X Stretch) 43' off\\\/ 9.75m\"},{\"@type\":\"BreadcrumbList\",\"@id\":\"https:\\\/\\\/www.waterskis.lv\\\/en\\\/product\\\/waterski-slalom-rope-x-series-x-stretch\\\/#breadcrumb\",\"itemListElement\":[{\"@type\":\"ListItem\",\"position\":1,\"name\":\"Home\",\"item\":\"https:\\\/\\\/www.waterskis.lv\\\/en\\\/\"},{\"@type\":\"ListItem\",\"position\":2,\"name\":\"Shop\",\"item\":\"https:\\\/\\\/waterskis.lv\\\/en\\\/shop\\\/\"},{\"@type\":\"ListItem\",\"position\":3,\"name\":\"Waterski slalom rope X Series (X Stretch)\"}]},{\"@type\":\"WebSite\",\"@id\":\"https:\\\/\\\/www.waterskis.lv\\\/en\\\/#website\",\"url\":\"https:\\\/\\\/www.waterskis.lv\\\/en\\\/\",\"name\":\"WATERSKIS.LV\",\"description\":\"SUP d\u0113\u013ci, kajaki, kanoe, airu laivas, \u016bdenssl\u0113po\u0161ana, veikbords, SUP d\u0113\u013cu noma, kajaku nomaakt\u012bv\u0101s atp\u016btas centrs, laivu noma, sup noma, kajaku noma\",\"publisher\":{\"@id\":\"https:\\\/\\\/www.waterskis.lv\\\/en\\\/#organization\"},\"potentialAction\":[{\"@type\":\"SearchAction\",\"target\":{\"@type\":\"EntryPoint\",\"urlTemplate\":\"https:\\\/\\\/www.waterskis.lv\\\/en\\\/?s={search_term_string}\"},\"query-input\":{\"@type\":\"PropertyValueSpecification\",\"valueRequired\":true,\"valueName\":\"search_term_string\"}}],\"inLanguage\":\"en-US\"},{\"@type\":\"Organization\",\"@id\":\"https:\\\/\\\/www.waterskis.lv\\\/en\\\/#organization\",\"name\":\"WATERSKIS.LV\",\"url\":\"https:\\\/\\\/www.waterskis.lv\\\/en\\\/\",\"logo\":{\"@type\":\"ImageObject\",\"inLanguage\":\"en-US\",\"@id\":\"https:\\\/\\\/www.waterskis.lv\\\/en\\\/#\\\/schema\\\/logo\\\/image\\\/\",\"url\":\"https:\\\/\\\/www.waterskis.lv\\\/wp-content\\\/uploads\\\/2025\\\/01\\\/JUVP-logo.png\",\"contentUrl\":\"https:\\\/\\\/www.waterskis.lv\\\/wp-content\\\/uploads\\\/2025\\\/01\\\/JUVP-logo.png\",\"width\":421,\"height\":202,\"caption\":\"WATERSKIS.LV\"},\"image\":{\"@id\":\"https:\\\/\\\/www.waterskis.lv\\\/en\\\/#\\\/schema\\\/logo\\\/image\\\/\"},\"sameAs\":[\"https:\\\/\\\/www.facebook.com\\\/jurmalawaterskiwakeboardpark\\\/\"]}]}<\/script>\n<!-- \/ Yoast SEO plugin. -->","yoast_head_json":{"title":"Waterski slalom rope X Series (X Stretch) - WATERSKIS.LV","description":"Waterski slalom rope X Series (X Stretch) has little to no stretch and is the all time favorite of many pro skiers on the water. Competition rope","robots":{"index":"index","follow":"follow","max-snippet":"max-snippet:-1","max-image-preview":"max-image-preview:large","max-video-preview":"max-video-preview:-1"},"canonical":"https:\/\/www.waterskis.lv\/en\/product\/waterski-slalom-rope-x-series-x-stretch\/","og_locale":"en_US","og_type":"article","og_title":"Waterski slalom rope X Series (X Stretch) - WATERSKIS.LV","og_description":"Waterski slalom rope X Series (X Stretch) has little to no stretch and is the all time favorite of many pro skiers on the water. Competition rope","og_url":"https:\/\/www.waterskis.lv\/en\/product\/waterski-slalom-rope-x-series-x-stretch\/","og_site_name":"WATERSKIS.LV","article_publisher":"https:\/\/www.facebook.com\/jurmalawaterskiwakeboardpark\/","article_modified_time":"2026-01-29T06:37:17+00:00","og_image":[{"width":1024,"height":1024,"url":"https:\/\/www.waterskis.lv\/wp-content\/uploads\/2024\/12\/X_Series_NoLabel_1024x1024.webp","type":"image\/webp"}],"twitter_card":"summary_large_image","twitter_misc":{"Est. reading time":"1 minute"},"schema":{"@context":"https:\/\/schema.org","@graph":[{"@type":"WebPage","@id":"https:\/\/www.waterskis.lv\/en\/product\/waterski-slalom-rope-x-series-x-stretch\/","url":"https:\/\/www.waterskis.lv\/en\/product\/waterski-slalom-rope-x-series-x-stretch\/","name":"Waterski slalom rope X Series (X Stretch) - WATERSKIS.LV","isPartOf":{"@id":"https:\/\/www.waterskis.lv\/en\/#website"},"primaryImageOfPage":{"@id":"https:\/\/www.waterskis.lv\/en\/product\/waterski-slalom-rope-x-series-x-stretch\/#primaryimage"},"image":{"@id":"https:\/\/www.waterskis.lv\/en\/product\/waterski-slalom-rope-x-series-x-stretch\/#primaryimage"},"thumbnailUrl":"https:\/\/www.waterskis.lv\/wp-content\/uploads\/2024\/12\/X_Series_NoLabel_1024x1024.webp","datePublished":"2024-12-22T11:12:02+00:00","dateModified":"2026-01-29T06:37:17+00:00","description":"Waterski slalom rope X Series (X Stretch) has little to no stretch and is the all time favorite of many pro skiers on the water. Competition rope","breadcrumb":{"@id":"https:\/\/www.waterskis.lv\/en\/product\/waterski-slalom-rope-x-series-x-stretch\/#breadcrumb"},"inLanguage":"en-US","potentialAction":[{"@type":"ReadAction","target":["https:\/\/www.waterskis.lv\/en\/product\/waterski-slalom-rope-x-series-x-stretch\/"]}]},{"@type":"ImageObject","inLanguage":"en-US","@id":"https:\/\/www.waterskis.lv\/en\/product\/waterski-slalom-rope-x-series-x-stretch\/#primaryimage","url":"https:\/\/www.waterskis.lv\/wp-content\/uploads\/2024\/12\/X_Series_NoLabel_1024x1024.webp","contentUrl":"https:\/\/www.waterskis.lv\/wp-content\/uploads\/2024\/12\/X_Series_NoLabel_1024x1024.webp","width":1024,"height":1024,"caption":"Slaloma virve X Series (X Stretch) 43' off\/ 9.75m"},{"@type":"BreadcrumbList","@id":"https:\/\/www.waterskis.lv\/en\/product\/waterski-slalom-rope-x-series-x-stretch\/#breadcrumb","itemListElement":[{"@type":"ListItem","position":1,"name":"Home","item":"https:\/\/www.waterskis.lv\/en\/"},{"@type":"ListItem","position":2,"name":"Shop","item":"https:\/\/waterskis.lv\/en\/shop\/"},{"@type":"ListItem","position":3,"name":"Waterski slalom rope X Series (X Stretch)"}]},{"@type":"WebSite","@id":"https:\/\/www.waterskis.lv\/en\/#website","url":"https:\/\/www.waterskis.lv\/en\/","name":"WATERSKIS.LV","description":"SUP d\u0113\u013ci, kajaki, kanoe, airu laivas, \u016bdenssl\u0113po\u0161ana, veikbords, SUP d\u0113\u013cu noma, kajaku nomaakt\u012bv\u0101s atp\u016btas centrs, laivu noma, sup noma, kajaku noma","publisher":{"@id":"https:\/\/www.waterskis.lv\/en\/#organization"},"potentialAction":[{"@type":"SearchAction","target":{"@type":"EntryPoint","urlTemplate":"https:\/\/www.waterskis.lv\/en\/?s={search_term_string}"},"query-input":{"@type":"PropertyValueSpecification","valueRequired":true,"valueName":"search_term_string"}}],"inLanguage":"en-US"},{"@type":"Organization","@id":"https:\/\/www.waterskis.lv\/en\/#organization","name":"WATERSKIS.LV","url":"https:\/\/www.waterskis.lv\/en\/","logo":{"@type":"ImageObject","inLanguage":"en-US","@id":"https:\/\/www.waterskis.lv\/en\/#\/schema\/logo\/image\/","url":"https:\/\/www.waterskis.lv\/wp-content\/uploads\/2025\/01\/JUVP-logo.png","contentUrl":"https:\/\/www.waterskis.lv\/wp-content\/uploads\/2025\/01\/JUVP-logo.png","width":421,"height":202,"caption":"WATERSKIS.LV"},"image":{"@id":"https:\/\/www.waterskis.lv\/en\/#\/schema\/logo\/image\/"},"sameAs":["https:\/\/www.facebook.com\/jurmalawaterskiwakeboardpark\/"]}]}},"_links":{"self":[{"href":"https:\/\/www.waterskis.lv\/en\/wp-json\/wp\/v2\/product\/59471","targetHints":{"allow":["GET"]}}],"collection":[{"href":"https:\/\/www.waterskis.lv\/en\/wp-json\/wp\/v2\/product"}],"about":[{"href":"https:\/\/www.waterskis.lv\/en\/wp-json\/wp\/v2\/types\/product"}],"replies":[{"embeddable":true,"href":"https:\/\/www.waterskis.lv\/en\/wp-json\/wp\/v2\/comments?post=59471"}],"wp:featuredmedia":[{"embeddable":true,"href":"https:\/\/www.waterskis.lv\/en\/wp-json\/wp\/v2\/media\/59456"}],"wp:attachment":[{"href":"https:\/\/www.waterskis.lv\/en\/wp-json\/wp\/v2\/media?parent=59471"}],"wp:term":[{"taxonomy":"product_brand","embeddable":true,"href":"https:\/\/www.waterskis.lv\/en\/wp-json\/wp\/v2\/product_brand?post=59471"},{"taxonomy":"product_cat","embeddable":true,"href":"https:\/\/www.waterskis.lv\/en\/wp-json\/wp\/v2\/product_cat?post=59471"},{"taxonomy":"product_tag","embeddable":true,"href":"https:\/\/www.waterskis.lv\/en\/wp-json\/wp\/v2\/product_tag?post=59471"}],"curies":[{"name":"wp","href":"https:\/\/api.w.org\/{rel}","templated":true}]}}