{"id":59506,"date":"2024-12-22T18:01:43","date_gmt":"2024-12-22T15:01:43","guid":{"rendered":"https:\/\/www.waterskis.lv\/product\/sacensibu-serijas-s-lines-slaloma-virve-videja-elestiba\/"},"modified":"2026-01-29T08:36:02","modified_gmt":"2026-01-29T06:36:02","slug":"competition-series-medium-stretch-s-lines-slalom-rope","status":"publish","type":"product","link":"https:\/\/www.waterskis.lv\/en\/product\/competition-series-medium-stretch-s-lines-slalom-rope\/","title":{"rendered":"Competition Series (Medium stretch) S-Lines slalom rope"},"content":{"rendered":"<h1>Competition Series (Medium stretch) S-Lines slalom rope<\/h1>\n<p>Competition Series (Medium stretch) S-Lines slalom rope<\/p>\n<p>\u201cThe Competition Serries Slalom Line is our first slalom rope that we made and approved for use. After a year of testing different yarn formulas with our supplier this is the result. A slalom rope with a consistent mild stretch that allows skiers to keep and build speed out of the turn.<\/p>\n<p>Our Competition Series is our rope with a medium stretch. This is our reccomended rope for the widest range of skiers due to its stiffness to stretch ratio.<\/p>\n<p>Slide Loops<br \/>\nLarge opening on the end of all our mainlines for easy handle change.<br \/>\nLast section always comes removable for replacement when worn.<br \/>\nAll of our ropes come tournament ready, with measurement sheet provided.<br \/>\nMeets IWWF Standards\u201d<\/p>\n","protected":false},"excerpt":{"rendered":"<p>This is our reccomended rope for the widest range of skiers due to its stiffness to stretch ratio. [&#8230;]<\/p>\n<p><a class=\"btn btn-secondary understrap-read-more-link\" href=\"https:\/\/www.waterskis.lv\/en\/product\/competition-series-medium-stretch-s-lines-slalom-rope\/\">Read More&#8230;<\/a><\/p>\n","protected":false},"featured_media":59504,"comment_status":"closed","ping_status":"closed","template":"","meta":{"_acf_changed":false,"inline_featured_image":false},"product_brand":[2556],"product_cat":[1200,561],"product_tag":[3020],"class_list":{"0":"post-59506","1":"product","2":"type-product","3":"status-publish","4":"has-post-thumbnail","6":"product_brand-s-lines","7":"product_cat-s-lines-ropes-handles","8":"product_cat-waterskis","9":"product_tag-waterski-rope","11":"first","12":"instock","13":"shipping-taxable","14":"purchasable","15":"product-type-simple"},"acf":[],"yoast_head":"<!-- This site is optimized with the Yoast SEO plugin v27.5 - https:\/\/yoast.com\/product\/yoast-seo-wordpress\/ -->\n<title>Competition Series (Medium stretch) S-Lines slalom rope - WATERSKIS.LV<\/title>\n<meta name=\"description\" content=\"Competition Series (Medium stretch) S-Lines slalom rope. This is our reccomended rope for the widest range of skiers due to its stiffness to stretch ratio\" \/>\n<meta name=\"robots\" content=\"index, follow, max-snippet:-1, max-image-preview:large, max-video-preview:-1\" \/>\n<link rel=\"canonical\" href=\"https:\/\/www.waterskis.lv\/en\/product\/competition-series-medium-stretch-s-lines-slalom-rope\/\" \/>\n<meta property=\"og:locale\" content=\"en_US\" \/>\n<meta property=\"og:type\" content=\"article\" \/>\n<meta property=\"og:title\" content=\"Competition Series (Medium stretch) S-Lines slalom rope - WATERSKIS.LV\" \/>\n<meta property=\"og:description\" content=\"Competition Series (Medium stretch) S-Lines slalom rope. This is our reccomended rope for the widest range of skiers due to its stiffness to stretch ratio\" \/>\n<meta property=\"og:url\" content=\"https:\/\/www.waterskis.lv\/en\/product\/competition-series-medium-stretch-s-lines-slalom-rope\/\" \/>\n<meta property=\"og:site_name\" content=\"WATERSKIS.LV\" \/>\n<meta property=\"article:publisher\" content=\"https:\/\/www.facebook.com\/jurmalawaterskiwakeboardpark\/\" \/>\n<meta property=\"article:modified_time\" content=\"2026-01-29T06:36:02+00:00\" \/>\n<meta property=\"og:image\" content=\"https:\/\/www.waterskis.lv\/wp-content\/uploads\/2024\/12\/COMP-SOLID-COLORS-WITH-GREY-MAINLINE-TOP.jpg\" \/>\n\t<meta property=\"og:image:width\" content=\"1000\" \/>\n\t<meta property=\"og:image:height\" content=\"1000\" \/>\n\t<meta property=\"og:image:type\" content=\"image\/jpeg\" \/>\n<meta name=\"twitter:card\" content=\"summary_large_image\" \/>\n<meta name=\"twitter:label1\" content=\"Est. reading time\" \/>\n\t<meta name=\"twitter:data1\" content=\"1 minute\" \/>\n<script type=\"application\/ld+json\" class=\"yoast-schema-graph\">{\"@context\":\"https:\\\/\\\/schema.org\",\"@graph\":[{\"@type\":\"WebPage\",\"@id\":\"https:\\\/\\\/www.waterskis.lv\\\/en\\\/product\\\/competition-series-medium-stretch-s-lines-slalom-rope\\\/\",\"url\":\"https:\\\/\\\/www.waterskis.lv\\\/en\\\/product\\\/competition-series-medium-stretch-s-lines-slalom-rope\\\/\",\"name\":\"Competition Series (Medium stretch) S-Lines slalom rope - WATERSKIS.LV\",\"isPartOf\":{\"@id\":\"https:\\\/\\\/www.waterskis.lv\\\/en\\\/#website\"},\"primaryImageOfPage\":{\"@id\":\"https:\\\/\\\/www.waterskis.lv\\\/en\\\/product\\\/competition-series-medium-stretch-s-lines-slalom-rope\\\/#primaryimage\"},\"image\":{\"@id\":\"https:\\\/\\\/www.waterskis.lv\\\/en\\\/product\\\/competition-series-medium-stretch-s-lines-slalom-rope\\\/#primaryimage\"},\"thumbnailUrl\":\"https:\\\/\\\/www.waterskis.lv\\\/wp-content\\\/uploads\\\/2024\\\/12\\\/COMP-SOLID-COLORS-WITH-GREY-MAINLINE-TOP.jpg\",\"datePublished\":\"2024-12-22T15:01:43+00:00\",\"dateModified\":\"2026-01-29T06:36:02+00:00\",\"description\":\"Competition Series (Medium stretch) S-Lines slalom rope. This is our reccomended rope for the widest range of skiers due to its stiffness to stretch ratio\",\"breadcrumb\":{\"@id\":\"https:\\\/\\\/www.waterskis.lv\\\/en\\\/product\\\/competition-series-medium-stretch-s-lines-slalom-rope\\\/#breadcrumb\"},\"inLanguage\":\"en-US\",\"potentialAction\":[{\"@type\":\"ReadAction\",\"target\":[\"https:\\\/\\\/www.waterskis.lv\\\/en\\\/product\\\/competition-series-medium-stretch-s-lines-slalom-rope\\\/\"]}]},{\"@type\":\"ImageObject\",\"inLanguage\":\"en-US\",\"@id\":\"https:\\\/\\\/www.waterskis.lv\\\/en\\\/product\\\/competition-series-medium-stretch-s-lines-slalom-rope\\\/#primaryimage\",\"url\":\"https:\\\/\\\/www.waterskis.lv\\\/wp-content\\\/uploads\\\/2024\\\/12\\\/COMP-SOLID-COLORS-WITH-GREY-MAINLINE-TOP.jpg\",\"contentUrl\":\"https:\\\/\\\/www.waterskis.lv\\\/wp-content\\\/uploads\\\/2024\\\/12\\\/COMP-SOLID-COLORS-WITH-GREY-MAINLINE-TOP.jpg\",\"width\":1000,\"height\":1000,\"caption\":\"Sacens\u012bbu s\u0113rijas S-Lines slaloma virve (vid\u0113ja elest\u012bba)\"},{\"@type\":\"BreadcrumbList\",\"@id\":\"https:\\\/\\\/www.waterskis.lv\\\/en\\\/product\\\/competition-series-medium-stretch-s-lines-slalom-rope\\\/#breadcrumb\",\"itemListElement\":[{\"@type\":\"ListItem\",\"position\":1,\"name\":\"Home\",\"item\":\"https:\\\/\\\/www.waterskis.lv\\\/en\\\/\"},{\"@type\":\"ListItem\",\"position\":2,\"name\":\"Shop\",\"item\":\"https:\\\/\\\/waterskis.lv\\\/en\\\/shop\\\/\"},{\"@type\":\"ListItem\",\"position\":3,\"name\":\"Competition Series (Medium stretch) S-Lines slalom rope\"}]},{\"@type\":\"WebSite\",\"@id\":\"https:\\\/\\\/www.waterskis.lv\\\/en\\\/#website\",\"url\":\"https:\\\/\\\/www.waterskis.lv\\\/en\\\/\",\"name\":\"WATERSKIS.LV\",\"description\":\"SUP d\u0113\u013ci, kajaki, kanoe, airu laivas, \u016bdenssl\u0113po\u0161ana, veikbords, SUP d\u0113\u013cu noma, kajaku nomaakt\u012bv\u0101s atp\u016btas centrs, laivu noma, sup noma, kajaku noma\",\"publisher\":{\"@id\":\"https:\\\/\\\/www.waterskis.lv\\\/en\\\/#organization\"},\"potentialAction\":[{\"@type\":\"SearchAction\",\"target\":{\"@type\":\"EntryPoint\",\"urlTemplate\":\"https:\\\/\\\/www.waterskis.lv\\\/en\\\/?s={search_term_string}\"},\"query-input\":{\"@type\":\"PropertyValueSpecification\",\"valueRequired\":true,\"valueName\":\"search_term_string\"}}],\"inLanguage\":\"en-US\"},{\"@type\":\"Organization\",\"@id\":\"https:\\\/\\\/www.waterskis.lv\\\/en\\\/#organization\",\"name\":\"WATERSKIS.LV\",\"url\":\"https:\\\/\\\/www.waterskis.lv\\\/en\\\/\",\"logo\":{\"@type\":\"ImageObject\",\"inLanguage\":\"en-US\",\"@id\":\"https:\\\/\\\/www.waterskis.lv\\\/en\\\/#\\\/schema\\\/logo\\\/image\\\/\",\"url\":\"https:\\\/\\\/www.waterskis.lv\\\/wp-content\\\/uploads\\\/2025\\\/01\\\/JUVP-logo.png\",\"contentUrl\":\"https:\\\/\\\/www.waterskis.lv\\\/wp-content\\\/uploads\\\/2025\\\/01\\\/JUVP-logo.png\",\"width\":421,\"height\":202,\"caption\":\"WATERSKIS.LV\"},\"image\":{\"@id\":\"https:\\\/\\\/www.waterskis.lv\\\/en\\\/#\\\/schema\\\/logo\\\/image\\\/\"},\"sameAs\":[\"https:\\\/\\\/www.facebook.com\\\/jurmalawaterskiwakeboardpark\\\/\"]}]}<\/script>\n<!-- \/ Yoast SEO plugin. -->","yoast_head_json":{"title":"Competition Series (Medium stretch) S-Lines slalom rope - WATERSKIS.LV","description":"Competition Series (Medium stretch) S-Lines slalom rope. This is our reccomended rope for the widest range of skiers due to its stiffness to stretch ratio","robots":{"index":"index","follow":"follow","max-snippet":"max-snippet:-1","max-image-preview":"max-image-preview:large","max-video-preview":"max-video-preview:-1"},"canonical":"https:\/\/www.waterskis.lv\/en\/product\/competition-series-medium-stretch-s-lines-slalom-rope\/","og_locale":"en_US","og_type":"article","og_title":"Competition Series (Medium stretch) S-Lines slalom rope - WATERSKIS.LV","og_description":"Competition Series (Medium stretch) S-Lines slalom rope. This is our reccomended rope for the widest range of skiers due to its stiffness to stretch ratio","og_url":"https:\/\/www.waterskis.lv\/en\/product\/competition-series-medium-stretch-s-lines-slalom-rope\/","og_site_name":"WATERSKIS.LV","article_publisher":"https:\/\/www.facebook.com\/jurmalawaterskiwakeboardpark\/","article_modified_time":"2026-01-29T06:36:02+00:00","og_image":[{"width":1000,"height":1000,"url":"https:\/\/www.waterskis.lv\/wp-content\/uploads\/2024\/12\/COMP-SOLID-COLORS-WITH-GREY-MAINLINE-TOP.jpg","type":"image\/jpeg"}],"twitter_card":"summary_large_image","twitter_misc":{"Est. reading time":"1 minute"},"schema":{"@context":"https:\/\/schema.org","@graph":[{"@type":"WebPage","@id":"https:\/\/www.waterskis.lv\/en\/product\/competition-series-medium-stretch-s-lines-slalom-rope\/","url":"https:\/\/www.waterskis.lv\/en\/product\/competition-series-medium-stretch-s-lines-slalom-rope\/","name":"Competition Series (Medium stretch) S-Lines slalom rope - WATERSKIS.LV","isPartOf":{"@id":"https:\/\/www.waterskis.lv\/en\/#website"},"primaryImageOfPage":{"@id":"https:\/\/www.waterskis.lv\/en\/product\/competition-series-medium-stretch-s-lines-slalom-rope\/#primaryimage"},"image":{"@id":"https:\/\/www.waterskis.lv\/en\/product\/competition-series-medium-stretch-s-lines-slalom-rope\/#primaryimage"},"thumbnailUrl":"https:\/\/www.waterskis.lv\/wp-content\/uploads\/2024\/12\/COMP-SOLID-COLORS-WITH-GREY-MAINLINE-TOP.jpg","datePublished":"2024-12-22T15:01:43+00:00","dateModified":"2026-01-29T06:36:02+00:00","description":"Competition Series (Medium stretch) S-Lines slalom rope. This is our reccomended rope for the widest range of skiers due to its stiffness to stretch ratio","breadcrumb":{"@id":"https:\/\/www.waterskis.lv\/en\/product\/competition-series-medium-stretch-s-lines-slalom-rope\/#breadcrumb"},"inLanguage":"en-US","potentialAction":[{"@type":"ReadAction","target":["https:\/\/www.waterskis.lv\/en\/product\/competition-series-medium-stretch-s-lines-slalom-rope\/"]}]},{"@type":"ImageObject","inLanguage":"en-US","@id":"https:\/\/www.waterskis.lv\/en\/product\/competition-series-medium-stretch-s-lines-slalom-rope\/#primaryimage","url":"https:\/\/www.waterskis.lv\/wp-content\/uploads\/2024\/12\/COMP-SOLID-COLORS-WITH-GREY-MAINLINE-TOP.jpg","contentUrl":"https:\/\/www.waterskis.lv\/wp-content\/uploads\/2024\/12\/COMP-SOLID-COLORS-WITH-GREY-MAINLINE-TOP.jpg","width":1000,"height":1000,"caption":"Sacens\u012bbu s\u0113rijas S-Lines slaloma virve (vid\u0113ja elest\u012bba)"},{"@type":"BreadcrumbList","@id":"https:\/\/www.waterskis.lv\/en\/product\/competition-series-medium-stretch-s-lines-slalom-rope\/#breadcrumb","itemListElement":[{"@type":"ListItem","position":1,"name":"Home","item":"https:\/\/www.waterskis.lv\/en\/"},{"@type":"ListItem","position":2,"name":"Shop","item":"https:\/\/waterskis.lv\/en\/shop\/"},{"@type":"ListItem","position":3,"name":"Competition Series (Medium stretch) S-Lines slalom rope"}]},{"@type":"WebSite","@id":"https:\/\/www.waterskis.lv\/en\/#website","url":"https:\/\/www.waterskis.lv\/en\/","name":"WATERSKIS.LV","description":"SUP d\u0113\u013ci, kajaki, kanoe, airu laivas, \u016bdenssl\u0113po\u0161ana, veikbords, SUP d\u0113\u013cu noma, kajaku nomaakt\u012bv\u0101s atp\u016btas centrs, laivu noma, sup noma, kajaku noma","publisher":{"@id":"https:\/\/www.waterskis.lv\/en\/#organization"},"potentialAction":[{"@type":"SearchAction","target":{"@type":"EntryPoint","urlTemplate":"https:\/\/www.waterskis.lv\/en\/?s={search_term_string}"},"query-input":{"@type":"PropertyValueSpecification","valueRequired":true,"valueName":"search_term_string"}}],"inLanguage":"en-US"},{"@type":"Organization","@id":"https:\/\/www.waterskis.lv\/en\/#organization","name":"WATERSKIS.LV","url":"https:\/\/www.waterskis.lv\/en\/","logo":{"@type":"ImageObject","inLanguage":"en-US","@id":"https:\/\/www.waterskis.lv\/en\/#\/schema\/logo\/image\/","url":"https:\/\/www.waterskis.lv\/wp-content\/uploads\/2025\/01\/JUVP-logo.png","contentUrl":"https:\/\/www.waterskis.lv\/wp-content\/uploads\/2025\/01\/JUVP-logo.png","width":421,"height":202,"caption":"WATERSKIS.LV"},"image":{"@id":"https:\/\/www.waterskis.lv\/en\/#\/schema\/logo\/image\/"},"sameAs":["https:\/\/www.facebook.com\/jurmalawaterskiwakeboardpark\/"]}]}},"_links":{"self":[{"href":"https:\/\/www.waterskis.lv\/en\/wp-json\/wp\/v2\/product\/59506","targetHints":{"allow":["GET"]}}],"collection":[{"href":"https:\/\/www.waterskis.lv\/en\/wp-json\/wp\/v2\/product"}],"about":[{"href":"https:\/\/www.waterskis.lv\/en\/wp-json\/wp\/v2\/types\/product"}],"replies":[{"embeddable":true,"href":"https:\/\/www.waterskis.lv\/en\/wp-json\/wp\/v2\/comments?post=59506"}],"wp:featuredmedia":[{"embeddable":true,"href":"https:\/\/www.waterskis.lv\/en\/wp-json\/wp\/v2\/media\/59504"}],"wp:attachment":[{"href":"https:\/\/www.waterskis.lv\/en\/wp-json\/wp\/v2\/media?parent=59506"}],"wp:term":[{"taxonomy":"product_brand","embeddable":true,"href":"https:\/\/www.waterskis.lv\/en\/wp-json\/wp\/v2\/product_brand?post=59506"},{"taxonomy":"product_cat","embeddable":true,"href":"https:\/\/www.waterskis.lv\/en\/wp-json\/wp\/v2\/product_cat?post=59506"},{"taxonomy":"product_tag","embeddable":true,"href":"https:\/\/www.waterskis.lv\/en\/wp-json\/wp\/v2\/product_tag?post=59506"}],"curies":[{"name":"wp","href":"https:\/\/api.w.org\/{rel}","templated":true}]}}