{"id":59560,"date":"2024-12-23T09:31:01","date_gmt":"2024-12-23T06:31:01","guid":{"rendered":"https:\/\/www.waterskis.lv\/product\/s-lines-jauniesu-slaloma-virve-35off-12-m\/"},"modified":"2026-01-29T08:31:24","modified_gmt":"2026-01-29T06:31:24","slug":"s-lines-youth-waterski-slalom-rope-35-off-12-meters","status":"publish","type":"product","link":"https:\/\/www.waterskis.lv\/en\/product\/s-lines-youth-waterski-slalom-rope-35-off-12-meters\/","title":{"rendered":"S-Lines Youth Waterski Slalom Rope 35&#8242; off (12 Meters)"},"content":{"rendered":"<h1>S-Lines Youth Waterski Slalom Rope 35&#8242; off (12 Meters)<\/h1>\n<p>S-Lines Youth Waterski Slalom Rope 35&#8242; off (12 Meters)<\/p>\n<p>Our 5mm Youth Slalom Rope, designed for boys 1 and girls 1 skier is a great lightweight beginner rope.<\/p>\n<p>Shortenings from longline up to 35&#8242; off.<\/p>\n<p>Braided in house from the same yarn as are top slalom ropes.<\/p>\n","protected":false},"excerpt":{"rendered":"<p>Our 5mm Youth Slalom Rope, designed for boys 1 and girls 1 skier is a great lightweight beginner rope. [&#8230;]<\/p>\n<p><a class=\"btn btn-secondary understrap-read-more-link\" href=\"https:\/\/www.waterskis.lv\/en\/product\/s-lines-youth-waterski-slalom-rope-35-off-12-meters\/\">Read More&#8230;<\/a><\/p>\n","protected":false},"featured_media":59558,"comment_status":"closed","ping_status":"closed","template":"","meta":{"_acf_changed":false,"inline_featured_image":false},"product_brand":[2556],"product_cat":[1200,561],"product_tag":[3020],"class_list":{"0":"post-59560","1":"product","2":"type-product","3":"status-publish","4":"has-post-thumbnail","6":"product_brand-s-lines","7":"product_cat-s-lines-ropes-handles","8":"product_cat-waterskis","9":"product_tag-waterski-rope","11":"first","12":"instock","13":"shipping-taxable","14":"purchasable","15":"product-type-simple"},"acf":[],"yoast_head":"<!-- This site is optimized with the Yoast SEO plugin v27.5 - https:\/\/yoast.com\/product\/yoast-seo-wordpress\/ -->\n<title>S-Lines Youth Waterski Slalom Rope 35&#039; off (12 Meters) - WATERSKIS.LV<\/title>\n<meta name=\"description\" content=\"S-Lines Youth Waterski Slalom Rope 35&#039; off (12 Meters). 5mm Youth Slalom Rope, designed for boys 1 and girls 1 skier is a great lightweight beginner rope\" \/>\n<meta name=\"robots\" content=\"index, follow, max-snippet:-1, max-image-preview:large, max-video-preview:-1\" \/>\n<link rel=\"canonical\" href=\"https:\/\/www.waterskis.lv\/en\/product\/s-lines-youth-waterski-slalom-rope-35-off-12-meters\/\" \/>\n<meta property=\"og:locale\" content=\"en_US\" \/>\n<meta property=\"og:type\" content=\"article\" \/>\n<meta property=\"og:title\" content=\"S-Lines Youth Waterski Slalom Rope 35&#039; off (12 Meters) - WATERSKIS.LV\" \/>\n<meta property=\"og:description\" content=\"S-Lines Youth Waterski Slalom Rope 35&#039; off (12 Meters). 5mm Youth Slalom Rope, designed for boys 1 and girls 1 skier is a great lightweight beginner rope\" \/>\n<meta property=\"og:url\" content=\"https:\/\/www.waterskis.lv\/en\/product\/s-lines-youth-waterski-slalom-rope-35-off-12-meters\/\" \/>\n<meta property=\"og:site_name\" content=\"WATERSKIS.LV\" \/>\n<meta property=\"article:publisher\" content=\"https:\/\/www.facebook.com\/jurmalawaterskiwakeboardpark\/\" \/>\n<meta property=\"article:modified_time\" content=\"2026-01-29T06:31:24+00:00\" \/>\n<meta property=\"og:image\" content=\"https:\/\/www.waterskis.lv\/wp-content\/uploads\/2024\/12\/YOUTH-TOP.jpg\" \/>\n\t<meta property=\"og:image:width\" content=\"1000\" \/>\n\t<meta property=\"og:image:height\" content=\"1000\" \/>\n\t<meta property=\"og:image:type\" content=\"image\/jpeg\" \/>\n<meta name=\"twitter:card\" content=\"summary_large_image\" \/>\n<meta name=\"twitter:label1\" content=\"Est. reading time\" \/>\n\t<meta name=\"twitter:data1\" content=\"1 minute\" \/>\n<script type=\"application\/ld+json\" class=\"yoast-schema-graph\">{\"@context\":\"https:\\\/\\\/schema.org\",\"@graph\":[{\"@type\":\"WebPage\",\"@id\":\"https:\\\/\\\/www.waterskis.lv\\\/en\\\/product\\\/s-lines-youth-waterski-slalom-rope-35-off-12-meters\\\/\",\"url\":\"https:\\\/\\\/www.waterskis.lv\\\/en\\\/product\\\/s-lines-youth-waterski-slalom-rope-35-off-12-meters\\\/\",\"name\":\"S-Lines Youth Waterski Slalom Rope 35' off (12 Meters) - WATERSKIS.LV\",\"isPartOf\":{\"@id\":\"https:\\\/\\\/www.waterskis.lv\\\/en\\\/#website\"},\"primaryImageOfPage\":{\"@id\":\"https:\\\/\\\/www.waterskis.lv\\\/en\\\/product\\\/s-lines-youth-waterski-slalom-rope-35-off-12-meters\\\/#primaryimage\"},\"image\":{\"@id\":\"https:\\\/\\\/www.waterskis.lv\\\/en\\\/product\\\/s-lines-youth-waterski-slalom-rope-35-off-12-meters\\\/#primaryimage\"},\"thumbnailUrl\":\"https:\\\/\\\/www.waterskis.lv\\\/wp-content\\\/uploads\\\/2024\\\/12\\\/YOUTH-TOP.jpg\",\"datePublished\":\"2024-12-23T06:31:01+00:00\",\"dateModified\":\"2026-01-29T06:31:24+00:00\",\"description\":\"S-Lines Youth Waterski Slalom Rope 35' off (12 Meters). 5mm Youth Slalom Rope, designed for boys 1 and girls 1 skier is a great lightweight beginner rope\",\"breadcrumb\":{\"@id\":\"https:\\\/\\\/www.waterskis.lv\\\/en\\\/product\\\/s-lines-youth-waterski-slalom-rope-35-off-12-meters\\\/#breadcrumb\"},\"inLanguage\":\"en-US\",\"potentialAction\":[{\"@type\":\"ReadAction\",\"target\":[\"https:\\\/\\\/www.waterskis.lv\\\/en\\\/product\\\/s-lines-youth-waterski-slalom-rope-35-off-12-meters\\\/\"]}]},{\"@type\":\"ImageObject\",\"inLanguage\":\"en-US\",\"@id\":\"https:\\\/\\\/www.waterskis.lv\\\/en\\\/product\\\/s-lines-youth-waterski-slalom-rope-35-off-12-meters\\\/#primaryimage\",\"url\":\"https:\\\/\\\/www.waterskis.lv\\\/wp-content\\\/uploads\\\/2024\\\/12\\\/YOUTH-TOP.jpg\",\"contentUrl\":\"https:\\\/\\\/www.waterskis.lv\\\/wp-content\\\/uploads\\\/2024\\\/12\\\/YOUTH-TOP.jpg\",\"width\":1000,\"height\":1000,\"caption\":\"S-Lines jaunie\u0161u slaloma virve 35'off 12 m\"},{\"@type\":\"BreadcrumbList\",\"@id\":\"https:\\\/\\\/www.waterskis.lv\\\/en\\\/product\\\/s-lines-youth-waterski-slalom-rope-35-off-12-meters\\\/#breadcrumb\",\"itemListElement\":[{\"@type\":\"ListItem\",\"position\":1,\"name\":\"Home\",\"item\":\"https:\\\/\\\/www.waterskis.lv\\\/en\\\/\"},{\"@type\":\"ListItem\",\"position\":2,\"name\":\"Shop\",\"item\":\"https:\\\/\\\/waterskis.lv\\\/en\\\/shop\\\/\"},{\"@type\":\"ListItem\",\"position\":3,\"name\":\"S-Lines Youth Waterski Slalom Rope 35&#8242; off (12 Meters)\"}]},{\"@type\":\"WebSite\",\"@id\":\"https:\\\/\\\/www.waterskis.lv\\\/en\\\/#website\",\"url\":\"https:\\\/\\\/www.waterskis.lv\\\/en\\\/\",\"name\":\"WATERSKIS.LV\",\"description\":\"SUP d\u0113\u013ci, kajaki, kanoe, airu laivas, \u016bdenssl\u0113po\u0161ana, veikbords, SUP d\u0113\u013cu noma, kajaku nomaakt\u012bv\u0101s atp\u016btas centrs, laivu noma, sup noma, kajaku noma\",\"publisher\":{\"@id\":\"https:\\\/\\\/www.waterskis.lv\\\/en\\\/#organization\"},\"potentialAction\":[{\"@type\":\"SearchAction\",\"target\":{\"@type\":\"EntryPoint\",\"urlTemplate\":\"https:\\\/\\\/www.waterskis.lv\\\/en\\\/?s={search_term_string}\"},\"query-input\":{\"@type\":\"PropertyValueSpecification\",\"valueRequired\":true,\"valueName\":\"search_term_string\"}}],\"inLanguage\":\"en-US\"},{\"@type\":\"Organization\",\"@id\":\"https:\\\/\\\/www.waterskis.lv\\\/en\\\/#organization\",\"name\":\"WATERSKIS.LV\",\"url\":\"https:\\\/\\\/www.waterskis.lv\\\/en\\\/\",\"logo\":{\"@type\":\"ImageObject\",\"inLanguage\":\"en-US\",\"@id\":\"https:\\\/\\\/www.waterskis.lv\\\/en\\\/#\\\/schema\\\/logo\\\/image\\\/\",\"url\":\"https:\\\/\\\/www.waterskis.lv\\\/wp-content\\\/uploads\\\/2025\\\/01\\\/JUVP-logo.png\",\"contentUrl\":\"https:\\\/\\\/www.waterskis.lv\\\/wp-content\\\/uploads\\\/2025\\\/01\\\/JUVP-logo.png\",\"width\":421,\"height\":202,\"caption\":\"WATERSKIS.LV\"},\"image\":{\"@id\":\"https:\\\/\\\/www.waterskis.lv\\\/en\\\/#\\\/schema\\\/logo\\\/image\\\/\"},\"sameAs\":[\"https:\\\/\\\/www.facebook.com\\\/jurmalawaterskiwakeboardpark\\\/\"]}]}<\/script>\n<!-- \/ Yoast SEO plugin. -->","yoast_head_json":{"title":"S-Lines Youth Waterski Slalom Rope 35' off (12 Meters) - WATERSKIS.LV","description":"S-Lines Youth Waterski Slalom Rope 35' off (12 Meters). 5mm Youth Slalom Rope, designed for boys 1 and girls 1 skier is a great lightweight beginner rope","robots":{"index":"index","follow":"follow","max-snippet":"max-snippet:-1","max-image-preview":"max-image-preview:large","max-video-preview":"max-video-preview:-1"},"canonical":"https:\/\/www.waterskis.lv\/en\/product\/s-lines-youth-waterski-slalom-rope-35-off-12-meters\/","og_locale":"en_US","og_type":"article","og_title":"S-Lines Youth Waterski Slalom Rope 35' off (12 Meters) - WATERSKIS.LV","og_description":"S-Lines Youth Waterski Slalom Rope 35' off (12 Meters). 5mm Youth Slalom Rope, designed for boys 1 and girls 1 skier is a great lightweight beginner rope","og_url":"https:\/\/www.waterskis.lv\/en\/product\/s-lines-youth-waterski-slalom-rope-35-off-12-meters\/","og_site_name":"WATERSKIS.LV","article_publisher":"https:\/\/www.facebook.com\/jurmalawaterskiwakeboardpark\/","article_modified_time":"2026-01-29T06:31:24+00:00","og_image":[{"width":1000,"height":1000,"url":"https:\/\/www.waterskis.lv\/wp-content\/uploads\/2024\/12\/YOUTH-TOP.jpg","type":"image\/jpeg"}],"twitter_card":"summary_large_image","twitter_misc":{"Est. reading time":"1 minute"},"schema":{"@context":"https:\/\/schema.org","@graph":[{"@type":"WebPage","@id":"https:\/\/www.waterskis.lv\/en\/product\/s-lines-youth-waterski-slalom-rope-35-off-12-meters\/","url":"https:\/\/www.waterskis.lv\/en\/product\/s-lines-youth-waterski-slalom-rope-35-off-12-meters\/","name":"S-Lines Youth Waterski Slalom Rope 35' off (12 Meters) - WATERSKIS.LV","isPartOf":{"@id":"https:\/\/www.waterskis.lv\/en\/#website"},"primaryImageOfPage":{"@id":"https:\/\/www.waterskis.lv\/en\/product\/s-lines-youth-waterski-slalom-rope-35-off-12-meters\/#primaryimage"},"image":{"@id":"https:\/\/www.waterskis.lv\/en\/product\/s-lines-youth-waterski-slalom-rope-35-off-12-meters\/#primaryimage"},"thumbnailUrl":"https:\/\/www.waterskis.lv\/wp-content\/uploads\/2024\/12\/YOUTH-TOP.jpg","datePublished":"2024-12-23T06:31:01+00:00","dateModified":"2026-01-29T06:31:24+00:00","description":"S-Lines Youth Waterski Slalom Rope 35' off (12 Meters). 5mm Youth Slalom Rope, designed for boys 1 and girls 1 skier is a great lightweight beginner rope","breadcrumb":{"@id":"https:\/\/www.waterskis.lv\/en\/product\/s-lines-youth-waterski-slalom-rope-35-off-12-meters\/#breadcrumb"},"inLanguage":"en-US","potentialAction":[{"@type":"ReadAction","target":["https:\/\/www.waterskis.lv\/en\/product\/s-lines-youth-waterski-slalom-rope-35-off-12-meters\/"]}]},{"@type":"ImageObject","inLanguage":"en-US","@id":"https:\/\/www.waterskis.lv\/en\/product\/s-lines-youth-waterski-slalom-rope-35-off-12-meters\/#primaryimage","url":"https:\/\/www.waterskis.lv\/wp-content\/uploads\/2024\/12\/YOUTH-TOP.jpg","contentUrl":"https:\/\/www.waterskis.lv\/wp-content\/uploads\/2024\/12\/YOUTH-TOP.jpg","width":1000,"height":1000,"caption":"S-Lines jaunie\u0161u slaloma virve 35'off 12 m"},{"@type":"BreadcrumbList","@id":"https:\/\/www.waterskis.lv\/en\/product\/s-lines-youth-waterski-slalom-rope-35-off-12-meters\/#breadcrumb","itemListElement":[{"@type":"ListItem","position":1,"name":"Home","item":"https:\/\/www.waterskis.lv\/en\/"},{"@type":"ListItem","position":2,"name":"Shop","item":"https:\/\/waterskis.lv\/en\/shop\/"},{"@type":"ListItem","position":3,"name":"S-Lines Youth Waterski Slalom Rope 35&#8242; off (12 Meters)"}]},{"@type":"WebSite","@id":"https:\/\/www.waterskis.lv\/en\/#website","url":"https:\/\/www.waterskis.lv\/en\/","name":"WATERSKIS.LV","description":"SUP d\u0113\u013ci, kajaki, kanoe, airu laivas, \u016bdenssl\u0113po\u0161ana, veikbords, SUP d\u0113\u013cu noma, kajaku nomaakt\u012bv\u0101s atp\u016btas centrs, laivu noma, sup noma, kajaku noma","publisher":{"@id":"https:\/\/www.waterskis.lv\/en\/#organization"},"potentialAction":[{"@type":"SearchAction","target":{"@type":"EntryPoint","urlTemplate":"https:\/\/www.waterskis.lv\/en\/?s={search_term_string}"},"query-input":{"@type":"PropertyValueSpecification","valueRequired":true,"valueName":"search_term_string"}}],"inLanguage":"en-US"},{"@type":"Organization","@id":"https:\/\/www.waterskis.lv\/en\/#organization","name":"WATERSKIS.LV","url":"https:\/\/www.waterskis.lv\/en\/","logo":{"@type":"ImageObject","inLanguage":"en-US","@id":"https:\/\/www.waterskis.lv\/en\/#\/schema\/logo\/image\/","url":"https:\/\/www.waterskis.lv\/wp-content\/uploads\/2025\/01\/JUVP-logo.png","contentUrl":"https:\/\/www.waterskis.lv\/wp-content\/uploads\/2025\/01\/JUVP-logo.png","width":421,"height":202,"caption":"WATERSKIS.LV"},"image":{"@id":"https:\/\/www.waterskis.lv\/en\/#\/schema\/logo\/image\/"},"sameAs":["https:\/\/www.facebook.com\/jurmalawaterskiwakeboardpark\/"]}]}},"_links":{"self":[{"href":"https:\/\/www.waterskis.lv\/en\/wp-json\/wp\/v2\/product\/59560","targetHints":{"allow":["GET"]}}],"collection":[{"href":"https:\/\/www.waterskis.lv\/en\/wp-json\/wp\/v2\/product"}],"about":[{"href":"https:\/\/www.waterskis.lv\/en\/wp-json\/wp\/v2\/types\/product"}],"replies":[{"embeddable":true,"href":"https:\/\/www.waterskis.lv\/en\/wp-json\/wp\/v2\/comments?post=59560"}],"wp:featuredmedia":[{"embeddable":true,"href":"https:\/\/www.waterskis.lv\/en\/wp-json\/wp\/v2\/media\/59558"}],"wp:attachment":[{"href":"https:\/\/www.waterskis.lv\/en\/wp-json\/wp\/v2\/media?parent=59560"}],"wp:term":[{"taxonomy":"product_brand","embeddable":true,"href":"https:\/\/www.waterskis.lv\/en\/wp-json\/wp\/v2\/product_brand?post=59560"},{"taxonomy":"product_cat","embeddable":true,"href":"https:\/\/www.waterskis.lv\/en\/wp-json\/wp\/v2\/product_cat?post=59560"},{"taxonomy":"product_tag","embeddable":true,"href":"https:\/\/www.waterskis.lv\/en\/wp-json\/wp\/v2\/product_tag?post=59560"}],"curies":[{"name":"wp","href":"https:\/\/api.w.org\/{rel}","templated":true}]}}