{"id":59621,"date":"2024-12-23T10:58:41","date_gmt":"2024-12-23T07:58:41","guid":{"rendered":"https:\/\/www.waterskis.lv\/product\/s-lines-sacensibu-ar-pvc-aizsargats-slaloma-rokturis-taisns\/"},"modified":"2026-01-29T08:27:41","modified_gmt":"2026-01-29T06:27:41","slug":"s-lines-competition-protected-slalom-handle-straight","status":"publish","type":"product","link":"https:\/\/www.waterskis.lv\/en\/product\/s-lines-competition-protected-slalom-handle-straight\/","title":{"rendered":"S-Lines Competition Protected Slalom Handle Straight"},"content":{"rendered":"<p><span style=\"font-size: 2.5rem; background-color: var(--bs-body-bg); color: var(--bs-body-color); font-family: var(--bs-body-font-family); text-align: var(--bs-body-text-align);\">Competition Protected Slalom Handle Straight<\/span><\/p>\n<p>S-Lines Competition Protected Slalom Handle Straight<\/p>\n<section class=\"elementor-section elementor-inner-section elementor-element elementor-element-45be5f1e elementor-section-content-middle elementor-section-boxed elementor-section-height-default elementor-section-height-default\" data-id=\"45be5f1e\" data-element_type=\"section\">\n<div class=\"elementor-container elementor-column-gap-default\">\n<div class=\"elementor-column elementor-col-50 elementor-inner-column elementor-element elementor-element-39c2bc94\" data-id=\"39c2bc94\" data-element_type=\"column\">\n<div class=\"elementor-widget-wrap elementor-element-populated\">\n<div class=\"elementor-element elementor-element-3c96313e elementor-widget elementor-widget-woocommerce-product-title elementor-page-title elementor-widget-heading\" data-id=\"3c96313e\" data-element_type=\"widget\" data-widget_type=\"woocommerce-product-title.default\">\n<div class=\"elementor-widget-container\">\n<p><strong>After testing multiple rubber compounds we have found the right combination of grip and comfort.<\/strong><\/p>\n<p>12&#8243; un 13&#8243;<\/p>\n<p>Diametrs &#8221; : 0.888, 0.940, 1.00, 1.030, 1.062, 1.092, 1.125, 1.183<\/p>\n<p>Black\/Red, Black\/Blue, Black\/Black<\/p>\n<ul>\n<li>Custom made fixtures used for accuracy and consistency.<\/li>\n<li>Clear PVC Rope protection.<\/li>\n<li>8 Diameters to choose from.<\/li>\n<li>Over 40 color options for ropes. You tell us what colors you want. (just add it in the order notes.)<\/li>\n<li>Free cross rope protector on every handle. You protection comes free.<\/li>\n<li>100% made in the USA.<\/li>\n<\/ul>\n<\/div>\n<\/div>\n<\/div>\n<\/div>\n<div class=\"elementor-column elementor-col-50 elementor-inner-column elementor-element elementor-element-7861a81f\" data-id=\"7861a81f\" data-element_type=\"column\">\n<div class=\"elementor-widget-wrap elementor-element-populated\">\n<div class=\"elementor-element elementor-element-681b66db elementor-woo-meta--view-inline elementor-widget elementor-widget-woocommerce-product-meta\" data-id=\"681b66db\" data-element_type=\"widget\" data-widget_type=\"woocommerce-product-meta.default\">\n<div class=\"elementor-widget-container\">\n<div class=\"product_meta\"><span style=\"background-color: var(--bs-body-bg); color: var(--bs-body-color); font-family: var(--bs-body-font-family); font-size: var(--bs-body-font-size); font-weight: var(--bs-body-font-weight); text-align: var(--bs-body-text-align);\">This handle features the same specs as the standard handle, with the addition of clear vinyl tubing at the triangle of your handle. This feature prevents your handle from accelerated wear due to the sharp top edge of the ski cutting the filaments of the rope when getting up out of the water. The vinyl tubing also protects your fingers.<\/span><\/div>\n<\/div>\n<\/div>\n<\/div>\n<\/div>\n<\/div>\n<\/section>\n<div class=\"elementor-element elementor-element-a85a0a1 elementor-widget elementor-widget-woocommerce-product-content\" data-id=\"a85a0a1\" data-element_type=\"widget\" data-widget_type=\"woocommerce-product-content.default\">\n<div class=\"elementor-widget-container\">\n<p>Our unique rubber compound is extremely durable and provides the best grip possible for all compeition and dedicated slalom skeirs.<\/p>\n<p>Our handles are braided in house from our customized low stretch polyethylene yarn and have a high strenght aluminum core.<br \/>\nAll of our handles come tournament ready.<br \/>\nAvailable in 12\u2033\u201d and 13\u2033\u201d.<br \/>\nOpen endcaps to easily inspect your handle on wear and tear.<br \/>\nMeets IWWF Standards.<\/p>\n<p>Leave a note at the checkout when you request a certrain color. We can then check stocklevels.<br \/>\nColors are variable throughout the season and special demands need some time to manufacture.<\/p>\n<\/div>\n<\/div>\n","protected":false},"excerpt":{"rendered":"<p>Price EUR 159 &#8211; 169 [&#8230;]<\/p>\n<p><a class=\"btn btn-secondary understrap-read-more-link\" href=\"https:\/\/www.waterskis.lv\/en\/product\/s-lines-competition-protected-slalom-handle-straight\/\">Read More&#8230;<\/a><\/p>\n","protected":false},"featured_media":59613,"comment_status":"closed","ping_status":"closed","template":"","meta":{"_acf_changed":false,"inline_featured_image":false},"product_brand":[2556],"product_cat":[1200,561],"product_tag":[3018],"class_list":{"0":"post-59621","1":"product","2":"type-product","3":"status-publish","4":"has-post-thumbnail","6":"product_brand-s-lines","7":"product_cat-s-lines-ropes-handles","8":"product_cat-waterskis","9":"product_tag-waterski-handle","11":"first","12":"instock","13":"shipping-taxable","14":"purchasable","15":"product-type-simple"},"acf":[],"yoast_head":"<!-- This site is optimized with the Yoast SEO plugin v27.5 - https:\/\/yoast.com\/product\/yoast-seo-wordpress\/ -->\n<title>S-Lines Competition Protected Slalom Handle Straight - WATERSKIS.LV<\/title>\n<meta name=\"description\" content=\"S-Lines Competition Protected Slalom Handle Straight. Clear PVC Rope protection. 100% made in the USA. Price EUR 159 - 169\" \/>\n<meta name=\"robots\" content=\"index, follow, max-snippet:-1, max-image-preview:large, max-video-preview:-1\" \/>\n<link rel=\"canonical\" href=\"https:\/\/www.waterskis.lv\/en\/product\/s-lines-competition-protected-slalom-handle-straight\/\" \/>\n<meta property=\"og:locale\" content=\"en_US\" \/>\n<meta property=\"og:type\" content=\"article\" \/>\n<meta property=\"og:title\" content=\"S-Lines Competition Protected Slalom Handle Straight - WATERSKIS.LV\" \/>\n<meta property=\"og:description\" content=\"S-Lines Competition Protected Slalom Handle Straight. Clear PVC Rope protection. 100% made in the USA. Price EUR 159 - 169\" \/>\n<meta property=\"og:url\" content=\"https:\/\/www.waterskis.lv\/en\/product\/s-lines-competition-protected-slalom-handle-straight\/\" \/>\n<meta property=\"og:site_name\" content=\"WATERSKIS.LV\" \/>\n<meta property=\"article:publisher\" content=\"https:\/\/www.facebook.com\/jurmalawaterskiwakeboardpark\/\" \/>\n<meta property=\"article:modified_time\" content=\"2026-01-29T06:27:41+00:00\" \/>\n<meta property=\"og:image\" content=\"https:\/\/www.waterskis.lv\/wp-content\/uploads\/2024\/12\/Blue_Plastic_Handle_1024x1024.webp\" \/>\n\t<meta property=\"og:image:width\" content=\"1024\" \/>\n\t<meta property=\"og:image:height\" content=\"1024\" \/>\n\t<meta property=\"og:image:type\" content=\"image\/webp\" \/>\n<meta name=\"twitter:card\" content=\"summary_large_image\" \/>\n<meta name=\"twitter:label1\" content=\"Est. reading time\" \/>\n\t<meta name=\"twitter:data1\" content=\"2 minutes\" \/>\n<script type=\"application\/ld+json\" class=\"yoast-schema-graph\">{\"@context\":\"https:\\\/\\\/schema.org\",\"@graph\":[{\"@type\":\"WebPage\",\"@id\":\"https:\\\/\\\/www.waterskis.lv\\\/en\\\/product\\\/s-lines-competition-protected-slalom-handle-straight\\\/\",\"url\":\"https:\\\/\\\/www.waterskis.lv\\\/en\\\/product\\\/s-lines-competition-protected-slalom-handle-straight\\\/\",\"name\":\"S-Lines Competition Protected Slalom Handle Straight - WATERSKIS.LV\",\"isPartOf\":{\"@id\":\"https:\\\/\\\/www.waterskis.lv\\\/en\\\/#website\"},\"primaryImageOfPage\":{\"@id\":\"https:\\\/\\\/www.waterskis.lv\\\/en\\\/product\\\/s-lines-competition-protected-slalom-handle-straight\\\/#primaryimage\"},\"image\":{\"@id\":\"https:\\\/\\\/www.waterskis.lv\\\/en\\\/product\\\/s-lines-competition-protected-slalom-handle-straight\\\/#primaryimage\"},\"thumbnailUrl\":\"https:\\\/\\\/www.waterskis.lv\\\/wp-content\\\/uploads\\\/2024\\\/12\\\/Blue_Plastic_Handle_1024x1024.webp\",\"datePublished\":\"2024-12-23T07:58:41+00:00\",\"dateModified\":\"2026-01-29T06:27:41+00:00\",\"description\":\"S-Lines Competition Protected Slalom Handle Straight. Clear PVC Rope protection. 100% made in the USA. Price EUR 159 - 169\",\"breadcrumb\":{\"@id\":\"https:\\\/\\\/www.waterskis.lv\\\/en\\\/product\\\/s-lines-competition-protected-slalom-handle-straight\\\/#breadcrumb\"},\"inLanguage\":\"en-US\",\"potentialAction\":[{\"@type\":\"ReadAction\",\"target\":[\"https:\\\/\\\/www.waterskis.lv\\\/en\\\/product\\\/s-lines-competition-protected-slalom-handle-straight\\\/\"]}]},{\"@type\":\"ImageObject\",\"inLanguage\":\"en-US\",\"@id\":\"https:\\\/\\\/www.waterskis.lv\\\/en\\\/product\\\/s-lines-competition-protected-slalom-handle-straight\\\/#primaryimage\",\"url\":\"https:\\\/\\\/www.waterskis.lv\\\/wp-content\\\/uploads\\\/2024\\\/12\\\/Blue_Plastic_Handle_1024x1024.webp\",\"contentUrl\":\"https:\\\/\\\/www.waterskis.lv\\\/wp-content\\\/uploads\\\/2024\\\/12\\\/Blue_Plastic_Handle_1024x1024.webp\",\"width\":1024,\"height\":1024,\"caption\":\"S-Lines sacens\u012bbu ar PVC aizsarg\u0101ts slaloma rokturis taisns\"},{\"@type\":\"BreadcrumbList\",\"@id\":\"https:\\\/\\\/www.waterskis.lv\\\/en\\\/product\\\/s-lines-competition-protected-slalom-handle-straight\\\/#breadcrumb\",\"itemListElement\":[{\"@type\":\"ListItem\",\"position\":1,\"name\":\"Home\",\"item\":\"https:\\\/\\\/www.waterskis.lv\\\/en\\\/\"},{\"@type\":\"ListItem\",\"position\":2,\"name\":\"Shop\",\"item\":\"https:\\\/\\\/waterskis.lv\\\/en\\\/shop\\\/\"},{\"@type\":\"ListItem\",\"position\":3,\"name\":\"S-Lines Competition Protected Slalom Handle Straight\"}]},{\"@type\":\"WebSite\",\"@id\":\"https:\\\/\\\/www.waterskis.lv\\\/en\\\/#website\",\"url\":\"https:\\\/\\\/www.waterskis.lv\\\/en\\\/\",\"name\":\"WATERSKIS.LV\",\"description\":\"SUP d\u0113\u013ci, kajaki, kanoe, airu laivas, \u016bdenssl\u0113po\u0161ana, veikbords, SUP d\u0113\u013cu noma, kajaku nomaakt\u012bv\u0101s atp\u016btas centrs, laivu noma, sup noma, kajaku noma\",\"publisher\":{\"@id\":\"https:\\\/\\\/www.waterskis.lv\\\/en\\\/#organization\"},\"potentialAction\":[{\"@type\":\"SearchAction\",\"target\":{\"@type\":\"EntryPoint\",\"urlTemplate\":\"https:\\\/\\\/www.waterskis.lv\\\/en\\\/?s={search_term_string}\"},\"query-input\":{\"@type\":\"PropertyValueSpecification\",\"valueRequired\":true,\"valueName\":\"search_term_string\"}}],\"inLanguage\":\"en-US\"},{\"@type\":\"Organization\",\"@id\":\"https:\\\/\\\/www.waterskis.lv\\\/en\\\/#organization\",\"name\":\"WATERSKIS.LV\",\"url\":\"https:\\\/\\\/www.waterskis.lv\\\/en\\\/\",\"logo\":{\"@type\":\"ImageObject\",\"inLanguage\":\"en-US\",\"@id\":\"https:\\\/\\\/www.waterskis.lv\\\/en\\\/#\\\/schema\\\/logo\\\/image\\\/\",\"url\":\"https:\\\/\\\/www.waterskis.lv\\\/wp-content\\\/uploads\\\/2025\\\/01\\\/JUVP-logo.png\",\"contentUrl\":\"https:\\\/\\\/www.waterskis.lv\\\/wp-content\\\/uploads\\\/2025\\\/01\\\/JUVP-logo.png\",\"width\":421,\"height\":202,\"caption\":\"WATERSKIS.LV\"},\"image\":{\"@id\":\"https:\\\/\\\/www.waterskis.lv\\\/en\\\/#\\\/schema\\\/logo\\\/image\\\/\"},\"sameAs\":[\"https:\\\/\\\/www.facebook.com\\\/jurmalawaterskiwakeboardpark\\\/\"]}]}<\/script>\n<!-- \/ Yoast SEO plugin. -->","yoast_head_json":{"title":"S-Lines Competition Protected Slalom Handle Straight - WATERSKIS.LV","description":"S-Lines Competition Protected Slalom Handle Straight. Clear PVC Rope protection. 100% made in the USA. Price EUR 159 - 169","robots":{"index":"index","follow":"follow","max-snippet":"max-snippet:-1","max-image-preview":"max-image-preview:large","max-video-preview":"max-video-preview:-1"},"canonical":"https:\/\/www.waterskis.lv\/en\/product\/s-lines-competition-protected-slalom-handle-straight\/","og_locale":"en_US","og_type":"article","og_title":"S-Lines Competition Protected Slalom Handle Straight - WATERSKIS.LV","og_description":"S-Lines Competition Protected Slalom Handle Straight. Clear PVC Rope protection. 100% made in the USA. Price EUR 159 - 169","og_url":"https:\/\/www.waterskis.lv\/en\/product\/s-lines-competition-protected-slalom-handle-straight\/","og_site_name":"WATERSKIS.LV","article_publisher":"https:\/\/www.facebook.com\/jurmalawaterskiwakeboardpark\/","article_modified_time":"2026-01-29T06:27:41+00:00","og_image":[{"width":1024,"height":1024,"url":"https:\/\/www.waterskis.lv\/wp-content\/uploads\/2024\/12\/Blue_Plastic_Handle_1024x1024.webp","type":"image\/webp"}],"twitter_card":"summary_large_image","twitter_misc":{"Est. reading time":"2 minutes"},"schema":{"@context":"https:\/\/schema.org","@graph":[{"@type":"WebPage","@id":"https:\/\/www.waterskis.lv\/en\/product\/s-lines-competition-protected-slalom-handle-straight\/","url":"https:\/\/www.waterskis.lv\/en\/product\/s-lines-competition-protected-slalom-handle-straight\/","name":"S-Lines Competition Protected Slalom Handle Straight - WATERSKIS.LV","isPartOf":{"@id":"https:\/\/www.waterskis.lv\/en\/#website"},"primaryImageOfPage":{"@id":"https:\/\/www.waterskis.lv\/en\/product\/s-lines-competition-protected-slalom-handle-straight\/#primaryimage"},"image":{"@id":"https:\/\/www.waterskis.lv\/en\/product\/s-lines-competition-protected-slalom-handle-straight\/#primaryimage"},"thumbnailUrl":"https:\/\/www.waterskis.lv\/wp-content\/uploads\/2024\/12\/Blue_Plastic_Handle_1024x1024.webp","datePublished":"2024-12-23T07:58:41+00:00","dateModified":"2026-01-29T06:27:41+00:00","description":"S-Lines Competition Protected Slalom Handle Straight. Clear PVC Rope protection. 100% made in the USA. Price EUR 159 - 169","breadcrumb":{"@id":"https:\/\/www.waterskis.lv\/en\/product\/s-lines-competition-protected-slalom-handle-straight\/#breadcrumb"},"inLanguage":"en-US","potentialAction":[{"@type":"ReadAction","target":["https:\/\/www.waterskis.lv\/en\/product\/s-lines-competition-protected-slalom-handle-straight\/"]}]},{"@type":"ImageObject","inLanguage":"en-US","@id":"https:\/\/www.waterskis.lv\/en\/product\/s-lines-competition-protected-slalom-handle-straight\/#primaryimage","url":"https:\/\/www.waterskis.lv\/wp-content\/uploads\/2024\/12\/Blue_Plastic_Handle_1024x1024.webp","contentUrl":"https:\/\/www.waterskis.lv\/wp-content\/uploads\/2024\/12\/Blue_Plastic_Handle_1024x1024.webp","width":1024,"height":1024,"caption":"S-Lines sacens\u012bbu ar PVC aizsarg\u0101ts slaloma rokturis taisns"},{"@type":"BreadcrumbList","@id":"https:\/\/www.waterskis.lv\/en\/product\/s-lines-competition-protected-slalom-handle-straight\/#breadcrumb","itemListElement":[{"@type":"ListItem","position":1,"name":"Home","item":"https:\/\/www.waterskis.lv\/en\/"},{"@type":"ListItem","position":2,"name":"Shop","item":"https:\/\/waterskis.lv\/en\/shop\/"},{"@type":"ListItem","position":3,"name":"S-Lines Competition Protected Slalom Handle Straight"}]},{"@type":"WebSite","@id":"https:\/\/www.waterskis.lv\/en\/#website","url":"https:\/\/www.waterskis.lv\/en\/","name":"WATERSKIS.LV","description":"SUP d\u0113\u013ci, kajaki, kanoe, airu laivas, \u016bdenssl\u0113po\u0161ana, veikbords, SUP d\u0113\u013cu noma, kajaku nomaakt\u012bv\u0101s atp\u016btas centrs, laivu noma, sup noma, kajaku noma","publisher":{"@id":"https:\/\/www.waterskis.lv\/en\/#organization"},"potentialAction":[{"@type":"SearchAction","target":{"@type":"EntryPoint","urlTemplate":"https:\/\/www.waterskis.lv\/en\/?s={search_term_string}"},"query-input":{"@type":"PropertyValueSpecification","valueRequired":true,"valueName":"search_term_string"}}],"inLanguage":"en-US"},{"@type":"Organization","@id":"https:\/\/www.waterskis.lv\/en\/#organization","name":"WATERSKIS.LV","url":"https:\/\/www.waterskis.lv\/en\/","logo":{"@type":"ImageObject","inLanguage":"en-US","@id":"https:\/\/www.waterskis.lv\/en\/#\/schema\/logo\/image\/","url":"https:\/\/www.waterskis.lv\/wp-content\/uploads\/2025\/01\/JUVP-logo.png","contentUrl":"https:\/\/www.waterskis.lv\/wp-content\/uploads\/2025\/01\/JUVP-logo.png","width":421,"height":202,"caption":"WATERSKIS.LV"},"image":{"@id":"https:\/\/www.waterskis.lv\/en\/#\/schema\/logo\/image\/"},"sameAs":["https:\/\/www.facebook.com\/jurmalawaterskiwakeboardpark\/"]}]}},"_links":{"self":[{"href":"https:\/\/www.waterskis.lv\/en\/wp-json\/wp\/v2\/product\/59621","targetHints":{"allow":["GET"]}}],"collection":[{"href":"https:\/\/www.waterskis.lv\/en\/wp-json\/wp\/v2\/product"}],"about":[{"href":"https:\/\/www.waterskis.lv\/en\/wp-json\/wp\/v2\/types\/product"}],"replies":[{"embeddable":true,"href":"https:\/\/www.waterskis.lv\/en\/wp-json\/wp\/v2\/comments?post=59621"}],"wp:featuredmedia":[{"embeddable":true,"href":"https:\/\/www.waterskis.lv\/en\/wp-json\/wp\/v2\/media\/59613"}],"wp:attachment":[{"href":"https:\/\/www.waterskis.lv\/en\/wp-json\/wp\/v2\/media?parent=59621"}],"wp:term":[{"taxonomy":"product_brand","embeddable":true,"href":"https:\/\/www.waterskis.lv\/en\/wp-json\/wp\/v2\/product_brand?post=59621"},{"taxonomy":"product_cat","embeddable":true,"href":"https:\/\/www.waterskis.lv\/en\/wp-json\/wp\/v2\/product_cat?post=59621"},{"taxonomy":"product_tag","embeddable":true,"href":"https:\/\/www.waterskis.lv\/en\/wp-json\/wp\/v2\/product_tag?post=59621"}],"curies":[{"name":"wp","href":"https:\/\/api.w.org\/{rel}","templated":true}]}}