{"id":59937,"date":"2025-01-11T13:39:26","date_gmt":"2025-01-11T10:39:26","guid":{"rendered":"https:\/\/www.waterskis.lv\/product\/slaloma-udensslepe-kd-titanium-carbon-graphite\/"},"modified":"2026-01-28T14:35:58","modified_gmt":"2026-01-28T12:35:58","slug":"kd-titanium-carbon-graphite-slalom-waterski","status":"publish","type":"product","link":"https:\/\/www.waterskis.lv\/en\/product\/kd-titanium-carbon-graphite-slalom-waterski\/","title":{"rendered":"KD Titanium Carbon Graphite Slalom Waterski"},"content":{"rendered":"<h1>KD Titanium Carbon Graphite Slalom Waterski<\/h1>\n<p>KD Titanium Carbon Graphite Slalom Waterski<\/p>\n<p><strong>Made in USA<br \/>\n<\/strong><strong>SIZES: 65\u201d\/66\u2033\/67\u201d\/68\u2033<br \/>\n<\/strong><strong>Blank with Adjustable Fin<\/strong><\/p>\n<p>In development for over 2 years this USA made ski is loaded with features to deliver performance set after set! The all new Titanium tops of the Element series and is loaded with features and performance. We started with our world class Platinum and increased the flat spot under the bindings, thus adding stability and speed.<\/p>\n<p>We moved the tip riser step in the front of the concave towards the tip of the ski to allow the concave to disperse the water a little further forward during the turn whilst still helping raise the tip of the ski should the skiers feel that stalling feeling. The inside edge of the tail bevel has been rounded to allow the ski to roll through the turn a little more smoothly, especially on the gate turn.<\/p>\n<p><strong>Key\u00a0Features:<\/strong><\/p>\n<ul>\n<li>Torsional Flex Zone Tip\u00a0Pattern<\/li>\n<li>Contoured Top<\/li>\n<li>Four Stage Longitudinal Flex Line<\/li>\n<li>PVC\u00a0Ultra Light Weight Core<\/li>\n<li>Turned Down Tip &amp; Tail Sidewalls<\/li>\n<li>100% Carbon Graphite Lay Up<\/li>\n<li>Tip Lifting Rail<\/li>\n<li>Adjustable Tournament Fin System<\/li>\n<li>Competition Foil<\/li>\n<li>Made in the USA<\/li>\n<\/ul>\n","protected":false},"excerpt":{"rendered":"<p>KD Titanium Carbon Graphite Slalom Waterski KD Titanium Carbon Graphite Slalom Waterski Made in USA SIZES: 65\u201d\/66\u2033\/67\u201d\/68\u2033 Blank with Adjustable Fin In development for over 2 years this USA made ski is loaded with features to deliver performance set after set! The all new Titanium tops of the Element series and is loaded with features [&#8230;]<\/p>\n<p><a class=\"btn btn-secondary understrap-read-more-link\" href=\"https:\/\/www.waterskis.lv\/en\/product\/kd-titanium-carbon-graphite-slalom-waterski\/\">Read More&#8230;<\/a><\/p>\n","protected":false},"featured_media":59935,"comment_status":"closed","ping_status":"closed","template":"","meta":{"_acf_changed":false,"inline_featured_image":false},"product_brand":[2390],"product_cat":[1203,563,561],"product_tag":[2986],"class_list":{"0":"post-59937","1":"product","2":"type-product","3":"status-publish","4":"has-post-thumbnail","6":"product_brand-kd-skis","7":"product_cat-kd-waterskis","8":"product_cat-slalom-waterskis","9":"product_cat-waterskis","10":"product_tag-slalom-waterski","12":"first","13":"instock","14":"shipping-taxable","15":"purchasable","16":"product-type-simple"},"acf":[],"yoast_head":"<!-- This site is optimized with the Yoast SEO plugin v27.5 - https:\/\/yoast.com\/product\/yoast-seo-wordpress\/ -->\n<title>KD Titanium Carbon Graphite Slalom Waterski - WATERSKIS.LV<\/title>\n<meta name=\"description\" content=\"KD Titanium Carbon Graphite Slalom Waterski. Made in USASIZES: 65\u201d\/66\u2033\/67\u201d\/68\u2033. Blank with Adjustable Fin. The all new Titanium tops of the Element series\" \/>\n<meta name=\"robots\" content=\"index, follow, max-snippet:-1, max-image-preview:large, max-video-preview:-1\" \/>\n<link rel=\"canonical\" href=\"https:\/\/www.waterskis.lv\/en\/product\/kd-titanium-carbon-graphite-slalom-waterski\/\" \/>\n<meta property=\"og:locale\" content=\"en_US\" \/>\n<meta property=\"og:type\" content=\"article\" \/>\n<meta property=\"og:title\" content=\"KD Titanium Carbon Graphite Slalom Waterski - WATERSKIS.LV\" \/>\n<meta property=\"og:description\" content=\"KD Titanium Carbon Graphite Slalom Waterski. Made in USASIZES: 65\u201d\/66\u2033\/67\u201d\/68\u2033. Blank with Adjustable Fin. The all new Titanium tops of the Element series\" \/>\n<meta property=\"og:url\" content=\"https:\/\/www.waterskis.lv\/en\/product\/kd-titanium-carbon-graphite-slalom-waterski\/\" \/>\n<meta property=\"og:site_name\" content=\"WATERSKIS.LV\" \/>\n<meta property=\"article:publisher\" content=\"https:\/\/www.facebook.com\/jurmalawaterskiwakeboardpark\/\" \/>\n<meta property=\"article:modified_time\" content=\"2026-01-28T12:35:58+00:00\" \/>\n<meta property=\"og:image\" content=\"https:\/\/www.waterskis.lv\/wp-content\/uploads\/2025\/01\/Titanium-2024-Top_Bottom.jpeg\" \/>\n\t<meta property=\"og:image:width\" content=\"1500\" \/>\n\t<meta property=\"og:image:height\" content=\"1500\" \/>\n\t<meta property=\"og:image:type\" content=\"image\/jpeg\" \/>\n<meta name=\"twitter:card\" content=\"summary_large_image\" \/>\n<meta name=\"twitter:label1\" content=\"Est. reading time\" \/>\n\t<meta name=\"twitter:data1\" content=\"2 minutes\" \/>\n<script type=\"application\/ld+json\" class=\"yoast-schema-graph\">{\"@context\":\"https:\\\/\\\/schema.org\",\"@graph\":[{\"@type\":\"WebPage\",\"@id\":\"https:\\\/\\\/www.waterskis.lv\\\/en\\\/product\\\/kd-titanium-carbon-graphite-slalom-waterski\\\/\",\"url\":\"https:\\\/\\\/www.waterskis.lv\\\/en\\\/product\\\/kd-titanium-carbon-graphite-slalom-waterski\\\/\",\"name\":\"KD Titanium Carbon Graphite Slalom Waterski - WATERSKIS.LV\",\"isPartOf\":{\"@id\":\"https:\\\/\\\/www.waterskis.lv\\\/en\\\/#website\"},\"primaryImageOfPage\":{\"@id\":\"https:\\\/\\\/www.waterskis.lv\\\/en\\\/product\\\/kd-titanium-carbon-graphite-slalom-waterski\\\/#primaryimage\"},\"image\":{\"@id\":\"https:\\\/\\\/www.waterskis.lv\\\/en\\\/product\\\/kd-titanium-carbon-graphite-slalom-waterski\\\/#primaryimage\"},\"thumbnailUrl\":\"https:\\\/\\\/www.waterskis.lv\\\/wp-content\\\/uploads\\\/2025\\\/01\\\/Titanium-2024-Top_Bottom.jpeg\",\"datePublished\":\"2025-01-11T10:39:26+00:00\",\"dateModified\":\"2026-01-28T12:35:58+00:00\",\"description\":\"KD Titanium Carbon Graphite Slalom Waterski. Made in USASIZES: 65\u201d\\\/66\u2033\\\/67\u201d\\\/68\u2033. Blank with Adjustable Fin. The all new Titanium tops of the Element series\",\"breadcrumb\":{\"@id\":\"https:\\\/\\\/www.waterskis.lv\\\/en\\\/product\\\/kd-titanium-carbon-graphite-slalom-waterski\\\/#breadcrumb\"},\"inLanguage\":\"en-US\",\"potentialAction\":[{\"@type\":\"ReadAction\",\"target\":[\"https:\\\/\\\/www.waterskis.lv\\\/en\\\/product\\\/kd-titanium-carbon-graphite-slalom-waterski\\\/\"]}]},{\"@type\":\"ImageObject\",\"inLanguage\":\"en-US\",\"@id\":\"https:\\\/\\\/www.waterskis.lv\\\/en\\\/product\\\/kd-titanium-carbon-graphite-slalom-waterski\\\/#primaryimage\",\"url\":\"https:\\\/\\\/www.waterskis.lv\\\/wp-content\\\/uploads\\\/2025\\\/01\\\/Titanium-2024-Top_Bottom.jpeg\",\"contentUrl\":\"https:\\\/\\\/www.waterskis.lv\\\/wp-content\\\/uploads\\\/2025\\\/01\\\/Titanium-2024-Top_Bottom.jpeg\",\"width\":1500,\"height\":1500,\"caption\":\"Slaloma \u016bdenssl\u0113pe KD Titanium Carbon Graphite\"},{\"@type\":\"BreadcrumbList\",\"@id\":\"https:\\\/\\\/www.waterskis.lv\\\/en\\\/product\\\/kd-titanium-carbon-graphite-slalom-waterski\\\/#breadcrumb\",\"itemListElement\":[{\"@type\":\"ListItem\",\"position\":1,\"name\":\"Home\",\"item\":\"https:\\\/\\\/www.waterskis.lv\\\/en\\\/\"},{\"@type\":\"ListItem\",\"position\":2,\"name\":\"Shop\",\"item\":\"https:\\\/\\\/waterskis.lv\\\/en\\\/shop\\\/\"},{\"@type\":\"ListItem\",\"position\":3,\"name\":\"KD Titanium Carbon Graphite Slalom Waterski\"}]},{\"@type\":\"WebSite\",\"@id\":\"https:\\\/\\\/www.waterskis.lv\\\/en\\\/#website\",\"url\":\"https:\\\/\\\/www.waterskis.lv\\\/en\\\/\",\"name\":\"WATERSKIS.LV\",\"description\":\"SUP d\u0113\u013ci, kajaki, kanoe, airu laivas, \u016bdenssl\u0113po\u0161ana, veikbords, SUP d\u0113\u013cu noma, kajaku nomaakt\u012bv\u0101s atp\u016btas centrs, laivu noma, sup noma, kajaku noma\",\"publisher\":{\"@id\":\"https:\\\/\\\/www.waterskis.lv\\\/en\\\/#organization\"},\"potentialAction\":[{\"@type\":\"SearchAction\",\"target\":{\"@type\":\"EntryPoint\",\"urlTemplate\":\"https:\\\/\\\/www.waterskis.lv\\\/en\\\/?s={search_term_string}\"},\"query-input\":{\"@type\":\"PropertyValueSpecification\",\"valueRequired\":true,\"valueName\":\"search_term_string\"}}],\"inLanguage\":\"en-US\"},{\"@type\":\"Organization\",\"@id\":\"https:\\\/\\\/www.waterskis.lv\\\/en\\\/#organization\",\"name\":\"WATERSKIS.LV\",\"url\":\"https:\\\/\\\/www.waterskis.lv\\\/en\\\/\",\"logo\":{\"@type\":\"ImageObject\",\"inLanguage\":\"en-US\",\"@id\":\"https:\\\/\\\/www.waterskis.lv\\\/en\\\/#\\\/schema\\\/logo\\\/image\\\/\",\"url\":\"https:\\\/\\\/www.waterskis.lv\\\/wp-content\\\/uploads\\\/2025\\\/01\\\/JUVP-logo.png\",\"contentUrl\":\"https:\\\/\\\/www.waterskis.lv\\\/wp-content\\\/uploads\\\/2025\\\/01\\\/JUVP-logo.png\",\"width\":421,\"height\":202,\"caption\":\"WATERSKIS.LV\"},\"image\":{\"@id\":\"https:\\\/\\\/www.waterskis.lv\\\/en\\\/#\\\/schema\\\/logo\\\/image\\\/\"},\"sameAs\":[\"https:\\\/\\\/www.facebook.com\\\/jurmalawaterskiwakeboardpark\\\/\"]}]}<\/script>\n<!-- \/ Yoast SEO plugin. -->","yoast_head_json":{"title":"KD Titanium Carbon Graphite Slalom Waterski - WATERSKIS.LV","description":"KD Titanium Carbon Graphite Slalom Waterski. Made in USASIZES: 65\u201d\/66\u2033\/67\u201d\/68\u2033. Blank with Adjustable Fin. The all new Titanium tops of the Element series","robots":{"index":"index","follow":"follow","max-snippet":"max-snippet:-1","max-image-preview":"max-image-preview:large","max-video-preview":"max-video-preview:-1"},"canonical":"https:\/\/www.waterskis.lv\/en\/product\/kd-titanium-carbon-graphite-slalom-waterski\/","og_locale":"en_US","og_type":"article","og_title":"KD Titanium Carbon Graphite Slalom Waterski - WATERSKIS.LV","og_description":"KD Titanium Carbon Graphite Slalom Waterski. Made in USASIZES: 65\u201d\/66\u2033\/67\u201d\/68\u2033. Blank with Adjustable Fin. The all new Titanium tops of the Element series","og_url":"https:\/\/www.waterskis.lv\/en\/product\/kd-titanium-carbon-graphite-slalom-waterski\/","og_site_name":"WATERSKIS.LV","article_publisher":"https:\/\/www.facebook.com\/jurmalawaterskiwakeboardpark\/","article_modified_time":"2026-01-28T12:35:58+00:00","og_image":[{"width":1500,"height":1500,"url":"https:\/\/www.waterskis.lv\/wp-content\/uploads\/2025\/01\/Titanium-2024-Top_Bottom.jpeg","type":"image\/jpeg"}],"twitter_card":"summary_large_image","twitter_misc":{"Est. reading time":"2 minutes"},"schema":{"@context":"https:\/\/schema.org","@graph":[{"@type":"WebPage","@id":"https:\/\/www.waterskis.lv\/en\/product\/kd-titanium-carbon-graphite-slalom-waterski\/","url":"https:\/\/www.waterskis.lv\/en\/product\/kd-titanium-carbon-graphite-slalom-waterski\/","name":"KD Titanium Carbon Graphite Slalom Waterski - WATERSKIS.LV","isPartOf":{"@id":"https:\/\/www.waterskis.lv\/en\/#website"},"primaryImageOfPage":{"@id":"https:\/\/www.waterskis.lv\/en\/product\/kd-titanium-carbon-graphite-slalom-waterski\/#primaryimage"},"image":{"@id":"https:\/\/www.waterskis.lv\/en\/product\/kd-titanium-carbon-graphite-slalom-waterski\/#primaryimage"},"thumbnailUrl":"https:\/\/www.waterskis.lv\/wp-content\/uploads\/2025\/01\/Titanium-2024-Top_Bottom.jpeg","datePublished":"2025-01-11T10:39:26+00:00","dateModified":"2026-01-28T12:35:58+00:00","description":"KD Titanium Carbon Graphite Slalom Waterski. Made in USASIZES: 65\u201d\/66\u2033\/67\u201d\/68\u2033. Blank with Adjustable Fin. The all new Titanium tops of the Element series","breadcrumb":{"@id":"https:\/\/www.waterskis.lv\/en\/product\/kd-titanium-carbon-graphite-slalom-waterski\/#breadcrumb"},"inLanguage":"en-US","potentialAction":[{"@type":"ReadAction","target":["https:\/\/www.waterskis.lv\/en\/product\/kd-titanium-carbon-graphite-slalom-waterski\/"]}]},{"@type":"ImageObject","inLanguage":"en-US","@id":"https:\/\/www.waterskis.lv\/en\/product\/kd-titanium-carbon-graphite-slalom-waterski\/#primaryimage","url":"https:\/\/www.waterskis.lv\/wp-content\/uploads\/2025\/01\/Titanium-2024-Top_Bottom.jpeg","contentUrl":"https:\/\/www.waterskis.lv\/wp-content\/uploads\/2025\/01\/Titanium-2024-Top_Bottom.jpeg","width":1500,"height":1500,"caption":"Slaloma \u016bdenssl\u0113pe KD Titanium Carbon Graphite"},{"@type":"BreadcrumbList","@id":"https:\/\/www.waterskis.lv\/en\/product\/kd-titanium-carbon-graphite-slalom-waterski\/#breadcrumb","itemListElement":[{"@type":"ListItem","position":1,"name":"Home","item":"https:\/\/www.waterskis.lv\/en\/"},{"@type":"ListItem","position":2,"name":"Shop","item":"https:\/\/waterskis.lv\/en\/shop\/"},{"@type":"ListItem","position":3,"name":"KD Titanium Carbon Graphite Slalom Waterski"}]},{"@type":"WebSite","@id":"https:\/\/www.waterskis.lv\/en\/#website","url":"https:\/\/www.waterskis.lv\/en\/","name":"WATERSKIS.LV","description":"SUP d\u0113\u013ci, kajaki, kanoe, airu laivas, \u016bdenssl\u0113po\u0161ana, veikbords, SUP d\u0113\u013cu noma, kajaku nomaakt\u012bv\u0101s atp\u016btas centrs, laivu noma, sup noma, kajaku noma","publisher":{"@id":"https:\/\/www.waterskis.lv\/en\/#organization"},"potentialAction":[{"@type":"SearchAction","target":{"@type":"EntryPoint","urlTemplate":"https:\/\/www.waterskis.lv\/en\/?s={search_term_string}"},"query-input":{"@type":"PropertyValueSpecification","valueRequired":true,"valueName":"search_term_string"}}],"inLanguage":"en-US"},{"@type":"Organization","@id":"https:\/\/www.waterskis.lv\/en\/#organization","name":"WATERSKIS.LV","url":"https:\/\/www.waterskis.lv\/en\/","logo":{"@type":"ImageObject","inLanguage":"en-US","@id":"https:\/\/www.waterskis.lv\/en\/#\/schema\/logo\/image\/","url":"https:\/\/www.waterskis.lv\/wp-content\/uploads\/2025\/01\/JUVP-logo.png","contentUrl":"https:\/\/www.waterskis.lv\/wp-content\/uploads\/2025\/01\/JUVP-logo.png","width":421,"height":202,"caption":"WATERSKIS.LV"},"image":{"@id":"https:\/\/www.waterskis.lv\/en\/#\/schema\/logo\/image\/"},"sameAs":["https:\/\/www.facebook.com\/jurmalawaterskiwakeboardpark\/"]}]}},"_links":{"self":[{"href":"https:\/\/www.waterskis.lv\/en\/wp-json\/wp\/v2\/product\/59937","targetHints":{"allow":["GET"]}}],"collection":[{"href":"https:\/\/www.waterskis.lv\/en\/wp-json\/wp\/v2\/product"}],"about":[{"href":"https:\/\/www.waterskis.lv\/en\/wp-json\/wp\/v2\/types\/product"}],"replies":[{"embeddable":true,"href":"https:\/\/www.waterskis.lv\/en\/wp-json\/wp\/v2\/comments?post=59937"}],"wp:featuredmedia":[{"embeddable":true,"href":"https:\/\/www.waterskis.lv\/en\/wp-json\/wp\/v2\/media\/59935"}],"wp:attachment":[{"href":"https:\/\/www.waterskis.lv\/en\/wp-json\/wp\/v2\/media?parent=59937"}],"wp:term":[{"taxonomy":"product_brand","embeddable":true,"href":"https:\/\/www.waterskis.lv\/en\/wp-json\/wp\/v2\/product_brand?post=59937"},{"taxonomy":"product_cat","embeddable":true,"href":"https:\/\/www.waterskis.lv\/en\/wp-json\/wp\/v2\/product_cat?post=59937"},{"taxonomy":"product_tag","embeddable":true,"href":"https:\/\/www.waterskis.lv\/en\/wp-json\/wp\/v2\/product_tag?post=59937"}],"curies":[{"name":"wp","href":"https:\/\/api.w.org\/{rel}","templated":true}]}}