{"id":60304,"date":"2025-01-23T09:38:56","date_gmt":"2025-01-23T06:38:56","guid":{"rendered":"https:\/\/www.waterskis.lv\/product\/jauniesu-udensslepes-spinera-jr-combo-ski-blue-danube-54\/"},"modified":"2026-01-31T18:52:35","modified_gmt":"2026-01-31T16:52:35","slug":"spinera-jr-combo-ski-blue-danube-54","status":"publish","type":"product","link":"https:\/\/www.waterskis.lv\/en\/product\/spinera-jr-combo-ski-blue-danube-54\/","title":{"rendered":"Spinera Jr. Combo Ski Blue Danube 54&#8243;"},"content":{"rendered":"<h1>Spinera Jr. Combo Ski Blue Danube 54&#8243;<\/h1>\n<p>Spinera Jr. Combo Ski Blue Danube 54&#8221;<\/p>\n<p>Wide body tip and V-Bottom for stability, easy deep-water starts and good carving turns.<\/p>\n<p>Easy, sporty and funny performance for kids and teens. Removable stabilication bar<\/p>\n<p><b>Details:<\/b><\/p>\n<ul>\n<li>Fin: ABS plastic &#8211; colored for easy identification in the water<\/li>\n<li>Binding: EU 33-40<\/li>\n<li>Length: 54&#8243; \/ 137 cm<\/li>\n<li>Additional color (blue) contrasting reinforcement for best fit &amp; hold in the binding. This can be easily removed, so that the binding provides even for wider feet pleasant grip and enough space.<\/li>\n<\/ul>\n","protected":false},"excerpt":{"rendered":"<p>https:\/\/www.youtube.com\/watch?v=HUB2F7ZWGJE [&#8230;]<\/p>\n<p><a class=\"btn btn-secondary understrap-read-more-link\" href=\"https:\/\/www.waterskis.lv\/en\/product\/spinera-jr-combo-ski-blue-danube-54\/\">Read More&#8230;<\/a><\/p>\n","protected":false},"featured_media":60413,"comment_status":"closed","ping_status":"closed","template":"","meta":{"_acf_changed":false,"inline_featured_image":false},"product_brand":[2677,1279],"product_cat":[562,1226,1256,561],"product_tag":[2373,2973,2945],"class_list":{"0":"post-60304","1":"product","2":"type-product","3":"status-publish","4":"has-post-thumbnail","6":"product_brand-spinera-professional","7":"product_brand-spinera-watersports","8":"product_cat-kids-water-skis","9":"product_cat-spinera-professional-en","10":"product_cat-spinera-rental-combo-ski","11":"product_cat-waterskis","12":"product_tag-bernu-udensslepes","13":"product_tag-children-waterski","14":"product_tag-waterskis","16":"first","17":"instock","18":"shipping-taxable","19":"purchasable","20":"product-type-simple"},"acf":[],"yoast_head":"<!-- This site is optimized with the Yoast SEO plugin v27.5 - https:\/\/yoast.com\/product\/yoast-seo-wordpress\/ -->\n<title>Spinera Jr. Combo Ski Blue Danube 54&quot; - WATERSKIS.LV<\/title>\n<meta name=\"description\" content=\"Spinera Jr. Combo Ski Blue Danube 54&#039;&#039;. Easy, sporty and funny performance for kids and teens. Removable stabilication bar\" \/>\n<meta name=\"robots\" content=\"index, follow, max-snippet:-1, max-image-preview:large, max-video-preview:-1\" \/>\n<link rel=\"canonical\" href=\"https:\/\/www.waterskis.lv\/en\/product\/spinera-jr-combo-ski-blue-danube-54\/\" \/>\n<meta property=\"og:locale\" content=\"en_US\" \/>\n<meta property=\"og:type\" content=\"article\" \/>\n<meta property=\"og:title\" content=\"Spinera Jr. Combo Ski Blue Danube 54&quot; - WATERSKIS.LV\" \/>\n<meta property=\"og:description\" content=\"Spinera Jr. Combo Ski Blue Danube 54&#039;&#039;. Easy, sporty and funny performance for kids and teens. Removable stabilication bar\" \/>\n<meta property=\"og:url\" content=\"https:\/\/www.waterskis.lv\/en\/product\/spinera-jr-combo-ski-blue-danube-54\/\" \/>\n<meta property=\"og:site_name\" content=\"WATERSKIS.LV\" \/>\n<meta property=\"article:publisher\" content=\"https:\/\/www.facebook.com\/jurmalawaterskiwakeboardpark\/\" \/>\n<meta property=\"article:modified_time\" content=\"2026-01-31T16:52:35+00:00\" \/>\n<meta property=\"og:image\" content=\"https:\/\/www.waterskis.lv\/wp-content\/uploads\/2025\/01\/19515_image_19515_spinera_combo_ski_blue_danube_54_19515_1.webp\" \/>\n\t<meta property=\"og:image:width\" content=\"2000\" \/>\n\t<meta property=\"og:image:height\" content=\"2000\" \/>\n\t<meta property=\"og:image:type\" content=\"image\/webp\" \/>\n<meta name=\"twitter:card\" content=\"summary_large_image\" \/>\n<meta name=\"twitter:label1\" content=\"Est. reading time\" \/>\n\t<meta name=\"twitter:data1\" content=\"1 minute\" \/>\n<script type=\"application\/ld+json\" class=\"yoast-schema-graph\">{\"@context\":\"https:\\\/\\\/schema.org\",\"@graph\":[{\"@type\":\"WebPage\",\"@id\":\"https:\\\/\\\/www.waterskis.lv\\\/en\\\/product\\\/spinera-jr-combo-ski-blue-danube-54\\\/\",\"url\":\"https:\\\/\\\/www.waterskis.lv\\\/en\\\/product\\\/spinera-jr-combo-ski-blue-danube-54\\\/\",\"name\":\"Spinera Jr. Combo Ski Blue Danube 54\\\" - WATERSKIS.LV\",\"isPartOf\":{\"@id\":\"https:\\\/\\\/www.waterskis.lv\\\/en\\\/#website\"},\"primaryImageOfPage\":{\"@id\":\"https:\\\/\\\/www.waterskis.lv\\\/en\\\/product\\\/spinera-jr-combo-ski-blue-danube-54\\\/#primaryimage\"},\"image\":{\"@id\":\"https:\\\/\\\/www.waterskis.lv\\\/en\\\/product\\\/spinera-jr-combo-ski-blue-danube-54\\\/#primaryimage\"},\"thumbnailUrl\":\"https:\\\/\\\/www.waterskis.lv\\\/wp-content\\\/uploads\\\/2025\\\/01\\\/19515_image_19515_spinera_combo_ski_blue_danube_54_19515_1.webp\",\"datePublished\":\"2025-01-23T06:38:56+00:00\",\"dateModified\":\"2026-01-31T16:52:35+00:00\",\"description\":\"Spinera Jr. Combo Ski Blue Danube 54''. Easy, sporty and funny performance for kids and teens. Removable stabilication bar\",\"breadcrumb\":{\"@id\":\"https:\\\/\\\/www.waterskis.lv\\\/en\\\/product\\\/spinera-jr-combo-ski-blue-danube-54\\\/#breadcrumb\"},\"inLanguage\":\"en-US\",\"potentialAction\":[{\"@type\":\"ReadAction\",\"target\":[\"https:\\\/\\\/www.waterskis.lv\\\/en\\\/product\\\/spinera-jr-combo-ski-blue-danube-54\\\/\"]}]},{\"@type\":\"ImageObject\",\"inLanguage\":\"en-US\",\"@id\":\"https:\\\/\\\/www.waterskis.lv\\\/en\\\/product\\\/spinera-jr-combo-ski-blue-danube-54\\\/#primaryimage\",\"url\":\"https:\\\/\\\/www.waterskis.lv\\\/wp-content\\\/uploads\\\/2025\\\/01\\\/19515_image_19515_spinera_combo_ski_blue_danube_54_19515_1.webp\",\"contentUrl\":\"https:\\\/\\\/www.waterskis.lv\\\/wp-content\\\/uploads\\\/2025\\\/01\\\/19515_image_19515_spinera_combo_ski_blue_danube_54_19515_1.webp\",\"width\":2000,\"height\":2000,\"caption\":\"Jaunie\u0161u \u016bdenssl\u0113pes Spinera Jr. Combo Ski Blue Danube 54\u2033\"},{\"@type\":\"BreadcrumbList\",\"@id\":\"https:\\\/\\\/www.waterskis.lv\\\/en\\\/product\\\/spinera-jr-combo-ski-blue-danube-54\\\/#breadcrumb\",\"itemListElement\":[{\"@type\":\"ListItem\",\"position\":1,\"name\":\"Home\",\"item\":\"https:\\\/\\\/www.waterskis.lv\\\/en\\\/\"},{\"@type\":\"ListItem\",\"position\":2,\"name\":\"Shop\",\"item\":\"https:\\\/\\\/waterskis.lv\\\/en\\\/shop\\\/\"},{\"@type\":\"ListItem\",\"position\":3,\"name\":\"Spinera Jr. Combo Ski Blue Danube 54&#8243;\"}]},{\"@type\":\"WebSite\",\"@id\":\"https:\\\/\\\/www.waterskis.lv\\\/en\\\/#website\",\"url\":\"https:\\\/\\\/www.waterskis.lv\\\/en\\\/\",\"name\":\"WATERSKIS.LV\",\"description\":\"SUP d\u0113\u013ci, kajaki, kanoe, airu laivas, \u016bdenssl\u0113po\u0161ana, veikbords, SUP d\u0113\u013cu noma, kajaku nomaakt\u012bv\u0101s atp\u016btas centrs, laivu noma, sup noma, kajaku noma\",\"publisher\":{\"@id\":\"https:\\\/\\\/www.waterskis.lv\\\/en\\\/#organization\"},\"potentialAction\":[{\"@type\":\"SearchAction\",\"target\":{\"@type\":\"EntryPoint\",\"urlTemplate\":\"https:\\\/\\\/www.waterskis.lv\\\/en\\\/?s={search_term_string}\"},\"query-input\":{\"@type\":\"PropertyValueSpecification\",\"valueRequired\":true,\"valueName\":\"search_term_string\"}}],\"inLanguage\":\"en-US\"},{\"@type\":\"Organization\",\"@id\":\"https:\\\/\\\/www.waterskis.lv\\\/en\\\/#organization\",\"name\":\"WATERSKIS.LV\",\"url\":\"https:\\\/\\\/www.waterskis.lv\\\/en\\\/\",\"logo\":{\"@type\":\"ImageObject\",\"inLanguage\":\"en-US\",\"@id\":\"https:\\\/\\\/www.waterskis.lv\\\/en\\\/#\\\/schema\\\/logo\\\/image\\\/\",\"url\":\"https:\\\/\\\/www.waterskis.lv\\\/wp-content\\\/uploads\\\/2025\\\/01\\\/JUVP-logo.png\",\"contentUrl\":\"https:\\\/\\\/www.waterskis.lv\\\/wp-content\\\/uploads\\\/2025\\\/01\\\/JUVP-logo.png\",\"width\":421,\"height\":202,\"caption\":\"WATERSKIS.LV\"},\"image\":{\"@id\":\"https:\\\/\\\/www.waterskis.lv\\\/en\\\/#\\\/schema\\\/logo\\\/image\\\/\"},\"sameAs\":[\"https:\\\/\\\/www.facebook.com\\\/jurmalawaterskiwakeboardpark\\\/\"]}]}<\/script>\n<!-- \/ Yoast SEO plugin. -->","yoast_head_json":{"title":"Spinera Jr. Combo Ski Blue Danube 54\" - WATERSKIS.LV","description":"Spinera Jr. Combo Ski Blue Danube 54''. Easy, sporty and funny performance for kids and teens. Removable stabilication bar","robots":{"index":"index","follow":"follow","max-snippet":"max-snippet:-1","max-image-preview":"max-image-preview:large","max-video-preview":"max-video-preview:-1"},"canonical":"https:\/\/www.waterskis.lv\/en\/product\/spinera-jr-combo-ski-blue-danube-54\/","og_locale":"en_US","og_type":"article","og_title":"Spinera Jr. Combo Ski Blue Danube 54\" - WATERSKIS.LV","og_description":"Spinera Jr. Combo Ski Blue Danube 54''. Easy, sporty and funny performance for kids and teens. Removable stabilication bar","og_url":"https:\/\/www.waterskis.lv\/en\/product\/spinera-jr-combo-ski-blue-danube-54\/","og_site_name":"WATERSKIS.LV","article_publisher":"https:\/\/www.facebook.com\/jurmalawaterskiwakeboardpark\/","article_modified_time":"2026-01-31T16:52:35+00:00","og_image":[{"width":2000,"height":2000,"url":"https:\/\/www.waterskis.lv\/wp-content\/uploads\/2025\/01\/19515_image_19515_spinera_combo_ski_blue_danube_54_19515_1.webp","type":"image\/webp"}],"twitter_card":"summary_large_image","twitter_misc":{"Est. reading time":"1 minute"},"schema":{"@context":"https:\/\/schema.org","@graph":[{"@type":"WebPage","@id":"https:\/\/www.waterskis.lv\/en\/product\/spinera-jr-combo-ski-blue-danube-54\/","url":"https:\/\/www.waterskis.lv\/en\/product\/spinera-jr-combo-ski-blue-danube-54\/","name":"Spinera Jr. Combo Ski Blue Danube 54\" - WATERSKIS.LV","isPartOf":{"@id":"https:\/\/www.waterskis.lv\/en\/#website"},"primaryImageOfPage":{"@id":"https:\/\/www.waterskis.lv\/en\/product\/spinera-jr-combo-ski-blue-danube-54\/#primaryimage"},"image":{"@id":"https:\/\/www.waterskis.lv\/en\/product\/spinera-jr-combo-ski-blue-danube-54\/#primaryimage"},"thumbnailUrl":"https:\/\/www.waterskis.lv\/wp-content\/uploads\/2025\/01\/19515_image_19515_spinera_combo_ski_blue_danube_54_19515_1.webp","datePublished":"2025-01-23T06:38:56+00:00","dateModified":"2026-01-31T16:52:35+00:00","description":"Spinera Jr. Combo Ski Blue Danube 54''. Easy, sporty and funny performance for kids and teens. Removable stabilication bar","breadcrumb":{"@id":"https:\/\/www.waterskis.lv\/en\/product\/spinera-jr-combo-ski-blue-danube-54\/#breadcrumb"},"inLanguage":"en-US","potentialAction":[{"@type":"ReadAction","target":["https:\/\/www.waterskis.lv\/en\/product\/spinera-jr-combo-ski-blue-danube-54\/"]}]},{"@type":"ImageObject","inLanguage":"en-US","@id":"https:\/\/www.waterskis.lv\/en\/product\/spinera-jr-combo-ski-blue-danube-54\/#primaryimage","url":"https:\/\/www.waterskis.lv\/wp-content\/uploads\/2025\/01\/19515_image_19515_spinera_combo_ski_blue_danube_54_19515_1.webp","contentUrl":"https:\/\/www.waterskis.lv\/wp-content\/uploads\/2025\/01\/19515_image_19515_spinera_combo_ski_blue_danube_54_19515_1.webp","width":2000,"height":2000,"caption":"Jaunie\u0161u \u016bdenssl\u0113pes Spinera Jr. Combo Ski Blue Danube 54\u2033"},{"@type":"BreadcrumbList","@id":"https:\/\/www.waterskis.lv\/en\/product\/spinera-jr-combo-ski-blue-danube-54\/#breadcrumb","itemListElement":[{"@type":"ListItem","position":1,"name":"Home","item":"https:\/\/www.waterskis.lv\/en\/"},{"@type":"ListItem","position":2,"name":"Shop","item":"https:\/\/waterskis.lv\/en\/shop\/"},{"@type":"ListItem","position":3,"name":"Spinera Jr. Combo Ski Blue Danube 54&#8243;"}]},{"@type":"WebSite","@id":"https:\/\/www.waterskis.lv\/en\/#website","url":"https:\/\/www.waterskis.lv\/en\/","name":"WATERSKIS.LV","description":"SUP d\u0113\u013ci, kajaki, kanoe, airu laivas, \u016bdenssl\u0113po\u0161ana, veikbords, SUP d\u0113\u013cu noma, kajaku nomaakt\u012bv\u0101s atp\u016btas centrs, laivu noma, sup noma, kajaku noma","publisher":{"@id":"https:\/\/www.waterskis.lv\/en\/#organization"},"potentialAction":[{"@type":"SearchAction","target":{"@type":"EntryPoint","urlTemplate":"https:\/\/www.waterskis.lv\/en\/?s={search_term_string}"},"query-input":{"@type":"PropertyValueSpecification","valueRequired":true,"valueName":"search_term_string"}}],"inLanguage":"en-US"},{"@type":"Organization","@id":"https:\/\/www.waterskis.lv\/en\/#organization","name":"WATERSKIS.LV","url":"https:\/\/www.waterskis.lv\/en\/","logo":{"@type":"ImageObject","inLanguage":"en-US","@id":"https:\/\/www.waterskis.lv\/en\/#\/schema\/logo\/image\/","url":"https:\/\/www.waterskis.lv\/wp-content\/uploads\/2025\/01\/JUVP-logo.png","contentUrl":"https:\/\/www.waterskis.lv\/wp-content\/uploads\/2025\/01\/JUVP-logo.png","width":421,"height":202,"caption":"WATERSKIS.LV"},"image":{"@id":"https:\/\/www.waterskis.lv\/en\/#\/schema\/logo\/image\/"},"sameAs":["https:\/\/www.facebook.com\/jurmalawaterskiwakeboardpark\/"]}]}},"_links":{"self":[{"href":"https:\/\/www.waterskis.lv\/en\/wp-json\/wp\/v2\/product\/60304","targetHints":{"allow":["GET"]}}],"collection":[{"href":"https:\/\/www.waterskis.lv\/en\/wp-json\/wp\/v2\/product"}],"about":[{"href":"https:\/\/www.waterskis.lv\/en\/wp-json\/wp\/v2\/types\/product"}],"replies":[{"embeddable":true,"href":"https:\/\/www.waterskis.lv\/en\/wp-json\/wp\/v2\/comments?post=60304"}],"wp:featuredmedia":[{"embeddable":true,"href":"https:\/\/www.waterskis.lv\/en\/wp-json\/wp\/v2\/media\/60413"}],"wp:attachment":[{"href":"https:\/\/www.waterskis.lv\/en\/wp-json\/wp\/v2\/media?parent=60304"}],"wp:term":[{"taxonomy":"product_brand","embeddable":true,"href":"https:\/\/www.waterskis.lv\/en\/wp-json\/wp\/v2\/product_brand?post=60304"},{"taxonomy":"product_cat","embeddable":true,"href":"https:\/\/www.waterskis.lv\/en\/wp-json\/wp\/v2\/product_cat?post=60304"},{"taxonomy":"product_tag","embeddable":true,"href":"https:\/\/www.waterskis.lv\/en\/wp-json\/wp\/v2\/product_tag?post=60304"}],"curies":[{"name":"wp","href":"https:\/\/api.w.org\/{rel}","templated":true}]}}