{"id":60908,"date":"2025-02-08T11:46:03","date_gmt":"2025-02-08T09:46:03","guid":{"rendered":"https:\/\/www.waterskis.lv\/product\/aiz-laivas-velkams-piepusams-puslis-spinera-flight-1\/"},"modified":"2026-01-30T15:09:13","modified_gmt":"2026-01-30T13:09:13","slug":"towable-tube-spinera-flight-1","status":"publish","type":"product","link":"https:\/\/www.waterskis.lv\/en\/product\/towable-tube-spinera-flight-1\/","title":{"rendered":"Towable tube Spinera Flight 1"},"content":{"rendered":"<h1>Towable tube Spinera Flight 1<\/h1>\n<p>Towable tube Spinera Flight 1<\/p>\n<p>This tube requires a ticket.<\/p>\n<p>Drawn by the 3 F: Fast, Fun &amp; Flight. This tube is made for the highest demands and durability.<\/p>\n<p>It is completely enclosed in a nylon sheath, the drawbar eye is sewn at several draw points and the soft nylon handles with neoprene pads underneath stand for the excellent quality of Spinera.<\/p>\n<p>Are you still bored or are you already flying? The new Flight Series is the right choice for those who want to go higher.<\/p>\n<p>Also as a bath island a dream!<\/p>\n<p><b>Detailed Information:<\/b><\/p>\n<ul>\n<li>Size: 60&#8221;\/152cm (deflated)<\/li>\n<li>26 Gauge<\/li>\n<li>PVC Thickness: 0,65mm<\/li>\n<li>Nylon Cover Thickness: 420D<\/li>\n<li>Fully padded comfort handles w. neoprene Knuckle Guards: 4 + 4 add. boarding handles<\/li>\n<li>Boston valve for fast inflation &amp; deflation<\/li>\n<li>Quick Connector Hook<\/li>\n<li>Special: Wide neoprene pad for comfortable ride<\/li>\n<li>Weight: 5,54kg<\/li>\n<li>2-chamber security system &#8220;we take care about safety&#8221;<\/li>\n<\/ul>\n<p>&nbsp;<\/p>\n","protected":false},"excerpt":{"rendered":"<p>https:\/\/www.youtube.com\/watch?v=HUB2F7ZWGJE [&#8230;]<\/p>\n<p><a class=\"btn btn-secondary understrap-read-more-link\" href=\"https:\/\/www.waterskis.lv\/en\/product\/towable-tube-spinera-flight-1\/\">Read More&#8230;<\/a><\/p>\n","protected":false},"featured_media":60894,"comment_status":"closed","ping_status":"closed","template":"","meta":{"_acf_changed":false,"inline_featured_image":false},"product_brand":[1279],"product_cat":[964,380],"product_tag":[1414,3074,3075],"class_list":{"0":"post-60908","1":"product","2":"type-product","3":"status-publish","4":"has-post-thumbnail","6":"product_brand-spinera-watersports","7":"product_cat-1-rider-tubes","8":"product_cat-towables","9":"product_tag-aiz-laivas-velkams-puslis","10":"product_tag-inflatable-towable-tube","11":"product_tag-3075","13":"first","14":"instock","15":"shipping-taxable","16":"purchasable","17":"product-type-simple"},"acf":[],"yoast_head":"<!-- This site is optimized with the Yoast SEO plugin v27.3 - https:\/\/yoast.com\/product\/yoast-seo-wordpress\/ -->\n<title>Towable tube Spinera Flight 1 - WATERSKIS.LV<\/title>\n<meta name=\"description\" content=\"Towable tube Spinera Flight 1. It is completely enclosed in a nylon sheath, the drawbar eye is sewn at several draw points and the soft nylon handles with\" \/>\n<meta name=\"robots\" content=\"index, follow, max-snippet:-1, max-image-preview:large, max-video-preview:-1\" \/>\n<link rel=\"canonical\" href=\"https:\/\/www.waterskis.lv\/en\/product\/towable-tube-spinera-flight-1\/\" \/>\n<meta property=\"og:locale\" content=\"en_US\" \/>\n<meta property=\"og:type\" content=\"article\" \/>\n<meta property=\"og:title\" content=\"Towable tube Spinera Flight 1 - WATERSKIS.LV\" \/>\n<meta property=\"og:description\" content=\"Towable tube Spinera Flight 1. It is completely enclosed in a nylon sheath, the drawbar eye is sewn at several draw points and the soft nylon handles with\" \/>\n<meta property=\"og:url\" content=\"https:\/\/www.waterskis.lv\/en\/product\/towable-tube-spinera-flight-1\/\" \/>\n<meta property=\"og:site_name\" content=\"WATERSKIS.LV\" \/>\n<meta property=\"article:publisher\" content=\"https:\/\/www.facebook.com\/jurmalawaterskiwakeboardpark\/\" \/>\n<meta property=\"article:modified_time\" content=\"2026-01-30T13:09:13+00:00\" \/>\n<meta property=\"og:image\" content=\"https:\/\/www.waterskis.lv\/wp-content\/uploads\/2025\/02\/18248_image_18248_spinera_flight_1_18248_1.webp\" \/>\n\t<meta property=\"og:image:width\" content=\"709\" \/>\n\t<meta property=\"og:image:height\" content=\"709\" \/>\n\t<meta property=\"og:image:type\" content=\"image\/webp\" \/>\n<meta name=\"twitter:card\" content=\"summary_large_image\" \/>\n<meta name=\"twitter:label1\" content=\"Est. reading time\" \/>\n\t<meta name=\"twitter:data1\" content=\"2 minutes\" \/>\n<script type=\"application\/ld+json\" class=\"yoast-schema-graph\">{\"@context\":\"https:\\\/\\\/schema.org\",\"@graph\":[{\"@type\":\"WebPage\",\"@id\":\"https:\\\/\\\/www.waterskis.lv\\\/en\\\/product\\\/towable-tube-spinera-flight-1\\\/\",\"url\":\"https:\\\/\\\/www.waterskis.lv\\\/en\\\/product\\\/towable-tube-spinera-flight-1\\\/\",\"name\":\"Towable tube Spinera Flight 1 - WATERSKIS.LV\",\"isPartOf\":{\"@id\":\"https:\\\/\\\/www.waterskis.lv\\\/en\\\/#website\"},\"primaryImageOfPage\":{\"@id\":\"https:\\\/\\\/www.waterskis.lv\\\/en\\\/product\\\/towable-tube-spinera-flight-1\\\/#primaryimage\"},\"image\":{\"@id\":\"https:\\\/\\\/www.waterskis.lv\\\/en\\\/product\\\/towable-tube-spinera-flight-1\\\/#primaryimage\"},\"thumbnailUrl\":\"https:\\\/\\\/www.waterskis.lv\\\/wp-content\\\/uploads\\\/2025\\\/02\\\/18248_image_18248_spinera_flight_1_18248_1.webp\",\"datePublished\":\"2025-02-08T09:46:03+00:00\",\"dateModified\":\"2026-01-30T13:09:13+00:00\",\"description\":\"Towable tube Spinera Flight 1. It is completely enclosed in a nylon sheath, the drawbar eye is sewn at several draw points and the soft nylon handles with\",\"breadcrumb\":{\"@id\":\"https:\\\/\\\/www.waterskis.lv\\\/en\\\/product\\\/towable-tube-spinera-flight-1\\\/#breadcrumb\"},\"inLanguage\":\"en-US\",\"potentialAction\":[{\"@type\":\"ReadAction\",\"target\":[\"https:\\\/\\\/www.waterskis.lv\\\/en\\\/product\\\/towable-tube-spinera-flight-1\\\/\"]}]},{\"@type\":\"ImageObject\",\"inLanguage\":\"en-US\",\"@id\":\"https:\\\/\\\/www.waterskis.lv\\\/en\\\/product\\\/towable-tube-spinera-flight-1\\\/#primaryimage\",\"url\":\"https:\\\/\\\/www.waterskis.lv\\\/wp-content\\\/uploads\\\/2025\\\/02\\\/18248_image_18248_spinera_flight_1_18248_1.webp\",\"contentUrl\":\"https:\\\/\\\/www.waterskis.lv\\\/wp-content\\\/uploads\\\/2025\\\/02\\\/18248_image_18248_spinera_flight_1_18248_1.webp\",\"width\":709,\"height\":709,\"caption\":\"Aiz laivas velkams piep\u016b\u0161ams p\u016bslis Spinera Flight 1\"},{\"@type\":\"BreadcrumbList\",\"@id\":\"https:\\\/\\\/www.waterskis.lv\\\/en\\\/product\\\/towable-tube-spinera-flight-1\\\/#breadcrumb\",\"itemListElement\":[{\"@type\":\"ListItem\",\"position\":1,\"name\":\"Home\",\"item\":\"https:\\\/\\\/www.waterskis.lv\\\/en\\\/\"},{\"@type\":\"ListItem\",\"position\":2,\"name\":\"Shop\",\"item\":\"https:\\\/\\\/waterskis.lv\\\/en\\\/shop\\\/\"},{\"@type\":\"ListItem\",\"position\":3,\"name\":\"Towable tube Spinera Flight 1\"}]},{\"@type\":\"WebSite\",\"@id\":\"https:\\\/\\\/www.waterskis.lv\\\/en\\\/#website\",\"url\":\"https:\\\/\\\/www.waterskis.lv\\\/en\\\/\",\"name\":\"WATERSKIS.LV\",\"description\":\"SUP d\u0113\u013ci, kajaki, kanoe, airu laivas, \u016bdenssl\u0113po\u0161ana, veikbords, SUP d\u0113\u013cu noma, kajaku nomaakt\u012bv\u0101s atp\u016btas centrs, laivu noma, sup noma, kajaku noma\",\"publisher\":{\"@id\":\"https:\\\/\\\/www.waterskis.lv\\\/en\\\/#organization\"},\"potentialAction\":[{\"@type\":\"SearchAction\",\"target\":{\"@type\":\"EntryPoint\",\"urlTemplate\":\"https:\\\/\\\/www.waterskis.lv\\\/en\\\/?s={search_term_string}\"},\"query-input\":{\"@type\":\"PropertyValueSpecification\",\"valueRequired\":true,\"valueName\":\"search_term_string\"}}],\"inLanguage\":\"en-US\"},{\"@type\":\"Organization\",\"@id\":\"https:\\\/\\\/www.waterskis.lv\\\/en\\\/#organization\",\"name\":\"WATERSKIS.LV\",\"url\":\"https:\\\/\\\/www.waterskis.lv\\\/en\\\/\",\"logo\":{\"@type\":\"ImageObject\",\"inLanguage\":\"en-US\",\"@id\":\"https:\\\/\\\/www.waterskis.lv\\\/en\\\/#\\\/schema\\\/logo\\\/image\\\/\",\"url\":\"https:\\\/\\\/www.waterskis.lv\\\/wp-content\\\/uploads\\\/2025\\\/01\\\/JUVP-logo.png\",\"contentUrl\":\"https:\\\/\\\/www.waterskis.lv\\\/wp-content\\\/uploads\\\/2025\\\/01\\\/JUVP-logo.png\",\"width\":421,\"height\":202,\"caption\":\"WATERSKIS.LV\"},\"image\":{\"@id\":\"https:\\\/\\\/www.waterskis.lv\\\/en\\\/#\\\/schema\\\/logo\\\/image\\\/\"},\"sameAs\":[\"https:\\\/\\\/www.facebook.com\\\/jurmalawaterskiwakeboardpark\\\/\"]}]}<\/script>\n<!-- \/ Yoast SEO plugin. -->","yoast_head_json":{"title":"Towable tube Spinera Flight 1 - WATERSKIS.LV","description":"Towable tube Spinera Flight 1. It is completely enclosed in a nylon sheath, the drawbar eye is sewn at several draw points and the soft nylon handles with","robots":{"index":"index","follow":"follow","max-snippet":"max-snippet:-1","max-image-preview":"max-image-preview:large","max-video-preview":"max-video-preview:-1"},"canonical":"https:\/\/www.waterskis.lv\/en\/product\/towable-tube-spinera-flight-1\/","og_locale":"en_US","og_type":"article","og_title":"Towable tube Spinera Flight 1 - WATERSKIS.LV","og_description":"Towable tube Spinera Flight 1. It is completely enclosed in a nylon sheath, the drawbar eye is sewn at several draw points and the soft nylon handles with","og_url":"https:\/\/www.waterskis.lv\/en\/product\/towable-tube-spinera-flight-1\/","og_site_name":"WATERSKIS.LV","article_publisher":"https:\/\/www.facebook.com\/jurmalawaterskiwakeboardpark\/","article_modified_time":"2026-01-30T13:09:13+00:00","og_image":[{"width":709,"height":709,"url":"https:\/\/www.waterskis.lv\/wp-content\/uploads\/2025\/02\/18248_image_18248_spinera_flight_1_18248_1.webp","type":"image\/webp"}],"twitter_card":"summary_large_image","twitter_misc":{"Est. reading time":"2 minutes"},"schema":{"@context":"https:\/\/schema.org","@graph":[{"@type":"WebPage","@id":"https:\/\/www.waterskis.lv\/en\/product\/towable-tube-spinera-flight-1\/","url":"https:\/\/www.waterskis.lv\/en\/product\/towable-tube-spinera-flight-1\/","name":"Towable tube Spinera Flight 1 - WATERSKIS.LV","isPartOf":{"@id":"https:\/\/www.waterskis.lv\/en\/#website"},"primaryImageOfPage":{"@id":"https:\/\/www.waterskis.lv\/en\/product\/towable-tube-spinera-flight-1\/#primaryimage"},"image":{"@id":"https:\/\/www.waterskis.lv\/en\/product\/towable-tube-spinera-flight-1\/#primaryimage"},"thumbnailUrl":"https:\/\/www.waterskis.lv\/wp-content\/uploads\/2025\/02\/18248_image_18248_spinera_flight_1_18248_1.webp","datePublished":"2025-02-08T09:46:03+00:00","dateModified":"2026-01-30T13:09:13+00:00","description":"Towable tube Spinera Flight 1. It is completely enclosed in a nylon sheath, the drawbar eye is sewn at several draw points and the soft nylon handles with","breadcrumb":{"@id":"https:\/\/www.waterskis.lv\/en\/product\/towable-tube-spinera-flight-1\/#breadcrumb"},"inLanguage":"en-US","potentialAction":[{"@type":"ReadAction","target":["https:\/\/www.waterskis.lv\/en\/product\/towable-tube-spinera-flight-1\/"]}]},{"@type":"ImageObject","inLanguage":"en-US","@id":"https:\/\/www.waterskis.lv\/en\/product\/towable-tube-spinera-flight-1\/#primaryimage","url":"https:\/\/www.waterskis.lv\/wp-content\/uploads\/2025\/02\/18248_image_18248_spinera_flight_1_18248_1.webp","contentUrl":"https:\/\/www.waterskis.lv\/wp-content\/uploads\/2025\/02\/18248_image_18248_spinera_flight_1_18248_1.webp","width":709,"height":709,"caption":"Aiz laivas velkams piep\u016b\u0161ams p\u016bslis Spinera Flight 1"},{"@type":"BreadcrumbList","@id":"https:\/\/www.waterskis.lv\/en\/product\/towable-tube-spinera-flight-1\/#breadcrumb","itemListElement":[{"@type":"ListItem","position":1,"name":"Home","item":"https:\/\/www.waterskis.lv\/en\/"},{"@type":"ListItem","position":2,"name":"Shop","item":"https:\/\/waterskis.lv\/en\/shop\/"},{"@type":"ListItem","position":3,"name":"Towable tube Spinera Flight 1"}]},{"@type":"WebSite","@id":"https:\/\/www.waterskis.lv\/en\/#website","url":"https:\/\/www.waterskis.lv\/en\/","name":"WATERSKIS.LV","description":"SUP d\u0113\u013ci, kajaki, kanoe, airu laivas, \u016bdenssl\u0113po\u0161ana, veikbords, SUP d\u0113\u013cu noma, kajaku nomaakt\u012bv\u0101s atp\u016btas centrs, laivu noma, sup noma, kajaku noma","publisher":{"@id":"https:\/\/www.waterskis.lv\/en\/#organization"},"potentialAction":[{"@type":"SearchAction","target":{"@type":"EntryPoint","urlTemplate":"https:\/\/www.waterskis.lv\/en\/?s={search_term_string}"},"query-input":{"@type":"PropertyValueSpecification","valueRequired":true,"valueName":"search_term_string"}}],"inLanguage":"en-US"},{"@type":"Organization","@id":"https:\/\/www.waterskis.lv\/en\/#organization","name":"WATERSKIS.LV","url":"https:\/\/www.waterskis.lv\/en\/","logo":{"@type":"ImageObject","inLanguage":"en-US","@id":"https:\/\/www.waterskis.lv\/en\/#\/schema\/logo\/image\/","url":"https:\/\/www.waterskis.lv\/wp-content\/uploads\/2025\/01\/JUVP-logo.png","contentUrl":"https:\/\/www.waterskis.lv\/wp-content\/uploads\/2025\/01\/JUVP-logo.png","width":421,"height":202,"caption":"WATERSKIS.LV"},"image":{"@id":"https:\/\/www.waterskis.lv\/en\/#\/schema\/logo\/image\/"},"sameAs":["https:\/\/www.facebook.com\/jurmalawaterskiwakeboardpark\/"]}]}},"_links":{"self":[{"href":"https:\/\/www.waterskis.lv\/en\/wp-json\/wp\/v2\/product\/60908","targetHints":{"allow":["GET"]}}],"collection":[{"href":"https:\/\/www.waterskis.lv\/en\/wp-json\/wp\/v2\/product"}],"about":[{"href":"https:\/\/www.waterskis.lv\/en\/wp-json\/wp\/v2\/types\/product"}],"replies":[{"embeddable":true,"href":"https:\/\/www.waterskis.lv\/en\/wp-json\/wp\/v2\/comments?post=60908"}],"wp:featuredmedia":[{"embeddable":true,"href":"https:\/\/www.waterskis.lv\/en\/wp-json\/wp\/v2\/media\/60894"}],"wp:attachment":[{"href":"https:\/\/www.waterskis.lv\/en\/wp-json\/wp\/v2\/media?parent=60908"}],"wp:term":[{"taxonomy":"product_brand","embeddable":true,"href":"https:\/\/www.waterskis.lv\/en\/wp-json\/wp\/v2\/product_brand?post=60908"},{"taxonomy":"product_cat","embeddable":true,"href":"https:\/\/www.waterskis.lv\/en\/wp-json\/wp\/v2\/product_cat?post=60908"},{"taxonomy":"product_tag","embeddable":true,"href":"https:\/\/www.waterskis.lv\/en\/wp-json\/wp\/v2\/product_tag?post=60908"}],"curies":[{"name":"wp","href":"https:\/\/api.w.org\/{rel}","templated":true}]}}