{"id":60926,"date":"2025-02-08T12:16:42","date_gmt":"2025-02-08T10:16:42","guid":{"rendered":"https:\/\/www.waterskis.lv\/product\/aiz-laivas-velkams-piepusams-puslis-spinera-wild-bob\/"},"modified":"2026-01-30T15:07:41","modified_gmt":"2026-01-30T13:07:41","slug":"towable-tube-spinera-wild-bob","status":"publish","type":"product","link":"https:\/\/www.waterskis.lv\/en\/product\/towable-tube-spinera-wild-bob\/","title":{"rendered":"Towable tube Spinera Wild Bob"},"content":{"rendered":"<h1>Towable tube Spinera Wild Bob<\/h1>\n<p>Towable tube Spinera Wild Bob<\/p>\n<p>Faster, higher, farther, wilder, Wild Bob!<\/p>\n<p>The Wild Bob leaves nothing to be desired. The extra thick tube material is enclosed with a sturdy nylon cover, the drawbar eye is sewn several times at different points of pull, and the cover is provided with soft nylon handles.<\/p>\n<p>These qualities speak for a top quality and longevity of the material. Due to its practical size, it is also very suitable for smaller boats. Whether big or small, Wild Bob throws everyone in the water!<\/p>\n<p><b>Detailed Information:<\/b><\/p>\n<ul>\n<li>Size: 54 &#8220;\/ 137cm (unfired) \/ 46.5&#8221; \/ 118cm (inflated)<\/li>\n<li>26 gauge<\/li>\n<li>PVC thickness: 0.6mm<\/li>\n<li>Nylon Cover Thickness: 420D<\/li>\n<li>Fully padded comfort grips with EVA neoprene pads: 4<\/li>\n<li>Boston valve for fast inflation &amp; deflation<\/li>\n<li>Quick connector hook (Quick Connector Hook)<\/li>\n<li>Weight: 3,18kg<\/li>\n<li>2-chamber security system &#8220;we take care about safety&#8221;<\/li>\n<\/ul>\n","protected":false},"excerpt":{"rendered":"<p>https:\/\/www.youtube.com\/watch?v=SHTDD4qpcGg [&#8230;]<\/p>\n<p><a class=\"btn btn-secondary understrap-read-more-link\" href=\"https:\/\/www.waterskis.lv\/en\/product\/towable-tube-spinera-wild-bob\/\">Read More&#8230;<\/a><\/p>\n","protected":false},"featured_media":60915,"comment_status":"closed","ping_status":"closed","template":"","meta":{"_acf_changed":false,"inline_featured_image":false},"product_brand":[1279],"product_cat":[964,380],"product_tag":[1487,3074,3075],"class_list":{"0":"post-60926","1":"product","2":"type-product","3":"status-publish","4":"has-post-thumbnail","6":"product_brand-spinera-watersports","7":"product_cat-1-rider-tubes","8":"product_cat-towables","9":"product_tag-ar-laivu-velkams-puslis","10":"product_tag-inflatable-towable-tube","11":"product_tag-3075","13":"first","14":"instock","15":"shipping-taxable","16":"purchasable","17":"product-type-simple"},"acf":[],"yoast_head":"<!-- This site is optimized with the Yoast SEO plugin v27.3 - https:\/\/yoast.com\/product\/yoast-seo-wordpress\/ -->\n<title>Towable tube Spinera Wild Bob - WATERSKIS.LV<\/title>\n<meta name=\"description\" content=\"Towable tube Spinera Wild Bob. The extra thick tube material is enclosed with a sturdy nylon cover, the drawbar eye is sewn several times at different point\" \/>\n<meta name=\"robots\" content=\"index, follow, max-snippet:-1, max-image-preview:large, max-video-preview:-1\" \/>\n<link rel=\"canonical\" href=\"https:\/\/www.waterskis.lv\/en\/product\/towable-tube-spinera-wild-bob\/\" \/>\n<meta property=\"og:locale\" content=\"en_US\" \/>\n<meta property=\"og:type\" content=\"article\" \/>\n<meta property=\"og:title\" content=\"Towable tube Spinera Wild Bob - WATERSKIS.LV\" \/>\n<meta property=\"og:description\" content=\"Towable tube Spinera Wild Bob. The extra thick tube material is enclosed with a sturdy nylon cover, the drawbar eye is sewn several times at different point\" \/>\n<meta property=\"og:url\" content=\"https:\/\/www.waterskis.lv\/en\/product\/towable-tube-spinera-wild-bob\/\" \/>\n<meta property=\"og:site_name\" content=\"WATERSKIS.LV\" \/>\n<meta property=\"article:publisher\" content=\"https:\/\/www.facebook.com\/jurmalawaterskiwakeboardpark\/\" \/>\n<meta property=\"article:modified_time\" content=\"2026-01-30T13:07:41+00:00\" \/>\n<meta property=\"og:image\" content=\"https:\/\/www.waterskis.lv\/wp-content\/uploads\/2025\/02\/20241_image_20241_spinera_wild_bob_20241_2.webp\" \/>\n\t<meta property=\"og:image:width\" content=\"1200\" \/>\n\t<meta property=\"og:image:height\" content=\"1200\" \/>\n\t<meta property=\"og:image:type\" content=\"image\/webp\" \/>\n<meta name=\"twitter:card\" content=\"summary_large_image\" \/>\n<meta name=\"twitter:label1\" content=\"Est. reading time\" \/>\n\t<meta name=\"twitter:data1\" content=\"1 minute\" \/>\n<script type=\"application\/ld+json\" class=\"yoast-schema-graph\">{\"@context\":\"https:\\\/\\\/schema.org\",\"@graph\":[{\"@type\":\"WebPage\",\"@id\":\"https:\\\/\\\/www.waterskis.lv\\\/en\\\/product\\\/towable-tube-spinera-wild-bob\\\/\",\"url\":\"https:\\\/\\\/www.waterskis.lv\\\/en\\\/product\\\/towable-tube-spinera-wild-bob\\\/\",\"name\":\"Towable tube Spinera Wild Bob - WATERSKIS.LV\",\"isPartOf\":{\"@id\":\"https:\\\/\\\/www.waterskis.lv\\\/en\\\/#website\"},\"primaryImageOfPage\":{\"@id\":\"https:\\\/\\\/www.waterskis.lv\\\/en\\\/product\\\/towable-tube-spinera-wild-bob\\\/#primaryimage\"},\"image\":{\"@id\":\"https:\\\/\\\/www.waterskis.lv\\\/en\\\/product\\\/towable-tube-spinera-wild-bob\\\/#primaryimage\"},\"thumbnailUrl\":\"https:\\\/\\\/www.waterskis.lv\\\/wp-content\\\/uploads\\\/2025\\\/02\\\/20241_image_20241_spinera_wild_bob_20241_2.webp\",\"datePublished\":\"2025-02-08T10:16:42+00:00\",\"dateModified\":\"2026-01-30T13:07:41+00:00\",\"description\":\"Towable tube Spinera Wild Bob. The extra thick tube material is enclosed with a sturdy nylon cover, the drawbar eye is sewn several times at different point\",\"breadcrumb\":{\"@id\":\"https:\\\/\\\/www.waterskis.lv\\\/en\\\/product\\\/towable-tube-spinera-wild-bob\\\/#breadcrumb\"},\"inLanguage\":\"en-US\",\"potentialAction\":[{\"@type\":\"ReadAction\",\"target\":[\"https:\\\/\\\/www.waterskis.lv\\\/en\\\/product\\\/towable-tube-spinera-wild-bob\\\/\"]}]},{\"@type\":\"ImageObject\",\"inLanguage\":\"en-US\",\"@id\":\"https:\\\/\\\/www.waterskis.lv\\\/en\\\/product\\\/towable-tube-spinera-wild-bob\\\/#primaryimage\",\"url\":\"https:\\\/\\\/www.waterskis.lv\\\/wp-content\\\/uploads\\\/2025\\\/02\\\/20241_image_20241_spinera_wild_bob_20241_2.webp\",\"contentUrl\":\"https:\\\/\\\/www.waterskis.lv\\\/wp-content\\\/uploads\\\/2025\\\/02\\\/20241_image_20241_spinera_wild_bob_20241_2.webp\",\"width\":1200,\"height\":1200,\"caption\":\"Aiz laivas velkams piep\u016b\u0161ams p\u016bslis Spinera Wild Bob\"},{\"@type\":\"BreadcrumbList\",\"@id\":\"https:\\\/\\\/www.waterskis.lv\\\/en\\\/product\\\/towable-tube-spinera-wild-bob\\\/#breadcrumb\",\"itemListElement\":[{\"@type\":\"ListItem\",\"position\":1,\"name\":\"Home\",\"item\":\"https:\\\/\\\/www.waterskis.lv\\\/en\\\/\"},{\"@type\":\"ListItem\",\"position\":2,\"name\":\"Shop\",\"item\":\"https:\\\/\\\/waterskis.lv\\\/en\\\/shop\\\/\"},{\"@type\":\"ListItem\",\"position\":3,\"name\":\"Towable tube Spinera Wild Bob\"}]},{\"@type\":\"WebSite\",\"@id\":\"https:\\\/\\\/www.waterskis.lv\\\/en\\\/#website\",\"url\":\"https:\\\/\\\/www.waterskis.lv\\\/en\\\/\",\"name\":\"WATERSKIS.LV\",\"description\":\"SUP d\u0113\u013ci, kajaki, kanoe, airu laivas, \u016bdenssl\u0113po\u0161ana, veikbords, SUP d\u0113\u013cu noma, kajaku nomaakt\u012bv\u0101s atp\u016btas centrs, laivu noma, sup noma, kajaku noma\",\"publisher\":{\"@id\":\"https:\\\/\\\/www.waterskis.lv\\\/en\\\/#organization\"},\"potentialAction\":[{\"@type\":\"SearchAction\",\"target\":{\"@type\":\"EntryPoint\",\"urlTemplate\":\"https:\\\/\\\/www.waterskis.lv\\\/en\\\/?s={search_term_string}\"},\"query-input\":{\"@type\":\"PropertyValueSpecification\",\"valueRequired\":true,\"valueName\":\"search_term_string\"}}],\"inLanguage\":\"en-US\"},{\"@type\":\"Organization\",\"@id\":\"https:\\\/\\\/www.waterskis.lv\\\/en\\\/#organization\",\"name\":\"WATERSKIS.LV\",\"url\":\"https:\\\/\\\/www.waterskis.lv\\\/en\\\/\",\"logo\":{\"@type\":\"ImageObject\",\"inLanguage\":\"en-US\",\"@id\":\"https:\\\/\\\/www.waterskis.lv\\\/en\\\/#\\\/schema\\\/logo\\\/image\\\/\",\"url\":\"https:\\\/\\\/www.waterskis.lv\\\/wp-content\\\/uploads\\\/2025\\\/01\\\/JUVP-logo.png\",\"contentUrl\":\"https:\\\/\\\/www.waterskis.lv\\\/wp-content\\\/uploads\\\/2025\\\/01\\\/JUVP-logo.png\",\"width\":421,\"height\":202,\"caption\":\"WATERSKIS.LV\"},\"image\":{\"@id\":\"https:\\\/\\\/www.waterskis.lv\\\/en\\\/#\\\/schema\\\/logo\\\/image\\\/\"},\"sameAs\":[\"https:\\\/\\\/www.facebook.com\\\/jurmalawaterskiwakeboardpark\\\/\"]}]}<\/script>\n<!-- \/ Yoast SEO plugin. -->","yoast_head_json":{"title":"Towable tube Spinera Wild Bob - WATERSKIS.LV","description":"Towable tube Spinera Wild Bob. The extra thick tube material is enclosed with a sturdy nylon cover, the drawbar eye is sewn several times at different point","robots":{"index":"index","follow":"follow","max-snippet":"max-snippet:-1","max-image-preview":"max-image-preview:large","max-video-preview":"max-video-preview:-1"},"canonical":"https:\/\/www.waterskis.lv\/en\/product\/towable-tube-spinera-wild-bob\/","og_locale":"en_US","og_type":"article","og_title":"Towable tube Spinera Wild Bob - WATERSKIS.LV","og_description":"Towable tube Spinera Wild Bob. The extra thick tube material is enclosed with a sturdy nylon cover, the drawbar eye is sewn several times at different point","og_url":"https:\/\/www.waterskis.lv\/en\/product\/towable-tube-spinera-wild-bob\/","og_site_name":"WATERSKIS.LV","article_publisher":"https:\/\/www.facebook.com\/jurmalawaterskiwakeboardpark\/","article_modified_time":"2026-01-30T13:07:41+00:00","og_image":[{"width":1200,"height":1200,"url":"https:\/\/www.waterskis.lv\/wp-content\/uploads\/2025\/02\/20241_image_20241_spinera_wild_bob_20241_2.webp","type":"image\/webp"}],"twitter_card":"summary_large_image","twitter_misc":{"Est. reading time":"1 minute"},"schema":{"@context":"https:\/\/schema.org","@graph":[{"@type":"WebPage","@id":"https:\/\/www.waterskis.lv\/en\/product\/towable-tube-spinera-wild-bob\/","url":"https:\/\/www.waterskis.lv\/en\/product\/towable-tube-spinera-wild-bob\/","name":"Towable tube Spinera Wild Bob - WATERSKIS.LV","isPartOf":{"@id":"https:\/\/www.waterskis.lv\/en\/#website"},"primaryImageOfPage":{"@id":"https:\/\/www.waterskis.lv\/en\/product\/towable-tube-spinera-wild-bob\/#primaryimage"},"image":{"@id":"https:\/\/www.waterskis.lv\/en\/product\/towable-tube-spinera-wild-bob\/#primaryimage"},"thumbnailUrl":"https:\/\/www.waterskis.lv\/wp-content\/uploads\/2025\/02\/20241_image_20241_spinera_wild_bob_20241_2.webp","datePublished":"2025-02-08T10:16:42+00:00","dateModified":"2026-01-30T13:07:41+00:00","description":"Towable tube Spinera Wild Bob. The extra thick tube material is enclosed with a sturdy nylon cover, the drawbar eye is sewn several times at different point","breadcrumb":{"@id":"https:\/\/www.waterskis.lv\/en\/product\/towable-tube-spinera-wild-bob\/#breadcrumb"},"inLanguage":"en-US","potentialAction":[{"@type":"ReadAction","target":["https:\/\/www.waterskis.lv\/en\/product\/towable-tube-spinera-wild-bob\/"]}]},{"@type":"ImageObject","inLanguage":"en-US","@id":"https:\/\/www.waterskis.lv\/en\/product\/towable-tube-spinera-wild-bob\/#primaryimage","url":"https:\/\/www.waterskis.lv\/wp-content\/uploads\/2025\/02\/20241_image_20241_spinera_wild_bob_20241_2.webp","contentUrl":"https:\/\/www.waterskis.lv\/wp-content\/uploads\/2025\/02\/20241_image_20241_spinera_wild_bob_20241_2.webp","width":1200,"height":1200,"caption":"Aiz laivas velkams piep\u016b\u0161ams p\u016bslis Spinera Wild Bob"},{"@type":"BreadcrumbList","@id":"https:\/\/www.waterskis.lv\/en\/product\/towable-tube-spinera-wild-bob\/#breadcrumb","itemListElement":[{"@type":"ListItem","position":1,"name":"Home","item":"https:\/\/www.waterskis.lv\/en\/"},{"@type":"ListItem","position":2,"name":"Shop","item":"https:\/\/waterskis.lv\/en\/shop\/"},{"@type":"ListItem","position":3,"name":"Towable tube Spinera Wild Bob"}]},{"@type":"WebSite","@id":"https:\/\/www.waterskis.lv\/en\/#website","url":"https:\/\/www.waterskis.lv\/en\/","name":"WATERSKIS.LV","description":"SUP d\u0113\u013ci, kajaki, kanoe, airu laivas, \u016bdenssl\u0113po\u0161ana, veikbords, SUP d\u0113\u013cu noma, kajaku nomaakt\u012bv\u0101s atp\u016btas centrs, laivu noma, sup noma, kajaku noma","publisher":{"@id":"https:\/\/www.waterskis.lv\/en\/#organization"},"potentialAction":[{"@type":"SearchAction","target":{"@type":"EntryPoint","urlTemplate":"https:\/\/www.waterskis.lv\/en\/?s={search_term_string}"},"query-input":{"@type":"PropertyValueSpecification","valueRequired":true,"valueName":"search_term_string"}}],"inLanguage":"en-US"},{"@type":"Organization","@id":"https:\/\/www.waterskis.lv\/en\/#organization","name":"WATERSKIS.LV","url":"https:\/\/www.waterskis.lv\/en\/","logo":{"@type":"ImageObject","inLanguage":"en-US","@id":"https:\/\/www.waterskis.lv\/en\/#\/schema\/logo\/image\/","url":"https:\/\/www.waterskis.lv\/wp-content\/uploads\/2025\/01\/JUVP-logo.png","contentUrl":"https:\/\/www.waterskis.lv\/wp-content\/uploads\/2025\/01\/JUVP-logo.png","width":421,"height":202,"caption":"WATERSKIS.LV"},"image":{"@id":"https:\/\/www.waterskis.lv\/en\/#\/schema\/logo\/image\/"},"sameAs":["https:\/\/www.facebook.com\/jurmalawaterskiwakeboardpark\/"]}]}},"_links":{"self":[{"href":"https:\/\/www.waterskis.lv\/en\/wp-json\/wp\/v2\/product\/60926","targetHints":{"allow":["GET"]}}],"collection":[{"href":"https:\/\/www.waterskis.lv\/en\/wp-json\/wp\/v2\/product"}],"about":[{"href":"https:\/\/www.waterskis.lv\/en\/wp-json\/wp\/v2\/types\/product"}],"replies":[{"embeddable":true,"href":"https:\/\/www.waterskis.lv\/en\/wp-json\/wp\/v2\/comments?post=60926"}],"wp:featuredmedia":[{"embeddable":true,"href":"https:\/\/www.waterskis.lv\/en\/wp-json\/wp\/v2\/media\/60915"}],"wp:attachment":[{"href":"https:\/\/www.waterskis.lv\/en\/wp-json\/wp\/v2\/media?parent=60926"}],"wp:term":[{"taxonomy":"product_brand","embeddable":true,"href":"https:\/\/www.waterskis.lv\/en\/wp-json\/wp\/v2\/product_brand?post=60926"},{"taxonomy":"product_cat","embeddable":true,"href":"https:\/\/www.waterskis.lv\/en\/wp-json\/wp\/v2\/product_cat?post=60926"},{"taxonomy":"product_tag","embeddable":true,"href":"https:\/\/www.waterskis.lv\/en\/wp-json\/wp\/v2\/product_tag?post=60926"}],"curies":[{"name":"wp","href":"https:\/\/api.w.org\/{rel}","templated":true}]}}