{"id":61041,"date":"2025-02-08T18:45:50","date_gmt":"2025-02-08T16:45:50","guid":{"rendered":"https:\/\/www.waterskis.lv\/product\/piepusams-velkams-puslis-spinera-just-fun-2\/"},"modified":"2026-01-30T17:16:02","modified_gmt":"2026-01-30T15:16:02","slug":"towable-tube-spinera-just-fun-2","status":"publish","type":"product","link":"https:\/\/www.waterskis.lv\/en\/product\/towable-tube-spinera-just-fun-2\/","title":{"rendered":"Towable Tube Spinera Just Fun 2"},"content":{"rendered":"<h1>Towable Tube Spinera Just Fun 2<\/h1>\n<p>Towable Tube Spinera Just Fun 2<\/p>\n<p>Discover the Spinera Just Fun 2 &#8211; Your ultimate companion for water fun!<\/p>\n<p>Enjoy endless fun on the water with the Spinera Just Fun 2. Crafted with quality and safety in mind, this tube is designed to provide you and a companion with an exhilarating experience every time.<\/p>\n<p>Whether you&#8217;re cruising along the river or enjoying a day at the lake, the Spinera Just Fun 2 offers comfort, stability, and endless fun for you and your companion.<\/p>\n<p>Get ready to create unforgettable memories on the water!<\/p>\n<p>In addition to its comfortable design, the Spinera Just Fun 2 offers a variety of key features, including:<\/p>\n<p><b>SIZE:<\/b><\/p>\n<ul>\n<li>77.25&#8243; x 68&#8243; x 31.75&#8243; (inflated)<\/li>\n<li>196,2 x172,7&#215;80,6 cm (inflated)<\/li>\n<\/ul>\n<p><b>PRODUCTION:<\/b><\/p>\n<ul>\n<li>PVC thickness: 26 gauge \/ 0,6-0,65mm<\/li>\n<li>Nylon cover thickness: 420D-840D<\/li>\n<li>4 fully padded comfort handles w. neoprene knuckle guards<\/li>\n<li>2 Boston valves for fast inflation &amp; deflation<\/li>\n<li>2-Chamber security system &#8220;we take care about safety&#8221;<\/li>\n<li>1 extra Valve for armrest<\/li>\n<li>1 Quick connector hook<\/li>\n<li>designed for up to 2 adults<\/li>\n<\/ul>\n<p><b>SPECIAL:<\/b><\/p>\n<ul>\n<li>comfortable\/wide seating area<\/li>\n<li>separate armrest for each person<\/li>\n<\/ul>\n","protected":false},"excerpt":{"rendered":"<p>https:\/\/www.youtube.com\/watch?v=HUB2F7ZWGJE [&#8230;]<\/p>\n<p><a class=\"btn btn-secondary understrap-read-more-link\" href=\"https:\/\/www.waterskis.lv\/en\/product\/towable-tube-spinera-just-fun-2\/\">Read More&#8230;<\/a><\/p>\n","protected":false},"featured_media":61024,"comment_status":"closed","ping_status":"closed","template":"","meta":{"_acf_changed":false,"inline_featured_image":false},"product_brand":[1279],"product_cat":[965,380],"product_tag":[1487,3074,3075],"class_list":{"0":"post-61041","1":"product","2":"type-product","3":"status-publish","4":"has-post-thumbnail","6":"product_brand-spinera-watersports","7":"product_cat-2-rider-tubes","8":"product_cat-towables","9":"product_tag-ar-laivu-velkams-puslis","10":"product_tag-inflatable-towable-tube","11":"product_tag-3075","13":"first","14":"instock","15":"shipping-taxable","16":"purchasable","17":"product-type-simple"},"acf":[],"yoast_head":"<!-- This site is optimized with the Yoast SEO plugin v27.5 - https:\/\/yoast.com\/product\/yoast-seo-wordpress\/ -->\n<title>Towable Tube Spinera Just Fun 2 - WATERSKIS.LV<\/title>\n<meta name=\"description\" content=\"Towable Tube Spinera Just Fun 2 Your ultimate companion for water fun! Enjoy endless fun on the water with the Spinera Just Fun 2\" \/>\n<meta name=\"robots\" content=\"index, follow, max-snippet:-1, max-image-preview:large, max-video-preview:-1\" \/>\n<link rel=\"canonical\" href=\"https:\/\/www.waterskis.lv\/en\/product\/towable-tube-spinera-just-fun-2\/\" \/>\n<meta property=\"og:locale\" content=\"en_US\" \/>\n<meta property=\"og:type\" content=\"article\" \/>\n<meta property=\"og:title\" content=\"Towable Tube Spinera Just Fun 2 - WATERSKIS.LV\" \/>\n<meta property=\"og:description\" content=\"Towable Tube Spinera Just Fun 2 Your ultimate companion for water fun! Enjoy endless fun on the water with the Spinera Just Fun 2\" \/>\n<meta property=\"og:url\" content=\"https:\/\/www.waterskis.lv\/en\/product\/towable-tube-spinera-just-fun-2\/\" \/>\n<meta property=\"og:site_name\" content=\"WATERSKIS.LV\" \/>\n<meta property=\"article:publisher\" content=\"https:\/\/www.facebook.com\/jurmalawaterskiwakeboardpark\/\" \/>\n<meta property=\"article:modified_time\" content=\"2026-01-30T15:16:02+00:00\" \/>\n<meta property=\"og:image\" content=\"https:\/\/www.waterskis.lv\/wp-content\/uploads\/2025\/02\/23003_image_23003_spinera_just_fun_2_23003_1.webp\" \/>\n\t<meta property=\"og:image:width\" content=\"772\" \/>\n\t<meta property=\"og:image:height\" content=\"772\" \/>\n\t<meta property=\"og:image:type\" content=\"image\/webp\" \/>\n<meta name=\"twitter:card\" content=\"summary_large_image\" \/>\n<meta name=\"twitter:label1\" content=\"Est. reading time\" \/>\n\t<meta name=\"twitter:data1\" content=\"2 minutes\" \/>\n<script type=\"application\/ld+json\" class=\"yoast-schema-graph\">{\"@context\":\"https:\\\/\\\/schema.org\",\"@graph\":[{\"@type\":\"WebPage\",\"@id\":\"https:\\\/\\\/www.waterskis.lv\\\/en\\\/product\\\/towable-tube-spinera-just-fun-2\\\/\",\"url\":\"https:\\\/\\\/www.waterskis.lv\\\/en\\\/product\\\/towable-tube-spinera-just-fun-2\\\/\",\"name\":\"Towable Tube Spinera Just Fun 2 - WATERSKIS.LV\",\"isPartOf\":{\"@id\":\"https:\\\/\\\/www.waterskis.lv\\\/en\\\/#website\"},\"primaryImageOfPage\":{\"@id\":\"https:\\\/\\\/www.waterskis.lv\\\/en\\\/product\\\/towable-tube-spinera-just-fun-2\\\/#primaryimage\"},\"image\":{\"@id\":\"https:\\\/\\\/www.waterskis.lv\\\/en\\\/product\\\/towable-tube-spinera-just-fun-2\\\/#primaryimage\"},\"thumbnailUrl\":\"https:\\\/\\\/www.waterskis.lv\\\/wp-content\\\/uploads\\\/2025\\\/02\\\/23003_image_23003_spinera_just_fun_2_23003_1.webp\",\"datePublished\":\"2025-02-08T16:45:50+00:00\",\"dateModified\":\"2026-01-30T15:16:02+00:00\",\"description\":\"Towable Tube Spinera Just Fun 2 Your ultimate companion for water fun! Enjoy endless fun on the water with the Spinera Just Fun 2\",\"breadcrumb\":{\"@id\":\"https:\\\/\\\/www.waterskis.lv\\\/en\\\/product\\\/towable-tube-spinera-just-fun-2\\\/#breadcrumb\"},\"inLanguage\":\"en-US\",\"potentialAction\":[{\"@type\":\"ReadAction\",\"target\":[\"https:\\\/\\\/www.waterskis.lv\\\/en\\\/product\\\/towable-tube-spinera-just-fun-2\\\/\"]}]},{\"@type\":\"ImageObject\",\"inLanguage\":\"en-US\",\"@id\":\"https:\\\/\\\/www.waterskis.lv\\\/en\\\/product\\\/towable-tube-spinera-just-fun-2\\\/#primaryimage\",\"url\":\"https:\\\/\\\/www.waterskis.lv\\\/wp-content\\\/uploads\\\/2025\\\/02\\\/23003_image_23003_spinera_just_fun_2_23003_1.webp\",\"contentUrl\":\"https:\\\/\\\/www.waterskis.lv\\\/wp-content\\\/uploads\\\/2025\\\/02\\\/23003_image_23003_spinera_just_fun_2_23003_1.webp\",\"width\":772,\"height\":772,\"caption\":\"Piep\u016b\u0161ams velkams p\u016bslis Spinera Just Fun 2\"},{\"@type\":\"BreadcrumbList\",\"@id\":\"https:\\\/\\\/www.waterskis.lv\\\/en\\\/product\\\/towable-tube-spinera-just-fun-2\\\/#breadcrumb\",\"itemListElement\":[{\"@type\":\"ListItem\",\"position\":1,\"name\":\"Home\",\"item\":\"https:\\\/\\\/www.waterskis.lv\\\/en\\\/\"},{\"@type\":\"ListItem\",\"position\":2,\"name\":\"Shop\",\"item\":\"https:\\\/\\\/waterskis.lv\\\/en\\\/shop\\\/\"},{\"@type\":\"ListItem\",\"position\":3,\"name\":\"Towable Tube Spinera Just Fun 2\"}]},{\"@type\":\"WebSite\",\"@id\":\"https:\\\/\\\/www.waterskis.lv\\\/en\\\/#website\",\"url\":\"https:\\\/\\\/www.waterskis.lv\\\/en\\\/\",\"name\":\"WATERSKIS.LV\",\"description\":\"SUP d\u0113\u013ci, kajaki, kanoe, airu laivas, \u016bdenssl\u0113po\u0161ana, veikbords, SUP d\u0113\u013cu noma, kajaku nomaakt\u012bv\u0101s atp\u016btas centrs, laivu noma, sup noma, kajaku noma\",\"publisher\":{\"@id\":\"https:\\\/\\\/www.waterskis.lv\\\/en\\\/#organization\"},\"potentialAction\":[{\"@type\":\"SearchAction\",\"target\":{\"@type\":\"EntryPoint\",\"urlTemplate\":\"https:\\\/\\\/www.waterskis.lv\\\/en\\\/?s={search_term_string}\"},\"query-input\":{\"@type\":\"PropertyValueSpecification\",\"valueRequired\":true,\"valueName\":\"search_term_string\"}}],\"inLanguage\":\"en-US\"},{\"@type\":\"Organization\",\"@id\":\"https:\\\/\\\/www.waterskis.lv\\\/en\\\/#organization\",\"name\":\"WATERSKIS.LV\",\"url\":\"https:\\\/\\\/www.waterskis.lv\\\/en\\\/\",\"logo\":{\"@type\":\"ImageObject\",\"inLanguage\":\"en-US\",\"@id\":\"https:\\\/\\\/www.waterskis.lv\\\/en\\\/#\\\/schema\\\/logo\\\/image\\\/\",\"url\":\"https:\\\/\\\/www.waterskis.lv\\\/wp-content\\\/uploads\\\/2025\\\/01\\\/JUVP-logo.png\",\"contentUrl\":\"https:\\\/\\\/www.waterskis.lv\\\/wp-content\\\/uploads\\\/2025\\\/01\\\/JUVP-logo.png\",\"width\":421,\"height\":202,\"caption\":\"WATERSKIS.LV\"},\"image\":{\"@id\":\"https:\\\/\\\/www.waterskis.lv\\\/en\\\/#\\\/schema\\\/logo\\\/image\\\/\"},\"sameAs\":[\"https:\\\/\\\/www.facebook.com\\\/jurmalawaterskiwakeboardpark\\\/\"]}]}<\/script>\n<!-- \/ Yoast SEO plugin. -->","yoast_head_json":{"title":"Towable Tube Spinera Just Fun 2 - WATERSKIS.LV","description":"Towable Tube Spinera Just Fun 2 Your ultimate companion for water fun! Enjoy endless fun on the water with the Spinera Just Fun 2","robots":{"index":"index","follow":"follow","max-snippet":"max-snippet:-1","max-image-preview":"max-image-preview:large","max-video-preview":"max-video-preview:-1"},"canonical":"https:\/\/www.waterskis.lv\/en\/product\/towable-tube-spinera-just-fun-2\/","og_locale":"en_US","og_type":"article","og_title":"Towable Tube Spinera Just Fun 2 - WATERSKIS.LV","og_description":"Towable Tube Spinera Just Fun 2 Your ultimate companion for water fun! Enjoy endless fun on the water with the Spinera Just Fun 2","og_url":"https:\/\/www.waterskis.lv\/en\/product\/towable-tube-spinera-just-fun-2\/","og_site_name":"WATERSKIS.LV","article_publisher":"https:\/\/www.facebook.com\/jurmalawaterskiwakeboardpark\/","article_modified_time":"2026-01-30T15:16:02+00:00","og_image":[{"width":772,"height":772,"url":"https:\/\/www.waterskis.lv\/wp-content\/uploads\/2025\/02\/23003_image_23003_spinera_just_fun_2_23003_1.webp","type":"image\/webp"}],"twitter_card":"summary_large_image","twitter_misc":{"Est. reading time":"2 minutes"},"schema":{"@context":"https:\/\/schema.org","@graph":[{"@type":"WebPage","@id":"https:\/\/www.waterskis.lv\/en\/product\/towable-tube-spinera-just-fun-2\/","url":"https:\/\/www.waterskis.lv\/en\/product\/towable-tube-spinera-just-fun-2\/","name":"Towable Tube Spinera Just Fun 2 - WATERSKIS.LV","isPartOf":{"@id":"https:\/\/www.waterskis.lv\/en\/#website"},"primaryImageOfPage":{"@id":"https:\/\/www.waterskis.lv\/en\/product\/towable-tube-spinera-just-fun-2\/#primaryimage"},"image":{"@id":"https:\/\/www.waterskis.lv\/en\/product\/towable-tube-spinera-just-fun-2\/#primaryimage"},"thumbnailUrl":"https:\/\/www.waterskis.lv\/wp-content\/uploads\/2025\/02\/23003_image_23003_spinera_just_fun_2_23003_1.webp","datePublished":"2025-02-08T16:45:50+00:00","dateModified":"2026-01-30T15:16:02+00:00","description":"Towable Tube Spinera Just Fun 2 Your ultimate companion for water fun! Enjoy endless fun on the water with the Spinera Just Fun 2","breadcrumb":{"@id":"https:\/\/www.waterskis.lv\/en\/product\/towable-tube-spinera-just-fun-2\/#breadcrumb"},"inLanguage":"en-US","potentialAction":[{"@type":"ReadAction","target":["https:\/\/www.waterskis.lv\/en\/product\/towable-tube-spinera-just-fun-2\/"]}]},{"@type":"ImageObject","inLanguage":"en-US","@id":"https:\/\/www.waterskis.lv\/en\/product\/towable-tube-spinera-just-fun-2\/#primaryimage","url":"https:\/\/www.waterskis.lv\/wp-content\/uploads\/2025\/02\/23003_image_23003_spinera_just_fun_2_23003_1.webp","contentUrl":"https:\/\/www.waterskis.lv\/wp-content\/uploads\/2025\/02\/23003_image_23003_spinera_just_fun_2_23003_1.webp","width":772,"height":772,"caption":"Piep\u016b\u0161ams velkams p\u016bslis Spinera Just Fun 2"},{"@type":"BreadcrumbList","@id":"https:\/\/www.waterskis.lv\/en\/product\/towable-tube-spinera-just-fun-2\/#breadcrumb","itemListElement":[{"@type":"ListItem","position":1,"name":"Home","item":"https:\/\/www.waterskis.lv\/en\/"},{"@type":"ListItem","position":2,"name":"Shop","item":"https:\/\/waterskis.lv\/en\/shop\/"},{"@type":"ListItem","position":3,"name":"Towable Tube Spinera Just Fun 2"}]},{"@type":"WebSite","@id":"https:\/\/www.waterskis.lv\/en\/#website","url":"https:\/\/www.waterskis.lv\/en\/","name":"WATERSKIS.LV","description":"SUP d\u0113\u013ci, kajaki, kanoe, airu laivas, \u016bdenssl\u0113po\u0161ana, veikbords, SUP d\u0113\u013cu noma, kajaku nomaakt\u012bv\u0101s atp\u016btas centrs, laivu noma, sup noma, kajaku noma","publisher":{"@id":"https:\/\/www.waterskis.lv\/en\/#organization"},"potentialAction":[{"@type":"SearchAction","target":{"@type":"EntryPoint","urlTemplate":"https:\/\/www.waterskis.lv\/en\/?s={search_term_string}"},"query-input":{"@type":"PropertyValueSpecification","valueRequired":true,"valueName":"search_term_string"}}],"inLanguage":"en-US"},{"@type":"Organization","@id":"https:\/\/www.waterskis.lv\/en\/#organization","name":"WATERSKIS.LV","url":"https:\/\/www.waterskis.lv\/en\/","logo":{"@type":"ImageObject","inLanguage":"en-US","@id":"https:\/\/www.waterskis.lv\/en\/#\/schema\/logo\/image\/","url":"https:\/\/www.waterskis.lv\/wp-content\/uploads\/2025\/01\/JUVP-logo.png","contentUrl":"https:\/\/www.waterskis.lv\/wp-content\/uploads\/2025\/01\/JUVP-logo.png","width":421,"height":202,"caption":"WATERSKIS.LV"},"image":{"@id":"https:\/\/www.waterskis.lv\/en\/#\/schema\/logo\/image\/"},"sameAs":["https:\/\/www.facebook.com\/jurmalawaterskiwakeboardpark\/"]}]}},"_links":{"self":[{"href":"https:\/\/www.waterskis.lv\/en\/wp-json\/wp\/v2\/product\/61041","targetHints":{"allow":["GET"]}}],"collection":[{"href":"https:\/\/www.waterskis.lv\/en\/wp-json\/wp\/v2\/product"}],"about":[{"href":"https:\/\/www.waterskis.lv\/en\/wp-json\/wp\/v2\/types\/product"}],"replies":[{"embeddable":true,"href":"https:\/\/www.waterskis.lv\/en\/wp-json\/wp\/v2\/comments?post=61041"}],"wp:featuredmedia":[{"embeddable":true,"href":"https:\/\/www.waterskis.lv\/en\/wp-json\/wp\/v2\/media\/61024"}],"wp:attachment":[{"href":"https:\/\/www.waterskis.lv\/en\/wp-json\/wp\/v2\/media?parent=61041"}],"wp:term":[{"taxonomy":"product_brand","embeddable":true,"href":"https:\/\/www.waterskis.lv\/en\/wp-json\/wp\/v2\/product_brand?post=61041"},{"taxonomy":"product_cat","embeddable":true,"href":"https:\/\/www.waterskis.lv\/en\/wp-json\/wp\/v2\/product_cat?post=61041"},{"taxonomy":"product_tag","embeddable":true,"href":"https:\/\/www.waterskis.lv\/en\/wp-json\/wp\/v2\/product_tag?post=61041"}],"curies":[{"name":"wp","href":"https:\/\/api.w.org\/{rel}","templated":true}]}}