{"id":61313,"date":"2025-02-09T10:27:19","date_gmt":"2025-02-09T08:27:19","guid":{"rendered":"https:\/\/waterskis.lv\/product\/piepusams-velkams-puslis-spinera-wing-3\/"},"modified":"2026-01-30T18:55:59","modified_gmt":"2026-01-30T16:55:59","slug":"spinera-wing-3-inflatable-towing-tube","status":"publish","type":"product","link":"https:\/\/www.waterskis.lv\/en\/product\/spinera-wing-3-inflatable-towing-tube\/","title":{"rendered":"Spinera Wing 3 Inflatable Towing Tube"},"content":{"rendered":"<h1>Spinera Wing 3 Inflatable Towing Tube<\/h1>\n<p>Spinera Wing 3 Inflatable Towing Tube<\/p>\n<p>With its &#8220;wings&#8221;, the wing simply lifts off the water and likes to leave behind a few meters in the air. The sleek shape of this tube has a very low resistance and thus optimal sliding properties. Clean, Carve and Fly!<\/p>\n<p>This tube is made for highest demands and durability. It is completely enclosed in a nylon sheath, the drawbar eye is sewn at several draw points and the soft nylon handles with underlying neoprene pads represent the outstanding quality of Spinera.<\/p>\n<p><b>Details:<\/b><\/p>\n<ul>\n<li>Size: 82,7&#8243;x64&#8243;\/210&#215;163 (including inflated wing)<\/li>\n<li>PVC Thickness: 0,7mm<\/li>\n<li>Nylon Cover Thickness: 840D<\/li>\n<li>Fully padded comfort Handles w. neoprene knuckle guards: 6<\/li>\n<li>2 additional boarding handles<\/li>\n<li>Boston valve for fast inflation &amp; deflation<\/li>\n<li>Quick Connector Hook<\/li>\n<\/ul>\n<p><b>Special:<\/b><\/p>\n<ul>\n<li>optimized side wing construction for maximal fun<\/li>\n<li>Inner width without wings: 120cm<\/li>\n<li>2-chamber security system &#8220;we take care about safety&#8221;<\/li>\n<\/ul>\n","protected":false},"excerpt":{"rendered":"<p>https:\/\/www.youtube.com\/watch?v=6-6TieVVRfk [&#8230;]<\/p>\n<p><a class=\"btn btn-secondary understrap-read-more-link\" href=\"https:\/\/www.waterskis.lv\/en\/product\/spinera-wing-3-inflatable-towing-tube\/\">Read More&#8230;<\/a><\/p>\n","protected":false},"featured_media":61298,"comment_status":"closed","ping_status":"closed","template":"","meta":{"_acf_changed":false,"inline_featured_image":false},"product_brand":[1279],"product_cat":[966,380],"product_tag":[1482,3074,3075],"class_list":{"0":"post-61313","1":"product","2":"type-product","3":"status-publish","4":"has-post-thumbnail","6":"product_brand-spinera-watersports","7":"product_cat-3-rider-tubes","8":"product_cat-towables","9":"product_tag-aiz-laivas-velkamais-puslis","10":"product_tag-inflatable-towable-tube","11":"product_tag-3075","13":"first","14":"instock","15":"shipping-taxable","16":"purchasable","17":"product-type-simple"},"acf":[],"yoast_head":"<!-- This site is optimized with the Yoast SEO plugin v27.3 - https:\/\/yoast.com\/product\/yoast-seo-wordpress\/ -->\n<title>Spinera Wing 3 Inflatable Towing Tube - WATERSKIS.LV<\/title>\n<meta name=\"description\" content=\"Spinera Wing 3 Inflatable Towing Tube. he sleek shape of this tube has a very low resistance and thus optimal sliding properties. Clean, Carve and Fly!\" \/>\n<meta name=\"robots\" content=\"index, follow, max-snippet:-1, max-image-preview:large, max-video-preview:-1\" \/>\n<link rel=\"canonical\" href=\"https:\/\/www.waterskis.lv\/en\/product\/spinera-wing-3-inflatable-towing-tube\/\" \/>\n<meta property=\"og:locale\" content=\"en_US\" \/>\n<meta property=\"og:type\" content=\"article\" \/>\n<meta property=\"og:title\" content=\"Spinera Wing 3 Inflatable Towing Tube - WATERSKIS.LV\" \/>\n<meta property=\"og:description\" content=\"Spinera Wing 3 Inflatable Towing Tube. he sleek shape of this tube has a very low resistance and thus optimal sliding properties. Clean, Carve and Fly!\" \/>\n<meta property=\"og:url\" content=\"https:\/\/www.waterskis.lv\/en\/product\/spinera-wing-3-inflatable-towing-tube\/\" \/>\n<meta property=\"og:site_name\" content=\"WATERSKIS.LV\" \/>\n<meta property=\"article:publisher\" content=\"https:\/\/www.facebook.com\/jurmalawaterskiwakeboardpark\/\" \/>\n<meta property=\"article:modified_time\" content=\"2026-01-30T16:55:59+00:00\" \/>\n<meta property=\"og:image\" content=\"https:\/\/www.waterskis.lv\/wp-content\/uploads\/2025\/02\/20244_image_20244_spinera_wing_3_20244_1.webp\" \/>\n\t<meta property=\"og:image:width\" content=\"2000\" \/>\n\t<meta property=\"og:image:height\" content=\"2000\" \/>\n\t<meta property=\"og:image:type\" content=\"image\/webp\" \/>\n<meta name=\"twitter:card\" content=\"summary_large_image\" \/>\n<meta name=\"twitter:label1\" content=\"Est. reading time\" \/>\n\t<meta name=\"twitter:data1\" content=\"2 minutes\" \/>\n<script type=\"application\/ld+json\" class=\"yoast-schema-graph\">{\"@context\":\"https:\\\/\\\/schema.org\",\"@graph\":[{\"@type\":\"WebPage\",\"@id\":\"https:\\\/\\\/www.waterskis.lv\\\/en\\\/product\\\/spinera-wing-3-inflatable-towing-tube\\\/\",\"url\":\"https:\\\/\\\/www.waterskis.lv\\\/en\\\/product\\\/spinera-wing-3-inflatable-towing-tube\\\/\",\"name\":\"Spinera Wing 3 Inflatable Towing Tube - WATERSKIS.LV\",\"isPartOf\":{\"@id\":\"https:\\\/\\\/www.waterskis.lv\\\/en\\\/#website\"},\"primaryImageOfPage\":{\"@id\":\"https:\\\/\\\/www.waterskis.lv\\\/en\\\/product\\\/spinera-wing-3-inflatable-towing-tube\\\/#primaryimage\"},\"image\":{\"@id\":\"https:\\\/\\\/www.waterskis.lv\\\/en\\\/product\\\/spinera-wing-3-inflatable-towing-tube\\\/#primaryimage\"},\"thumbnailUrl\":\"https:\\\/\\\/www.waterskis.lv\\\/wp-content\\\/uploads\\\/2025\\\/02\\\/20244_image_20244_spinera_wing_3_20244_1.webp\",\"datePublished\":\"2025-02-09T08:27:19+00:00\",\"dateModified\":\"2026-01-30T16:55:59+00:00\",\"description\":\"Spinera Wing 3 Inflatable Towing Tube. he sleek shape of this tube has a very low resistance and thus optimal sliding properties. Clean, Carve and Fly!\",\"breadcrumb\":{\"@id\":\"https:\\\/\\\/www.waterskis.lv\\\/en\\\/product\\\/spinera-wing-3-inflatable-towing-tube\\\/#breadcrumb\"},\"inLanguage\":\"en-US\",\"potentialAction\":[{\"@type\":\"ReadAction\",\"target\":[\"https:\\\/\\\/www.waterskis.lv\\\/en\\\/product\\\/spinera-wing-3-inflatable-towing-tube\\\/\"]}]},{\"@type\":\"ImageObject\",\"inLanguage\":\"en-US\",\"@id\":\"https:\\\/\\\/www.waterskis.lv\\\/en\\\/product\\\/spinera-wing-3-inflatable-towing-tube\\\/#primaryimage\",\"url\":\"https:\\\/\\\/www.waterskis.lv\\\/wp-content\\\/uploads\\\/2025\\\/02\\\/20244_image_20244_spinera_wing_3_20244_1.webp\",\"contentUrl\":\"https:\\\/\\\/www.waterskis.lv\\\/wp-content\\\/uploads\\\/2025\\\/02\\\/20244_image_20244_spinera_wing_3_20244_1.webp\",\"width\":2000,\"height\":2000,\"caption\":\"Piep\u016b\u0161ams velkams p\u016bslis Spinera Wing 3\"},{\"@type\":\"BreadcrumbList\",\"@id\":\"https:\\\/\\\/www.waterskis.lv\\\/en\\\/product\\\/spinera-wing-3-inflatable-towing-tube\\\/#breadcrumb\",\"itemListElement\":[{\"@type\":\"ListItem\",\"position\":1,\"name\":\"Home\",\"item\":\"https:\\\/\\\/www.waterskis.lv\\\/en\\\/\"},{\"@type\":\"ListItem\",\"position\":2,\"name\":\"Shop\",\"item\":\"https:\\\/\\\/waterskis.lv\\\/en\\\/shop\\\/\"},{\"@type\":\"ListItem\",\"position\":3,\"name\":\"Spinera Wing 3 Inflatable Towing Tube\"}]},{\"@type\":\"WebSite\",\"@id\":\"https:\\\/\\\/www.waterskis.lv\\\/en\\\/#website\",\"url\":\"https:\\\/\\\/www.waterskis.lv\\\/en\\\/\",\"name\":\"WATERSKIS.LV\",\"description\":\"SUP d\u0113\u013ci, kajaki, kanoe, airu laivas, \u016bdenssl\u0113po\u0161ana, veikbords, SUP d\u0113\u013cu noma, kajaku nomaakt\u012bv\u0101s atp\u016btas centrs, laivu noma, sup noma, kajaku noma\",\"publisher\":{\"@id\":\"https:\\\/\\\/www.waterskis.lv\\\/en\\\/#organization\"},\"potentialAction\":[{\"@type\":\"SearchAction\",\"target\":{\"@type\":\"EntryPoint\",\"urlTemplate\":\"https:\\\/\\\/www.waterskis.lv\\\/en\\\/?s={search_term_string}\"},\"query-input\":{\"@type\":\"PropertyValueSpecification\",\"valueRequired\":true,\"valueName\":\"search_term_string\"}}],\"inLanguage\":\"en-US\"},{\"@type\":\"Organization\",\"@id\":\"https:\\\/\\\/www.waterskis.lv\\\/en\\\/#organization\",\"name\":\"WATERSKIS.LV\",\"url\":\"https:\\\/\\\/www.waterskis.lv\\\/en\\\/\",\"logo\":{\"@type\":\"ImageObject\",\"inLanguage\":\"en-US\",\"@id\":\"https:\\\/\\\/www.waterskis.lv\\\/en\\\/#\\\/schema\\\/logo\\\/image\\\/\",\"url\":\"https:\\\/\\\/www.waterskis.lv\\\/wp-content\\\/uploads\\\/2025\\\/01\\\/JUVP-logo.png\",\"contentUrl\":\"https:\\\/\\\/www.waterskis.lv\\\/wp-content\\\/uploads\\\/2025\\\/01\\\/JUVP-logo.png\",\"width\":421,\"height\":202,\"caption\":\"WATERSKIS.LV\"},\"image\":{\"@id\":\"https:\\\/\\\/www.waterskis.lv\\\/en\\\/#\\\/schema\\\/logo\\\/image\\\/\"},\"sameAs\":[\"https:\\\/\\\/www.facebook.com\\\/jurmalawaterskiwakeboardpark\\\/\"]}]}<\/script>\n<!-- \/ Yoast SEO plugin. -->","yoast_head_json":{"title":"Spinera Wing 3 Inflatable Towing Tube - WATERSKIS.LV","description":"Spinera Wing 3 Inflatable Towing Tube. he sleek shape of this tube has a very low resistance and thus optimal sliding properties. Clean, Carve and Fly!","robots":{"index":"index","follow":"follow","max-snippet":"max-snippet:-1","max-image-preview":"max-image-preview:large","max-video-preview":"max-video-preview:-1"},"canonical":"https:\/\/www.waterskis.lv\/en\/product\/spinera-wing-3-inflatable-towing-tube\/","og_locale":"en_US","og_type":"article","og_title":"Spinera Wing 3 Inflatable Towing Tube - WATERSKIS.LV","og_description":"Spinera Wing 3 Inflatable Towing Tube. he sleek shape of this tube has a very low resistance and thus optimal sliding properties. Clean, Carve and Fly!","og_url":"https:\/\/www.waterskis.lv\/en\/product\/spinera-wing-3-inflatable-towing-tube\/","og_site_name":"WATERSKIS.LV","article_publisher":"https:\/\/www.facebook.com\/jurmalawaterskiwakeboardpark\/","article_modified_time":"2026-01-30T16:55:59+00:00","og_image":[{"width":2000,"height":2000,"url":"https:\/\/www.waterskis.lv\/wp-content\/uploads\/2025\/02\/20244_image_20244_spinera_wing_3_20244_1.webp","type":"image\/webp"}],"twitter_card":"summary_large_image","twitter_misc":{"Est. reading time":"2 minutes"},"schema":{"@context":"https:\/\/schema.org","@graph":[{"@type":"WebPage","@id":"https:\/\/www.waterskis.lv\/en\/product\/spinera-wing-3-inflatable-towing-tube\/","url":"https:\/\/www.waterskis.lv\/en\/product\/spinera-wing-3-inflatable-towing-tube\/","name":"Spinera Wing 3 Inflatable Towing Tube - WATERSKIS.LV","isPartOf":{"@id":"https:\/\/www.waterskis.lv\/en\/#website"},"primaryImageOfPage":{"@id":"https:\/\/www.waterskis.lv\/en\/product\/spinera-wing-3-inflatable-towing-tube\/#primaryimage"},"image":{"@id":"https:\/\/www.waterskis.lv\/en\/product\/spinera-wing-3-inflatable-towing-tube\/#primaryimage"},"thumbnailUrl":"https:\/\/www.waterskis.lv\/wp-content\/uploads\/2025\/02\/20244_image_20244_spinera_wing_3_20244_1.webp","datePublished":"2025-02-09T08:27:19+00:00","dateModified":"2026-01-30T16:55:59+00:00","description":"Spinera Wing 3 Inflatable Towing Tube. he sleek shape of this tube has a very low resistance and thus optimal sliding properties. Clean, Carve and Fly!","breadcrumb":{"@id":"https:\/\/www.waterskis.lv\/en\/product\/spinera-wing-3-inflatable-towing-tube\/#breadcrumb"},"inLanguage":"en-US","potentialAction":[{"@type":"ReadAction","target":["https:\/\/www.waterskis.lv\/en\/product\/spinera-wing-3-inflatable-towing-tube\/"]}]},{"@type":"ImageObject","inLanguage":"en-US","@id":"https:\/\/www.waterskis.lv\/en\/product\/spinera-wing-3-inflatable-towing-tube\/#primaryimage","url":"https:\/\/www.waterskis.lv\/wp-content\/uploads\/2025\/02\/20244_image_20244_spinera_wing_3_20244_1.webp","contentUrl":"https:\/\/www.waterskis.lv\/wp-content\/uploads\/2025\/02\/20244_image_20244_spinera_wing_3_20244_1.webp","width":2000,"height":2000,"caption":"Piep\u016b\u0161ams velkams p\u016bslis Spinera Wing 3"},{"@type":"BreadcrumbList","@id":"https:\/\/www.waterskis.lv\/en\/product\/spinera-wing-3-inflatable-towing-tube\/#breadcrumb","itemListElement":[{"@type":"ListItem","position":1,"name":"Home","item":"https:\/\/www.waterskis.lv\/en\/"},{"@type":"ListItem","position":2,"name":"Shop","item":"https:\/\/waterskis.lv\/en\/shop\/"},{"@type":"ListItem","position":3,"name":"Spinera Wing 3 Inflatable Towing Tube"}]},{"@type":"WebSite","@id":"https:\/\/www.waterskis.lv\/en\/#website","url":"https:\/\/www.waterskis.lv\/en\/","name":"WATERSKIS.LV","description":"SUP d\u0113\u013ci, kajaki, kanoe, airu laivas, \u016bdenssl\u0113po\u0161ana, veikbords, SUP d\u0113\u013cu noma, kajaku nomaakt\u012bv\u0101s atp\u016btas centrs, laivu noma, sup noma, kajaku noma","publisher":{"@id":"https:\/\/www.waterskis.lv\/en\/#organization"},"potentialAction":[{"@type":"SearchAction","target":{"@type":"EntryPoint","urlTemplate":"https:\/\/www.waterskis.lv\/en\/?s={search_term_string}"},"query-input":{"@type":"PropertyValueSpecification","valueRequired":true,"valueName":"search_term_string"}}],"inLanguage":"en-US"},{"@type":"Organization","@id":"https:\/\/www.waterskis.lv\/en\/#organization","name":"WATERSKIS.LV","url":"https:\/\/www.waterskis.lv\/en\/","logo":{"@type":"ImageObject","inLanguage":"en-US","@id":"https:\/\/www.waterskis.lv\/en\/#\/schema\/logo\/image\/","url":"https:\/\/www.waterskis.lv\/wp-content\/uploads\/2025\/01\/JUVP-logo.png","contentUrl":"https:\/\/www.waterskis.lv\/wp-content\/uploads\/2025\/01\/JUVP-logo.png","width":421,"height":202,"caption":"WATERSKIS.LV"},"image":{"@id":"https:\/\/www.waterskis.lv\/en\/#\/schema\/logo\/image\/"},"sameAs":["https:\/\/www.facebook.com\/jurmalawaterskiwakeboardpark\/"]}]}},"_links":{"self":[{"href":"https:\/\/www.waterskis.lv\/en\/wp-json\/wp\/v2\/product\/61313","targetHints":{"allow":["GET"]}}],"collection":[{"href":"https:\/\/www.waterskis.lv\/en\/wp-json\/wp\/v2\/product"}],"about":[{"href":"https:\/\/www.waterskis.lv\/en\/wp-json\/wp\/v2\/types\/product"}],"replies":[{"embeddable":true,"href":"https:\/\/www.waterskis.lv\/en\/wp-json\/wp\/v2\/comments?post=61313"}],"wp:featuredmedia":[{"embeddable":true,"href":"https:\/\/www.waterskis.lv\/en\/wp-json\/wp\/v2\/media\/61298"}],"wp:attachment":[{"href":"https:\/\/www.waterskis.lv\/en\/wp-json\/wp\/v2\/media?parent=61313"}],"wp:term":[{"taxonomy":"product_brand","embeddable":true,"href":"https:\/\/www.waterskis.lv\/en\/wp-json\/wp\/v2\/product_brand?post=61313"},{"taxonomy":"product_cat","embeddable":true,"href":"https:\/\/www.waterskis.lv\/en\/wp-json\/wp\/v2\/product_cat?post=61313"},{"taxonomy":"product_tag","embeddable":true,"href":"https:\/\/www.waterskis.lv\/en\/wp-json\/wp\/v2\/product_tag?post=61313"}],"curies":[{"name":"wp","href":"https:\/\/api.w.org\/{rel}","templated":true}]}}