{"id":61479,"date":"2025-02-09T16:57:58","date_gmt":"2025-02-09T14:57:58","guid":{"rendered":"https:\/\/www.waterskis.lv\/product\/spinera-professional-endless-ride-8-12-rotejoss-aiz-laivas-velkams-piepusams-puslis\/"},"modified":"2026-01-31T15:22:58","modified_gmt":"2026-01-31T13:22:58","slug":"spinera-professional-endless-ride-8-12-rotating-towable-inflatable-tube","status":"publish","type":"product","link":"https:\/\/www.waterskis.lv\/en\/product\/spinera-professional-endless-ride-8-12-rotating-towable-inflatable-tube\/","title":{"rendered":"Spinera Professional Endless Ride 8-12 Rotating Towable Inflatable Tube"},"content":{"rendered":"<h1>Spinera Professional Endless Ride 8-12 Rotating Towable Inflatable Tube<\/h1>\n<p>Spinera Professional Endless Ride 8-12 Rotating Towable Inflatable Tube<\/p>\n<p>Rotating Tube for 12 Pers. -Aqua Roulette<\/p>\n<p>It could not be better! Wow, wow and wow again &#8211; that&#8217;s the ultimate fun! This tube is specially made for commercial use with maximum durability. Heavy duty material, numerous handholds and the excellent quality of Spinera make this rotating tube an eye-catcher and attraction for your watersportstation and let the cash register ring!<\/p>\n<p>Notre ligne de bou\u00e9es professionnelles sont sp\u00e9cialement fait pour des bases nautiques. Les bou\u00e9es sont faites de nylon haut r\u00e9sistant \u00e0 la d\u00e9chirure. La partie int\u00e9rieure gonflable est faite de PVC de 0.9mm. Toutes les bou\u00e9es pro ont une protection de Tarpuline 0.8mm d&#8217;\u00e9paisseur sur le fond. Cette protection PVC renforc\u00e9e et lisse permet \u00e9galement de r\u00e9duire la consommation de carburant du bateau.<\/p>\n<p>&nbsp;<\/p>\n<p><b>Details:<\/b><\/p>\n<ul>\n<li>Professional Series\/Heavy Duty Rental<\/li>\n<li>Diameter: 197&#8243;\/500cm<\/li>\n<li>Capacity: up to 12 persons<\/li>\n<li>Comfort handles: 59<\/li>\n<\/ul>\n<p><b>Special:<\/b><\/p>\n<ul>\n<li>patented fast inflation H3 valves<\/li>\n<li>PRV &#8211; Pressure Relief Valve, 0,5-0,62PSI, (Purple)<\/li>\n<li>new stabilized spin system (enabling less fuel usage)<\/li>\n<li>extra strong 1000D, 0.9mm reinforced PVC material<\/li>\n<li>standard equipment: 1 repair kit, 1 carry bag<\/li>\n<li>repairable like inflatable boats in case of any damage<\/li>\n<li>Towing rope with an approx. length of 20-25m and a tensile strength of 2600kg is included<\/li>\n<li>2-chamber security system &#8220;we take care about safety&#8221;<\/li>\n<li>Color: yellow, black, red<\/li>\n<\/ul>\n","protected":false},"excerpt":{"rendered":"<p>https:\/\/www.youtube.com\/watch?v=J6XNZbCO7BI [&#8230;]<\/p>\n<p><a class=\"btn btn-secondary understrap-read-more-link\" href=\"https:\/\/www.waterskis.lv\/en\/product\/spinera-professional-endless-ride-8-12-rotating-towable-inflatable-tube\/\">Read More&#8230;<\/a><\/p>\n","protected":false},"featured_media":61456,"comment_status":"closed","ping_status":"closed","template":"","meta":{"_acf_changed":false,"inline_featured_image":false},"product_brand":[2677],"product_cat":[1241,1226,1232],"product_tag":[1414,3074],"class_list":{"0":"post-61479","1":"product","2":"type-product","3":"status-publish","4":"has-post-thumbnail","6":"product_brand-spinera-professional","7":"product_cat-hd-spinning-tube","8":"product_cat-spinera-professional-en","9":"product_cat-spinera-rental-tubes","10":"product_tag-aiz-laivas-velkams-puslis","11":"product_tag-inflatable-towable-tube","13":"first","14":"instock","15":"shipping-taxable","16":"purchasable","17":"product-type-simple"},"acf":[],"yoast_head":"<!-- This site is optimized with the Yoast SEO plugin v27.3 - https:\/\/yoast.com\/product\/yoast-seo-wordpress\/ -->\n<title>Spinera Professional Endless Ride 8-12 Rotating Towable Inflatable Tube - WATERSKIS.LV<\/title>\n<meta name=\"description\" content=\"Spinera Professional Endless Ride 8-12 Rotating Towable Inflatable Tube for 12 Pers. Aqua Roulette made for commercial use with maximum durability\" \/>\n<meta name=\"robots\" content=\"index, follow, max-snippet:-1, max-image-preview:large, max-video-preview:-1\" \/>\n<link rel=\"canonical\" href=\"https:\/\/www.waterskis.lv\/en\/product\/spinera-professional-endless-ride-8-12-rotating-towable-inflatable-tube\/\" \/>\n<meta property=\"og:locale\" content=\"en_US\" \/>\n<meta property=\"og:type\" content=\"article\" \/>\n<meta property=\"og:title\" content=\"Spinera Professional Endless Ride 8-12 Rotating Towable Inflatable Tube - WATERSKIS.LV\" \/>\n<meta property=\"og:description\" content=\"Spinera Professional Endless Ride 8-12 Rotating Towable Inflatable Tube for 12 Pers. Aqua Roulette made for commercial use with maximum durability\" \/>\n<meta property=\"og:url\" content=\"https:\/\/www.waterskis.lv\/en\/product\/spinera-professional-endless-ride-8-12-rotating-towable-inflatable-tube\/\" \/>\n<meta property=\"og:site_name\" content=\"WATERSKIS.LV\" \/>\n<meta property=\"article:publisher\" content=\"https:\/\/www.facebook.com\/jurmalawaterskiwakeboardpark\/\" \/>\n<meta property=\"article:modified_time\" content=\"2026-01-31T13:22:58+00:00\" \/>\n<meta property=\"og:image\" content=\"https:\/\/www.waterskis.lv\/wp-content\/uploads\/2025\/02\/18284_image_18284_spinera_professional_endless_ride_8-12_18284_1.webp\" \/>\n\t<meta property=\"og:image:width\" content=\"709\" \/>\n\t<meta property=\"og:image:height\" content=\"709\" \/>\n\t<meta property=\"og:image:type\" content=\"image\/webp\" \/>\n<meta name=\"twitter:card\" content=\"summary_large_image\" \/>\n<meta name=\"twitter:label1\" content=\"Est. reading time\" \/>\n\t<meta name=\"twitter:data1\" content=\"2 minutes\" \/>\n<script type=\"application\/ld+json\" class=\"yoast-schema-graph\">{\"@context\":\"https:\\\/\\\/schema.org\",\"@graph\":[{\"@type\":\"WebPage\",\"@id\":\"https:\\\/\\\/www.waterskis.lv\\\/en\\\/product\\\/spinera-professional-endless-ride-8-12-rotating-towable-inflatable-tube\\\/\",\"url\":\"https:\\\/\\\/www.waterskis.lv\\\/en\\\/product\\\/spinera-professional-endless-ride-8-12-rotating-towable-inflatable-tube\\\/\",\"name\":\"Spinera Professional Endless Ride 8-12 Rotating Towable Inflatable Tube - WATERSKIS.LV\",\"isPartOf\":{\"@id\":\"https:\\\/\\\/www.waterskis.lv\\\/en\\\/#website\"},\"primaryImageOfPage\":{\"@id\":\"https:\\\/\\\/www.waterskis.lv\\\/en\\\/product\\\/spinera-professional-endless-ride-8-12-rotating-towable-inflatable-tube\\\/#primaryimage\"},\"image\":{\"@id\":\"https:\\\/\\\/www.waterskis.lv\\\/en\\\/product\\\/spinera-professional-endless-ride-8-12-rotating-towable-inflatable-tube\\\/#primaryimage\"},\"thumbnailUrl\":\"https:\\\/\\\/www.waterskis.lv\\\/wp-content\\\/uploads\\\/2025\\\/02\\\/18284_image_18284_spinera_professional_endless_ride_8-12_18284_1.webp\",\"datePublished\":\"2025-02-09T14:57:58+00:00\",\"dateModified\":\"2026-01-31T13:22:58+00:00\",\"description\":\"Spinera Professional Endless Ride 8-12 Rotating Towable Inflatable Tube for 12 Pers. Aqua Roulette made for commercial use with maximum durability\",\"breadcrumb\":{\"@id\":\"https:\\\/\\\/www.waterskis.lv\\\/en\\\/product\\\/spinera-professional-endless-ride-8-12-rotating-towable-inflatable-tube\\\/#breadcrumb\"},\"inLanguage\":\"en-US\",\"potentialAction\":[{\"@type\":\"ReadAction\",\"target\":[\"https:\\\/\\\/www.waterskis.lv\\\/en\\\/product\\\/spinera-professional-endless-ride-8-12-rotating-towable-inflatable-tube\\\/\"]}]},{\"@type\":\"ImageObject\",\"inLanguage\":\"en-US\",\"@id\":\"https:\\\/\\\/www.waterskis.lv\\\/en\\\/product\\\/spinera-professional-endless-ride-8-12-rotating-towable-inflatable-tube\\\/#primaryimage\",\"url\":\"https:\\\/\\\/www.waterskis.lv\\\/wp-content\\\/uploads\\\/2025\\\/02\\\/18284_image_18284_spinera_professional_endless_ride_8-12_18284_1.webp\",\"contentUrl\":\"https:\\\/\\\/www.waterskis.lv\\\/wp-content\\\/uploads\\\/2025\\\/02\\\/18284_image_18284_spinera_professional_endless_ride_8-12_18284_1.webp\",\"width\":709,\"height\":709,\"caption\":\"Spinera Professional Endless Ride 8-12 rot\u0113jo\u0161s aiz laivas velkams piep\u016b\u0161ams p\u016bslis\"},{\"@type\":\"BreadcrumbList\",\"@id\":\"https:\\\/\\\/www.waterskis.lv\\\/en\\\/product\\\/spinera-professional-endless-ride-8-12-rotating-towable-inflatable-tube\\\/#breadcrumb\",\"itemListElement\":[{\"@type\":\"ListItem\",\"position\":1,\"name\":\"Home\",\"item\":\"https:\\\/\\\/www.waterskis.lv\\\/en\\\/\"},{\"@type\":\"ListItem\",\"position\":2,\"name\":\"Shop\",\"item\":\"https:\\\/\\\/waterskis.lv\\\/en\\\/shop\\\/\"},{\"@type\":\"ListItem\",\"position\":3,\"name\":\"Spinera Professional Endless Ride 8-12 Rotating Towable Inflatable Tube\"}]},{\"@type\":\"WebSite\",\"@id\":\"https:\\\/\\\/www.waterskis.lv\\\/en\\\/#website\",\"url\":\"https:\\\/\\\/www.waterskis.lv\\\/en\\\/\",\"name\":\"WATERSKIS.LV\",\"description\":\"SUP d\u0113\u013ci, kajaki, kanoe, airu laivas, \u016bdenssl\u0113po\u0161ana, veikbords, SUP d\u0113\u013cu noma, kajaku nomaakt\u012bv\u0101s atp\u016btas centrs, laivu noma, sup noma, kajaku noma\",\"publisher\":{\"@id\":\"https:\\\/\\\/www.waterskis.lv\\\/en\\\/#organization\"},\"potentialAction\":[{\"@type\":\"SearchAction\",\"target\":{\"@type\":\"EntryPoint\",\"urlTemplate\":\"https:\\\/\\\/www.waterskis.lv\\\/en\\\/?s={search_term_string}\"},\"query-input\":{\"@type\":\"PropertyValueSpecification\",\"valueRequired\":true,\"valueName\":\"search_term_string\"}}],\"inLanguage\":\"en-US\"},{\"@type\":\"Organization\",\"@id\":\"https:\\\/\\\/www.waterskis.lv\\\/en\\\/#organization\",\"name\":\"WATERSKIS.LV\",\"url\":\"https:\\\/\\\/www.waterskis.lv\\\/en\\\/\",\"logo\":{\"@type\":\"ImageObject\",\"inLanguage\":\"en-US\",\"@id\":\"https:\\\/\\\/www.waterskis.lv\\\/en\\\/#\\\/schema\\\/logo\\\/image\\\/\",\"url\":\"https:\\\/\\\/www.waterskis.lv\\\/wp-content\\\/uploads\\\/2025\\\/01\\\/JUVP-logo.png\",\"contentUrl\":\"https:\\\/\\\/www.waterskis.lv\\\/wp-content\\\/uploads\\\/2025\\\/01\\\/JUVP-logo.png\",\"width\":421,\"height\":202,\"caption\":\"WATERSKIS.LV\"},\"image\":{\"@id\":\"https:\\\/\\\/www.waterskis.lv\\\/en\\\/#\\\/schema\\\/logo\\\/image\\\/\"},\"sameAs\":[\"https:\\\/\\\/www.facebook.com\\\/jurmalawaterskiwakeboardpark\\\/\"]}]}<\/script>\n<!-- \/ Yoast SEO plugin. -->","yoast_head_json":{"title":"Spinera Professional Endless Ride 8-12 Rotating Towable Inflatable Tube - WATERSKIS.LV","description":"Spinera Professional Endless Ride 8-12 Rotating Towable Inflatable Tube for 12 Pers. Aqua Roulette made for commercial use with maximum durability","robots":{"index":"index","follow":"follow","max-snippet":"max-snippet:-1","max-image-preview":"max-image-preview:large","max-video-preview":"max-video-preview:-1"},"canonical":"https:\/\/www.waterskis.lv\/en\/product\/spinera-professional-endless-ride-8-12-rotating-towable-inflatable-tube\/","og_locale":"en_US","og_type":"article","og_title":"Spinera Professional Endless Ride 8-12 Rotating Towable Inflatable Tube - WATERSKIS.LV","og_description":"Spinera Professional Endless Ride 8-12 Rotating Towable Inflatable Tube for 12 Pers. Aqua Roulette made for commercial use with maximum durability","og_url":"https:\/\/www.waterskis.lv\/en\/product\/spinera-professional-endless-ride-8-12-rotating-towable-inflatable-tube\/","og_site_name":"WATERSKIS.LV","article_publisher":"https:\/\/www.facebook.com\/jurmalawaterskiwakeboardpark\/","article_modified_time":"2026-01-31T13:22:58+00:00","og_image":[{"width":709,"height":709,"url":"https:\/\/www.waterskis.lv\/wp-content\/uploads\/2025\/02\/18284_image_18284_spinera_professional_endless_ride_8-12_18284_1.webp","type":"image\/webp"}],"twitter_card":"summary_large_image","twitter_misc":{"Est. reading time":"2 minutes"},"schema":{"@context":"https:\/\/schema.org","@graph":[{"@type":"WebPage","@id":"https:\/\/www.waterskis.lv\/en\/product\/spinera-professional-endless-ride-8-12-rotating-towable-inflatable-tube\/","url":"https:\/\/www.waterskis.lv\/en\/product\/spinera-professional-endless-ride-8-12-rotating-towable-inflatable-tube\/","name":"Spinera Professional Endless Ride 8-12 Rotating Towable Inflatable Tube - WATERSKIS.LV","isPartOf":{"@id":"https:\/\/www.waterskis.lv\/en\/#website"},"primaryImageOfPage":{"@id":"https:\/\/www.waterskis.lv\/en\/product\/spinera-professional-endless-ride-8-12-rotating-towable-inflatable-tube\/#primaryimage"},"image":{"@id":"https:\/\/www.waterskis.lv\/en\/product\/spinera-professional-endless-ride-8-12-rotating-towable-inflatable-tube\/#primaryimage"},"thumbnailUrl":"https:\/\/www.waterskis.lv\/wp-content\/uploads\/2025\/02\/18284_image_18284_spinera_professional_endless_ride_8-12_18284_1.webp","datePublished":"2025-02-09T14:57:58+00:00","dateModified":"2026-01-31T13:22:58+00:00","description":"Spinera Professional Endless Ride 8-12 Rotating Towable Inflatable Tube for 12 Pers. Aqua Roulette made for commercial use with maximum durability","breadcrumb":{"@id":"https:\/\/www.waterskis.lv\/en\/product\/spinera-professional-endless-ride-8-12-rotating-towable-inflatable-tube\/#breadcrumb"},"inLanguage":"en-US","potentialAction":[{"@type":"ReadAction","target":["https:\/\/www.waterskis.lv\/en\/product\/spinera-professional-endless-ride-8-12-rotating-towable-inflatable-tube\/"]}]},{"@type":"ImageObject","inLanguage":"en-US","@id":"https:\/\/www.waterskis.lv\/en\/product\/spinera-professional-endless-ride-8-12-rotating-towable-inflatable-tube\/#primaryimage","url":"https:\/\/www.waterskis.lv\/wp-content\/uploads\/2025\/02\/18284_image_18284_spinera_professional_endless_ride_8-12_18284_1.webp","contentUrl":"https:\/\/www.waterskis.lv\/wp-content\/uploads\/2025\/02\/18284_image_18284_spinera_professional_endless_ride_8-12_18284_1.webp","width":709,"height":709,"caption":"Spinera Professional Endless Ride 8-12 rot\u0113jo\u0161s aiz laivas velkams piep\u016b\u0161ams p\u016bslis"},{"@type":"BreadcrumbList","@id":"https:\/\/www.waterskis.lv\/en\/product\/spinera-professional-endless-ride-8-12-rotating-towable-inflatable-tube\/#breadcrumb","itemListElement":[{"@type":"ListItem","position":1,"name":"Home","item":"https:\/\/www.waterskis.lv\/en\/"},{"@type":"ListItem","position":2,"name":"Shop","item":"https:\/\/waterskis.lv\/en\/shop\/"},{"@type":"ListItem","position":3,"name":"Spinera Professional Endless Ride 8-12 Rotating Towable Inflatable Tube"}]},{"@type":"WebSite","@id":"https:\/\/www.waterskis.lv\/en\/#website","url":"https:\/\/www.waterskis.lv\/en\/","name":"WATERSKIS.LV","description":"SUP d\u0113\u013ci, kajaki, kanoe, airu laivas, \u016bdenssl\u0113po\u0161ana, veikbords, SUP d\u0113\u013cu noma, kajaku nomaakt\u012bv\u0101s atp\u016btas centrs, laivu noma, sup noma, kajaku noma","publisher":{"@id":"https:\/\/www.waterskis.lv\/en\/#organization"},"potentialAction":[{"@type":"SearchAction","target":{"@type":"EntryPoint","urlTemplate":"https:\/\/www.waterskis.lv\/en\/?s={search_term_string}"},"query-input":{"@type":"PropertyValueSpecification","valueRequired":true,"valueName":"search_term_string"}}],"inLanguage":"en-US"},{"@type":"Organization","@id":"https:\/\/www.waterskis.lv\/en\/#organization","name":"WATERSKIS.LV","url":"https:\/\/www.waterskis.lv\/en\/","logo":{"@type":"ImageObject","inLanguage":"en-US","@id":"https:\/\/www.waterskis.lv\/en\/#\/schema\/logo\/image\/","url":"https:\/\/www.waterskis.lv\/wp-content\/uploads\/2025\/01\/JUVP-logo.png","contentUrl":"https:\/\/www.waterskis.lv\/wp-content\/uploads\/2025\/01\/JUVP-logo.png","width":421,"height":202,"caption":"WATERSKIS.LV"},"image":{"@id":"https:\/\/www.waterskis.lv\/en\/#\/schema\/logo\/image\/"},"sameAs":["https:\/\/www.facebook.com\/jurmalawaterskiwakeboardpark\/"]}]}},"_links":{"self":[{"href":"https:\/\/www.waterskis.lv\/en\/wp-json\/wp\/v2\/product\/61479","targetHints":{"allow":["GET"]}}],"collection":[{"href":"https:\/\/www.waterskis.lv\/en\/wp-json\/wp\/v2\/product"}],"about":[{"href":"https:\/\/www.waterskis.lv\/en\/wp-json\/wp\/v2\/types\/product"}],"replies":[{"embeddable":true,"href":"https:\/\/www.waterskis.lv\/en\/wp-json\/wp\/v2\/comments?post=61479"}],"wp:featuredmedia":[{"embeddable":true,"href":"https:\/\/www.waterskis.lv\/en\/wp-json\/wp\/v2\/media\/61456"}],"wp:attachment":[{"href":"https:\/\/www.waterskis.lv\/en\/wp-json\/wp\/v2\/media?parent=61479"}],"wp:term":[{"taxonomy":"product_brand","embeddable":true,"href":"https:\/\/www.waterskis.lv\/en\/wp-json\/wp\/v2\/product_brand?post=61479"},{"taxonomy":"product_cat","embeddable":true,"href":"https:\/\/www.waterskis.lv\/en\/wp-json\/wp\/v2\/product_cat?post=61479"},{"taxonomy":"product_tag","embeddable":true,"href":"https:\/\/www.waterskis.lv\/en\/wp-json\/wp\/v2\/product_tag?post=61479"}],"curies":[{"name":"wp","href":"https:\/\/api.w.org\/{rel}","templated":true}]}}