{"id":61534,"date":"2025-02-10T11:39:37","date_gmt":"2025-02-10T09:39:37","guid":{"rendered":"https:\/\/www.waterskis.lv\/product\/spinera-family-sup-13-0-130x34x6-397x86x15cm\/"},"modified":"2026-02-01T18:25:54","modified_gmt":"2026-02-01T16:25:54","slug":"spinera-family-sup-13-0-130x34x6-397x86x15cm","status":"publish","type":"product","link":"https:\/\/www.waterskis.lv\/en\/product\/spinera-family-sup-13-0-130x34x6-397x86x15cm\/","title":{"rendered":"Spinera Family Sup 13.0 &#8211; 13&#8217;0&#8243;x34&#8243;x6&#8243; &#8211; 397x86x15cm"},"content":{"rendered":"<h1>Spinera Family Sup 13.0 &#8211; 13&#8217;0&#8243;x34&#8243;x6&#8243; &#8211; 397x86x15cm<\/h1>\n<p>Spinera Family Sup 13.0 &#8211; 13&#8217;0&#8243;x34&#8243;x6&#8243; &#8211; 397x86x15cm<\/p>\n<p><b>The Ultimate SUP for Families<\/b><\/p>\n<p>The FAMILY SUP 13.0 offers the perfect combination of stability, performance, and comfort, making it ideal for family adventures on the water.<\/p>\n<p>With its large size and high-quality construction, this SUP is perfect for up to 2 adults, kids, or even your dog, offering a fun and safe experience for all.<\/p>\n<p>Best Experience for Riders Weighing Up to 220 kg<\/p>\n<p>The FAMILY SUP 13.0 can handle a maximum payload of up to 250 kg, ensuring stability even with heavier loads.<\/p>\n<p><b>Key Features:<\/b><\/p>\n<ul>\n<li>Dimensions: 13&#8217;0&#8243; x 34&#8243; x 6&#8243; (397x86x15 cm)<\/li>\n<li>15 cm HDDS (High Density Dropstitch)<\/li>\n<li>Pressed diamond-cut EVA Top<\/li>\n<li>D-rings for 2 Kayak Seats<\/li>\n<li>seats for added versatility<\/li>\n<li>2x 4-point Bungee Cords<\/li>\n<\/ul>\n<p><b>Included:<\/b><\/p>\n<ul>\n<li>SUP Board<\/li>\n<li>Comfortable Backpack<\/li>\n<li>2x 3-pcs. SUP Alu Paddle Teal<\/li>\n<li>Double Action Classic Pro Pump<\/li>\n<li>2x Big center fins<\/li>\n<li>ready for 2 kayak seats<\/li>\n<li>extra kids\/dog place in front,<\/li>\n<li>gear buddy included<\/li>\n<li>Leash<\/li>\n<li>Repair kit without glue<\/li>\n<\/ul>\n<p>With the FAMILY SUP 13.0, you&#8217;re perfectly equipped for a fun and relaxing day on the water, whether paddling on lakes, rivers, or at the beach.<\/p>\n<p>NOTE: We strongly recommend wearing a flotation device\/life jacket when using the stand-up paddleboard. Flotation devices provide buoyancy after falling into the water and help maintain swimming and maneuvering ability. A flotation device\/life jacket is not included in the package.<\/p>\n","protected":false},"excerpt":{"rendered":"<p>https:\/\/www.youtube.com\/watch?v=HUB2F7ZWGJE [&#8230;]<\/p>\n<p><a class=\"btn btn-secondary understrap-read-more-link\" href=\"https:\/\/www.waterskis.lv\/en\/product\/spinera-family-sup-13-0-130x34x6-397x86x15cm\/\">Read More&#8230;<\/a><\/p>\n","protected":false},"featured_media":61529,"comment_status":"closed","ping_status":"closed","template":"","meta":{"_acf_changed":false,"inline_featured_image":false},"product_brand":[1279],"product_cat":[700,1104,502],"product_tag":[3172,3189,1596,3173,3174,1335,1336,1316,3175,3140,3176,3191],"class_list":{"0":"post-61534","1":"product","2":"type-product","3":"status-publish","4":"has-post-thumbnail","6":"product_brand-spinera-watersports","7":"product_cat-inflatable-sup-boards","8":"product_cat-spinera-inflatable-sups","9":"product_cat-stand-up-paddle-boards","10":"product_tag-aufblasbares-sup","11":"product_tag-spinera","12":"product_tag-spinera-sup","13":"product_tag-stand-up-paddleboard","14":"product_tag-stand-up-paddling","15":"product_tag-sup","16":"product_tag-sup-deli","17":"product_tag-sup-delis","18":"product_tag-sup-surfer","19":"product_tag-sup-","20":"product_tag-supkayak","21":"product_tag-3191","23":"first","24":"instock","25":"shipping-taxable","26":"purchasable","27":"product-type-simple"},"acf":[],"yoast_head":"<!-- This site is optimized with the Yoast SEO plugin v27.5 - https:\/\/yoast.com\/product\/yoast-seo-wordpress\/ -->\n<title>Spinera Family Sup 13.0 - 13&#039;0&quot;x34&quot;x6&quot; - 397x86x15cm - WATERSKIS.LV<\/title>\n<meta name=\"description\" content=\"Spinera Family Sup 13.0 - 13&#039;0&quot;x34&quot;x6&quot; - 397x86x15cm. The Ultimate SUP for Families. Perfect for up to 2 adults, kids, or even your dog\" \/>\n<meta name=\"robots\" content=\"index, follow, max-snippet:-1, max-image-preview:large, max-video-preview:-1\" \/>\n<link rel=\"canonical\" href=\"https:\/\/www.waterskis.lv\/en\/product\/spinera-family-sup-13-0-130x34x6-397x86x15cm\/\" \/>\n<meta property=\"og:locale\" content=\"en_US\" \/>\n<meta property=\"og:type\" content=\"article\" \/>\n<meta property=\"og:title\" content=\"Spinera Family Sup 13.0 - 13&#039;0&quot;x34&quot;x6&quot; - 397x86x15cm - WATERSKIS.LV\" \/>\n<meta property=\"og:description\" content=\"Spinera Family Sup 13.0 - 13&#039;0&quot;x34&quot;x6&quot; - 397x86x15cm. The Ultimate SUP for Families. Perfect for up to 2 adults, kids, or even your dog\" \/>\n<meta property=\"og:url\" content=\"https:\/\/www.waterskis.lv\/en\/product\/spinera-family-sup-13-0-130x34x6-397x86x15cm\/\" \/>\n<meta property=\"og:site_name\" content=\"WATERSKIS.LV\" \/>\n<meta property=\"article:publisher\" content=\"https:\/\/www.facebook.com\/jurmalawaterskiwakeboardpark\/\" \/>\n<meta property=\"article:modified_time\" content=\"2026-02-01T16:25:54+00:00\" \/>\n<meta property=\"og:image\" content=\"https:\/\/www.waterskis.lv\/wp-content\/uploads\/2025\/02\/family-sup-13-set-neu.webp\" \/>\n\t<meta property=\"og:image:width\" content=\"2000\" \/>\n\t<meta property=\"og:image:height\" content=\"2000\" \/>\n\t<meta property=\"og:image:type\" content=\"image\/webp\" \/>\n<meta name=\"twitter:card\" content=\"summary_large_image\" \/>\n<meta name=\"twitter:label1\" content=\"Est. reading time\" \/>\n\t<meta name=\"twitter:data1\" content=\"2 minutes\" \/>\n<script type=\"application\/ld+json\" class=\"yoast-schema-graph\">{\"@context\":\"https:\\\/\\\/schema.org\",\"@graph\":[{\"@type\":\"WebPage\",\"@id\":\"https:\\\/\\\/www.waterskis.lv\\\/en\\\/product\\\/spinera-family-sup-13-0-130x34x6-397x86x15cm\\\/\",\"url\":\"https:\\\/\\\/www.waterskis.lv\\\/en\\\/product\\\/spinera-family-sup-13-0-130x34x6-397x86x15cm\\\/\",\"name\":\"Spinera Family Sup 13.0 - 13'0\\\"x34\\\"x6\\\" - 397x86x15cm - WATERSKIS.LV\",\"isPartOf\":{\"@id\":\"https:\\\/\\\/www.waterskis.lv\\\/en\\\/#website\"},\"primaryImageOfPage\":{\"@id\":\"https:\\\/\\\/www.waterskis.lv\\\/en\\\/product\\\/spinera-family-sup-13-0-130x34x6-397x86x15cm\\\/#primaryimage\"},\"image\":{\"@id\":\"https:\\\/\\\/www.waterskis.lv\\\/en\\\/product\\\/spinera-family-sup-13-0-130x34x6-397x86x15cm\\\/#primaryimage\"},\"thumbnailUrl\":\"https:\\\/\\\/www.waterskis.lv\\\/wp-content\\\/uploads\\\/2025\\\/02\\\/family-sup-13-set-neu.webp\",\"datePublished\":\"2025-02-10T09:39:37+00:00\",\"dateModified\":\"2026-02-01T16:25:54+00:00\",\"description\":\"Spinera Family Sup 13.0 - 13'0\\\"x34\\\"x6\\\" - 397x86x15cm. The Ultimate SUP for Families. Perfect for up to 2 adults, kids, or even your dog\",\"breadcrumb\":{\"@id\":\"https:\\\/\\\/www.waterskis.lv\\\/en\\\/product\\\/spinera-family-sup-13-0-130x34x6-397x86x15cm\\\/#breadcrumb\"},\"inLanguage\":\"en-US\",\"potentialAction\":[{\"@type\":\"ReadAction\",\"target\":[\"https:\\\/\\\/www.waterskis.lv\\\/en\\\/product\\\/spinera-family-sup-13-0-130x34x6-397x86x15cm\\\/\"]}]},{\"@type\":\"ImageObject\",\"inLanguage\":\"en-US\",\"@id\":\"https:\\\/\\\/www.waterskis.lv\\\/en\\\/product\\\/spinera-family-sup-13-0-130x34x6-397x86x15cm\\\/#primaryimage\",\"url\":\"https:\\\/\\\/www.waterskis.lv\\\/wp-content\\\/uploads\\\/2025\\\/02\\\/family-sup-13-set-neu.webp\",\"contentUrl\":\"https:\\\/\\\/www.waterskis.lv\\\/wp-content\\\/uploads\\\/2025\\\/02\\\/family-sup-13-set-neu.webp\",\"width\":2000,\"height\":2000,\"caption\":\"Spinera Family Sup 13.0 - 13'0\\\"x34\\\"x6\\\" - 397x86x15cm\"},{\"@type\":\"BreadcrumbList\",\"@id\":\"https:\\\/\\\/www.waterskis.lv\\\/en\\\/product\\\/spinera-family-sup-13-0-130x34x6-397x86x15cm\\\/#breadcrumb\",\"itemListElement\":[{\"@type\":\"ListItem\",\"position\":1,\"name\":\"Home\",\"item\":\"https:\\\/\\\/www.waterskis.lv\\\/en\\\/\"},{\"@type\":\"ListItem\",\"position\":2,\"name\":\"Shop\",\"item\":\"https:\\\/\\\/waterskis.lv\\\/en\\\/shop\\\/\"},{\"@type\":\"ListItem\",\"position\":3,\"name\":\"Spinera Family Sup 13.0 &#8211; 13&#8217;0&#8243;x34&#8243;x6&#8243; &#8211; 397x86x15cm\"}]},{\"@type\":\"WebSite\",\"@id\":\"https:\\\/\\\/www.waterskis.lv\\\/en\\\/#website\",\"url\":\"https:\\\/\\\/www.waterskis.lv\\\/en\\\/\",\"name\":\"WATERSKIS.LV\",\"description\":\"SUP d\u0113\u013ci, kajaki, kanoe, airu laivas, \u016bdenssl\u0113po\u0161ana, veikbords, SUP d\u0113\u013cu noma, kajaku nomaakt\u012bv\u0101s atp\u016btas centrs, laivu noma, sup noma, kajaku noma\",\"publisher\":{\"@id\":\"https:\\\/\\\/www.waterskis.lv\\\/en\\\/#organization\"},\"potentialAction\":[{\"@type\":\"SearchAction\",\"target\":{\"@type\":\"EntryPoint\",\"urlTemplate\":\"https:\\\/\\\/www.waterskis.lv\\\/en\\\/?s={search_term_string}\"},\"query-input\":{\"@type\":\"PropertyValueSpecification\",\"valueRequired\":true,\"valueName\":\"search_term_string\"}}],\"inLanguage\":\"en-US\"},{\"@type\":\"Organization\",\"@id\":\"https:\\\/\\\/www.waterskis.lv\\\/en\\\/#organization\",\"name\":\"WATERSKIS.LV\",\"url\":\"https:\\\/\\\/www.waterskis.lv\\\/en\\\/\",\"logo\":{\"@type\":\"ImageObject\",\"inLanguage\":\"en-US\",\"@id\":\"https:\\\/\\\/www.waterskis.lv\\\/en\\\/#\\\/schema\\\/logo\\\/image\\\/\",\"url\":\"https:\\\/\\\/www.waterskis.lv\\\/wp-content\\\/uploads\\\/2025\\\/01\\\/JUVP-logo.png\",\"contentUrl\":\"https:\\\/\\\/www.waterskis.lv\\\/wp-content\\\/uploads\\\/2025\\\/01\\\/JUVP-logo.png\",\"width\":421,\"height\":202,\"caption\":\"WATERSKIS.LV\"},\"image\":{\"@id\":\"https:\\\/\\\/www.waterskis.lv\\\/en\\\/#\\\/schema\\\/logo\\\/image\\\/\"},\"sameAs\":[\"https:\\\/\\\/www.facebook.com\\\/jurmalawaterskiwakeboardpark\\\/\"]}]}<\/script>\n<!-- \/ Yoast SEO plugin. -->","yoast_head_json":{"title":"Spinera Family Sup 13.0 - 13'0\"x34\"x6\" - 397x86x15cm - WATERSKIS.LV","description":"Spinera Family Sup 13.0 - 13'0\"x34\"x6\" - 397x86x15cm. The Ultimate SUP for Families. Perfect for up to 2 adults, kids, or even your dog","robots":{"index":"index","follow":"follow","max-snippet":"max-snippet:-1","max-image-preview":"max-image-preview:large","max-video-preview":"max-video-preview:-1"},"canonical":"https:\/\/www.waterskis.lv\/en\/product\/spinera-family-sup-13-0-130x34x6-397x86x15cm\/","og_locale":"en_US","og_type":"article","og_title":"Spinera Family Sup 13.0 - 13'0\"x34\"x6\" - 397x86x15cm - WATERSKIS.LV","og_description":"Spinera Family Sup 13.0 - 13'0\"x34\"x6\" - 397x86x15cm. The Ultimate SUP for Families. Perfect for up to 2 adults, kids, or even your dog","og_url":"https:\/\/www.waterskis.lv\/en\/product\/spinera-family-sup-13-0-130x34x6-397x86x15cm\/","og_site_name":"WATERSKIS.LV","article_publisher":"https:\/\/www.facebook.com\/jurmalawaterskiwakeboardpark\/","article_modified_time":"2026-02-01T16:25:54+00:00","og_image":[{"width":2000,"height":2000,"url":"https:\/\/www.waterskis.lv\/wp-content\/uploads\/2025\/02\/family-sup-13-set-neu.webp","type":"image\/webp"}],"twitter_card":"summary_large_image","twitter_misc":{"Est. reading time":"2 minutes"},"schema":{"@context":"https:\/\/schema.org","@graph":[{"@type":"WebPage","@id":"https:\/\/www.waterskis.lv\/en\/product\/spinera-family-sup-13-0-130x34x6-397x86x15cm\/","url":"https:\/\/www.waterskis.lv\/en\/product\/spinera-family-sup-13-0-130x34x6-397x86x15cm\/","name":"Spinera Family Sup 13.0 - 13'0\"x34\"x6\" - 397x86x15cm - WATERSKIS.LV","isPartOf":{"@id":"https:\/\/www.waterskis.lv\/en\/#website"},"primaryImageOfPage":{"@id":"https:\/\/www.waterskis.lv\/en\/product\/spinera-family-sup-13-0-130x34x6-397x86x15cm\/#primaryimage"},"image":{"@id":"https:\/\/www.waterskis.lv\/en\/product\/spinera-family-sup-13-0-130x34x6-397x86x15cm\/#primaryimage"},"thumbnailUrl":"https:\/\/www.waterskis.lv\/wp-content\/uploads\/2025\/02\/family-sup-13-set-neu.webp","datePublished":"2025-02-10T09:39:37+00:00","dateModified":"2026-02-01T16:25:54+00:00","description":"Spinera Family Sup 13.0 - 13'0\"x34\"x6\" - 397x86x15cm. The Ultimate SUP for Families. Perfect for up to 2 adults, kids, or even your dog","breadcrumb":{"@id":"https:\/\/www.waterskis.lv\/en\/product\/spinera-family-sup-13-0-130x34x6-397x86x15cm\/#breadcrumb"},"inLanguage":"en-US","potentialAction":[{"@type":"ReadAction","target":["https:\/\/www.waterskis.lv\/en\/product\/spinera-family-sup-13-0-130x34x6-397x86x15cm\/"]}]},{"@type":"ImageObject","inLanguage":"en-US","@id":"https:\/\/www.waterskis.lv\/en\/product\/spinera-family-sup-13-0-130x34x6-397x86x15cm\/#primaryimage","url":"https:\/\/www.waterskis.lv\/wp-content\/uploads\/2025\/02\/family-sup-13-set-neu.webp","contentUrl":"https:\/\/www.waterskis.lv\/wp-content\/uploads\/2025\/02\/family-sup-13-set-neu.webp","width":2000,"height":2000,"caption":"Spinera Family Sup 13.0 - 13'0\"x34\"x6\" - 397x86x15cm"},{"@type":"BreadcrumbList","@id":"https:\/\/www.waterskis.lv\/en\/product\/spinera-family-sup-13-0-130x34x6-397x86x15cm\/#breadcrumb","itemListElement":[{"@type":"ListItem","position":1,"name":"Home","item":"https:\/\/www.waterskis.lv\/en\/"},{"@type":"ListItem","position":2,"name":"Shop","item":"https:\/\/waterskis.lv\/en\/shop\/"},{"@type":"ListItem","position":3,"name":"Spinera Family Sup 13.0 &#8211; 13&#8217;0&#8243;x34&#8243;x6&#8243; &#8211; 397x86x15cm"}]},{"@type":"WebSite","@id":"https:\/\/www.waterskis.lv\/en\/#website","url":"https:\/\/www.waterskis.lv\/en\/","name":"WATERSKIS.LV","description":"SUP d\u0113\u013ci, kajaki, kanoe, airu laivas, \u016bdenssl\u0113po\u0161ana, veikbords, SUP d\u0113\u013cu noma, kajaku nomaakt\u012bv\u0101s atp\u016btas centrs, laivu noma, sup noma, kajaku noma","publisher":{"@id":"https:\/\/www.waterskis.lv\/en\/#organization"},"potentialAction":[{"@type":"SearchAction","target":{"@type":"EntryPoint","urlTemplate":"https:\/\/www.waterskis.lv\/en\/?s={search_term_string}"},"query-input":{"@type":"PropertyValueSpecification","valueRequired":true,"valueName":"search_term_string"}}],"inLanguage":"en-US"},{"@type":"Organization","@id":"https:\/\/www.waterskis.lv\/en\/#organization","name":"WATERSKIS.LV","url":"https:\/\/www.waterskis.lv\/en\/","logo":{"@type":"ImageObject","inLanguage":"en-US","@id":"https:\/\/www.waterskis.lv\/en\/#\/schema\/logo\/image\/","url":"https:\/\/www.waterskis.lv\/wp-content\/uploads\/2025\/01\/JUVP-logo.png","contentUrl":"https:\/\/www.waterskis.lv\/wp-content\/uploads\/2025\/01\/JUVP-logo.png","width":421,"height":202,"caption":"WATERSKIS.LV"},"image":{"@id":"https:\/\/www.waterskis.lv\/en\/#\/schema\/logo\/image\/"},"sameAs":["https:\/\/www.facebook.com\/jurmalawaterskiwakeboardpark\/"]}]}},"_links":{"self":[{"href":"https:\/\/www.waterskis.lv\/en\/wp-json\/wp\/v2\/product\/61534","targetHints":{"allow":["GET"]}}],"collection":[{"href":"https:\/\/www.waterskis.lv\/en\/wp-json\/wp\/v2\/product"}],"about":[{"href":"https:\/\/www.waterskis.lv\/en\/wp-json\/wp\/v2\/types\/product"}],"replies":[{"embeddable":true,"href":"https:\/\/www.waterskis.lv\/en\/wp-json\/wp\/v2\/comments?post=61534"}],"wp:featuredmedia":[{"embeddable":true,"href":"https:\/\/www.waterskis.lv\/en\/wp-json\/wp\/v2\/media\/61529"}],"wp:attachment":[{"href":"https:\/\/www.waterskis.lv\/en\/wp-json\/wp\/v2\/media?parent=61534"}],"wp:term":[{"taxonomy":"product_brand","embeddable":true,"href":"https:\/\/www.waterskis.lv\/en\/wp-json\/wp\/v2\/product_brand?post=61534"},{"taxonomy":"product_cat","embeddable":true,"href":"https:\/\/www.waterskis.lv\/en\/wp-json\/wp\/v2\/product_cat?post=61534"},{"taxonomy":"product_tag","embeddable":true,"href":"https:\/\/www.waterskis.lv\/en\/wp-json\/wp\/v2\/product_tag?post=61534"}],"curies":[{"name":"wp","href":"https:\/\/api.w.org\/{rel}","templated":true}]}}