{"id":61613,"date":"2025-02-11T07:52:41","date_gmt":"2025-02-11T05:52:41","guid":{"rendered":"https:\/\/waterskis.lv\/product\/spinera-professional-rental-sup-delis-12-0-366x84x15cm\/"},"modified":"2026-01-31T18:50:30","modified_gmt":"2026-01-31T16:50:30","slug":"spinera-professional-rental-sup-12-0-366x84x15cm","status":"publish","type":"product","link":"https:\/\/www.waterskis.lv\/en\/product\/spinera-professional-rental-sup-12-0-366x84x15cm\/","title":{"rendered":"Spinera Professional Rental SUP 12.0 &#8211; 366x84x15cm"},"content":{"rendered":"<h1>Spinera Professional Rental SUP 12.0 &#8211; 366x84x15cm<\/h1>\n<p>Spinera Professional Rental SUP 12.0 &#8211; 366x84x15cm<\/p>\n<p>High quality double layer rental SUP to an affordable price.<\/p>\n<ul>\n<li>Size: 12\u00b40&#8243;x33&#8243; &#8211; 366cm x 84cm<\/li>\n<li>Rider Weight: best experience up to 120 kg<\/li>\n<li>Maximum Payload: 150 kg<\/li>\n<li>Volume: 375 l<\/li>\n<li>Net weight:14,8kg<\/li>\n<li>Gross weight:16,6kg<\/li>\n<\/ul>\n<p><b>Production:<\/b><\/p>\n<ul>\n<li>15cm dropstitch, DLT\/double layer technology,<\/li>\n<li>pressed diamond Cut EVA top<\/li>\n<li>4 D-Rings &#8211; hidden under EVA &#8211; for Kayak Seat<\/li>\n<li>1 D-Ring on the front at the bottom<\/li>\n<li>rubber sidewall<\/li>\n<\/ul>\n<p><b>Double Layer Advantages:<\/b><\/p>\n<ul>\n<li>15% more stiffness<\/li>\n<li>less water friction<\/li>\n<li>min. 10% higher paddle speed<\/li>\n<li>Better tightness<\/li>\n<li>Better UV permanence<\/li>\n<li>Longer material life<\/li>\n<\/ul>\n<p><b>Scope of delivery:<\/b><\/p>\n<ul>\n<li>Backpack &#8211; 600D Polyester<\/li>\n<li>3 pcs Alu\/Fiberglass Performance Paddle<\/li>\n<li>Leash<\/li>\n<li>US Box Fin Classic 9inch<\/li>\n<\/ul>\n","protected":false},"excerpt":{"rendered":"<p>https:\/\/www.youtube.com\/watch?v=WsYXBpQyIls [&#8230;]<\/p>\n<p><a class=\"btn btn-secondary understrap-read-more-link\" href=\"https:\/\/www.waterskis.lv\/en\/product\/spinera-professional-rental-sup-12-0-366x84x15cm\/\">Read More&#8230;<\/a><\/p>\n","protected":false},"featured_media":61602,"comment_status":"closed","ping_status":"closed","template":"","meta":{"_acf_changed":false,"inline_featured_image":false},"product_brand":[2677,1279],"product_cat":[700,1104,1226,1250,502],"product_tag":[1421,3172,1352,3189,3173,3174,1335,1819,1316,3175,3095,3140,3176,3096,3191],"class_list":{"0":"post-61613","1":"product","2":"type-product","3":"status-publish","4":"has-post-thumbnail","6":"product_brand-spinera-professional","7":"product_brand-spinera-watersports","8":"product_cat-inflatable-sup-boards","9":"product_cat-spinera-inflatable-sups","10":"product_cat-spinera-professional-en","11":"product_cat-spinera-rental-sup-series","12":"product_cat-stand-up-paddle-boards","13":"product_tag-akcija","14":"product_tag-aufblasbares-sup","15":"product_tag-paddle-board","16":"product_tag-spinera","17":"product_tag-stand-up-paddleboard","18":"product_tag-stand-up-paddling","19":"product_tag-sup","20":"product_tag-sup-board","21":"product_tag-sup-delis","22":"product_tag-sup-surfer","23":"product_tag-sup-","25":"product_tag-supkayak","26":"product_tag--sup","27":"product_tag-3191","29":"first","30":"instock","31":"shipping-taxable","32":"purchasable","33":"product-type-simple"},"acf":[],"yoast_head":"<!-- This site is optimized with the Yoast SEO plugin v27.5 - https:\/\/yoast.com\/product\/yoast-seo-wordpress\/ -->\n<title>Spinera Professional Rental SUP 12.0 - 366x84x15cm - WATERSKIS.LV<\/title>\n<meta name=\"description\" content=\"Spinera Professional Rental SUP 12.0 - 366x84x15cm. High quality double layer rental SUP to an affordable price. Longer material life\" \/>\n<meta name=\"robots\" content=\"index, follow, max-snippet:-1, max-image-preview:large, max-video-preview:-1\" \/>\n<link rel=\"canonical\" href=\"https:\/\/www.waterskis.lv\/en\/product\/spinera-professional-rental-sup-12-0-366x84x15cm\/\" \/>\n<meta property=\"og:locale\" content=\"en_US\" \/>\n<meta property=\"og:type\" content=\"article\" \/>\n<meta property=\"og:title\" content=\"Spinera Professional Rental SUP 12.0 - 366x84x15cm - WATERSKIS.LV\" \/>\n<meta property=\"og:description\" content=\"Spinera Professional Rental SUP 12.0 - 366x84x15cm. High quality double layer rental SUP to an affordable price. Longer material life\" \/>\n<meta property=\"og:url\" content=\"https:\/\/www.waterskis.lv\/en\/product\/spinera-professional-rental-sup-12-0-366x84x15cm\/\" \/>\n<meta property=\"og:site_name\" content=\"WATERSKIS.LV\" \/>\n<meta property=\"article:publisher\" content=\"https:\/\/www.facebook.com\/jurmalawaterskiwakeboardpark\/\" \/>\n<meta property=\"article:modified_time\" content=\"2026-01-31T16:50:30+00:00\" \/>\n<meta property=\"og:image\" content=\"https:\/\/www.waterskis.lv\/wp-content\/uploads\/2025\/02\/20270_image_20270_spinera_professional_rental_sup_12_0_-_366x84x15cm_20270_1.webp\" \/>\n\t<meta property=\"og:image:width\" content=\"1200\" \/>\n\t<meta property=\"og:image:height\" content=\"1200\" \/>\n\t<meta property=\"og:image:type\" content=\"image\/webp\" \/>\n<meta name=\"twitter:card\" content=\"summary_large_image\" \/>\n<meta name=\"twitter:label1\" content=\"Est. reading time\" \/>\n\t<meta name=\"twitter:data1\" content=\"1 minute\" \/>\n<script type=\"application\/ld+json\" class=\"yoast-schema-graph\">{\"@context\":\"https:\\\/\\\/schema.org\",\"@graph\":[{\"@type\":\"WebPage\",\"@id\":\"https:\\\/\\\/www.waterskis.lv\\\/en\\\/product\\\/spinera-professional-rental-sup-12-0-366x84x15cm\\\/\",\"url\":\"https:\\\/\\\/www.waterskis.lv\\\/en\\\/product\\\/spinera-professional-rental-sup-12-0-366x84x15cm\\\/\",\"name\":\"Spinera Professional Rental SUP 12.0 - 366x84x15cm - WATERSKIS.LV\",\"isPartOf\":{\"@id\":\"https:\\\/\\\/www.waterskis.lv\\\/en\\\/#website\"},\"primaryImageOfPage\":{\"@id\":\"https:\\\/\\\/www.waterskis.lv\\\/en\\\/product\\\/spinera-professional-rental-sup-12-0-366x84x15cm\\\/#primaryimage\"},\"image\":{\"@id\":\"https:\\\/\\\/www.waterskis.lv\\\/en\\\/product\\\/spinera-professional-rental-sup-12-0-366x84x15cm\\\/#primaryimage\"},\"thumbnailUrl\":\"https:\\\/\\\/www.waterskis.lv\\\/wp-content\\\/uploads\\\/2025\\\/02\\\/20270_image_20270_spinera_professional_rental_sup_12_0_-_366x84x15cm_20270_1.webp\",\"datePublished\":\"2025-02-11T05:52:41+00:00\",\"dateModified\":\"2026-01-31T16:50:30+00:00\",\"description\":\"Spinera Professional Rental SUP 12.0 - 366x84x15cm. High quality double layer rental SUP to an affordable price. Longer material life\",\"breadcrumb\":{\"@id\":\"https:\\\/\\\/www.waterskis.lv\\\/en\\\/product\\\/spinera-professional-rental-sup-12-0-366x84x15cm\\\/#breadcrumb\"},\"inLanguage\":\"en-US\",\"potentialAction\":[{\"@type\":\"ReadAction\",\"target\":[\"https:\\\/\\\/www.waterskis.lv\\\/en\\\/product\\\/spinera-professional-rental-sup-12-0-366x84x15cm\\\/\"]}]},{\"@type\":\"ImageObject\",\"inLanguage\":\"en-US\",\"@id\":\"https:\\\/\\\/www.waterskis.lv\\\/en\\\/product\\\/spinera-professional-rental-sup-12-0-366x84x15cm\\\/#primaryimage\",\"url\":\"https:\\\/\\\/www.waterskis.lv\\\/wp-content\\\/uploads\\\/2025\\\/02\\\/20270_image_20270_spinera_professional_rental_sup_12_0_-_366x84x15cm_20270_1.webp\",\"contentUrl\":\"https:\\\/\\\/www.waterskis.lv\\\/wp-content\\\/uploads\\\/2025\\\/02\\\/20270_image_20270_spinera_professional_rental_sup_12_0_-_366x84x15cm_20270_1.webp\",\"width\":1200,\"height\":1200,\"caption\":\"Spinera Professional Rental SUP d\u0113lis 12.0 - 366x84x15cm\"},{\"@type\":\"BreadcrumbList\",\"@id\":\"https:\\\/\\\/www.waterskis.lv\\\/en\\\/product\\\/spinera-professional-rental-sup-12-0-366x84x15cm\\\/#breadcrumb\",\"itemListElement\":[{\"@type\":\"ListItem\",\"position\":1,\"name\":\"Home\",\"item\":\"https:\\\/\\\/www.waterskis.lv\\\/en\\\/\"},{\"@type\":\"ListItem\",\"position\":2,\"name\":\"Shop\",\"item\":\"https:\\\/\\\/waterskis.lv\\\/en\\\/shop\\\/\"},{\"@type\":\"ListItem\",\"position\":3,\"name\":\"Spinera Professional Rental SUP 12.0 &#8211; 366x84x15cm\"}]},{\"@type\":\"WebSite\",\"@id\":\"https:\\\/\\\/www.waterskis.lv\\\/en\\\/#website\",\"url\":\"https:\\\/\\\/www.waterskis.lv\\\/en\\\/\",\"name\":\"WATERSKIS.LV\",\"description\":\"SUP d\u0113\u013ci, kajaki, kanoe, airu laivas, \u016bdenssl\u0113po\u0161ana, veikbords, SUP d\u0113\u013cu noma, kajaku nomaakt\u012bv\u0101s atp\u016btas centrs, laivu noma, sup noma, kajaku noma\",\"publisher\":{\"@id\":\"https:\\\/\\\/www.waterskis.lv\\\/en\\\/#organization\"},\"potentialAction\":[{\"@type\":\"SearchAction\",\"target\":{\"@type\":\"EntryPoint\",\"urlTemplate\":\"https:\\\/\\\/www.waterskis.lv\\\/en\\\/?s={search_term_string}\"},\"query-input\":{\"@type\":\"PropertyValueSpecification\",\"valueRequired\":true,\"valueName\":\"search_term_string\"}}],\"inLanguage\":\"en-US\"},{\"@type\":\"Organization\",\"@id\":\"https:\\\/\\\/www.waterskis.lv\\\/en\\\/#organization\",\"name\":\"WATERSKIS.LV\",\"url\":\"https:\\\/\\\/www.waterskis.lv\\\/en\\\/\",\"logo\":{\"@type\":\"ImageObject\",\"inLanguage\":\"en-US\",\"@id\":\"https:\\\/\\\/www.waterskis.lv\\\/en\\\/#\\\/schema\\\/logo\\\/image\\\/\",\"url\":\"https:\\\/\\\/www.waterskis.lv\\\/wp-content\\\/uploads\\\/2025\\\/01\\\/JUVP-logo.png\",\"contentUrl\":\"https:\\\/\\\/www.waterskis.lv\\\/wp-content\\\/uploads\\\/2025\\\/01\\\/JUVP-logo.png\",\"width\":421,\"height\":202,\"caption\":\"WATERSKIS.LV\"},\"image\":{\"@id\":\"https:\\\/\\\/www.waterskis.lv\\\/en\\\/#\\\/schema\\\/logo\\\/image\\\/\"},\"sameAs\":[\"https:\\\/\\\/www.facebook.com\\\/jurmalawaterskiwakeboardpark\\\/\"]}]}<\/script>\n<!-- \/ Yoast SEO plugin. -->","yoast_head_json":{"title":"Spinera Professional Rental SUP 12.0 - 366x84x15cm - WATERSKIS.LV","description":"Spinera Professional Rental SUP 12.0 - 366x84x15cm. High quality double layer rental SUP to an affordable price. Longer material life","robots":{"index":"index","follow":"follow","max-snippet":"max-snippet:-1","max-image-preview":"max-image-preview:large","max-video-preview":"max-video-preview:-1"},"canonical":"https:\/\/www.waterskis.lv\/en\/product\/spinera-professional-rental-sup-12-0-366x84x15cm\/","og_locale":"en_US","og_type":"article","og_title":"Spinera Professional Rental SUP 12.0 - 366x84x15cm - WATERSKIS.LV","og_description":"Spinera Professional Rental SUP 12.0 - 366x84x15cm. High quality double layer rental SUP to an affordable price. Longer material life","og_url":"https:\/\/www.waterskis.lv\/en\/product\/spinera-professional-rental-sup-12-0-366x84x15cm\/","og_site_name":"WATERSKIS.LV","article_publisher":"https:\/\/www.facebook.com\/jurmalawaterskiwakeboardpark\/","article_modified_time":"2026-01-31T16:50:30+00:00","og_image":[{"width":1200,"height":1200,"url":"https:\/\/www.waterskis.lv\/wp-content\/uploads\/2025\/02\/20270_image_20270_spinera_professional_rental_sup_12_0_-_366x84x15cm_20270_1.webp","type":"image\/webp"}],"twitter_card":"summary_large_image","twitter_misc":{"Est. reading time":"1 minute"},"schema":{"@context":"https:\/\/schema.org","@graph":[{"@type":"WebPage","@id":"https:\/\/www.waterskis.lv\/en\/product\/spinera-professional-rental-sup-12-0-366x84x15cm\/","url":"https:\/\/www.waterskis.lv\/en\/product\/spinera-professional-rental-sup-12-0-366x84x15cm\/","name":"Spinera Professional Rental SUP 12.0 - 366x84x15cm - WATERSKIS.LV","isPartOf":{"@id":"https:\/\/www.waterskis.lv\/en\/#website"},"primaryImageOfPage":{"@id":"https:\/\/www.waterskis.lv\/en\/product\/spinera-professional-rental-sup-12-0-366x84x15cm\/#primaryimage"},"image":{"@id":"https:\/\/www.waterskis.lv\/en\/product\/spinera-professional-rental-sup-12-0-366x84x15cm\/#primaryimage"},"thumbnailUrl":"https:\/\/www.waterskis.lv\/wp-content\/uploads\/2025\/02\/20270_image_20270_spinera_professional_rental_sup_12_0_-_366x84x15cm_20270_1.webp","datePublished":"2025-02-11T05:52:41+00:00","dateModified":"2026-01-31T16:50:30+00:00","description":"Spinera Professional Rental SUP 12.0 - 366x84x15cm. High quality double layer rental SUP to an affordable price. Longer material life","breadcrumb":{"@id":"https:\/\/www.waterskis.lv\/en\/product\/spinera-professional-rental-sup-12-0-366x84x15cm\/#breadcrumb"},"inLanguage":"en-US","potentialAction":[{"@type":"ReadAction","target":["https:\/\/www.waterskis.lv\/en\/product\/spinera-professional-rental-sup-12-0-366x84x15cm\/"]}]},{"@type":"ImageObject","inLanguage":"en-US","@id":"https:\/\/www.waterskis.lv\/en\/product\/spinera-professional-rental-sup-12-0-366x84x15cm\/#primaryimage","url":"https:\/\/www.waterskis.lv\/wp-content\/uploads\/2025\/02\/20270_image_20270_spinera_professional_rental_sup_12_0_-_366x84x15cm_20270_1.webp","contentUrl":"https:\/\/www.waterskis.lv\/wp-content\/uploads\/2025\/02\/20270_image_20270_spinera_professional_rental_sup_12_0_-_366x84x15cm_20270_1.webp","width":1200,"height":1200,"caption":"Spinera Professional Rental SUP d\u0113lis 12.0 - 366x84x15cm"},{"@type":"BreadcrumbList","@id":"https:\/\/www.waterskis.lv\/en\/product\/spinera-professional-rental-sup-12-0-366x84x15cm\/#breadcrumb","itemListElement":[{"@type":"ListItem","position":1,"name":"Home","item":"https:\/\/www.waterskis.lv\/en\/"},{"@type":"ListItem","position":2,"name":"Shop","item":"https:\/\/waterskis.lv\/en\/shop\/"},{"@type":"ListItem","position":3,"name":"Spinera Professional Rental SUP 12.0 &#8211; 366x84x15cm"}]},{"@type":"WebSite","@id":"https:\/\/www.waterskis.lv\/en\/#website","url":"https:\/\/www.waterskis.lv\/en\/","name":"WATERSKIS.LV","description":"SUP d\u0113\u013ci, kajaki, kanoe, airu laivas, \u016bdenssl\u0113po\u0161ana, veikbords, SUP d\u0113\u013cu noma, kajaku nomaakt\u012bv\u0101s atp\u016btas centrs, laivu noma, sup noma, kajaku noma","publisher":{"@id":"https:\/\/www.waterskis.lv\/en\/#organization"},"potentialAction":[{"@type":"SearchAction","target":{"@type":"EntryPoint","urlTemplate":"https:\/\/www.waterskis.lv\/en\/?s={search_term_string}"},"query-input":{"@type":"PropertyValueSpecification","valueRequired":true,"valueName":"search_term_string"}}],"inLanguage":"en-US"},{"@type":"Organization","@id":"https:\/\/www.waterskis.lv\/en\/#organization","name":"WATERSKIS.LV","url":"https:\/\/www.waterskis.lv\/en\/","logo":{"@type":"ImageObject","inLanguage":"en-US","@id":"https:\/\/www.waterskis.lv\/en\/#\/schema\/logo\/image\/","url":"https:\/\/www.waterskis.lv\/wp-content\/uploads\/2025\/01\/JUVP-logo.png","contentUrl":"https:\/\/www.waterskis.lv\/wp-content\/uploads\/2025\/01\/JUVP-logo.png","width":421,"height":202,"caption":"WATERSKIS.LV"},"image":{"@id":"https:\/\/www.waterskis.lv\/en\/#\/schema\/logo\/image\/"},"sameAs":["https:\/\/www.facebook.com\/jurmalawaterskiwakeboardpark\/"]}]}},"_links":{"self":[{"href":"https:\/\/www.waterskis.lv\/en\/wp-json\/wp\/v2\/product\/61613","targetHints":{"allow":["GET"]}}],"collection":[{"href":"https:\/\/www.waterskis.lv\/en\/wp-json\/wp\/v2\/product"}],"about":[{"href":"https:\/\/www.waterskis.lv\/en\/wp-json\/wp\/v2\/types\/product"}],"replies":[{"embeddable":true,"href":"https:\/\/www.waterskis.lv\/en\/wp-json\/wp\/v2\/comments?post=61613"}],"wp:featuredmedia":[{"embeddable":true,"href":"https:\/\/www.waterskis.lv\/en\/wp-json\/wp\/v2\/media\/61602"}],"wp:attachment":[{"href":"https:\/\/www.waterskis.lv\/en\/wp-json\/wp\/v2\/media?parent=61613"}],"wp:term":[{"taxonomy":"product_brand","embeddable":true,"href":"https:\/\/www.waterskis.lv\/en\/wp-json\/wp\/v2\/product_brand?post=61613"},{"taxonomy":"product_cat","embeddable":true,"href":"https:\/\/www.waterskis.lv\/en\/wp-json\/wp\/v2\/product_cat?post=61613"},{"taxonomy":"product_tag","embeddable":true,"href":"https:\/\/www.waterskis.lv\/en\/wp-json\/wp\/v2\/product_tag?post=61613"}],"curies":[{"name":"wp","href":"https:\/\/api.w.org\/{rel}","templated":true}]}}