{"id":61704,"date":"2025-02-11T08:55:01","date_gmt":"2025-02-11T06:55:01","guid":{"rendered":"https:\/\/www.waterskis.lv\/product\/spinera-sup-delis-kajaks-sk-120-x-38-6-x-8-365x98x20-cm\/"},"modified":"2026-02-01T18:21:38","modified_gmt":"2026-02-01T16:21:38","slug":"spinera-sup-kayak-sk-120-x-38-6-x-8-365x98x20-cm","status":"publish","type":"product","link":"https:\/\/www.waterskis.lv\/en\/product\/spinera-sup-kayak-sk-120-x-38-6-x-8-365x98x20-cm\/","title":{"rendered":"Spinera Sup-Kayak SK 12\u00b40&#8243; x 38.6&#8243; x 8&#8243; &#8211; 365x98x20 cm"},"content":{"rendered":"<h1>Spinera Sup-Kayak SK 12\u00b40&#8243; x 38.6&#8243; x 8&#8243; &#8211; 365x98x20 cm<\/h1>\n<p>Spinera Sup-Kayak SK 12\u00b40&#8243; x 38.6&#8243; x 8&#8243; &#8211; 365x98x20 cm<\/p>\n<p>All of our Spinera Sup-Kayak models are made of high quality HDDS (High Density Drop Stitch). The removable bottom of our Spinera Sup-Kajaks consists of 8cm high density drop stitch and is provided with an extra valve. The 2-chamber safety system in all of our models offers a safe and good feeling on the water in any situation. The removable bottom of the SK10 &amp; SK14 models can also be used as a body board. All SUP-kayaks come with a bag, fin, kayak seat and repair kit without glue.<\/p>\n<p><b>Specifications:<\/b><\/p>\n<ul>\n<li>Size: 12\u00b40&#8243;x38,6&#8243;x8&#8243; &#8211; 365cm x 98cm x 20cm<\/li>\n<li>Category: Multipurpose<\/li>\n<li>Sup Board \/ Kayak Boat \/ Body Board<\/li>\n<li>Triple fun with 1 product<\/li>\n<li>Max. Payload: 200 kg<\/li>\n<li>Designed for 2 Persons<\/li>\n<li>additional 4 point D-Rings in back for Soft Top Case attachment (case code 21133 not incl.)<\/li>\n<li>Net weight Body: 13kg<\/li>\n<li>Net weight Floor: 2,7kg<\/li>\n<li>Net weight Body &amp; Floor: 13kg<\/li>\n<li>Volume: 430l<\/li>\n<li>Pack size: 50x35x72cm<\/li>\n<li>Weight: 12,5 kg (Board only),<\/li>\n<li>Color: Teal\/Grey\/White<\/li>\n<\/ul>\n<p><b>Production:<\/b><\/p>\n<ul>\n<li>Floor: Max. pressure 8psi &#8211; 0,55bar<\/li>\n<li>Pressure outside chamber: On sunny days max. 8psi &#8211; 0,55bar on colder days max. 12psi &#8211; 0,8bar<\/li>\n<li>Double Chamber: 20cm HDDS\u00a0\u00a0-High Density Drop Stitch Single Layer<\/li>\n<li>+ 8cm HDDS Floor<\/li>\n<\/ul>\n<p><b>Scope of delivery:<\/b><\/p>\n<ul>\n<li>Backpack, 2 Fins and 2 Kayak-Seat included, Repair kit without glue. Delivered in a Color box.<\/li>\n<\/ul>\n<p><b>Optional:<\/b><\/p>\n<ul>\n<li>Pump 25134<\/li>\n<\/ul>\n<p>Paddle 21130 \/ 22251 \/ 21228<\/p>\n<p>INFORMATION: We strongly recommend wearing a floating device\/buoyancy aid when using the stand up paddle board.Floating devices\/buoyancy aids give lift after a fall into the water and maintain the ability to swim and move.<\/p>\n<p>A floating device\/buoyancy aid is not included in scope of delivery.<\/p>\n","protected":false},"excerpt":{"rendered":"<p>https:\/\/www.youtube.com\/watch?v=_Gxn6D43anU [&#8230;]<\/p>\n<p><a class=\"btn btn-secondary understrap-read-more-link\" href=\"https:\/\/www.waterskis.lv\/en\/product\/spinera-sup-kayak-sk-120-x-38-6-x-8-365x98x20-cm\/\">Read More&#8230;<\/a><\/p>\n","protected":false},"featured_media":61678,"comment_status":"closed","ping_status":"closed","template":"","meta":{"_acf_changed":false,"inline_featured_image":false},"product_brand":[1279],"product_cat":[687,686,700,507,1217,1104,502,1229],"product_tag":[3172,3189,3173,3174,1335,1336,3175,3140,3176,3191],"class_list":{"0":"post-61704","1":"product","2":"type-product","3":"status-publish","4":"has-post-thumbnail","6":"product_brand-spinera-watersports","7":"product_cat-all-inflatable-kayaks","8":"product_cat-inflatable-kayaks","9":"product_cat-inflatable-sup-boards","10":"product_cat-kayaks","11":"product_cat-spinera-inflatable-kayaks","12":"product_cat-spinera-inflatable-sups","13":"product_cat-stand-up-paddle-boards","14":"product_cat-sup-kayak","15":"product_tag-aufblasbares-sup","16":"product_tag-spinera","17":"product_tag-stand-up-paddleboard","18":"product_tag-stand-up-paddling","19":"product_tag-sup","20":"product_tag-sup-deli","21":"product_tag-sup-surfer","22":"product_tag-sup-","23":"product_tag-supkayak","24":"product_tag-3191","26":"first","27":"instock","28":"shipping-taxable","29":"purchasable","30":"product-type-simple"},"acf":[],"yoast_head":"<!-- This site is optimized with the Yoast SEO plugin v27.5 - https:\/\/yoast.com\/product\/yoast-seo-wordpress\/ -->\n<title>Spinera Sup-Kayak SK 12\u00b40&quot; x 38.6&quot; x 8&quot; - 365x98x20 cm - WATERSKIS.LV<\/title>\n<meta name=\"description\" content=\"Spinera Sup-Kayak SK 12\u00b40&quot; x 38.6&quot; x 8&quot; - 365x98x20 cm. Sup Board \/ Kayak Boat \/ Body Board. Triple fun with 1 product made of high quality HDDS\" \/>\n<meta name=\"robots\" content=\"index, follow, max-snippet:-1, max-image-preview:large, max-video-preview:-1\" \/>\n<link rel=\"canonical\" href=\"https:\/\/www.waterskis.lv\/en\/product\/spinera-sup-kayak-sk-120-x-38-6-x-8-365x98x20-cm\/\" \/>\n<meta property=\"og:locale\" content=\"en_US\" \/>\n<meta property=\"og:type\" content=\"article\" \/>\n<meta property=\"og:title\" content=\"Spinera Sup-Kayak SK 12\u00b40&quot; x 38.6&quot; x 8&quot; - 365x98x20 cm - WATERSKIS.LV\" \/>\n<meta property=\"og:description\" content=\"Spinera Sup-Kayak SK 12\u00b40&quot; x 38.6&quot; x 8&quot; - 365x98x20 cm. Sup Board \/ Kayak Boat \/ Body Board. Triple fun with 1 product made of high quality HDDS\" \/>\n<meta property=\"og:url\" content=\"https:\/\/www.waterskis.lv\/en\/product\/spinera-sup-kayak-sk-120-x-38-6-x-8-365x98x20-cm\/\" \/>\n<meta property=\"og:site_name\" content=\"WATERSKIS.LV\" \/>\n<meta property=\"article:publisher\" content=\"https:\/\/www.facebook.com\/jurmalawaterskiwakeboardpark\/\" \/>\n<meta property=\"article:modified_time\" content=\"2026-02-01T16:21:38+00:00\" \/>\n<meta property=\"og:image\" content=\"https:\/\/www.waterskis.lv\/wp-content\/uploads\/2025\/02\/21005_image_21005_spinera_sup-kayak_sk_12__120_-_365x98x20_cm_21005_1.webp\" \/>\n\t<meta property=\"og:image:width\" content=\"2000\" \/>\n\t<meta property=\"og:image:height\" content=\"2000\" \/>\n\t<meta property=\"og:image:type\" content=\"image\/webp\" \/>\n<meta name=\"twitter:card\" content=\"summary_large_image\" \/>\n<meta name=\"twitter:label1\" content=\"Est. reading time\" \/>\n\t<meta name=\"twitter:data1\" content=\"2 minutes\" \/>\n<script type=\"application\/ld+json\" class=\"yoast-schema-graph\">{\"@context\":\"https:\\\/\\\/schema.org\",\"@graph\":[{\"@type\":\"WebPage\",\"@id\":\"https:\\\/\\\/www.waterskis.lv\\\/en\\\/product\\\/spinera-sup-kayak-sk-120-x-38-6-x-8-365x98x20-cm\\\/\",\"url\":\"https:\\\/\\\/www.waterskis.lv\\\/en\\\/product\\\/spinera-sup-kayak-sk-120-x-38-6-x-8-365x98x20-cm\\\/\",\"name\":\"Spinera Sup-Kayak SK 12\u00b40\\\" x 38.6\\\" x 8\\\" - 365x98x20 cm - WATERSKIS.LV\",\"isPartOf\":{\"@id\":\"https:\\\/\\\/www.waterskis.lv\\\/en\\\/#website\"},\"primaryImageOfPage\":{\"@id\":\"https:\\\/\\\/www.waterskis.lv\\\/en\\\/product\\\/spinera-sup-kayak-sk-120-x-38-6-x-8-365x98x20-cm\\\/#primaryimage\"},\"image\":{\"@id\":\"https:\\\/\\\/www.waterskis.lv\\\/en\\\/product\\\/spinera-sup-kayak-sk-120-x-38-6-x-8-365x98x20-cm\\\/#primaryimage\"},\"thumbnailUrl\":\"https:\\\/\\\/www.waterskis.lv\\\/wp-content\\\/uploads\\\/2025\\\/02\\\/21005_image_21005_spinera_sup-kayak_sk_12__120_-_365x98x20_cm_21005_1.webp\",\"datePublished\":\"2025-02-11T06:55:01+00:00\",\"dateModified\":\"2026-02-01T16:21:38+00:00\",\"description\":\"Spinera Sup-Kayak SK 12\u00b40\\\" x 38.6\\\" x 8\\\" - 365x98x20 cm. Sup Board \\\/ Kayak Boat \\\/ Body Board. Triple fun with 1 product made of high quality HDDS\",\"breadcrumb\":{\"@id\":\"https:\\\/\\\/www.waterskis.lv\\\/en\\\/product\\\/spinera-sup-kayak-sk-120-x-38-6-x-8-365x98x20-cm\\\/#breadcrumb\"},\"inLanguage\":\"en-US\",\"potentialAction\":[{\"@type\":\"ReadAction\",\"target\":[\"https:\\\/\\\/www.waterskis.lv\\\/en\\\/product\\\/spinera-sup-kayak-sk-120-x-38-6-x-8-365x98x20-cm\\\/\"]}]},{\"@type\":\"ImageObject\",\"inLanguage\":\"en-US\",\"@id\":\"https:\\\/\\\/www.waterskis.lv\\\/en\\\/product\\\/spinera-sup-kayak-sk-120-x-38-6-x-8-365x98x20-cm\\\/#primaryimage\",\"url\":\"https:\\\/\\\/www.waterskis.lv\\\/wp-content\\\/uploads\\\/2025\\\/02\\\/21005_image_21005_spinera_sup-kayak_sk_12__120_-_365x98x20_cm_21005_1.webp\",\"contentUrl\":\"https:\\\/\\\/www.waterskis.lv\\\/wp-content\\\/uploads\\\/2025\\\/02\\\/21005_image_21005_spinera_sup-kayak_sk_12__120_-_365x98x20_cm_21005_1.webp\",\"width\":2000,\"height\":2000,\"caption\":\"Spinera Sup d\u0113lis - kajaks SK 12\u00b40\\\" x 38.6\\\" x 8\\\" - 365x98x20 cm\"},{\"@type\":\"BreadcrumbList\",\"@id\":\"https:\\\/\\\/www.waterskis.lv\\\/en\\\/product\\\/spinera-sup-kayak-sk-120-x-38-6-x-8-365x98x20-cm\\\/#breadcrumb\",\"itemListElement\":[{\"@type\":\"ListItem\",\"position\":1,\"name\":\"Home\",\"item\":\"https:\\\/\\\/www.waterskis.lv\\\/en\\\/\"},{\"@type\":\"ListItem\",\"position\":2,\"name\":\"Shop\",\"item\":\"https:\\\/\\\/waterskis.lv\\\/en\\\/shop\\\/\"},{\"@type\":\"ListItem\",\"position\":3,\"name\":\"Spinera Sup-Kayak SK 12\u00b40&#8243; x 38.6&#8243; x 8&#8243; &#8211; 365x98x20 cm\"}]},{\"@type\":\"WebSite\",\"@id\":\"https:\\\/\\\/www.waterskis.lv\\\/en\\\/#website\",\"url\":\"https:\\\/\\\/www.waterskis.lv\\\/en\\\/\",\"name\":\"WATERSKIS.LV\",\"description\":\"SUP d\u0113\u013ci, kajaki, kanoe, airu laivas, \u016bdenssl\u0113po\u0161ana, veikbords, SUP d\u0113\u013cu noma, kajaku nomaakt\u012bv\u0101s atp\u016btas centrs, laivu noma, sup noma, kajaku noma\",\"publisher\":{\"@id\":\"https:\\\/\\\/www.waterskis.lv\\\/en\\\/#organization\"},\"potentialAction\":[{\"@type\":\"SearchAction\",\"target\":{\"@type\":\"EntryPoint\",\"urlTemplate\":\"https:\\\/\\\/www.waterskis.lv\\\/en\\\/?s={search_term_string}\"},\"query-input\":{\"@type\":\"PropertyValueSpecification\",\"valueRequired\":true,\"valueName\":\"search_term_string\"}}],\"inLanguage\":\"en-US\"},{\"@type\":\"Organization\",\"@id\":\"https:\\\/\\\/www.waterskis.lv\\\/en\\\/#organization\",\"name\":\"WATERSKIS.LV\",\"url\":\"https:\\\/\\\/www.waterskis.lv\\\/en\\\/\",\"logo\":{\"@type\":\"ImageObject\",\"inLanguage\":\"en-US\",\"@id\":\"https:\\\/\\\/www.waterskis.lv\\\/en\\\/#\\\/schema\\\/logo\\\/image\\\/\",\"url\":\"https:\\\/\\\/www.waterskis.lv\\\/wp-content\\\/uploads\\\/2025\\\/01\\\/JUVP-logo.png\",\"contentUrl\":\"https:\\\/\\\/www.waterskis.lv\\\/wp-content\\\/uploads\\\/2025\\\/01\\\/JUVP-logo.png\",\"width\":421,\"height\":202,\"caption\":\"WATERSKIS.LV\"},\"image\":{\"@id\":\"https:\\\/\\\/www.waterskis.lv\\\/en\\\/#\\\/schema\\\/logo\\\/image\\\/\"},\"sameAs\":[\"https:\\\/\\\/www.facebook.com\\\/jurmalawaterskiwakeboardpark\\\/\"]}]}<\/script>\n<!-- \/ Yoast SEO plugin. -->","yoast_head_json":{"title":"Spinera Sup-Kayak SK 12\u00b40\" x 38.6\" x 8\" - 365x98x20 cm - WATERSKIS.LV","description":"Spinera Sup-Kayak SK 12\u00b40\" x 38.6\" x 8\" - 365x98x20 cm. Sup Board \/ Kayak Boat \/ Body Board. Triple fun with 1 product made of high quality HDDS","robots":{"index":"index","follow":"follow","max-snippet":"max-snippet:-1","max-image-preview":"max-image-preview:large","max-video-preview":"max-video-preview:-1"},"canonical":"https:\/\/www.waterskis.lv\/en\/product\/spinera-sup-kayak-sk-120-x-38-6-x-8-365x98x20-cm\/","og_locale":"en_US","og_type":"article","og_title":"Spinera Sup-Kayak SK 12\u00b40\" x 38.6\" x 8\" - 365x98x20 cm - WATERSKIS.LV","og_description":"Spinera Sup-Kayak SK 12\u00b40\" x 38.6\" x 8\" - 365x98x20 cm. Sup Board \/ Kayak Boat \/ Body Board. Triple fun with 1 product made of high quality HDDS","og_url":"https:\/\/www.waterskis.lv\/en\/product\/spinera-sup-kayak-sk-120-x-38-6-x-8-365x98x20-cm\/","og_site_name":"WATERSKIS.LV","article_publisher":"https:\/\/www.facebook.com\/jurmalawaterskiwakeboardpark\/","article_modified_time":"2026-02-01T16:21:38+00:00","og_image":[{"width":2000,"height":2000,"url":"https:\/\/www.waterskis.lv\/wp-content\/uploads\/2025\/02\/21005_image_21005_spinera_sup-kayak_sk_12__120_-_365x98x20_cm_21005_1.webp","type":"image\/webp"}],"twitter_card":"summary_large_image","twitter_misc":{"Est. reading time":"2 minutes"},"schema":{"@context":"https:\/\/schema.org","@graph":[{"@type":"WebPage","@id":"https:\/\/www.waterskis.lv\/en\/product\/spinera-sup-kayak-sk-120-x-38-6-x-8-365x98x20-cm\/","url":"https:\/\/www.waterskis.lv\/en\/product\/spinera-sup-kayak-sk-120-x-38-6-x-8-365x98x20-cm\/","name":"Spinera Sup-Kayak SK 12\u00b40\" x 38.6\" x 8\" - 365x98x20 cm - WATERSKIS.LV","isPartOf":{"@id":"https:\/\/www.waterskis.lv\/en\/#website"},"primaryImageOfPage":{"@id":"https:\/\/www.waterskis.lv\/en\/product\/spinera-sup-kayak-sk-120-x-38-6-x-8-365x98x20-cm\/#primaryimage"},"image":{"@id":"https:\/\/www.waterskis.lv\/en\/product\/spinera-sup-kayak-sk-120-x-38-6-x-8-365x98x20-cm\/#primaryimage"},"thumbnailUrl":"https:\/\/www.waterskis.lv\/wp-content\/uploads\/2025\/02\/21005_image_21005_spinera_sup-kayak_sk_12__120_-_365x98x20_cm_21005_1.webp","datePublished":"2025-02-11T06:55:01+00:00","dateModified":"2026-02-01T16:21:38+00:00","description":"Spinera Sup-Kayak SK 12\u00b40\" x 38.6\" x 8\" - 365x98x20 cm. Sup Board \/ Kayak Boat \/ Body Board. Triple fun with 1 product made of high quality HDDS","breadcrumb":{"@id":"https:\/\/www.waterskis.lv\/en\/product\/spinera-sup-kayak-sk-120-x-38-6-x-8-365x98x20-cm\/#breadcrumb"},"inLanguage":"en-US","potentialAction":[{"@type":"ReadAction","target":["https:\/\/www.waterskis.lv\/en\/product\/spinera-sup-kayak-sk-120-x-38-6-x-8-365x98x20-cm\/"]}]},{"@type":"ImageObject","inLanguage":"en-US","@id":"https:\/\/www.waterskis.lv\/en\/product\/spinera-sup-kayak-sk-120-x-38-6-x-8-365x98x20-cm\/#primaryimage","url":"https:\/\/www.waterskis.lv\/wp-content\/uploads\/2025\/02\/21005_image_21005_spinera_sup-kayak_sk_12__120_-_365x98x20_cm_21005_1.webp","contentUrl":"https:\/\/www.waterskis.lv\/wp-content\/uploads\/2025\/02\/21005_image_21005_spinera_sup-kayak_sk_12__120_-_365x98x20_cm_21005_1.webp","width":2000,"height":2000,"caption":"Spinera Sup d\u0113lis - kajaks SK 12\u00b40\" x 38.6\" x 8\" - 365x98x20 cm"},{"@type":"BreadcrumbList","@id":"https:\/\/www.waterskis.lv\/en\/product\/spinera-sup-kayak-sk-120-x-38-6-x-8-365x98x20-cm\/#breadcrumb","itemListElement":[{"@type":"ListItem","position":1,"name":"Home","item":"https:\/\/www.waterskis.lv\/en\/"},{"@type":"ListItem","position":2,"name":"Shop","item":"https:\/\/waterskis.lv\/en\/shop\/"},{"@type":"ListItem","position":3,"name":"Spinera Sup-Kayak SK 12\u00b40&#8243; x 38.6&#8243; x 8&#8243; &#8211; 365x98x20 cm"}]},{"@type":"WebSite","@id":"https:\/\/www.waterskis.lv\/en\/#website","url":"https:\/\/www.waterskis.lv\/en\/","name":"WATERSKIS.LV","description":"SUP d\u0113\u013ci, kajaki, kanoe, airu laivas, \u016bdenssl\u0113po\u0161ana, veikbords, SUP d\u0113\u013cu noma, kajaku nomaakt\u012bv\u0101s atp\u016btas centrs, laivu noma, sup noma, kajaku noma","publisher":{"@id":"https:\/\/www.waterskis.lv\/en\/#organization"},"potentialAction":[{"@type":"SearchAction","target":{"@type":"EntryPoint","urlTemplate":"https:\/\/www.waterskis.lv\/en\/?s={search_term_string}"},"query-input":{"@type":"PropertyValueSpecification","valueRequired":true,"valueName":"search_term_string"}}],"inLanguage":"en-US"},{"@type":"Organization","@id":"https:\/\/www.waterskis.lv\/en\/#organization","name":"WATERSKIS.LV","url":"https:\/\/www.waterskis.lv\/en\/","logo":{"@type":"ImageObject","inLanguage":"en-US","@id":"https:\/\/www.waterskis.lv\/en\/#\/schema\/logo\/image\/","url":"https:\/\/www.waterskis.lv\/wp-content\/uploads\/2025\/01\/JUVP-logo.png","contentUrl":"https:\/\/www.waterskis.lv\/wp-content\/uploads\/2025\/01\/JUVP-logo.png","width":421,"height":202,"caption":"WATERSKIS.LV"},"image":{"@id":"https:\/\/www.waterskis.lv\/en\/#\/schema\/logo\/image\/"},"sameAs":["https:\/\/www.facebook.com\/jurmalawaterskiwakeboardpark\/"]}]}},"_links":{"self":[{"href":"https:\/\/www.waterskis.lv\/en\/wp-json\/wp\/v2\/product\/61704","targetHints":{"allow":["GET"]}}],"collection":[{"href":"https:\/\/www.waterskis.lv\/en\/wp-json\/wp\/v2\/product"}],"about":[{"href":"https:\/\/www.waterskis.lv\/en\/wp-json\/wp\/v2\/types\/product"}],"replies":[{"embeddable":true,"href":"https:\/\/www.waterskis.lv\/en\/wp-json\/wp\/v2\/comments?post=61704"}],"wp:featuredmedia":[{"embeddable":true,"href":"https:\/\/www.waterskis.lv\/en\/wp-json\/wp\/v2\/media\/61678"}],"wp:attachment":[{"href":"https:\/\/www.waterskis.lv\/en\/wp-json\/wp\/v2\/media?parent=61704"}],"wp:term":[{"taxonomy":"product_brand","embeddable":true,"href":"https:\/\/www.waterskis.lv\/en\/wp-json\/wp\/v2\/product_brand?post=61704"},{"taxonomy":"product_cat","embeddable":true,"href":"https:\/\/www.waterskis.lv\/en\/wp-json\/wp\/v2\/product_cat?post=61704"},{"taxonomy":"product_tag","embeddable":true,"href":"https:\/\/www.waterskis.lv\/en\/wp-json\/wp\/v2\/product_tag?post=61704"}],"curies":[{"name":"wp","href":"https:\/\/api.w.org\/{rel}","templated":true}]}}