{"id":61740,"date":"2025-02-11T09:17:00","date_gmt":"2025-02-11T07:17:00","guid":{"rendered":"https:\/\/www.waterskis.lv\/product\/spinera-sup-delis-kajaks-pelddelis-10-101x-38-6-x-8-305x98x20-cm\/"},"modified":"2026-02-01T18:20:18","modified_gmt":"2026-02-01T16:20:18","slug":"spinera-sup-kayak-body-board-sk-10-101x-38-6-x-8-305x98x20-cm","status":"publish","type":"product","link":"https:\/\/www.waterskis.lv\/en\/product\/spinera-sup-kayak-body-board-sk-10-101x-38-6-x-8-305x98x20-cm\/","title":{"rendered":"Spinera Sup &#8211; Kayak &#8211; Body Board SK 10 10\u00b41&#8243;x 38.6&#8243; x 8&#8243; &#8211; 305x98x20 cm"},"content":{"rendered":"<h1>Spinera Sup &#8211; Kayak &#8211; Body Board SK 10 10\u00b41&#8243;x 38.6&#8243; x 8&#8243; &#8211; 305x98x20 cm<\/h1>\n<p>Spinera Sup &#8211; Kayak &#8211; Body Board SK 10 10\u00b41&#8243;x 38.6&#8243; x 8&#8243; &#8211; 305x98x20 cm<\/p>\n<p>All of our Spinera SupKayak models are made of high quality HDDS (High Density Drop Stitch). The removable bottom of our Spinera SupKajaks consists of 8cm high density drop stitch and is provided with an extra valve. The 2-chamber safety system in all of our models offers a safe and good feeling on the water in any situation. The removable bottom of the SK10 &amp; SK14 models can also be used as a body board. All SUP kayaks come with a bag, fin, kayak seat and repair kit without glue.<\/p>\n<p><b>Specifications:<\/b><\/p>\n<ul>\n<li>Size: 10\u00b41&#8243; x 38,6&#8243; x 8&#8243; &#8211; 305cm x 98cm x 20cm<\/li>\n<li>Category: Multipurpose<\/li>\n<li>Sup Board \/ Kayak Boat \/ Body Board<\/li>\n<li>Triple of fun in 1 product<\/li>\n<li>Max. Payload: 115 kg<\/li>\n<li>Designed for 1 Person<\/li>\n<li>additional 4 point D-Rings in back for Soft Top Case attachment (case code 21133 not incl.)<\/li>\n<li>Net weight Body: 10,1kg<\/li>\n<li>Net weight Floor: 1,5kg<\/li>\n<li>Net weight Body &amp; Floor: 10,1kg<\/li>\n<li>Volume: 360l<\/li>\n<li>Pack size: 45x32x72cm<\/li>\n<li>Weight: 9.8 kg (Board only),<\/li>\n<li>Color: Teal\/Grey\/White<\/li>\n<\/ul>\n<p><b>Production:<\/b><\/p>\n<ul>\n<li>Floor: Max. pressure 8psi &#8211; 0,55bar<\/li>\n<li>Pressure outside chamber: On sunny days max. 8psi &#8211; 0,55bar on colder days max. 12psi &#8211; 0,8bar<\/li>\n<li>Double Chamber System: 20cm HDDS &#8211; High Density Drop Stitch Single Layer<\/li>\n<li>+ 8cm HDDS Floor<\/li>\n<\/ul>\n<p><b>Scope of delivery:<\/b><\/p>\n<ul>\n<li>Backpack, 2 Fins and 1 Kayak-Seat included, Repair kit without glue, delivered in Color box.<\/li>\n<\/ul>\n<p>INFORMATION: We strongly recommend wearing a floating device\/buoyancy aid when using the stand up paddle board.<\/p>\n<p>Floating devices\/buoyancy aids give lift after a fall into the water and maintain the ability to swim and move.<\/p>\n<p>A floating device\/buoyancy aid is not included in scope of delivery.<\/p>\n<p>&nbsp;<\/p>\n","protected":false},"excerpt":{"rendered":"<p>https:\/\/www.youtube.com\/watch?v=_Gxn6D43anU [&#8230;]<\/p>\n<p><a class=\"btn btn-secondary understrap-read-more-link\" href=\"https:\/\/www.waterskis.lv\/en\/product\/spinera-sup-kayak-body-board-sk-10-101x-38-6-x-8-305x98x20-cm\/\">Read More&#8230;<\/a><\/p>\n","protected":false},"featured_media":61711,"comment_status":"closed","ping_status":"closed","template":"","meta":{"_acf_changed":false,"inline_featured_image":false},"product_brand":[1279],"product_cat":[687,686,700,507,1217,1104,502,1229],"product_tag":[3172,1355,3189,3173,3174,1335,1316,3175,3140,3176,3191],"class_list":{"0":"post-61740","1":"product","2":"type-product","3":"status-publish","4":"has-post-thumbnail","6":"product_brand-spinera-watersports","7":"product_cat-all-inflatable-kayaks","8":"product_cat-inflatable-kayaks","9":"product_cat-inflatable-sup-boards","10":"product_cat-kayaks","11":"product_cat-spinera-inflatable-kayaks","12":"product_cat-spinera-inflatable-sups","13":"product_cat-stand-up-paddle-boards","14":"product_cat-sup-kayak","15":"product_tag-aufblasbares-sup","16":"product_tag-piepusams-sup-delis","17":"product_tag-spinera","18":"product_tag-stand-up-paddleboard","19":"product_tag-stand-up-paddling","20":"product_tag-sup","21":"product_tag-sup-delis","22":"product_tag-sup-surfer","23":"product_tag-sup-","24":"product_tag-supkayak","25":"product_tag-3191","27":"first","28":"instock","29":"shipping-taxable","30":"purchasable","31":"product-type-simple"},"acf":[],"yoast_head":"<!-- This site is optimized with the Yoast SEO plugin v27.4 - https:\/\/yoast.com\/product\/yoast-seo-wordpress\/ -->\n<title>Spinera Sup - Kayak - Body Board SK 10 10\u00b41&quot;x 38.6&quot; x 8&quot; - 305x98x20 cm - WATERSKIS.LV<\/title>\n<meta name=\"description\" content=\"Spinera Sup - Kayak - Body Board SK 10 10\u00b41&quot;x 38.6&quot; x 8&quot; - 305x98x20 cm. Triple of fun in 1 product made of high quality HDDS Single Layer\" \/>\n<meta name=\"robots\" content=\"index, follow, max-snippet:-1, max-image-preview:large, max-video-preview:-1\" \/>\n<link rel=\"canonical\" href=\"https:\/\/www.waterskis.lv\/en\/product\/spinera-sup-kayak-body-board-sk-10-101x-38-6-x-8-305x98x20-cm\/\" \/>\n<meta property=\"og:locale\" content=\"en_US\" \/>\n<meta property=\"og:type\" content=\"article\" \/>\n<meta property=\"og:title\" content=\"Spinera Sup - Kayak - Body Board SK 10 10\u00b41&quot;x 38.6&quot; x 8&quot; - 305x98x20 cm - WATERSKIS.LV\" \/>\n<meta property=\"og:description\" content=\"Spinera Sup - Kayak - Body Board SK 10 10\u00b41&quot;x 38.6&quot; x 8&quot; - 305x98x20 cm. Triple of fun in 1 product made of high quality HDDS Single Layer\" \/>\n<meta property=\"og:url\" content=\"https:\/\/www.waterskis.lv\/en\/product\/spinera-sup-kayak-body-board-sk-10-101x-38-6-x-8-305x98x20-cm\/\" \/>\n<meta property=\"og:site_name\" content=\"WATERSKIS.LV\" \/>\n<meta property=\"article:publisher\" content=\"https:\/\/www.facebook.com\/jurmalawaterskiwakeboardpark\/\" \/>\n<meta property=\"article:modified_time\" content=\"2026-02-01T16:20:18+00:00\" \/>\n<meta property=\"og:image\" content=\"https:\/\/www.waterskis.lv\/wp-content\/uploads\/2025\/02\/21004_image_21004_spinera_sup-kayak_sk_10__10_0_x39_x8__-_305x98x20_cm_21004_1.webp\" \/>\n\t<meta property=\"og:image:width\" content=\"2000\" \/>\n\t<meta property=\"og:image:height\" content=\"2000\" \/>\n\t<meta property=\"og:image:type\" content=\"image\/webp\" \/>\n<meta name=\"twitter:card\" content=\"summary_large_image\" \/>\n<meta name=\"twitter:label1\" content=\"Est. reading time\" \/>\n\t<meta name=\"twitter:data1\" content=\"2 minutes\" \/>\n<script type=\"application\/ld+json\" class=\"yoast-schema-graph\">{\"@context\":\"https:\\\/\\\/schema.org\",\"@graph\":[{\"@type\":\"WebPage\",\"@id\":\"https:\\\/\\\/www.waterskis.lv\\\/en\\\/product\\\/spinera-sup-kayak-body-board-sk-10-101x-38-6-x-8-305x98x20-cm\\\/\",\"url\":\"https:\\\/\\\/www.waterskis.lv\\\/en\\\/product\\\/spinera-sup-kayak-body-board-sk-10-101x-38-6-x-8-305x98x20-cm\\\/\",\"name\":\"Spinera Sup - Kayak - Body Board SK 10 10\u00b41\\\"x 38.6\\\" x 8\\\" - 305x98x20 cm - WATERSKIS.LV\",\"isPartOf\":{\"@id\":\"https:\\\/\\\/www.waterskis.lv\\\/en\\\/#website\"},\"primaryImageOfPage\":{\"@id\":\"https:\\\/\\\/www.waterskis.lv\\\/en\\\/product\\\/spinera-sup-kayak-body-board-sk-10-101x-38-6-x-8-305x98x20-cm\\\/#primaryimage\"},\"image\":{\"@id\":\"https:\\\/\\\/www.waterskis.lv\\\/en\\\/product\\\/spinera-sup-kayak-body-board-sk-10-101x-38-6-x-8-305x98x20-cm\\\/#primaryimage\"},\"thumbnailUrl\":\"https:\\\/\\\/www.waterskis.lv\\\/wp-content\\\/uploads\\\/2025\\\/02\\\/21004_image_21004_spinera_sup-kayak_sk_10__10_0_x39_x8__-_305x98x20_cm_21004_1.webp\",\"datePublished\":\"2025-02-11T07:17:00+00:00\",\"dateModified\":\"2026-02-01T16:20:18+00:00\",\"description\":\"Spinera Sup - Kayak - Body Board SK 10 10\u00b41\\\"x 38.6\\\" x 8\\\" - 305x98x20 cm. Triple of fun in 1 product made of high quality HDDS Single Layer\",\"breadcrumb\":{\"@id\":\"https:\\\/\\\/www.waterskis.lv\\\/en\\\/product\\\/spinera-sup-kayak-body-board-sk-10-101x-38-6-x-8-305x98x20-cm\\\/#breadcrumb\"},\"inLanguage\":\"en-US\",\"potentialAction\":[{\"@type\":\"ReadAction\",\"target\":[\"https:\\\/\\\/www.waterskis.lv\\\/en\\\/product\\\/spinera-sup-kayak-body-board-sk-10-101x-38-6-x-8-305x98x20-cm\\\/\"]}]},{\"@type\":\"ImageObject\",\"inLanguage\":\"en-US\",\"@id\":\"https:\\\/\\\/www.waterskis.lv\\\/en\\\/product\\\/spinera-sup-kayak-body-board-sk-10-101x-38-6-x-8-305x98x20-cm\\\/#primaryimage\",\"url\":\"https:\\\/\\\/www.waterskis.lv\\\/wp-content\\\/uploads\\\/2025\\\/02\\\/21004_image_21004_spinera_sup-kayak_sk_10__10_0_x39_x8__-_305x98x20_cm_21004_1.webp\",\"contentUrl\":\"https:\\\/\\\/www.waterskis.lv\\\/wp-content\\\/uploads\\\/2025\\\/02\\\/21004_image_21004_spinera_sup-kayak_sk_10__10_0_x39_x8__-_305x98x20_cm_21004_1.webp\",\"width\":2000,\"height\":2000,\"caption\":\"Spinera Sup d\u0113lis - kajaks - peldd\u0113lis 10 10\u00b41\\\"x 38.6\\\" x 8\\\" - 305x98x20 cm\"},{\"@type\":\"BreadcrumbList\",\"@id\":\"https:\\\/\\\/www.waterskis.lv\\\/en\\\/product\\\/spinera-sup-kayak-body-board-sk-10-101x-38-6-x-8-305x98x20-cm\\\/#breadcrumb\",\"itemListElement\":[{\"@type\":\"ListItem\",\"position\":1,\"name\":\"Home\",\"item\":\"https:\\\/\\\/www.waterskis.lv\\\/en\\\/\"},{\"@type\":\"ListItem\",\"position\":2,\"name\":\"Shop\",\"item\":\"https:\\\/\\\/waterskis.lv\\\/en\\\/shop\\\/\"},{\"@type\":\"ListItem\",\"position\":3,\"name\":\"Spinera Sup &#8211; Kayak &#8211; Body Board SK 10 10\u00b41&#8243;x 38.6&#8243; x 8&#8243; &#8211; 305x98x20 cm\"}]},{\"@type\":\"WebSite\",\"@id\":\"https:\\\/\\\/www.waterskis.lv\\\/en\\\/#website\",\"url\":\"https:\\\/\\\/www.waterskis.lv\\\/en\\\/\",\"name\":\"WATERSKIS.LV\",\"description\":\"SUP d\u0113\u013ci, kajaki, kanoe, airu laivas, \u016bdenssl\u0113po\u0161ana, veikbords, SUP d\u0113\u013cu noma, kajaku nomaakt\u012bv\u0101s atp\u016btas centrs, laivu noma, sup noma, kajaku noma\",\"publisher\":{\"@id\":\"https:\\\/\\\/www.waterskis.lv\\\/en\\\/#organization\"},\"potentialAction\":[{\"@type\":\"SearchAction\",\"target\":{\"@type\":\"EntryPoint\",\"urlTemplate\":\"https:\\\/\\\/www.waterskis.lv\\\/en\\\/?s={search_term_string}\"},\"query-input\":{\"@type\":\"PropertyValueSpecification\",\"valueRequired\":true,\"valueName\":\"search_term_string\"}}],\"inLanguage\":\"en-US\"},{\"@type\":\"Organization\",\"@id\":\"https:\\\/\\\/www.waterskis.lv\\\/en\\\/#organization\",\"name\":\"WATERSKIS.LV\",\"url\":\"https:\\\/\\\/www.waterskis.lv\\\/en\\\/\",\"logo\":{\"@type\":\"ImageObject\",\"inLanguage\":\"en-US\",\"@id\":\"https:\\\/\\\/www.waterskis.lv\\\/en\\\/#\\\/schema\\\/logo\\\/image\\\/\",\"url\":\"https:\\\/\\\/www.waterskis.lv\\\/wp-content\\\/uploads\\\/2025\\\/01\\\/JUVP-logo.png\",\"contentUrl\":\"https:\\\/\\\/www.waterskis.lv\\\/wp-content\\\/uploads\\\/2025\\\/01\\\/JUVP-logo.png\",\"width\":421,\"height\":202,\"caption\":\"WATERSKIS.LV\"},\"image\":{\"@id\":\"https:\\\/\\\/www.waterskis.lv\\\/en\\\/#\\\/schema\\\/logo\\\/image\\\/\"},\"sameAs\":[\"https:\\\/\\\/www.facebook.com\\\/jurmalawaterskiwakeboardpark\\\/\"]}]}<\/script>\n<!-- \/ Yoast SEO plugin. -->","yoast_head_json":{"title":"Spinera Sup - Kayak - Body Board SK 10 10\u00b41\"x 38.6\" x 8\" - 305x98x20 cm - WATERSKIS.LV","description":"Spinera Sup - Kayak - Body Board SK 10 10\u00b41\"x 38.6\" x 8\" - 305x98x20 cm. Triple of fun in 1 product made of high quality HDDS Single Layer","robots":{"index":"index","follow":"follow","max-snippet":"max-snippet:-1","max-image-preview":"max-image-preview:large","max-video-preview":"max-video-preview:-1"},"canonical":"https:\/\/www.waterskis.lv\/en\/product\/spinera-sup-kayak-body-board-sk-10-101x-38-6-x-8-305x98x20-cm\/","og_locale":"en_US","og_type":"article","og_title":"Spinera Sup - Kayak - Body Board SK 10 10\u00b41\"x 38.6\" x 8\" - 305x98x20 cm - WATERSKIS.LV","og_description":"Spinera Sup - Kayak - Body Board SK 10 10\u00b41\"x 38.6\" x 8\" - 305x98x20 cm. Triple of fun in 1 product made of high quality HDDS Single Layer","og_url":"https:\/\/www.waterskis.lv\/en\/product\/spinera-sup-kayak-body-board-sk-10-101x-38-6-x-8-305x98x20-cm\/","og_site_name":"WATERSKIS.LV","article_publisher":"https:\/\/www.facebook.com\/jurmalawaterskiwakeboardpark\/","article_modified_time":"2026-02-01T16:20:18+00:00","og_image":[{"width":2000,"height":2000,"url":"https:\/\/www.waterskis.lv\/wp-content\/uploads\/2025\/02\/21004_image_21004_spinera_sup-kayak_sk_10__10_0_x39_x8__-_305x98x20_cm_21004_1.webp","type":"image\/webp"}],"twitter_card":"summary_large_image","twitter_misc":{"Est. reading time":"2 minutes"},"schema":{"@context":"https:\/\/schema.org","@graph":[{"@type":"WebPage","@id":"https:\/\/www.waterskis.lv\/en\/product\/spinera-sup-kayak-body-board-sk-10-101x-38-6-x-8-305x98x20-cm\/","url":"https:\/\/www.waterskis.lv\/en\/product\/spinera-sup-kayak-body-board-sk-10-101x-38-6-x-8-305x98x20-cm\/","name":"Spinera Sup - Kayak - Body Board SK 10 10\u00b41\"x 38.6\" x 8\" - 305x98x20 cm - WATERSKIS.LV","isPartOf":{"@id":"https:\/\/www.waterskis.lv\/en\/#website"},"primaryImageOfPage":{"@id":"https:\/\/www.waterskis.lv\/en\/product\/spinera-sup-kayak-body-board-sk-10-101x-38-6-x-8-305x98x20-cm\/#primaryimage"},"image":{"@id":"https:\/\/www.waterskis.lv\/en\/product\/spinera-sup-kayak-body-board-sk-10-101x-38-6-x-8-305x98x20-cm\/#primaryimage"},"thumbnailUrl":"https:\/\/www.waterskis.lv\/wp-content\/uploads\/2025\/02\/21004_image_21004_spinera_sup-kayak_sk_10__10_0_x39_x8__-_305x98x20_cm_21004_1.webp","datePublished":"2025-02-11T07:17:00+00:00","dateModified":"2026-02-01T16:20:18+00:00","description":"Spinera Sup - Kayak - Body Board SK 10 10\u00b41\"x 38.6\" x 8\" - 305x98x20 cm. Triple of fun in 1 product made of high quality HDDS Single Layer","breadcrumb":{"@id":"https:\/\/www.waterskis.lv\/en\/product\/spinera-sup-kayak-body-board-sk-10-101x-38-6-x-8-305x98x20-cm\/#breadcrumb"},"inLanguage":"en-US","potentialAction":[{"@type":"ReadAction","target":["https:\/\/www.waterskis.lv\/en\/product\/spinera-sup-kayak-body-board-sk-10-101x-38-6-x-8-305x98x20-cm\/"]}]},{"@type":"ImageObject","inLanguage":"en-US","@id":"https:\/\/www.waterskis.lv\/en\/product\/spinera-sup-kayak-body-board-sk-10-101x-38-6-x-8-305x98x20-cm\/#primaryimage","url":"https:\/\/www.waterskis.lv\/wp-content\/uploads\/2025\/02\/21004_image_21004_spinera_sup-kayak_sk_10__10_0_x39_x8__-_305x98x20_cm_21004_1.webp","contentUrl":"https:\/\/www.waterskis.lv\/wp-content\/uploads\/2025\/02\/21004_image_21004_spinera_sup-kayak_sk_10__10_0_x39_x8__-_305x98x20_cm_21004_1.webp","width":2000,"height":2000,"caption":"Spinera Sup d\u0113lis - kajaks - peldd\u0113lis 10 10\u00b41\"x 38.6\" x 8\" - 305x98x20 cm"},{"@type":"BreadcrumbList","@id":"https:\/\/www.waterskis.lv\/en\/product\/spinera-sup-kayak-body-board-sk-10-101x-38-6-x-8-305x98x20-cm\/#breadcrumb","itemListElement":[{"@type":"ListItem","position":1,"name":"Home","item":"https:\/\/www.waterskis.lv\/en\/"},{"@type":"ListItem","position":2,"name":"Shop","item":"https:\/\/waterskis.lv\/en\/shop\/"},{"@type":"ListItem","position":3,"name":"Spinera Sup &#8211; Kayak &#8211; Body Board SK 10 10\u00b41&#8243;x 38.6&#8243; x 8&#8243; &#8211; 305x98x20 cm"}]},{"@type":"WebSite","@id":"https:\/\/www.waterskis.lv\/en\/#website","url":"https:\/\/www.waterskis.lv\/en\/","name":"WATERSKIS.LV","description":"SUP d\u0113\u013ci, kajaki, kanoe, airu laivas, \u016bdenssl\u0113po\u0161ana, veikbords, SUP d\u0113\u013cu noma, kajaku nomaakt\u012bv\u0101s atp\u016btas centrs, laivu noma, sup noma, kajaku noma","publisher":{"@id":"https:\/\/www.waterskis.lv\/en\/#organization"},"potentialAction":[{"@type":"SearchAction","target":{"@type":"EntryPoint","urlTemplate":"https:\/\/www.waterskis.lv\/en\/?s={search_term_string}"},"query-input":{"@type":"PropertyValueSpecification","valueRequired":true,"valueName":"search_term_string"}}],"inLanguage":"en-US"},{"@type":"Organization","@id":"https:\/\/www.waterskis.lv\/en\/#organization","name":"WATERSKIS.LV","url":"https:\/\/www.waterskis.lv\/en\/","logo":{"@type":"ImageObject","inLanguage":"en-US","@id":"https:\/\/www.waterskis.lv\/en\/#\/schema\/logo\/image\/","url":"https:\/\/www.waterskis.lv\/wp-content\/uploads\/2025\/01\/JUVP-logo.png","contentUrl":"https:\/\/www.waterskis.lv\/wp-content\/uploads\/2025\/01\/JUVP-logo.png","width":421,"height":202,"caption":"WATERSKIS.LV"},"image":{"@id":"https:\/\/www.waterskis.lv\/en\/#\/schema\/logo\/image\/"},"sameAs":["https:\/\/www.facebook.com\/jurmalawaterskiwakeboardpark\/"]}]}},"_links":{"self":[{"href":"https:\/\/www.waterskis.lv\/en\/wp-json\/wp\/v2\/product\/61740","targetHints":{"allow":["GET"]}}],"collection":[{"href":"https:\/\/www.waterskis.lv\/en\/wp-json\/wp\/v2\/product"}],"about":[{"href":"https:\/\/www.waterskis.lv\/en\/wp-json\/wp\/v2\/types\/product"}],"replies":[{"embeddable":true,"href":"https:\/\/www.waterskis.lv\/en\/wp-json\/wp\/v2\/comments?post=61740"}],"wp:featuredmedia":[{"embeddable":true,"href":"https:\/\/www.waterskis.lv\/en\/wp-json\/wp\/v2\/media\/61711"}],"wp:attachment":[{"href":"https:\/\/www.waterskis.lv\/en\/wp-json\/wp\/v2\/media?parent=61740"}],"wp:term":[{"taxonomy":"product_brand","embeddable":true,"href":"https:\/\/www.waterskis.lv\/en\/wp-json\/wp\/v2\/product_brand?post=61740"},{"taxonomy":"product_cat","embeddable":true,"href":"https:\/\/www.waterskis.lv\/en\/wp-json\/wp\/v2\/product_cat?post=61740"},{"taxonomy":"product_tag","embeddable":true,"href":"https:\/\/www.waterskis.lv\/en\/wp-json\/wp\/v2\/product_tag?post=61740"}],"curies":[{"name":"wp","href":"https:\/\/api.w.org\/{rel}","templated":true}]}}