{"id":61799,"date":"2025-02-11T14:24:03","date_gmt":"2025-02-11T12:24:03","guid":{"rendered":"https:\/\/waterskis.lv\/product\/aqua-marina-tomahawk-air-c-478-x-88-cm-augsta-spiediena-kanoe-2-3-personam\/"},"modified":"2026-02-02T12:54:51","modified_gmt":"2026-02-02T10:54:51","slug":"aqua-marina-tomahawk-air-c-478-x-88cm-high-pressure-speed-canoe-2-3-person","status":"publish","type":"product","link":"https:\/\/www.waterskis.lv\/en\/product\/aqua-marina-tomahawk-air-c-478-x-88cm-high-pressure-speed-canoe-2-3-person\/","title":{"rendered":"Aqua Marina Tomahawk AIR-C -478 x 88cm &#8211; High Pressure Speed Canoe 2\/3-person"},"content":{"rendered":"<h1>Aqua Marina Tomahawk AIR-C -478 x 88cm &#8211; High Pressure Speed Canoe 2\/3-person<\/h1>\n<p>Aqua Marina Tomahawk AIR-C -478 x 88cm &#8211; High Pressure Speed Canoe 2\/3-person<\/p>\n<p><strong class=\"type\">Art. No.<\/strong>\u00a024245<\/p>\n<p><b>Ready to go the distance!<\/b><\/p>\n<p>The TOMAHAWK AIR-C not only sports a stunning and modern design, but is driven by performance. Our revolutionary inflatable canoe is 40% lighter than hard canoes without sacrificing on delivery.<\/p>\n<p>Perfect for long distances with its large loading capacity, you can easily trek with 2 to 3 people and still have ample room for storage.<\/p>\n<p>Created for explorers, the ultra-stable and rigid long waterline is great for tracking with its moulded keels.<\/p>\n<p>Our 2023 AIR-C has also been upgraded to include three additional drop-stitch cushions to raise the seat and provide unparalleled comfort.<\/p>\n<p>This versatile 2 to 3 person canoe is ready for your next adventure right out of the box!<\/p>\n<p><b>KEY FEATURES<\/b><\/p>\n<p>\u00b7 Super light, 40% lighter than a traditional hard canoe of the same class<\/p>\n<p>\u00b7 Moulded keel under bow and stern for remarkable tracking performance and efficient strokes<\/p>\n<p>\u00b7 Extra-long hull waterline for higher paddling speed<\/p>\n<p>\u00b7 High-performance fin system for excellent tracking<\/p>\n<p><b>Air-C 478 Specifications<\/b><\/p>\n<p>Length:\u00a0\u00a0 478cm\u00a0\u00a0 \/\u00a0\u00a015\u00b48\u00b4\u00b4<\/p>\n<p>Width:\u00a0\u00a0\u00a0\u00a0\u00a0\u00a0 88cm\u00a0\u00a0 \/\u00a0\u00a0 35\u00b4\u00b4<\/p>\n<p>Weight: 62,83 lbs<\/p>\n<p>Max. passengers: 3<\/p>\n<p>Max payload: 573 lbs<\/p>\n<p>Air chambers: 3+2<\/p>\n<p>Drain Valves: 2<\/p>\n<p>Air Pressure : 10 psi<\/p>\n<p>Drop-Stitch Dicke: 7cm<\/p>\n<p><b>Package Includes<\/b><\/p>\n<p>Canoe Backpack, Liquid Air V1 Pump, 2x Anti-Skid Bench, 1x Drop-Stitch Seat Cushion, 2x Canoe Fin<\/p>\n<p><b>Keywords<\/b><\/p>\n<p>Kayak, Supkayak, inflatable Kayak, Canoe<\/p>\n<p>INFORMATION: We strongly recommend wearing a floating device\/buoyancy aid when using the kayak. Floating devices\/buoyancy aids give lift after a fall into the water and maintain the ability to swim and move. A floating device\/buoyancy aid is not included in scope of delivery.<\/p>\n","protected":false},"excerpt":{"rendered":"<p>https:\/\/www.youtube.com\/watch?v=OYkl_MZlUmw [&#8230;]<\/p>\n<p><a class=\"btn btn-secondary understrap-read-more-link\" href=\"https:\/\/www.waterskis.lv\/en\/product\/aqua-marina-tomahawk-air-c-478-x-88cm-high-pressure-speed-canoe-2-3-person\/\">Read More&#8230;<\/a><\/p>\n","protected":false},"featured_media":61779,"comment_status":"closed","ping_status":"closed","template":"","meta":{"_acf_changed":false,"inline_featured_image":false},"product_brand":[1287],"product_cat":[687,688,497,667,686,507],"product_tag":[3164,3281,3265,3268,3264,3278,3267,3277,3279,3266,3280,3176,3276,3273,3275,3274],"class_list":{"0":"post-61799","1":"product","2":"type-product","3":"status-publish","4":"has-post-thumbnail","6":"product_brand-aqua-marina","7":"product_cat-all-inflatable-kayaks","8":"product_cat-aqua-marina-inflatable-kayaks","9":"product_cat-canoe-boats","10":"product_cat-inflatable-canoes","11":"product_cat-inflatable-kayaks","12":"product_cat-kayaks","13":"product_tag-aqua-marina","14":"product_tag-aqua-marina-kayaks","15":"product_tag-aufblasbares-kajak","16":"product_tag-inflatable-kayak","17":"product_tag-kajak","18":"product_tag-kajaks","19":"product_tag-kayak","20":"product_tag-piepusams-kajaks","21":"product_tag-smailite","22":"product_tag-supkajak","23":"product_tag-supkajaks","24":"product_tag-supkayak","25":"product_tag-3276","26":"product_tag-3273","27":"product_tag-3275","28":"product_tag-3274","30":"first","31":"instock","32":"shipping-taxable","33":"purchasable","34":"product-type-simple"},"acf":[],"yoast_head":"<!-- This site is optimized with the Yoast SEO plugin v27.6 - https:\/\/yoast.com\/product\/yoast-seo-wordpress\/ -->\n<title>Aqua Marina Tomahawk AIR-C -478 x 88cm - High Pressure Speed Canoe 2\/3-person - WATERSKIS.LV<\/title>\n<meta name=\"description\" content=\"Aqua Marina Tomahawk AIR-C -478 x 88cm - High Pressure Speed Canoe 2\/3-person. Perfect for long distances with its large loading capacity\" \/>\n<meta name=\"robots\" content=\"index, follow, max-snippet:-1, max-image-preview:large, max-video-preview:-1\" \/>\n<link rel=\"canonical\" href=\"https:\/\/www.waterskis.lv\/en\/product\/aqua-marina-tomahawk-air-c-478-x-88cm-high-pressure-speed-canoe-2-3-person\/\" \/>\n<meta property=\"og:locale\" content=\"en_US\" \/>\n<meta property=\"og:type\" content=\"article\" \/>\n<meta property=\"og:title\" content=\"Aqua Marina Tomahawk AIR-C -478 x 88cm - High Pressure Speed Canoe 2\/3-person - WATERSKIS.LV\" \/>\n<meta property=\"og:description\" content=\"Aqua Marina Tomahawk AIR-C -478 x 88cm - High Pressure Speed Canoe 2\/3-person. Perfect for long distances with its large loading capacity\" \/>\n<meta property=\"og:url\" content=\"https:\/\/www.waterskis.lv\/en\/product\/aqua-marina-tomahawk-air-c-478-x-88cm-high-pressure-speed-canoe-2-3-person\/\" \/>\n<meta property=\"og:site_name\" content=\"WATERSKIS.LV\" \/>\n<meta property=\"article:publisher\" content=\"https:\/\/www.facebook.com\/jurmalawaterskiwakeboardpark\/\" \/>\n<meta property=\"article:modified_time\" content=\"2026-02-02T10:54:51+00:00\" \/>\n<meta property=\"og:image\" content=\"https:\/\/www.waterskis.lv\/wp-content\/uploads\/2025\/02\/24245_image_24245_aqua_marina_tomahawk_air-c_-_high_pressure_speed_canoe_24245_1.webp\" \/>\n\t<meta property=\"og:image:width\" content=\"2000\" \/>\n\t<meta property=\"og:image:height\" content=\"2000\" \/>\n\t<meta property=\"og:image:type\" content=\"image\/webp\" \/>\n<meta name=\"twitter:card\" content=\"summary_large_image\" \/>\n<meta name=\"twitter:label1\" content=\"Est. reading time\" \/>\n\t<meta name=\"twitter:data1\" content=\"2 minutes\" \/>\n<script type=\"application\/ld+json\" class=\"yoast-schema-graph\">{\"@context\":\"https:\\\/\\\/schema.org\",\"@graph\":[{\"@type\":\"WebPage\",\"@id\":\"https:\\\/\\\/www.waterskis.lv\\\/en\\\/product\\\/aqua-marina-tomahawk-air-c-478-x-88cm-high-pressure-speed-canoe-2-3-person\\\/\",\"url\":\"https:\\\/\\\/www.waterskis.lv\\\/en\\\/product\\\/aqua-marina-tomahawk-air-c-478-x-88cm-high-pressure-speed-canoe-2-3-person\\\/\",\"name\":\"Aqua Marina Tomahawk AIR-C -478 x 88cm - High Pressure Speed Canoe 2\\\/3-person - WATERSKIS.LV\",\"isPartOf\":{\"@id\":\"https:\\\/\\\/www.waterskis.lv\\\/en\\\/#website\"},\"primaryImageOfPage\":{\"@id\":\"https:\\\/\\\/www.waterskis.lv\\\/en\\\/product\\\/aqua-marina-tomahawk-air-c-478-x-88cm-high-pressure-speed-canoe-2-3-person\\\/#primaryimage\"},\"image\":{\"@id\":\"https:\\\/\\\/www.waterskis.lv\\\/en\\\/product\\\/aqua-marina-tomahawk-air-c-478-x-88cm-high-pressure-speed-canoe-2-3-person\\\/#primaryimage\"},\"thumbnailUrl\":\"https:\\\/\\\/www.waterskis.lv\\\/wp-content\\\/uploads\\\/2025\\\/02\\\/24245_image_24245_aqua_marina_tomahawk_air-c_-_high_pressure_speed_canoe_24245_1.webp\",\"datePublished\":\"2025-02-11T12:24:03+00:00\",\"dateModified\":\"2026-02-02T10:54:51+00:00\",\"description\":\"Aqua Marina Tomahawk AIR-C -478 x 88cm - High Pressure Speed Canoe 2\\\/3-person. Perfect for long distances with its large loading capacity\",\"breadcrumb\":{\"@id\":\"https:\\\/\\\/www.waterskis.lv\\\/en\\\/product\\\/aqua-marina-tomahawk-air-c-478-x-88cm-high-pressure-speed-canoe-2-3-person\\\/#breadcrumb\"},\"inLanguage\":\"en-US\",\"potentialAction\":[{\"@type\":\"ReadAction\",\"target\":[\"https:\\\/\\\/www.waterskis.lv\\\/en\\\/product\\\/aqua-marina-tomahawk-air-c-478-x-88cm-high-pressure-speed-canoe-2-3-person\\\/\"]}]},{\"@type\":\"ImageObject\",\"inLanguage\":\"en-US\",\"@id\":\"https:\\\/\\\/www.waterskis.lv\\\/en\\\/product\\\/aqua-marina-tomahawk-air-c-478-x-88cm-high-pressure-speed-canoe-2-3-person\\\/#primaryimage\",\"url\":\"https:\\\/\\\/www.waterskis.lv\\\/wp-content\\\/uploads\\\/2025\\\/02\\\/24245_image_24245_aqua_marina_tomahawk_air-c_-_high_pressure_speed_canoe_24245_1.webp\",\"contentUrl\":\"https:\\\/\\\/www.waterskis.lv\\\/wp-content\\\/uploads\\\/2025\\\/02\\\/24245_image_24245_aqua_marina_tomahawk_air-c_-_high_pressure_speed_canoe_24245_1.webp\",\"width\":2000,\"height\":2000,\"caption\":\"Aqua Marina Tomahawk AIR-C\u00a0\u2014 478\u00a0x\u00a088\u00a0cm\u00a0\u2014 augsta spiediena kanoe 2\\\/3\u00a0person\u0101m\"},{\"@type\":\"BreadcrumbList\",\"@id\":\"https:\\\/\\\/www.waterskis.lv\\\/en\\\/product\\\/aqua-marina-tomahawk-air-c-478-x-88cm-high-pressure-speed-canoe-2-3-person\\\/#breadcrumb\",\"itemListElement\":[{\"@type\":\"ListItem\",\"position\":1,\"name\":\"Home\",\"item\":\"https:\\\/\\\/www.waterskis.lv\\\/en\\\/\"},{\"@type\":\"ListItem\",\"position\":2,\"name\":\"Shop\",\"item\":\"https:\\\/\\\/waterskis.lv\\\/en\\\/shop\\\/\"},{\"@type\":\"ListItem\",\"position\":3,\"name\":\"Aqua Marina Tomahawk AIR-C -478 x 88cm &#8211; High Pressure Speed Canoe 2\\\/3-person\"}]},{\"@type\":\"WebSite\",\"@id\":\"https:\\\/\\\/www.waterskis.lv\\\/en\\\/#website\",\"url\":\"https:\\\/\\\/www.waterskis.lv\\\/en\\\/\",\"name\":\"WATERSKIS.LV\",\"description\":\"SUP d\u0113\u013ci, kajaki, kanoe, airu laivas, \u016bdenssl\u0113po\u0161ana, veikbords, SUP d\u0113\u013cu noma, kajaku nomaakt\u012bv\u0101s atp\u016btas centrs, laivu noma, sup noma, kajaku noma\",\"publisher\":{\"@id\":\"https:\\\/\\\/www.waterskis.lv\\\/en\\\/#organization\"},\"potentialAction\":[{\"@type\":\"SearchAction\",\"target\":{\"@type\":\"EntryPoint\",\"urlTemplate\":\"https:\\\/\\\/www.waterskis.lv\\\/en\\\/?s={search_term_string}\"},\"query-input\":{\"@type\":\"PropertyValueSpecification\",\"valueRequired\":true,\"valueName\":\"search_term_string\"}}],\"inLanguage\":\"en-US\"},{\"@type\":\"Organization\",\"@id\":\"https:\\\/\\\/www.waterskis.lv\\\/en\\\/#organization\",\"name\":\"WATERSKIS.LV\",\"url\":\"https:\\\/\\\/www.waterskis.lv\\\/en\\\/\",\"logo\":{\"@type\":\"ImageObject\",\"inLanguage\":\"en-US\",\"@id\":\"https:\\\/\\\/www.waterskis.lv\\\/en\\\/#\\\/schema\\\/logo\\\/image\\\/\",\"url\":\"https:\\\/\\\/www.waterskis.lv\\\/wp-content\\\/uploads\\\/2025\\\/01\\\/JUVP-logo.png\",\"contentUrl\":\"https:\\\/\\\/www.waterskis.lv\\\/wp-content\\\/uploads\\\/2025\\\/01\\\/JUVP-logo.png\",\"width\":421,\"height\":202,\"caption\":\"WATERSKIS.LV\"},\"image\":{\"@id\":\"https:\\\/\\\/www.waterskis.lv\\\/en\\\/#\\\/schema\\\/logo\\\/image\\\/\"},\"sameAs\":[\"https:\\\/\\\/www.facebook.com\\\/jurmalawaterskiwakeboardpark\\\/\"]}]}<\/script>\n<!-- \/ Yoast SEO plugin. -->","yoast_head_json":{"title":"Aqua Marina Tomahawk AIR-C -478 x 88cm - High Pressure Speed Canoe 2\/3-person - WATERSKIS.LV","description":"Aqua Marina Tomahawk AIR-C -478 x 88cm - High Pressure Speed Canoe 2\/3-person. Perfect for long distances with its large loading capacity","robots":{"index":"index","follow":"follow","max-snippet":"max-snippet:-1","max-image-preview":"max-image-preview:large","max-video-preview":"max-video-preview:-1"},"canonical":"https:\/\/www.waterskis.lv\/en\/product\/aqua-marina-tomahawk-air-c-478-x-88cm-high-pressure-speed-canoe-2-3-person\/","og_locale":"en_US","og_type":"article","og_title":"Aqua Marina Tomahawk AIR-C -478 x 88cm - High Pressure Speed Canoe 2\/3-person - WATERSKIS.LV","og_description":"Aqua Marina Tomahawk AIR-C -478 x 88cm - High Pressure Speed Canoe 2\/3-person. Perfect for long distances with its large loading capacity","og_url":"https:\/\/www.waterskis.lv\/en\/product\/aqua-marina-tomahawk-air-c-478-x-88cm-high-pressure-speed-canoe-2-3-person\/","og_site_name":"WATERSKIS.LV","article_publisher":"https:\/\/www.facebook.com\/jurmalawaterskiwakeboardpark\/","article_modified_time":"2026-02-02T10:54:51+00:00","og_image":[{"width":2000,"height":2000,"url":"https:\/\/www.waterskis.lv\/wp-content\/uploads\/2025\/02\/24245_image_24245_aqua_marina_tomahawk_air-c_-_high_pressure_speed_canoe_24245_1.webp","type":"image\/webp"}],"twitter_card":"summary_large_image","twitter_misc":{"Est. reading time":"2 minutes"},"schema":{"@context":"https:\/\/schema.org","@graph":[{"@type":"WebPage","@id":"https:\/\/www.waterskis.lv\/en\/product\/aqua-marina-tomahawk-air-c-478-x-88cm-high-pressure-speed-canoe-2-3-person\/","url":"https:\/\/www.waterskis.lv\/en\/product\/aqua-marina-tomahawk-air-c-478-x-88cm-high-pressure-speed-canoe-2-3-person\/","name":"Aqua Marina Tomahawk AIR-C -478 x 88cm - High Pressure Speed Canoe 2\/3-person - WATERSKIS.LV","isPartOf":{"@id":"https:\/\/www.waterskis.lv\/en\/#website"},"primaryImageOfPage":{"@id":"https:\/\/www.waterskis.lv\/en\/product\/aqua-marina-tomahawk-air-c-478-x-88cm-high-pressure-speed-canoe-2-3-person\/#primaryimage"},"image":{"@id":"https:\/\/www.waterskis.lv\/en\/product\/aqua-marina-tomahawk-air-c-478-x-88cm-high-pressure-speed-canoe-2-3-person\/#primaryimage"},"thumbnailUrl":"https:\/\/www.waterskis.lv\/wp-content\/uploads\/2025\/02\/24245_image_24245_aqua_marina_tomahawk_air-c_-_high_pressure_speed_canoe_24245_1.webp","datePublished":"2025-02-11T12:24:03+00:00","dateModified":"2026-02-02T10:54:51+00:00","description":"Aqua Marina Tomahawk AIR-C -478 x 88cm - High Pressure Speed Canoe 2\/3-person. Perfect for long distances with its large loading capacity","breadcrumb":{"@id":"https:\/\/www.waterskis.lv\/en\/product\/aqua-marina-tomahawk-air-c-478-x-88cm-high-pressure-speed-canoe-2-3-person\/#breadcrumb"},"inLanguage":"en-US","potentialAction":[{"@type":"ReadAction","target":["https:\/\/www.waterskis.lv\/en\/product\/aqua-marina-tomahawk-air-c-478-x-88cm-high-pressure-speed-canoe-2-3-person\/"]}]},{"@type":"ImageObject","inLanguage":"en-US","@id":"https:\/\/www.waterskis.lv\/en\/product\/aqua-marina-tomahawk-air-c-478-x-88cm-high-pressure-speed-canoe-2-3-person\/#primaryimage","url":"https:\/\/www.waterskis.lv\/wp-content\/uploads\/2025\/02\/24245_image_24245_aqua_marina_tomahawk_air-c_-_high_pressure_speed_canoe_24245_1.webp","contentUrl":"https:\/\/www.waterskis.lv\/wp-content\/uploads\/2025\/02\/24245_image_24245_aqua_marina_tomahawk_air-c_-_high_pressure_speed_canoe_24245_1.webp","width":2000,"height":2000,"caption":"Aqua Marina Tomahawk AIR-C\u00a0\u2014 478\u00a0x\u00a088\u00a0cm\u00a0\u2014 augsta spiediena kanoe 2\/3\u00a0person\u0101m"},{"@type":"BreadcrumbList","@id":"https:\/\/www.waterskis.lv\/en\/product\/aqua-marina-tomahawk-air-c-478-x-88cm-high-pressure-speed-canoe-2-3-person\/#breadcrumb","itemListElement":[{"@type":"ListItem","position":1,"name":"Home","item":"https:\/\/www.waterskis.lv\/en\/"},{"@type":"ListItem","position":2,"name":"Shop","item":"https:\/\/waterskis.lv\/en\/shop\/"},{"@type":"ListItem","position":3,"name":"Aqua Marina Tomahawk AIR-C -478 x 88cm &#8211; High Pressure Speed Canoe 2\/3-person"}]},{"@type":"WebSite","@id":"https:\/\/www.waterskis.lv\/en\/#website","url":"https:\/\/www.waterskis.lv\/en\/","name":"WATERSKIS.LV","description":"SUP d\u0113\u013ci, kajaki, kanoe, airu laivas, \u016bdenssl\u0113po\u0161ana, veikbords, SUP d\u0113\u013cu noma, kajaku nomaakt\u012bv\u0101s atp\u016btas centrs, laivu noma, sup noma, kajaku noma","publisher":{"@id":"https:\/\/www.waterskis.lv\/en\/#organization"},"potentialAction":[{"@type":"SearchAction","target":{"@type":"EntryPoint","urlTemplate":"https:\/\/www.waterskis.lv\/en\/?s={search_term_string}"},"query-input":{"@type":"PropertyValueSpecification","valueRequired":true,"valueName":"search_term_string"}}],"inLanguage":"en-US"},{"@type":"Organization","@id":"https:\/\/www.waterskis.lv\/en\/#organization","name":"WATERSKIS.LV","url":"https:\/\/www.waterskis.lv\/en\/","logo":{"@type":"ImageObject","inLanguage":"en-US","@id":"https:\/\/www.waterskis.lv\/en\/#\/schema\/logo\/image\/","url":"https:\/\/www.waterskis.lv\/wp-content\/uploads\/2025\/01\/JUVP-logo.png","contentUrl":"https:\/\/www.waterskis.lv\/wp-content\/uploads\/2025\/01\/JUVP-logo.png","width":421,"height":202,"caption":"WATERSKIS.LV"},"image":{"@id":"https:\/\/www.waterskis.lv\/en\/#\/schema\/logo\/image\/"},"sameAs":["https:\/\/www.facebook.com\/jurmalawaterskiwakeboardpark\/"]}]}},"_links":{"self":[{"href":"https:\/\/www.waterskis.lv\/en\/wp-json\/wp\/v2\/product\/61799","targetHints":{"allow":["GET"]}}],"collection":[{"href":"https:\/\/www.waterskis.lv\/en\/wp-json\/wp\/v2\/product"}],"about":[{"href":"https:\/\/www.waterskis.lv\/en\/wp-json\/wp\/v2\/types\/product"}],"replies":[{"embeddable":true,"href":"https:\/\/www.waterskis.lv\/en\/wp-json\/wp\/v2\/comments?post=61799"}],"wp:featuredmedia":[{"embeddable":true,"href":"https:\/\/www.waterskis.lv\/en\/wp-json\/wp\/v2\/media\/61779"}],"wp:attachment":[{"href":"https:\/\/www.waterskis.lv\/en\/wp-json\/wp\/v2\/media?parent=61799"}],"wp:term":[{"taxonomy":"product_brand","embeddable":true,"href":"https:\/\/www.waterskis.lv\/en\/wp-json\/wp\/v2\/product_brand?post=61799"},{"taxonomy":"product_cat","embeddable":true,"href":"https:\/\/www.waterskis.lv\/en\/wp-json\/wp\/v2\/product_cat?post=61799"},{"taxonomy":"product_tag","embeddable":true,"href":"https:\/\/www.waterskis.lv\/en\/wp-json\/wp\/v2\/product_tag?post=61799"}],"curies":[{"name":"wp","href":"https:\/\/api.w.org\/{rel}","templated":true}]}}