{"id":61992,"date":"2025-02-11T17:22:27","date_gmt":"2025-02-11T15:22:27","guid":{"rendered":"https:\/\/www.waterskis.lv\/product\/piepusams-kajaks-jobe-tasman-inflatable-kayakpiepusams-kajaks-jobe-tasman-inflatable-kayak\/"},"modified":"2026-02-02T17:42:33","modified_gmt":"2026-02-02T15:42:33","slug":"jobe-gama-inflatable-kayak-package-atlantic-green","status":"publish","type":"product","link":"https:\/\/www.waterskis.lv\/en\/product\/jobe-gama-inflatable-kayak-package-atlantic-green\/","title":{"rendered":"Jobe Gama Inflatable Kayak Package Atlantic Green"},"content":{"rendered":"<h1 class=\"productTitle s-hide\">Jobe Gama Inflatable Kayak Package Atlantic Green<\/h1>\n<p class=\"productTitle s-hide\">Jobe Gama Inflatable Kayak Package Atlantic Green<\/p>\n<div class=\"paragraph mt10 col-12\">\n<p><span class=\"s-hide\">Product ID\u00a0600025002<\/span><\/p>\n<div class=\"col-12 relative mt10\">\n<div><\/div>\n<\/div>\n<\/div>\n<div>\n<h2 class=\"title-3 fs25 mt20 mb20 boldTitleFont grey uppercase np\">Specifications<\/h2>\n<h2 class=\"title-3 fs24 mt20 boldTitleFont grey normal np\">Jobe Gama Inflatable Kayak Package<\/h2>\n<div class=\"col-12 paragraph\">Embark on a new wave of adventure with the Jobe Gama 365 Inflatable Kayak \u2013 a unique marvel of exploration. Sized at 365&#215;95.5cm, this 11ft 11-inch wonder isn&#8217;t just about dimensions; it&#8217;s a story waiting to unfold. Imagine gliding through pristine waters, guided by the precision of its drop-stitched floor and the comfort of a 3mm EVA deck. The Gama stands apart with neoprene anti-scratch panels, ensuring durability and grace. Equipped with 3 Bravo high-pressure valves, an EZ-lock click fin, and two Fiberglass paddles, it&#8217;s a symphony of performance and style. Join the voyage, where the Gama redefines the art of kayaking. Now with 3 years of warranty.<\/div>\n<div><\/div>\n<div class=\"col-12 mt30 mb20\">\n<div class=\"col-12 \"><\/div>\n<\/div>\n<div class=\"col-12 paragraph mt20\">\n<ul class=\"autoColumn checkListSmall blackCheck\">\n<li>0.9mm PVC sidewall and bottom<\/li>\n<li>1 Bungee ropes<\/li>\n<li>2 Comfortable seats with velcro fixing system<\/li>\n<li>2 paddles 4 pieces Fiberglass paddle with Nylon blade<\/li>\n<li>2 Pressure release valves<\/li>\n<li>3 Bravohigh pressure valves<\/li>\n<li>4 Comfortable handle<\/li>\n<li>Back and front PVC splash panels<\/li>\n<li>Drain plug<\/li>\n<li>Dropstitched floor with comfortable eva 3mm deck<\/li>\n<li>Free Adventure Vest worth \u20ac69.99, automatically added when you add the kayak to your cart<\/li>\n<li>Hand Pump to Inflate the kayak.<\/li>\n<li>Neoprene anti scratch panels<\/li>\n<li>Size: 365&#215;95,5cm (11ft11inch) length x 37 inch width<\/li>\n<li>Tarpaulin bottom<\/li>\n<li>Transport nylon carry bag<\/li>\n<\/ul>\n<\/div>\n<\/div>\n","protected":false},"excerpt":{"rendered":"<p>https:\/\/www.youtube.com\/watch?v=qM1nS-zhYU8 [&#8230;]<\/p>\n<p><a class=\"btn btn-secondary understrap-read-more-link\" href=\"https:\/\/www.waterskis.lv\/en\/product\/jobe-gama-inflatable-kayak-package-atlantic-green\/\">Read More&#8230;<\/a><\/p>\n","protected":false},"featured_media":68900,"comment_status":"closed","ping_status":"closed","template":"","meta":{"_acf_changed":false,"inline_featured_image":false},"product_brand":[1330],"product_cat":[687,686,507,1223,361],"product_tag":[3265,3268,1333,3264,3278,3267,3277,3279,3266,3280,3176,3276,3273,3275,3274],"class_list":{"0":"post-61992","1":"product","2":"type-product","3":"status-publish","4":"has-post-thumbnail","6":"product_brand-jobe-watersports","7":"product_cat-all-inflatable-kayaks","8":"product_cat-inflatable-kayaks","9":"product_cat-kayaks","10":"product_cat-other-inflatable-kayaks","11":"product_cat-sale","12":"product_tag-aufblasbares-kajak","13":"product_tag-inflatable-kayak","14":"product_tag-jobe","15":"product_tag-kajak","16":"product_tag-kajaks","17":"product_tag-kayak","18":"product_tag-piepusams-kajaks","19":"product_tag-smailite","20":"product_tag-supkajak","21":"product_tag-supkajaks","22":"product_tag-supkayak","23":"product_tag-3276","24":"product_tag-3273","25":"product_tag-3275","26":"product_tag-3274","28":"first","29":"instock","30":"sale","31":"shipping-taxable","32":"purchasable","33":"product-type-simple"},"acf":[],"yoast_head":"<!-- This site is optimized with the Yoast SEO plugin v27.3 - https:\/\/yoast.com\/product\/yoast-seo-wordpress\/ -->\n<title>Jobe Gama Inflatable Kayak Package Atlantic Green - WATERSKIS.LV<\/title>\n<meta name=\"description\" content=\"Jobe Gama Inflatable Kayak Package Atlantic Green a unique marvel of exploration. Sized at 365x95.5cm, this 11ft 11-inch wonder isn&#039;t just about dimensions;\" \/>\n<meta name=\"robots\" content=\"index, follow, max-snippet:-1, max-image-preview:large, max-video-preview:-1\" \/>\n<link rel=\"canonical\" href=\"https:\/\/www.waterskis.lv\/en\/product\/jobe-gama-inflatable-kayak-package-atlantic-green\/\" \/>\n<meta property=\"og:locale\" content=\"en_US\" \/>\n<meta property=\"og:type\" content=\"article\" \/>\n<meta property=\"og:title\" content=\"Jobe Gama Inflatable Kayak Package Atlantic Green - WATERSKIS.LV\" \/>\n<meta property=\"og:description\" content=\"Jobe Gama Inflatable Kayak Package Atlantic Green a unique marvel of exploration. Sized at 365x95.5cm, this 11ft 11-inch wonder isn&#039;t just about dimensions;\" \/>\n<meta property=\"og:url\" content=\"https:\/\/www.waterskis.lv\/en\/product\/jobe-gama-inflatable-kayak-package-atlantic-green\/\" \/>\n<meta property=\"og:site_name\" content=\"WATERSKIS.LV\" \/>\n<meta property=\"article:publisher\" content=\"https:\/\/www.facebook.com\/jurmalawaterskiwakeboardpark\/\" \/>\n<meta property=\"article:modified_time\" content=\"2026-02-02T15:42:33+00:00\" \/>\n<meta property=\"og:image\" content=\"https:\/\/www.waterskis.lv\/wp-content\/uploads\/2025\/02\/600025002-zoom.jpg\" \/>\n\t<meta property=\"og:image:width\" content=\"1500\" \/>\n\t<meta property=\"og:image:height\" content=\"1500\" \/>\n\t<meta property=\"og:image:type\" content=\"image\/jpeg\" \/>\n<meta name=\"twitter:card\" content=\"summary_large_image\" \/>\n<meta name=\"twitter:label1\" content=\"Est. reading time\" \/>\n\t<meta name=\"twitter:data1\" content=\"2 minutes\" \/>\n<script type=\"application\/ld+json\" class=\"yoast-schema-graph\">{\"@context\":\"https:\\\/\\\/schema.org\",\"@graph\":[{\"@type\":\"WebPage\",\"@id\":\"https:\\\/\\\/www.waterskis.lv\\\/en\\\/product\\\/jobe-gama-inflatable-kayak-package-atlantic-green\\\/\",\"url\":\"https:\\\/\\\/www.waterskis.lv\\\/en\\\/product\\\/jobe-gama-inflatable-kayak-package-atlantic-green\\\/\",\"name\":\"Jobe Gama Inflatable Kayak Package Atlantic Green - WATERSKIS.LV\",\"isPartOf\":{\"@id\":\"https:\\\/\\\/www.waterskis.lv\\\/en\\\/#website\"},\"primaryImageOfPage\":{\"@id\":\"https:\\\/\\\/www.waterskis.lv\\\/en\\\/product\\\/jobe-gama-inflatable-kayak-package-atlantic-green\\\/#primaryimage\"},\"image\":{\"@id\":\"https:\\\/\\\/www.waterskis.lv\\\/en\\\/product\\\/jobe-gama-inflatable-kayak-package-atlantic-green\\\/#primaryimage\"},\"thumbnailUrl\":\"https:\\\/\\\/www.waterskis.lv\\\/wp-content\\\/uploads\\\/2025\\\/02\\\/600025002-zoom.jpg\",\"datePublished\":\"2025-02-11T15:22:27+00:00\",\"dateModified\":\"2026-02-02T15:42:33+00:00\",\"description\":\"Jobe Gama Inflatable Kayak Package Atlantic Green a unique marvel of exploration. Sized at 365x95.5cm, this 11ft 11-inch wonder isn't just about dimensions;\",\"breadcrumb\":{\"@id\":\"https:\\\/\\\/www.waterskis.lv\\\/en\\\/product\\\/jobe-gama-inflatable-kayak-package-atlantic-green\\\/#breadcrumb\"},\"inLanguage\":\"en-US\",\"potentialAction\":[{\"@type\":\"ReadAction\",\"target\":[\"https:\\\/\\\/www.waterskis.lv\\\/en\\\/product\\\/jobe-gama-inflatable-kayak-package-atlantic-green\\\/\"]}]},{\"@type\":\"ImageObject\",\"inLanguage\":\"en-US\",\"@id\":\"https:\\\/\\\/www.waterskis.lv\\\/en\\\/product\\\/jobe-gama-inflatable-kayak-package-atlantic-green\\\/#primaryimage\",\"url\":\"https:\\\/\\\/www.waterskis.lv\\\/wp-content\\\/uploads\\\/2025\\\/02\\\/600025002-zoom.jpg\",\"contentUrl\":\"https:\\\/\\\/www.waterskis.lv\\\/wp-content\\\/uploads\\\/2025\\\/02\\\/600025002-zoom.jpg\",\"width\":1500,\"height\":1500,\"caption\":\"Piep\u016b\u0161ams kajaks Jobe Gama Inflatable Kayak Package Atlantic Green\"},{\"@type\":\"BreadcrumbList\",\"@id\":\"https:\\\/\\\/www.waterskis.lv\\\/en\\\/product\\\/jobe-gama-inflatable-kayak-package-atlantic-green\\\/#breadcrumb\",\"itemListElement\":[{\"@type\":\"ListItem\",\"position\":1,\"name\":\"Home\",\"item\":\"https:\\\/\\\/www.waterskis.lv\\\/en\\\/\"},{\"@type\":\"ListItem\",\"position\":2,\"name\":\"Shop\",\"item\":\"https:\\\/\\\/waterskis.lv\\\/en\\\/shop\\\/\"},{\"@type\":\"ListItem\",\"position\":3,\"name\":\"Jobe Gama Inflatable Kayak Package Atlantic Green\"}]},{\"@type\":\"WebSite\",\"@id\":\"https:\\\/\\\/www.waterskis.lv\\\/en\\\/#website\",\"url\":\"https:\\\/\\\/www.waterskis.lv\\\/en\\\/\",\"name\":\"WATERSKIS.LV\",\"description\":\"SUP d\u0113\u013ci, kajaki, kanoe, airu laivas, \u016bdenssl\u0113po\u0161ana, veikbords, SUP d\u0113\u013cu noma, kajaku nomaakt\u012bv\u0101s atp\u016btas centrs, laivu noma, sup noma, kajaku noma\",\"publisher\":{\"@id\":\"https:\\\/\\\/www.waterskis.lv\\\/en\\\/#organization\"},\"potentialAction\":[{\"@type\":\"SearchAction\",\"target\":{\"@type\":\"EntryPoint\",\"urlTemplate\":\"https:\\\/\\\/www.waterskis.lv\\\/en\\\/?s={search_term_string}\"},\"query-input\":{\"@type\":\"PropertyValueSpecification\",\"valueRequired\":true,\"valueName\":\"search_term_string\"}}],\"inLanguage\":\"en-US\"},{\"@type\":\"Organization\",\"@id\":\"https:\\\/\\\/www.waterskis.lv\\\/en\\\/#organization\",\"name\":\"WATERSKIS.LV\",\"url\":\"https:\\\/\\\/www.waterskis.lv\\\/en\\\/\",\"logo\":{\"@type\":\"ImageObject\",\"inLanguage\":\"en-US\",\"@id\":\"https:\\\/\\\/www.waterskis.lv\\\/en\\\/#\\\/schema\\\/logo\\\/image\\\/\",\"url\":\"https:\\\/\\\/www.waterskis.lv\\\/wp-content\\\/uploads\\\/2025\\\/01\\\/JUVP-logo.png\",\"contentUrl\":\"https:\\\/\\\/www.waterskis.lv\\\/wp-content\\\/uploads\\\/2025\\\/01\\\/JUVP-logo.png\",\"width\":421,\"height\":202,\"caption\":\"WATERSKIS.LV\"},\"image\":{\"@id\":\"https:\\\/\\\/www.waterskis.lv\\\/en\\\/#\\\/schema\\\/logo\\\/image\\\/\"},\"sameAs\":[\"https:\\\/\\\/www.facebook.com\\\/jurmalawaterskiwakeboardpark\\\/\"]}]}<\/script>\n<!-- \/ Yoast SEO plugin. -->","yoast_head_json":{"title":"Jobe Gama Inflatable Kayak Package Atlantic Green - WATERSKIS.LV","description":"Jobe Gama Inflatable Kayak Package Atlantic Green a unique marvel of exploration. Sized at 365x95.5cm, this 11ft 11-inch wonder isn't just about dimensions;","robots":{"index":"index","follow":"follow","max-snippet":"max-snippet:-1","max-image-preview":"max-image-preview:large","max-video-preview":"max-video-preview:-1"},"canonical":"https:\/\/www.waterskis.lv\/en\/product\/jobe-gama-inflatable-kayak-package-atlantic-green\/","og_locale":"en_US","og_type":"article","og_title":"Jobe Gama Inflatable Kayak Package Atlantic Green - WATERSKIS.LV","og_description":"Jobe Gama Inflatable Kayak Package Atlantic Green a unique marvel of exploration. Sized at 365x95.5cm, this 11ft 11-inch wonder isn't just about dimensions;","og_url":"https:\/\/www.waterskis.lv\/en\/product\/jobe-gama-inflatable-kayak-package-atlantic-green\/","og_site_name":"WATERSKIS.LV","article_publisher":"https:\/\/www.facebook.com\/jurmalawaterskiwakeboardpark\/","article_modified_time":"2026-02-02T15:42:33+00:00","og_image":[{"width":1500,"height":1500,"url":"https:\/\/www.waterskis.lv\/wp-content\/uploads\/2025\/02\/600025002-zoom.jpg","type":"image\/jpeg"}],"twitter_card":"summary_large_image","twitter_misc":{"Est. reading time":"2 minutes"},"schema":{"@context":"https:\/\/schema.org","@graph":[{"@type":"WebPage","@id":"https:\/\/www.waterskis.lv\/en\/product\/jobe-gama-inflatable-kayak-package-atlantic-green\/","url":"https:\/\/www.waterskis.lv\/en\/product\/jobe-gama-inflatable-kayak-package-atlantic-green\/","name":"Jobe Gama Inflatable Kayak Package Atlantic Green - WATERSKIS.LV","isPartOf":{"@id":"https:\/\/www.waterskis.lv\/en\/#website"},"primaryImageOfPage":{"@id":"https:\/\/www.waterskis.lv\/en\/product\/jobe-gama-inflatable-kayak-package-atlantic-green\/#primaryimage"},"image":{"@id":"https:\/\/www.waterskis.lv\/en\/product\/jobe-gama-inflatable-kayak-package-atlantic-green\/#primaryimage"},"thumbnailUrl":"https:\/\/www.waterskis.lv\/wp-content\/uploads\/2025\/02\/600025002-zoom.jpg","datePublished":"2025-02-11T15:22:27+00:00","dateModified":"2026-02-02T15:42:33+00:00","description":"Jobe Gama Inflatable Kayak Package Atlantic Green a unique marvel of exploration. Sized at 365x95.5cm, this 11ft 11-inch wonder isn't just about dimensions;","breadcrumb":{"@id":"https:\/\/www.waterskis.lv\/en\/product\/jobe-gama-inflatable-kayak-package-atlantic-green\/#breadcrumb"},"inLanguage":"en-US","potentialAction":[{"@type":"ReadAction","target":["https:\/\/www.waterskis.lv\/en\/product\/jobe-gama-inflatable-kayak-package-atlantic-green\/"]}]},{"@type":"ImageObject","inLanguage":"en-US","@id":"https:\/\/www.waterskis.lv\/en\/product\/jobe-gama-inflatable-kayak-package-atlantic-green\/#primaryimage","url":"https:\/\/www.waterskis.lv\/wp-content\/uploads\/2025\/02\/600025002-zoom.jpg","contentUrl":"https:\/\/www.waterskis.lv\/wp-content\/uploads\/2025\/02\/600025002-zoom.jpg","width":1500,"height":1500,"caption":"Piep\u016b\u0161ams kajaks Jobe Gama Inflatable Kayak Package Atlantic Green"},{"@type":"BreadcrumbList","@id":"https:\/\/www.waterskis.lv\/en\/product\/jobe-gama-inflatable-kayak-package-atlantic-green\/#breadcrumb","itemListElement":[{"@type":"ListItem","position":1,"name":"Home","item":"https:\/\/www.waterskis.lv\/en\/"},{"@type":"ListItem","position":2,"name":"Shop","item":"https:\/\/waterskis.lv\/en\/shop\/"},{"@type":"ListItem","position":3,"name":"Jobe Gama Inflatable Kayak Package Atlantic Green"}]},{"@type":"WebSite","@id":"https:\/\/www.waterskis.lv\/en\/#website","url":"https:\/\/www.waterskis.lv\/en\/","name":"WATERSKIS.LV","description":"SUP d\u0113\u013ci, kajaki, kanoe, airu laivas, \u016bdenssl\u0113po\u0161ana, veikbords, SUP d\u0113\u013cu noma, kajaku nomaakt\u012bv\u0101s atp\u016btas centrs, laivu noma, sup noma, kajaku noma","publisher":{"@id":"https:\/\/www.waterskis.lv\/en\/#organization"},"potentialAction":[{"@type":"SearchAction","target":{"@type":"EntryPoint","urlTemplate":"https:\/\/www.waterskis.lv\/en\/?s={search_term_string}"},"query-input":{"@type":"PropertyValueSpecification","valueRequired":true,"valueName":"search_term_string"}}],"inLanguage":"en-US"},{"@type":"Organization","@id":"https:\/\/www.waterskis.lv\/en\/#organization","name":"WATERSKIS.LV","url":"https:\/\/www.waterskis.lv\/en\/","logo":{"@type":"ImageObject","inLanguage":"en-US","@id":"https:\/\/www.waterskis.lv\/en\/#\/schema\/logo\/image\/","url":"https:\/\/www.waterskis.lv\/wp-content\/uploads\/2025\/01\/JUVP-logo.png","contentUrl":"https:\/\/www.waterskis.lv\/wp-content\/uploads\/2025\/01\/JUVP-logo.png","width":421,"height":202,"caption":"WATERSKIS.LV"},"image":{"@id":"https:\/\/www.waterskis.lv\/en\/#\/schema\/logo\/image\/"},"sameAs":["https:\/\/www.facebook.com\/jurmalawaterskiwakeboardpark\/"]}]}},"_links":{"self":[{"href":"https:\/\/www.waterskis.lv\/en\/wp-json\/wp\/v2\/product\/61992","targetHints":{"allow":["GET"]}}],"collection":[{"href":"https:\/\/www.waterskis.lv\/en\/wp-json\/wp\/v2\/product"}],"about":[{"href":"https:\/\/www.waterskis.lv\/en\/wp-json\/wp\/v2\/types\/product"}],"replies":[{"embeddable":true,"href":"https:\/\/www.waterskis.lv\/en\/wp-json\/wp\/v2\/comments?post=61992"}],"wp:featuredmedia":[{"embeddable":true,"href":"https:\/\/www.waterskis.lv\/en\/wp-json\/wp\/v2\/media\/68900"}],"wp:attachment":[{"href":"https:\/\/www.waterskis.lv\/en\/wp-json\/wp\/v2\/media?parent=61992"}],"wp:term":[{"taxonomy":"product_brand","embeddable":true,"href":"https:\/\/www.waterskis.lv\/en\/wp-json\/wp\/v2\/product_brand?post=61992"},{"taxonomy":"product_cat","embeddable":true,"href":"https:\/\/www.waterskis.lv\/en\/wp-json\/wp\/v2\/product_cat?post=61992"},{"taxonomy":"product_tag","embeddable":true,"href":"https:\/\/www.waterskis.lv\/en\/wp-json\/wp\/v2\/product_tag?post=61992"}],"curies":[{"name":"wp","href":"https:\/\/api.w.org\/{rel}","templated":true}]}}