{"id":62090,"date":"2025-02-11T20:20:14","date_gmt":"2025-02-11T18:20:14","guid":{"rendered":"https:\/\/www.waterskis.lv\/product\/atputas-kajaks-aqua-marina-laxo-285-1-vieta-2022-g\/"},"modified":"2026-02-02T12:49:05","modified_gmt":"2026-02-02T10:49:05","slug":"aqua-marina-laxo-285-recreational-kayak-1-person-2022","status":"publish","type":"product","link":"https:\/\/www.waterskis.lv\/en\/product\/aqua-marina-laxo-285-recreational-kayak-1-person-2022\/","title":{"rendered":"Aqua Marina Laxo 285 Recreational Kayak &#8211; 1 person (2022)"},"content":{"rendered":"<h1>Aqua Marina Laxo 285 Recreational Kayak &#8211; 1 person (2022)<\/h1>\n<p>Aqua Marina Laxo 285 Recreational Kayak &#8211; 1 person (2022)<\/p>\n<p><b>The recreational LAXO series<\/b><\/p>\n<p>is upgraded with revolutionary protective hull fabric (AQUASHELLTM Technology) for 2022.<\/p>\n<p>The eye-catching new graphics are born to be ever-lasting through advanced digital printing technique.<\/p>\n<p>Coming in three lengths fit up to three people, LAXO models are ideal for exploring lakes and gentle rivers by offering a balance of stability and tracking.<\/p>\n<p>Perfect for beginners looking for ease of entry and exit on shorter trips.<\/p>\n<p>&nbsp;<\/p>\n<p><b>AQUASHELLTM Technology<\/b><\/p>\n<p>Heavy-duty shell fabric with special anti-UV and water-repellent treatment for durability<\/p>\n<p><b>ECO-PRINTTM Technology<\/b><\/p>\n<p>Revolutionary digital printing technique for long-lasting graphic design and eco-friendly process<\/p>\n<p><b>Splash Guard<\/b><\/p>\n<p>Water splash guard bow protecting the cockpit<\/p>\n<p><b>Cargo Bungee<\/b><\/p>\n<p>Adjustable cargo bungee system to easily fasten the luggage<\/p>\n<p>&nbsp;<\/p>\n<p><b>USER-FRIENDLY-HIGHLIGHTS<\/b><\/p>\n<ul>\n<li>Gear Capacity\u00a0&#8211; Generous deck space for improved gear capacity<\/li>\n<li>Carry Handle\u00a0&#8211; Front, rear and center rubber carry handles for easy transport<\/li>\n<li>D-buckle\u00a0&#8211; Multiple strap D-buckles allow seat position adjustment<\/li>\n<li>Boston Valve\u00a0&#8211; Durable one-way Boston valve for easy inflation and deflation<\/li>\n<li>Seat System\u00a0&#8211; Premium high-backrest seat with EVA cushion and storage pockets<\/li>\n<li>Fin System\u00a0&#8211; High performance two center fins for excellent straight-line tracking<\/li>\n<li>Backpack\u00a0&#8211; Functional zip backpack wrapping everything inside for a kayak tour<\/li>\n<\/ul>\n<p>&nbsp;<\/p>\n<p><b>Laxo 285 Specs:<\/b><\/p>\n<p>LENGTH:\u00a09&#8217;4&#8243;\/ 285cm<\/p>\n<p>WIDTH:\u00a035&#8243;\/ 90cm<\/p>\n<p>MAX. PASSENGER:\u00a01<\/p>\n<p>WEIGHT:\u00a025.4 lbs \/ 11.5 kg<\/p>\n<p>MAX. PAYLOAD:\u00a0242 lbs \/ 110 kg<\/p>\n<p>AIR CHAMBERS:\u00a02+1<\/p>\n<p>DRAIN VALVES:\u00a01<\/p>\n<p>&nbsp;<\/p>\n<p><b>Package includes<\/b><\/p>\n<p>Kayak Backpack, 11&#8243; Foot Pump, 1 Kayak Seat, KP-1 Kayak Paddle, Kayak Fin x 2<\/p>\n<p><b>Keywords<\/b><\/p>\n<p>Kayak, Supkayak, inflatable Kayak<\/p>\n<p>INFORMATION: We strongly recommend wearing a floating device\/buoyancy aid when using the kayak. Floating devices\/buoyancy aids give lift after a fall into the water and maintain the ability to swim and move. A floating device\/buoyancy aid is not included in scope of delivery.<\/p>\n","protected":false},"excerpt":{"rendered":"<p>https:\/\/www.youtube.com\/watch?v=AjG8BjJlIGI [&#8230;]<\/p>\n<p><a class=\"btn btn-secondary understrap-read-more-link\" href=\"https:\/\/www.waterskis.lv\/en\/product\/aqua-marina-laxo-285-recreational-kayak-1-person-2022\/\">Read More&#8230;<\/a><\/p>\n","protected":false},"featured_media":62064,"comment_status":"closed","ping_status":"closed","template":"","meta":{"_acf_changed":false,"inline_featured_image":false},"product_brand":[1287],"product_cat":[687,688,686,507,361],"product_tag":[3164,3281,3265,3268,3264,3278,3267,3277,3279,3266,3280,3176,3276,3273,3275,3274],"class_list":{"0":"post-62090","1":"product","2":"type-product","3":"status-publish","4":"has-post-thumbnail","6":"product_brand-aqua-marina","7":"product_cat-all-inflatable-kayaks","8":"product_cat-aqua-marina-inflatable-kayaks","9":"product_cat-inflatable-kayaks","10":"product_cat-kayaks","11":"product_cat-sale","12":"product_tag-aqua-marina","13":"product_tag-aqua-marina-kayaks","14":"product_tag-aufblasbares-kajak","15":"product_tag-inflatable-kayak","16":"product_tag-kajak","17":"product_tag-kajaks","18":"product_tag-kayak","19":"product_tag-piepusams-kajaks","20":"product_tag-smailite","21":"product_tag-supkajak","22":"product_tag-supkajaks","23":"product_tag-supkayak","24":"product_tag-3276","25":"product_tag-3273","26":"product_tag-3275","27":"product_tag-3274","29":"first","30":"instock","31":"sale","32":"shipping-taxable","33":"purchasable","34":"product-type-simple"},"acf":[],"yoast_head":"<!-- This site is optimized with the Yoast SEO plugin v27.4 - https:\/\/yoast.com\/product\/yoast-seo-wordpress\/ -->\n<title>Aqua Marina Laxo 285 Recreational Kayak - 1 person (2022) - WATERSKIS.LV<\/title>\n<meta name=\"description\" content=\"Aqua Marina Laxo 285 Recreational Kayak - 1 person (2022) ideal for exploring lakes and gentle rivers by offering a balance of stability and tracking.\" \/>\n<meta name=\"robots\" content=\"index, follow, max-snippet:-1, max-image-preview:large, max-video-preview:-1\" \/>\n<link rel=\"canonical\" href=\"https:\/\/www.waterskis.lv\/en\/product\/aqua-marina-laxo-285-recreational-kayak-1-person-2022\/\" \/>\n<meta property=\"og:locale\" content=\"en_US\" \/>\n<meta property=\"og:type\" content=\"article\" \/>\n<meta property=\"og:title\" content=\"Aqua Marina Laxo 285 Recreational Kayak - 1 person (2022) - WATERSKIS.LV\" \/>\n<meta property=\"og:description\" content=\"Aqua Marina Laxo 285 Recreational Kayak - 1 person (2022) ideal for exploring lakes and gentle rivers by offering a balance of stability and tracking.\" \/>\n<meta property=\"og:url\" content=\"https:\/\/www.waterskis.lv\/en\/product\/aqua-marina-laxo-285-recreational-kayak-1-person-2022\/\" \/>\n<meta property=\"og:site_name\" content=\"WATERSKIS.LV\" \/>\n<meta property=\"article:publisher\" content=\"https:\/\/www.facebook.com\/jurmalawaterskiwakeboardpark\/\" \/>\n<meta property=\"article:modified_time\" content=\"2026-02-02T10:49:05+00:00\" \/>\n<meta property=\"og:image\" content=\"https:\/\/www.waterskis.lv\/wp-content\/uploads\/2025\/02\/22171_image_22171_aqua_marina_laxo_285_recreational_kayak_-_1_person__22171_1.webp\" \/>\n\t<meta property=\"og:image:width\" content=\"768\" \/>\n\t<meta property=\"og:image:height\" content=\"768\" \/>\n\t<meta property=\"og:image:type\" content=\"image\/webp\" \/>\n<meta name=\"twitter:card\" content=\"summary_large_image\" \/>\n<meta name=\"twitter:label1\" content=\"Est. reading time\" \/>\n\t<meta name=\"twitter:data1\" content=\"2 minutes\" \/>\n<script type=\"application\/ld+json\" class=\"yoast-schema-graph\">{\"@context\":\"https:\\\/\\\/schema.org\",\"@graph\":[{\"@type\":\"WebPage\",\"@id\":\"https:\\\/\\\/www.waterskis.lv\\\/en\\\/product\\\/aqua-marina-laxo-285-recreational-kayak-1-person-2022\\\/\",\"url\":\"https:\\\/\\\/www.waterskis.lv\\\/en\\\/product\\\/aqua-marina-laxo-285-recreational-kayak-1-person-2022\\\/\",\"name\":\"Aqua Marina Laxo 285 Recreational Kayak - 1 person (2022) - WATERSKIS.LV\",\"isPartOf\":{\"@id\":\"https:\\\/\\\/www.waterskis.lv\\\/en\\\/#website\"},\"primaryImageOfPage\":{\"@id\":\"https:\\\/\\\/www.waterskis.lv\\\/en\\\/product\\\/aqua-marina-laxo-285-recreational-kayak-1-person-2022\\\/#primaryimage\"},\"image\":{\"@id\":\"https:\\\/\\\/www.waterskis.lv\\\/en\\\/product\\\/aqua-marina-laxo-285-recreational-kayak-1-person-2022\\\/#primaryimage\"},\"thumbnailUrl\":\"https:\\\/\\\/www.waterskis.lv\\\/wp-content\\\/uploads\\\/2025\\\/02\\\/22171_image_22171_aqua_marina_laxo_285_recreational_kayak_-_1_person__22171_1.webp\",\"datePublished\":\"2025-02-11T18:20:14+00:00\",\"dateModified\":\"2026-02-02T10:49:05+00:00\",\"description\":\"Aqua Marina Laxo 285 Recreational Kayak - 1 person (2022) ideal for exploring lakes and gentle rivers by offering a balance of stability and tracking.\",\"breadcrumb\":{\"@id\":\"https:\\\/\\\/www.waterskis.lv\\\/en\\\/product\\\/aqua-marina-laxo-285-recreational-kayak-1-person-2022\\\/#breadcrumb\"},\"inLanguage\":\"en-US\",\"potentialAction\":[{\"@type\":\"ReadAction\",\"target\":[\"https:\\\/\\\/www.waterskis.lv\\\/en\\\/product\\\/aqua-marina-laxo-285-recreational-kayak-1-person-2022\\\/\"]}]},{\"@type\":\"ImageObject\",\"inLanguage\":\"en-US\",\"@id\":\"https:\\\/\\\/www.waterskis.lv\\\/en\\\/product\\\/aqua-marina-laxo-285-recreational-kayak-1-person-2022\\\/#primaryimage\",\"url\":\"https:\\\/\\\/www.waterskis.lv\\\/wp-content\\\/uploads\\\/2025\\\/02\\\/22171_image_22171_aqua_marina_laxo_285_recreational_kayak_-_1_person__22171_1.webp\",\"contentUrl\":\"https:\\\/\\\/www.waterskis.lv\\\/wp-content\\\/uploads\\\/2025\\\/02\\\/22171_image_22171_aqua_marina_laxo_285_recreational_kayak_-_1_person__22171_1.webp\",\"width\":768,\"height\":768,\"caption\":\"Atp\u016btas kajaks Aqua Marina Laxo 285 \u2014 1 vieta (2022. g.)\"},{\"@type\":\"BreadcrumbList\",\"@id\":\"https:\\\/\\\/www.waterskis.lv\\\/en\\\/product\\\/aqua-marina-laxo-285-recreational-kayak-1-person-2022\\\/#breadcrumb\",\"itemListElement\":[{\"@type\":\"ListItem\",\"position\":1,\"name\":\"Home\",\"item\":\"https:\\\/\\\/www.waterskis.lv\\\/en\\\/\"},{\"@type\":\"ListItem\",\"position\":2,\"name\":\"Shop\",\"item\":\"https:\\\/\\\/waterskis.lv\\\/en\\\/shop\\\/\"},{\"@type\":\"ListItem\",\"position\":3,\"name\":\"Aqua Marina Laxo 285 Recreational Kayak &#8211; 1 person (2022)\"}]},{\"@type\":\"WebSite\",\"@id\":\"https:\\\/\\\/www.waterskis.lv\\\/en\\\/#website\",\"url\":\"https:\\\/\\\/www.waterskis.lv\\\/en\\\/\",\"name\":\"WATERSKIS.LV\",\"description\":\"SUP d\u0113\u013ci, kajaki, kanoe, airu laivas, \u016bdenssl\u0113po\u0161ana, veikbords, SUP d\u0113\u013cu noma, kajaku nomaakt\u012bv\u0101s atp\u016btas centrs, laivu noma, sup noma, kajaku noma\",\"publisher\":{\"@id\":\"https:\\\/\\\/www.waterskis.lv\\\/en\\\/#organization\"},\"potentialAction\":[{\"@type\":\"SearchAction\",\"target\":{\"@type\":\"EntryPoint\",\"urlTemplate\":\"https:\\\/\\\/www.waterskis.lv\\\/en\\\/?s={search_term_string}\"},\"query-input\":{\"@type\":\"PropertyValueSpecification\",\"valueRequired\":true,\"valueName\":\"search_term_string\"}}],\"inLanguage\":\"en-US\"},{\"@type\":\"Organization\",\"@id\":\"https:\\\/\\\/www.waterskis.lv\\\/en\\\/#organization\",\"name\":\"WATERSKIS.LV\",\"url\":\"https:\\\/\\\/www.waterskis.lv\\\/en\\\/\",\"logo\":{\"@type\":\"ImageObject\",\"inLanguage\":\"en-US\",\"@id\":\"https:\\\/\\\/www.waterskis.lv\\\/en\\\/#\\\/schema\\\/logo\\\/image\\\/\",\"url\":\"https:\\\/\\\/www.waterskis.lv\\\/wp-content\\\/uploads\\\/2025\\\/01\\\/JUVP-logo.png\",\"contentUrl\":\"https:\\\/\\\/www.waterskis.lv\\\/wp-content\\\/uploads\\\/2025\\\/01\\\/JUVP-logo.png\",\"width\":421,\"height\":202,\"caption\":\"WATERSKIS.LV\"},\"image\":{\"@id\":\"https:\\\/\\\/www.waterskis.lv\\\/en\\\/#\\\/schema\\\/logo\\\/image\\\/\"},\"sameAs\":[\"https:\\\/\\\/www.facebook.com\\\/jurmalawaterskiwakeboardpark\\\/\"]}]}<\/script>\n<!-- \/ Yoast SEO plugin. -->","yoast_head_json":{"title":"Aqua Marina Laxo 285 Recreational Kayak - 1 person (2022) - WATERSKIS.LV","description":"Aqua Marina Laxo 285 Recreational Kayak - 1 person (2022) ideal for exploring lakes and gentle rivers by offering a balance of stability and tracking.","robots":{"index":"index","follow":"follow","max-snippet":"max-snippet:-1","max-image-preview":"max-image-preview:large","max-video-preview":"max-video-preview:-1"},"canonical":"https:\/\/www.waterskis.lv\/en\/product\/aqua-marina-laxo-285-recreational-kayak-1-person-2022\/","og_locale":"en_US","og_type":"article","og_title":"Aqua Marina Laxo 285 Recreational Kayak - 1 person (2022) - WATERSKIS.LV","og_description":"Aqua Marina Laxo 285 Recreational Kayak - 1 person (2022) ideal for exploring lakes and gentle rivers by offering a balance of stability and tracking.","og_url":"https:\/\/www.waterskis.lv\/en\/product\/aqua-marina-laxo-285-recreational-kayak-1-person-2022\/","og_site_name":"WATERSKIS.LV","article_publisher":"https:\/\/www.facebook.com\/jurmalawaterskiwakeboardpark\/","article_modified_time":"2026-02-02T10:49:05+00:00","og_image":[{"width":768,"height":768,"url":"https:\/\/www.waterskis.lv\/wp-content\/uploads\/2025\/02\/22171_image_22171_aqua_marina_laxo_285_recreational_kayak_-_1_person__22171_1.webp","type":"image\/webp"}],"twitter_card":"summary_large_image","twitter_misc":{"Est. reading time":"2 minutes"},"schema":{"@context":"https:\/\/schema.org","@graph":[{"@type":"WebPage","@id":"https:\/\/www.waterskis.lv\/en\/product\/aqua-marina-laxo-285-recreational-kayak-1-person-2022\/","url":"https:\/\/www.waterskis.lv\/en\/product\/aqua-marina-laxo-285-recreational-kayak-1-person-2022\/","name":"Aqua Marina Laxo 285 Recreational Kayak - 1 person (2022) - WATERSKIS.LV","isPartOf":{"@id":"https:\/\/www.waterskis.lv\/en\/#website"},"primaryImageOfPage":{"@id":"https:\/\/www.waterskis.lv\/en\/product\/aqua-marina-laxo-285-recreational-kayak-1-person-2022\/#primaryimage"},"image":{"@id":"https:\/\/www.waterskis.lv\/en\/product\/aqua-marina-laxo-285-recreational-kayak-1-person-2022\/#primaryimage"},"thumbnailUrl":"https:\/\/www.waterskis.lv\/wp-content\/uploads\/2025\/02\/22171_image_22171_aqua_marina_laxo_285_recreational_kayak_-_1_person__22171_1.webp","datePublished":"2025-02-11T18:20:14+00:00","dateModified":"2026-02-02T10:49:05+00:00","description":"Aqua Marina Laxo 285 Recreational Kayak - 1 person (2022) ideal for exploring lakes and gentle rivers by offering a balance of stability and tracking.","breadcrumb":{"@id":"https:\/\/www.waterskis.lv\/en\/product\/aqua-marina-laxo-285-recreational-kayak-1-person-2022\/#breadcrumb"},"inLanguage":"en-US","potentialAction":[{"@type":"ReadAction","target":["https:\/\/www.waterskis.lv\/en\/product\/aqua-marina-laxo-285-recreational-kayak-1-person-2022\/"]}]},{"@type":"ImageObject","inLanguage":"en-US","@id":"https:\/\/www.waterskis.lv\/en\/product\/aqua-marina-laxo-285-recreational-kayak-1-person-2022\/#primaryimage","url":"https:\/\/www.waterskis.lv\/wp-content\/uploads\/2025\/02\/22171_image_22171_aqua_marina_laxo_285_recreational_kayak_-_1_person__22171_1.webp","contentUrl":"https:\/\/www.waterskis.lv\/wp-content\/uploads\/2025\/02\/22171_image_22171_aqua_marina_laxo_285_recreational_kayak_-_1_person__22171_1.webp","width":768,"height":768,"caption":"Atp\u016btas kajaks Aqua Marina Laxo 285 \u2014 1 vieta (2022. g.)"},{"@type":"BreadcrumbList","@id":"https:\/\/www.waterskis.lv\/en\/product\/aqua-marina-laxo-285-recreational-kayak-1-person-2022\/#breadcrumb","itemListElement":[{"@type":"ListItem","position":1,"name":"Home","item":"https:\/\/www.waterskis.lv\/en\/"},{"@type":"ListItem","position":2,"name":"Shop","item":"https:\/\/waterskis.lv\/en\/shop\/"},{"@type":"ListItem","position":3,"name":"Aqua Marina Laxo 285 Recreational Kayak &#8211; 1 person (2022)"}]},{"@type":"WebSite","@id":"https:\/\/www.waterskis.lv\/en\/#website","url":"https:\/\/www.waterskis.lv\/en\/","name":"WATERSKIS.LV","description":"SUP d\u0113\u013ci, kajaki, kanoe, airu laivas, \u016bdenssl\u0113po\u0161ana, veikbords, SUP d\u0113\u013cu noma, kajaku nomaakt\u012bv\u0101s atp\u016btas centrs, laivu noma, sup noma, kajaku noma","publisher":{"@id":"https:\/\/www.waterskis.lv\/en\/#organization"},"potentialAction":[{"@type":"SearchAction","target":{"@type":"EntryPoint","urlTemplate":"https:\/\/www.waterskis.lv\/en\/?s={search_term_string}"},"query-input":{"@type":"PropertyValueSpecification","valueRequired":true,"valueName":"search_term_string"}}],"inLanguage":"en-US"},{"@type":"Organization","@id":"https:\/\/www.waterskis.lv\/en\/#organization","name":"WATERSKIS.LV","url":"https:\/\/www.waterskis.lv\/en\/","logo":{"@type":"ImageObject","inLanguage":"en-US","@id":"https:\/\/www.waterskis.lv\/en\/#\/schema\/logo\/image\/","url":"https:\/\/www.waterskis.lv\/wp-content\/uploads\/2025\/01\/JUVP-logo.png","contentUrl":"https:\/\/www.waterskis.lv\/wp-content\/uploads\/2025\/01\/JUVP-logo.png","width":421,"height":202,"caption":"WATERSKIS.LV"},"image":{"@id":"https:\/\/www.waterskis.lv\/en\/#\/schema\/logo\/image\/"},"sameAs":["https:\/\/www.facebook.com\/jurmalawaterskiwakeboardpark\/"]}]}},"_links":{"self":[{"href":"https:\/\/www.waterskis.lv\/en\/wp-json\/wp\/v2\/product\/62090","targetHints":{"allow":["GET"]}}],"collection":[{"href":"https:\/\/www.waterskis.lv\/en\/wp-json\/wp\/v2\/product"}],"about":[{"href":"https:\/\/www.waterskis.lv\/en\/wp-json\/wp\/v2\/types\/product"}],"replies":[{"embeddable":true,"href":"https:\/\/www.waterskis.lv\/en\/wp-json\/wp\/v2\/comments?post=62090"}],"wp:featuredmedia":[{"embeddable":true,"href":"https:\/\/www.waterskis.lv\/en\/wp-json\/wp\/v2\/media\/62064"}],"wp:attachment":[{"href":"https:\/\/www.waterskis.lv\/en\/wp-json\/wp\/v2\/media?parent=62090"}],"wp:term":[{"taxonomy":"product_brand","embeddable":true,"href":"https:\/\/www.waterskis.lv\/en\/wp-json\/wp\/v2\/product_brand?post=62090"},{"taxonomy":"product_cat","embeddable":true,"href":"https:\/\/www.waterskis.lv\/en\/wp-json\/wp\/v2\/product_cat?post=62090"},{"taxonomy":"product_tag","embeddable":true,"href":"https:\/\/www.waterskis.lv\/en\/wp-json\/wp\/v2\/product_tag?post=62090"}],"curies":[{"name":"wp","href":"https:\/\/api.w.org\/{rel}","templated":true}]}}