{"id":62156,"date":"2025-02-12T11:30:38","date_gmt":"2025-02-12T09:30:38","guid":{"rendered":"https:\/\/www.waterskis.lv\/product\/aqua-marina-memba-330-piepusams-atputas-kajaks-1-vieta\/"},"modified":"2026-02-02T12:45:24","modified_gmt":"2026-02-02T10:45:24","slug":"aqua-marina-memba-330-touring-kayak-1-person","status":"publish","type":"product","link":"https:\/\/www.waterskis.lv\/en\/product\/aqua-marina-memba-330-touring-kayak-1-person\/","title":{"rendered":"Aqua Marina Memba 330 Touring Kayak 1-person"},"content":{"rendered":"<h1>Aqua Marina Memba 330 Touring Kayak 1-person<\/h1>\n<p>Aqua Marina Memba 330 Touring Kayak 1-person<\/p>\n<p><b>Trekking would never be so limited to merely on land.<\/b><\/p>\n<p>Our touring kayaks are just designed for on-water expeditions, and allow you to take all the equipment needed for an endless adventure.<\/p>\n<p>Developed with paddling efficiency in mind, these kayaks are ideal for exploring calm lakes and gentle rivers.<\/p>\n<p>&nbsp;<\/p>\n<p>Featuring a sleek, curved and touring shape, the MEMBA series excels in tracking and speed with the extra-long waterline.<\/p>\n<p>Perfect for the adventurers looking for an efficient long-distance touring kayak.<\/p>\n<p>Constructed of our signature AQUASHELLTM fabric technology, the refreshed MEMBA kayaks<\/p>\n<p>are ultra-durable with anti-UV protection for hull covers and long-lasting graphic design through advanced digital printing.<\/p>\n<p>&nbsp;<\/p>\n<p>The low rocker hull design, when combined with the stiff high-pressure drop-stitch deck, results in more glide, better tracking and effortless paddling.<\/p>\n<p>Weighing only 13.4kg and 17kg for solo and tandem models respectively,<\/p>\n<p>the MEMBA can be neatly packed in the newly-designed backpack for easy storage and convenient transportation.<\/p>\n<p>&nbsp;<\/p>\n<p><b>AQUASHELLTM Technology<\/b><\/p>\n<p>Heavy-duty shell fabric with special anti-UV and water-repellent treatment for durability<\/p>\n<p>&nbsp;<\/p>\n<p><b>ECO-PRINT TM Technology<\/b><\/p>\n<p>Revolutionary digital printing technique for long-lasting graphic design and eco-friendly process<\/p>\n<p>&nbsp;<\/p>\n<p><b>Drop-stitch Deck<\/b><\/p>\n<p>Removable 7cm drop-stitch high pressure floor for ultimate stability and rigidity<\/p>\n<p>&nbsp;<\/p>\n<p><b>Streamlined Design<\/b><\/p>\n<p>Sleek, curved, streamlined shape for good tracking performance<\/p>\n<p>&nbsp;<\/p>\n<p><b>DECK SHIELDTM<\/b><\/p>\n<p>Water shield preventing splash from flowing backwards to the cockpit<\/p>\n<p>&nbsp;<\/p>\n<p><b>Cargo Bungee<\/b><\/p>\n<p>Adjustable cargo bungee system to easily fasten the luggage<\/p>\n<p>&nbsp;<\/p>\n<p><b>Drain Valve<\/b><\/p>\n<p>Superfast 1+2 self-bailing valves can be left open for quick water drainage in whitewater and ocean kayaking or closed for flat-water paddling<\/p>\n<p>&nbsp;<\/p>\n<p><b>USER-FRIENDLY HIGHLIGHTS<\/b><\/p>\n<ul>\n<li><b>Paddle Holder\u00a0<\/b>&#8211; Velcro paddle holder design for easy paddle lock<\/li>\n<li><b>Carry Handle\u00a0<\/b>&#8211; Front, rear and center rubber carry handles for easy transport<\/li>\n<li><b>D-buckle\u00a0<\/b>&#8211; Multiple strap D-buckles allow seat position adjustment<\/li>\n<li><b>Valve\u00a0<\/b>&#8211; High pressure recessed valve for quick inflation and deflation<\/li>\n<li><b>Seat System\u00a0<\/b>&#8211; Premium high-backrest seat with EVA cushion and storage pockets<\/li>\n<li><b>Fin System\u00a0<\/b>&#8211; High performance two center fins for excellent straight-line tracking<\/li>\n<li><b>Hand Pump\u00a0<\/b>&#8211; Upgraded gauged pump for easy and accurate inflation<\/li>\n<li><b>Backpack\u00a0<\/b>&#8211; Functional zip backpack wrapping everything inside for a kayak tour<\/li>\n<\/ul>\n<p>&nbsp;<\/p>\n<p><b>Memba Specs:<\/b><\/p>\n<p>LENGTH:\u00a010&#8217;10&#8243;\/ 330cm<\/p>\n<p>WIDTH:\u00a035&#8243;\/ 90cm<\/p>\n<p>MAX. PASSENGER:\u00a01<\/p>\n<p>WEIGHT:\u00a029.5 lbs \/ 13.4 kg<\/p>\n<p>MAX. PAYLOAD:\u00a0242 lbs \/ 110 kg<\/p>\n<p>AIR CHAMBERS:\u00a02+1<\/p>\n<p>DRAIN VALVES:\u00a01+2<\/p>\n<p>&nbsp;<\/p>\n<p><b>Package includes<\/b><\/p>\n<p>Kayak Backpack, 16&#8243; Hand Pump, KP-1 1 Kayak Paddle, 1 Kayak Seat, 2x Kayak Fin<\/p>\n<p>&nbsp;<\/p>\n<p><b>Keywords<\/b><\/p>\n<p>Kayak, Touring Kayak, Supkayak, inflatable Kayak<\/p>\n<p>&nbsp;<\/p>\n<p>INFORMATION: We strongly recommend wearing a floating device\/buoyancy aid when using the kayak. Floating devices\/buoyancy aids give lift after a fall into the water and maintain the ability to swim and move. A floating device\/buoyancy aid is not included in scope of delivery.<\/p>\n","protected":false},"excerpt":{"rendered":"<p>https:\/\/www.youtube.com\/watch?v=wTTdVAghHGw [&#8230;]<\/p>\n<p><a class=\"btn btn-secondary understrap-read-more-link\" href=\"https:\/\/www.waterskis.lv\/en\/product\/aqua-marina-memba-330-touring-kayak-1-person\/\">Read More&#8230;<\/a><\/p>\n","protected":false},"featured_media":62130,"comment_status":"closed","ping_status":"closed","template":"","meta":{"_acf_changed":false,"inline_featured_image":false},"product_brand":[1287],"product_cat":[687,688,686,507],"product_tag":[3164,3281,3265,3268,3264,3278,3267,3277,3279,3266,3280,3176,3276,3273,3275,3274],"class_list":{"0":"post-62156","1":"product","2":"type-product","3":"status-publish","4":"has-post-thumbnail","6":"product_brand-aqua-marina","7":"product_cat-all-inflatable-kayaks","8":"product_cat-aqua-marina-inflatable-kayaks","9":"product_cat-inflatable-kayaks","10":"product_cat-kayaks","11":"product_tag-aqua-marina","12":"product_tag-aqua-marina-kayaks","13":"product_tag-aufblasbares-kajak","14":"product_tag-inflatable-kayak","15":"product_tag-kajak","16":"product_tag-kajaks","17":"product_tag-kayak","18":"product_tag-piepusams-kajaks","19":"product_tag-smailite","20":"product_tag-supkajak","21":"product_tag-supkajaks","22":"product_tag-supkayak","23":"product_tag-3276","24":"product_tag-3273","25":"product_tag-3275","26":"product_tag-3274","28":"first","29":"instock","30":"shipping-taxable","31":"purchasable","32":"product-type-simple"},"acf":[],"yoast_head":"<!-- This site is optimized with the Yoast SEO plugin v27.4 - https:\/\/yoast.com\/product\/yoast-seo-wordpress\/ -->\n<title>Aqua Marina Memba 330 Touring Kayak 1-person - WATERSKIS.LV<\/title>\n<meta name=\"description\" content=\"Aqua Marina Memba 330 Touring Kayak 1-person. Our touring kayaks are just designed for on-water expeditions, and allow you to take all the equipment needed\" \/>\n<meta name=\"robots\" content=\"index, follow, max-snippet:-1, max-image-preview:large, max-video-preview:-1\" \/>\n<link rel=\"canonical\" href=\"https:\/\/www.waterskis.lv\/en\/product\/aqua-marina-memba-330-touring-kayak-1-person\/\" \/>\n<meta property=\"og:locale\" content=\"en_US\" \/>\n<meta property=\"og:type\" content=\"article\" \/>\n<meta property=\"og:title\" content=\"Aqua Marina Memba 330 Touring Kayak 1-person - WATERSKIS.LV\" \/>\n<meta property=\"og:description\" content=\"Aqua Marina Memba 330 Touring Kayak 1-person. Our touring kayaks are just designed for on-water expeditions, and allow you to take all the equipment needed\" \/>\n<meta property=\"og:url\" content=\"https:\/\/www.waterskis.lv\/en\/product\/aqua-marina-memba-330-touring-kayak-1-person\/\" \/>\n<meta property=\"og:site_name\" content=\"WATERSKIS.LV\" \/>\n<meta property=\"article:publisher\" content=\"https:\/\/www.facebook.com\/jurmalawaterskiwakeboardpark\/\" \/>\n<meta property=\"article:modified_time\" content=\"2026-02-02T10:45:24+00:00\" \/>\n<meta property=\"og:image\" content=\"https:\/\/www.waterskis.lv\/wp-content\/uploads\/2025\/02\/memba_330_touring_kayak_1-personv1_22175_1.webp\" \/>\n\t<meta property=\"og:image:width\" content=\"2000\" \/>\n\t<meta property=\"og:image:height\" content=\"2000\" \/>\n\t<meta property=\"og:image:type\" content=\"image\/webp\" \/>\n<meta name=\"twitter:card\" content=\"summary_large_image\" \/>\n<meta name=\"twitter:label1\" content=\"Est. reading time\" \/>\n\t<meta name=\"twitter:data1\" content=\"3 minutes\" \/>\n<script type=\"application\/ld+json\" class=\"yoast-schema-graph\">{\"@context\":\"https:\\\/\\\/schema.org\",\"@graph\":[{\"@type\":\"WebPage\",\"@id\":\"https:\\\/\\\/www.waterskis.lv\\\/en\\\/product\\\/aqua-marina-memba-330-touring-kayak-1-person\\\/\",\"url\":\"https:\\\/\\\/www.waterskis.lv\\\/en\\\/product\\\/aqua-marina-memba-330-touring-kayak-1-person\\\/\",\"name\":\"Aqua Marina Memba 330 Touring Kayak 1-person - WATERSKIS.LV\",\"isPartOf\":{\"@id\":\"https:\\\/\\\/www.waterskis.lv\\\/en\\\/#website\"},\"primaryImageOfPage\":{\"@id\":\"https:\\\/\\\/www.waterskis.lv\\\/en\\\/product\\\/aqua-marina-memba-330-touring-kayak-1-person\\\/#primaryimage\"},\"image\":{\"@id\":\"https:\\\/\\\/www.waterskis.lv\\\/en\\\/product\\\/aqua-marina-memba-330-touring-kayak-1-person\\\/#primaryimage\"},\"thumbnailUrl\":\"https:\\\/\\\/www.waterskis.lv\\\/wp-content\\\/uploads\\\/2025\\\/02\\\/memba_330_touring_kayak_1-personv1_22175_1.webp\",\"datePublished\":\"2025-02-12T09:30:38+00:00\",\"dateModified\":\"2026-02-02T10:45:24+00:00\",\"description\":\"Aqua Marina Memba 330 Touring Kayak 1-person. Our touring kayaks are just designed for on-water expeditions, and allow you to take all the equipment needed\",\"breadcrumb\":{\"@id\":\"https:\\\/\\\/www.waterskis.lv\\\/en\\\/product\\\/aqua-marina-memba-330-touring-kayak-1-person\\\/#breadcrumb\"},\"inLanguage\":\"en-US\",\"potentialAction\":[{\"@type\":\"ReadAction\",\"target\":[\"https:\\\/\\\/www.waterskis.lv\\\/en\\\/product\\\/aqua-marina-memba-330-touring-kayak-1-person\\\/\"]}]},{\"@type\":\"ImageObject\",\"inLanguage\":\"en-US\",\"@id\":\"https:\\\/\\\/www.waterskis.lv\\\/en\\\/product\\\/aqua-marina-memba-330-touring-kayak-1-person\\\/#primaryimage\",\"url\":\"https:\\\/\\\/www.waterskis.lv\\\/wp-content\\\/uploads\\\/2025\\\/02\\\/memba_330_touring_kayak_1-personv1_22175_1.webp\",\"contentUrl\":\"https:\\\/\\\/www.waterskis.lv\\\/wp-content\\\/uploads\\\/2025\\\/02\\\/memba_330_touring_kayak_1-personv1_22175_1.webp\",\"width\":2000,\"height\":2000,\"caption\":\"Aqua Marina Memba 330 piep\u016b\u0161ams atp\u016btas kajaks 1 vieta\"},{\"@type\":\"BreadcrumbList\",\"@id\":\"https:\\\/\\\/www.waterskis.lv\\\/en\\\/product\\\/aqua-marina-memba-330-touring-kayak-1-person\\\/#breadcrumb\",\"itemListElement\":[{\"@type\":\"ListItem\",\"position\":1,\"name\":\"Home\",\"item\":\"https:\\\/\\\/www.waterskis.lv\\\/en\\\/\"},{\"@type\":\"ListItem\",\"position\":2,\"name\":\"Shop\",\"item\":\"https:\\\/\\\/waterskis.lv\\\/en\\\/shop\\\/\"},{\"@type\":\"ListItem\",\"position\":3,\"name\":\"Aqua Marina Memba 330 Touring Kayak 1-person\"}]},{\"@type\":\"WebSite\",\"@id\":\"https:\\\/\\\/www.waterskis.lv\\\/en\\\/#website\",\"url\":\"https:\\\/\\\/www.waterskis.lv\\\/en\\\/\",\"name\":\"WATERSKIS.LV\",\"description\":\"SUP d\u0113\u013ci, kajaki, kanoe, airu laivas, \u016bdenssl\u0113po\u0161ana, veikbords, SUP d\u0113\u013cu noma, kajaku nomaakt\u012bv\u0101s atp\u016btas centrs, laivu noma, sup noma, kajaku noma\",\"publisher\":{\"@id\":\"https:\\\/\\\/www.waterskis.lv\\\/en\\\/#organization\"},\"potentialAction\":[{\"@type\":\"SearchAction\",\"target\":{\"@type\":\"EntryPoint\",\"urlTemplate\":\"https:\\\/\\\/www.waterskis.lv\\\/en\\\/?s={search_term_string}\"},\"query-input\":{\"@type\":\"PropertyValueSpecification\",\"valueRequired\":true,\"valueName\":\"search_term_string\"}}],\"inLanguage\":\"en-US\"},{\"@type\":\"Organization\",\"@id\":\"https:\\\/\\\/www.waterskis.lv\\\/en\\\/#organization\",\"name\":\"WATERSKIS.LV\",\"url\":\"https:\\\/\\\/www.waterskis.lv\\\/en\\\/\",\"logo\":{\"@type\":\"ImageObject\",\"inLanguage\":\"en-US\",\"@id\":\"https:\\\/\\\/www.waterskis.lv\\\/en\\\/#\\\/schema\\\/logo\\\/image\\\/\",\"url\":\"https:\\\/\\\/www.waterskis.lv\\\/wp-content\\\/uploads\\\/2025\\\/01\\\/JUVP-logo.png\",\"contentUrl\":\"https:\\\/\\\/www.waterskis.lv\\\/wp-content\\\/uploads\\\/2025\\\/01\\\/JUVP-logo.png\",\"width\":421,\"height\":202,\"caption\":\"WATERSKIS.LV\"},\"image\":{\"@id\":\"https:\\\/\\\/www.waterskis.lv\\\/en\\\/#\\\/schema\\\/logo\\\/image\\\/\"},\"sameAs\":[\"https:\\\/\\\/www.facebook.com\\\/jurmalawaterskiwakeboardpark\\\/\"]}]}<\/script>\n<!-- \/ Yoast SEO plugin. -->","yoast_head_json":{"title":"Aqua Marina Memba 330 Touring Kayak 1-person - WATERSKIS.LV","description":"Aqua Marina Memba 330 Touring Kayak 1-person. Our touring kayaks are just designed for on-water expeditions, and allow you to take all the equipment needed","robots":{"index":"index","follow":"follow","max-snippet":"max-snippet:-1","max-image-preview":"max-image-preview:large","max-video-preview":"max-video-preview:-1"},"canonical":"https:\/\/www.waterskis.lv\/en\/product\/aqua-marina-memba-330-touring-kayak-1-person\/","og_locale":"en_US","og_type":"article","og_title":"Aqua Marina Memba 330 Touring Kayak 1-person - WATERSKIS.LV","og_description":"Aqua Marina Memba 330 Touring Kayak 1-person. Our touring kayaks are just designed for on-water expeditions, and allow you to take all the equipment needed","og_url":"https:\/\/www.waterskis.lv\/en\/product\/aqua-marina-memba-330-touring-kayak-1-person\/","og_site_name":"WATERSKIS.LV","article_publisher":"https:\/\/www.facebook.com\/jurmalawaterskiwakeboardpark\/","article_modified_time":"2026-02-02T10:45:24+00:00","og_image":[{"width":2000,"height":2000,"url":"https:\/\/www.waterskis.lv\/wp-content\/uploads\/2025\/02\/memba_330_touring_kayak_1-personv1_22175_1.webp","type":"image\/webp"}],"twitter_card":"summary_large_image","twitter_misc":{"Est. reading time":"3 minutes"},"schema":{"@context":"https:\/\/schema.org","@graph":[{"@type":"WebPage","@id":"https:\/\/www.waterskis.lv\/en\/product\/aqua-marina-memba-330-touring-kayak-1-person\/","url":"https:\/\/www.waterskis.lv\/en\/product\/aqua-marina-memba-330-touring-kayak-1-person\/","name":"Aqua Marina Memba 330 Touring Kayak 1-person - WATERSKIS.LV","isPartOf":{"@id":"https:\/\/www.waterskis.lv\/en\/#website"},"primaryImageOfPage":{"@id":"https:\/\/www.waterskis.lv\/en\/product\/aqua-marina-memba-330-touring-kayak-1-person\/#primaryimage"},"image":{"@id":"https:\/\/www.waterskis.lv\/en\/product\/aqua-marina-memba-330-touring-kayak-1-person\/#primaryimage"},"thumbnailUrl":"https:\/\/www.waterskis.lv\/wp-content\/uploads\/2025\/02\/memba_330_touring_kayak_1-personv1_22175_1.webp","datePublished":"2025-02-12T09:30:38+00:00","dateModified":"2026-02-02T10:45:24+00:00","description":"Aqua Marina Memba 330 Touring Kayak 1-person. Our touring kayaks are just designed for on-water expeditions, and allow you to take all the equipment needed","breadcrumb":{"@id":"https:\/\/www.waterskis.lv\/en\/product\/aqua-marina-memba-330-touring-kayak-1-person\/#breadcrumb"},"inLanguage":"en-US","potentialAction":[{"@type":"ReadAction","target":["https:\/\/www.waterskis.lv\/en\/product\/aqua-marina-memba-330-touring-kayak-1-person\/"]}]},{"@type":"ImageObject","inLanguage":"en-US","@id":"https:\/\/www.waterskis.lv\/en\/product\/aqua-marina-memba-330-touring-kayak-1-person\/#primaryimage","url":"https:\/\/www.waterskis.lv\/wp-content\/uploads\/2025\/02\/memba_330_touring_kayak_1-personv1_22175_1.webp","contentUrl":"https:\/\/www.waterskis.lv\/wp-content\/uploads\/2025\/02\/memba_330_touring_kayak_1-personv1_22175_1.webp","width":2000,"height":2000,"caption":"Aqua Marina Memba 330 piep\u016b\u0161ams atp\u016btas kajaks 1 vieta"},{"@type":"BreadcrumbList","@id":"https:\/\/www.waterskis.lv\/en\/product\/aqua-marina-memba-330-touring-kayak-1-person\/#breadcrumb","itemListElement":[{"@type":"ListItem","position":1,"name":"Home","item":"https:\/\/www.waterskis.lv\/en\/"},{"@type":"ListItem","position":2,"name":"Shop","item":"https:\/\/waterskis.lv\/en\/shop\/"},{"@type":"ListItem","position":3,"name":"Aqua Marina Memba 330 Touring Kayak 1-person"}]},{"@type":"WebSite","@id":"https:\/\/www.waterskis.lv\/en\/#website","url":"https:\/\/www.waterskis.lv\/en\/","name":"WATERSKIS.LV","description":"SUP d\u0113\u013ci, kajaki, kanoe, airu laivas, \u016bdenssl\u0113po\u0161ana, veikbords, SUP d\u0113\u013cu noma, kajaku nomaakt\u012bv\u0101s atp\u016btas centrs, laivu noma, sup noma, kajaku noma","publisher":{"@id":"https:\/\/www.waterskis.lv\/en\/#organization"},"potentialAction":[{"@type":"SearchAction","target":{"@type":"EntryPoint","urlTemplate":"https:\/\/www.waterskis.lv\/en\/?s={search_term_string}"},"query-input":{"@type":"PropertyValueSpecification","valueRequired":true,"valueName":"search_term_string"}}],"inLanguage":"en-US"},{"@type":"Organization","@id":"https:\/\/www.waterskis.lv\/en\/#organization","name":"WATERSKIS.LV","url":"https:\/\/www.waterskis.lv\/en\/","logo":{"@type":"ImageObject","inLanguage":"en-US","@id":"https:\/\/www.waterskis.lv\/en\/#\/schema\/logo\/image\/","url":"https:\/\/www.waterskis.lv\/wp-content\/uploads\/2025\/01\/JUVP-logo.png","contentUrl":"https:\/\/www.waterskis.lv\/wp-content\/uploads\/2025\/01\/JUVP-logo.png","width":421,"height":202,"caption":"WATERSKIS.LV"},"image":{"@id":"https:\/\/www.waterskis.lv\/en\/#\/schema\/logo\/image\/"},"sameAs":["https:\/\/www.facebook.com\/jurmalawaterskiwakeboardpark\/"]}]}},"_links":{"self":[{"href":"https:\/\/www.waterskis.lv\/en\/wp-json\/wp\/v2\/product\/62156","targetHints":{"allow":["GET"]}}],"collection":[{"href":"https:\/\/www.waterskis.lv\/en\/wp-json\/wp\/v2\/product"}],"about":[{"href":"https:\/\/www.waterskis.lv\/en\/wp-json\/wp\/v2\/types\/product"}],"replies":[{"embeddable":true,"href":"https:\/\/www.waterskis.lv\/en\/wp-json\/wp\/v2\/comments?post=62156"}],"wp:featuredmedia":[{"embeddable":true,"href":"https:\/\/www.waterskis.lv\/en\/wp-json\/wp\/v2\/media\/62130"}],"wp:attachment":[{"href":"https:\/\/www.waterskis.lv\/en\/wp-json\/wp\/v2\/media?parent=62156"}],"wp:term":[{"taxonomy":"product_brand","embeddable":true,"href":"https:\/\/www.waterskis.lv\/en\/wp-json\/wp\/v2\/product_brand?post=62156"},{"taxonomy":"product_cat","embeddable":true,"href":"https:\/\/www.waterskis.lv\/en\/wp-json\/wp\/v2\/product_cat?post=62156"},{"taxonomy":"product_tag","embeddable":true,"href":"https:\/\/www.waterskis.lv\/en\/wp-json\/wp\/v2\/product_tag?post=62156"}],"curies":[{"name":"wp","href":"https:\/\/api.w.org\/{rel}","templated":true}]}}