{"id":62252,"date":"2025-02-12T12:35:20","date_gmt":"2025-02-12T10:35:20","guid":{"rendered":"https:\/\/www.waterskis.lv\/product\/aqua-marina-steam-412-universals-straujupju-whitewater-kajaks-2-personam\/"},"modified":"2026-02-02T12:39:49","modified_gmt":"2026-02-02T10:39:49","slug":"aqua-marina-steam-412-versatile-whitewater-kayak-2-persons","status":"publish","type":"product","link":"https:\/\/www.waterskis.lv\/en\/product\/aqua-marina-steam-412-versatile-whitewater-kayak-2-persons\/","title":{"rendered":"Aqua Marina Steam 412 Versatile\/Whitewater Kayak 2 Persons"},"content":{"rendered":"<h1>Aqua Marina Steam 412 Versatile\/Whitewater Kayak 2 Persons<\/h1>\n<p>Aqua Marina Steam 412 Versatile\/Whitewater Kayak 2 Persons<\/p>\n<p><b>The newly re-designed STEAM<\/b><\/p>\n<p>series is a premium choice for all types of paddling, perfect for both performance touring adventurers and mild river running lovers.<\/p>\n<p>Featuring ultra-durable welded tube construction and a high-density drop-stitch floor, these open cockpit inflatable kayaks are extremely rigid and responsive.<\/p>\n<p>With a more streamlined outline, the new models have been optimized for higher hull speed and better tracking performance.<\/p>\n<p>Other river-specific features have also made these rugged kayaks tough enough to tackle class III whitewater.<\/p>\n<p>The 2022 STEAM are all-around champions capable of handling any types of adventure, sleeker and faster than ever before!<\/p>\n<p>&nbsp;<\/p>\n<p><b>TECHNICAL FEATURES<\/b><\/p>\n<ul>\n<li><b>Seamless Tube\u00a0<\/b>Tube chamber seams are all High Frequency welded for a solid bonding strength<\/li>\n<li><b>Drop-stitch Deck\u00a0<\/b>Removable 7cm drop-stitch high pressure floor for ultimate stability and rigidity<\/li>\n<li><b>Streamlined Design\u00a0<\/b>Sleek, curved, streamlined shape for good tracking performance<\/li>\n<li><b>V-cone Protection\u00a0<\/b>Hard V-cone protection on both stem and stern for anti-collision purpose<\/li>\n<li><b>DECK SHIELDTM\u00a0<\/b>Water shield preventing splash from flowing backwards to the cockpit<\/li>\n<li><b>Cargo Bungee\u00a0<\/b>Adjustable cargo bungee system to easily fasten the luggage<\/li>\n<li><b>Footrest Support\u00a0<\/b>Adjustable supporting footrest for a comfortable journey<\/li>\n<li><b>Drain Valve\u00a0<\/b>Superfast 1+8\/1+16 self-bailing valves can be left open for quick water drainage in whitewater and ocean kayaking or closed for flat-water paddling<\/li>\n<\/ul>\n<p>&nbsp;<\/p>\n<p><b>USER-FRIENDLY HIGHLIGHTS<\/b><\/p>\n<p>&nbsp;<\/p>\n<p><b>Carry Handle<\/b><\/p>\n<p>Front, rear and center rubber carry handles for easy transport<\/p>\n<p><b>D-ring<\/b><\/p>\n<p>Multiple strap D-rings allow seat position adjustment<\/p>\n<p><b>Valve<\/b><\/p>\n<p>High pressure recessed valve for quick inflation and deflation<\/p>\n<p><b>Seat System<\/b><\/p>\n<p>Premium high-backrest seat with EVA cushion and storage pockets<\/p>\n<p><b>Fin System<\/b><\/p>\n<p>High performance two center fins for excellent straight-line tracking<\/p>\n<p><b>Dry Bag<\/b><\/p>\n<p>10L dry bag keeping personal belongings dry and safe<\/p>\n<p><b>Hand Pump<\/b><\/p>\n<p>Upgraded gauged pump for easy and accurate inflation<\/p>\n<p><b>Backpack<\/b><\/p>\n<p>Functional zip backpack wrapping everything inside for a kayak tour<\/p>\n<p>&nbsp;<\/p>\n<p><b>Steam 13\u00b46&#8243; Specs<\/b><\/p>\n<p>LENGTH:\u00a013&#8217;6&#8243;\/ 412cm<\/p>\n<p>WIDTH:\u00a035&#8243;\/ 90cm<\/p>\n<p>MAX. PASSENGER:\u00a02<\/p>\n<p>WEIGHT:\u00a0234.2 lbs \/ 15.5 kg<\/p>\n<p>MAX. PAYLOAD:\u00a0396 lbs \/ 180 kg<\/p>\n<p>AIR CHAMBERS:\u00a02+1<\/p>\n<p>DRAIN VALVES:\u00a01+16 self bailing<\/p>\n<p>&nbsp;<\/p>\n<p><b>Package includes<\/b><\/p>\n<p>Kayak Backpack, 16&#8243; Hand Pump, 10L Dry Bag, 2 Kayak Seats, Kayak Fin x 2<\/p>\n<p>&nbsp;<\/p>\n<p><b>Keywords<\/b><\/p>\n<p>Kayak, Supkayak, inflatable Kayak<\/p>\n<p>&nbsp;<\/p>\n<p>INFORMATION: We strongly recommend wearing a floating device\/buoyancy aid when using the kayak. Floating devices\/buoyancy aids give lift after a fall into the water and maintain the ability to swim and move. A floating device\/buoyancy aid is not included in scope of delivery.<\/p>\n","protected":false},"excerpt":{"rendered":"<p>https:\/\/www.youtube.com\/watch?v=czVM38exWP4 [&#8230;]<\/p>\n<p><a class=\"btn btn-secondary understrap-read-more-link\" href=\"https:\/\/www.waterskis.lv\/en\/product\/aqua-marina-steam-412-versatile-whitewater-kayak-2-persons\/\">Read More&#8230;<\/a><\/p>\n","protected":false},"featured_media":62226,"comment_status":"closed","ping_status":"closed","template":"","meta":{"_acf_changed":false,"inline_featured_image":false},"product_brand":[1287],"product_cat":[687,688,686,507],"product_tag":[3164,3265,3268,3264,3267,3266,3176],"class_list":{"0":"post-62252","1":"product","2":"type-product","3":"status-publish","4":"has-post-thumbnail","6":"product_brand-aqua-marina","7":"product_cat-all-inflatable-kayaks","8":"product_cat-aqua-marina-inflatable-kayaks","9":"product_cat-inflatable-kayaks","10":"product_cat-kayaks","11":"product_tag-aqua-marina","12":"product_tag-aufblasbares-kajak","13":"product_tag-inflatable-kayak","14":"product_tag-kajak","15":"product_tag-kayak","16":"product_tag-supkajak","17":"product_tag-supkayak","19":"first","20":"instock","21":"shipping-taxable","22":"purchasable","23":"product-type-simple"},"acf":[],"yoast_head":"<!-- This site is optimized with the Yoast SEO plugin v27.4 - https:\/\/yoast.com\/product\/yoast-seo-wordpress\/ -->\n<title>Aqua Marina Steam 412 Versatile\/Whitewater Kayak 2 Persons - WATERSKIS.LV<\/title>\n<meta name=\"description\" content=\"Aqua Marina Steam 412 Versatile\/Whitewater Kayak 2 Persons perfect for both performance touring adventurers and mild river runners. Class III whitewater.\" \/>\n<meta name=\"robots\" content=\"index, follow, max-snippet:-1, max-image-preview:large, max-video-preview:-1\" \/>\n<link rel=\"canonical\" href=\"https:\/\/www.waterskis.lv\/en\/product\/aqua-marina-steam-412-versatile-whitewater-kayak-2-persons\/\" \/>\n<meta property=\"og:locale\" content=\"en_US\" \/>\n<meta property=\"og:type\" content=\"article\" \/>\n<meta property=\"og:title\" content=\"Aqua Marina Steam 412 Versatile\/Whitewater Kayak 2 Persons - WATERSKIS.LV\" \/>\n<meta property=\"og:description\" content=\"Aqua Marina Steam 412 Versatile\/Whitewater Kayak 2 Persons perfect for both performance touring adventurers and mild river runners. Class III whitewater.\" \/>\n<meta property=\"og:url\" content=\"https:\/\/www.waterskis.lv\/en\/product\/aqua-marina-steam-412-versatile-whitewater-kayak-2-persons\/\" \/>\n<meta property=\"og:site_name\" content=\"WATERSKIS.LV\" \/>\n<meta property=\"article:publisher\" content=\"https:\/\/www.facebook.com\/jurmalawaterskiwakeboardpark\/\" \/>\n<meta property=\"article:modified_time\" content=\"2026-02-02T10:39:49+00:00\" \/>\n<meta property=\"og:image\" content=\"https:\/\/www.waterskis.lv\/wp-content\/uploads\/2025\/02\/steam_412_versatile_whitewater_kayak_2_22178_1.webp\" \/>\n\t<meta property=\"og:image:width\" content=\"768\" \/>\n\t<meta property=\"og:image:height\" content=\"768\" \/>\n\t<meta property=\"og:image:type\" content=\"image\/webp\" \/>\n<meta name=\"twitter:card\" content=\"summary_large_image\" \/>\n<meta name=\"twitter:label1\" content=\"Est. reading time\" \/>\n\t<meta name=\"twitter:data1\" content=\"3 minutes\" \/>\n<script type=\"application\/ld+json\" class=\"yoast-schema-graph\">{\"@context\":\"https:\\\/\\\/schema.org\",\"@graph\":[{\"@type\":\"WebPage\",\"@id\":\"https:\\\/\\\/www.waterskis.lv\\\/en\\\/product\\\/aqua-marina-steam-412-versatile-whitewater-kayak-2-persons\\\/\",\"url\":\"https:\\\/\\\/www.waterskis.lv\\\/en\\\/product\\\/aqua-marina-steam-412-versatile-whitewater-kayak-2-persons\\\/\",\"name\":\"Aqua Marina Steam 412 Versatile\\\/Whitewater Kayak 2 Persons - WATERSKIS.LV\",\"isPartOf\":{\"@id\":\"https:\\\/\\\/www.waterskis.lv\\\/en\\\/#website\"},\"primaryImageOfPage\":{\"@id\":\"https:\\\/\\\/www.waterskis.lv\\\/en\\\/product\\\/aqua-marina-steam-412-versatile-whitewater-kayak-2-persons\\\/#primaryimage\"},\"image\":{\"@id\":\"https:\\\/\\\/www.waterskis.lv\\\/en\\\/product\\\/aqua-marina-steam-412-versatile-whitewater-kayak-2-persons\\\/#primaryimage\"},\"thumbnailUrl\":\"https:\\\/\\\/www.waterskis.lv\\\/wp-content\\\/uploads\\\/2025\\\/02\\\/steam_412_versatile_whitewater_kayak_2_22178_1.webp\",\"datePublished\":\"2025-02-12T10:35:20+00:00\",\"dateModified\":\"2026-02-02T10:39:49+00:00\",\"description\":\"Aqua Marina Steam 412 Versatile\\\/Whitewater Kayak 2 Persons perfect for both performance touring adventurers and mild river runners. Class III whitewater.\",\"breadcrumb\":{\"@id\":\"https:\\\/\\\/www.waterskis.lv\\\/en\\\/product\\\/aqua-marina-steam-412-versatile-whitewater-kayak-2-persons\\\/#breadcrumb\"},\"inLanguage\":\"en-US\",\"potentialAction\":[{\"@type\":\"ReadAction\",\"target\":[\"https:\\\/\\\/www.waterskis.lv\\\/en\\\/product\\\/aqua-marina-steam-412-versatile-whitewater-kayak-2-persons\\\/\"]}]},{\"@type\":\"ImageObject\",\"inLanguage\":\"en-US\",\"@id\":\"https:\\\/\\\/www.waterskis.lv\\\/en\\\/product\\\/aqua-marina-steam-412-versatile-whitewater-kayak-2-persons\\\/#primaryimage\",\"url\":\"https:\\\/\\\/www.waterskis.lv\\\/wp-content\\\/uploads\\\/2025\\\/02\\\/steam_412_versatile_whitewater_kayak_2_22178_1.webp\",\"contentUrl\":\"https:\\\/\\\/www.waterskis.lv\\\/wp-content\\\/uploads\\\/2025\\\/02\\\/steam_412_versatile_whitewater_kayak_2_22178_1.webp\",\"width\":768,\"height\":768,\"caption\":\"v\"},{\"@type\":\"BreadcrumbList\",\"@id\":\"https:\\\/\\\/www.waterskis.lv\\\/en\\\/product\\\/aqua-marina-steam-412-versatile-whitewater-kayak-2-persons\\\/#breadcrumb\",\"itemListElement\":[{\"@type\":\"ListItem\",\"position\":1,\"name\":\"Home\",\"item\":\"https:\\\/\\\/www.waterskis.lv\\\/en\\\/\"},{\"@type\":\"ListItem\",\"position\":2,\"name\":\"Shop\",\"item\":\"https:\\\/\\\/waterskis.lv\\\/en\\\/shop\\\/\"},{\"@type\":\"ListItem\",\"position\":3,\"name\":\"Aqua Marina Steam 412 Versatile\\\/Whitewater Kayak 2 Persons\"}]},{\"@type\":\"WebSite\",\"@id\":\"https:\\\/\\\/www.waterskis.lv\\\/en\\\/#website\",\"url\":\"https:\\\/\\\/www.waterskis.lv\\\/en\\\/\",\"name\":\"WATERSKIS.LV\",\"description\":\"SUP d\u0113\u013ci, kajaki, kanoe, airu laivas, \u016bdenssl\u0113po\u0161ana, veikbords, SUP d\u0113\u013cu noma, kajaku nomaakt\u012bv\u0101s atp\u016btas centrs, laivu noma, sup noma, kajaku noma\",\"publisher\":{\"@id\":\"https:\\\/\\\/www.waterskis.lv\\\/en\\\/#organization\"},\"potentialAction\":[{\"@type\":\"SearchAction\",\"target\":{\"@type\":\"EntryPoint\",\"urlTemplate\":\"https:\\\/\\\/www.waterskis.lv\\\/en\\\/?s={search_term_string}\"},\"query-input\":{\"@type\":\"PropertyValueSpecification\",\"valueRequired\":true,\"valueName\":\"search_term_string\"}}],\"inLanguage\":\"en-US\"},{\"@type\":\"Organization\",\"@id\":\"https:\\\/\\\/www.waterskis.lv\\\/en\\\/#organization\",\"name\":\"WATERSKIS.LV\",\"url\":\"https:\\\/\\\/www.waterskis.lv\\\/en\\\/\",\"logo\":{\"@type\":\"ImageObject\",\"inLanguage\":\"en-US\",\"@id\":\"https:\\\/\\\/www.waterskis.lv\\\/en\\\/#\\\/schema\\\/logo\\\/image\\\/\",\"url\":\"https:\\\/\\\/www.waterskis.lv\\\/wp-content\\\/uploads\\\/2025\\\/01\\\/JUVP-logo.png\",\"contentUrl\":\"https:\\\/\\\/www.waterskis.lv\\\/wp-content\\\/uploads\\\/2025\\\/01\\\/JUVP-logo.png\",\"width\":421,\"height\":202,\"caption\":\"WATERSKIS.LV\"},\"image\":{\"@id\":\"https:\\\/\\\/www.waterskis.lv\\\/en\\\/#\\\/schema\\\/logo\\\/image\\\/\"},\"sameAs\":[\"https:\\\/\\\/www.facebook.com\\\/jurmalawaterskiwakeboardpark\\\/\"]}]}<\/script>\n<!-- \/ Yoast SEO plugin. -->","yoast_head_json":{"title":"Aqua Marina Steam 412 Versatile\/Whitewater Kayak 2 Persons - WATERSKIS.LV","description":"Aqua Marina Steam 412 Versatile\/Whitewater Kayak 2 Persons perfect for both performance touring adventurers and mild river runners. Class III whitewater.","robots":{"index":"index","follow":"follow","max-snippet":"max-snippet:-1","max-image-preview":"max-image-preview:large","max-video-preview":"max-video-preview:-1"},"canonical":"https:\/\/www.waterskis.lv\/en\/product\/aqua-marina-steam-412-versatile-whitewater-kayak-2-persons\/","og_locale":"en_US","og_type":"article","og_title":"Aqua Marina Steam 412 Versatile\/Whitewater Kayak 2 Persons - WATERSKIS.LV","og_description":"Aqua Marina Steam 412 Versatile\/Whitewater Kayak 2 Persons perfect for both performance touring adventurers and mild river runners. Class III whitewater.","og_url":"https:\/\/www.waterskis.lv\/en\/product\/aqua-marina-steam-412-versatile-whitewater-kayak-2-persons\/","og_site_name":"WATERSKIS.LV","article_publisher":"https:\/\/www.facebook.com\/jurmalawaterskiwakeboardpark\/","article_modified_time":"2026-02-02T10:39:49+00:00","og_image":[{"width":768,"height":768,"url":"https:\/\/www.waterskis.lv\/wp-content\/uploads\/2025\/02\/steam_412_versatile_whitewater_kayak_2_22178_1.webp","type":"image\/webp"}],"twitter_card":"summary_large_image","twitter_misc":{"Est. reading time":"3 minutes"},"schema":{"@context":"https:\/\/schema.org","@graph":[{"@type":"WebPage","@id":"https:\/\/www.waterskis.lv\/en\/product\/aqua-marina-steam-412-versatile-whitewater-kayak-2-persons\/","url":"https:\/\/www.waterskis.lv\/en\/product\/aqua-marina-steam-412-versatile-whitewater-kayak-2-persons\/","name":"Aqua Marina Steam 412 Versatile\/Whitewater Kayak 2 Persons - WATERSKIS.LV","isPartOf":{"@id":"https:\/\/www.waterskis.lv\/en\/#website"},"primaryImageOfPage":{"@id":"https:\/\/www.waterskis.lv\/en\/product\/aqua-marina-steam-412-versatile-whitewater-kayak-2-persons\/#primaryimage"},"image":{"@id":"https:\/\/www.waterskis.lv\/en\/product\/aqua-marina-steam-412-versatile-whitewater-kayak-2-persons\/#primaryimage"},"thumbnailUrl":"https:\/\/www.waterskis.lv\/wp-content\/uploads\/2025\/02\/steam_412_versatile_whitewater_kayak_2_22178_1.webp","datePublished":"2025-02-12T10:35:20+00:00","dateModified":"2026-02-02T10:39:49+00:00","description":"Aqua Marina Steam 412 Versatile\/Whitewater Kayak 2 Persons perfect for both performance touring adventurers and mild river runners. Class III whitewater.","breadcrumb":{"@id":"https:\/\/www.waterskis.lv\/en\/product\/aqua-marina-steam-412-versatile-whitewater-kayak-2-persons\/#breadcrumb"},"inLanguage":"en-US","potentialAction":[{"@type":"ReadAction","target":["https:\/\/www.waterskis.lv\/en\/product\/aqua-marina-steam-412-versatile-whitewater-kayak-2-persons\/"]}]},{"@type":"ImageObject","inLanguage":"en-US","@id":"https:\/\/www.waterskis.lv\/en\/product\/aqua-marina-steam-412-versatile-whitewater-kayak-2-persons\/#primaryimage","url":"https:\/\/www.waterskis.lv\/wp-content\/uploads\/2025\/02\/steam_412_versatile_whitewater_kayak_2_22178_1.webp","contentUrl":"https:\/\/www.waterskis.lv\/wp-content\/uploads\/2025\/02\/steam_412_versatile_whitewater_kayak_2_22178_1.webp","width":768,"height":768,"caption":"v"},{"@type":"BreadcrumbList","@id":"https:\/\/www.waterskis.lv\/en\/product\/aqua-marina-steam-412-versatile-whitewater-kayak-2-persons\/#breadcrumb","itemListElement":[{"@type":"ListItem","position":1,"name":"Home","item":"https:\/\/www.waterskis.lv\/en\/"},{"@type":"ListItem","position":2,"name":"Shop","item":"https:\/\/waterskis.lv\/en\/shop\/"},{"@type":"ListItem","position":3,"name":"Aqua Marina Steam 412 Versatile\/Whitewater Kayak 2 Persons"}]},{"@type":"WebSite","@id":"https:\/\/www.waterskis.lv\/en\/#website","url":"https:\/\/www.waterskis.lv\/en\/","name":"WATERSKIS.LV","description":"SUP d\u0113\u013ci, kajaki, kanoe, airu laivas, \u016bdenssl\u0113po\u0161ana, veikbords, SUP d\u0113\u013cu noma, kajaku nomaakt\u012bv\u0101s atp\u016btas centrs, laivu noma, sup noma, kajaku noma","publisher":{"@id":"https:\/\/www.waterskis.lv\/en\/#organization"},"potentialAction":[{"@type":"SearchAction","target":{"@type":"EntryPoint","urlTemplate":"https:\/\/www.waterskis.lv\/en\/?s={search_term_string}"},"query-input":{"@type":"PropertyValueSpecification","valueRequired":true,"valueName":"search_term_string"}}],"inLanguage":"en-US"},{"@type":"Organization","@id":"https:\/\/www.waterskis.lv\/en\/#organization","name":"WATERSKIS.LV","url":"https:\/\/www.waterskis.lv\/en\/","logo":{"@type":"ImageObject","inLanguage":"en-US","@id":"https:\/\/www.waterskis.lv\/en\/#\/schema\/logo\/image\/","url":"https:\/\/www.waterskis.lv\/wp-content\/uploads\/2025\/01\/JUVP-logo.png","contentUrl":"https:\/\/www.waterskis.lv\/wp-content\/uploads\/2025\/01\/JUVP-logo.png","width":421,"height":202,"caption":"WATERSKIS.LV"},"image":{"@id":"https:\/\/www.waterskis.lv\/en\/#\/schema\/logo\/image\/"},"sameAs":["https:\/\/www.facebook.com\/jurmalawaterskiwakeboardpark\/"]}]}},"_links":{"self":[{"href":"https:\/\/www.waterskis.lv\/en\/wp-json\/wp\/v2\/product\/62252","targetHints":{"allow":["GET"]}}],"collection":[{"href":"https:\/\/www.waterskis.lv\/en\/wp-json\/wp\/v2\/product"}],"about":[{"href":"https:\/\/www.waterskis.lv\/en\/wp-json\/wp\/v2\/types\/product"}],"replies":[{"embeddable":true,"href":"https:\/\/www.waterskis.lv\/en\/wp-json\/wp\/v2\/comments?post=62252"}],"wp:featuredmedia":[{"embeddable":true,"href":"https:\/\/www.waterskis.lv\/en\/wp-json\/wp\/v2\/media\/62226"}],"wp:attachment":[{"href":"https:\/\/www.waterskis.lv\/en\/wp-json\/wp\/v2\/media?parent=62252"}],"wp:term":[{"taxonomy":"product_brand","embeddable":true,"href":"https:\/\/www.waterskis.lv\/en\/wp-json\/wp\/v2\/product_brand?post=62252"},{"taxonomy":"product_cat","embeddable":true,"href":"https:\/\/www.waterskis.lv\/en\/wp-json\/wp\/v2\/product_cat?post=62252"},{"taxonomy":"product_tag","embeddable":true,"href":"https:\/\/www.waterskis.lv\/en\/wp-json\/wp\/v2\/product_tag?post=62252"}],"curies":[{"name":"wp","href":"https:\/\/api.w.org\/{rel}","templated":true}]}}