{"id":62279,"date":"2025-02-12T13:13:27","date_gmt":"2025-02-12T11:13:27","guid":{"rendered":"https:\/\/www.waterskis.lv\/product\/spinera-molveno-piepusams-kajaks-kanoe-380-385-x-70-x-50-cm-1-vieta\/"},"modified":"2026-02-02T17:14:44","modified_gmt":"2026-02-02T15:14:44","slug":"spinera-molveno-kayak-canoe-380-385-x-70-x-50-cm-1-person","status":"publish","type":"product","link":"https:\/\/www.waterskis.lv\/en\/product\/spinera-molveno-kayak-canoe-380-385-x-70-x-50-cm-1-person\/","title":{"rendered":"Spinera Molveno Kayak\/ Canoe 380 &#8211; 385 x 70 x 50 cm &#8211; 1 Person"},"content":{"rendered":"<h1>Spinera Molveno Kayak\/ Canoe 380 &#8211; 385 x 70 x 50 cm &#8211; 1 Person<\/h1>\n<p>Spinera Molveno Kayak\/ Canoe 380 &#8211; 385 x 70 x 50 cm &#8211; 1 Person<\/p>\n<p>Art. No.\u00a023165<\/p>\n<p>The streamlined kayak MOLVENO is a revolutionary inflatable kayak with Drop Stitch Technology and best tracking. The reinforced HDDS fabric on the bottom and sidewalls provides incredible stability and durability.<\/p>\n<p>Plenty of storage space front and back.<\/p>\n<p>Our kayak model Molveno is available in 2 different sizes. Size 380 as 1 or 2 seater, size 410 as a comfortable 2 seater.<\/p>\n<p>&nbsp;<\/p>\n<p><b>Specifications:<\/b><\/p>\n<ul>\n<li>Designed for 1 Adult + 1 Child\/Pet<\/li>\n<li>Sidewall: HDDS &#8211; High Density Drop<\/li>\n<li>Stitch Side Wall<\/li>\n<li>Bottom: HDDS &#8211; High Density Drop Stitch<\/li>\n<li>Outside Shell: 0,6mm reinforced PVC<\/li>\n<li>Size 385 x 70 x 50cm\u00a0\u00a015,5 kg<\/li>\n<li>MAX. PAYLOAD:\u00a0\u00a0up to 120 kg<\/li>\n<li>hull weight: 15,5kg<\/li>\n<\/ul>\n<p>&nbsp;<\/p>\n<ul>\n<li>2x 6-point bungee straps in front and back<\/li>\n<li>all d-rings in stainless steel 316<\/li>\n<li>strong rubber fenderline on front, back and<\/li>\n<li>keel for extra protection<\/li>\n<li>4 molded carry handles<\/li>\n<li>1 water drain plug<\/li>\n<\/ul>\n<p>&nbsp;<\/p>\n<p><b>Scope of delivery:<\/b><\/p>\n<ul>\n<li>1 x comfortable Pro Foam Kayak Seat<\/li>\n<li>1 x adjustable Footrest<\/li>\n<li>2 fins<\/li>\n<li>1 x extra strong Bag<\/li>\n<\/ul>\n<p>&nbsp;<\/p>\n<p>Pack size: 105 x 50 x 30 cm<\/p>\n<p>&nbsp;<\/p>\n<p>INFORMATION: We strongly recommend wearing a floating device\/buoyancy aid when using the kayak. Floating devices\/buoyancy aids give lift after a fall into the water and maintain the ability to swim and move. A floating device\/buoyancy aid is not included in scope of delivery.<\/p>\n<p>&nbsp;<\/p>\n","protected":false},"excerpt":{"rendered":"<p>https:\/\/www.youtube.com\/watch?v=HUB2F7ZWGJE [&#8230;]<\/p>\n<p><a class=\"btn btn-secondary understrap-read-more-link\" href=\"https:\/\/www.waterskis.lv\/en\/product\/spinera-molveno-kayak-canoe-380-385-x-70-x-50-cm-1-person\/\">Read More&#8230;<\/a><\/p>\n","protected":false},"featured_media":62277,"comment_status":"closed","ping_status":"closed","template":"","meta":{"_acf_changed":false,"inline_featured_image":false},"product_brand":[1279],"product_cat":[687,497,667,686,507,1217],"product_tag":[3265,3268,3264,3278,3267,3277,3279,3189,3266,3280,3176,3276,3273,3275,3274],"class_list":{"0":"post-62279","1":"product","2":"type-product","3":"status-publish","4":"has-post-thumbnail","6":"product_brand-spinera-watersports","7":"product_cat-all-inflatable-kayaks","8":"product_cat-canoe-boats","9":"product_cat-inflatable-canoes","10":"product_cat-inflatable-kayaks","11":"product_cat-kayaks","12":"product_cat-spinera-inflatable-kayaks","13":"product_tag-aufblasbares-kajak","14":"product_tag-inflatable-kayak","15":"product_tag-kajak","16":"product_tag-kajaks","17":"product_tag-kayak","18":"product_tag-piepusams-kajaks","19":"product_tag-smailite","20":"product_tag-spinera","21":"product_tag-supkajak","22":"product_tag-supkajaks","23":"product_tag-supkayak","24":"product_tag-3276","25":"product_tag-3273","26":"product_tag-3275","27":"product_tag-3274","29":"first","30":"instock","31":"shipping-taxable","32":"purchasable","33":"product-type-simple"},"acf":[],"yoast_head":"<!-- This site is optimized with the Yoast SEO plugin v27.4 - https:\/\/yoast.com\/product\/yoast-seo-wordpress\/ -->\n<title>Spinera Molveno Kayak\/ Canoe 380 - 385 x 70 x 50 cm - 1 Person - WATERSKIS.LV<\/title>\n<meta name=\"description\" content=\"Spinera Molveno Kayak\/ Canoe 380 - 385 x 70 x 50 cm - 1 Person is a revolutionary inflatable kayak with Drop Stitch Technology and best tracking.\" \/>\n<meta name=\"robots\" content=\"index, follow, max-snippet:-1, max-image-preview:large, max-video-preview:-1\" \/>\n<link rel=\"canonical\" href=\"https:\/\/www.waterskis.lv\/en\/product\/spinera-molveno-kayak-canoe-380-385-x-70-x-50-cm-1-person\/\" \/>\n<meta property=\"og:locale\" content=\"en_US\" \/>\n<meta property=\"og:type\" content=\"article\" \/>\n<meta property=\"og:title\" content=\"Spinera Molveno Kayak\/ Canoe 380 - 385 x 70 x 50 cm - 1 Person - WATERSKIS.LV\" \/>\n<meta property=\"og:description\" content=\"Spinera Molveno Kayak\/ Canoe 380 - 385 x 70 x 50 cm - 1 Person is a revolutionary inflatable kayak with Drop Stitch Technology and best tracking.\" \/>\n<meta property=\"og:url\" content=\"https:\/\/www.waterskis.lv\/en\/product\/spinera-molveno-kayak-canoe-380-385-x-70-x-50-cm-1-person\/\" \/>\n<meta property=\"og:site_name\" content=\"WATERSKIS.LV\" \/>\n<meta property=\"article:publisher\" content=\"https:\/\/www.facebook.com\/jurmalawaterskiwakeboardpark\/\" \/>\n<meta property=\"article:modified_time\" content=\"2026-02-02T15:14:44+00:00\" \/>\n<meta property=\"og:image\" content=\"https:\/\/www.waterskis.lv\/wp-content\/uploads\/2025\/02\/molveno-set.webp\" \/>\n\t<meta property=\"og:image:width\" content=\"2000\" \/>\n\t<meta property=\"og:image:height\" content=\"2000\" \/>\n\t<meta property=\"og:image:type\" content=\"image\/webp\" \/>\n<meta name=\"twitter:card\" content=\"summary_large_image\" \/>\n<meta name=\"twitter:label1\" content=\"Est. reading time\" \/>\n\t<meta name=\"twitter:data1\" content=\"2 minutes\" \/>\n<script type=\"application\/ld+json\" class=\"yoast-schema-graph\">{\"@context\":\"https:\\\/\\\/schema.org\",\"@graph\":[{\"@type\":\"WebPage\",\"@id\":\"https:\\\/\\\/www.waterskis.lv\\\/en\\\/product\\\/spinera-molveno-kayak-canoe-380-385-x-70-x-50-cm-1-person\\\/\",\"url\":\"https:\\\/\\\/www.waterskis.lv\\\/en\\\/product\\\/spinera-molveno-kayak-canoe-380-385-x-70-x-50-cm-1-person\\\/\",\"name\":\"Spinera Molveno Kayak\\\/ Canoe 380 - 385 x 70 x 50 cm - 1 Person - WATERSKIS.LV\",\"isPartOf\":{\"@id\":\"https:\\\/\\\/www.waterskis.lv\\\/en\\\/#website\"},\"primaryImageOfPage\":{\"@id\":\"https:\\\/\\\/www.waterskis.lv\\\/en\\\/product\\\/spinera-molveno-kayak-canoe-380-385-x-70-x-50-cm-1-person\\\/#primaryimage\"},\"image\":{\"@id\":\"https:\\\/\\\/www.waterskis.lv\\\/en\\\/product\\\/spinera-molveno-kayak-canoe-380-385-x-70-x-50-cm-1-person\\\/#primaryimage\"},\"thumbnailUrl\":\"https:\\\/\\\/www.waterskis.lv\\\/wp-content\\\/uploads\\\/2025\\\/02\\\/molveno-set.webp\",\"datePublished\":\"2025-02-12T11:13:27+00:00\",\"dateModified\":\"2026-02-02T15:14:44+00:00\",\"description\":\"Spinera Molveno Kayak\\\/ Canoe 380 - 385 x 70 x 50 cm - 1 Person is a revolutionary inflatable kayak with Drop Stitch Technology and best tracking.\",\"breadcrumb\":{\"@id\":\"https:\\\/\\\/www.waterskis.lv\\\/en\\\/product\\\/spinera-molveno-kayak-canoe-380-385-x-70-x-50-cm-1-person\\\/#breadcrumb\"},\"inLanguage\":\"en-US\",\"potentialAction\":[{\"@type\":\"ReadAction\",\"target\":[\"https:\\\/\\\/www.waterskis.lv\\\/en\\\/product\\\/spinera-molveno-kayak-canoe-380-385-x-70-x-50-cm-1-person\\\/\"]}]},{\"@type\":\"ImageObject\",\"inLanguage\":\"en-US\",\"@id\":\"https:\\\/\\\/www.waterskis.lv\\\/en\\\/product\\\/spinera-molveno-kayak-canoe-380-385-x-70-x-50-cm-1-person\\\/#primaryimage\",\"url\":\"https:\\\/\\\/www.waterskis.lv\\\/wp-content\\\/uploads\\\/2025\\\/02\\\/molveno-set.webp\",\"contentUrl\":\"https:\\\/\\\/www.waterskis.lv\\\/wp-content\\\/uploads\\\/2025\\\/02\\\/molveno-set.webp\",\"width\":2000,\"height\":2000,\"caption\":\"Spinera Molveno piep\u016b\u0161ams kajaks\\\/ kanoe 380 - 385 x 70 x 50 cm - 1 vieta\"},{\"@type\":\"BreadcrumbList\",\"@id\":\"https:\\\/\\\/www.waterskis.lv\\\/en\\\/product\\\/spinera-molveno-kayak-canoe-380-385-x-70-x-50-cm-1-person\\\/#breadcrumb\",\"itemListElement\":[{\"@type\":\"ListItem\",\"position\":1,\"name\":\"Home\",\"item\":\"https:\\\/\\\/www.waterskis.lv\\\/en\\\/\"},{\"@type\":\"ListItem\",\"position\":2,\"name\":\"Shop\",\"item\":\"https:\\\/\\\/waterskis.lv\\\/en\\\/shop\\\/\"},{\"@type\":\"ListItem\",\"position\":3,\"name\":\"Spinera Molveno Kayak\\\/ Canoe 380 &#8211; 385 x 70 x 50 cm &#8211; 1 Person\"}]},{\"@type\":\"WebSite\",\"@id\":\"https:\\\/\\\/www.waterskis.lv\\\/en\\\/#website\",\"url\":\"https:\\\/\\\/www.waterskis.lv\\\/en\\\/\",\"name\":\"WATERSKIS.LV\",\"description\":\"SUP d\u0113\u013ci, kajaki, kanoe, airu laivas, \u016bdenssl\u0113po\u0161ana, veikbords, SUP d\u0113\u013cu noma, kajaku nomaakt\u012bv\u0101s atp\u016btas centrs, laivu noma, sup noma, kajaku noma\",\"publisher\":{\"@id\":\"https:\\\/\\\/www.waterskis.lv\\\/en\\\/#organization\"},\"potentialAction\":[{\"@type\":\"SearchAction\",\"target\":{\"@type\":\"EntryPoint\",\"urlTemplate\":\"https:\\\/\\\/www.waterskis.lv\\\/en\\\/?s={search_term_string}\"},\"query-input\":{\"@type\":\"PropertyValueSpecification\",\"valueRequired\":true,\"valueName\":\"search_term_string\"}}],\"inLanguage\":\"en-US\"},{\"@type\":\"Organization\",\"@id\":\"https:\\\/\\\/www.waterskis.lv\\\/en\\\/#organization\",\"name\":\"WATERSKIS.LV\",\"url\":\"https:\\\/\\\/www.waterskis.lv\\\/en\\\/\",\"logo\":{\"@type\":\"ImageObject\",\"inLanguage\":\"en-US\",\"@id\":\"https:\\\/\\\/www.waterskis.lv\\\/en\\\/#\\\/schema\\\/logo\\\/image\\\/\",\"url\":\"https:\\\/\\\/www.waterskis.lv\\\/wp-content\\\/uploads\\\/2025\\\/01\\\/JUVP-logo.png\",\"contentUrl\":\"https:\\\/\\\/www.waterskis.lv\\\/wp-content\\\/uploads\\\/2025\\\/01\\\/JUVP-logo.png\",\"width\":421,\"height\":202,\"caption\":\"WATERSKIS.LV\"},\"image\":{\"@id\":\"https:\\\/\\\/www.waterskis.lv\\\/en\\\/#\\\/schema\\\/logo\\\/image\\\/\"},\"sameAs\":[\"https:\\\/\\\/www.facebook.com\\\/jurmalawaterskiwakeboardpark\\\/\"]}]}<\/script>\n<!-- \/ Yoast SEO plugin. -->","yoast_head_json":{"title":"Spinera Molveno Kayak\/ Canoe 380 - 385 x 70 x 50 cm - 1 Person - WATERSKIS.LV","description":"Spinera Molveno Kayak\/ Canoe 380 - 385 x 70 x 50 cm - 1 Person is a revolutionary inflatable kayak with Drop Stitch Technology and best tracking.","robots":{"index":"index","follow":"follow","max-snippet":"max-snippet:-1","max-image-preview":"max-image-preview:large","max-video-preview":"max-video-preview:-1"},"canonical":"https:\/\/www.waterskis.lv\/en\/product\/spinera-molveno-kayak-canoe-380-385-x-70-x-50-cm-1-person\/","og_locale":"en_US","og_type":"article","og_title":"Spinera Molveno Kayak\/ Canoe 380 - 385 x 70 x 50 cm - 1 Person - WATERSKIS.LV","og_description":"Spinera Molveno Kayak\/ Canoe 380 - 385 x 70 x 50 cm - 1 Person is a revolutionary inflatable kayak with Drop Stitch Technology and best tracking.","og_url":"https:\/\/www.waterskis.lv\/en\/product\/spinera-molveno-kayak-canoe-380-385-x-70-x-50-cm-1-person\/","og_site_name":"WATERSKIS.LV","article_publisher":"https:\/\/www.facebook.com\/jurmalawaterskiwakeboardpark\/","article_modified_time":"2026-02-02T15:14:44+00:00","og_image":[{"width":2000,"height":2000,"url":"https:\/\/www.waterskis.lv\/wp-content\/uploads\/2025\/02\/molveno-set.webp","type":"image\/webp"}],"twitter_card":"summary_large_image","twitter_misc":{"Est. reading time":"2 minutes"},"schema":{"@context":"https:\/\/schema.org","@graph":[{"@type":"WebPage","@id":"https:\/\/www.waterskis.lv\/en\/product\/spinera-molveno-kayak-canoe-380-385-x-70-x-50-cm-1-person\/","url":"https:\/\/www.waterskis.lv\/en\/product\/spinera-molveno-kayak-canoe-380-385-x-70-x-50-cm-1-person\/","name":"Spinera Molveno Kayak\/ Canoe 380 - 385 x 70 x 50 cm - 1 Person - WATERSKIS.LV","isPartOf":{"@id":"https:\/\/www.waterskis.lv\/en\/#website"},"primaryImageOfPage":{"@id":"https:\/\/www.waterskis.lv\/en\/product\/spinera-molveno-kayak-canoe-380-385-x-70-x-50-cm-1-person\/#primaryimage"},"image":{"@id":"https:\/\/www.waterskis.lv\/en\/product\/spinera-molveno-kayak-canoe-380-385-x-70-x-50-cm-1-person\/#primaryimage"},"thumbnailUrl":"https:\/\/www.waterskis.lv\/wp-content\/uploads\/2025\/02\/molveno-set.webp","datePublished":"2025-02-12T11:13:27+00:00","dateModified":"2026-02-02T15:14:44+00:00","description":"Spinera Molveno Kayak\/ Canoe 380 - 385 x 70 x 50 cm - 1 Person is a revolutionary inflatable kayak with Drop Stitch Technology and best tracking.","breadcrumb":{"@id":"https:\/\/www.waterskis.lv\/en\/product\/spinera-molveno-kayak-canoe-380-385-x-70-x-50-cm-1-person\/#breadcrumb"},"inLanguage":"en-US","potentialAction":[{"@type":"ReadAction","target":["https:\/\/www.waterskis.lv\/en\/product\/spinera-molveno-kayak-canoe-380-385-x-70-x-50-cm-1-person\/"]}]},{"@type":"ImageObject","inLanguage":"en-US","@id":"https:\/\/www.waterskis.lv\/en\/product\/spinera-molveno-kayak-canoe-380-385-x-70-x-50-cm-1-person\/#primaryimage","url":"https:\/\/www.waterskis.lv\/wp-content\/uploads\/2025\/02\/molveno-set.webp","contentUrl":"https:\/\/www.waterskis.lv\/wp-content\/uploads\/2025\/02\/molveno-set.webp","width":2000,"height":2000,"caption":"Spinera Molveno piep\u016b\u0161ams kajaks\/ kanoe 380 - 385 x 70 x 50 cm - 1 vieta"},{"@type":"BreadcrumbList","@id":"https:\/\/www.waterskis.lv\/en\/product\/spinera-molveno-kayak-canoe-380-385-x-70-x-50-cm-1-person\/#breadcrumb","itemListElement":[{"@type":"ListItem","position":1,"name":"Home","item":"https:\/\/www.waterskis.lv\/en\/"},{"@type":"ListItem","position":2,"name":"Shop","item":"https:\/\/waterskis.lv\/en\/shop\/"},{"@type":"ListItem","position":3,"name":"Spinera Molveno Kayak\/ Canoe 380 &#8211; 385 x 70 x 50 cm &#8211; 1 Person"}]},{"@type":"WebSite","@id":"https:\/\/www.waterskis.lv\/en\/#website","url":"https:\/\/www.waterskis.lv\/en\/","name":"WATERSKIS.LV","description":"SUP d\u0113\u013ci, kajaki, kanoe, airu laivas, \u016bdenssl\u0113po\u0161ana, veikbords, SUP d\u0113\u013cu noma, kajaku nomaakt\u012bv\u0101s atp\u016btas centrs, laivu noma, sup noma, kajaku noma","publisher":{"@id":"https:\/\/www.waterskis.lv\/en\/#organization"},"potentialAction":[{"@type":"SearchAction","target":{"@type":"EntryPoint","urlTemplate":"https:\/\/www.waterskis.lv\/en\/?s={search_term_string}"},"query-input":{"@type":"PropertyValueSpecification","valueRequired":true,"valueName":"search_term_string"}}],"inLanguage":"en-US"},{"@type":"Organization","@id":"https:\/\/www.waterskis.lv\/en\/#organization","name":"WATERSKIS.LV","url":"https:\/\/www.waterskis.lv\/en\/","logo":{"@type":"ImageObject","inLanguage":"en-US","@id":"https:\/\/www.waterskis.lv\/en\/#\/schema\/logo\/image\/","url":"https:\/\/www.waterskis.lv\/wp-content\/uploads\/2025\/01\/JUVP-logo.png","contentUrl":"https:\/\/www.waterskis.lv\/wp-content\/uploads\/2025\/01\/JUVP-logo.png","width":421,"height":202,"caption":"WATERSKIS.LV"},"image":{"@id":"https:\/\/www.waterskis.lv\/en\/#\/schema\/logo\/image\/"},"sameAs":["https:\/\/www.facebook.com\/jurmalawaterskiwakeboardpark\/"]}]}},"_links":{"self":[{"href":"https:\/\/www.waterskis.lv\/en\/wp-json\/wp\/v2\/product\/62279","targetHints":{"allow":["GET"]}}],"collection":[{"href":"https:\/\/www.waterskis.lv\/en\/wp-json\/wp\/v2\/product"}],"about":[{"href":"https:\/\/www.waterskis.lv\/en\/wp-json\/wp\/v2\/types\/product"}],"replies":[{"embeddable":true,"href":"https:\/\/www.waterskis.lv\/en\/wp-json\/wp\/v2\/comments?post=62279"}],"wp:featuredmedia":[{"embeddable":true,"href":"https:\/\/www.waterskis.lv\/en\/wp-json\/wp\/v2\/media\/62277"}],"wp:attachment":[{"href":"https:\/\/www.waterskis.lv\/en\/wp-json\/wp\/v2\/media?parent=62279"}],"wp:term":[{"taxonomy":"product_brand","embeddable":true,"href":"https:\/\/www.waterskis.lv\/en\/wp-json\/wp\/v2\/product_brand?post=62279"},{"taxonomy":"product_cat","embeddable":true,"href":"https:\/\/www.waterskis.lv\/en\/wp-json\/wp\/v2\/product_cat?post=62279"},{"taxonomy":"product_tag","embeddable":true,"href":"https:\/\/www.waterskis.lv\/en\/wp-json\/wp\/v2\/product_tag?post=62279"}],"curies":[{"name":"wp","href":"https:\/\/api.w.org\/{rel}","templated":true}]}}