{"id":62362,"date":"2025-02-12T14:38:08","date_gmt":"2025-02-12T12:38:08","guid":{"rendered":"https:\/\/www.waterskis.lv\/product\/piepusams-kajaks-spinera-adriatic-430-light-426-5x92-5x20-cm\/"},"modified":"2025-12-20T12:55:39","modified_gmt":"2025-12-20T10:55:39","slug":"spinera-kayak-adriatic-430-light-426-5x92-5x20cm","status":"publish","type":"product","link":"https:\/\/www.waterskis.lv\/en\/product\/spinera-kayak-adriatic-430-light-426-5x92-5x20cm\/","title":{"rendered":"Spinera Kayak Adriatic 430 Light 426.5&#215;92.5x20cm"},"content":{"rendered":"<h1>Spinera Kayak Adriatic 430 Light 426.5&#215;92.5x20cm<\/h1>\n<p>Spinera Kayak Adriatic 430 Light 426.5&#215;92.5x20cm<\/p>\n<p>Art. No.\u00a022221<\/p>\n<p>The Spinera Kayak Adriatic 430 Light is a high-quality inflatable kayak for leisure adventures on the water. With dimensions of 426.5&#215;92.5x20cm, it offers ample space for up to 220 kg of maximum load. The kayak comes in an attractive teal\/gray\/white design and is characterized by its ultra-lightweight design.<\/p>\n<p>&nbsp;<\/p>\n<p>Thanks to the double-chamber system, the kayak is particularly safe and stable. The use of 20cm DL ULT (Double Layer Ultra Light Technology) Dropstitch technology ensures a robust construction, while the +8cm HDDS (High Density Dropstitch) bottom provides additional stability.<\/p>\n<p>&nbsp;<\/p>\n<p>With a net weight of only 14.1 kg and a pack size of 60x30x72cm, the Spinera Kayak Adriatic 430 Light is easy to transport and store. Included in the delivery are a carrying backpack, 2 fins, 2 kayak seats, and 2 paddle holders.<\/p>\n<p>&nbsp;<\/p>\n<p>The kayak features generous storage space with a volume of 500 liters. The rocker height is 23cm at the front and 13cm at the back, providing good maneuverability and stability. Whether for relaxed paddling trips or exciting adventures, the Spinera Kayak Adriatic 430 Light is the ideal choice for water sports enthusiasts.<\/p>\n<p>&nbsp;<\/p>\n<p><b>Specifications:<\/b><\/p>\n<ul>\n<li>Measurements: 426.5&#215;92.5x20cm<\/li>\n<li>Teal\/Grey\/White<\/li>\n<li>Ultra Light Design<\/li>\n<li>Double Chamber:<\/li>\n<li>20cm DL ULT\u00a0\u00a0(Double Layer\u00a0\u00a0Ultra light Technology) Dropstitch<\/li>\n<li>+8cm HDDS (High Density Dropstich) Floor<\/li>\n<li>Double Layer Top and Bottom, Double Layer Sidewall<\/li>\n<li>Backpack, 2 Fins, 2 Premium Foam Pad Kayak Seats<\/li>\n<li>2 Paddle holders<\/li>\n<li>Color Box: Sales Booster<\/li>\n<li>Net weight: 14,1kg<\/li>\n<li>Volume: 500l<\/li>\n<li>Front Rocker: 23cm<\/li>\n<li>Back Rocker: 13cm<\/li>\n<li>Pack size: 60x30x72cm<\/li>\n<\/ul>\n<p>&nbsp;<\/p>\n<p><b>Scope of delivery:<\/b><\/p>\n<ul>\n<li>Incl. Backpack, 2 Fins, 2 Premium Foam Pad Kayak Seats<\/li>\n<\/ul>\n<p>&nbsp;<\/p>\n<p>INFORMATION: We strongly recommend wearing a floating device\/buoyancy aid when using the kayak. Floating devices\/buoyancy aids give lift after a fall into the water and maintain the ability to swim and move. A floating device\/buoyancy aid is not included in scope of delivery.<\/p>\n","protected":false},"excerpt":{"rendered":"<p>https:\/\/www.youtube.com\/watch?v=HUB2F7ZWGJE [&#8230;]<\/p>\n<p><a class=\"btn btn-secondary understrap-read-more-link\" href=\"https:\/\/www.waterskis.lv\/en\/product\/spinera-kayak-adriatic-430-light-426-5x92-5x20cm\/\">Read More&#8230;<\/a><\/p>\n","protected":false},"featured_media":62339,"comment_status":"closed","ping_status":"closed","template":"","meta":{"_acf_changed":false,"inline_featured_image":false},"product_brand":[],"product_cat":[687,686,507,1217],"product_tag":[3265,3268,3264,3278,3267,3277,3279,3189,3266,3280,3176,3276,3273,3275,3274],"class_list":{"0":"post-62362","1":"product","2":"type-product","3":"status-publish","4":"has-post-thumbnail","6":"product_cat-all-inflatable-kayaks","7":"product_cat-inflatable-kayaks","8":"product_cat-kayaks","9":"product_cat-spinera-inflatable-kayaks","10":"product_tag-aufblasbares-kajak","11":"product_tag-inflatable-kayak","12":"product_tag-kajak","13":"product_tag-kajaks","14":"product_tag-kayak","15":"product_tag-piepusams-kajaks","16":"product_tag-smailite","17":"product_tag-spinera","18":"product_tag-supkajak","19":"product_tag-supkajaks","20":"product_tag-supkayak","21":"product_tag-3276","22":"product_tag-3273","23":"product_tag-3275","24":"product_tag-3274","26":"first","27":"instock","28":"shipping-taxable","29":"purchasable","30":"product-type-simple"},"acf":[],"yoast_head":"<!-- This site is optimized with the Yoast SEO plugin v27.3 - https:\/\/yoast.com\/product\/yoast-seo-wordpress\/ -->\n<title>Spinera Kayak Adriatic 430 Light 426.5x92.5x20cm - WATERSKIS.LV<\/title>\n<meta name=\"description\" content=\"Spinera Kayak Adriatic 430 Light 426.5x92.5x20cm is a high-quality inflatable kayak for leisure adventures on the water. Double Layer Ultra Light Technology\" \/>\n<meta name=\"robots\" content=\"index, follow, max-snippet:-1, max-image-preview:large, max-video-preview:-1\" \/>\n<link rel=\"canonical\" href=\"https:\/\/www.waterskis.lv\/en\/product\/spinera-kayak-adriatic-430-light-426-5x92-5x20cm\/\" \/>\n<meta property=\"og:locale\" content=\"en_US\" \/>\n<meta property=\"og:type\" content=\"article\" \/>\n<meta property=\"og:title\" content=\"Spinera Kayak Adriatic 430 Light 426.5x92.5x20cm - WATERSKIS.LV\" \/>\n<meta property=\"og:description\" content=\"Spinera Kayak Adriatic 430 Light 426.5x92.5x20cm is a high-quality inflatable kayak for leisure adventures on the water. Double Layer Ultra Light Technology\" \/>\n<meta property=\"og:url\" content=\"https:\/\/www.waterskis.lv\/en\/product\/spinera-kayak-adriatic-430-light-426-5x92-5x20cm\/\" \/>\n<meta property=\"og:site_name\" content=\"WATERSKIS.LV\" \/>\n<meta property=\"article:publisher\" content=\"https:\/\/www.facebook.com\/jurmalawaterskiwakeboardpark\/\" \/>\n<meta property=\"article:modified_time\" content=\"2025-12-20T10:55:39+00:00\" \/>\n<meta property=\"og:image\" content=\"https:\/\/www.waterskis.lv\/wp-content\/uploads\/2025\/02\/adriatic_430_light_-_426_5x92_5x20cm_-_b_22221_1.webp\" \/>\n\t<meta property=\"og:image:width\" content=\"1600\" \/>\n\t<meta property=\"og:image:height\" content=\"1600\" \/>\n\t<meta property=\"og:image:type\" content=\"image\/webp\" \/>\n<meta name=\"twitter:card\" content=\"summary_large_image\" \/>\n<meta name=\"twitter:label1\" content=\"Est. reading time\" \/>\n\t<meta name=\"twitter:data1\" content=\"2 minutes\" \/>\n<script type=\"application\/ld+json\" class=\"yoast-schema-graph\">{\"@context\":\"https:\\\/\\\/schema.org\",\"@graph\":[{\"@type\":\"WebPage\",\"@id\":\"https:\\\/\\\/www.waterskis.lv\\\/en\\\/product\\\/spinera-kayak-adriatic-430-light-426-5x92-5x20cm\\\/\",\"url\":\"https:\\\/\\\/www.waterskis.lv\\\/en\\\/product\\\/spinera-kayak-adriatic-430-light-426-5x92-5x20cm\\\/\",\"name\":\"Spinera Kayak Adriatic 430 Light 426.5x92.5x20cm - WATERSKIS.LV\",\"isPartOf\":{\"@id\":\"https:\\\/\\\/www.waterskis.lv\\\/en\\\/#website\"},\"primaryImageOfPage\":{\"@id\":\"https:\\\/\\\/www.waterskis.lv\\\/en\\\/product\\\/spinera-kayak-adriatic-430-light-426-5x92-5x20cm\\\/#primaryimage\"},\"image\":{\"@id\":\"https:\\\/\\\/www.waterskis.lv\\\/en\\\/product\\\/spinera-kayak-adriatic-430-light-426-5x92-5x20cm\\\/#primaryimage\"},\"thumbnailUrl\":\"https:\\\/\\\/www.waterskis.lv\\\/wp-content\\\/uploads\\\/2025\\\/02\\\/adriatic_430_light_-_426_5x92_5x20cm_-_b_22221_1.webp\",\"datePublished\":\"2025-02-12T12:38:08+00:00\",\"dateModified\":\"2025-12-20T10:55:39+00:00\",\"description\":\"Spinera Kayak Adriatic 430 Light 426.5x92.5x20cm is a high-quality inflatable kayak for leisure adventures on the water. Double Layer Ultra Light Technology\",\"breadcrumb\":{\"@id\":\"https:\\\/\\\/www.waterskis.lv\\\/en\\\/product\\\/spinera-kayak-adriatic-430-light-426-5x92-5x20cm\\\/#breadcrumb\"},\"inLanguage\":\"en-US\",\"potentialAction\":[{\"@type\":\"ReadAction\",\"target\":[\"https:\\\/\\\/www.waterskis.lv\\\/en\\\/product\\\/spinera-kayak-adriatic-430-light-426-5x92-5x20cm\\\/\"]}]},{\"@type\":\"ImageObject\",\"inLanguage\":\"en-US\",\"@id\":\"https:\\\/\\\/www.waterskis.lv\\\/en\\\/product\\\/spinera-kayak-adriatic-430-light-426-5x92-5x20cm\\\/#primaryimage\",\"url\":\"https:\\\/\\\/www.waterskis.lv\\\/wp-content\\\/uploads\\\/2025\\\/02\\\/adriatic_430_light_-_426_5x92_5x20cm_-_b_22221_1.webp\",\"contentUrl\":\"https:\\\/\\\/www.waterskis.lv\\\/wp-content\\\/uploads\\\/2025\\\/02\\\/adriatic_430_light_-_426_5x92_5x20cm_-_b_22221_1.webp\",\"width\":1600,\"height\":1600,\"caption\":\"Piep\u016b\u0161ams kajaks Spinera Adriatic 430 Light 426.5x92.5x20 cm\"},{\"@type\":\"BreadcrumbList\",\"@id\":\"https:\\\/\\\/www.waterskis.lv\\\/en\\\/product\\\/spinera-kayak-adriatic-430-light-426-5x92-5x20cm\\\/#breadcrumb\",\"itemListElement\":[{\"@type\":\"ListItem\",\"position\":1,\"name\":\"Home\",\"item\":\"https:\\\/\\\/www.waterskis.lv\\\/en\\\/\"},{\"@type\":\"ListItem\",\"position\":2,\"name\":\"Shop\",\"item\":\"https:\\\/\\\/waterskis.lv\\\/en\\\/shop\\\/\"},{\"@type\":\"ListItem\",\"position\":3,\"name\":\"Spinera Kayak Adriatic 430 Light 426.5&#215;92.5x20cm\"}]},{\"@type\":\"WebSite\",\"@id\":\"https:\\\/\\\/www.waterskis.lv\\\/en\\\/#website\",\"url\":\"https:\\\/\\\/www.waterskis.lv\\\/en\\\/\",\"name\":\"WATERSKIS.LV\",\"description\":\"SUP d\u0113\u013ci, kajaki, kanoe, airu laivas, \u016bdenssl\u0113po\u0161ana, veikbords, SUP d\u0113\u013cu noma, kajaku nomaakt\u012bv\u0101s atp\u016btas centrs, laivu noma, sup noma, kajaku noma\",\"publisher\":{\"@id\":\"https:\\\/\\\/www.waterskis.lv\\\/en\\\/#organization\"},\"potentialAction\":[{\"@type\":\"SearchAction\",\"target\":{\"@type\":\"EntryPoint\",\"urlTemplate\":\"https:\\\/\\\/www.waterskis.lv\\\/en\\\/?s={search_term_string}\"},\"query-input\":{\"@type\":\"PropertyValueSpecification\",\"valueRequired\":true,\"valueName\":\"search_term_string\"}}],\"inLanguage\":\"en-US\"},{\"@type\":\"Organization\",\"@id\":\"https:\\\/\\\/www.waterskis.lv\\\/en\\\/#organization\",\"name\":\"WATERSKIS.LV\",\"url\":\"https:\\\/\\\/www.waterskis.lv\\\/en\\\/\",\"logo\":{\"@type\":\"ImageObject\",\"inLanguage\":\"en-US\",\"@id\":\"https:\\\/\\\/www.waterskis.lv\\\/en\\\/#\\\/schema\\\/logo\\\/image\\\/\",\"url\":\"https:\\\/\\\/www.waterskis.lv\\\/wp-content\\\/uploads\\\/2025\\\/01\\\/JUVP-logo.png\",\"contentUrl\":\"https:\\\/\\\/www.waterskis.lv\\\/wp-content\\\/uploads\\\/2025\\\/01\\\/JUVP-logo.png\",\"width\":421,\"height\":202,\"caption\":\"WATERSKIS.LV\"},\"image\":{\"@id\":\"https:\\\/\\\/www.waterskis.lv\\\/en\\\/#\\\/schema\\\/logo\\\/image\\\/\"},\"sameAs\":[\"https:\\\/\\\/www.facebook.com\\\/jurmalawaterskiwakeboardpark\\\/\"]}]}<\/script>\n<!-- \/ Yoast SEO plugin. -->","yoast_head_json":{"title":"Spinera Kayak Adriatic 430 Light 426.5x92.5x20cm - WATERSKIS.LV","description":"Spinera Kayak Adriatic 430 Light 426.5x92.5x20cm is a high-quality inflatable kayak for leisure adventures on the water. Double Layer Ultra Light Technology","robots":{"index":"index","follow":"follow","max-snippet":"max-snippet:-1","max-image-preview":"max-image-preview:large","max-video-preview":"max-video-preview:-1"},"canonical":"https:\/\/www.waterskis.lv\/en\/product\/spinera-kayak-adriatic-430-light-426-5x92-5x20cm\/","og_locale":"en_US","og_type":"article","og_title":"Spinera Kayak Adriatic 430 Light 426.5x92.5x20cm - WATERSKIS.LV","og_description":"Spinera Kayak Adriatic 430 Light 426.5x92.5x20cm is a high-quality inflatable kayak for leisure adventures on the water. Double Layer Ultra Light Technology","og_url":"https:\/\/www.waterskis.lv\/en\/product\/spinera-kayak-adriatic-430-light-426-5x92-5x20cm\/","og_site_name":"WATERSKIS.LV","article_publisher":"https:\/\/www.facebook.com\/jurmalawaterskiwakeboardpark\/","article_modified_time":"2025-12-20T10:55:39+00:00","og_image":[{"width":1600,"height":1600,"url":"https:\/\/www.waterskis.lv\/wp-content\/uploads\/2025\/02\/adriatic_430_light_-_426_5x92_5x20cm_-_b_22221_1.webp","type":"image\/webp"}],"twitter_card":"summary_large_image","twitter_misc":{"Est. reading time":"2 minutes"},"schema":{"@context":"https:\/\/schema.org","@graph":[{"@type":"WebPage","@id":"https:\/\/www.waterskis.lv\/en\/product\/spinera-kayak-adriatic-430-light-426-5x92-5x20cm\/","url":"https:\/\/www.waterskis.lv\/en\/product\/spinera-kayak-adriatic-430-light-426-5x92-5x20cm\/","name":"Spinera Kayak Adriatic 430 Light 426.5x92.5x20cm - WATERSKIS.LV","isPartOf":{"@id":"https:\/\/www.waterskis.lv\/en\/#website"},"primaryImageOfPage":{"@id":"https:\/\/www.waterskis.lv\/en\/product\/spinera-kayak-adriatic-430-light-426-5x92-5x20cm\/#primaryimage"},"image":{"@id":"https:\/\/www.waterskis.lv\/en\/product\/spinera-kayak-adriatic-430-light-426-5x92-5x20cm\/#primaryimage"},"thumbnailUrl":"https:\/\/www.waterskis.lv\/wp-content\/uploads\/2025\/02\/adriatic_430_light_-_426_5x92_5x20cm_-_b_22221_1.webp","datePublished":"2025-02-12T12:38:08+00:00","dateModified":"2025-12-20T10:55:39+00:00","description":"Spinera Kayak Adriatic 430 Light 426.5x92.5x20cm is a high-quality inflatable kayak for leisure adventures on the water. Double Layer Ultra Light Technology","breadcrumb":{"@id":"https:\/\/www.waterskis.lv\/en\/product\/spinera-kayak-adriatic-430-light-426-5x92-5x20cm\/#breadcrumb"},"inLanguage":"en-US","potentialAction":[{"@type":"ReadAction","target":["https:\/\/www.waterskis.lv\/en\/product\/spinera-kayak-adriatic-430-light-426-5x92-5x20cm\/"]}]},{"@type":"ImageObject","inLanguage":"en-US","@id":"https:\/\/www.waterskis.lv\/en\/product\/spinera-kayak-adriatic-430-light-426-5x92-5x20cm\/#primaryimage","url":"https:\/\/www.waterskis.lv\/wp-content\/uploads\/2025\/02\/adriatic_430_light_-_426_5x92_5x20cm_-_b_22221_1.webp","contentUrl":"https:\/\/www.waterskis.lv\/wp-content\/uploads\/2025\/02\/adriatic_430_light_-_426_5x92_5x20cm_-_b_22221_1.webp","width":1600,"height":1600,"caption":"Piep\u016b\u0161ams kajaks Spinera Adriatic 430 Light 426.5x92.5x20 cm"},{"@type":"BreadcrumbList","@id":"https:\/\/www.waterskis.lv\/en\/product\/spinera-kayak-adriatic-430-light-426-5x92-5x20cm\/#breadcrumb","itemListElement":[{"@type":"ListItem","position":1,"name":"Home","item":"https:\/\/www.waterskis.lv\/en\/"},{"@type":"ListItem","position":2,"name":"Shop","item":"https:\/\/waterskis.lv\/en\/shop\/"},{"@type":"ListItem","position":3,"name":"Spinera Kayak Adriatic 430 Light 426.5&#215;92.5x20cm"}]},{"@type":"WebSite","@id":"https:\/\/www.waterskis.lv\/en\/#website","url":"https:\/\/www.waterskis.lv\/en\/","name":"WATERSKIS.LV","description":"SUP d\u0113\u013ci, kajaki, kanoe, airu laivas, \u016bdenssl\u0113po\u0161ana, veikbords, SUP d\u0113\u013cu noma, kajaku nomaakt\u012bv\u0101s atp\u016btas centrs, laivu noma, sup noma, kajaku noma","publisher":{"@id":"https:\/\/www.waterskis.lv\/en\/#organization"},"potentialAction":[{"@type":"SearchAction","target":{"@type":"EntryPoint","urlTemplate":"https:\/\/www.waterskis.lv\/en\/?s={search_term_string}"},"query-input":{"@type":"PropertyValueSpecification","valueRequired":true,"valueName":"search_term_string"}}],"inLanguage":"en-US"},{"@type":"Organization","@id":"https:\/\/www.waterskis.lv\/en\/#organization","name":"WATERSKIS.LV","url":"https:\/\/www.waterskis.lv\/en\/","logo":{"@type":"ImageObject","inLanguage":"en-US","@id":"https:\/\/www.waterskis.lv\/en\/#\/schema\/logo\/image\/","url":"https:\/\/www.waterskis.lv\/wp-content\/uploads\/2025\/01\/JUVP-logo.png","contentUrl":"https:\/\/www.waterskis.lv\/wp-content\/uploads\/2025\/01\/JUVP-logo.png","width":421,"height":202,"caption":"WATERSKIS.LV"},"image":{"@id":"https:\/\/www.waterskis.lv\/en\/#\/schema\/logo\/image\/"},"sameAs":["https:\/\/www.facebook.com\/jurmalawaterskiwakeboardpark\/"]}]}},"_links":{"self":[{"href":"https:\/\/www.waterskis.lv\/en\/wp-json\/wp\/v2\/product\/62362","targetHints":{"allow":["GET"]}}],"collection":[{"href":"https:\/\/www.waterskis.lv\/en\/wp-json\/wp\/v2\/product"}],"about":[{"href":"https:\/\/www.waterskis.lv\/en\/wp-json\/wp\/v2\/types\/product"}],"replies":[{"embeddable":true,"href":"https:\/\/www.waterskis.lv\/en\/wp-json\/wp\/v2\/comments?post=62362"}],"wp:featuredmedia":[{"embeddable":true,"href":"https:\/\/www.waterskis.lv\/en\/wp-json\/wp\/v2\/media\/62339"}],"wp:attachment":[{"href":"https:\/\/www.waterskis.lv\/en\/wp-json\/wp\/v2\/media?parent=62362"}],"wp:term":[{"taxonomy":"product_brand","embeddable":true,"href":"https:\/\/www.waterskis.lv\/en\/wp-json\/wp\/v2\/product_brand?post=62362"},{"taxonomy":"product_cat","embeddable":true,"href":"https:\/\/www.waterskis.lv\/en\/wp-json\/wp\/v2\/product_cat?post=62362"},{"taxonomy":"product_tag","embeddable":true,"href":"https:\/\/www.waterskis.lv\/en\/wp-json\/wp\/v2\/product_tag?post=62362"}],"curies":[{"name":"wp","href":"https:\/\/api.w.org\/{rel}","templated":true}]}}