{"id":62398,"date":"2025-02-12T15:45:23","date_gmt":"2025-02-12T13:45:23","guid":{"rendered":"https:\/\/www.waterskis.lv\/product\/piepusams-kajaks-spinera-kenai-130-2-vietas-2-ramja-sedekli-396x87cm\/"},"modified":"2026-02-02T17:13:50","modified_gmt":"2026-02-02T15:13:50","slug":"spinera-kenai-130-kayak-2-person-incl-2-frame-seats-396x87cm","status":"publish","type":"product","link":"https:\/\/www.waterskis.lv\/en\/product\/spinera-kenai-130-kayak-2-person-incl-2-frame-seats-396x87cm\/","title":{"rendered":"Spinera Kenai 130 Kayak-2 Person incl. 2 Frame Seats &#8211; 396x87cm"},"content":{"rendered":"<h1>Spinera Kenai 130 Kayak-2 Person incl. 2 Frame Seats &#8211; 396x87cm<\/h1>\n<p>Spinera Kenai 130 Kayak-2 Person incl. 2 Frame Seats &#8211; 396x87cm<\/p>\n<p>Art. No.\u00a025107<\/p>\n<p>The premium touring kayak impresses with its robust design and offers space for up to two adults.<\/p>\n<p>With reinforced side tubes measuring 28 cm in diameter for added stability, and an 8 cm thick HDDS technology floor, it ensures excellent durability and comfort on the water.<\/p>\n<p>&nbsp;<\/p>\n<p><b>Included in the package:<\/b><\/p>\n<p>&nbsp;<\/p>\n<ul>\n<li>2 seats providing optimal comfort<\/li>\n<li>1 Click-In premium kayak fin for improved tracking<\/li>\n<li>1 performance kayak backbag for easy transport<\/li>\n<li>1 adjustable footrest for perfect adaptation to the paddlers&#8217; needs<\/li>\n<li>1 Dry Glass Cube for safe storage of valuables<\/li>\n<li>1 cup holder<\/li>\n<\/ul>\n<p>&nbsp;<\/p>\n<p><b>General features:<\/b><\/p>\n<ul>\n<li>Size: 396x87cm<\/li>\n<li>Max. payload: 290kg<\/li>\n<li>Premium Touring Shape<\/li>\n<li>Reinforced Side Tubes (28cm \u00d8)<\/li>\n<li>8cm High Density Dropstitch Technology (HDDS) Floor<\/li>\n<li>Designed for 2 Adults<\/li>\n<li>Pack size: 96x56x39cm<\/li>\n<\/ul>\n<p>&nbsp;<\/p>\n<p>The set is completed with 8 screws and a valve adapter, so you are ready to go right away.<\/p>\n<p>&nbsp;<\/p>\n<p>This kayak offers everything you need for an unforgettable kayaking experience!<\/p>\n<p>&nbsp;<\/p>\n<p>INFORMATION: We strongly recommend wearing a floating device\/buoyancy aid when using the kayak.<br \/>\nFloating devices\/buoyancy aids give lift after a fall into the water and maintain the ability to swim and move. A floating device\/buoyancy aid is not included in scope of delivery.<\/p>\n","protected":false},"excerpt":{"rendered":"<p>https:\/\/www.youtube.com\/watch?v=HUB2F7ZWGJE [&#8230;]<\/p>\n<p><a class=\"btn btn-secondary understrap-read-more-link\" href=\"https:\/\/www.waterskis.lv\/en\/product\/spinera-kenai-130-kayak-2-person-incl-2-frame-seats-396x87cm\/\">Read More&#8230;<\/a><\/p>\n","protected":false},"featured_media":62372,"comment_status":"closed","ping_status":"closed","template":"","meta":{"_acf_changed":false,"inline_featured_image":false},"product_brand":[1279],"product_cat":[687,686,507,1217],"product_tag":[3265,3268,3264,3278,3267,3277,3279,3189,3266,3280,3176,3276,3273,3275,3274],"class_list":{"0":"post-62398","1":"product","2":"type-product","3":"status-publish","4":"has-post-thumbnail","6":"product_brand-spinera-watersports","7":"product_cat-all-inflatable-kayaks","8":"product_cat-inflatable-kayaks","9":"product_cat-kayaks","10":"product_cat-spinera-inflatable-kayaks","11":"product_tag-aufblasbares-kajak","12":"product_tag-inflatable-kayak","13":"product_tag-kajak","14":"product_tag-kajaks","15":"product_tag-kayak","16":"product_tag-piepusams-kajaks","17":"product_tag-smailite","18":"product_tag-spinera","19":"product_tag-supkajak","20":"product_tag-supkajaks","21":"product_tag-supkayak","22":"product_tag-3276","23":"product_tag-3273","24":"product_tag-3275","25":"product_tag-3274","27":"first","28":"instock","29":"shipping-taxable","30":"purchasable","31":"product-type-simple"},"acf":[],"yoast_head":"<!-- This site is optimized with the Yoast SEO plugin v27.3 - https:\/\/yoast.com\/product\/yoast-seo-wordpress\/ -->\n<title>Spinera Kenai 130 Kayak-2 Person incl. 2 Frame Seats - 396x87cm - WATERSKIS.LV<\/title>\n<meta name=\"description\" content=\"Spinera Kenai 130 Kayak-2 Person incl. 2 Frame Seats - 396x87cm. The premium touring kayak impresses with its robust design and offers space for two adults\" \/>\n<meta name=\"robots\" content=\"index, follow, max-snippet:-1, max-image-preview:large, max-video-preview:-1\" \/>\n<link rel=\"canonical\" href=\"https:\/\/www.waterskis.lv\/en\/product\/spinera-kenai-130-kayak-2-person-incl-2-frame-seats-396x87cm\/\" \/>\n<meta property=\"og:locale\" content=\"en_US\" \/>\n<meta property=\"og:type\" content=\"article\" \/>\n<meta property=\"og:title\" content=\"Spinera Kenai 130 Kayak-2 Person incl. 2 Frame Seats - 396x87cm - WATERSKIS.LV\" \/>\n<meta property=\"og:description\" content=\"Spinera Kenai 130 Kayak-2 Person incl. 2 Frame Seats - 396x87cm. The premium touring kayak impresses with its robust design and offers space for two adults\" \/>\n<meta property=\"og:url\" content=\"https:\/\/www.waterskis.lv\/en\/product\/spinera-kenai-130-kayak-2-person-incl-2-frame-seats-396x87cm\/\" \/>\n<meta property=\"og:site_name\" content=\"WATERSKIS.LV\" \/>\n<meta property=\"article:publisher\" content=\"https:\/\/www.facebook.com\/jurmalawaterskiwakeboardpark\/\" \/>\n<meta property=\"article:modified_time\" content=\"2026-02-02T15:13:50+00:00\" \/>\n<meta property=\"og:image\" content=\"https:\/\/www.waterskis.lv\/wp-content\/uploads\/2025\/02\/w25107-01-spinera-kenai-130-set.webp\" \/>\n\t<meta property=\"og:image:width\" content=\"2000\" \/>\n\t<meta property=\"og:image:height\" content=\"2000\" \/>\n\t<meta property=\"og:image:type\" content=\"image\/webp\" \/>\n<meta name=\"twitter:card\" content=\"summary_large_image\" \/>\n<meta name=\"twitter:label1\" content=\"Est. reading time\" \/>\n\t<meta name=\"twitter:data1\" content=\"2 minutes\" \/>\n<script type=\"application\/ld+json\" class=\"yoast-schema-graph\">{\"@context\":\"https:\\\/\\\/schema.org\",\"@graph\":[{\"@type\":\"WebPage\",\"@id\":\"https:\\\/\\\/www.waterskis.lv\\\/en\\\/product\\\/spinera-kenai-130-kayak-2-person-incl-2-frame-seats-396x87cm\\\/\",\"url\":\"https:\\\/\\\/www.waterskis.lv\\\/en\\\/product\\\/spinera-kenai-130-kayak-2-person-incl-2-frame-seats-396x87cm\\\/\",\"name\":\"Spinera Kenai 130 Kayak-2 Person incl. 2 Frame Seats - 396x87cm - WATERSKIS.LV\",\"isPartOf\":{\"@id\":\"https:\\\/\\\/www.waterskis.lv\\\/en\\\/#website\"},\"primaryImageOfPage\":{\"@id\":\"https:\\\/\\\/www.waterskis.lv\\\/en\\\/product\\\/spinera-kenai-130-kayak-2-person-incl-2-frame-seats-396x87cm\\\/#primaryimage\"},\"image\":{\"@id\":\"https:\\\/\\\/www.waterskis.lv\\\/en\\\/product\\\/spinera-kenai-130-kayak-2-person-incl-2-frame-seats-396x87cm\\\/#primaryimage\"},\"thumbnailUrl\":\"https:\\\/\\\/www.waterskis.lv\\\/wp-content\\\/uploads\\\/2025\\\/02\\\/w25107-01-spinera-kenai-130-set.webp\",\"datePublished\":\"2025-02-12T13:45:23+00:00\",\"dateModified\":\"2026-02-02T15:13:50+00:00\",\"description\":\"Spinera Kenai 130 Kayak-2 Person incl. 2 Frame Seats - 396x87cm. The premium touring kayak impresses with its robust design and offers space for two adults\",\"breadcrumb\":{\"@id\":\"https:\\\/\\\/www.waterskis.lv\\\/en\\\/product\\\/spinera-kenai-130-kayak-2-person-incl-2-frame-seats-396x87cm\\\/#breadcrumb\"},\"inLanguage\":\"en-US\",\"potentialAction\":[{\"@type\":\"ReadAction\",\"target\":[\"https:\\\/\\\/www.waterskis.lv\\\/en\\\/product\\\/spinera-kenai-130-kayak-2-person-incl-2-frame-seats-396x87cm\\\/\"]}]},{\"@type\":\"ImageObject\",\"inLanguage\":\"en-US\",\"@id\":\"https:\\\/\\\/www.waterskis.lv\\\/en\\\/product\\\/spinera-kenai-130-kayak-2-person-incl-2-frame-seats-396x87cm\\\/#primaryimage\",\"url\":\"https:\\\/\\\/www.waterskis.lv\\\/wp-content\\\/uploads\\\/2025\\\/02\\\/w25107-01-spinera-kenai-130-set.webp\",\"contentUrl\":\"https:\\\/\\\/www.waterskis.lv\\\/wp-content\\\/uploads\\\/2025\\\/02\\\/w25107-01-spinera-kenai-130-set.webp\",\"width\":2000,\"height\":2000,\"caption\":\"Piep\u016b\u0161ams kajaks Spinera Kenai 130 - 2 vietas - 2 r\u0101mja s\u0113dek\u013ci - 396x87cm\"},{\"@type\":\"BreadcrumbList\",\"@id\":\"https:\\\/\\\/www.waterskis.lv\\\/en\\\/product\\\/spinera-kenai-130-kayak-2-person-incl-2-frame-seats-396x87cm\\\/#breadcrumb\",\"itemListElement\":[{\"@type\":\"ListItem\",\"position\":1,\"name\":\"Home\",\"item\":\"https:\\\/\\\/www.waterskis.lv\\\/en\\\/\"},{\"@type\":\"ListItem\",\"position\":2,\"name\":\"Shop\",\"item\":\"https:\\\/\\\/waterskis.lv\\\/en\\\/shop\\\/\"},{\"@type\":\"ListItem\",\"position\":3,\"name\":\"Spinera Kenai 130 Kayak-2 Person incl. 2 Frame Seats &#8211; 396x87cm\"}]},{\"@type\":\"WebSite\",\"@id\":\"https:\\\/\\\/www.waterskis.lv\\\/en\\\/#website\",\"url\":\"https:\\\/\\\/www.waterskis.lv\\\/en\\\/\",\"name\":\"WATERSKIS.LV\",\"description\":\"SUP d\u0113\u013ci, kajaki, kanoe, airu laivas, \u016bdenssl\u0113po\u0161ana, veikbords, SUP d\u0113\u013cu noma, kajaku nomaakt\u012bv\u0101s atp\u016btas centrs, laivu noma, sup noma, kajaku noma\",\"publisher\":{\"@id\":\"https:\\\/\\\/www.waterskis.lv\\\/en\\\/#organization\"},\"potentialAction\":[{\"@type\":\"SearchAction\",\"target\":{\"@type\":\"EntryPoint\",\"urlTemplate\":\"https:\\\/\\\/www.waterskis.lv\\\/en\\\/?s={search_term_string}\"},\"query-input\":{\"@type\":\"PropertyValueSpecification\",\"valueRequired\":true,\"valueName\":\"search_term_string\"}}],\"inLanguage\":\"en-US\"},{\"@type\":\"Organization\",\"@id\":\"https:\\\/\\\/www.waterskis.lv\\\/en\\\/#organization\",\"name\":\"WATERSKIS.LV\",\"url\":\"https:\\\/\\\/www.waterskis.lv\\\/en\\\/\",\"logo\":{\"@type\":\"ImageObject\",\"inLanguage\":\"en-US\",\"@id\":\"https:\\\/\\\/www.waterskis.lv\\\/en\\\/#\\\/schema\\\/logo\\\/image\\\/\",\"url\":\"https:\\\/\\\/www.waterskis.lv\\\/wp-content\\\/uploads\\\/2025\\\/01\\\/JUVP-logo.png\",\"contentUrl\":\"https:\\\/\\\/www.waterskis.lv\\\/wp-content\\\/uploads\\\/2025\\\/01\\\/JUVP-logo.png\",\"width\":421,\"height\":202,\"caption\":\"WATERSKIS.LV\"},\"image\":{\"@id\":\"https:\\\/\\\/www.waterskis.lv\\\/en\\\/#\\\/schema\\\/logo\\\/image\\\/\"},\"sameAs\":[\"https:\\\/\\\/www.facebook.com\\\/jurmalawaterskiwakeboardpark\\\/\"]}]}<\/script>\n<!-- \/ Yoast SEO plugin. -->","yoast_head_json":{"title":"Spinera Kenai 130 Kayak-2 Person incl. 2 Frame Seats - 396x87cm - WATERSKIS.LV","description":"Spinera Kenai 130 Kayak-2 Person incl. 2 Frame Seats - 396x87cm. The premium touring kayak impresses with its robust design and offers space for two adults","robots":{"index":"index","follow":"follow","max-snippet":"max-snippet:-1","max-image-preview":"max-image-preview:large","max-video-preview":"max-video-preview:-1"},"canonical":"https:\/\/www.waterskis.lv\/en\/product\/spinera-kenai-130-kayak-2-person-incl-2-frame-seats-396x87cm\/","og_locale":"en_US","og_type":"article","og_title":"Spinera Kenai 130 Kayak-2 Person incl. 2 Frame Seats - 396x87cm - WATERSKIS.LV","og_description":"Spinera Kenai 130 Kayak-2 Person incl. 2 Frame Seats - 396x87cm. The premium touring kayak impresses with its robust design and offers space for two adults","og_url":"https:\/\/www.waterskis.lv\/en\/product\/spinera-kenai-130-kayak-2-person-incl-2-frame-seats-396x87cm\/","og_site_name":"WATERSKIS.LV","article_publisher":"https:\/\/www.facebook.com\/jurmalawaterskiwakeboardpark\/","article_modified_time":"2026-02-02T15:13:50+00:00","og_image":[{"width":2000,"height":2000,"url":"https:\/\/www.waterskis.lv\/wp-content\/uploads\/2025\/02\/w25107-01-spinera-kenai-130-set.webp","type":"image\/webp"}],"twitter_card":"summary_large_image","twitter_misc":{"Est. reading time":"2 minutes"},"schema":{"@context":"https:\/\/schema.org","@graph":[{"@type":"WebPage","@id":"https:\/\/www.waterskis.lv\/en\/product\/spinera-kenai-130-kayak-2-person-incl-2-frame-seats-396x87cm\/","url":"https:\/\/www.waterskis.lv\/en\/product\/spinera-kenai-130-kayak-2-person-incl-2-frame-seats-396x87cm\/","name":"Spinera Kenai 130 Kayak-2 Person incl. 2 Frame Seats - 396x87cm - WATERSKIS.LV","isPartOf":{"@id":"https:\/\/www.waterskis.lv\/en\/#website"},"primaryImageOfPage":{"@id":"https:\/\/www.waterskis.lv\/en\/product\/spinera-kenai-130-kayak-2-person-incl-2-frame-seats-396x87cm\/#primaryimage"},"image":{"@id":"https:\/\/www.waterskis.lv\/en\/product\/spinera-kenai-130-kayak-2-person-incl-2-frame-seats-396x87cm\/#primaryimage"},"thumbnailUrl":"https:\/\/www.waterskis.lv\/wp-content\/uploads\/2025\/02\/w25107-01-spinera-kenai-130-set.webp","datePublished":"2025-02-12T13:45:23+00:00","dateModified":"2026-02-02T15:13:50+00:00","description":"Spinera Kenai 130 Kayak-2 Person incl. 2 Frame Seats - 396x87cm. The premium touring kayak impresses with its robust design and offers space for two adults","breadcrumb":{"@id":"https:\/\/www.waterskis.lv\/en\/product\/spinera-kenai-130-kayak-2-person-incl-2-frame-seats-396x87cm\/#breadcrumb"},"inLanguage":"en-US","potentialAction":[{"@type":"ReadAction","target":["https:\/\/www.waterskis.lv\/en\/product\/spinera-kenai-130-kayak-2-person-incl-2-frame-seats-396x87cm\/"]}]},{"@type":"ImageObject","inLanguage":"en-US","@id":"https:\/\/www.waterskis.lv\/en\/product\/spinera-kenai-130-kayak-2-person-incl-2-frame-seats-396x87cm\/#primaryimage","url":"https:\/\/www.waterskis.lv\/wp-content\/uploads\/2025\/02\/w25107-01-spinera-kenai-130-set.webp","contentUrl":"https:\/\/www.waterskis.lv\/wp-content\/uploads\/2025\/02\/w25107-01-spinera-kenai-130-set.webp","width":2000,"height":2000,"caption":"Piep\u016b\u0161ams kajaks Spinera Kenai 130 - 2 vietas - 2 r\u0101mja s\u0113dek\u013ci - 396x87cm"},{"@type":"BreadcrumbList","@id":"https:\/\/www.waterskis.lv\/en\/product\/spinera-kenai-130-kayak-2-person-incl-2-frame-seats-396x87cm\/#breadcrumb","itemListElement":[{"@type":"ListItem","position":1,"name":"Home","item":"https:\/\/www.waterskis.lv\/en\/"},{"@type":"ListItem","position":2,"name":"Shop","item":"https:\/\/waterskis.lv\/en\/shop\/"},{"@type":"ListItem","position":3,"name":"Spinera Kenai 130 Kayak-2 Person incl. 2 Frame Seats &#8211; 396x87cm"}]},{"@type":"WebSite","@id":"https:\/\/www.waterskis.lv\/en\/#website","url":"https:\/\/www.waterskis.lv\/en\/","name":"WATERSKIS.LV","description":"SUP d\u0113\u013ci, kajaki, kanoe, airu laivas, \u016bdenssl\u0113po\u0161ana, veikbords, SUP d\u0113\u013cu noma, kajaku nomaakt\u012bv\u0101s atp\u016btas centrs, laivu noma, sup noma, kajaku noma","publisher":{"@id":"https:\/\/www.waterskis.lv\/en\/#organization"},"potentialAction":[{"@type":"SearchAction","target":{"@type":"EntryPoint","urlTemplate":"https:\/\/www.waterskis.lv\/en\/?s={search_term_string}"},"query-input":{"@type":"PropertyValueSpecification","valueRequired":true,"valueName":"search_term_string"}}],"inLanguage":"en-US"},{"@type":"Organization","@id":"https:\/\/www.waterskis.lv\/en\/#organization","name":"WATERSKIS.LV","url":"https:\/\/www.waterskis.lv\/en\/","logo":{"@type":"ImageObject","inLanguage":"en-US","@id":"https:\/\/www.waterskis.lv\/en\/#\/schema\/logo\/image\/","url":"https:\/\/www.waterskis.lv\/wp-content\/uploads\/2025\/01\/JUVP-logo.png","contentUrl":"https:\/\/www.waterskis.lv\/wp-content\/uploads\/2025\/01\/JUVP-logo.png","width":421,"height":202,"caption":"WATERSKIS.LV"},"image":{"@id":"https:\/\/www.waterskis.lv\/en\/#\/schema\/logo\/image\/"},"sameAs":["https:\/\/www.facebook.com\/jurmalawaterskiwakeboardpark\/"]}]}},"_links":{"self":[{"href":"https:\/\/www.waterskis.lv\/en\/wp-json\/wp\/v2\/product\/62398","targetHints":{"allow":["GET"]}}],"collection":[{"href":"https:\/\/www.waterskis.lv\/en\/wp-json\/wp\/v2\/product"}],"about":[{"href":"https:\/\/www.waterskis.lv\/en\/wp-json\/wp\/v2\/types\/product"}],"replies":[{"embeddable":true,"href":"https:\/\/www.waterskis.lv\/en\/wp-json\/wp\/v2\/comments?post=62398"}],"wp:featuredmedia":[{"embeddable":true,"href":"https:\/\/www.waterskis.lv\/en\/wp-json\/wp\/v2\/media\/62372"}],"wp:attachment":[{"href":"https:\/\/www.waterskis.lv\/en\/wp-json\/wp\/v2\/media?parent=62398"}],"wp:term":[{"taxonomy":"product_brand","embeddable":true,"href":"https:\/\/www.waterskis.lv\/en\/wp-json\/wp\/v2\/product_brand?post=62398"},{"taxonomy":"product_cat","embeddable":true,"href":"https:\/\/www.waterskis.lv\/en\/wp-json\/wp\/v2\/product_cat?post=62398"},{"taxonomy":"product_tag","embeddable":true,"href":"https:\/\/www.waterskis.lv\/en\/wp-json\/wp\/v2\/product_tag?post=62398"}],"curies":[{"name":"wp","href":"https:\/\/api.w.org\/{rel}","templated":true}]}}