{"id":62464,"date":"2025-02-12T17:47:06","date_gmt":"2025-02-12T15:47:06","guid":{"rendered":"https:\/\/www.waterskis.lv\/product\/piepusams-kajaks-spinera-hybris-510-515x90cm-4-vietas\/"},"modified":"2026-02-02T17:09:29","modified_gmt":"2026-02-02T15:09:29","slug":"inflatable-kayak-spinera-hybris-510-515x90cm-4-seats","status":"publish","type":"product","link":"https:\/\/www.waterskis.lv\/en\/product\/inflatable-kayak-spinera-hybris-510-515x90cm-4-seats\/","title":{"rendered":"Inflatable Kayak Spinera Hybris 510 &#8211; 515x90cm 4 seats"},"content":{"rendered":"<h1>Inflatable Kayak Spinera Hybris 510 &#8211; 515x90cm 4 seats<\/h1>\n<p>Inflatable Kayak Spinera Hybris 510 &#8211; 515x90cm 4 seats<\/p>\n<p>Art. No.\u00a025132<\/p>\n<p>The Spinera Hybris Series promises unforgettable adventures on the water. The Hybris Series by Spinera is the ultimate all-round touring kayak line, specially designed to equip you for exciting experiences on rivers, lakes, and the sea.<\/p>\n<p>With already four different sizes to choose from, you&#8217;re sure to find the right model for your needs.<\/p>\n<p>&nbsp;<\/p>\n<p>With a size of 515&#215;90 cm, the Hybris 510 kayak offers ample space for up to 4 people. Max. payload 340kg.<\/p>\n<p>&nbsp;<\/p>\n<p>The kayak is perfect for up to 4 people and, thanks to its robust construction, offers optimal stability and safety.<\/p>\n<p>The tubes are made of<b>\u00a0durable 0.8 mm reinforced PVC<\/b>, while the bottom is made of<b>\u00a0tarpaulin\u00a0<\/b>combined with an\u00a0<b>8 cm HDDS (High Density Dropstitch) floor<\/b>, ensuring a particularly firm and stable structure.<\/p>\n<p>&nbsp;<\/p>\n<p>Hop in, discover the beauty of nature, and share these unique moments with friends and family. Get ready for thrilling water sports adventures!<\/p>\n<p>&nbsp;<\/p>\n<p><b>Features:<\/b><\/p>\n<p>&nbsp;<\/p>\n<ul>\n<li>Includes a backpack for easy transport of the kayak.<\/li>\n<li>4 kayak seats provide enough space for all occupants and ensure extra comfort while paddling.<\/li>\n<li>2-fin setup for improved maneuverability and stability on the water.<\/li>\n<\/ul>\n<p>&nbsp;<\/p>\n<p>This kayak is ideal for shared adventures on the water, combining stability, comfort, and functionality in a versatile design.<\/p>\n<p>&nbsp;<\/p>\n<p>Pack size: 105 x 42 x 26cm<\/p>\n<p>&nbsp;<\/p>\n<p>INFORMATION: We strongly recommend wearing a life jacket\/buoyancy aid when using the kayak. Life jackets\/buoyancy aids provide buoyancy if you fall into the water and allow you to continue swimming and moving forward. A life jacket\/buoyancy aid is not included in the scope of delivery.<\/p>\n","protected":false},"excerpt":{"rendered":"<p>https:\/\/www.youtube.com\/watch?v=5qWakBcZ8RU [&#8230;]<\/p>\n<p><a class=\"btn btn-secondary understrap-read-more-link\" href=\"https:\/\/www.waterskis.lv\/en\/product\/inflatable-kayak-spinera-hybris-510-515x90cm-4-seats\/\">Read More&#8230;<\/a><\/p>\n","protected":false},"featured_media":62462,"comment_status":"closed","ping_status":"closed","template":"","meta":{"_acf_changed":false,"inline_featured_image":false},"product_brand":[1279],"product_cat":[687,686,507,1217],"product_tag":[3265,3268,3264,3278,3267,3277,3279,3189,3266,3280,3176,3276,3273,3275,3274],"class_list":{"0":"post-62464","1":"product","2":"type-product","3":"status-publish","4":"has-post-thumbnail","6":"product_brand-spinera-watersports","7":"product_cat-all-inflatable-kayaks","8":"product_cat-inflatable-kayaks","9":"product_cat-kayaks","10":"product_cat-spinera-inflatable-kayaks","11":"product_tag-aufblasbares-kajak","12":"product_tag-inflatable-kayak","13":"product_tag-kajak","14":"product_tag-kajaks","15":"product_tag-kayak","16":"product_tag-piepusams-kajaks","17":"product_tag-smailite","18":"product_tag-spinera","19":"product_tag-supkajak","20":"product_tag-supkajaks","21":"product_tag-supkayak","22":"product_tag-3276","23":"product_tag-3273","24":"product_tag-3275","25":"product_tag-3274","27":"first","28":"instock","29":"shipping-taxable","30":"purchasable","31":"product-type-simple"},"acf":[],"yoast_head":"<!-- This site is optimized with the Yoast SEO plugin v27.5 - https:\/\/yoast.com\/product\/yoast-seo-wordpress\/ -->\n<title>Inflatable Kayak Spinera Hybris 510 - 515x90cm 4 seats - WATERSKIS.LV<\/title>\n<meta name=\"description\" content=\"Inflatable Kayak Spinera Hybris 510 - 515x90cm 4 seats is perfect for 4 people and, thanks to its robust construction, offers optimal stability and safety\" \/>\n<meta name=\"robots\" content=\"index, follow, max-snippet:-1, max-image-preview:large, max-video-preview:-1\" \/>\n<link rel=\"canonical\" href=\"https:\/\/www.waterskis.lv\/en\/product\/inflatable-kayak-spinera-hybris-510-515x90cm-4-seats\/\" \/>\n<meta property=\"og:locale\" content=\"en_US\" \/>\n<meta property=\"og:type\" content=\"article\" \/>\n<meta property=\"og:title\" content=\"Inflatable Kayak Spinera Hybris 510 - 515x90cm 4 seats - WATERSKIS.LV\" \/>\n<meta property=\"og:description\" content=\"Inflatable Kayak Spinera Hybris 510 - 515x90cm 4 seats is perfect for 4 people and, thanks to its robust construction, offers optimal stability and safety\" \/>\n<meta property=\"og:url\" content=\"https:\/\/www.waterskis.lv\/en\/product\/inflatable-kayak-spinera-hybris-510-515x90cm-4-seats\/\" \/>\n<meta property=\"og:site_name\" content=\"WATERSKIS.LV\" \/>\n<meta property=\"article:publisher\" content=\"https:\/\/www.facebook.com\/jurmalawaterskiwakeboardpark\/\" \/>\n<meta property=\"article:modified_time\" content=\"2026-02-02T15:09:29+00:00\" \/>\n<meta property=\"og:image\" content=\"https:\/\/www.waterskis.lv\/wp-content\/uploads\/2025\/02\/hybris-510-set.webp\" \/>\n\t<meta property=\"og:image:width\" content=\"2000\" \/>\n\t<meta property=\"og:image:height\" content=\"2000\" \/>\n\t<meta property=\"og:image:type\" content=\"image\/webp\" \/>\n<meta name=\"twitter:card\" content=\"summary_large_image\" \/>\n<meta name=\"twitter:label1\" content=\"Est. reading time\" \/>\n\t<meta name=\"twitter:data1\" content=\"2 minutes\" \/>\n<script type=\"application\/ld+json\" class=\"yoast-schema-graph\">{\"@context\":\"https:\\\/\\\/schema.org\",\"@graph\":[{\"@type\":\"WebPage\",\"@id\":\"https:\\\/\\\/www.waterskis.lv\\\/en\\\/product\\\/inflatable-kayak-spinera-hybris-510-515x90cm-4-seats\\\/\",\"url\":\"https:\\\/\\\/www.waterskis.lv\\\/en\\\/product\\\/inflatable-kayak-spinera-hybris-510-515x90cm-4-seats\\\/\",\"name\":\"Inflatable Kayak Spinera Hybris 510 - 515x90cm 4 seats - WATERSKIS.LV\",\"isPartOf\":{\"@id\":\"https:\\\/\\\/www.waterskis.lv\\\/en\\\/#website\"},\"primaryImageOfPage\":{\"@id\":\"https:\\\/\\\/www.waterskis.lv\\\/en\\\/product\\\/inflatable-kayak-spinera-hybris-510-515x90cm-4-seats\\\/#primaryimage\"},\"image\":{\"@id\":\"https:\\\/\\\/www.waterskis.lv\\\/en\\\/product\\\/inflatable-kayak-spinera-hybris-510-515x90cm-4-seats\\\/#primaryimage\"},\"thumbnailUrl\":\"https:\\\/\\\/www.waterskis.lv\\\/wp-content\\\/uploads\\\/2025\\\/02\\\/hybris-510-set.webp\",\"datePublished\":\"2025-02-12T15:47:06+00:00\",\"dateModified\":\"2026-02-02T15:09:29+00:00\",\"description\":\"Inflatable Kayak Spinera Hybris 510 - 515x90cm 4 seats is perfect for 4 people and, thanks to its robust construction, offers optimal stability and safety\",\"breadcrumb\":{\"@id\":\"https:\\\/\\\/www.waterskis.lv\\\/en\\\/product\\\/inflatable-kayak-spinera-hybris-510-515x90cm-4-seats\\\/#breadcrumb\"},\"inLanguage\":\"en-US\",\"potentialAction\":[{\"@type\":\"ReadAction\",\"target\":[\"https:\\\/\\\/www.waterskis.lv\\\/en\\\/product\\\/inflatable-kayak-spinera-hybris-510-515x90cm-4-seats\\\/\"]}]},{\"@type\":\"ImageObject\",\"inLanguage\":\"en-US\",\"@id\":\"https:\\\/\\\/www.waterskis.lv\\\/en\\\/product\\\/inflatable-kayak-spinera-hybris-510-515x90cm-4-seats\\\/#primaryimage\",\"url\":\"https:\\\/\\\/www.waterskis.lv\\\/wp-content\\\/uploads\\\/2025\\\/02\\\/hybris-510-set.webp\",\"contentUrl\":\"https:\\\/\\\/www.waterskis.lv\\\/wp-content\\\/uploads\\\/2025\\\/02\\\/hybris-510-set.webp\",\"width\":2000,\"height\":2000,\"caption\":\"Piep\u016b\u0161ams kajaks Spinera Hybris 510 - 515x90cm 4 vietas\"},{\"@type\":\"BreadcrumbList\",\"@id\":\"https:\\\/\\\/www.waterskis.lv\\\/en\\\/product\\\/inflatable-kayak-spinera-hybris-510-515x90cm-4-seats\\\/#breadcrumb\",\"itemListElement\":[{\"@type\":\"ListItem\",\"position\":1,\"name\":\"Home\",\"item\":\"https:\\\/\\\/www.waterskis.lv\\\/en\\\/\"},{\"@type\":\"ListItem\",\"position\":2,\"name\":\"Shop\",\"item\":\"https:\\\/\\\/waterskis.lv\\\/en\\\/shop\\\/\"},{\"@type\":\"ListItem\",\"position\":3,\"name\":\"Inflatable Kayak Spinera Hybris 510 &#8211; 515x90cm 4 seats\"}]},{\"@type\":\"WebSite\",\"@id\":\"https:\\\/\\\/www.waterskis.lv\\\/en\\\/#website\",\"url\":\"https:\\\/\\\/www.waterskis.lv\\\/en\\\/\",\"name\":\"WATERSKIS.LV\",\"description\":\"SUP d\u0113\u013ci, kajaki, kanoe, airu laivas, \u016bdenssl\u0113po\u0161ana, veikbords, SUP d\u0113\u013cu noma, kajaku nomaakt\u012bv\u0101s atp\u016btas centrs, laivu noma, sup noma, kajaku noma\",\"publisher\":{\"@id\":\"https:\\\/\\\/www.waterskis.lv\\\/en\\\/#organization\"},\"potentialAction\":[{\"@type\":\"SearchAction\",\"target\":{\"@type\":\"EntryPoint\",\"urlTemplate\":\"https:\\\/\\\/www.waterskis.lv\\\/en\\\/?s={search_term_string}\"},\"query-input\":{\"@type\":\"PropertyValueSpecification\",\"valueRequired\":true,\"valueName\":\"search_term_string\"}}],\"inLanguage\":\"en-US\"},{\"@type\":\"Organization\",\"@id\":\"https:\\\/\\\/www.waterskis.lv\\\/en\\\/#organization\",\"name\":\"WATERSKIS.LV\",\"url\":\"https:\\\/\\\/www.waterskis.lv\\\/en\\\/\",\"logo\":{\"@type\":\"ImageObject\",\"inLanguage\":\"en-US\",\"@id\":\"https:\\\/\\\/www.waterskis.lv\\\/en\\\/#\\\/schema\\\/logo\\\/image\\\/\",\"url\":\"https:\\\/\\\/www.waterskis.lv\\\/wp-content\\\/uploads\\\/2025\\\/01\\\/JUVP-logo.png\",\"contentUrl\":\"https:\\\/\\\/www.waterskis.lv\\\/wp-content\\\/uploads\\\/2025\\\/01\\\/JUVP-logo.png\",\"width\":421,\"height\":202,\"caption\":\"WATERSKIS.LV\"},\"image\":{\"@id\":\"https:\\\/\\\/www.waterskis.lv\\\/en\\\/#\\\/schema\\\/logo\\\/image\\\/\"},\"sameAs\":[\"https:\\\/\\\/www.facebook.com\\\/jurmalawaterskiwakeboardpark\\\/\"]}]}<\/script>\n<!-- \/ Yoast SEO plugin. -->","yoast_head_json":{"title":"Inflatable Kayak Spinera Hybris 510 - 515x90cm 4 seats - WATERSKIS.LV","description":"Inflatable Kayak Spinera Hybris 510 - 515x90cm 4 seats is perfect for 4 people and, thanks to its robust construction, offers optimal stability and safety","robots":{"index":"index","follow":"follow","max-snippet":"max-snippet:-1","max-image-preview":"max-image-preview:large","max-video-preview":"max-video-preview:-1"},"canonical":"https:\/\/www.waterskis.lv\/en\/product\/inflatable-kayak-spinera-hybris-510-515x90cm-4-seats\/","og_locale":"en_US","og_type":"article","og_title":"Inflatable Kayak Spinera Hybris 510 - 515x90cm 4 seats - WATERSKIS.LV","og_description":"Inflatable Kayak Spinera Hybris 510 - 515x90cm 4 seats is perfect for 4 people and, thanks to its robust construction, offers optimal stability and safety","og_url":"https:\/\/www.waterskis.lv\/en\/product\/inflatable-kayak-spinera-hybris-510-515x90cm-4-seats\/","og_site_name":"WATERSKIS.LV","article_publisher":"https:\/\/www.facebook.com\/jurmalawaterskiwakeboardpark\/","article_modified_time":"2026-02-02T15:09:29+00:00","og_image":[{"width":2000,"height":2000,"url":"https:\/\/www.waterskis.lv\/wp-content\/uploads\/2025\/02\/hybris-510-set.webp","type":"image\/webp"}],"twitter_card":"summary_large_image","twitter_misc":{"Est. reading time":"2 minutes"},"schema":{"@context":"https:\/\/schema.org","@graph":[{"@type":"WebPage","@id":"https:\/\/www.waterskis.lv\/en\/product\/inflatable-kayak-spinera-hybris-510-515x90cm-4-seats\/","url":"https:\/\/www.waterskis.lv\/en\/product\/inflatable-kayak-spinera-hybris-510-515x90cm-4-seats\/","name":"Inflatable Kayak Spinera Hybris 510 - 515x90cm 4 seats - WATERSKIS.LV","isPartOf":{"@id":"https:\/\/www.waterskis.lv\/en\/#website"},"primaryImageOfPage":{"@id":"https:\/\/www.waterskis.lv\/en\/product\/inflatable-kayak-spinera-hybris-510-515x90cm-4-seats\/#primaryimage"},"image":{"@id":"https:\/\/www.waterskis.lv\/en\/product\/inflatable-kayak-spinera-hybris-510-515x90cm-4-seats\/#primaryimage"},"thumbnailUrl":"https:\/\/www.waterskis.lv\/wp-content\/uploads\/2025\/02\/hybris-510-set.webp","datePublished":"2025-02-12T15:47:06+00:00","dateModified":"2026-02-02T15:09:29+00:00","description":"Inflatable Kayak Spinera Hybris 510 - 515x90cm 4 seats is perfect for 4 people and, thanks to its robust construction, offers optimal stability and safety","breadcrumb":{"@id":"https:\/\/www.waterskis.lv\/en\/product\/inflatable-kayak-spinera-hybris-510-515x90cm-4-seats\/#breadcrumb"},"inLanguage":"en-US","potentialAction":[{"@type":"ReadAction","target":["https:\/\/www.waterskis.lv\/en\/product\/inflatable-kayak-spinera-hybris-510-515x90cm-4-seats\/"]}]},{"@type":"ImageObject","inLanguage":"en-US","@id":"https:\/\/www.waterskis.lv\/en\/product\/inflatable-kayak-spinera-hybris-510-515x90cm-4-seats\/#primaryimage","url":"https:\/\/www.waterskis.lv\/wp-content\/uploads\/2025\/02\/hybris-510-set.webp","contentUrl":"https:\/\/www.waterskis.lv\/wp-content\/uploads\/2025\/02\/hybris-510-set.webp","width":2000,"height":2000,"caption":"Piep\u016b\u0161ams kajaks Spinera Hybris 510 - 515x90cm 4 vietas"},{"@type":"BreadcrumbList","@id":"https:\/\/www.waterskis.lv\/en\/product\/inflatable-kayak-spinera-hybris-510-515x90cm-4-seats\/#breadcrumb","itemListElement":[{"@type":"ListItem","position":1,"name":"Home","item":"https:\/\/www.waterskis.lv\/en\/"},{"@type":"ListItem","position":2,"name":"Shop","item":"https:\/\/waterskis.lv\/en\/shop\/"},{"@type":"ListItem","position":3,"name":"Inflatable Kayak Spinera Hybris 510 &#8211; 515x90cm 4 seats"}]},{"@type":"WebSite","@id":"https:\/\/www.waterskis.lv\/en\/#website","url":"https:\/\/www.waterskis.lv\/en\/","name":"WATERSKIS.LV","description":"SUP d\u0113\u013ci, kajaki, kanoe, airu laivas, \u016bdenssl\u0113po\u0161ana, veikbords, SUP d\u0113\u013cu noma, kajaku nomaakt\u012bv\u0101s atp\u016btas centrs, laivu noma, sup noma, kajaku noma","publisher":{"@id":"https:\/\/www.waterskis.lv\/en\/#organization"},"potentialAction":[{"@type":"SearchAction","target":{"@type":"EntryPoint","urlTemplate":"https:\/\/www.waterskis.lv\/en\/?s={search_term_string}"},"query-input":{"@type":"PropertyValueSpecification","valueRequired":true,"valueName":"search_term_string"}}],"inLanguage":"en-US"},{"@type":"Organization","@id":"https:\/\/www.waterskis.lv\/en\/#organization","name":"WATERSKIS.LV","url":"https:\/\/www.waterskis.lv\/en\/","logo":{"@type":"ImageObject","inLanguage":"en-US","@id":"https:\/\/www.waterskis.lv\/en\/#\/schema\/logo\/image\/","url":"https:\/\/www.waterskis.lv\/wp-content\/uploads\/2025\/01\/JUVP-logo.png","contentUrl":"https:\/\/www.waterskis.lv\/wp-content\/uploads\/2025\/01\/JUVP-logo.png","width":421,"height":202,"caption":"WATERSKIS.LV"},"image":{"@id":"https:\/\/www.waterskis.lv\/en\/#\/schema\/logo\/image\/"},"sameAs":["https:\/\/www.facebook.com\/jurmalawaterskiwakeboardpark\/"]}]}},"_links":{"self":[{"href":"https:\/\/www.waterskis.lv\/en\/wp-json\/wp\/v2\/product\/62464","targetHints":{"allow":["GET"]}}],"collection":[{"href":"https:\/\/www.waterskis.lv\/en\/wp-json\/wp\/v2\/product"}],"about":[{"href":"https:\/\/www.waterskis.lv\/en\/wp-json\/wp\/v2\/types\/product"}],"replies":[{"embeddable":true,"href":"https:\/\/www.waterskis.lv\/en\/wp-json\/wp\/v2\/comments?post=62464"}],"wp:featuredmedia":[{"embeddable":true,"href":"https:\/\/www.waterskis.lv\/en\/wp-json\/wp\/v2\/media\/62462"}],"wp:attachment":[{"href":"https:\/\/www.waterskis.lv\/en\/wp-json\/wp\/v2\/media?parent=62464"}],"wp:term":[{"taxonomy":"product_brand","embeddable":true,"href":"https:\/\/www.waterskis.lv\/en\/wp-json\/wp\/v2\/product_brand?post=62464"},{"taxonomy":"product_cat","embeddable":true,"href":"https:\/\/www.waterskis.lv\/en\/wp-json\/wp\/v2\/product_cat?post=62464"},{"taxonomy":"product_tag","embeddable":true,"href":"https:\/\/www.waterskis.lv\/en\/wp-json\/wp\/v2\/product_tag?post=62464"}],"curies":[{"name":"wp","href":"https:\/\/api.w.org\/{rel}","templated":true}]}}