{"id":62525,"date":"2025-02-13T09:33:31","date_gmt":"2025-02-13T07:33:31","guid":{"rendered":"https:\/\/www.waterskis.lv\/product\/sup-delis-spinera-supventure-sunset-10-6-320x82x15-cm\/"},"modified":"2026-02-01T18:19:30","modified_gmt":"2026-02-01T16:19:30","slug":"spinera-sup-supventure-sunset-10-6-320x82x15-cm","status":"publish","type":"product","link":"https:\/\/www.waterskis.lv\/en\/product\/spinera-sup-supventure-sunset-10-6-320x82x15-cm\/","title":{"rendered":"Spinera SUP Supventure Sunset 10.6 &#8211; 320x82x15 cm"},"content":{"rendered":"<h1>Spinera SUP Supventure Sunset 10.6 &#8211; 320x82x15 cm<\/h1>\n<p>Spinera SUP Supventure Sunset 10.6 &#8211; 320x82x15 cm<\/p>\n<p>&nbsp;<\/p>\n<p>Discover the new edition of our successful Spinera Supventure &#8211; the brand new Spinera Supventure Sunset 10.6 SUP Board! With its proven Double Layer Technology and versatile range of use, this board is perfect for beginners as well as advanced paddlers.<\/p>\n<p>&nbsp;<\/p>\n<p>The Spinera Supventure Sunset 10.6 SUP Board combines robustness, stability and performance in an impressive design. Thanks to Double Layer Technology, the board is extra durable and long-lasting, so it can withstand the stresses on the water and give you years of enjoyment.<\/p>\n<p>&nbsp;<\/p>\n<p>The Spinera Supventure Sunset 10.6 complete kit includes everything you need for your next SUP adventure. The high quality performance aluminum\/fiberglass paddle gives you powerful and precise paddle strokes, and it&#8217;s child&#8217;s play thanks to the weight , while the Double Action Pump ensures quick and effortless board inflation.<\/p>\n<p>&nbsp;<\/p>\n<p>The leash keeps you securely connected to your board at all times, while the roomy carrying backpack provides convenient and easy storage and transport.<\/p>\n<p>Whether you want to relax on calm lakes or jump into exciting waves, the Spinera Supventure Sunset 10.6 SUP Board is your reliable companion. Discover the freedom of stand-up paddling and experience unforgettable moments on the water with the Spinera Supventure Sunset 10.6!<\/p>\n<p>&nbsp;<\/p>\n<p><b>Details:<\/b><\/p>\n<ul>\n<li>Sporty all-round SUP for paddling<\/li>\n<li>Size: 320 cm x 80 cm x 15cm<\/li>\n<li>Rider weight: up to 110 kg<\/li>\n<li>Maximum load: 145 kg<\/li>\n<li>Volume: 312 l<\/li>\n<li>Net weight:12,4kg<\/li>\n<li>Gross weight:14,2kg<\/li>\n<\/ul>\n<p>&nbsp;<\/p>\n<p><b>Production:<\/b><\/p>\n<ul>\n<li>15 cm DLT &#8211; Fusion Double Layer Technology Dropstitch<\/li>\n<li>Pressed EVA foam surface with diamond cut<\/li>\n<li>6 Point bungee cord \/ transport net<\/li>\n<li>4 D-Rings for Kayak Seat<\/li>\n<\/ul>\n<p>&nbsp;<\/p>\n<p><b>Scope of delivery:<\/b><\/p>\n<ul>\n<li>SUP Board<\/li>\n<li>Backpack \/ 600D Polyester<\/li>\n<li>Premium Big Volume Double Action Pump<\/li>\n<li>3-way adjustable performance aluminum\/fiberglass paddle<\/li>\n<li>Insertion center fin<\/li>\n<li>leash<\/li>\n<li>Repair kit without glue<\/li>\n<\/ul>\n<p>&nbsp;<\/p>\n<p>INFORMATION: We strongly recommend wearing a floating device\/buoyancy aid when using the stand up paddle board. Floating devices\/buoyancy aids give lift after a fall into the water and maintain the ability to swim and move. A floating device\/buoyancy aid is not included in scope of delivery.<\/p>\n","protected":false},"excerpt":{"rendered":"<p>https:\/\/www.youtube.com\/watch?v=YnuQBL87LHI [&#8230;]<\/p>\n<p><a class=\"btn btn-secondary understrap-read-more-link\" href=\"https:\/\/www.waterskis.lv\/en\/product\/spinera-sup-supventure-sunset-10-6-320x82x15-cm\/\">Read More&#8230;<\/a><\/p>\n","protected":false},"featured_media":62508,"comment_status":"closed","ping_status":"closed","template":"","meta":{"_acf_changed":false,"inline_featured_image":false},"product_brand":[1279],"product_cat":[700,1104,502],"product_tag":[3172,3189,3173,3174,1335,3175,3140,3176,3191],"class_list":{"0":"post-62525","1":"product","2":"type-product","3":"status-publish","4":"has-post-thumbnail","6":"product_brand-spinera-watersports","7":"product_cat-inflatable-sup-boards","8":"product_cat-spinera-inflatable-sups","9":"product_cat-stand-up-paddle-boards","10":"product_tag-aufblasbares-sup","11":"product_tag-spinera","12":"product_tag-stand-up-paddleboard","13":"product_tag-stand-up-paddling","14":"product_tag-sup","15":"product_tag-sup-surfer","16":"product_tag-sup-","17":"product_tag-supkayak","18":"product_tag-3191","20":"first","21":"instock","22":"shipping-taxable","23":"purchasable","24":"product-type-simple"},"acf":[],"yoast_head":"<!-- This site is optimized with the Yoast SEO plugin v27.5 - https:\/\/yoast.com\/product\/yoast-seo-wordpress\/ -->\n<title>Spinera SUP Supventure Sunset 10.6 - 320x82x15 cm - WATERSKIS.LV<\/title>\n<meta name=\"description\" content=\"Spinera SUP Supventure Sunset 10.6 - 320x82x15 cm. 15 cm DLT - Fusion Double Layer Technology Dropstitch. Pressed EVA foam surface with diamond cut.\" \/>\n<meta name=\"robots\" content=\"index, follow, max-snippet:-1, max-image-preview:large, max-video-preview:-1\" \/>\n<link rel=\"canonical\" href=\"https:\/\/www.waterskis.lv\/en\/product\/spinera-sup-supventure-sunset-10-6-320x82x15-cm\/\" \/>\n<meta property=\"og:locale\" content=\"en_US\" \/>\n<meta property=\"og:type\" content=\"article\" \/>\n<meta property=\"og:title\" content=\"Spinera SUP Supventure Sunset 10.6 - 320x82x15 cm - WATERSKIS.LV\" \/>\n<meta property=\"og:description\" content=\"Spinera SUP Supventure Sunset 10.6 - 320x82x15 cm. 15 cm DLT - Fusion Double Layer Technology Dropstitch. Pressed EVA foam surface with diamond cut.\" \/>\n<meta property=\"og:url\" content=\"https:\/\/www.waterskis.lv\/en\/product\/spinera-sup-supventure-sunset-10-6-320x82x15-cm\/\" \/>\n<meta property=\"og:site_name\" content=\"WATERSKIS.LV\" \/>\n<meta property=\"article:publisher\" content=\"https:\/\/www.facebook.com\/jurmalawaterskiwakeboardpark\/\" \/>\n<meta property=\"article:modified_time\" content=\"2026-02-01T16:19:30+00:00\" \/>\n<meta property=\"og:image\" content=\"https:\/\/www.waterskis.lv\/wp-content\/uploads\/2025\/02\/supventure_sunset_10_6_-_320x82x15_cm_22226_1.webp\" \/>\n\t<meta property=\"og:image:width\" content=\"2000\" \/>\n\t<meta property=\"og:image:height\" content=\"2000\" \/>\n\t<meta property=\"og:image:type\" content=\"image\/webp\" \/>\n<meta name=\"twitter:card\" content=\"summary_large_image\" \/>\n<meta name=\"twitter:label1\" content=\"Est. reading time\" \/>\n\t<meta name=\"twitter:data1\" content=\"3 minutes\" \/>\n<script type=\"application\/ld+json\" class=\"yoast-schema-graph\">{\"@context\":\"https:\\\/\\\/schema.org\",\"@graph\":[{\"@type\":\"WebPage\",\"@id\":\"https:\\\/\\\/www.waterskis.lv\\\/en\\\/product\\\/spinera-sup-supventure-sunset-10-6-320x82x15-cm\\\/\",\"url\":\"https:\\\/\\\/www.waterskis.lv\\\/en\\\/product\\\/spinera-sup-supventure-sunset-10-6-320x82x15-cm\\\/\",\"name\":\"Spinera SUP Supventure Sunset 10.6 - 320x82x15 cm - WATERSKIS.LV\",\"isPartOf\":{\"@id\":\"https:\\\/\\\/www.waterskis.lv\\\/en\\\/#website\"},\"primaryImageOfPage\":{\"@id\":\"https:\\\/\\\/www.waterskis.lv\\\/en\\\/product\\\/spinera-sup-supventure-sunset-10-6-320x82x15-cm\\\/#primaryimage\"},\"image\":{\"@id\":\"https:\\\/\\\/www.waterskis.lv\\\/en\\\/product\\\/spinera-sup-supventure-sunset-10-6-320x82x15-cm\\\/#primaryimage\"},\"thumbnailUrl\":\"https:\\\/\\\/www.waterskis.lv\\\/wp-content\\\/uploads\\\/2025\\\/02\\\/supventure_sunset_10_6_-_320x82x15_cm_22226_1.webp\",\"datePublished\":\"2025-02-13T07:33:31+00:00\",\"dateModified\":\"2026-02-01T16:19:30+00:00\",\"description\":\"Spinera SUP Supventure Sunset 10.6 - 320x82x15 cm. 15 cm DLT - Fusion Double Layer Technology Dropstitch. Pressed EVA foam surface with diamond cut.\",\"breadcrumb\":{\"@id\":\"https:\\\/\\\/www.waterskis.lv\\\/en\\\/product\\\/spinera-sup-supventure-sunset-10-6-320x82x15-cm\\\/#breadcrumb\"},\"inLanguage\":\"en-US\",\"potentialAction\":[{\"@type\":\"ReadAction\",\"target\":[\"https:\\\/\\\/www.waterskis.lv\\\/en\\\/product\\\/spinera-sup-supventure-sunset-10-6-320x82x15-cm\\\/\"]}]},{\"@type\":\"ImageObject\",\"inLanguage\":\"en-US\",\"@id\":\"https:\\\/\\\/www.waterskis.lv\\\/en\\\/product\\\/spinera-sup-supventure-sunset-10-6-320x82x15-cm\\\/#primaryimage\",\"url\":\"https:\\\/\\\/www.waterskis.lv\\\/wp-content\\\/uploads\\\/2025\\\/02\\\/supventure_sunset_10_6_-_320x82x15_cm_22226_1.webp\",\"contentUrl\":\"https:\\\/\\\/www.waterskis.lv\\\/wp-content\\\/uploads\\\/2025\\\/02\\\/supventure_sunset_10_6_-_320x82x15_cm_22226_1.webp\",\"width\":2000,\"height\":2000,\"caption\":\"SUP d\u0113lis Spinera Supventure Sunset 10.6 - 320x82x15 cm\"},{\"@type\":\"BreadcrumbList\",\"@id\":\"https:\\\/\\\/www.waterskis.lv\\\/en\\\/product\\\/spinera-sup-supventure-sunset-10-6-320x82x15-cm\\\/#breadcrumb\",\"itemListElement\":[{\"@type\":\"ListItem\",\"position\":1,\"name\":\"Home\",\"item\":\"https:\\\/\\\/www.waterskis.lv\\\/en\\\/\"},{\"@type\":\"ListItem\",\"position\":2,\"name\":\"Shop\",\"item\":\"https:\\\/\\\/waterskis.lv\\\/en\\\/shop\\\/\"},{\"@type\":\"ListItem\",\"position\":3,\"name\":\"Spinera SUP Supventure Sunset 10.6 &#8211; 320x82x15 cm\"}]},{\"@type\":\"WebSite\",\"@id\":\"https:\\\/\\\/www.waterskis.lv\\\/en\\\/#website\",\"url\":\"https:\\\/\\\/www.waterskis.lv\\\/en\\\/\",\"name\":\"WATERSKIS.LV\",\"description\":\"SUP d\u0113\u013ci, kajaki, kanoe, airu laivas, \u016bdenssl\u0113po\u0161ana, veikbords, SUP d\u0113\u013cu noma, kajaku nomaakt\u012bv\u0101s atp\u016btas centrs, laivu noma, sup noma, kajaku noma\",\"publisher\":{\"@id\":\"https:\\\/\\\/www.waterskis.lv\\\/en\\\/#organization\"},\"potentialAction\":[{\"@type\":\"SearchAction\",\"target\":{\"@type\":\"EntryPoint\",\"urlTemplate\":\"https:\\\/\\\/www.waterskis.lv\\\/en\\\/?s={search_term_string}\"},\"query-input\":{\"@type\":\"PropertyValueSpecification\",\"valueRequired\":true,\"valueName\":\"search_term_string\"}}],\"inLanguage\":\"en-US\"},{\"@type\":\"Organization\",\"@id\":\"https:\\\/\\\/www.waterskis.lv\\\/en\\\/#organization\",\"name\":\"WATERSKIS.LV\",\"url\":\"https:\\\/\\\/www.waterskis.lv\\\/en\\\/\",\"logo\":{\"@type\":\"ImageObject\",\"inLanguage\":\"en-US\",\"@id\":\"https:\\\/\\\/www.waterskis.lv\\\/en\\\/#\\\/schema\\\/logo\\\/image\\\/\",\"url\":\"https:\\\/\\\/www.waterskis.lv\\\/wp-content\\\/uploads\\\/2025\\\/01\\\/JUVP-logo.png\",\"contentUrl\":\"https:\\\/\\\/www.waterskis.lv\\\/wp-content\\\/uploads\\\/2025\\\/01\\\/JUVP-logo.png\",\"width\":421,\"height\":202,\"caption\":\"WATERSKIS.LV\"},\"image\":{\"@id\":\"https:\\\/\\\/www.waterskis.lv\\\/en\\\/#\\\/schema\\\/logo\\\/image\\\/\"},\"sameAs\":[\"https:\\\/\\\/www.facebook.com\\\/jurmalawaterskiwakeboardpark\\\/\"]}]}<\/script>\n<!-- \/ Yoast SEO plugin. -->","yoast_head_json":{"title":"Spinera SUP Supventure Sunset 10.6 - 320x82x15 cm - WATERSKIS.LV","description":"Spinera SUP Supventure Sunset 10.6 - 320x82x15 cm. 15 cm DLT - Fusion Double Layer Technology Dropstitch. Pressed EVA foam surface with diamond cut.","robots":{"index":"index","follow":"follow","max-snippet":"max-snippet:-1","max-image-preview":"max-image-preview:large","max-video-preview":"max-video-preview:-1"},"canonical":"https:\/\/www.waterskis.lv\/en\/product\/spinera-sup-supventure-sunset-10-6-320x82x15-cm\/","og_locale":"en_US","og_type":"article","og_title":"Spinera SUP Supventure Sunset 10.6 - 320x82x15 cm - WATERSKIS.LV","og_description":"Spinera SUP Supventure Sunset 10.6 - 320x82x15 cm. 15 cm DLT - Fusion Double Layer Technology Dropstitch. Pressed EVA foam surface with diamond cut.","og_url":"https:\/\/www.waterskis.lv\/en\/product\/spinera-sup-supventure-sunset-10-6-320x82x15-cm\/","og_site_name":"WATERSKIS.LV","article_publisher":"https:\/\/www.facebook.com\/jurmalawaterskiwakeboardpark\/","article_modified_time":"2026-02-01T16:19:30+00:00","og_image":[{"width":2000,"height":2000,"url":"https:\/\/www.waterskis.lv\/wp-content\/uploads\/2025\/02\/supventure_sunset_10_6_-_320x82x15_cm_22226_1.webp","type":"image\/webp"}],"twitter_card":"summary_large_image","twitter_misc":{"Est. reading time":"3 minutes"},"schema":{"@context":"https:\/\/schema.org","@graph":[{"@type":"WebPage","@id":"https:\/\/www.waterskis.lv\/en\/product\/spinera-sup-supventure-sunset-10-6-320x82x15-cm\/","url":"https:\/\/www.waterskis.lv\/en\/product\/spinera-sup-supventure-sunset-10-6-320x82x15-cm\/","name":"Spinera SUP Supventure Sunset 10.6 - 320x82x15 cm - WATERSKIS.LV","isPartOf":{"@id":"https:\/\/www.waterskis.lv\/en\/#website"},"primaryImageOfPage":{"@id":"https:\/\/www.waterskis.lv\/en\/product\/spinera-sup-supventure-sunset-10-6-320x82x15-cm\/#primaryimage"},"image":{"@id":"https:\/\/www.waterskis.lv\/en\/product\/spinera-sup-supventure-sunset-10-6-320x82x15-cm\/#primaryimage"},"thumbnailUrl":"https:\/\/www.waterskis.lv\/wp-content\/uploads\/2025\/02\/supventure_sunset_10_6_-_320x82x15_cm_22226_1.webp","datePublished":"2025-02-13T07:33:31+00:00","dateModified":"2026-02-01T16:19:30+00:00","description":"Spinera SUP Supventure Sunset 10.6 - 320x82x15 cm. 15 cm DLT - Fusion Double Layer Technology Dropstitch. Pressed EVA foam surface with diamond cut.","breadcrumb":{"@id":"https:\/\/www.waterskis.lv\/en\/product\/spinera-sup-supventure-sunset-10-6-320x82x15-cm\/#breadcrumb"},"inLanguage":"en-US","potentialAction":[{"@type":"ReadAction","target":["https:\/\/www.waterskis.lv\/en\/product\/spinera-sup-supventure-sunset-10-6-320x82x15-cm\/"]}]},{"@type":"ImageObject","inLanguage":"en-US","@id":"https:\/\/www.waterskis.lv\/en\/product\/spinera-sup-supventure-sunset-10-6-320x82x15-cm\/#primaryimage","url":"https:\/\/www.waterskis.lv\/wp-content\/uploads\/2025\/02\/supventure_sunset_10_6_-_320x82x15_cm_22226_1.webp","contentUrl":"https:\/\/www.waterskis.lv\/wp-content\/uploads\/2025\/02\/supventure_sunset_10_6_-_320x82x15_cm_22226_1.webp","width":2000,"height":2000,"caption":"SUP d\u0113lis Spinera Supventure Sunset 10.6 - 320x82x15 cm"},{"@type":"BreadcrumbList","@id":"https:\/\/www.waterskis.lv\/en\/product\/spinera-sup-supventure-sunset-10-6-320x82x15-cm\/#breadcrumb","itemListElement":[{"@type":"ListItem","position":1,"name":"Home","item":"https:\/\/www.waterskis.lv\/en\/"},{"@type":"ListItem","position":2,"name":"Shop","item":"https:\/\/waterskis.lv\/en\/shop\/"},{"@type":"ListItem","position":3,"name":"Spinera SUP Supventure Sunset 10.6 &#8211; 320x82x15 cm"}]},{"@type":"WebSite","@id":"https:\/\/www.waterskis.lv\/en\/#website","url":"https:\/\/www.waterskis.lv\/en\/","name":"WATERSKIS.LV","description":"SUP d\u0113\u013ci, kajaki, kanoe, airu laivas, \u016bdenssl\u0113po\u0161ana, veikbords, SUP d\u0113\u013cu noma, kajaku nomaakt\u012bv\u0101s atp\u016btas centrs, laivu noma, sup noma, kajaku noma","publisher":{"@id":"https:\/\/www.waterskis.lv\/en\/#organization"},"potentialAction":[{"@type":"SearchAction","target":{"@type":"EntryPoint","urlTemplate":"https:\/\/www.waterskis.lv\/en\/?s={search_term_string}"},"query-input":{"@type":"PropertyValueSpecification","valueRequired":true,"valueName":"search_term_string"}}],"inLanguage":"en-US"},{"@type":"Organization","@id":"https:\/\/www.waterskis.lv\/en\/#organization","name":"WATERSKIS.LV","url":"https:\/\/www.waterskis.lv\/en\/","logo":{"@type":"ImageObject","inLanguage":"en-US","@id":"https:\/\/www.waterskis.lv\/en\/#\/schema\/logo\/image\/","url":"https:\/\/www.waterskis.lv\/wp-content\/uploads\/2025\/01\/JUVP-logo.png","contentUrl":"https:\/\/www.waterskis.lv\/wp-content\/uploads\/2025\/01\/JUVP-logo.png","width":421,"height":202,"caption":"WATERSKIS.LV"},"image":{"@id":"https:\/\/www.waterskis.lv\/en\/#\/schema\/logo\/image\/"},"sameAs":["https:\/\/www.facebook.com\/jurmalawaterskiwakeboardpark\/"]}]}},"_links":{"self":[{"href":"https:\/\/www.waterskis.lv\/en\/wp-json\/wp\/v2\/product\/62525","targetHints":{"allow":["GET"]}}],"collection":[{"href":"https:\/\/www.waterskis.lv\/en\/wp-json\/wp\/v2\/product"}],"about":[{"href":"https:\/\/www.waterskis.lv\/en\/wp-json\/wp\/v2\/types\/product"}],"replies":[{"embeddable":true,"href":"https:\/\/www.waterskis.lv\/en\/wp-json\/wp\/v2\/comments?post=62525"}],"wp:featuredmedia":[{"embeddable":true,"href":"https:\/\/www.waterskis.lv\/en\/wp-json\/wp\/v2\/media\/62508"}],"wp:attachment":[{"href":"https:\/\/www.waterskis.lv\/en\/wp-json\/wp\/v2\/media?parent=62525"}],"wp:term":[{"taxonomy":"product_brand","embeddable":true,"href":"https:\/\/www.waterskis.lv\/en\/wp-json\/wp\/v2\/product_brand?post=62525"},{"taxonomy":"product_cat","embeddable":true,"href":"https:\/\/www.waterskis.lv\/en\/wp-json\/wp\/v2\/product_cat?post=62525"},{"taxonomy":"product_tag","embeddable":true,"href":"https:\/\/www.waterskis.lv\/en\/wp-json\/wp\/v2\/product_tag?post=62525"}],"curies":[{"name":"wp","href":"https:\/\/api.w.org\/{rel}","templated":true}]}}