{"id":62581,"date":"2025-02-13T10:43:43","date_gmt":"2025-02-13T08:43:43","guid":{"rendered":"https:\/\/www.waterskis.lv\/product\/spinera-sup-suptour-12-light-366-x-76-x-15-cm-ar-maziem-defektiem-uz-eva\/"},"modified":"2026-02-01T18:07:58","modified_gmt":"2026-02-01T16:07:58","slug":"spinera-sup-board-suptour-12-366-x-76-x-15-cm","status":"publish","type":"product","link":"https:\/\/www.waterskis.lv\/en\/product\/spinera-sup-board-suptour-12-366-x-76-x-15-cm\/","title":{"rendered":"Spinera SUP Board Suptour 12 &#8211; 366 x 76 x 15 cm"},"content":{"rendered":"<h1>Spinera SUP Board Suptour 12 &#8211; 366 x 76 x 15 cm<\/h1>\n<p>Spinera SUP Board Suptour 12 &#8211; 366 x 76 x 15 cm<\/p>\n<p>Art. No.\u00a026087<\/p>\n<p><b>High-Performance Touring Board with Power Stripe for Maximum Stability<\/b><\/p>\n<p>Experience pure performance on the water with the\u00a0<b>Spinera Suptour 12<\/b>, the new touring SUP board from Spinera. The improved construction and the integrated\u00a0<b>Power Stripe<\/b>\u00a0down the center provide additional stability and set new standards in the touring segment.<\/p>\n<p>The Suptour 12 has been designed for ambitious stand-up paddlers who value\u00a0<b>rigidity, stability, and speed<\/b>. With a length of 12 feet (approx. 366 cm), it offers the perfect balance between glide and maneuverability &#8211; ideal for extended tours on lakes, rivers, or the sea.<\/p>\n<p>The robust\u00a0<b>HDDS Technology (High Density Dropstitch)<\/b>\u00a0ensures maximum durability and stiffness. In combination with the new Power Stripe reinforcing the board along the center line, you&#8217;ll benefit from even better power transmission and noticeably increased stability on the water &#8211; even during long-distance tours or challenging conditions.<\/p>\n<p>The\u00a0<b>non-slip EVA deck with diamond-cut texture<\/b>\u00a0provides excellent grip and comfort underfoot. Thanks to the generous\u00a0<b>cargo areas with wide bungee cords at the front and rear<\/b>, you can safely store your gear &#8211; perfect for longer adventures or day trips on the water.<\/p>\n<p>Whether you&#8217;re an experienced paddler or just discovering your passion for touring, the new\u00a0<b>Spinera Suptour 12<\/b>\u00a0delivers an exceptional paddling experience with premium quality and performance.<\/p>\n<p>Get your\u00a0<b>Spinera Suptour 12<\/b>\u00a0&#8211; the touring board for those who want to achieve more on the water!<\/p>\n<p>&nbsp;<\/p>\n<p><b>Specifications:<\/b><\/p>\n<ul>\n<li><b>Category:<\/b>\u00a0Advanced \/ Touring<\/li>\n<li><b>Size:<\/b>\u00a0366 cm x 76 cm x 15 cm<\/li>\n<li><b>Rider weight:<\/b>\u00a0up to 110 kg<\/li>\n<li><b>Maximum load:<\/b>\u00a0155 kg<\/li>\n<li><b>Volume:<\/b>\u00a0335 l<\/li>\n<li><b>Net weight:<\/b>\u00a07.8 kg<\/li>\n<li><b>Gross weight:<\/b>\u00a0xx<\/li>\n<\/ul>\n<p>&nbsp;<\/p>\n<p><b>Construction:<\/b><\/p>\n<ul>\n<li>15 cm HDDS &#8211; High Density Dropstitch<\/li>\n<li>Pressed EVA foam deck with diamond-cut surface<\/li>\n<li>6-point front bungee system \/ 4-point rear bungee system<\/li>\n<li><b>Power Stripe<\/b>\u00a0for enhanced stability<\/li>\n<\/ul>\n<p>&nbsp;<\/p>\n<p><b>Included in the package:<\/b><\/p>\n<ul>\n<li>SUP board<\/li>\n<li>Backpack \/ 600D polyester<\/li>\n<li>Premium Big Volume Double Action Pump<\/li>\n<li>3-piece adjustable performance fiberglass paddle<\/li>\n<li>Slide-in touring fin<\/li>\n<li>Leash<\/li>\n<li>Repair kit (without glue)<\/li>\n<\/ul>\n<p>&nbsp;<\/p>\n<p>INFORMATION: We strongly recommend wearing a buoyancy aid\/vest when using the stand-up paddle board. Buoyancy aids provide buoyancy after a fall into the water and maintain buoyancy and action. A buoyancy aid\/vest is not included.<\/p>\n","protected":false},"excerpt":{"rendered":"<p>https:\/\/www.youtube.com\/watch?v=YXFW9j1Rw00 [&#8230;]<\/p>\n<p><a class=\"btn btn-secondary understrap-read-more-link\" href=\"https:\/\/www.waterskis.lv\/en\/product\/spinera-sup-board-suptour-12-366-x-76-x-15-cm\/\">Read More&#8230;<\/a><\/p>\n","protected":false},"featured_media":68022,"comment_status":"closed","ping_status":"closed","template":"","meta":{"_acf_changed":false,"inline_featured_image":false},"product_brand":[1279],"product_cat":[700,1104,502],"product_tag":[3172,3189,3173,3174,1335,1316,3175,3140,3176,3191],"class_list":{"0":"post-62581","1":"product","2":"type-product","3":"status-publish","4":"has-post-thumbnail","6":"product_brand-spinera-watersports","7":"product_cat-inflatable-sup-boards","8":"product_cat-spinera-inflatable-sups","9":"product_cat-stand-up-paddle-boards","10":"product_tag-aufblasbares-sup","11":"product_tag-spinera","12":"product_tag-stand-up-paddleboard","13":"product_tag-stand-up-paddling","14":"product_tag-sup","15":"product_tag-sup-delis","16":"product_tag-sup-surfer","17":"product_tag-sup-","18":"product_tag-supkayak","19":"product_tag-3191","21":"first","22":"instock","23":"shipping-taxable","24":"purchasable","25":"product-type-simple"},"acf":[],"yoast_head":"<!-- This site is optimized with the Yoast SEO plugin v27.5 - https:\/\/yoast.com\/product\/yoast-seo-wordpress\/ -->\n<title>Spinera SUP Board Suptour 12 - 366 x 76 x 15 cm - WATERSKIS.LV<\/title>\n<meta name=\"description\" content=\"Spinera SUP Board Suptour 12 - 366 x 76 x 15 cm the touring board for those who want to achieve more on the water! With a length of 12 feet (approx. 366 cm)\" \/>\n<meta name=\"robots\" content=\"index, follow, max-snippet:-1, max-image-preview:large, max-video-preview:-1\" \/>\n<link rel=\"canonical\" href=\"https:\/\/www.waterskis.lv\/en\/product\/spinera-sup-board-suptour-12-366-x-76-x-15-cm\/\" \/>\n<meta property=\"og:locale\" content=\"en_US\" \/>\n<meta property=\"og:type\" content=\"article\" \/>\n<meta property=\"og:title\" content=\"Spinera SUP Board Suptour 12 - 366 x 76 x 15 cm - WATERSKIS.LV\" \/>\n<meta property=\"og:description\" content=\"Spinera SUP Board Suptour 12 - 366 x 76 x 15 cm the touring board for those who want to achieve more on the water! With a length of 12 feet (approx. 366 cm)\" \/>\n<meta property=\"og:url\" content=\"https:\/\/www.waterskis.lv\/en\/product\/spinera-sup-board-suptour-12-366-x-76-x-15-cm\/\" \/>\n<meta property=\"og:site_name\" content=\"WATERSKIS.LV\" \/>\n<meta property=\"article:publisher\" content=\"https:\/\/www.facebook.com\/jurmalawaterskiwakeboardpark\/\" \/>\n<meta property=\"article:modified_time\" content=\"2026-02-01T16:07:58+00:00\" \/>\n<meta property=\"og:image\" content=\"https:\/\/www.waterskis.lv\/wp-content\/uploads\/2025\/02\/w26087-set-spinera-suptour-12.0.webp\" \/>\n\t<meta property=\"og:image:width\" content=\"2000\" \/>\n\t<meta property=\"og:image:height\" content=\"2000\" \/>\n\t<meta property=\"og:image:type\" content=\"image\/webp\" \/>\n<meta name=\"twitter:card\" content=\"summary_large_image\" \/>\n<meta name=\"twitter:label1\" content=\"Est. reading time\" \/>\n\t<meta name=\"twitter:data1\" content=\"3 minutes\" \/>\n<script type=\"application\/ld+json\" class=\"yoast-schema-graph\">{\"@context\":\"https:\\\/\\\/schema.org\",\"@graph\":[{\"@type\":\"WebPage\",\"@id\":\"https:\\\/\\\/www.waterskis.lv\\\/en\\\/product\\\/spinera-sup-board-suptour-12-366-x-76-x-15-cm\\\/\",\"url\":\"https:\\\/\\\/www.waterskis.lv\\\/en\\\/product\\\/spinera-sup-board-suptour-12-366-x-76-x-15-cm\\\/\",\"name\":\"Spinera SUP Board Suptour 12 - 366 x 76 x 15 cm - WATERSKIS.LV\",\"isPartOf\":{\"@id\":\"https:\\\/\\\/www.waterskis.lv\\\/en\\\/#website\"},\"primaryImageOfPage\":{\"@id\":\"https:\\\/\\\/www.waterskis.lv\\\/en\\\/product\\\/spinera-sup-board-suptour-12-366-x-76-x-15-cm\\\/#primaryimage\"},\"image\":{\"@id\":\"https:\\\/\\\/www.waterskis.lv\\\/en\\\/product\\\/spinera-sup-board-suptour-12-366-x-76-x-15-cm\\\/#primaryimage\"},\"thumbnailUrl\":\"https:\\\/\\\/www.waterskis.lv\\\/wp-content\\\/uploads\\\/2025\\\/02\\\/w26087-set-spinera-suptour-12.0.webp\",\"datePublished\":\"2025-02-13T08:43:43+00:00\",\"dateModified\":\"2026-02-01T16:07:58+00:00\",\"description\":\"Spinera SUP Board Suptour 12 - 366 x 76 x 15 cm the touring board for those who want to achieve more on the water! With a length of 12 feet (approx. 366 cm)\",\"breadcrumb\":{\"@id\":\"https:\\\/\\\/www.waterskis.lv\\\/en\\\/product\\\/spinera-sup-board-suptour-12-366-x-76-x-15-cm\\\/#breadcrumb\"},\"inLanguage\":\"en-US\",\"potentialAction\":[{\"@type\":\"ReadAction\",\"target\":[\"https:\\\/\\\/www.waterskis.lv\\\/en\\\/product\\\/spinera-sup-board-suptour-12-366-x-76-x-15-cm\\\/\"]}]},{\"@type\":\"ImageObject\",\"inLanguage\":\"en-US\",\"@id\":\"https:\\\/\\\/www.waterskis.lv\\\/en\\\/product\\\/spinera-sup-board-suptour-12-366-x-76-x-15-cm\\\/#primaryimage\",\"url\":\"https:\\\/\\\/www.waterskis.lv\\\/wp-content\\\/uploads\\\/2025\\\/02\\\/w26087-set-spinera-suptour-12.0.webp\",\"contentUrl\":\"https:\\\/\\\/www.waterskis.lv\\\/wp-content\\\/uploads\\\/2025\\\/02\\\/w26087-set-spinera-suptour-12.0.webp\",\"width\":2000,\"height\":2000,\"caption\":\"Spinera SUP d\u0113lis Suptour 12 - 366 x 76 x 15 cm\"},{\"@type\":\"BreadcrumbList\",\"@id\":\"https:\\\/\\\/www.waterskis.lv\\\/en\\\/product\\\/spinera-sup-board-suptour-12-366-x-76-x-15-cm\\\/#breadcrumb\",\"itemListElement\":[{\"@type\":\"ListItem\",\"position\":1,\"name\":\"Home\",\"item\":\"https:\\\/\\\/www.waterskis.lv\\\/en\\\/\"},{\"@type\":\"ListItem\",\"position\":2,\"name\":\"Shop\",\"item\":\"https:\\\/\\\/waterskis.lv\\\/en\\\/shop\\\/\"},{\"@type\":\"ListItem\",\"position\":3,\"name\":\"Spinera SUP Board Suptour 12 &#8211; 366 x 76 x 15 cm\"}]},{\"@type\":\"WebSite\",\"@id\":\"https:\\\/\\\/www.waterskis.lv\\\/en\\\/#website\",\"url\":\"https:\\\/\\\/www.waterskis.lv\\\/en\\\/\",\"name\":\"WATERSKIS.LV\",\"description\":\"SUP d\u0113\u013ci, kajaki, kanoe, airu laivas, \u016bdenssl\u0113po\u0161ana, veikbords, SUP d\u0113\u013cu noma, kajaku nomaakt\u012bv\u0101s atp\u016btas centrs, laivu noma, sup noma, kajaku noma\",\"publisher\":{\"@id\":\"https:\\\/\\\/www.waterskis.lv\\\/en\\\/#organization\"},\"potentialAction\":[{\"@type\":\"SearchAction\",\"target\":{\"@type\":\"EntryPoint\",\"urlTemplate\":\"https:\\\/\\\/www.waterskis.lv\\\/en\\\/?s={search_term_string}\"},\"query-input\":{\"@type\":\"PropertyValueSpecification\",\"valueRequired\":true,\"valueName\":\"search_term_string\"}}],\"inLanguage\":\"en-US\"},{\"@type\":\"Organization\",\"@id\":\"https:\\\/\\\/www.waterskis.lv\\\/en\\\/#organization\",\"name\":\"WATERSKIS.LV\",\"url\":\"https:\\\/\\\/www.waterskis.lv\\\/en\\\/\",\"logo\":{\"@type\":\"ImageObject\",\"inLanguage\":\"en-US\",\"@id\":\"https:\\\/\\\/www.waterskis.lv\\\/en\\\/#\\\/schema\\\/logo\\\/image\\\/\",\"url\":\"https:\\\/\\\/www.waterskis.lv\\\/wp-content\\\/uploads\\\/2025\\\/01\\\/JUVP-logo.png\",\"contentUrl\":\"https:\\\/\\\/www.waterskis.lv\\\/wp-content\\\/uploads\\\/2025\\\/01\\\/JUVP-logo.png\",\"width\":421,\"height\":202,\"caption\":\"WATERSKIS.LV\"},\"image\":{\"@id\":\"https:\\\/\\\/www.waterskis.lv\\\/en\\\/#\\\/schema\\\/logo\\\/image\\\/\"},\"sameAs\":[\"https:\\\/\\\/www.facebook.com\\\/jurmalawaterskiwakeboardpark\\\/\"]}]}<\/script>\n<!-- \/ Yoast SEO plugin. -->","yoast_head_json":{"title":"Spinera SUP Board Suptour 12 - 366 x 76 x 15 cm - WATERSKIS.LV","description":"Spinera SUP Board Suptour 12 - 366 x 76 x 15 cm the touring board for those who want to achieve more on the water! With a length of 12 feet (approx. 366 cm)","robots":{"index":"index","follow":"follow","max-snippet":"max-snippet:-1","max-image-preview":"max-image-preview:large","max-video-preview":"max-video-preview:-1"},"canonical":"https:\/\/www.waterskis.lv\/en\/product\/spinera-sup-board-suptour-12-366-x-76-x-15-cm\/","og_locale":"en_US","og_type":"article","og_title":"Spinera SUP Board Suptour 12 - 366 x 76 x 15 cm - WATERSKIS.LV","og_description":"Spinera SUP Board Suptour 12 - 366 x 76 x 15 cm the touring board for those who want to achieve more on the water! With a length of 12 feet (approx. 366 cm)","og_url":"https:\/\/www.waterskis.lv\/en\/product\/spinera-sup-board-suptour-12-366-x-76-x-15-cm\/","og_site_name":"WATERSKIS.LV","article_publisher":"https:\/\/www.facebook.com\/jurmalawaterskiwakeboardpark\/","article_modified_time":"2026-02-01T16:07:58+00:00","og_image":[{"width":2000,"height":2000,"url":"https:\/\/www.waterskis.lv\/wp-content\/uploads\/2025\/02\/w26087-set-spinera-suptour-12.0.webp","type":"image\/webp"}],"twitter_card":"summary_large_image","twitter_misc":{"Est. reading time":"3 minutes"},"schema":{"@context":"https:\/\/schema.org","@graph":[{"@type":"WebPage","@id":"https:\/\/www.waterskis.lv\/en\/product\/spinera-sup-board-suptour-12-366-x-76-x-15-cm\/","url":"https:\/\/www.waterskis.lv\/en\/product\/spinera-sup-board-suptour-12-366-x-76-x-15-cm\/","name":"Spinera SUP Board Suptour 12 - 366 x 76 x 15 cm - WATERSKIS.LV","isPartOf":{"@id":"https:\/\/www.waterskis.lv\/en\/#website"},"primaryImageOfPage":{"@id":"https:\/\/www.waterskis.lv\/en\/product\/spinera-sup-board-suptour-12-366-x-76-x-15-cm\/#primaryimage"},"image":{"@id":"https:\/\/www.waterskis.lv\/en\/product\/spinera-sup-board-suptour-12-366-x-76-x-15-cm\/#primaryimage"},"thumbnailUrl":"https:\/\/www.waterskis.lv\/wp-content\/uploads\/2025\/02\/w26087-set-spinera-suptour-12.0.webp","datePublished":"2025-02-13T08:43:43+00:00","dateModified":"2026-02-01T16:07:58+00:00","description":"Spinera SUP Board Suptour 12 - 366 x 76 x 15 cm the touring board for those who want to achieve more on the water! With a length of 12 feet (approx. 366 cm)","breadcrumb":{"@id":"https:\/\/www.waterskis.lv\/en\/product\/spinera-sup-board-suptour-12-366-x-76-x-15-cm\/#breadcrumb"},"inLanguage":"en-US","potentialAction":[{"@type":"ReadAction","target":["https:\/\/www.waterskis.lv\/en\/product\/spinera-sup-board-suptour-12-366-x-76-x-15-cm\/"]}]},{"@type":"ImageObject","inLanguage":"en-US","@id":"https:\/\/www.waterskis.lv\/en\/product\/spinera-sup-board-suptour-12-366-x-76-x-15-cm\/#primaryimage","url":"https:\/\/www.waterskis.lv\/wp-content\/uploads\/2025\/02\/w26087-set-spinera-suptour-12.0.webp","contentUrl":"https:\/\/www.waterskis.lv\/wp-content\/uploads\/2025\/02\/w26087-set-spinera-suptour-12.0.webp","width":2000,"height":2000,"caption":"Spinera SUP d\u0113lis Suptour 12 - 366 x 76 x 15 cm"},{"@type":"BreadcrumbList","@id":"https:\/\/www.waterskis.lv\/en\/product\/spinera-sup-board-suptour-12-366-x-76-x-15-cm\/#breadcrumb","itemListElement":[{"@type":"ListItem","position":1,"name":"Home","item":"https:\/\/www.waterskis.lv\/en\/"},{"@type":"ListItem","position":2,"name":"Shop","item":"https:\/\/waterskis.lv\/en\/shop\/"},{"@type":"ListItem","position":3,"name":"Spinera SUP Board Suptour 12 &#8211; 366 x 76 x 15 cm"}]},{"@type":"WebSite","@id":"https:\/\/www.waterskis.lv\/en\/#website","url":"https:\/\/www.waterskis.lv\/en\/","name":"WATERSKIS.LV","description":"SUP d\u0113\u013ci, kajaki, kanoe, airu laivas, \u016bdenssl\u0113po\u0161ana, veikbords, SUP d\u0113\u013cu noma, kajaku nomaakt\u012bv\u0101s atp\u016btas centrs, laivu noma, sup noma, kajaku noma","publisher":{"@id":"https:\/\/www.waterskis.lv\/en\/#organization"},"potentialAction":[{"@type":"SearchAction","target":{"@type":"EntryPoint","urlTemplate":"https:\/\/www.waterskis.lv\/en\/?s={search_term_string}"},"query-input":{"@type":"PropertyValueSpecification","valueRequired":true,"valueName":"search_term_string"}}],"inLanguage":"en-US"},{"@type":"Organization","@id":"https:\/\/www.waterskis.lv\/en\/#organization","name":"WATERSKIS.LV","url":"https:\/\/www.waterskis.lv\/en\/","logo":{"@type":"ImageObject","inLanguage":"en-US","@id":"https:\/\/www.waterskis.lv\/en\/#\/schema\/logo\/image\/","url":"https:\/\/www.waterskis.lv\/wp-content\/uploads\/2025\/01\/JUVP-logo.png","contentUrl":"https:\/\/www.waterskis.lv\/wp-content\/uploads\/2025\/01\/JUVP-logo.png","width":421,"height":202,"caption":"WATERSKIS.LV"},"image":{"@id":"https:\/\/www.waterskis.lv\/en\/#\/schema\/logo\/image\/"},"sameAs":["https:\/\/www.facebook.com\/jurmalawaterskiwakeboardpark\/"]}]}},"_links":{"self":[{"href":"https:\/\/www.waterskis.lv\/en\/wp-json\/wp\/v2\/product\/62581","targetHints":{"allow":["GET"]}}],"collection":[{"href":"https:\/\/www.waterskis.lv\/en\/wp-json\/wp\/v2\/product"}],"about":[{"href":"https:\/\/www.waterskis.lv\/en\/wp-json\/wp\/v2\/types\/product"}],"replies":[{"embeddable":true,"href":"https:\/\/www.waterskis.lv\/en\/wp-json\/wp\/v2\/comments?post=62581"}],"wp:featuredmedia":[{"embeddable":true,"href":"https:\/\/www.waterskis.lv\/en\/wp-json\/wp\/v2\/media\/68022"}],"wp:attachment":[{"href":"https:\/\/www.waterskis.lv\/en\/wp-json\/wp\/v2\/media?parent=62581"}],"wp:term":[{"taxonomy":"product_brand","embeddable":true,"href":"https:\/\/www.waterskis.lv\/en\/wp-json\/wp\/v2\/product_brand?post=62581"},{"taxonomy":"product_cat","embeddable":true,"href":"https:\/\/www.waterskis.lv\/en\/wp-json\/wp\/v2\/product_cat?post=62581"},{"taxonomy":"product_tag","embeddable":true,"href":"https:\/\/www.waterskis.lv\/en\/wp-json\/wp\/v2\/product_tag?post=62581"}],"curies":[{"name":"wp","href":"https:\/\/api.w.org\/{rel}","templated":true}]}}