{"id":62689,"date":"2025-02-13T14:05:28","date_gmt":"2025-02-13T12:05:28","guid":{"rendered":"https:\/\/www.waterskis.lv\/product\/sup-delis-spinera-lets-paddle-11-6-116x32-7x6-350x83x15\/"},"modified":"2026-02-01T18:00:04","modified_gmt":"2026-02-01T16:00:04","slug":"spinera-lets-paddle-sup-board-11-6-116x32-7x6-350x83x15cm","status":"publish","type":"product","link":"https:\/\/www.waterskis.lv\/en\/product\/spinera-lets-paddle-sup-board-11-6-116x32-7x6-350x83x15cm\/","title":{"rendered":"Spinera Lets Paddle SUP Board 11.6 &#8211; 11&#8217;6&#8243;x32.7&#8243;x6&#8243; &#8211; 350x83x15cm"},"content":{"rendered":"<h1>Spinera Lets Paddle SUP Board 11.6 &#8211; 11&#8217;6&#8243;x32.7&#8243;x6&#8243; &#8211; 350x83x15cm<\/h1>\n<p>Spinera Lets Paddle SUP Board 11.6 &#8211; 11&#8217;6&#8243;x32.7&#8243;x6&#8243; &#8211; 350x83x15cm<\/p>\n<p>Art. No.\u00a025002<\/p>\n<p>The LETS PADDLE 11&#8217;6&#8221; SUP offers the ideal balance of stability, performance, and comfort.<\/p>\n<p>With dimensions of 350x83x15 cm (11&#8217;6&#8243; x 32.7&#8243; x 6&#8243;) and a 15 cm HDDS (High Density Dropstitch) construction, it is robust yet lightweight enough for easy transport.<\/p>\n<p>&nbsp;<\/p>\n<p>The board provides the best paddling experience for riders weighing up to 120 kg, but can support a maximum total weight of 165 kg.<\/p>\n<p>&nbsp;<\/p>\n<p><b>Features:<\/b><\/p>\n<p>&nbsp;<\/p>\n<ul>\n<li>15 cm HDDS (High Density Dropstitch)<\/li>\n<li>Pressed diamond-cut EVA top for grip and comfort<\/li>\n<li>D-rings for attaching a kayak seat<\/li>\n<li>4-point bungee cord for storage<\/li>\n<\/ul>\n<p>&nbsp;<\/p>\n<p><b>Included:<\/b><\/p>\n<p>&nbsp;<\/p>\n<ul>\n<li>SUP Board<\/li>\n<li>Carrying bag<\/li>\n<li>Large center fin<\/li>\n<li>3-piece SUP aluminum paddle (teal)<\/li>\n<li>Double Action Classic Pro Pump<\/li>\n<li>Leash<\/li>\n<li>Repair kit without glue<\/li>\n<\/ul>\n<p>&nbsp;<\/p>\n<p>With the LETS PADDLE 11&#8217;6&#8221;, you&#8217;re fully equipped to enjoy fun on lakes, rivers, or the sea. Simply inflate, start paddling, and enjoy the water!<\/p>\n<p>&nbsp;<\/p>\n<p>NOTE: We strongly recommend wearing a personal flotation device\/life jacket when using the stand-up paddle board. Flotation devices provide buoyancy after falling into the water and help maintain swimming and mobility. A flotation device\/life jacket is not included.<\/p>\n","protected":false},"excerpt":{"rendered":"<ul>\n<li>Category: All-round FUN (touring)<\/li>\n<li>Rider weight: best experience up to 120 kg (load capacity up to 165 kg)<\/li>\n<li>Dimensions: 350 \u00d7 83 \u00d7 15 cm<\/li>\n<li>Construction: 15 cm HDDS (High Density Dropstitch) construction<\/li>\n<li>Includes: backpack, paddle, pump, leash, center fin, repair kit (without glue)<\/li>\n<\/ul>\n<p> [&#8230;]<\/p>\n<p><a class=\"btn btn-secondary understrap-read-more-link\" href=\"https:\/\/www.waterskis.lv\/en\/product\/spinera-lets-paddle-sup-board-11-6-116x32-7x6-350x83x15cm\/\">Read More&#8230;<\/a><\/p>\n","protected":false},"featured_media":67997,"comment_status":"closed","ping_status":"closed","template":"","meta":{"_acf_changed":false,"inline_featured_image":false},"product_brand":[1279],"product_cat":[700,1104,502],"product_tag":[3172,1334,3189,3173,3174,1335,3131,1336,1316,3175,3140,3176,3141],"class_list":{"0":"post-62689","1":"product","2":"type-product","3":"status-publish","4":"has-post-thumbnail","6":"product_brand-spinera-watersports","7":"product_cat-inflatable-sup-boards","8":"product_cat-spinera-inflatable-sups","9":"product_cat-stand-up-paddle-boards","10":"product_tag-aufblasbares-sup","11":"product_tag-paddle-boards","12":"product_tag-spinera","13":"product_tag-stand-up-paddleboard","14":"product_tag-stand-up-paddling","15":"product_tag-sup","16":"product_tag-sup-boards","17":"product_tag-sup-deli","18":"product_tag-sup-delis","19":"product_tag-sup-surfer","20":"product_tag-sup-","21":"product_tag-supkayak","22":"product_tag-3141","24":"first","25":"instock","26":"shipping-taxable","27":"purchasable","28":"product-type-simple"},"acf":[],"yoast_head":"<!-- This site is optimized with the Yoast SEO plugin v27.4 - https:\/\/yoast.com\/product\/yoast-seo-wordpress\/ -->\n<title>Spinera Lets Paddle SUP Board 11.6 - 11&#039;6&quot;x32.7&quot;x6&quot; - 350x83x15cm - WATERSKIS.LV<\/title>\n<meta name=\"description\" content=\"Spinera Lets Paddle SUP Board 11.6 - 11&#039;6&quot;x32.7&quot;x6&quot; - 350x83x15cm High Density Dropstitch construction is robust yet lightweight enough for easy transport\" \/>\n<meta name=\"robots\" content=\"index, follow, max-snippet:-1, max-image-preview:large, max-video-preview:-1\" \/>\n<link rel=\"canonical\" href=\"https:\/\/www.waterskis.lv\/en\/product\/spinera-lets-paddle-sup-board-11-6-116x32-7x6-350x83x15cm\/\" \/>\n<meta property=\"og:locale\" content=\"en_US\" \/>\n<meta property=\"og:type\" content=\"article\" \/>\n<meta property=\"og:title\" content=\"Spinera Lets Paddle SUP Board 11.6 - 11&#039;6&quot;x32.7&quot;x6&quot; - 350x83x15cm - WATERSKIS.LV\" \/>\n<meta property=\"og:description\" content=\"Spinera Lets Paddle SUP Board 11.6 - 11&#039;6&quot;x32.7&quot;x6&quot; - 350x83x15cm High Density Dropstitch construction is robust yet lightweight enough for easy transport\" \/>\n<meta property=\"og:url\" content=\"https:\/\/www.waterskis.lv\/en\/product\/spinera-lets-paddle-sup-board-11-6-116x32-7x6-350x83x15cm\/\" \/>\n<meta property=\"og:site_name\" content=\"WATERSKIS.LV\" \/>\n<meta property=\"article:publisher\" content=\"https:\/\/www.facebook.com\/jurmalawaterskiwakeboardpark\/\" \/>\n<meta property=\"article:modified_time\" content=\"2026-02-01T16:00:04+00:00\" \/>\n<meta property=\"og:image\" content=\"https:\/\/www.waterskis.lv\/wp-content\/uploads\/2025\/02\/25002_spinera_lets_paddle_11_6_25002_1.webp\" \/>\n\t<meta property=\"og:image:width\" content=\"2000\" \/>\n\t<meta property=\"og:image:height\" content=\"2000\" \/>\n\t<meta property=\"og:image:type\" content=\"image\/webp\" \/>\n<meta name=\"twitter:card\" content=\"summary_large_image\" \/>\n<meta name=\"twitter:label1\" content=\"Est. reading time\" \/>\n\t<meta name=\"twitter:data1\" content=\"2 minutes\" \/>\n<script type=\"application\/ld+json\" class=\"yoast-schema-graph\">{\"@context\":\"https:\\\/\\\/schema.org\",\"@graph\":[{\"@type\":\"WebPage\",\"@id\":\"https:\\\/\\\/www.waterskis.lv\\\/en\\\/product\\\/spinera-lets-paddle-sup-board-11-6-116x32-7x6-350x83x15cm\\\/\",\"url\":\"https:\\\/\\\/www.waterskis.lv\\\/en\\\/product\\\/spinera-lets-paddle-sup-board-11-6-116x32-7x6-350x83x15cm\\\/\",\"name\":\"Spinera Lets Paddle SUP Board 11.6 - 11'6\\\"x32.7\\\"x6\\\" - 350x83x15cm - WATERSKIS.LV\",\"isPartOf\":{\"@id\":\"https:\\\/\\\/www.waterskis.lv\\\/en\\\/#website\"},\"primaryImageOfPage\":{\"@id\":\"https:\\\/\\\/www.waterskis.lv\\\/en\\\/product\\\/spinera-lets-paddle-sup-board-11-6-116x32-7x6-350x83x15cm\\\/#primaryimage\"},\"image\":{\"@id\":\"https:\\\/\\\/www.waterskis.lv\\\/en\\\/product\\\/spinera-lets-paddle-sup-board-11-6-116x32-7x6-350x83x15cm\\\/#primaryimage\"},\"thumbnailUrl\":\"https:\\\/\\\/www.waterskis.lv\\\/wp-content\\\/uploads\\\/2025\\\/02\\\/25002_spinera_lets_paddle_11_6_25002_1.webp\",\"datePublished\":\"2025-02-13T12:05:28+00:00\",\"dateModified\":\"2026-02-01T16:00:04+00:00\",\"description\":\"Spinera Lets Paddle SUP Board 11.6 - 11'6\\\"x32.7\\\"x6\\\" - 350x83x15cm High Density Dropstitch construction is robust yet lightweight enough for easy transport\",\"breadcrumb\":{\"@id\":\"https:\\\/\\\/www.waterskis.lv\\\/en\\\/product\\\/spinera-lets-paddle-sup-board-11-6-116x32-7x6-350x83x15cm\\\/#breadcrumb\"},\"inLanguage\":\"en-US\",\"potentialAction\":[{\"@type\":\"ReadAction\",\"target\":[\"https:\\\/\\\/www.waterskis.lv\\\/en\\\/product\\\/spinera-lets-paddle-sup-board-11-6-116x32-7x6-350x83x15cm\\\/\"]}]},{\"@type\":\"ImageObject\",\"inLanguage\":\"en-US\",\"@id\":\"https:\\\/\\\/www.waterskis.lv\\\/en\\\/product\\\/spinera-lets-paddle-sup-board-11-6-116x32-7x6-350x83x15cm\\\/#primaryimage\",\"url\":\"https:\\\/\\\/www.waterskis.lv\\\/wp-content\\\/uploads\\\/2025\\\/02\\\/25002_spinera_lets_paddle_11_6_25002_1.webp\",\"contentUrl\":\"https:\\\/\\\/www.waterskis.lv\\\/wp-content\\\/uploads\\\/2025\\\/02\\\/25002_spinera_lets_paddle_11_6_25002_1.webp\",\"width\":2000,\"height\":2000,\"caption\":\"SUP d\u0113lis Spinera Lets Paddle 11.6 - 11'6\\\"x32.7\\\"x6\\\" - 350x83x15\"},{\"@type\":\"BreadcrumbList\",\"@id\":\"https:\\\/\\\/www.waterskis.lv\\\/en\\\/product\\\/spinera-lets-paddle-sup-board-11-6-116x32-7x6-350x83x15cm\\\/#breadcrumb\",\"itemListElement\":[{\"@type\":\"ListItem\",\"position\":1,\"name\":\"Home\",\"item\":\"https:\\\/\\\/www.waterskis.lv\\\/en\\\/\"},{\"@type\":\"ListItem\",\"position\":2,\"name\":\"Shop\",\"item\":\"https:\\\/\\\/waterskis.lv\\\/en\\\/shop\\\/\"},{\"@type\":\"ListItem\",\"position\":3,\"name\":\"Spinera Lets Paddle SUP Board 11.6 &#8211; 11&#8217;6&#8243;x32.7&#8243;x6&#8243; &#8211; 350x83x15cm\"}]},{\"@type\":\"WebSite\",\"@id\":\"https:\\\/\\\/www.waterskis.lv\\\/en\\\/#website\",\"url\":\"https:\\\/\\\/www.waterskis.lv\\\/en\\\/\",\"name\":\"WATERSKIS.LV\",\"description\":\"SUP d\u0113\u013ci, kajaki, kanoe, airu laivas, \u016bdenssl\u0113po\u0161ana, veikbords, SUP d\u0113\u013cu noma, kajaku nomaakt\u012bv\u0101s atp\u016btas centrs, laivu noma, sup noma, kajaku noma\",\"publisher\":{\"@id\":\"https:\\\/\\\/www.waterskis.lv\\\/en\\\/#organization\"},\"potentialAction\":[{\"@type\":\"SearchAction\",\"target\":{\"@type\":\"EntryPoint\",\"urlTemplate\":\"https:\\\/\\\/www.waterskis.lv\\\/en\\\/?s={search_term_string}\"},\"query-input\":{\"@type\":\"PropertyValueSpecification\",\"valueRequired\":true,\"valueName\":\"search_term_string\"}}],\"inLanguage\":\"en-US\"},{\"@type\":\"Organization\",\"@id\":\"https:\\\/\\\/www.waterskis.lv\\\/en\\\/#organization\",\"name\":\"WATERSKIS.LV\",\"url\":\"https:\\\/\\\/www.waterskis.lv\\\/en\\\/\",\"logo\":{\"@type\":\"ImageObject\",\"inLanguage\":\"en-US\",\"@id\":\"https:\\\/\\\/www.waterskis.lv\\\/en\\\/#\\\/schema\\\/logo\\\/image\\\/\",\"url\":\"https:\\\/\\\/www.waterskis.lv\\\/wp-content\\\/uploads\\\/2025\\\/01\\\/JUVP-logo.png\",\"contentUrl\":\"https:\\\/\\\/www.waterskis.lv\\\/wp-content\\\/uploads\\\/2025\\\/01\\\/JUVP-logo.png\",\"width\":421,\"height\":202,\"caption\":\"WATERSKIS.LV\"},\"image\":{\"@id\":\"https:\\\/\\\/www.waterskis.lv\\\/en\\\/#\\\/schema\\\/logo\\\/image\\\/\"},\"sameAs\":[\"https:\\\/\\\/www.facebook.com\\\/jurmalawaterskiwakeboardpark\\\/\"]}]}<\/script>\n<!-- \/ Yoast SEO plugin. -->","yoast_head_json":{"title":"Spinera Lets Paddle SUP Board 11.6 - 11'6\"x32.7\"x6\" - 350x83x15cm - WATERSKIS.LV","description":"Spinera Lets Paddle SUP Board 11.6 - 11'6\"x32.7\"x6\" - 350x83x15cm High Density Dropstitch construction is robust yet lightweight enough for easy transport","robots":{"index":"index","follow":"follow","max-snippet":"max-snippet:-1","max-image-preview":"max-image-preview:large","max-video-preview":"max-video-preview:-1"},"canonical":"https:\/\/www.waterskis.lv\/en\/product\/spinera-lets-paddle-sup-board-11-6-116x32-7x6-350x83x15cm\/","og_locale":"en_US","og_type":"article","og_title":"Spinera Lets Paddle SUP Board 11.6 - 11'6\"x32.7\"x6\" - 350x83x15cm - WATERSKIS.LV","og_description":"Spinera Lets Paddle SUP Board 11.6 - 11'6\"x32.7\"x6\" - 350x83x15cm High Density Dropstitch construction is robust yet lightweight enough for easy transport","og_url":"https:\/\/www.waterskis.lv\/en\/product\/spinera-lets-paddle-sup-board-11-6-116x32-7x6-350x83x15cm\/","og_site_name":"WATERSKIS.LV","article_publisher":"https:\/\/www.facebook.com\/jurmalawaterskiwakeboardpark\/","article_modified_time":"2026-02-01T16:00:04+00:00","og_image":[{"width":2000,"height":2000,"url":"https:\/\/www.waterskis.lv\/wp-content\/uploads\/2025\/02\/25002_spinera_lets_paddle_11_6_25002_1.webp","type":"image\/webp"}],"twitter_card":"summary_large_image","twitter_misc":{"Est. reading time":"2 minutes"},"schema":{"@context":"https:\/\/schema.org","@graph":[{"@type":"WebPage","@id":"https:\/\/www.waterskis.lv\/en\/product\/spinera-lets-paddle-sup-board-11-6-116x32-7x6-350x83x15cm\/","url":"https:\/\/www.waterskis.lv\/en\/product\/spinera-lets-paddle-sup-board-11-6-116x32-7x6-350x83x15cm\/","name":"Spinera Lets Paddle SUP Board 11.6 - 11'6\"x32.7\"x6\" - 350x83x15cm - WATERSKIS.LV","isPartOf":{"@id":"https:\/\/www.waterskis.lv\/en\/#website"},"primaryImageOfPage":{"@id":"https:\/\/www.waterskis.lv\/en\/product\/spinera-lets-paddle-sup-board-11-6-116x32-7x6-350x83x15cm\/#primaryimage"},"image":{"@id":"https:\/\/www.waterskis.lv\/en\/product\/spinera-lets-paddle-sup-board-11-6-116x32-7x6-350x83x15cm\/#primaryimage"},"thumbnailUrl":"https:\/\/www.waterskis.lv\/wp-content\/uploads\/2025\/02\/25002_spinera_lets_paddle_11_6_25002_1.webp","datePublished":"2025-02-13T12:05:28+00:00","dateModified":"2026-02-01T16:00:04+00:00","description":"Spinera Lets Paddle SUP Board 11.6 - 11'6\"x32.7\"x6\" - 350x83x15cm High Density Dropstitch construction is robust yet lightweight enough for easy transport","breadcrumb":{"@id":"https:\/\/www.waterskis.lv\/en\/product\/spinera-lets-paddle-sup-board-11-6-116x32-7x6-350x83x15cm\/#breadcrumb"},"inLanguage":"en-US","potentialAction":[{"@type":"ReadAction","target":["https:\/\/www.waterskis.lv\/en\/product\/spinera-lets-paddle-sup-board-11-6-116x32-7x6-350x83x15cm\/"]}]},{"@type":"ImageObject","inLanguage":"en-US","@id":"https:\/\/www.waterskis.lv\/en\/product\/spinera-lets-paddle-sup-board-11-6-116x32-7x6-350x83x15cm\/#primaryimage","url":"https:\/\/www.waterskis.lv\/wp-content\/uploads\/2025\/02\/25002_spinera_lets_paddle_11_6_25002_1.webp","contentUrl":"https:\/\/www.waterskis.lv\/wp-content\/uploads\/2025\/02\/25002_spinera_lets_paddle_11_6_25002_1.webp","width":2000,"height":2000,"caption":"SUP d\u0113lis Spinera Lets Paddle 11.6 - 11'6\"x32.7\"x6\" - 350x83x15"},{"@type":"BreadcrumbList","@id":"https:\/\/www.waterskis.lv\/en\/product\/spinera-lets-paddle-sup-board-11-6-116x32-7x6-350x83x15cm\/#breadcrumb","itemListElement":[{"@type":"ListItem","position":1,"name":"Home","item":"https:\/\/www.waterskis.lv\/en\/"},{"@type":"ListItem","position":2,"name":"Shop","item":"https:\/\/waterskis.lv\/en\/shop\/"},{"@type":"ListItem","position":3,"name":"Spinera Lets Paddle SUP Board 11.6 &#8211; 11&#8217;6&#8243;x32.7&#8243;x6&#8243; &#8211; 350x83x15cm"}]},{"@type":"WebSite","@id":"https:\/\/www.waterskis.lv\/en\/#website","url":"https:\/\/www.waterskis.lv\/en\/","name":"WATERSKIS.LV","description":"SUP d\u0113\u013ci, kajaki, kanoe, airu laivas, \u016bdenssl\u0113po\u0161ana, veikbords, SUP d\u0113\u013cu noma, kajaku nomaakt\u012bv\u0101s atp\u016btas centrs, laivu noma, sup noma, kajaku noma","publisher":{"@id":"https:\/\/www.waterskis.lv\/en\/#organization"},"potentialAction":[{"@type":"SearchAction","target":{"@type":"EntryPoint","urlTemplate":"https:\/\/www.waterskis.lv\/en\/?s={search_term_string}"},"query-input":{"@type":"PropertyValueSpecification","valueRequired":true,"valueName":"search_term_string"}}],"inLanguage":"en-US"},{"@type":"Organization","@id":"https:\/\/www.waterskis.lv\/en\/#organization","name":"WATERSKIS.LV","url":"https:\/\/www.waterskis.lv\/en\/","logo":{"@type":"ImageObject","inLanguage":"en-US","@id":"https:\/\/www.waterskis.lv\/en\/#\/schema\/logo\/image\/","url":"https:\/\/www.waterskis.lv\/wp-content\/uploads\/2025\/01\/JUVP-logo.png","contentUrl":"https:\/\/www.waterskis.lv\/wp-content\/uploads\/2025\/01\/JUVP-logo.png","width":421,"height":202,"caption":"WATERSKIS.LV"},"image":{"@id":"https:\/\/www.waterskis.lv\/en\/#\/schema\/logo\/image\/"},"sameAs":["https:\/\/www.facebook.com\/jurmalawaterskiwakeboardpark\/"]}]}},"_links":{"self":[{"href":"https:\/\/www.waterskis.lv\/en\/wp-json\/wp\/v2\/product\/62689","targetHints":{"allow":["GET"]}}],"collection":[{"href":"https:\/\/www.waterskis.lv\/en\/wp-json\/wp\/v2\/product"}],"about":[{"href":"https:\/\/www.waterskis.lv\/en\/wp-json\/wp\/v2\/types\/product"}],"replies":[{"embeddable":true,"href":"https:\/\/www.waterskis.lv\/en\/wp-json\/wp\/v2\/comments?post=62689"}],"wp:featuredmedia":[{"embeddable":true,"href":"https:\/\/www.waterskis.lv\/en\/wp-json\/wp\/v2\/media\/67997"}],"wp:attachment":[{"href":"https:\/\/www.waterskis.lv\/en\/wp-json\/wp\/v2\/media?parent=62689"}],"wp:term":[{"taxonomy":"product_brand","embeddable":true,"href":"https:\/\/www.waterskis.lv\/en\/wp-json\/wp\/v2\/product_brand?post=62689"},{"taxonomy":"product_cat","embeddable":true,"href":"https:\/\/www.waterskis.lv\/en\/wp-json\/wp\/v2\/product_cat?post=62689"},{"taxonomy":"product_tag","embeddable":true,"href":"https:\/\/www.waterskis.lv\/en\/wp-json\/wp\/v2\/product_tag?post=62689"}],"curies":[{"name":"wp","href":"https:\/\/api.w.org\/{rel}","templated":true}]}}