{"id":62889,"date":"2025-02-14T14:17:58","date_gmt":"2025-02-14T12:17:58","guid":{"rendered":"https:\/\/www.waterskis.lv\/product\/sup-delis-aqua-marina-race-2022-427-x-69-x-15-cm\/"},"modified":"2026-02-01T13:02:33","modified_gmt":"2026-02-01T11:02:33","slug":"aqua-marina-race-paddleboard-2022-427-x-69-x-15cm","status":"publish","type":"product","link":"https:\/\/www.waterskis.lv\/en\/product\/aqua-marina-race-paddleboard-2022-427-x-69-x-15cm\/","title":{"rendered":"Aqua Marina Race Paddleboard 2022 427 x 69 x 15cm"},"content":{"rendered":"<h1>Aqua Marina Race Paddleboard 2022 427 x 69 x 15cm<\/h1>\n<p>Aqua Marina Race Paddleboard 2022 427 x 69 x 15cm<\/p>\n<p><b>The new Aqua Marina RACE<\/b><\/p>\n<p>is in two lengths of 12&#8217;6&#8243; and 14&#8217;0&#8243;, in widths of 27, which gives enough stability to be in control when conditions get choppy, yet fast and slippery to cover distances quickly.<\/p>\n<p>With our new Carbon Fiber Reinforcement Technology, combined with lightweight Double Layer Technology, these boards are much stiffer yetlighter.<\/p>\n<p>You would be astonished at their outstanding rigidity. The combination of speed,<\/p>\n<p>stability and floatation is so impressive for such narrow boards. The tool-free slide-in Race fin makes the new RACE a ready-to-race package.<\/p>\n<p>&nbsp;<\/p>\n<p><b>Key features<\/b><\/p>\n<ul>\n<li><b>OUTLINE<\/b>: Streamlined outline for clean and fast waterline and efficient strokes<\/li>\n<li><b>DECK FOOTPAD<\/b>: Non-print EVA footpad of diamond grooving crocodile skin, ensuring ultimate grip and comfort<\/li>\n<li><b>CARRY HANDLE<\/b>: Solid neoprene carry handle specifically designed for a comfortable grasp<\/li>\n<li><b>SIDE RAIL PAD<\/b>: Built-in side rail pad design helping riders easily find balance during high-speed paddling<\/li>\n<li><b>RUBBER PATCHED VALVE<\/b>: Upgraded air valve rubber patch providing user-friendly instructions and better airtightness in harsh environments<\/li>\n<li><b>KICK PAD<\/b>: Newly-designed tail kick pad for critical bottom turns and cutbacks<\/li>\n<li><b>TECHNOLOGY<\/b>: Double Layer Technology for weight reduction and increase in stiffness, combined with quadruple stringers for extra rigidity and less power loss during paddling<\/li>\n<li><b>RAIL EDGE<\/b>: Molded hydrodynamic rail edge design creating clean water release and highly improved paddling efficiency<\/li>\n<li><b>FIN SYSTEM<\/b>: Removable slide-in Racing Fin for good tracking ability<\/li>\n<\/ul>\n<p>&nbsp;<\/p>\n<p><b>Race 14\u00b40 SPECIFICATIONS<\/b><\/p>\n<ul>\n<li>Length: 14&#8217;0&#8243; \/ 427cm<\/li>\n<li>Width: 27&#8243; \/ 69cm<\/li>\n<li>Thickness: 6&#8243; \/ 15cm<\/li>\n<li>Volume: 360L<\/li>\n<li>Net weight: 26.5 lbs \/ 12 kg<\/li>\n<li>Max. payload: 352 lbs \/ 160 kg<\/li>\n<li>Max. air pressure: 18 psi<\/li>\n<\/ul>\n<p>&nbsp;<\/p>\n<p><b>Package includes<\/b><\/p>\n<p>Zip Backpack, Double Action Pump Liquid Air V2, Safety Coil Leash, Racing fin<\/p>\n<p>&nbsp;<\/p>\n<p><b>Keywords for this item<\/b><\/p>\n<p>I SUP, Aufblasbares SUP, Stand Up Paddling, SUP Surfer, Stand Up Paddleboard, Aquamarina<\/p>\n<p>INFORMATION: We strongly recommend wearing a floating device\/buoyancy aid when using the stand up paddle board. Floating devices\/buoyancy aids give lift after a fall into the water and maintain the ability to swim and move. A floating device\/buoyancy aid is not included in scope of delivery.<\/p>\n","protected":false},"excerpt":{"rendered":"<p>https:\/\/www.youtube.com\/watch?v=Vyt_ewO2LY0 [&#8230;]<\/p>\n<p><a class=\"btn btn-secondary understrap-read-more-link\" href=\"https:\/\/www.waterskis.lv\/en\/product\/aqua-marina-race-paddleboard-2022-427-x-69-x-15cm\/\">Read More&#8230;<\/a><\/p>\n","protected":false},"featured_media":62872,"comment_status":"closed","ping_status":"closed","template":"","meta":{"_acf_changed":false,"inline_featured_image":false},"product_brand":[1287],"product_cat":[1098,700,502],"product_tag":[3164,3172,1334,3173,3174,1335,3131,1316,3175,3140,3176,3141],"class_list":{"0":"post-62889","1":"product","2":"type-product","3":"status-publish","4":"has-post-thumbnail","6":"product_brand-aqua-marina","7":"product_cat-aqua-marine-paddleboards","8":"product_cat-inflatable-sup-boards","9":"product_cat-stand-up-paddle-boards","10":"product_tag-aqua-marina","11":"product_tag-aufblasbares-sup","12":"product_tag-paddle-boards","13":"product_tag-stand-up-paddleboard","14":"product_tag-stand-up-paddling","15":"product_tag-sup","16":"product_tag-sup-boards","17":"product_tag-sup-delis","18":"product_tag-sup-surfer","19":"product_tag-sup-","20":"product_tag-supkayak","21":"product_tag-3141","23":"first","24":"instock","25":"shipping-taxable","26":"purchasable","27":"product-type-simple"},"acf":[],"yoast_head":"<!-- This site is optimized with the Yoast SEO plugin v27.2 - https:\/\/yoast.com\/product\/yoast-seo-wordpress\/ -->\n<title>Aqua Marina Race Paddleboard 2022 427 x 69 x 15cm - WATERSKIS.LV<\/title>\n<meta name=\"description\" content=\"Aqua Marina Race Paddleboard 2022 427 x 69 x 15cm is in two lengths of 12&#039;6&quot; and 14&#039;0&quot;, in widths of 27, which gives enough stability to be in control\" \/>\n<meta name=\"robots\" content=\"index, follow, max-snippet:-1, max-image-preview:large, max-video-preview:-1\" \/>\n<link rel=\"canonical\" href=\"https:\/\/www.waterskis.lv\/en\/product\/aqua-marina-race-paddleboard-2022-427-x-69-x-15cm\/\" \/>\n<meta property=\"og:locale\" content=\"en_US\" \/>\n<meta property=\"og:type\" content=\"article\" \/>\n<meta property=\"og:title\" content=\"Aqua Marina Race Paddleboard 2022 427 x 69 x 15cm - WATERSKIS.LV\" \/>\n<meta property=\"og:description\" content=\"Aqua Marina Race Paddleboard 2022 427 x 69 x 15cm is in two lengths of 12&#039;6&quot; and 14&#039;0&quot;, in widths of 27, which gives enough stability to be in control\" \/>\n<meta property=\"og:url\" content=\"https:\/\/www.waterskis.lv\/en\/product\/aqua-marina-race-paddleboard-2022-427-x-69-x-15cm\/\" \/>\n<meta property=\"og:site_name\" content=\"WATERSKIS.LV\" \/>\n<meta property=\"article:publisher\" content=\"https:\/\/www.facebook.com\/jurmalawaterskiwakeboardpark\/\" \/>\n<meta property=\"article:modified_time\" content=\"2026-02-01T11:02:33+00:00\" \/>\n<meta property=\"og:image\" content=\"https:\/\/www.waterskis.lv\/wp-content\/uploads\/2025\/02\/race_2022_427_x_69_x_15cm_21169_1.webp\" \/>\n\t<meta property=\"og:image:width\" content=\"2000\" \/>\n\t<meta property=\"og:image:height\" content=\"2000\" \/>\n\t<meta property=\"og:image:type\" content=\"image\/webp\" \/>\n<meta name=\"twitter:card\" content=\"summary_large_image\" \/>\n<meta name=\"twitter:label1\" content=\"Est. reading time\" \/>\n\t<meta name=\"twitter:data1\" content=\"3 minutes\" \/>\n<script type=\"application\/ld+json\" class=\"yoast-schema-graph\">{\"@context\":\"https:\/\/schema.org\",\"@graph\":[{\"@type\":\"WebPage\",\"@id\":\"https:\/\/www.waterskis.lv\/en\/product\/aqua-marina-race-paddleboard-2022-427-x-69-x-15cm\/\",\"url\":\"https:\/\/www.waterskis.lv\/en\/product\/aqua-marina-race-paddleboard-2022-427-x-69-x-15cm\/\",\"name\":\"Aqua Marina Race Paddleboard 2022 427 x 69 x 15cm - WATERSKIS.LV\",\"isPartOf\":{\"@id\":\"https:\/\/www.waterskis.lv\/en\/#website\"},\"primaryImageOfPage\":{\"@id\":\"https:\/\/www.waterskis.lv\/en\/product\/aqua-marina-race-paddleboard-2022-427-x-69-x-15cm\/#primaryimage\"},\"image\":{\"@id\":\"https:\/\/www.waterskis.lv\/en\/product\/aqua-marina-race-paddleboard-2022-427-x-69-x-15cm\/#primaryimage\"},\"thumbnailUrl\":\"https:\/\/www.waterskis.lv\/wp-content\/uploads\/2025\/02\/race_2022_427_x_69_x_15cm_21169_1.webp\",\"datePublished\":\"2025-02-14T12:17:58+00:00\",\"dateModified\":\"2026-02-01T11:02:33+00:00\",\"description\":\"Aqua Marina Race Paddleboard 2022 427 x 69 x 15cm is in two lengths of 12'6\\\" and 14'0\\\", in widths of 27, which gives enough stability to be in control\",\"breadcrumb\":{\"@id\":\"https:\/\/www.waterskis.lv\/en\/product\/aqua-marina-race-paddleboard-2022-427-x-69-x-15cm\/#breadcrumb\"},\"inLanguage\":\"en-US\",\"potentialAction\":[{\"@type\":\"ReadAction\",\"target\":[\"https:\/\/www.waterskis.lv\/en\/product\/aqua-marina-race-paddleboard-2022-427-x-69-x-15cm\/\"]}]},{\"@type\":\"ImageObject\",\"inLanguage\":\"en-US\",\"@id\":\"https:\/\/www.waterskis.lv\/en\/product\/aqua-marina-race-paddleboard-2022-427-x-69-x-15cm\/#primaryimage\",\"url\":\"https:\/\/www.waterskis.lv\/wp-content\/uploads\/2025\/02\/race_2022_427_x_69_x_15cm_21169_1.webp\",\"contentUrl\":\"https:\/\/www.waterskis.lv\/wp-content\/uploads\/2025\/02\/race_2022_427_x_69_x_15cm_21169_1.webp\",\"width\":2000,\"height\":2000,\"caption\":\"SUP d\u0113lis Aqua Marina Race 2022 427 x 69 x 15 cm\"},{\"@type\":\"BreadcrumbList\",\"@id\":\"https:\/\/www.waterskis.lv\/en\/product\/aqua-marina-race-paddleboard-2022-427-x-69-x-15cm\/#breadcrumb\",\"itemListElement\":[{\"@type\":\"ListItem\",\"position\":1,\"name\":\"Home\",\"item\":\"https:\/\/www.waterskis.lv\/en\/\"},{\"@type\":\"ListItem\",\"position\":2,\"name\":\"Shop\",\"item\":\"https:\/\/waterskis.lv\/en\/shop\/\"},{\"@type\":\"ListItem\",\"position\":3,\"name\":\"Aqua Marina Race Paddleboard 2022 427 x 69 x 15cm\"}]},{\"@type\":\"WebSite\",\"@id\":\"https:\/\/www.waterskis.lv\/en\/#website\",\"url\":\"https:\/\/www.waterskis.lv\/en\/\",\"name\":\"WATERSKIS.LV\",\"description\":\"SUP d\u0113\u013ci, kajaki, kanoe, airu laivas, \u016bdenssl\u0113po\u0161ana, veikbords, SUP d\u0113\u013cu noma, kajaku nomaakt\u012bv\u0101s atp\u016btas centrs, laivu noma, sup noma, kajaku noma\",\"publisher\":{\"@id\":\"https:\/\/www.waterskis.lv\/en\/#organization\"},\"potentialAction\":[{\"@type\":\"SearchAction\",\"target\":{\"@type\":\"EntryPoint\",\"urlTemplate\":\"https:\/\/www.waterskis.lv\/en\/?s={search_term_string}\"},\"query-input\":{\"@type\":\"PropertyValueSpecification\",\"valueRequired\":true,\"valueName\":\"search_term_string\"}}],\"inLanguage\":\"en-US\"},{\"@type\":\"Organization\",\"@id\":\"https:\/\/www.waterskis.lv\/en\/#organization\",\"name\":\"WATERSKIS.LV\",\"url\":\"https:\/\/www.waterskis.lv\/en\/\",\"logo\":{\"@type\":\"ImageObject\",\"inLanguage\":\"en-US\",\"@id\":\"https:\/\/www.waterskis.lv\/en\/#\/schema\/logo\/image\/\",\"url\":\"https:\/\/www.waterskis.lv\/wp-content\/uploads\/2025\/01\/JUVP-logo.png\",\"contentUrl\":\"https:\/\/www.waterskis.lv\/wp-content\/uploads\/2025\/01\/JUVP-logo.png\",\"width\":421,\"height\":202,\"caption\":\"WATERSKIS.LV\"},\"image\":{\"@id\":\"https:\/\/www.waterskis.lv\/en\/#\/schema\/logo\/image\/\"},\"sameAs\":[\"https:\/\/www.facebook.com\/jurmalawaterskiwakeboardpark\/\"]}]}<\/script>\n<!-- \/ Yoast SEO plugin. -->","yoast_head_json":{"title":"Aqua Marina Race Paddleboard 2022 427 x 69 x 15cm - WATERSKIS.LV","description":"Aqua Marina Race Paddleboard 2022 427 x 69 x 15cm is in two lengths of 12'6\" and 14'0\", in widths of 27, which gives enough stability to be in control","robots":{"index":"index","follow":"follow","max-snippet":"max-snippet:-1","max-image-preview":"max-image-preview:large","max-video-preview":"max-video-preview:-1"},"canonical":"https:\/\/www.waterskis.lv\/en\/product\/aqua-marina-race-paddleboard-2022-427-x-69-x-15cm\/","og_locale":"en_US","og_type":"article","og_title":"Aqua Marina Race Paddleboard 2022 427 x 69 x 15cm - WATERSKIS.LV","og_description":"Aqua Marina Race Paddleboard 2022 427 x 69 x 15cm is in two lengths of 12'6\" and 14'0\", in widths of 27, which gives enough stability to be in control","og_url":"https:\/\/www.waterskis.lv\/en\/product\/aqua-marina-race-paddleboard-2022-427-x-69-x-15cm\/","og_site_name":"WATERSKIS.LV","article_publisher":"https:\/\/www.facebook.com\/jurmalawaterskiwakeboardpark\/","article_modified_time":"2026-02-01T11:02:33+00:00","og_image":[{"width":2000,"height":2000,"url":"https:\/\/www.waterskis.lv\/wp-content\/uploads\/2025\/02\/race_2022_427_x_69_x_15cm_21169_1.webp","type":"image\/webp"}],"twitter_card":"summary_large_image","twitter_misc":{"Est. reading time":"3 minutes"},"schema":{"@context":"https:\/\/schema.org","@graph":[{"@type":"WebPage","@id":"https:\/\/www.waterskis.lv\/en\/product\/aqua-marina-race-paddleboard-2022-427-x-69-x-15cm\/","url":"https:\/\/www.waterskis.lv\/en\/product\/aqua-marina-race-paddleboard-2022-427-x-69-x-15cm\/","name":"Aqua Marina Race Paddleboard 2022 427 x 69 x 15cm - WATERSKIS.LV","isPartOf":{"@id":"https:\/\/www.waterskis.lv\/en\/#website"},"primaryImageOfPage":{"@id":"https:\/\/www.waterskis.lv\/en\/product\/aqua-marina-race-paddleboard-2022-427-x-69-x-15cm\/#primaryimage"},"image":{"@id":"https:\/\/www.waterskis.lv\/en\/product\/aqua-marina-race-paddleboard-2022-427-x-69-x-15cm\/#primaryimage"},"thumbnailUrl":"https:\/\/www.waterskis.lv\/wp-content\/uploads\/2025\/02\/race_2022_427_x_69_x_15cm_21169_1.webp","datePublished":"2025-02-14T12:17:58+00:00","dateModified":"2026-02-01T11:02:33+00:00","description":"Aqua Marina Race Paddleboard 2022 427 x 69 x 15cm is in two lengths of 12'6\" and 14'0\", in widths of 27, which gives enough stability to be in control","breadcrumb":{"@id":"https:\/\/www.waterskis.lv\/en\/product\/aqua-marina-race-paddleboard-2022-427-x-69-x-15cm\/#breadcrumb"},"inLanguage":"en-US","potentialAction":[{"@type":"ReadAction","target":["https:\/\/www.waterskis.lv\/en\/product\/aqua-marina-race-paddleboard-2022-427-x-69-x-15cm\/"]}]},{"@type":"ImageObject","inLanguage":"en-US","@id":"https:\/\/www.waterskis.lv\/en\/product\/aqua-marina-race-paddleboard-2022-427-x-69-x-15cm\/#primaryimage","url":"https:\/\/www.waterskis.lv\/wp-content\/uploads\/2025\/02\/race_2022_427_x_69_x_15cm_21169_1.webp","contentUrl":"https:\/\/www.waterskis.lv\/wp-content\/uploads\/2025\/02\/race_2022_427_x_69_x_15cm_21169_1.webp","width":2000,"height":2000,"caption":"SUP d\u0113lis Aqua Marina Race 2022 427 x 69 x 15 cm"},{"@type":"BreadcrumbList","@id":"https:\/\/www.waterskis.lv\/en\/product\/aqua-marina-race-paddleboard-2022-427-x-69-x-15cm\/#breadcrumb","itemListElement":[{"@type":"ListItem","position":1,"name":"Home","item":"https:\/\/www.waterskis.lv\/en\/"},{"@type":"ListItem","position":2,"name":"Shop","item":"https:\/\/waterskis.lv\/en\/shop\/"},{"@type":"ListItem","position":3,"name":"Aqua Marina Race Paddleboard 2022 427 x 69 x 15cm"}]},{"@type":"WebSite","@id":"https:\/\/www.waterskis.lv\/en\/#website","url":"https:\/\/www.waterskis.lv\/en\/","name":"WATERSKIS.LV","description":"SUP d\u0113\u013ci, kajaki, kanoe, airu laivas, \u016bdenssl\u0113po\u0161ana, veikbords, SUP d\u0113\u013cu noma, kajaku nomaakt\u012bv\u0101s atp\u016btas centrs, laivu noma, sup noma, kajaku noma","publisher":{"@id":"https:\/\/www.waterskis.lv\/en\/#organization"},"potentialAction":[{"@type":"SearchAction","target":{"@type":"EntryPoint","urlTemplate":"https:\/\/www.waterskis.lv\/en\/?s={search_term_string}"},"query-input":{"@type":"PropertyValueSpecification","valueRequired":true,"valueName":"search_term_string"}}],"inLanguage":"en-US"},{"@type":"Organization","@id":"https:\/\/www.waterskis.lv\/en\/#organization","name":"WATERSKIS.LV","url":"https:\/\/www.waterskis.lv\/en\/","logo":{"@type":"ImageObject","inLanguage":"en-US","@id":"https:\/\/www.waterskis.lv\/en\/#\/schema\/logo\/image\/","url":"https:\/\/www.waterskis.lv\/wp-content\/uploads\/2025\/01\/JUVP-logo.png","contentUrl":"https:\/\/www.waterskis.lv\/wp-content\/uploads\/2025\/01\/JUVP-logo.png","width":421,"height":202,"caption":"WATERSKIS.LV"},"image":{"@id":"https:\/\/www.waterskis.lv\/en\/#\/schema\/logo\/image\/"},"sameAs":["https:\/\/www.facebook.com\/jurmalawaterskiwakeboardpark\/"]}]}},"_links":{"self":[{"href":"https:\/\/www.waterskis.lv\/en\/wp-json\/wp\/v2\/product\/62889","targetHints":{"allow":["GET"]}}],"collection":[{"href":"https:\/\/www.waterskis.lv\/en\/wp-json\/wp\/v2\/product"}],"about":[{"href":"https:\/\/www.waterskis.lv\/en\/wp-json\/wp\/v2\/types\/product"}],"replies":[{"embeddable":true,"href":"https:\/\/www.waterskis.lv\/en\/wp-json\/wp\/v2\/comments?post=62889"}],"wp:featuredmedia":[{"embeddable":true,"href":"https:\/\/www.waterskis.lv\/en\/wp-json\/wp\/v2\/media\/62872"}],"wp:attachment":[{"href":"https:\/\/www.waterskis.lv\/en\/wp-json\/wp\/v2\/media?parent=62889"}],"wp:term":[{"taxonomy":"product_brand","embeddable":true,"href":"https:\/\/www.waterskis.lv\/en\/wp-json\/wp\/v2\/product_brand?post=62889"},{"taxonomy":"product_cat","embeddable":true,"href":"https:\/\/www.waterskis.lv\/en\/wp-json\/wp\/v2\/product_cat?post=62889"},{"taxonomy":"product_tag","embeddable":true,"href":"https:\/\/www.waterskis.lv\/en\/wp-json\/wp\/v2\/product_tag?post=62889"}],"curies":[{"name":"wp","href":"https:\/\/api.w.org\/{rel}","templated":true}]}}