{"id":62914,"date":"2025-02-14T14:31:19","date_gmt":"2025-02-14T12:31:19","guid":{"rendered":"https:\/\/www.waterskis.lv\/product\/sup-jogas-delis-aqua-marina-yoga-dock-96-290-x-170-x-12cm\/"},"modified":"2026-02-01T13:01:20","modified_gmt":"2026-02-01T11:01:20","slug":"aqua-marina-sup-yoga-dock-96-290-x-170-x-12cm","status":"publish","type":"product","link":"https:\/\/www.waterskis.lv\/en\/product\/aqua-marina-sup-yoga-dock-96-290-x-170-x-12cm\/","title":{"rendered":"Aqua Marina SUP Yoga Dock 9\u00b46\u00a0\u00a0&#8211;\u00a0\u00a0290 x 170 x 12cm"},"content":{"rendered":"<h1>Aqua Marina SUP Yoga Dock 9\u00b46\u00a0\u00a0&#8211;\u00a0\u00a0290 x 170 x 12cm<\/h1>\n<p>Aqua Marina SUP Yoga Dock 9\u00b46\u00a0\u00a0&#8211;\u00a0\u00a0290 x 170 x 12cm<\/p>\n<p><b>FITNESS SERIES<\/b><\/p>\n<p>Say yes to new challenges by bringing your workouts onto the water!<\/p>\n<p>Our FITNESS series adds an additional layer of difficulty to your typical yoga or fitness class,\u00a0but we guarantee the views are worth it. Find your balance and improve your core strength while being surrounded by nature&#8217;s calm serenity for a workout unlike any other.<\/p>\n<p>&nbsp;<\/p>\n<p>Bring the whole class onto the water with our SUP YOGA DOCK,<\/p>\n<p>which can dock up to 8 DHYANA boards for an intimate training season on the water.<\/p>\n<p>Get up close and personal with your instructor to follow their movements with ease. Are you ready to try SUP Yoga?<\/p>\n<p>&nbsp;<\/p>\n<p><b>Yoga Dock Specifications<\/b><\/p>\n<ul>\n<li>Length\u00a0\u00a0\u00a0\u00a0\u00a0\u00a0\u00a0\u00a09\u00b46&#8243; \/\u00a0\u00a0\u00a0\u00a0290cm<\/li>\n<li>Width\u00a0\u00a0\u00a0\u00a0\u00a0\u00a0\u00a0\u00a0\u00a0\u00a0 67&#8243; \/\u00a0\u00a0\u00a0\u00a0170cm<\/li>\n<li>Thickness\u00a0\u00a04.7&#8243; \/\u00a0\u00a0\u00a0\u00a0\u00a0\u00a012cm<\/li>\n<li>Volume\u00a0\u00a0470L<\/li>\n<li>Net weight\u00a0\u00a0\u00a0\u00a0\u00a0\u00a0\u00a0\u00a0 31.3 lbs \/ 14.2 kg<\/li>\n<li>Max. payload\u00a0\u00a0\u00a0\u00a0 485\u00a0\u00a0lbs \/ 220 kg<\/li>\n<li>Max. air pressure\u00a0\u00a015 psi<\/li>\n<\/ul>\n<p>&nbsp;<\/p>\n<p><b>Package Includes<\/b><\/p>\n<p>Carry Bag, Double Action Pump LIQUID AIR V1<\/p>\n<p>&nbsp;<\/p>\n<p><b>Keywords<\/b><\/p>\n<p>Aquamarina,Yoga, Fintess,Dock<\/p>\n<p>INFORMATION: We strongly recommend wearing a floating device\/buoyancy aid when using the stand up paddle board. Floating devices\/buoyancy aids give lift after a fall into the water and maintain the ability to swim and move. A floating device\/buoyancy aid is not included in scope of delivery.<\/p>\n","protected":false},"excerpt":{"rendered":"<p>https:\/\/www.youtube.com\/watch?v=nnB7qinctHI [&#8230;]<\/p>\n<p><a class=\"btn btn-secondary understrap-read-more-link\" href=\"https:\/\/www.waterskis.lv\/en\/product\/aqua-marina-sup-yoga-dock-96-290-x-170-x-12cm\/\">Read More&#8230;<\/a><\/p>\n","protected":false},"featured_media":62897,"comment_status":"closed","ping_status":"closed","template":"","meta":{"_acf_changed":false,"inline_featured_image":false},"product_brand":[1287],"product_cat":[1098,700,502],"product_tag":[3164,3172,1334,3173,3174,1335,3131,3175,3140,3176,3141],"class_list":{"0":"post-62914","1":"product","2":"type-product","3":"status-publish","4":"has-post-thumbnail","6":"product_brand-aqua-marina","7":"product_cat-aqua-marine-paddleboards","8":"product_cat-inflatable-sup-boards","9":"product_cat-stand-up-paddle-boards","10":"product_tag-aqua-marina","11":"product_tag-aufblasbares-sup","12":"product_tag-paddle-boards","13":"product_tag-stand-up-paddleboard","14":"product_tag-stand-up-paddling","15":"product_tag-sup","16":"product_tag-sup-boards","17":"product_tag-sup-surfer","18":"product_tag-sup-","19":"product_tag-supkayak","20":"product_tag-3141","22":"first","23":"outofstock","24":"shipping-taxable","25":"purchasable","26":"product-type-simple"},"acf":[],"yoast_head":"<!-- This site is optimized with the Yoast SEO plugin v27.5 - https:\/\/yoast.com\/product\/yoast-seo-wordpress\/ -->\n<title>Aqua Marina SUP Yoga Dock 9\u00b46\u00a0\u00a0-\u00a0\u00a0290 x 170 x 12cm - WATERSKIS.LV<\/title>\n<meta name=\"description\" content=\"Aqua Marina SUP Yoga Dock 9\u00b46\u00a0\u00a0-\u00a0\u00a0290 x 170 x 12cm. Our FITNESS series adds an additional layer of difficulty to your typical yoga or fitness class.\" \/>\n<meta name=\"robots\" content=\"index, follow, max-snippet:-1, max-image-preview:large, max-video-preview:-1\" \/>\n<link rel=\"canonical\" href=\"https:\/\/www.waterskis.lv\/en\/product\/aqua-marina-sup-yoga-dock-96-290-x-170-x-12cm\/\" \/>\n<meta property=\"og:locale\" content=\"en_US\" \/>\n<meta property=\"og:type\" content=\"article\" \/>\n<meta property=\"og:title\" content=\"Aqua Marina SUP Yoga Dock 9\u00b46\u00a0\u00a0-\u00a0\u00a0290 x 170 x 12cm - WATERSKIS.LV\" \/>\n<meta property=\"og:description\" content=\"Aqua Marina SUP Yoga Dock 9\u00b46\u00a0\u00a0-\u00a0\u00a0290 x 170 x 12cm. Our FITNESS series adds an additional layer of difficulty to your typical yoga or fitness class.\" \/>\n<meta property=\"og:url\" content=\"https:\/\/www.waterskis.lv\/en\/product\/aqua-marina-sup-yoga-dock-96-290-x-170-x-12cm\/\" \/>\n<meta property=\"og:site_name\" content=\"WATERSKIS.LV\" \/>\n<meta property=\"article:publisher\" content=\"https:\/\/www.facebook.com\/jurmalawaterskiwakeboardpark\/\" \/>\n<meta property=\"article:modified_time\" content=\"2026-02-01T11:01:20+00:00\" \/>\n<meta property=\"og:image\" content=\"https:\/\/www.waterskis.lv\/wp-content\/uploads\/2025\/02\/yoga_dock_23130_1.webp\" \/>\n\t<meta property=\"og:image:width\" content=\"2000\" \/>\n\t<meta property=\"og:image:height\" content=\"2000\" \/>\n\t<meta property=\"og:image:type\" content=\"image\/webp\" \/>\n<meta name=\"twitter:card\" content=\"summary_large_image\" \/>\n<meta name=\"twitter:label1\" content=\"Est. reading time\" \/>\n\t<meta name=\"twitter:data1\" content=\"2 minutes\" \/>\n<script type=\"application\/ld+json\" class=\"yoast-schema-graph\">{\"@context\":\"https:\\\/\\\/schema.org\",\"@graph\":[{\"@type\":\"WebPage\",\"@id\":\"https:\\\/\\\/www.waterskis.lv\\\/en\\\/product\\\/aqua-marina-sup-yoga-dock-96-290-x-170-x-12cm\\\/\",\"url\":\"https:\\\/\\\/www.waterskis.lv\\\/en\\\/product\\\/aqua-marina-sup-yoga-dock-96-290-x-170-x-12cm\\\/\",\"name\":\"Aqua Marina SUP Yoga Dock 9\u00b46\u00a0\u00a0-\u00a0\u00a0290 x 170 x 12cm - WATERSKIS.LV\",\"isPartOf\":{\"@id\":\"https:\\\/\\\/www.waterskis.lv\\\/en\\\/#website\"},\"primaryImageOfPage\":{\"@id\":\"https:\\\/\\\/www.waterskis.lv\\\/en\\\/product\\\/aqua-marina-sup-yoga-dock-96-290-x-170-x-12cm\\\/#primaryimage\"},\"image\":{\"@id\":\"https:\\\/\\\/www.waterskis.lv\\\/en\\\/product\\\/aqua-marina-sup-yoga-dock-96-290-x-170-x-12cm\\\/#primaryimage\"},\"thumbnailUrl\":\"https:\\\/\\\/www.waterskis.lv\\\/wp-content\\\/uploads\\\/2025\\\/02\\\/yoga_dock_23130_1.webp\",\"datePublished\":\"2025-02-14T12:31:19+00:00\",\"dateModified\":\"2026-02-01T11:01:20+00:00\",\"description\":\"Aqua Marina SUP Yoga Dock 9\u00b46\u00a0\u00a0-\u00a0\u00a0290 x 170 x 12cm. Our FITNESS series adds an additional layer of difficulty to your typical yoga or fitness class.\",\"breadcrumb\":{\"@id\":\"https:\\\/\\\/www.waterskis.lv\\\/en\\\/product\\\/aqua-marina-sup-yoga-dock-96-290-x-170-x-12cm\\\/#breadcrumb\"},\"inLanguage\":\"en-US\",\"potentialAction\":[{\"@type\":\"ReadAction\",\"target\":[\"https:\\\/\\\/www.waterskis.lv\\\/en\\\/product\\\/aqua-marina-sup-yoga-dock-96-290-x-170-x-12cm\\\/\"]}]},{\"@type\":\"ImageObject\",\"inLanguage\":\"en-US\",\"@id\":\"https:\\\/\\\/www.waterskis.lv\\\/en\\\/product\\\/aqua-marina-sup-yoga-dock-96-290-x-170-x-12cm\\\/#primaryimage\",\"url\":\"https:\\\/\\\/www.waterskis.lv\\\/wp-content\\\/uploads\\\/2025\\\/02\\\/yoga_dock_23130_1.webp\",\"contentUrl\":\"https:\\\/\\\/www.waterskis.lv\\\/wp-content\\\/uploads\\\/2025\\\/02\\\/yoga_dock_23130_1.webp\",\"width\":2000,\"height\":2000,\"caption\":\"SUP jogas d\u0113lis Aqua Marina Yoga Dock 9\u00b46 - 290 x 170 x 12cm\"},{\"@type\":\"BreadcrumbList\",\"@id\":\"https:\\\/\\\/www.waterskis.lv\\\/en\\\/product\\\/aqua-marina-sup-yoga-dock-96-290-x-170-x-12cm\\\/#breadcrumb\",\"itemListElement\":[{\"@type\":\"ListItem\",\"position\":1,\"name\":\"Home\",\"item\":\"https:\\\/\\\/www.waterskis.lv\\\/en\\\/\"},{\"@type\":\"ListItem\",\"position\":2,\"name\":\"Shop\",\"item\":\"https:\\\/\\\/waterskis.lv\\\/en\\\/shop\\\/\"},{\"@type\":\"ListItem\",\"position\":3,\"name\":\"Aqua Marina SUP Yoga Dock 9\u00b46\u00a0\u00a0&#8211;\u00a0\u00a0290 x 170 x 12cm\"}]},{\"@type\":\"WebSite\",\"@id\":\"https:\\\/\\\/www.waterskis.lv\\\/en\\\/#website\",\"url\":\"https:\\\/\\\/www.waterskis.lv\\\/en\\\/\",\"name\":\"WATERSKIS.LV\",\"description\":\"SUP d\u0113\u013ci, kajaki, kanoe, airu laivas, \u016bdenssl\u0113po\u0161ana, veikbords, SUP d\u0113\u013cu noma, kajaku nomaakt\u012bv\u0101s atp\u016btas centrs, laivu noma, sup noma, kajaku noma\",\"publisher\":{\"@id\":\"https:\\\/\\\/www.waterskis.lv\\\/en\\\/#organization\"},\"potentialAction\":[{\"@type\":\"SearchAction\",\"target\":{\"@type\":\"EntryPoint\",\"urlTemplate\":\"https:\\\/\\\/www.waterskis.lv\\\/en\\\/?s={search_term_string}\"},\"query-input\":{\"@type\":\"PropertyValueSpecification\",\"valueRequired\":true,\"valueName\":\"search_term_string\"}}],\"inLanguage\":\"en-US\"},{\"@type\":\"Organization\",\"@id\":\"https:\\\/\\\/www.waterskis.lv\\\/en\\\/#organization\",\"name\":\"WATERSKIS.LV\",\"url\":\"https:\\\/\\\/www.waterskis.lv\\\/en\\\/\",\"logo\":{\"@type\":\"ImageObject\",\"inLanguage\":\"en-US\",\"@id\":\"https:\\\/\\\/www.waterskis.lv\\\/en\\\/#\\\/schema\\\/logo\\\/image\\\/\",\"url\":\"https:\\\/\\\/www.waterskis.lv\\\/wp-content\\\/uploads\\\/2025\\\/01\\\/JUVP-logo.png\",\"contentUrl\":\"https:\\\/\\\/www.waterskis.lv\\\/wp-content\\\/uploads\\\/2025\\\/01\\\/JUVP-logo.png\",\"width\":421,\"height\":202,\"caption\":\"WATERSKIS.LV\"},\"image\":{\"@id\":\"https:\\\/\\\/www.waterskis.lv\\\/en\\\/#\\\/schema\\\/logo\\\/image\\\/\"},\"sameAs\":[\"https:\\\/\\\/www.facebook.com\\\/jurmalawaterskiwakeboardpark\\\/\"]}]}<\/script>\n<!-- \/ Yoast SEO plugin. -->","yoast_head_json":{"title":"Aqua Marina SUP Yoga Dock 9\u00b46\u00a0\u00a0-\u00a0\u00a0290 x 170 x 12cm - WATERSKIS.LV","description":"Aqua Marina SUP Yoga Dock 9\u00b46\u00a0\u00a0-\u00a0\u00a0290 x 170 x 12cm. Our FITNESS series adds an additional layer of difficulty to your typical yoga or fitness class.","robots":{"index":"index","follow":"follow","max-snippet":"max-snippet:-1","max-image-preview":"max-image-preview:large","max-video-preview":"max-video-preview:-1"},"canonical":"https:\/\/www.waterskis.lv\/en\/product\/aqua-marina-sup-yoga-dock-96-290-x-170-x-12cm\/","og_locale":"en_US","og_type":"article","og_title":"Aqua Marina SUP Yoga Dock 9\u00b46\u00a0\u00a0-\u00a0\u00a0290 x 170 x 12cm - WATERSKIS.LV","og_description":"Aqua Marina SUP Yoga Dock 9\u00b46\u00a0\u00a0-\u00a0\u00a0290 x 170 x 12cm. Our FITNESS series adds an additional layer of difficulty to your typical yoga or fitness class.","og_url":"https:\/\/www.waterskis.lv\/en\/product\/aqua-marina-sup-yoga-dock-96-290-x-170-x-12cm\/","og_site_name":"WATERSKIS.LV","article_publisher":"https:\/\/www.facebook.com\/jurmalawaterskiwakeboardpark\/","article_modified_time":"2026-02-01T11:01:20+00:00","og_image":[{"width":2000,"height":2000,"url":"https:\/\/www.waterskis.lv\/wp-content\/uploads\/2025\/02\/yoga_dock_23130_1.webp","type":"image\/webp"}],"twitter_card":"summary_large_image","twitter_misc":{"Est. reading time":"2 minutes"},"schema":{"@context":"https:\/\/schema.org","@graph":[{"@type":"WebPage","@id":"https:\/\/www.waterskis.lv\/en\/product\/aqua-marina-sup-yoga-dock-96-290-x-170-x-12cm\/","url":"https:\/\/www.waterskis.lv\/en\/product\/aqua-marina-sup-yoga-dock-96-290-x-170-x-12cm\/","name":"Aqua Marina SUP Yoga Dock 9\u00b46\u00a0\u00a0-\u00a0\u00a0290 x 170 x 12cm - WATERSKIS.LV","isPartOf":{"@id":"https:\/\/www.waterskis.lv\/en\/#website"},"primaryImageOfPage":{"@id":"https:\/\/www.waterskis.lv\/en\/product\/aqua-marina-sup-yoga-dock-96-290-x-170-x-12cm\/#primaryimage"},"image":{"@id":"https:\/\/www.waterskis.lv\/en\/product\/aqua-marina-sup-yoga-dock-96-290-x-170-x-12cm\/#primaryimage"},"thumbnailUrl":"https:\/\/www.waterskis.lv\/wp-content\/uploads\/2025\/02\/yoga_dock_23130_1.webp","datePublished":"2025-02-14T12:31:19+00:00","dateModified":"2026-02-01T11:01:20+00:00","description":"Aqua Marina SUP Yoga Dock 9\u00b46\u00a0\u00a0-\u00a0\u00a0290 x 170 x 12cm. Our FITNESS series adds an additional layer of difficulty to your typical yoga or fitness class.","breadcrumb":{"@id":"https:\/\/www.waterskis.lv\/en\/product\/aqua-marina-sup-yoga-dock-96-290-x-170-x-12cm\/#breadcrumb"},"inLanguage":"en-US","potentialAction":[{"@type":"ReadAction","target":["https:\/\/www.waterskis.lv\/en\/product\/aqua-marina-sup-yoga-dock-96-290-x-170-x-12cm\/"]}]},{"@type":"ImageObject","inLanguage":"en-US","@id":"https:\/\/www.waterskis.lv\/en\/product\/aqua-marina-sup-yoga-dock-96-290-x-170-x-12cm\/#primaryimage","url":"https:\/\/www.waterskis.lv\/wp-content\/uploads\/2025\/02\/yoga_dock_23130_1.webp","contentUrl":"https:\/\/www.waterskis.lv\/wp-content\/uploads\/2025\/02\/yoga_dock_23130_1.webp","width":2000,"height":2000,"caption":"SUP jogas d\u0113lis Aqua Marina Yoga Dock 9\u00b46 - 290 x 170 x 12cm"},{"@type":"BreadcrumbList","@id":"https:\/\/www.waterskis.lv\/en\/product\/aqua-marina-sup-yoga-dock-96-290-x-170-x-12cm\/#breadcrumb","itemListElement":[{"@type":"ListItem","position":1,"name":"Home","item":"https:\/\/www.waterskis.lv\/en\/"},{"@type":"ListItem","position":2,"name":"Shop","item":"https:\/\/waterskis.lv\/en\/shop\/"},{"@type":"ListItem","position":3,"name":"Aqua Marina SUP Yoga Dock 9\u00b46\u00a0\u00a0&#8211;\u00a0\u00a0290 x 170 x 12cm"}]},{"@type":"WebSite","@id":"https:\/\/www.waterskis.lv\/en\/#website","url":"https:\/\/www.waterskis.lv\/en\/","name":"WATERSKIS.LV","description":"SUP d\u0113\u013ci, kajaki, kanoe, airu laivas, \u016bdenssl\u0113po\u0161ana, veikbords, SUP d\u0113\u013cu noma, kajaku nomaakt\u012bv\u0101s atp\u016btas centrs, laivu noma, sup noma, kajaku noma","publisher":{"@id":"https:\/\/www.waterskis.lv\/en\/#organization"},"potentialAction":[{"@type":"SearchAction","target":{"@type":"EntryPoint","urlTemplate":"https:\/\/www.waterskis.lv\/en\/?s={search_term_string}"},"query-input":{"@type":"PropertyValueSpecification","valueRequired":true,"valueName":"search_term_string"}}],"inLanguage":"en-US"},{"@type":"Organization","@id":"https:\/\/www.waterskis.lv\/en\/#organization","name":"WATERSKIS.LV","url":"https:\/\/www.waterskis.lv\/en\/","logo":{"@type":"ImageObject","inLanguage":"en-US","@id":"https:\/\/www.waterskis.lv\/en\/#\/schema\/logo\/image\/","url":"https:\/\/www.waterskis.lv\/wp-content\/uploads\/2025\/01\/JUVP-logo.png","contentUrl":"https:\/\/www.waterskis.lv\/wp-content\/uploads\/2025\/01\/JUVP-logo.png","width":421,"height":202,"caption":"WATERSKIS.LV"},"image":{"@id":"https:\/\/www.waterskis.lv\/en\/#\/schema\/logo\/image\/"},"sameAs":["https:\/\/www.facebook.com\/jurmalawaterskiwakeboardpark\/"]}]}},"_links":{"self":[{"href":"https:\/\/www.waterskis.lv\/en\/wp-json\/wp\/v2\/product\/62914","targetHints":{"allow":["GET"]}}],"collection":[{"href":"https:\/\/www.waterskis.lv\/en\/wp-json\/wp\/v2\/product"}],"about":[{"href":"https:\/\/www.waterskis.lv\/en\/wp-json\/wp\/v2\/types\/product"}],"replies":[{"embeddable":true,"href":"https:\/\/www.waterskis.lv\/en\/wp-json\/wp\/v2\/comments?post=62914"}],"wp:featuredmedia":[{"embeddable":true,"href":"https:\/\/www.waterskis.lv\/en\/wp-json\/wp\/v2\/media\/62897"}],"wp:attachment":[{"href":"https:\/\/www.waterskis.lv\/en\/wp-json\/wp\/v2\/media?parent=62914"}],"wp:term":[{"taxonomy":"product_brand","embeddable":true,"href":"https:\/\/www.waterskis.lv\/en\/wp-json\/wp\/v2\/product_brand?post=62914"},{"taxonomy":"product_cat","embeddable":true,"href":"https:\/\/www.waterskis.lv\/en\/wp-json\/wp\/v2\/product_cat?post=62914"},{"taxonomy":"product_tag","embeddable":true,"href":"https:\/\/www.waterskis.lv\/en\/wp-json\/wp\/v2\/product_tag?post=62914"}],"curies":[{"name":"wp","href":"https:\/\/api.w.org\/{rel}","templated":true}]}}