{"id":63033,"date":"2025-02-14T20:06:40","date_gmt":"2025-02-14T18:06:40","guid":{"rendered":"https:\/\/www.waterskis.lv\/product\/spinera-sup-dela-un-kajaka-airis-classic\/"},"modified":"2026-02-07T06:56:27","modified_gmt":"2026-02-07T04:56:27","slug":"spinera-sup-and-kayak-combination-paddle-classic","status":"publish","type":"product","link":"https:\/\/www.waterskis.lv\/en\/product\/spinera-sup-and-kayak-combination-paddle-classic\/","title":{"rendered":"Spinera Sup and Kayak Combination Paddle Classic"},"content":{"rendered":"<h1>Spinera Sup and Kayak Combination Paddle Classic<\/h1>\n<p>Spinera Sup and Kayak Combination Paddle Classic<\/p>\n<p>&nbsp;<\/p>\n<p><b>Detailed information:<\/b><\/p>\n<ul>\n<li>4 pcs Design for Sup and Kayak function<\/li>\n<li>Weight: ca. 1165g<\/li>\n<li>Material: Aluminium und Nylon<\/li>\n<\/ul>\n<p>&nbsp;<\/p>\n<p><b>Shaft:<\/b><\/p>\n<ul>\n<li>Extra Strong Shaft with 1,2mm Aluminium<\/li>\n<li>Diameter Shaft: 29mm<\/li>\n<li>Length: 165-210cm<\/li>\n<\/ul>\n<p>&nbsp;<\/p>\n<p><b>Blade:<\/b><\/p>\n<ul>\n<li>2 reinforced Nylon Blades<\/li>\n<\/ul>\n","protected":false},"excerpt":{"rendered":"<p>https:\/\/www.youtube.com\/watch?v=QQAlc-emWJ0 [&#8230;]<\/p>\n<p><a class=\"btn btn-secondary understrap-read-more-link\" href=\"https:\/\/www.waterskis.lv\/en\/product\/spinera-sup-and-kayak-combination-paddle-classic\/\">Read More&#8230;<\/a><\/p>\n","protected":false},"featured_media":63022,"comment_status":"closed","ping_status":"closed","template":"","meta":{"_acf_changed":false,"inline_featured_image":false},"product_brand":[1279],"product_cat":[674,678,533,673,386],"product_tag":[3495,3496,3545,3557,3553,3544,3542,3543,3498],"class_list":{"0":"post-63033","1":"product","2":"type-product","3":"status-publish","4":"has-post-thumbnail","6":"product_brand-spinera-watersports","7":"product_cat-all-round-touring-paddles","8":"product_cat-combined-paddles","9":"product_cat-kayak-paddles","10":"product_cat-paddles-oars","11":"product_cat-sup-paddles","12":"product_tag-kajaka-airis","13":"product_tag-kayak-paddle","14":"product_tag-paddleboard-paddles","15":"product_tag-spinera-sup-dela-airis","16":"product_tag-spinera-watersports","17":"product_tag-sup-board-paddles","18":"product_tag-sup-delu-airi","19":"product_tag---sup-","20":"product_tag-3498","22":"first","23":"instock","24":"shipping-taxable","25":"purchasable","26":"product-type-simple"},"acf":[],"yoast_head":"<!-- This site is optimized with the Yoast SEO plugin v27.4 - https:\/\/yoast.com\/product\/yoast-seo-wordpress\/ -->\n<title>Spinera Sup and Kayak Combination Paddle Classic - WATERSKIS.LV<\/title>\n<meta name=\"description\" content=\"Spinera Sup and Kayak Combination Paddle Classic. Shaft: Extra Strong Shaft with 1,2mm Aluminium. Diameter Shaft: 29mm. Length: 165-210cm.\" \/>\n<meta name=\"robots\" content=\"index, follow, max-snippet:-1, max-image-preview:large, max-video-preview:-1\" \/>\n<link rel=\"canonical\" href=\"https:\/\/www.waterskis.lv\/en\/product\/spinera-sup-and-kayak-combination-paddle-classic\/\" \/>\n<meta property=\"og:locale\" content=\"en_US\" \/>\n<meta property=\"og:type\" content=\"article\" \/>\n<meta property=\"og:title\" content=\"Spinera Sup and Kayak Combination Paddle Classic - WATERSKIS.LV\" \/>\n<meta property=\"og:description\" content=\"Spinera Sup and Kayak Combination Paddle Classic. Shaft: Extra Strong Shaft with 1,2mm Aluminium. Diameter Shaft: 29mm. Length: 165-210cm.\" \/>\n<meta property=\"og:url\" content=\"https:\/\/www.waterskis.lv\/en\/product\/spinera-sup-and-kayak-combination-paddle-classic\/\" \/>\n<meta property=\"og:site_name\" content=\"WATERSKIS.LV\" \/>\n<meta property=\"article:publisher\" content=\"https:\/\/www.facebook.com\/jurmalawaterskiwakeboardpark\/\" \/>\n<meta property=\"article:modified_time\" content=\"2026-02-07T04:56:27+00:00\" \/>\n<meta property=\"og:image\" content=\"https:\/\/www.waterskis.lv\/wp-content\/uploads\/2025\/02\/sup_and_kayak_paddle_classic_21130_1.webp\" \/>\n\t<meta property=\"og:image:width\" content=\"1200\" \/>\n\t<meta property=\"og:image:height\" content=\"1200\" \/>\n\t<meta property=\"og:image:type\" content=\"image\/webp\" \/>\n<meta name=\"twitter:card\" content=\"summary_large_image\" \/>\n<meta name=\"twitter:label1\" content=\"Est. reading time\" \/>\n\t<meta name=\"twitter:data1\" content=\"1 minute\" \/>\n<script type=\"application\/ld+json\" class=\"yoast-schema-graph\">{\"@context\":\"https:\\\/\\\/schema.org\",\"@graph\":[{\"@type\":\"WebPage\",\"@id\":\"https:\\\/\\\/www.waterskis.lv\\\/en\\\/product\\\/spinera-sup-and-kayak-combination-paddle-classic\\\/\",\"url\":\"https:\\\/\\\/www.waterskis.lv\\\/en\\\/product\\\/spinera-sup-and-kayak-combination-paddle-classic\\\/\",\"name\":\"Spinera Sup and Kayak Combination Paddle Classic - WATERSKIS.LV\",\"isPartOf\":{\"@id\":\"https:\\\/\\\/www.waterskis.lv\\\/en\\\/#website\"},\"primaryImageOfPage\":{\"@id\":\"https:\\\/\\\/www.waterskis.lv\\\/en\\\/product\\\/spinera-sup-and-kayak-combination-paddle-classic\\\/#primaryimage\"},\"image\":{\"@id\":\"https:\\\/\\\/www.waterskis.lv\\\/en\\\/product\\\/spinera-sup-and-kayak-combination-paddle-classic\\\/#primaryimage\"},\"thumbnailUrl\":\"https:\\\/\\\/www.waterskis.lv\\\/wp-content\\\/uploads\\\/2025\\\/02\\\/sup_and_kayak_paddle_classic_21130_1.webp\",\"datePublished\":\"2025-02-14T18:06:40+00:00\",\"dateModified\":\"2026-02-07T04:56:27+00:00\",\"description\":\"Spinera Sup and Kayak Combination Paddle Classic. Shaft: Extra Strong Shaft with 1,2mm Aluminium. Diameter Shaft: 29mm. Length: 165-210cm.\",\"breadcrumb\":{\"@id\":\"https:\\\/\\\/www.waterskis.lv\\\/en\\\/product\\\/spinera-sup-and-kayak-combination-paddle-classic\\\/#breadcrumb\"},\"inLanguage\":\"en-US\",\"potentialAction\":[{\"@type\":\"ReadAction\",\"target\":[\"https:\\\/\\\/www.waterskis.lv\\\/en\\\/product\\\/spinera-sup-and-kayak-combination-paddle-classic\\\/\"]}]},{\"@type\":\"ImageObject\",\"inLanguage\":\"en-US\",\"@id\":\"https:\\\/\\\/www.waterskis.lv\\\/en\\\/product\\\/spinera-sup-and-kayak-combination-paddle-classic\\\/#primaryimage\",\"url\":\"https:\\\/\\\/www.waterskis.lv\\\/wp-content\\\/uploads\\\/2025\\\/02\\\/sup_and_kayak_paddle_classic_21130_1.webp\",\"contentUrl\":\"https:\\\/\\\/www.waterskis.lv\\\/wp-content\\\/uploads\\\/2025\\\/02\\\/sup_and_kayak_paddle_classic_21130_1.webp\",\"width\":1200,\"height\":1200,\"caption\":\"Spinera SUP d\u0113\u013ca un Kajaka Airis Classic\"},{\"@type\":\"BreadcrumbList\",\"@id\":\"https:\\\/\\\/www.waterskis.lv\\\/en\\\/product\\\/spinera-sup-and-kayak-combination-paddle-classic\\\/#breadcrumb\",\"itemListElement\":[{\"@type\":\"ListItem\",\"position\":1,\"name\":\"Home\",\"item\":\"https:\\\/\\\/www.waterskis.lv\\\/en\\\/\"},{\"@type\":\"ListItem\",\"position\":2,\"name\":\"Shop\",\"item\":\"https:\\\/\\\/waterskis.lv\\\/en\\\/shop\\\/\"},{\"@type\":\"ListItem\",\"position\":3,\"name\":\"Spinera Sup and Kayak Combination Paddle Classic\"}]},{\"@type\":\"WebSite\",\"@id\":\"https:\\\/\\\/www.waterskis.lv\\\/en\\\/#website\",\"url\":\"https:\\\/\\\/www.waterskis.lv\\\/en\\\/\",\"name\":\"WATERSKIS.LV\",\"description\":\"SUP d\u0113\u013ci, kajaki, kanoe, airu laivas, \u016bdenssl\u0113po\u0161ana, veikbords, SUP d\u0113\u013cu noma, kajaku nomaakt\u012bv\u0101s atp\u016btas centrs, laivu noma, sup noma, kajaku noma\",\"publisher\":{\"@id\":\"https:\\\/\\\/www.waterskis.lv\\\/en\\\/#organization\"},\"potentialAction\":[{\"@type\":\"SearchAction\",\"target\":{\"@type\":\"EntryPoint\",\"urlTemplate\":\"https:\\\/\\\/www.waterskis.lv\\\/en\\\/?s={search_term_string}\"},\"query-input\":{\"@type\":\"PropertyValueSpecification\",\"valueRequired\":true,\"valueName\":\"search_term_string\"}}],\"inLanguage\":\"en-US\"},{\"@type\":\"Organization\",\"@id\":\"https:\\\/\\\/www.waterskis.lv\\\/en\\\/#organization\",\"name\":\"WATERSKIS.LV\",\"url\":\"https:\\\/\\\/www.waterskis.lv\\\/en\\\/\",\"logo\":{\"@type\":\"ImageObject\",\"inLanguage\":\"en-US\",\"@id\":\"https:\\\/\\\/www.waterskis.lv\\\/en\\\/#\\\/schema\\\/logo\\\/image\\\/\",\"url\":\"https:\\\/\\\/www.waterskis.lv\\\/wp-content\\\/uploads\\\/2025\\\/01\\\/JUVP-logo.png\",\"contentUrl\":\"https:\\\/\\\/www.waterskis.lv\\\/wp-content\\\/uploads\\\/2025\\\/01\\\/JUVP-logo.png\",\"width\":421,\"height\":202,\"caption\":\"WATERSKIS.LV\"},\"image\":{\"@id\":\"https:\\\/\\\/www.waterskis.lv\\\/en\\\/#\\\/schema\\\/logo\\\/image\\\/\"},\"sameAs\":[\"https:\\\/\\\/www.facebook.com\\\/jurmalawaterskiwakeboardpark\\\/\"]}]}<\/script>\n<!-- \/ Yoast SEO plugin. -->","yoast_head_json":{"title":"Spinera Sup and Kayak Combination Paddle Classic - WATERSKIS.LV","description":"Spinera Sup and Kayak Combination Paddle Classic. Shaft: Extra Strong Shaft with 1,2mm Aluminium. Diameter Shaft: 29mm. Length: 165-210cm.","robots":{"index":"index","follow":"follow","max-snippet":"max-snippet:-1","max-image-preview":"max-image-preview:large","max-video-preview":"max-video-preview:-1"},"canonical":"https:\/\/www.waterskis.lv\/en\/product\/spinera-sup-and-kayak-combination-paddle-classic\/","og_locale":"en_US","og_type":"article","og_title":"Spinera Sup and Kayak Combination Paddle Classic - WATERSKIS.LV","og_description":"Spinera Sup and Kayak Combination Paddle Classic. Shaft: Extra Strong Shaft with 1,2mm Aluminium. Diameter Shaft: 29mm. Length: 165-210cm.","og_url":"https:\/\/www.waterskis.lv\/en\/product\/spinera-sup-and-kayak-combination-paddle-classic\/","og_site_name":"WATERSKIS.LV","article_publisher":"https:\/\/www.facebook.com\/jurmalawaterskiwakeboardpark\/","article_modified_time":"2026-02-07T04:56:27+00:00","og_image":[{"width":1200,"height":1200,"url":"https:\/\/www.waterskis.lv\/wp-content\/uploads\/2025\/02\/sup_and_kayak_paddle_classic_21130_1.webp","type":"image\/webp"}],"twitter_card":"summary_large_image","twitter_misc":{"Est. reading time":"1 minute"},"schema":{"@context":"https:\/\/schema.org","@graph":[{"@type":"WebPage","@id":"https:\/\/www.waterskis.lv\/en\/product\/spinera-sup-and-kayak-combination-paddle-classic\/","url":"https:\/\/www.waterskis.lv\/en\/product\/spinera-sup-and-kayak-combination-paddle-classic\/","name":"Spinera Sup and Kayak Combination Paddle Classic - WATERSKIS.LV","isPartOf":{"@id":"https:\/\/www.waterskis.lv\/en\/#website"},"primaryImageOfPage":{"@id":"https:\/\/www.waterskis.lv\/en\/product\/spinera-sup-and-kayak-combination-paddle-classic\/#primaryimage"},"image":{"@id":"https:\/\/www.waterskis.lv\/en\/product\/spinera-sup-and-kayak-combination-paddle-classic\/#primaryimage"},"thumbnailUrl":"https:\/\/www.waterskis.lv\/wp-content\/uploads\/2025\/02\/sup_and_kayak_paddle_classic_21130_1.webp","datePublished":"2025-02-14T18:06:40+00:00","dateModified":"2026-02-07T04:56:27+00:00","description":"Spinera Sup and Kayak Combination Paddle Classic. Shaft: Extra Strong Shaft with 1,2mm Aluminium. Diameter Shaft: 29mm. Length: 165-210cm.","breadcrumb":{"@id":"https:\/\/www.waterskis.lv\/en\/product\/spinera-sup-and-kayak-combination-paddle-classic\/#breadcrumb"},"inLanguage":"en-US","potentialAction":[{"@type":"ReadAction","target":["https:\/\/www.waterskis.lv\/en\/product\/spinera-sup-and-kayak-combination-paddle-classic\/"]}]},{"@type":"ImageObject","inLanguage":"en-US","@id":"https:\/\/www.waterskis.lv\/en\/product\/spinera-sup-and-kayak-combination-paddle-classic\/#primaryimage","url":"https:\/\/www.waterskis.lv\/wp-content\/uploads\/2025\/02\/sup_and_kayak_paddle_classic_21130_1.webp","contentUrl":"https:\/\/www.waterskis.lv\/wp-content\/uploads\/2025\/02\/sup_and_kayak_paddle_classic_21130_1.webp","width":1200,"height":1200,"caption":"Spinera SUP d\u0113\u013ca un Kajaka Airis Classic"},{"@type":"BreadcrumbList","@id":"https:\/\/www.waterskis.lv\/en\/product\/spinera-sup-and-kayak-combination-paddle-classic\/#breadcrumb","itemListElement":[{"@type":"ListItem","position":1,"name":"Home","item":"https:\/\/www.waterskis.lv\/en\/"},{"@type":"ListItem","position":2,"name":"Shop","item":"https:\/\/waterskis.lv\/en\/shop\/"},{"@type":"ListItem","position":3,"name":"Spinera Sup and Kayak Combination Paddle Classic"}]},{"@type":"WebSite","@id":"https:\/\/www.waterskis.lv\/en\/#website","url":"https:\/\/www.waterskis.lv\/en\/","name":"WATERSKIS.LV","description":"SUP d\u0113\u013ci, kajaki, kanoe, airu laivas, \u016bdenssl\u0113po\u0161ana, veikbords, SUP d\u0113\u013cu noma, kajaku nomaakt\u012bv\u0101s atp\u016btas centrs, laivu noma, sup noma, kajaku noma","publisher":{"@id":"https:\/\/www.waterskis.lv\/en\/#organization"},"potentialAction":[{"@type":"SearchAction","target":{"@type":"EntryPoint","urlTemplate":"https:\/\/www.waterskis.lv\/en\/?s={search_term_string}"},"query-input":{"@type":"PropertyValueSpecification","valueRequired":true,"valueName":"search_term_string"}}],"inLanguage":"en-US"},{"@type":"Organization","@id":"https:\/\/www.waterskis.lv\/en\/#organization","name":"WATERSKIS.LV","url":"https:\/\/www.waterskis.lv\/en\/","logo":{"@type":"ImageObject","inLanguage":"en-US","@id":"https:\/\/www.waterskis.lv\/en\/#\/schema\/logo\/image\/","url":"https:\/\/www.waterskis.lv\/wp-content\/uploads\/2025\/01\/JUVP-logo.png","contentUrl":"https:\/\/www.waterskis.lv\/wp-content\/uploads\/2025\/01\/JUVP-logo.png","width":421,"height":202,"caption":"WATERSKIS.LV"},"image":{"@id":"https:\/\/www.waterskis.lv\/en\/#\/schema\/logo\/image\/"},"sameAs":["https:\/\/www.facebook.com\/jurmalawaterskiwakeboardpark\/"]}]}},"_links":{"self":[{"href":"https:\/\/www.waterskis.lv\/en\/wp-json\/wp\/v2\/product\/63033","targetHints":{"allow":["GET"]}}],"collection":[{"href":"https:\/\/www.waterskis.lv\/en\/wp-json\/wp\/v2\/product"}],"about":[{"href":"https:\/\/www.waterskis.lv\/en\/wp-json\/wp\/v2\/types\/product"}],"replies":[{"embeddable":true,"href":"https:\/\/www.waterskis.lv\/en\/wp-json\/wp\/v2\/comments?post=63033"}],"wp:featuredmedia":[{"embeddable":true,"href":"https:\/\/www.waterskis.lv\/en\/wp-json\/wp\/v2\/media\/63022"}],"wp:attachment":[{"href":"https:\/\/www.waterskis.lv\/en\/wp-json\/wp\/v2\/media?parent=63033"}],"wp:term":[{"taxonomy":"product_brand","embeddable":true,"href":"https:\/\/www.waterskis.lv\/en\/wp-json\/wp\/v2\/product_brand?post=63033"},{"taxonomy":"product_cat","embeddable":true,"href":"https:\/\/www.waterskis.lv\/en\/wp-json\/wp\/v2\/product_cat?post=63033"},{"taxonomy":"product_tag","embeddable":true,"href":"https:\/\/www.waterskis.lv\/en\/wp-json\/wp\/v2\/product_tag?post=63033"}],"curies":[{"name":"wp","href":"https:\/\/api.w.org\/{rel}","templated":true}]}}