{"id":63078,"date":"2025-02-14T20:49:12","date_gmt":"2025-02-14T18:49:12","guid":{"rendered":"https:\/\/www.waterskis.lv\/product\/spinera-performance-stikla-skiedras-sup-airis\/"},"modified":"2026-02-06T17:31:27","modified_gmt":"2026-02-06T15:31:27","slug":"spinera-performance-fiberglass-sup-paddle","status":"publish","type":"product","link":"https:\/\/www.waterskis.lv\/en\/product\/spinera-performance-fiberglass-sup-paddle\/","title":{"rendered":"Spinera Performance Fiberglass SUP Paddle"},"content":{"rendered":"<h1>Spinera Performance Fiberglass SUP Paddle<\/h1>\n<p>Spinera Performance Fiberglass SUP Paddle can be individually adjusted to any length thanks to its design. It is therefore the paddle that is best suited for all body sizes.<\/p>\n<p>Thanks to the highest quality manufacturing processes and the best processed materials, the Spinera Performance paddle is an indispensable companion on SUP paddle tours.<\/p>\n<p>&nbsp;<\/p>\n<p><b>Detailed information:<\/b><\/p>\n<ul>\n<li>Length adjustable &#8211; individually adjustable for each size<\/li>\n<li>Inexpensive SUP Fiberglass Paddle<\/li>\n<li>Color: Black<\/li>\n<li>Weight: ca. 850g \/ 30 oz<\/li>\n<\/ul>\n<p>&nbsp;<\/p>\n<p><b>Shaft:<\/b><\/p>\n<ul>\n<li>Fiberglass shaft with 1.4mm thickness<\/li>\n<li>Diameter of 1.13&#8243; (28.6 mm)<\/li>\n<li>Length: 70.9&#8243;-86.6&#8243; (180-220 cm)<\/li>\n<li>3-section<\/li>\n<\/ul>\n<p>&nbsp;<\/p>\n<p><b>Blade:<\/b><\/p>\n<ul>\n<li>70% nylon + 30% fiberglass<\/li>\n<\/ul>\n","protected":false},"excerpt":{"rendered":"<p>https:\/\/www.youtube.com\/watch?v=HUB2F7ZWGJE [&#8230;]<\/p>\n<p><a class=\"btn btn-secondary understrap-read-more-link\" href=\"https:\/\/www.waterskis.lv\/en\/product\/spinera-performance-fiberglass-sup-paddle\/\">Read More&#8230;<\/a><\/p>\n","protected":false},"featured_media":63067,"comment_status":"closed","ping_status":"closed","template":"","meta":{"_acf_changed":false,"inline_featured_image":false},"product_brand":[1279],"product_cat":[673,386],"product_tag":[3545,3553,3544,3542,3543],"class_list":{"0":"post-63078","1":"product","2":"type-product","3":"status-publish","4":"has-post-thumbnail","6":"product_brand-spinera-watersports","7":"product_cat-paddles-oars","8":"product_cat-sup-paddles","9":"product_tag-paddleboard-paddles","10":"product_tag-spinera-watersports","11":"product_tag-sup-board-paddles","12":"product_tag-sup-delu-airi","13":"product_tag---sup-","15":"first","16":"instock","17":"shipping-taxable","18":"purchasable","19":"product-type-simple"},"acf":[],"yoast_head":"<!-- This site is optimized with the Yoast SEO plugin v27.4 - https:\/\/yoast.com\/product\/yoast-seo-wordpress\/ -->\n<title>Spinera Performance Fiberglass SUP Paddle - WATERSKIS.LV<\/title>\n<meta name=\"description\" content=\"Spinera Performance Fiberglass SUP Paddle can be individually adjusted to any length thanks to its design. It is therefore the paddle that is best suited\" \/>\n<meta name=\"robots\" content=\"index, follow, max-snippet:-1, max-image-preview:large, max-video-preview:-1\" \/>\n<link rel=\"canonical\" href=\"https:\/\/www.waterskis.lv\/en\/product\/spinera-performance-fiberglass-sup-paddle\/\" \/>\n<meta property=\"og:locale\" content=\"en_US\" \/>\n<meta property=\"og:type\" content=\"article\" \/>\n<meta property=\"og:title\" content=\"Spinera Performance Fiberglass SUP Paddle - WATERSKIS.LV\" \/>\n<meta property=\"og:description\" content=\"Spinera Performance Fiberglass SUP Paddle can be individually adjusted to any length thanks to its design. It is therefore the paddle that is best suited\" \/>\n<meta property=\"og:url\" content=\"https:\/\/www.waterskis.lv\/en\/product\/spinera-performance-fiberglass-sup-paddle\/\" \/>\n<meta property=\"og:site_name\" content=\"WATERSKIS.LV\" \/>\n<meta property=\"article:publisher\" content=\"https:\/\/www.facebook.com\/jurmalawaterskiwakeboardpark\/\" \/>\n<meta property=\"article:modified_time\" content=\"2026-02-06T15:31:27+00:00\" \/>\n<meta property=\"og:image\" content=\"https:\/\/www.waterskis.lv\/wp-content\/uploads\/2025\/02\/performance_fiberglass_sup_paddle_20309_1.webp\" \/>\n\t<meta property=\"og:image:width\" content=\"2000\" \/>\n\t<meta property=\"og:image:height\" content=\"2000\" \/>\n\t<meta property=\"og:image:type\" content=\"image\/webp\" \/>\n<meta name=\"twitter:card\" content=\"summary_large_image\" \/>\n<meta name=\"twitter:label1\" content=\"Est. reading time\" \/>\n\t<meta name=\"twitter:data1\" content=\"1 minute\" \/>\n<script type=\"application\/ld+json\" class=\"yoast-schema-graph\">{\"@context\":\"https:\\\/\\\/schema.org\",\"@graph\":[{\"@type\":\"WebPage\",\"@id\":\"https:\\\/\\\/www.waterskis.lv\\\/en\\\/product\\\/spinera-performance-fiberglass-sup-paddle\\\/\",\"url\":\"https:\\\/\\\/www.waterskis.lv\\\/en\\\/product\\\/spinera-performance-fiberglass-sup-paddle\\\/\",\"name\":\"Spinera Performance Fiberglass SUP Paddle - WATERSKIS.LV\",\"isPartOf\":{\"@id\":\"https:\\\/\\\/www.waterskis.lv\\\/en\\\/#website\"},\"primaryImageOfPage\":{\"@id\":\"https:\\\/\\\/www.waterskis.lv\\\/en\\\/product\\\/spinera-performance-fiberglass-sup-paddle\\\/#primaryimage\"},\"image\":{\"@id\":\"https:\\\/\\\/www.waterskis.lv\\\/en\\\/product\\\/spinera-performance-fiberglass-sup-paddle\\\/#primaryimage\"},\"thumbnailUrl\":\"https:\\\/\\\/www.waterskis.lv\\\/wp-content\\\/uploads\\\/2025\\\/02\\\/performance_fiberglass_sup_paddle_20309_1.webp\",\"datePublished\":\"2025-02-14T18:49:12+00:00\",\"dateModified\":\"2026-02-06T15:31:27+00:00\",\"description\":\"Spinera Performance Fiberglass SUP Paddle can be individually adjusted to any length thanks to its design. It is therefore the paddle that is best suited\",\"breadcrumb\":{\"@id\":\"https:\\\/\\\/www.waterskis.lv\\\/en\\\/product\\\/spinera-performance-fiberglass-sup-paddle\\\/#breadcrumb\"},\"inLanguage\":\"en-US\",\"potentialAction\":[{\"@type\":\"ReadAction\",\"target\":[\"https:\\\/\\\/www.waterskis.lv\\\/en\\\/product\\\/spinera-performance-fiberglass-sup-paddle\\\/\"]}]},{\"@type\":\"ImageObject\",\"inLanguage\":\"en-US\",\"@id\":\"https:\\\/\\\/www.waterskis.lv\\\/en\\\/product\\\/spinera-performance-fiberglass-sup-paddle\\\/#primaryimage\",\"url\":\"https:\\\/\\\/www.waterskis.lv\\\/wp-content\\\/uploads\\\/2025\\\/02\\\/performance_fiberglass_sup_paddle_20309_1.webp\",\"contentUrl\":\"https:\\\/\\\/www.waterskis.lv\\\/wp-content\\\/uploads\\\/2025\\\/02\\\/performance_fiberglass_sup_paddle_20309_1.webp\",\"width\":2000,\"height\":2000,\"caption\":\"Spinera Performance stikla \u0161\u0137iedras SUP airis\"},{\"@type\":\"BreadcrumbList\",\"@id\":\"https:\\\/\\\/www.waterskis.lv\\\/en\\\/product\\\/spinera-performance-fiberglass-sup-paddle\\\/#breadcrumb\",\"itemListElement\":[{\"@type\":\"ListItem\",\"position\":1,\"name\":\"Home\",\"item\":\"https:\\\/\\\/www.waterskis.lv\\\/en\\\/\"},{\"@type\":\"ListItem\",\"position\":2,\"name\":\"Shop\",\"item\":\"https:\\\/\\\/waterskis.lv\\\/en\\\/shop\\\/\"},{\"@type\":\"ListItem\",\"position\":3,\"name\":\"Spinera Performance Fiberglass SUP Paddle\"}]},{\"@type\":\"WebSite\",\"@id\":\"https:\\\/\\\/www.waterskis.lv\\\/en\\\/#website\",\"url\":\"https:\\\/\\\/www.waterskis.lv\\\/en\\\/\",\"name\":\"WATERSKIS.LV\",\"description\":\"SUP d\u0113\u013ci, kajaki, kanoe, airu laivas, \u016bdenssl\u0113po\u0161ana, veikbords, SUP d\u0113\u013cu noma, kajaku nomaakt\u012bv\u0101s atp\u016btas centrs, laivu noma, sup noma, kajaku noma\",\"publisher\":{\"@id\":\"https:\\\/\\\/www.waterskis.lv\\\/en\\\/#organization\"},\"potentialAction\":[{\"@type\":\"SearchAction\",\"target\":{\"@type\":\"EntryPoint\",\"urlTemplate\":\"https:\\\/\\\/www.waterskis.lv\\\/en\\\/?s={search_term_string}\"},\"query-input\":{\"@type\":\"PropertyValueSpecification\",\"valueRequired\":true,\"valueName\":\"search_term_string\"}}],\"inLanguage\":\"en-US\"},{\"@type\":\"Organization\",\"@id\":\"https:\\\/\\\/www.waterskis.lv\\\/en\\\/#organization\",\"name\":\"WATERSKIS.LV\",\"url\":\"https:\\\/\\\/www.waterskis.lv\\\/en\\\/\",\"logo\":{\"@type\":\"ImageObject\",\"inLanguage\":\"en-US\",\"@id\":\"https:\\\/\\\/www.waterskis.lv\\\/en\\\/#\\\/schema\\\/logo\\\/image\\\/\",\"url\":\"https:\\\/\\\/www.waterskis.lv\\\/wp-content\\\/uploads\\\/2025\\\/01\\\/JUVP-logo.png\",\"contentUrl\":\"https:\\\/\\\/www.waterskis.lv\\\/wp-content\\\/uploads\\\/2025\\\/01\\\/JUVP-logo.png\",\"width\":421,\"height\":202,\"caption\":\"WATERSKIS.LV\"},\"image\":{\"@id\":\"https:\\\/\\\/www.waterskis.lv\\\/en\\\/#\\\/schema\\\/logo\\\/image\\\/\"},\"sameAs\":[\"https:\\\/\\\/www.facebook.com\\\/jurmalawaterskiwakeboardpark\\\/\"]}]}<\/script>\n<!-- \/ Yoast SEO plugin. -->","yoast_head_json":{"title":"Spinera Performance Fiberglass SUP Paddle - WATERSKIS.LV","description":"Spinera Performance Fiberglass SUP Paddle can be individually adjusted to any length thanks to its design. It is therefore the paddle that is best suited","robots":{"index":"index","follow":"follow","max-snippet":"max-snippet:-1","max-image-preview":"max-image-preview:large","max-video-preview":"max-video-preview:-1"},"canonical":"https:\/\/www.waterskis.lv\/en\/product\/spinera-performance-fiberglass-sup-paddle\/","og_locale":"en_US","og_type":"article","og_title":"Spinera Performance Fiberglass SUP Paddle - WATERSKIS.LV","og_description":"Spinera Performance Fiberglass SUP Paddle can be individually adjusted to any length thanks to its design. It is therefore the paddle that is best suited","og_url":"https:\/\/www.waterskis.lv\/en\/product\/spinera-performance-fiberglass-sup-paddle\/","og_site_name":"WATERSKIS.LV","article_publisher":"https:\/\/www.facebook.com\/jurmalawaterskiwakeboardpark\/","article_modified_time":"2026-02-06T15:31:27+00:00","og_image":[{"width":2000,"height":2000,"url":"https:\/\/www.waterskis.lv\/wp-content\/uploads\/2025\/02\/performance_fiberglass_sup_paddle_20309_1.webp","type":"image\/webp"}],"twitter_card":"summary_large_image","twitter_misc":{"Est. reading time":"1 minute"},"schema":{"@context":"https:\/\/schema.org","@graph":[{"@type":"WebPage","@id":"https:\/\/www.waterskis.lv\/en\/product\/spinera-performance-fiberglass-sup-paddle\/","url":"https:\/\/www.waterskis.lv\/en\/product\/spinera-performance-fiberglass-sup-paddle\/","name":"Spinera Performance Fiberglass SUP Paddle - WATERSKIS.LV","isPartOf":{"@id":"https:\/\/www.waterskis.lv\/en\/#website"},"primaryImageOfPage":{"@id":"https:\/\/www.waterskis.lv\/en\/product\/spinera-performance-fiberglass-sup-paddle\/#primaryimage"},"image":{"@id":"https:\/\/www.waterskis.lv\/en\/product\/spinera-performance-fiberglass-sup-paddle\/#primaryimage"},"thumbnailUrl":"https:\/\/www.waterskis.lv\/wp-content\/uploads\/2025\/02\/performance_fiberglass_sup_paddle_20309_1.webp","datePublished":"2025-02-14T18:49:12+00:00","dateModified":"2026-02-06T15:31:27+00:00","description":"Spinera Performance Fiberglass SUP Paddle can be individually adjusted to any length thanks to its design. It is therefore the paddle that is best suited","breadcrumb":{"@id":"https:\/\/www.waterskis.lv\/en\/product\/spinera-performance-fiberglass-sup-paddle\/#breadcrumb"},"inLanguage":"en-US","potentialAction":[{"@type":"ReadAction","target":["https:\/\/www.waterskis.lv\/en\/product\/spinera-performance-fiberglass-sup-paddle\/"]}]},{"@type":"ImageObject","inLanguage":"en-US","@id":"https:\/\/www.waterskis.lv\/en\/product\/spinera-performance-fiberglass-sup-paddle\/#primaryimage","url":"https:\/\/www.waterskis.lv\/wp-content\/uploads\/2025\/02\/performance_fiberglass_sup_paddle_20309_1.webp","contentUrl":"https:\/\/www.waterskis.lv\/wp-content\/uploads\/2025\/02\/performance_fiberglass_sup_paddle_20309_1.webp","width":2000,"height":2000,"caption":"Spinera Performance stikla \u0161\u0137iedras SUP airis"},{"@type":"BreadcrumbList","@id":"https:\/\/www.waterskis.lv\/en\/product\/spinera-performance-fiberglass-sup-paddle\/#breadcrumb","itemListElement":[{"@type":"ListItem","position":1,"name":"Home","item":"https:\/\/www.waterskis.lv\/en\/"},{"@type":"ListItem","position":2,"name":"Shop","item":"https:\/\/waterskis.lv\/en\/shop\/"},{"@type":"ListItem","position":3,"name":"Spinera Performance Fiberglass SUP Paddle"}]},{"@type":"WebSite","@id":"https:\/\/www.waterskis.lv\/en\/#website","url":"https:\/\/www.waterskis.lv\/en\/","name":"WATERSKIS.LV","description":"SUP d\u0113\u013ci, kajaki, kanoe, airu laivas, \u016bdenssl\u0113po\u0161ana, veikbords, SUP d\u0113\u013cu noma, kajaku nomaakt\u012bv\u0101s atp\u016btas centrs, laivu noma, sup noma, kajaku noma","publisher":{"@id":"https:\/\/www.waterskis.lv\/en\/#organization"},"potentialAction":[{"@type":"SearchAction","target":{"@type":"EntryPoint","urlTemplate":"https:\/\/www.waterskis.lv\/en\/?s={search_term_string}"},"query-input":{"@type":"PropertyValueSpecification","valueRequired":true,"valueName":"search_term_string"}}],"inLanguage":"en-US"},{"@type":"Organization","@id":"https:\/\/www.waterskis.lv\/en\/#organization","name":"WATERSKIS.LV","url":"https:\/\/www.waterskis.lv\/en\/","logo":{"@type":"ImageObject","inLanguage":"en-US","@id":"https:\/\/www.waterskis.lv\/en\/#\/schema\/logo\/image\/","url":"https:\/\/www.waterskis.lv\/wp-content\/uploads\/2025\/01\/JUVP-logo.png","contentUrl":"https:\/\/www.waterskis.lv\/wp-content\/uploads\/2025\/01\/JUVP-logo.png","width":421,"height":202,"caption":"WATERSKIS.LV"},"image":{"@id":"https:\/\/www.waterskis.lv\/en\/#\/schema\/logo\/image\/"},"sameAs":["https:\/\/www.facebook.com\/jurmalawaterskiwakeboardpark\/"]}]}},"_links":{"self":[{"href":"https:\/\/www.waterskis.lv\/en\/wp-json\/wp\/v2\/product\/63078","targetHints":{"allow":["GET"]}}],"collection":[{"href":"https:\/\/www.waterskis.lv\/en\/wp-json\/wp\/v2\/product"}],"about":[{"href":"https:\/\/www.waterskis.lv\/en\/wp-json\/wp\/v2\/types\/product"}],"replies":[{"embeddable":true,"href":"https:\/\/www.waterskis.lv\/en\/wp-json\/wp\/v2\/comments?post=63078"}],"wp:featuredmedia":[{"embeddable":true,"href":"https:\/\/www.waterskis.lv\/en\/wp-json\/wp\/v2\/media\/63067"}],"wp:attachment":[{"href":"https:\/\/www.waterskis.lv\/en\/wp-json\/wp\/v2\/media?parent=63078"}],"wp:term":[{"taxonomy":"product_brand","embeddable":true,"href":"https:\/\/www.waterskis.lv\/en\/wp-json\/wp\/v2\/product_brand?post=63078"},{"taxonomy":"product_cat","embeddable":true,"href":"https:\/\/www.waterskis.lv\/en\/wp-json\/wp\/v2\/product_cat?post=63078"},{"taxonomy":"product_tag","embeddable":true,"href":"https:\/\/www.waterskis.lv\/en\/wp-json\/wp\/v2\/product_tag?post=63078"}],"curies":[{"name":"wp","href":"https:\/\/api.w.org\/{rel}","templated":true}]}}