{"id":63247,"date":"2025-02-15T11:17:30","date_gmt":"2025-02-15T09:17:30","guid":{"rendered":"https:\/\/www.waterskis.lv\/product\/spinera-sup4-augstspiediena-12v-suknis-16-psi\/"},"modified":"2026-02-07T19:36:52","modified_gmt":"2026-02-07T17:36:52","slug":"spinera-sup4-high-pressure-12v-pump-16-psi","status":"publish","type":"product","link":"https:\/\/www.waterskis.lv\/en\/product\/spinera-sup4-high-pressure-12v-pump-16-psi\/","title":{"rendered":"Spinera SUP4 High Pressure 12V Pump 16 PSI"},"content":{"rendered":"<h1>Spinera SUP4 High Pressure 12V Pump 16 PSI<\/h1>\n<p>Spinera SUP4 High Pressure 12V Pump 16 PSI<\/p>\n<p>&nbsp;<\/p>\n<p>Introducing the Spinera SUP 4 High Pressure 12V Pump, delivering 16 PSI, specifically crafted for your inflatable boards.<\/p>\n<p>&nbsp;<\/p>\n<p>Crafted from robust ABS material, this pump ensures reliable performance for your SUP adventures.<\/p>\n<p>With a DC 12V voltage and a pressure range from 0-16 PSI, this pump is versatile and easy to operate.<\/p>\n<p>&nbsp;<\/p>\n<p>Included in the package are a 100cm long air hose, a 12V DC adapter, a USB battery charging cable, and 5 different valve adapters for maximum compatibility.<\/p>\n<p>The pump boasts a power output of 110W with the blower and 100W with the compressor, ensuring swift and efficient inflation.<\/p>\n<p>Analog setting of the desired air pressure allows for precise operation, and the automatic shutdown ensures the pump stops once the desired pressure is reached.<\/p>\n<p>&nbsp;<\/p>\n<p>Weighing at 2.6 kg, it is lightweight and easy to transport.<\/p>\n<p>The lithium battery with a capacity of 4000 mAh enables you to operate the pump wirelessly, or you can connect it via the 12-volt cigarette lighter socket.<\/p>\n<p>&nbsp;<\/p>\n<p>The battery is charged exclusively via the included USB charging cable.<\/p>\n<p>The inflation time for an 11 ft SUP board with a 15 cm drop stitch is approximately 10 minutes for 10 PSI and 15 minutes for 16 PSI.<\/p>\n<p>With a full battery, you can inflate approximately 2-3 SUP boards, offering you maximum flexibility for your water sports adventures.<\/p>\n<p>&nbsp;<\/p>\n<p><b>Details:<\/b><\/p>\n<ul>\n<li>Material: ABS<\/li>\n<li>Voltage: DC 12V<\/li>\n<li>Pressure: 0-16 PSI, analog pressure setting, autostop once pressure is achieved<\/li>\n<li>Accessories: Air-hose 100cm \/ 12 V DC Adapter \/ USB cable for battery charging \/ 5 different valve adapters included<\/li>\n<li>Power: 110W with blower use or 100W with compressor use<\/li>\n<li>Battery capacity: Lithium battery, 4000mAH<\/li>\n<li>airflow: 350 L\/min with blower (stage 1) or 70L\/min with compressor (stage 2)<\/li>\n<li>pump can be used for inflation or deflation<\/li>\n<li>Weight: 2,60KG<\/li>\n<\/ul>\n<p>&nbsp;<\/p>\n<p><b>Pump works:<\/b><\/p>\n<ul>\n<li>with integrated battery or<\/li>\n<li>with 12V DC cigarette adapter<\/li>\n<\/ul>\n<p>&nbsp;<\/p>\n<p><b>Battery charges:<\/b><\/p>\n<ul>\n<li>only with USB cable<\/li>\n<\/ul>\n<p>&nbsp;<\/p>\n<p><b>Inflation time 11 ft Sup Board with 15cm Dropstich:<\/b><\/p>\n<ul>\n<li>for 10 PSI &#8211; about 10 minutes<\/li>\n<li>for 15 PSI &#8211; about 15 minutes<\/li>\n<\/ul>\n","protected":false},"excerpt":{"rendered":"<p>https:\/\/www.youtube.com\/watch?v=HUB2F7ZWGJE [&#8230;]<\/p>\n<p><a class=\"btn btn-secondary understrap-read-more-link\" href=\"https:\/\/www.waterskis.lv\/en\/product\/spinera-sup4-high-pressure-12v-pump-16-psi\/\">Read More&#8230;<\/a><\/p>\n","protected":false},"featured_media":63230,"comment_status":"closed","ping_status":"closed","template":"","meta":{"_acf_changed":false,"inline_featured_image":false},"product_brand":[1279],"product_cat":[1214],"product_tag":[3819,3820,3821,3822,1577,3823,2934,3824,3825,3826,3827,3828,3829],"class_list":{"0":"post-63247","1":"product","2":"type-product","3":"status-publish","4":"has-post-thumbnail","6":"product_brand-spinera-watersports","7":"product_cat-pumps","8":"product_tag-inflatable-boat-pump","9":"product_tag-inflatable-towable-tube-pump","10":"product_tag-piepusamas-laivas-pumpis","11":"product_tag-piepusamo-puslu-pumpis","12":"product_tag-pumpji","13":"product_tag-pumps","14":"product_tag-spinera-augstspiediena-pumpis","15":"product_tag-sup-board-pump","16":"product_tag-sup-dela-pumpis","17":"product_tag---sup-","18":"product_tag-3827","19":"product_tag-3828","20":"product_tag-3829","22":"first","23":"instock","24":"shipping-taxable","25":"purchasable","26":"product-type-simple"},"acf":[],"yoast_head":"<!-- This site is optimized with the Yoast SEO plugin v27.5 - https:\/\/yoast.com\/product\/yoast-seo-wordpress\/ -->\n<title>Spinera SUP4 High Pressure 12V Pump 16 PSI - WATERSKIS.LV<\/title>\n<meta name=\"description\" content=\"Spinera SUP4 High Pressure 12V Pump 16 PSI. With a full battery, you can inflate approximately 2-3 SUP boards, offering you maximum flexibility for your\" \/>\n<meta name=\"robots\" content=\"index, follow, max-snippet:-1, max-image-preview:large, max-video-preview:-1\" \/>\n<link rel=\"canonical\" href=\"https:\/\/www.waterskis.lv\/en\/product\/spinera-sup4-high-pressure-12v-pump-16-psi\/\" \/>\n<meta property=\"og:locale\" content=\"en_US\" \/>\n<meta property=\"og:type\" content=\"article\" \/>\n<meta property=\"og:title\" content=\"Spinera SUP4 High Pressure 12V Pump 16 PSI - WATERSKIS.LV\" \/>\n<meta property=\"og:description\" content=\"Spinera SUP4 High Pressure 12V Pump 16 PSI. With a full battery, you can inflate approximately 2-3 SUP boards, offering you maximum flexibility for your\" \/>\n<meta property=\"og:url\" content=\"https:\/\/www.waterskis.lv\/en\/product\/spinera-sup4-high-pressure-12v-pump-16-psi\/\" \/>\n<meta property=\"og:site_name\" content=\"WATERSKIS.LV\" \/>\n<meta property=\"article:publisher\" content=\"https:\/\/www.facebook.com\/jurmalawaterskiwakeboardpark\/\" \/>\n<meta property=\"article:modified_time\" content=\"2026-02-07T17:36:52+00:00\" \/>\n<meta property=\"og:image\" content=\"https:\/\/www.waterskis.lv\/wp-content\/uploads\/2025\/02\/sup4_16_psi_v2_20275_1.webp\" \/>\n\t<meta property=\"og:image:width\" content=\"1200\" \/>\n\t<meta property=\"og:image:height\" content=\"1200\" \/>\n\t<meta property=\"og:image:type\" content=\"image\/webp\" \/>\n<meta name=\"twitter:card\" content=\"summary_large_image\" \/>\n<meta name=\"twitter:label1\" content=\"Est. reading time\" \/>\n\t<meta name=\"twitter:data1\" content=\"3 minutes\" \/>\n<script type=\"application\/ld+json\" class=\"yoast-schema-graph\">{\"@context\":\"https:\\\/\\\/schema.org\",\"@graph\":[{\"@type\":\"WebPage\",\"@id\":\"https:\\\/\\\/www.waterskis.lv\\\/en\\\/product\\\/spinera-sup4-high-pressure-12v-pump-16-psi\\\/\",\"url\":\"https:\\\/\\\/www.waterskis.lv\\\/en\\\/product\\\/spinera-sup4-high-pressure-12v-pump-16-psi\\\/\",\"name\":\"Spinera SUP4 High Pressure 12V Pump 16 PSI - WATERSKIS.LV\",\"isPartOf\":{\"@id\":\"https:\\\/\\\/www.waterskis.lv\\\/en\\\/#website\"},\"primaryImageOfPage\":{\"@id\":\"https:\\\/\\\/www.waterskis.lv\\\/en\\\/product\\\/spinera-sup4-high-pressure-12v-pump-16-psi\\\/#primaryimage\"},\"image\":{\"@id\":\"https:\\\/\\\/www.waterskis.lv\\\/en\\\/product\\\/spinera-sup4-high-pressure-12v-pump-16-psi\\\/#primaryimage\"},\"thumbnailUrl\":\"https:\\\/\\\/www.waterskis.lv\\\/wp-content\\\/uploads\\\/2025\\\/02\\\/sup4_16_psi_v2_20275_1.webp\",\"datePublished\":\"2025-02-15T09:17:30+00:00\",\"dateModified\":\"2026-02-07T17:36:52+00:00\",\"description\":\"Spinera SUP4 High Pressure 12V Pump 16 PSI. With a full battery, you can inflate approximately 2-3 SUP boards, offering you maximum flexibility for your\",\"breadcrumb\":{\"@id\":\"https:\\\/\\\/www.waterskis.lv\\\/en\\\/product\\\/spinera-sup4-high-pressure-12v-pump-16-psi\\\/#breadcrumb\"},\"inLanguage\":\"en-US\",\"potentialAction\":[{\"@type\":\"ReadAction\",\"target\":[\"https:\\\/\\\/www.waterskis.lv\\\/en\\\/product\\\/spinera-sup4-high-pressure-12v-pump-16-psi\\\/\"]}]},{\"@type\":\"ImageObject\",\"inLanguage\":\"en-US\",\"@id\":\"https:\\\/\\\/www.waterskis.lv\\\/en\\\/product\\\/spinera-sup4-high-pressure-12v-pump-16-psi\\\/#primaryimage\",\"url\":\"https:\\\/\\\/www.waterskis.lv\\\/wp-content\\\/uploads\\\/2025\\\/02\\\/sup4_16_psi_v2_20275_1.webp\",\"contentUrl\":\"https:\\\/\\\/www.waterskis.lv\\\/wp-content\\\/uploads\\\/2025\\\/02\\\/sup4_16_psi_v2_20275_1.webp\",\"width\":1200,\"height\":1200,\"caption\":\"Spinera SUP4 augstspiediena 12V s\u016bknis 16 PSI\"},{\"@type\":\"BreadcrumbList\",\"@id\":\"https:\\\/\\\/www.waterskis.lv\\\/en\\\/product\\\/spinera-sup4-high-pressure-12v-pump-16-psi\\\/#breadcrumb\",\"itemListElement\":[{\"@type\":\"ListItem\",\"position\":1,\"name\":\"Home\",\"item\":\"https:\\\/\\\/www.waterskis.lv\\\/en\\\/\"},{\"@type\":\"ListItem\",\"position\":2,\"name\":\"Shop\",\"item\":\"https:\\\/\\\/waterskis.lv\\\/en\\\/shop\\\/\"},{\"@type\":\"ListItem\",\"position\":3,\"name\":\"Spinera SUP4 High Pressure 12V Pump 16 PSI\"}]},{\"@type\":\"WebSite\",\"@id\":\"https:\\\/\\\/www.waterskis.lv\\\/en\\\/#website\",\"url\":\"https:\\\/\\\/www.waterskis.lv\\\/en\\\/\",\"name\":\"WATERSKIS.LV\",\"description\":\"SUP d\u0113\u013ci, kajaki, kanoe, airu laivas, \u016bdenssl\u0113po\u0161ana, veikbords, SUP d\u0113\u013cu noma, kajaku nomaakt\u012bv\u0101s atp\u016btas centrs, laivu noma, sup noma, kajaku noma\",\"publisher\":{\"@id\":\"https:\\\/\\\/www.waterskis.lv\\\/en\\\/#organization\"},\"potentialAction\":[{\"@type\":\"SearchAction\",\"target\":{\"@type\":\"EntryPoint\",\"urlTemplate\":\"https:\\\/\\\/www.waterskis.lv\\\/en\\\/?s={search_term_string}\"},\"query-input\":{\"@type\":\"PropertyValueSpecification\",\"valueRequired\":true,\"valueName\":\"search_term_string\"}}],\"inLanguage\":\"en-US\"},{\"@type\":\"Organization\",\"@id\":\"https:\\\/\\\/www.waterskis.lv\\\/en\\\/#organization\",\"name\":\"WATERSKIS.LV\",\"url\":\"https:\\\/\\\/www.waterskis.lv\\\/en\\\/\",\"logo\":{\"@type\":\"ImageObject\",\"inLanguage\":\"en-US\",\"@id\":\"https:\\\/\\\/www.waterskis.lv\\\/en\\\/#\\\/schema\\\/logo\\\/image\\\/\",\"url\":\"https:\\\/\\\/www.waterskis.lv\\\/wp-content\\\/uploads\\\/2025\\\/01\\\/JUVP-logo.png\",\"contentUrl\":\"https:\\\/\\\/www.waterskis.lv\\\/wp-content\\\/uploads\\\/2025\\\/01\\\/JUVP-logo.png\",\"width\":421,\"height\":202,\"caption\":\"WATERSKIS.LV\"},\"image\":{\"@id\":\"https:\\\/\\\/www.waterskis.lv\\\/en\\\/#\\\/schema\\\/logo\\\/image\\\/\"},\"sameAs\":[\"https:\\\/\\\/www.facebook.com\\\/jurmalawaterskiwakeboardpark\\\/\"]}]}<\/script>\n<!-- \/ Yoast SEO plugin. -->","yoast_head_json":{"title":"Spinera SUP4 High Pressure 12V Pump 16 PSI - WATERSKIS.LV","description":"Spinera SUP4 High Pressure 12V Pump 16 PSI. With a full battery, you can inflate approximately 2-3 SUP boards, offering you maximum flexibility for your","robots":{"index":"index","follow":"follow","max-snippet":"max-snippet:-1","max-image-preview":"max-image-preview:large","max-video-preview":"max-video-preview:-1"},"canonical":"https:\/\/www.waterskis.lv\/en\/product\/spinera-sup4-high-pressure-12v-pump-16-psi\/","og_locale":"en_US","og_type":"article","og_title":"Spinera SUP4 High Pressure 12V Pump 16 PSI - WATERSKIS.LV","og_description":"Spinera SUP4 High Pressure 12V Pump 16 PSI. With a full battery, you can inflate approximately 2-3 SUP boards, offering you maximum flexibility for your","og_url":"https:\/\/www.waterskis.lv\/en\/product\/spinera-sup4-high-pressure-12v-pump-16-psi\/","og_site_name":"WATERSKIS.LV","article_publisher":"https:\/\/www.facebook.com\/jurmalawaterskiwakeboardpark\/","article_modified_time":"2026-02-07T17:36:52+00:00","og_image":[{"width":1200,"height":1200,"url":"https:\/\/www.waterskis.lv\/wp-content\/uploads\/2025\/02\/sup4_16_psi_v2_20275_1.webp","type":"image\/webp"}],"twitter_card":"summary_large_image","twitter_misc":{"Est. reading time":"3 minutes"},"schema":{"@context":"https:\/\/schema.org","@graph":[{"@type":"WebPage","@id":"https:\/\/www.waterskis.lv\/en\/product\/spinera-sup4-high-pressure-12v-pump-16-psi\/","url":"https:\/\/www.waterskis.lv\/en\/product\/spinera-sup4-high-pressure-12v-pump-16-psi\/","name":"Spinera SUP4 High Pressure 12V Pump 16 PSI - WATERSKIS.LV","isPartOf":{"@id":"https:\/\/www.waterskis.lv\/en\/#website"},"primaryImageOfPage":{"@id":"https:\/\/www.waterskis.lv\/en\/product\/spinera-sup4-high-pressure-12v-pump-16-psi\/#primaryimage"},"image":{"@id":"https:\/\/www.waterskis.lv\/en\/product\/spinera-sup4-high-pressure-12v-pump-16-psi\/#primaryimage"},"thumbnailUrl":"https:\/\/www.waterskis.lv\/wp-content\/uploads\/2025\/02\/sup4_16_psi_v2_20275_1.webp","datePublished":"2025-02-15T09:17:30+00:00","dateModified":"2026-02-07T17:36:52+00:00","description":"Spinera SUP4 High Pressure 12V Pump 16 PSI. With a full battery, you can inflate approximately 2-3 SUP boards, offering you maximum flexibility for your","breadcrumb":{"@id":"https:\/\/www.waterskis.lv\/en\/product\/spinera-sup4-high-pressure-12v-pump-16-psi\/#breadcrumb"},"inLanguage":"en-US","potentialAction":[{"@type":"ReadAction","target":["https:\/\/www.waterskis.lv\/en\/product\/spinera-sup4-high-pressure-12v-pump-16-psi\/"]}]},{"@type":"ImageObject","inLanguage":"en-US","@id":"https:\/\/www.waterskis.lv\/en\/product\/spinera-sup4-high-pressure-12v-pump-16-psi\/#primaryimage","url":"https:\/\/www.waterskis.lv\/wp-content\/uploads\/2025\/02\/sup4_16_psi_v2_20275_1.webp","contentUrl":"https:\/\/www.waterskis.lv\/wp-content\/uploads\/2025\/02\/sup4_16_psi_v2_20275_1.webp","width":1200,"height":1200,"caption":"Spinera SUP4 augstspiediena 12V s\u016bknis 16 PSI"},{"@type":"BreadcrumbList","@id":"https:\/\/www.waterskis.lv\/en\/product\/spinera-sup4-high-pressure-12v-pump-16-psi\/#breadcrumb","itemListElement":[{"@type":"ListItem","position":1,"name":"Home","item":"https:\/\/www.waterskis.lv\/en\/"},{"@type":"ListItem","position":2,"name":"Shop","item":"https:\/\/waterskis.lv\/en\/shop\/"},{"@type":"ListItem","position":3,"name":"Spinera SUP4 High Pressure 12V Pump 16 PSI"}]},{"@type":"WebSite","@id":"https:\/\/www.waterskis.lv\/en\/#website","url":"https:\/\/www.waterskis.lv\/en\/","name":"WATERSKIS.LV","description":"SUP d\u0113\u013ci, kajaki, kanoe, airu laivas, \u016bdenssl\u0113po\u0161ana, veikbords, SUP d\u0113\u013cu noma, kajaku nomaakt\u012bv\u0101s atp\u016btas centrs, laivu noma, sup noma, kajaku noma","publisher":{"@id":"https:\/\/www.waterskis.lv\/en\/#organization"},"potentialAction":[{"@type":"SearchAction","target":{"@type":"EntryPoint","urlTemplate":"https:\/\/www.waterskis.lv\/en\/?s={search_term_string}"},"query-input":{"@type":"PropertyValueSpecification","valueRequired":true,"valueName":"search_term_string"}}],"inLanguage":"en-US"},{"@type":"Organization","@id":"https:\/\/www.waterskis.lv\/en\/#organization","name":"WATERSKIS.LV","url":"https:\/\/www.waterskis.lv\/en\/","logo":{"@type":"ImageObject","inLanguage":"en-US","@id":"https:\/\/www.waterskis.lv\/en\/#\/schema\/logo\/image\/","url":"https:\/\/www.waterskis.lv\/wp-content\/uploads\/2025\/01\/JUVP-logo.png","contentUrl":"https:\/\/www.waterskis.lv\/wp-content\/uploads\/2025\/01\/JUVP-logo.png","width":421,"height":202,"caption":"WATERSKIS.LV"},"image":{"@id":"https:\/\/www.waterskis.lv\/en\/#\/schema\/logo\/image\/"},"sameAs":["https:\/\/www.facebook.com\/jurmalawaterskiwakeboardpark\/"]}]}},"_links":{"self":[{"href":"https:\/\/www.waterskis.lv\/en\/wp-json\/wp\/v2\/product\/63247","targetHints":{"allow":["GET"]}}],"collection":[{"href":"https:\/\/www.waterskis.lv\/en\/wp-json\/wp\/v2\/product"}],"about":[{"href":"https:\/\/www.waterskis.lv\/en\/wp-json\/wp\/v2\/types\/product"}],"replies":[{"embeddable":true,"href":"https:\/\/www.waterskis.lv\/en\/wp-json\/wp\/v2\/comments?post=63247"}],"wp:featuredmedia":[{"embeddable":true,"href":"https:\/\/www.waterskis.lv\/en\/wp-json\/wp\/v2\/media\/63230"}],"wp:attachment":[{"href":"https:\/\/www.waterskis.lv\/en\/wp-json\/wp\/v2\/media?parent=63247"}],"wp:term":[{"taxonomy":"product_brand","embeddable":true,"href":"https:\/\/www.waterskis.lv\/en\/wp-json\/wp\/v2\/product_brand?post=63247"},{"taxonomy":"product_cat","embeddable":true,"href":"https:\/\/www.waterskis.lv\/en\/wp-json\/wp\/v2\/product_cat?post=63247"},{"taxonomy":"product_tag","embeddable":true,"href":"https:\/\/www.waterskis.lv\/en\/wp-json\/wp\/v2\/product_tag?post=63247"}],"curies":[{"name":"wp","href":"https:\/\/api.w.org\/{rel}","templated":true}]}}